{"id":1019,"date":"2021-04-26T16:30:13","date_gmt":"2021-04-26T16:30:13","guid":{"rendered":"http:\/\/cameraquaytrom.net\/?post_type=product&#038;p=1019"},"modified":"2021-11-10T03:35:19","modified_gmt":"2021-11-10T03:35:19","slug":"camera-sac-du-phong-s8-wifi-3g-4g-xem-tu-xa-sac-tu-khong-day-moi-nhat","status":"publish","type":"product","link":"https:\/\/cameraquaytrom.net\/?product=camera-sac-du-phong-s8-wifi-3g-4g-xem-tu-xa-sac-tu-khong-day-moi-nhat","title":{"rendered":"Camera S\u1ea1c D\u1ef1 Ph\u00f2ng S8 WiFi 3G 4G xem t\u1eeb xa S\u1ea1c T\u1eeb Kh\u00f4ng D\u00e2y m\u1edbi nh\u1ea5t"},"content":{"rendered":"<h1 class=\"title style-scope ytd-video-primary-info-renderer\" style=\"text-align: center;\">Camera S\u1ea1c D\u1ef1 Ph\u00f2ng S8 WiFi 3G 4G xem t\u1eeb xa S\u1ea1c T\u1eeb Kh\u00f4ng D\u00e2y m\u1edbi nh\u1ea5t<\/h1>\n<p><img loading=\"lazy\" decoding=\"async\" class=\"size-medium wp-image-1601 aligncenter\" src=\"https:\/\/cameraquaytrom.net\/wp-content\/uploads\/2021\/07\/z2456493919598_35186a03f3f11e1cafecf93d4e739f37-compressed-2048x2048-1619454381170-300x300.jpg\" alt=\"\" width=\"300\" height=\"300\" srcset=\"https:\/\/cameraquaytrom.net\/wp-content\/uploads\/2021\/07\/z2456493919598_35186a03f3f11e1cafecf93d4e739f37-compressed-2048x2048-1619454381170-300x300.jpg 300w, https:\/\/cameraquaytrom.net\/wp-content\/uploads\/2021\/07\/z2456493919598_35186a03f3f11e1cafecf93d4e739f37-compressed-2048x2048-1619454381170-1024x1024.jpg 1024w, https:\/\/cameraquaytrom.net\/wp-content\/uploads\/2021\/07\/z2456493919598_35186a03f3f11e1cafecf93d4e739f37-compressed-2048x2048-1619454381170-150x150.jpg 150w, https:\/\/cameraquaytrom.net\/wp-content\/uploads\/2021\/07\/z2456493919598_35186a03f3f11e1cafecf93d4e739f37-compressed-2048x2048-1619454381170-768x768.jpg 768w, https:\/\/cameraquaytrom.net\/wp-content\/uploads\/2021\/07\/z2456493919598_35186a03f3f11e1cafecf93d4e739f37-compressed-2048x2048-1619454381170-1536x1536.jpg 1536w, https:\/\/cameraquaytrom.net\/wp-content\/uploads\/2021\/07\/z2456493919598_35186a03f3f11e1cafecf93d4e739f37-compressed-2048x2048-1619454381170-600x600.jpg 600w, https:\/\/cameraquaytrom.net\/wp-content\/uploads\/2021\/07\/z2456493919598_35186a03f3f11e1cafecf93d4e739f37-compressed-2048x2048-1619454381170-100x100.jpg 100w, https:\/\/cameraquaytrom.net\/wp-content\/uploads\/2021\/07\/z2456493919598_35186a03f3f11e1cafecf93d4e739f37-compressed-2048x2048-1619454381170.jpg 2048w\" sizes=\"(max-width: 300px) 100vw, 300px\" \/><\/p>\n<p><img loading=\"lazy\" decoding=\"async\" class=\"size-medium wp-image-1600 aligncenter\" src=\"https:\/\/cameraquaytrom.net\/wp-content\/uploads\/2021\/07\/z2456493734933_d1e6ad7887232973aafd728bef63c34c-compressed-scaled-1619454397459-300x300.jpg\" alt=\"\" width=\"300\" height=\"300\" srcset=\"https:\/\/cameraquaytrom.net\/wp-content\/uploads\/2021\/07\/z2456493734933_d1e6ad7887232973aafd728bef63c34c-compressed-scaled-1619454397459-300x300.jpg 300w, https:\/\/cameraquaytrom.net\/wp-content\/uploads\/2021\/07\/z2456493734933_d1e6ad7887232973aafd728bef63c34c-compressed-scaled-1619454397459-1024x1024.jpg 1024w, https:\/\/cameraquaytrom.net\/wp-content\/uploads\/2021\/07\/z2456493734933_d1e6ad7887232973aafd728bef63c34c-compressed-scaled-1619454397459-150x150.jpg 150w, https:\/\/cameraquaytrom.net\/wp-content\/uploads\/2021\/07\/z2456493734933_d1e6ad7887232973aafd728bef63c34c-compressed-scaled-1619454397459-768x768.jpg 768w, https:\/\/cameraquaytrom.net\/wp-content\/uploads\/2021\/07\/z2456493734933_d1e6ad7887232973aafd728bef63c34c-compressed-scaled-1619454397459-1536x1536.jpg 1536w, https:\/\/cameraquaytrom.net\/wp-content\/uploads\/2021\/07\/z2456493734933_d1e6ad7887232973aafd728bef63c34c-compressed-scaled-1619454397459-2048x2048.jpg 2048w, https:\/\/cameraquaytrom.net\/wp-content\/uploads\/2021\/07\/z2456493734933_d1e6ad7887232973aafd728bef63c34c-compressed-scaled-1619454397459-600x600.jpg 600w, https:\/\/cameraquaytrom.net\/wp-content\/uploads\/2021\/07\/z2456493734933_d1e6ad7887232973aafd728bef63c34c-compressed-scaled-1619454397459-100x100.jpg 100w\" sizes=\"(max-width: 300px) 100vw, 300px\" \/><\/p>\n<p><img loading=\"lazy\" decoding=\"async\" class=\"size-medium wp-image-1599 aligncenter\" src=\"https:\/\/cameraquaytrom.net\/wp-content\/uploads\/2021\/07\/z2456493734933_d1e6ad7887232973aafd728bef63c34c-compressed-300x300.jpg\" alt=\"\" width=\"300\" height=\"300\" srcset=\"https:\/\/cameraquaytrom.net\/wp-content\/uploads\/2021\/07\/z2456493734933_d1e6ad7887232973aafd728bef63c34c-compressed-300x300.jpg 300w, https:\/\/cameraquaytrom.net\/wp-content\/uploads\/2021\/07\/z2456493734933_d1e6ad7887232973aafd728bef63c34c-compressed-1024x1024.jpg 1024w, https:\/\/cameraquaytrom.net\/wp-content\/uploads\/2021\/07\/z2456493734933_d1e6ad7887232973aafd728bef63c34c-compressed-150x150.jpg 150w, https:\/\/cameraquaytrom.net\/wp-content\/uploads\/2021\/07\/z2456493734933_d1e6ad7887232973aafd728bef63c34c-compressed-768x768.jpg 768w, https:\/\/cameraquaytrom.net\/wp-content\/uploads\/2021\/07\/z2456493734933_d1e6ad7887232973aafd728bef63c34c-compressed-1536x1536.jpg 1536w, https:\/\/cameraquaytrom.net\/wp-content\/uploads\/2021\/07\/z2456493734933_d1e6ad7887232973aafd728bef63c34c-compressed-2048x2048.jpg 2048w, https:\/\/cameraquaytrom.net\/wp-content\/uploads\/2021\/07\/z2456493734933_d1e6ad7887232973aafd728bef63c34c-compressed-600x600.jpg 600w, https:\/\/cameraquaytrom.net\/wp-content\/uploads\/2021\/07\/z2456493734933_d1e6ad7887232973aafd728bef63c34c-compressed-100x100.jpg 100w\" sizes=\"(max-width: 300px) 100vw, 300px\" \/><\/p>\n<p><img loading=\"lazy\" decoding=\"async\" class=\"size-full wp-image-1598 aligncenter\" src=\"https:\/\/cameraquaytrom.net\/wp-content\/uploads\/2021\/07\/z2456493621498_1222a155549a7ed8f1d79c26d72da3fb-compressed-300x300-1619454388416.jpg\" alt=\"\" width=\"300\" height=\"300\" srcset=\"https:\/\/cameraquaytrom.net\/wp-content\/uploads\/2021\/07\/z2456493621498_1222a155549a7ed8f1d79c26d72da3fb-compressed-300x300-1619454388416.jpg 300w, https:\/\/cameraquaytrom.net\/wp-content\/uploads\/2021\/07\/z2456493621498_1222a155549a7ed8f1d79c26d72da3fb-compressed-300x300-1619454388416-150x150.jpg 150w, https:\/\/cameraquaytrom.net\/wp-content\/uploads\/2021\/07\/z2456493621498_1222a155549a7ed8f1d79c26d72da3fb-compressed-300x300-1619454388416-100x100.jpg 100w\" sizes=\"(max-width: 300px) 100vw, 300px\" \/><\/p>\n<p><img loading=\"lazy\" decoding=\"async\" class=\"size-medium wp-image-1597 aligncenter\" src=\"https:\/\/cameraquaytrom.net\/wp-content\/uploads\/2021\/07\/z2456493621498_1222a155549a7ed8f1d79c26d72da3fb-compressed-300x300.jpg\" alt=\"\" width=\"300\" height=\"300\" srcset=\"https:\/\/cameraquaytrom.net\/wp-content\/uploads\/2021\/07\/z2456493621498_1222a155549a7ed8f1d79c26d72da3fb-compressed-300x300.jpg 300w, https:\/\/cameraquaytrom.net\/wp-content\/uploads\/2021\/07\/z2456493621498_1222a155549a7ed8f1d79c26d72da3fb-compressed-1024x1024.jpg 1024w, https:\/\/cameraquaytrom.net\/wp-content\/uploads\/2021\/07\/z2456493621498_1222a155549a7ed8f1d79c26d72da3fb-compressed-150x150.jpg 150w, https:\/\/cameraquaytrom.net\/wp-content\/uploads\/2021\/07\/z2456493621498_1222a155549a7ed8f1d79c26d72da3fb-compressed-768x768.jpg 768w, https:\/\/cameraquaytrom.net\/wp-content\/uploads\/2021\/07\/z2456493621498_1222a155549a7ed8f1d79c26d72da3fb-compressed-1536x1536.jpg 1536w, https:\/\/cameraquaytrom.net\/wp-content\/uploads\/2021\/07\/z2456493621498_1222a155549a7ed8f1d79c26d72da3fb-compressed-2048x2048.jpg 2048w, https:\/\/cameraquaytrom.net\/wp-content\/uploads\/2021\/07\/z2456493621498_1222a155549a7ed8f1d79c26d72da3fb-compressed-600x600.jpg 600w, https:\/\/cameraquaytrom.net\/wp-content\/uploads\/2021\/07\/z2456493621498_1222a155549a7ed8f1d79c26d72da3fb-compressed-100x100.jpg 100w\" sizes=\"(max-width: 300px) 100vw, 300px\" \/><\/p>\n<p><img loading=\"lazy\" decoding=\"async\" class=\"size-full wp-image-1596 aligncenter\" src=\"https:\/\/cameraquaytrom.net\/wp-content\/uploads\/2021\/07\/z2456493510633_e69f798dba1a6874b60c5c508de1ae23-compressed-300x300-1619454408887.jpg\" alt=\"\" width=\"300\" height=\"300\" srcset=\"https:\/\/cameraquaytrom.net\/wp-content\/uploads\/2021\/07\/z2456493510633_e69f798dba1a6874b60c5c508de1ae23-compressed-300x300-1619454408887.jpg 300w, https:\/\/cameraquaytrom.net\/wp-content\/uploads\/2021\/07\/z2456493510633_e69f798dba1a6874b60c5c508de1ae23-compressed-300x300-1619454408887-150x150.jpg 150w, https:\/\/cameraquaytrom.net\/wp-content\/uploads\/2021\/07\/z2456493510633_e69f798dba1a6874b60c5c508de1ae23-compressed-300x300-1619454408887-100x100.jpg 100w\" sizes=\"(max-width: 300px) 100vw, 300px\" \/><\/p>\n<p>Camera S\u1ea1c D\u1ef1 Ph\u00f2ng S8 WiFi xem t\u1eeb xa S\u1ea1c T\u1eeb Kh\u00f4ng D\u00e2y m\u1edbi nh\u1ea5t 2021<\/p>\n<p>S\u1ea2n ph\u1ea9m camera quay l\u00e9n ngu\u1ef5 trang c\u1ee5c s\u1ea1c d\u1ef1 ph\u00f2ng S8 \u0111ang \u0111\u01b0\u1ee3c b\u00e1n c\u1ef1c ch\u1ea1y tr\u00ean th\u1ecb tr\u01b0\u1eddng hi\u1ec7n nay b\u1edfi c\u00f4ng d\u1ee5ng c\u1ef1c k\u1ef3 nhi\u1ec1u t\u00ednh n\u0103ng c\u0169ng nh\u01b0 h\u00ecnh th\u1ee9c m\u1edbi l\u1ea1 \u0111\u1ed9c \u0111\u00e1o b\u1eaft m\u1eaft<\/p>\n<p>V\u1edbi thi\u1ebft b\u1ecb s\u1ea1c pin d\u1ef1 ph\u00f2ng n\u00e0y b\u1ea1n c\u00f3 th\u1ec3 s\u1ea1c \u0111\u01b0\u1ee3c \u0111i\u1ec7n tho\u1ea1i nh\u01b0 b\u00ecnh th\u01b0\u1eddng t\u1ea5t c\u1ea3 c\u00e1c d\u00f2ng m\u00e1y. ngo\u00e0i ra c\u00f2n h\u1ed7 tr\u1ee3 s\u1ea1c t\u1eeb kh\u00f4ng d\u00e2y v\u1edbi c\u00e1c d\u00f2ng m\u00e1y ip8 tr\u1edf l\u00ean v\u00e0 c\u00e1c d\u00f2ng m\u00e1y samsung h\u1ed7 tr\u1ee3 s\u1ea1c t\u1eeb kh\u00f4ng d\u00e2y<\/p>\n<p>B\u1ed9 camera \u0111\u01b0\u1ee3c gi\u1ea5u k\u00edn si\u00eau nh\u1ecf b\u00ean trong c\u1ee5c s\u1ea1c gi\u00fap m\u00ecnh ngu\u1ef5 trang c\u1ef1c k\u1ef3 k\u00edn khi s\u1eed d\u1ee5ng, d\u1ea3m b\u1ea3o kh\u00f4ng ai c\u00f3 th\u1ec3 h\u00e1t hi\u1ec7n ra \u0111\u01b0\u1ee3c camera b\u00ean trong<\/p>\n<p>H\u00ecnh \u1ea3nh Full HD4k k\u00e8m \u00e2m thanh c\u1ef1c r\u00f5 khi quay gi\u00fap m\u00ecnh c\u00f3 th\u1ec3 thu \u0111\u01b0\u1ee3c h\u00ecnh \u1ea3nh v\u00e0 \u00e2m thanh ch\u00e2n th\u1ef1c nh\u1ea5t. Ngo\u00e0i ra thi\u1ebft b\u1ecb c\u00f2n h\u1ed7 tr\u1ee3 th\u1ebb nh\u1edb t\u1ed1i \u0111a 128G gi\u00fap b\u1ea1n l\u01b0u l\u1ea1i d\u1eef li\u1ec7u \u0111\u01b0\u1ee3c r\u1ea5t nhi\u1ec1u ng\u00e0y, v\u00e0 ch\u1ebf \u0111\u1ed9 l\u01b0u tr\u00e0n khi \u0111\u1ea7y b\u1ed9 nh\u1edb n\u1eefa nh\u00e9.<\/p>\n<p>S\u1ea2n ph\u1ea9m \u0111\u01b0\u1ee3c b\u1ea3o h\u00e0nh 1 n\u0103m. L\u1ed7i 1 \u0110\u1ed5i 1 lu\u00f4n nha.<\/p>\n<h2><em><span style=\"text-decoration: underline;\">Video h\u01b0\u1edbng d\u1eabn s\u1eed d\u1ee5ng<\/span><\/em><\/h2>\n<p><iframe loading=\"lazy\" title=\"Review Camera Ngu\u1ef5 Trang S\u1ea1c Pin D\u1ef1 Ph\u00f2ng H12 || S\u1ea1c d\u1ef1 ph\u00f2ng camera gi\u00e1 r\u1ebb xem t\u1eeb xa si\u00eau n\u00e9t\" width=\"1020\" height=\"574\" src=\"https:\/\/www.youtube.com\/embed\/HeOSpTvgvTU?feature=oembed\" frameborder=\"0\" allow=\"accelerometer; autoplay; clipboard-write; encrypted-media; gyroscope; picture-in-picture\" allowfullscreen><\/iframe><\/p>\n<h3>Li\u00ean h\u1ec7 mua h\u00e0ng<\/h3>\n<div dir=\"auto\"><span class=\"pq6dq46d tbxw36s4 knj5qynh kvgmc6g5 ditlmg2l oygrvhab nvdbi5me sf5mxxl7 gl3lb2sf hhz5lgdu\"><img loading=\"lazy\" decoding=\"async\" src=\"https:\/\/static.xx.fbcdn.net\/images\/emoji.php\/v9\/t22\/1\/16\/260e.png\" alt=\"\u260e\ufe0f\" width=\"16\" height=\"16\" \/><\/span> A H\u1ea3i: 094.226.2345 (zalo) &#8211; T\u01b0 V\u1ea5n 24\/24<\/div>\n<div class=\"o9v6fnle cxmmr5t8 oygrvhab hcukyx3x c1et5uql ii04i59q\">\n<h3 dir=\"auto\"><span class=\"pq6dq46d tbxw36s4 knj5qynh kvgmc6g5 ditlmg2l oygrvhab nvdbi5me sf5mxxl7 gl3lb2sf hhz5lgdu\"><img loading=\"lazy\" decoding=\"async\" src=\"https:\/\/static.xx.fbcdn.net\/images\/emoji.php\/v9\/ta7\/1\/16\/1f3ea.png\" alt=\"\ud83c\udfea\" width=\"16\" height=\"16\" \/><\/span> H\u00e0 N\u1ed9i: s\u1ed1 42 Th\u1ecbnh Li\u1ec7t &#8211; Ho\u00e0ng Mai &#8211; H\u00e0 N\u1ed9i<\/h3>\n<h3 dir=\"auto\"><span class=\"pq6dq46d tbxw36s4 knj5qynh kvgmc6g5 ditlmg2l oygrvhab nvdbi5me sf5mxxl7 gl3lb2sf hhz5lgdu\"><img loading=\"lazy\" decoding=\"async\" src=\"https:\/\/static.xx.fbcdn.net\/images\/emoji.php\/v9\/ta7\/1\/16\/1f3ea.png\" alt=\"\ud83c\udfea\" width=\"16\" height=\"16\" \/><\/span> S\u00e0i G\u00f2n: 558\/66 B\u00ecnh Qu\u1edbi &#8211; Ph\u01b0\u1eddng 28 &#8211; B\u00ecnh Th\u1ea1nh<\/h3>\n<\/div>\n","protected":false},"excerpt":{"rendered":"<p>S\u1ea2n ph\u1ea9m camera quay l\u00e9n ngu\u1ef5 trang c\u1ee5c \u1ea1c d\u1ef1 ph\u00f2ng S8 \u0111ang \u0111\u01b0\u1ee3c b\u00e1n c\u1ef1c ch\u1ea1y tr\u00ean th\u1ecb tr\u01b0\u1eddng hi\u1ec7n nay b\u1edfi c\u00f4ng d\u1ee5ng c\u1ef1c k\u1ef3 nhi\u1ec1u t\u00ednh n\u0103ng c\u0169ng nh\u01b0 h\u00ecnh th\u1ee9c m\u1edbi l\u1ea1 \u0111\u1ed9c \u0111\u00e1o b\u1eaft m\u1eaft<\/p>\n","protected":false},"featured_media":1601,"comment_status":"open","ping_status":"closed","template":"","meta":[],"product_cat":[30,55],"product_tag":[59,62,57,71,74,60,61,58],"class_list":{"0":"post-1019","1":"product","2":"type-product","3":"status-publish","4":"has-post-thumbnail","6":"product_cat-thiet-bi-quay-len","7":"product_cat-thiet-bi-quay-len-online","8":"product_tag-camera-giau-kin","9":"product_tag-camera-mini","10":"product_tag-camera-nguy-trang","11":"product_tag-camera-nguy-trang-cuc-ao","12":"product_tag-camera-nguy-trang-cuc-sac","13":"product_tag-camera-quay-len","14":"product_tag-camera-quay-trom","15":"product_tag-camera-sieu-nho","17":"first","18":"instock","19":"sale","20":"shipping-taxable","21":"purchasable","22":"product-type-simple"},"_links":{"self":[{"href":"https:\/\/cameraquaytrom.net\/index.php?rest_route=\/wp\/v2\/product\/1019"}],"collection":[{"href":"https:\/\/cameraquaytrom.net\/index.php?rest_route=\/wp\/v2\/product"}],"about":[{"href":"https:\/\/cameraquaytrom.net\/index.php?rest_route=\/wp\/v2\/types\/product"}],"replies":[{"embeddable":true,"href":"https:\/\/cameraquaytrom.net\/index.php?rest_route=%2Fwp%2Fv2%2Fcomments&post=1019"}],"wp:featuredmedia":[{"embeddable":true,"href":"https:\/\/cameraquaytrom.net\/index.php?rest_route=\/wp\/v2\/media\/1601"}],"wp:attachment":[{"href":"https:\/\/cameraquaytrom.net\/index.php?rest_route=%2Fwp%2Fv2%2Fmedia&parent=1019"}],"wp:term":[{"taxonomy":"product_cat","embeddable":true,"href":"https:\/\/cameraquaytrom.net\/index.php?rest_route=%2Fwp%2Fv2%2Fproduct_cat&post=1019"},{"taxonomy":"product_tag","embeddable":true,"href":"https:\/\/cameraquaytrom.net\/index.php?rest_route=%2Fwp%2Fv2%2Fproduct_tag&post=1019"}],"curies":[{"name":"wp","href":"https:\/\/api.w.org\/{rel}","templated":true}]}}