{"id":1037,"date":"2021-04-28T04:29:22","date_gmt":"2021-04-28T04:29:22","guid":{"rendered":"http:\/\/cameraquaytrom.net\/?post_type=product&#038;p=1037"},"modified":"2021-11-10T03:26:22","modified_gmt":"2021-11-10T03:26:22","slug":"camera-nguy-trang-dong-ho-treo-tuong-mau-trang","status":"publish","type":"product","link":"https:\/\/cameraquaytrom.net\/?product=camera-nguy-trang-dong-ho-treo-tuong-mau-trang","title":{"rendered":"Camera Ngu\u1ef5 Trang \u0110\u1ed3ng H\u1ed3 Treo T\u01b0\u1eddng M\u00e0u Tr\u1eafng"},"content":{"rendered":"<h1 style=\"text-align: center;\">Camera Ngu\u1ef5 Trang \u0110\u1ed3ng H\u1ed3 Treo T\u01b0\u1eddng M\u00e0u Tr\u1eafng<\/h1>\n<p><img loading=\"lazy\" decoding=\"async\" class=\"size-medium wp-image-1613 aligncenter\" src=\"https:\/\/cameraquaytrom.net\/wp-content\/uploads\/2021\/07\/z2456496948000_54067795abdcd59b1766fc2bd99e8800-compressed-scaled-1619583981160-300x300.jpg\" alt=\"\" width=\"300\" height=\"300\" srcset=\"https:\/\/cameraquaytrom.net\/wp-content\/uploads\/2021\/07\/z2456496948000_54067795abdcd59b1766fc2bd99e8800-compressed-scaled-1619583981160-300x300.jpg 300w, https:\/\/cameraquaytrom.net\/wp-content\/uploads\/2021\/07\/z2456496948000_54067795abdcd59b1766fc2bd99e8800-compressed-scaled-1619583981160-1024x1024.jpg 1024w, https:\/\/cameraquaytrom.net\/wp-content\/uploads\/2021\/07\/z2456496948000_54067795abdcd59b1766fc2bd99e8800-compressed-scaled-1619583981160-150x150.jpg 150w, https:\/\/cameraquaytrom.net\/wp-content\/uploads\/2021\/07\/z2456496948000_54067795abdcd59b1766fc2bd99e8800-compressed-scaled-1619583981160-768x768.jpg 768w, https:\/\/cameraquaytrom.net\/wp-content\/uploads\/2021\/07\/z2456496948000_54067795abdcd59b1766fc2bd99e8800-compressed-scaled-1619583981160-1536x1536.jpg 1536w, https:\/\/cameraquaytrom.net\/wp-content\/uploads\/2021\/07\/z2456496948000_54067795abdcd59b1766fc2bd99e8800-compressed-scaled-1619583981160-2048x2048.jpg 2048w, https:\/\/cameraquaytrom.net\/wp-content\/uploads\/2021\/07\/z2456496948000_54067795abdcd59b1766fc2bd99e8800-compressed-scaled-1619583981160-600x600.jpg 600w, https:\/\/cameraquaytrom.net\/wp-content\/uploads\/2021\/07\/z2456496948000_54067795abdcd59b1766fc2bd99e8800-compressed-scaled-1619583981160-100x100.jpg 100w\" sizes=\"(max-width: 300px) 100vw, 300px\" \/><\/p>\n<p>\u0110\u1ed3ng h\u1ed3 treo t\u01b0\u1eddng camera l\u00e0 s\u1ea3n ph\u1ea9m camera quay l\u00e9n ngu\u1ef5 trang c\u1ef1c k\u1ef3 tinh vi, gi\u00fap ng\u01b0\u1eddi d\u00f9ng c\u00f3 th\u1ec3 d\u1ec5 d\u00e0ng ngu\u1ef5 trang \u0111\u1ec3 quay l\u1ea1i c\u00e1c c\u1ea3nh m\u00e0 \u0111\u1ed1i ph\u01b0\u01a1ng kh\u00f4ng h\u1ec1 hay bi\u1ebft<\/p>\n<p>B\u00ean c\u1ea1nh \u0111\u00f3 th\u00ec \u0111\u1ed3ng h\u1ed3 v\u1eabn c\u00f3 m\u1ecdi t\u00ednh n\u0103ng nh\u01b0 \u0111\u1ed3ng h\u1ed3 th\u00f4ng th\u01b0\u1eddng. M\u1eaft camera \u0111\u01b0\u1ee3c gi\u1ea5u k\u00edn, nh\u01b0ng kh\u00f4ng v\u00ec \u0111i\u1ec1u \u0111\u00f3 m\u00e0 ch\u1ea5t l\u01b0\u1ee3ng c\u1ee7a camera k\u00e9m \u0111i.<\/p>\n<p>\u0110\u1ed3ng h\u1ed3 c\u00f3 th\u1ec3 xem \u0111\u01b0\u1ee3c h\u00ecnh \u1ea3nh t\u1eeb xa qua \u0111i\u1ec7n tho\u1ea1i, v\u1edbi ch\u1ea5t l\u01b0\u1ee3ng h\u00ecnh \u1ea3nh Full HD 4K thu \u0111\u01b0\u1ee3c c\u1ea3 h\u00ecnh v\u00e0 ti\u1ebfng gi\u00fap ng\u01b0\u1eddi d\u00f9ng thu l\u1ea1i \u0111\u01b0\u1ee3c m\u1ecdi kho\u1ea3ng kh\u1eafc ch\u00ednh x\u00e1c nh\u1ea5t<\/p>\n<h2><em>Video h\u01b0\u1edbng d\u1eabn s\u1eed d\u1ee5ng:<\/em><\/h2>\n<p><iframe loading=\"lazy\" title=\"Review Camera Ngu\u1ef5 Trang \u0110\u1ed3ng H\u1ed3 Treo T\u01b0\u1eddng ||Camera si\u00eau nh\u1ecf gi\u1ea5u k\u00edn ngu\u1ef5 trang \u0111\u1ed3ng h\u1ed3 treo t\u01b0\u1eddng\" width=\"1020\" height=\"574\" src=\"https:\/\/www.youtube.com\/embed\/pcAcdk8DRDo?feature=oembed\" frameborder=\"0\" allow=\"accelerometer; autoplay; clipboard-write; encrypted-media; gyroscope; picture-in-picture\" allowfullscreen><\/iframe><\/p>\n<h3>Li\u00ean h\u1ec7 mua h\u00e0ng<\/h3>\n<div dir=\"auto\"><span class=\"pq6dq46d tbxw36s4 knj5qynh kvgmc6g5 ditlmg2l oygrvhab nvdbi5me sf5mxxl7 gl3lb2sf hhz5lgdu\"><img loading=\"lazy\" decoding=\"async\" src=\"https:\/\/static.xx.fbcdn.net\/images\/emoji.php\/v9\/t22\/1\/16\/260e.png\" alt=\"\u260e\ufe0f\" width=\"16\" height=\"16\" \/><\/span> A H\u1ea3i: 094.226.2345 (zalo) &#8211; T\u01b0 V\u1ea5n 24\/24<\/div>\n<div class=\"o9v6fnle cxmmr5t8 oygrvhab hcukyx3x c1et5uql ii04i59q\">\n<h3 dir=\"auto\"><span class=\"pq6dq46d tbxw36s4 knj5qynh kvgmc6g5 ditlmg2l oygrvhab nvdbi5me sf5mxxl7 gl3lb2sf hhz5lgdu\"><img loading=\"lazy\" decoding=\"async\" src=\"https:\/\/static.xx.fbcdn.net\/images\/emoji.php\/v9\/ta7\/1\/16\/1f3ea.png\" alt=\"\ud83c\udfea\" width=\"16\" height=\"16\" \/><\/span> H\u00e0 N\u1ed9i: s\u1ed1 42 Th\u1ecbnh Li\u1ec7t &#8211; Ho\u00e0ng Mai &#8211; H\u00e0 N\u1ed9i<\/h3>\n<h3 dir=\"auto\"><span class=\"pq6dq46d tbxw36s4 knj5qynh kvgmc6g5 ditlmg2l oygrvhab nvdbi5me sf5mxxl7 gl3lb2sf hhz5lgdu\"><img loading=\"lazy\" decoding=\"async\" src=\"https:\/\/static.xx.fbcdn.net\/images\/emoji.php\/v9\/ta7\/1\/16\/1f3ea.png\" alt=\"\ud83c\udfea\" width=\"16\" height=\"16\" \/><\/span> S\u00e0i G\u00f2n: 558\/66 B\u00ecnh Qu\u1edbi &#8211; Ph\u01b0\u1eddng 28 &#8211; B\u00ecnh Th\u1ea1nh<\/h3>\n<\/div>\n<p>&nbsp;<\/p>\n","protected":false},"excerpt":{"rendered":"<p>\u0110\u1ed3ng h\u1ed3 treo t\u01b0\u1eddng camera l\u00e0 s\u1ea3n ph\u1ea9m camera quay l\u00e9n ngu\u1ef5 trang c\u1ef1c k\u1ef3 tinh vi, gi\u00fap ng\u01b0\u1eddi d\u00f9ng c\u00f3 th\u1ec3 d\u1ec5 d\u00e0ng ngu\u1ef5 trang \u0111\u1ec3 quay l\u1ea1i c\u00e1c c\u1ea3nh m\u00e0 \u0111\u1ed1i ph\u01b0\u01a1ng kh\u00f4ng h\u1ec1 hay bi\u1ebft<\/p>\n","protected":false},"featured_media":1613,"comment_status":"open","ping_status":"closed","template":"","meta":[],"product_cat":[30,55],"product_tag":[59,62,57,60,61,58,68],"class_list":{"0":"post-1037","1":"product","2":"type-product","3":"status-publish","4":"has-post-thumbnail","6":"product_cat-thiet-bi-quay-len","7":"product_cat-thiet-bi-quay-len-online","8":"product_tag-camera-giau-kin","9":"product_tag-camera-mini","10":"product_tag-camera-nguy-trang","11":"product_tag-camera-quay-len","12":"product_tag-camera-quay-trom","13":"product_tag-camera-sieu-nho","14":"product_tag-camera-xem-tu-xa","16":"first","17":"instock","18":"sale","19":"shipping-taxable","20":"purchasable","21":"product-type-simple"},"_links":{"self":[{"href":"https:\/\/cameraquaytrom.net\/index.php?rest_route=\/wp\/v2\/product\/1037"}],"collection":[{"href":"https:\/\/cameraquaytrom.net\/index.php?rest_route=\/wp\/v2\/product"}],"about":[{"href":"https:\/\/cameraquaytrom.net\/index.php?rest_route=\/wp\/v2\/types\/product"}],"replies":[{"embeddable":true,"href":"https:\/\/cameraquaytrom.net\/index.php?rest_route=%2Fwp%2Fv2%2Fcomments&post=1037"}],"wp:featuredmedia":[{"embeddable":true,"href":"https:\/\/cameraquaytrom.net\/index.php?rest_route=\/wp\/v2\/media\/1613"}],"wp:attachment":[{"href":"https:\/\/cameraquaytrom.net\/index.php?rest_route=%2Fwp%2Fv2%2Fmedia&parent=1037"}],"wp:term":[{"taxonomy":"product_cat","embeddable":true,"href":"https:\/\/cameraquaytrom.net\/index.php?rest_route=%2Fwp%2Fv2%2Fproduct_cat&post=1037"},{"taxonomy":"product_tag","embeddable":true,"href":"https:\/\/cameraquaytrom.net\/index.php?rest_route=%2Fwp%2Fv2%2Fproduct_tag&post=1037"}],"curies":[{"name":"wp","href":"https:\/\/api.w.org\/{rel}","templated":true}]}}