{"id":1039,"date":"2021-04-28T04:35:32","date_gmt":"2021-04-28T04:35:32","guid":{"rendered":"http:\/\/cameraquaytrom.net\/?post_type=product&#038;p=1039"},"modified":"2022-04-25T09:34:33","modified_gmt":"2022-04-25T09:34:33","slug":"camera-nguy-trang-den-ngu","status":"publish","type":"product","link":"https:\/\/cameraquaytrom.net\/?product=camera-nguy-trang-den-ngu","title":{"rendered":"Camera Ngu\u1ef5 Trang \u0110\u00e8n Ng\u1ee7"},"content":{"rendered":"<h1 style=\"text-align: center;\">Camera Ngu\u1ef5 Trang \u0110\u00e8n Ng\u1ee7<\/h1>\n<p><img loading=\"lazy\" decoding=\"async\" class=\"size-medium wp-image-1866 aligncenter\" src=\"https:\/\/cameraquaytrom.net\/wp-content\/uploads\/2021\/04\/z2456497250781_74b6acfd67e281119c0b7097fe49d095-compressed-300x300.jpg\" alt=\"\" width=\"300\" height=\"300\" srcset=\"https:\/\/cameraquaytrom.net\/wp-content\/uploads\/2021\/04\/z2456497250781_74b6acfd67e281119c0b7097fe49d095-compressed-300x300.jpg 300w, https:\/\/cameraquaytrom.net\/wp-content\/uploads\/2021\/04\/z2456497250781_74b6acfd67e281119c0b7097fe49d095-compressed-1024x1024.jpg 1024w, https:\/\/cameraquaytrom.net\/wp-content\/uploads\/2021\/04\/z2456497250781_74b6acfd67e281119c0b7097fe49d095-compressed-150x150.jpg 150w, https:\/\/cameraquaytrom.net\/wp-content\/uploads\/2021\/04\/z2456497250781_74b6acfd67e281119c0b7097fe49d095-compressed-768x768.jpg 768w, https:\/\/cameraquaytrom.net\/wp-content\/uploads\/2021\/04\/z2456497250781_74b6acfd67e281119c0b7097fe49d095-compressed-1536x1536.jpg 1536w, https:\/\/cameraquaytrom.net\/wp-content\/uploads\/2021\/04\/z2456497250781_74b6acfd67e281119c0b7097fe49d095-compressed-2048x2048.jpg 2048w, https:\/\/cameraquaytrom.net\/wp-content\/uploads\/2021\/04\/z2456497250781_74b6acfd67e281119c0b7097fe49d095-compressed-600x600.jpg 600w, https:\/\/cameraquaytrom.net\/wp-content\/uploads\/2021\/04\/z2456497250781_74b6acfd67e281119c0b7097fe49d095-compressed-100x100.jpg 100w\" sizes=\"(max-width: 300px) 100vw, 300px\" \/><\/p>\n<p><img loading=\"lazy\" decoding=\"async\" class=\"size-medium wp-image-1614 aligncenter\" src=\"https:\/\/cameraquaytrom.net\/wp-content\/uploads\/2021\/07\/z2456497357318_7a1640f0a1508a056f9228463e7d11a7-compressed-scaled-1619584360227-300x300.jpg\" alt=\"\" width=\"300\" height=\"300\" srcset=\"https:\/\/cameraquaytrom.net\/wp-content\/uploads\/2021\/07\/z2456497357318_7a1640f0a1508a056f9228463e7d11a7-compressed-scaled-1619584360227-300x300.jpg 300w, https:\/\/cameraquaytrom.net\/wp-content\/uploads\/2021\/07\/z2456497357318_7a1640f0a1508a056f9228463e7d11a7-compressed-scaled-1619584360227-1024x1024.jpg 1024w, https:\/\/cameraquaytrom.net\/wp-content\/uploads\/2021\/07\/z2456497357318_7a1640f0a1508a056f9228463e7d11a7-compressed-scaled-1619584360227-150x150.jpg 150w, https:\/\/cameraquaytrom.net\/wp-content\/uploads\/2021\/07\/z2456497357318_7a1640f0a1508a056f9228463e7d11a7-compressed-scaled-1619584360227-768x768.jpg 768w, https:\/\/cameraquaytrom.net\/wp-content\/uploads\/2021\/07\/z2456497357318_7a1640f0a1508a056f9228463e7d11a7-compressed-scaled-1619584360227-1536x1536.jpg 1536w, https:\/\/cameraquaytrom.net\/wp-content\/uploads\/2021\/07\/z2456497357318_7a1640f0a1508a056f9228463e7d11a7-compressed-scaled-1619584360227-2048x2048.jpg 2048w, https:\/\/cameraquaytrom.net\/wp-content\/uploads\/2021\/07\/z2456497357318_7a1640f0a1508a056f9228463e7d11a7-compressed-scaled-1619584360227-600x600.jpg 600w, https:\/\/cameraquaytrom.net\/wp-content\/uploads\/2021\/07\/z2456497357318_7a1640f0a1508a056f9228463e7d11a7-compressed-scaled-1619584360227-100x100.jpg 100w\" sizes=\"(max-width: 300px) 100vw, 300px\" \/><\/p>\n<p>Camera ng\u1ee5y trang\u00a0\u0111\u00e8n ng\u1ee7 LED 3D trang b\u1ecb v\u1ebb ngo\u00e0i ho\u00e0n to\u00e0n m\u1edbi l\u1ea1 nh\u01b0ng \u0111\u1ea3m b\u1ea3o kh\u1ea3 n\u0103ng quay phim, gi\u00e1m s\u00e1t kh\u00f4ng gian ho\u00e0n h\u1ea3o.<\/p>\n<p>Hi\u1ec7n nay th\u1ecb tr\u01b0\u1eddng c\u00f3 nhi\u1ec1u\u00a0camera ng\u1ee5y trangkh\u00e1c nhau gi\u00fap \u0111\u00e1p \u1ee9ng c\u1ef1c t\u1ed1t nhu c\u1ea7u c\u1ee7a ng\u01b0\u1eddi d\u00f9ng. \u0110\u01b0\u1ee3c trang b\u1ecb ki\u1ec3u d\u00e1ng \u0111\u1ed9c \u0111\u00e1o, t\u00ednh n\u0103ng ho\u00e0n h\u1ea3o v\u00ec th\u1ebf s\u1ea3n ph\u1ea9m cho ph\u00e9p b\u1ea1n quay phim, gi\u00e1m s\u00e1t kh\u00f4ng gian c\u1ef1c t\u1ed1t. \u0110\u1eb7c bi\u1ec7t, t\u00ednh n\u0103ng \u0111i\u1ec1u khi\u1ec3n t\u1eeb xa nh\u1edd k\u1ebft n\u1ed1i wifi, 3G, 4G \u0111\u1ec3 gi\u00e1m s\u00e1t kh\u00f4ng gian, con c\u00e1i, ng\u01b0\u1eddi gi\u00fap vi\u1ec7c hay nh\u00e2n vi\u00ean trong c\u00f4ng ty\u2026<\/p>\n<h3><em>Video h\u01b0\u1edbng d\u1eabn s\u1eed d\u1ee5ng<\/em><\/h3>\n<p><iframe loading=\"lazy\" title=\"\u0110\u00e8n Ng\u1ee7 G\u1eafn Camera - Camera ngu\u1ef5 trang \u0111\u00e8n ng\u1ee7 m\u1eabu m\u1edbi nh\u1ea5t c\u1ef1c k\u00ec k\u00edn \u0111\u00e1o v\u00e0 b\u00ed m\u1eadt\" width=\"1020\" height=\"574\" src=\"https:\/\/www.youtube.com\/embed\/QasHJaB4_o4?feature=oembed\" frameborder=\"0\" allow=\"accelerometer; autoplay; clipboard-write; encrypted-media; gyroscope; picture-in-picture\" allowfullscreen><\/iframe><\/p>\n<h3>Li\u00ean h\u1ec7 mua h\u00e0ng<\/h3>\n<div dir=\"auto\"><span class=\"pq6dq46d tbxw36s4 knj5qynh kvgmc6g5 ditlmg2l oygrvhab nvdbi5me sf5mxxl7 gl3lb2sf hhz5lgdu\"><img loading=\"lazy\" decoding=\"async\" src=\"https:\/\/static.xx.fbcdn.net\/images\/emoji.php\/v9\/t22\/1\/16\/260e.png\" alt=\"\u260e\ufe0f\" width=\"16\" height=\"16\" \/><\/span> A H\u1ea3i: 094.226.2345 (zalo) &#8211; T\u01b0 V\u1ea5n 24\/24<\/div>\n<div class=\"o9v6fnle cxmmr5t8 oygrvhab hcukyx3x c1et5uql ii04i59q\">\n<h3 dir=\"auto\"><span class=\"pq6dq46d tbxw36s4 knj5qynh kvgmc6g5 ditlmg2l oygrvhab nvdbi5me sf5mxxl7 gl3lb2sf hhz5lgdu\"><img loading=\"lazy\" decoding=\"async\" src=\"https:\/\/static.xx.fbcdn.net\/images\/emoji.php\/v9\/ta7\/1\/16\/1f3ea.png\" alt=\"\ud83c\udfea\" width=\"16\" height=\"16\" \/><\/span> H\u00e0 N\u1ed9i: s\u1ed1 42 Th\u1ecbnh Li\u1ec7t &#8211; Ho\u00e0ng Mai &#8211; H\u00e0 N\u1ed9i<\/h3>\n<h3 dir=\"auto\"><span class=\"pq6dq46d tbxw36s4 knj5qynh kvgmc6g5 ditlmg2l oygrvhab nvdbi5me sf5mxxl7 gl3lb2sf hhz5lgdu\"><img loading=\"lazy\" decoding=\"async\" src=\"https:\/\/static.xx.fbcdn.net\/images\/emoji.php\/v9\/ta7\/1\/16\/1f3ea.png\" alt=\"\ud83c\udfea\" width=\"16\" height=\"16\" \/><\/span> S\u00e0i G\u00f2n: 558\/66 B\u00ecnh Qu\u1edbi &#8211; Ph\u01b0\u1eddng 28 &#8211; B\u00ecnh Th\u1ea1nh<\/h3>\n<\/div>\n","protected":false},"excerpt":{"rendered":"<p>Camera ng\u1ee5y trang\u00a0\u0111\u00e8n ng\u1ee7 LED 3D trang b\u1ecb v\u1ebb ngo\u00e0i ho\u00e0n to\u00e0n m\u1edbi l\u1ea1 nh\u01b0ng \u0111\u1ea3m b\u1ea3o kh\u1ea3 n\u0103ng quay phim, gi\u00e1m s\u00e1t kh\u00f4ng gian ho\u00e0n h\u1ea3o.<\/p>\n","protected":false},"featured_media":1866,"comment_status":"open","ping_status":"closed","template":"","meta":[],"product_cat":[30,55],"product_tag":[62,57,71,58,68],"class_list":{"0":"post-1039","1":"product","2":"type-product","3":"status-publish","4":"has-post-thumbnail","6":"product_cat-thiet-bi-quay-len","7":"product_cat-thiet-bi-quay-len-online","8":"product_tag-camera-mini","9":"product_tag-camera-nguy-trang","10":"product_tag-camera-nguy-trang-cuc-ao","11":"product_tag-camera-sieu-nho","12":"product_tag-camera-xem-tu-xa","14":"first","15":"instock","16":"sale","17":"shipping-taxable","18":"purchasable","19":"product-type-simple"},"_links":{"self":[{"href":"https:\/\/cameraquaytrom.net\/index.php?rest_route=\/wp\/v2\/product\/1039"}],"collection":[{"href":"https:\/\/cameraquaytrom.net\/index.php?rest_route=\/wp\/v2\/product"}],"about":[{"href":"https:\/\/cameraquaytrom.net\/index.php?rest_route=\/wp\/v2\/types\/product"}],"replies":[{"embeddable":true,"href":"https:\/\/cameraquaytrom.net\/index.php?rest_route=%2Fwp%2Fv2%2Fcomments&post=1039"}],"wp:featuredmedia":[{"embeddable":true,"href":"https:\/\/cameraquaytrom.net\/index.php?rest_route=\/wp\/v2\/media\/1866"}],"wp:attachment":[{"href":"https:\/\/cameraquaytrom.net\/index.php?rest_route=%2Fwp%2Fv2%2Fmedia&parent=1039"}],"wp:term":[{"taxonomy":"product_cat","embeddable":true,"href":"https:\/\/cameraquaytrom.net\/index.php?rest_route=%2Fwp%2Fv2%2Fproduct_cat&post=1039"},{"taxonomy":"product_tag","embeddable":true,"href":"https:\/\/cameraquaytrom.net\/index.php?rest_route=%2Fwp%2Fv2%2Fproduct_tag&post=1039"}],"curies":[{"name":"wp","href":"https:\/\/api.w.org\/{rel}","templated":true}]}}