{"id":1242,"date":"2021-05-04T02:07:07","date_gmt":"2021-05-04T02:07:07","guid":{"rendered":"https:\/\/cameraquaytrom.net\/?post_type=product&#038;p=1242"},"modified":"2021-07-30T02:31:45","modified_gmt":"2021-07-30T02:31:45","slug":"camera-nguy-trang-loa-blutooth-cam-ung-ip-wifi","status":"publish","type":"product","link":"https:\/\/cameraquaytrom.net\/?product=camera-nguy-trang-loa-blutooth-cam-ung-ip-wifi","title":{"rendered":"Camera Ngu\u1ef5 Trang Loa Blutooth C\u1ea3m \u1ee8ng IP WiFi"},"content":{"rendered":"<h1 style=\"text-align: center;\">Camera Ngu\u1ef5 Trang Loa Blutooth C\u1ea3m \u1ee8ng IP WiFi<\/h1>\n<p><img loading=\"lazy\" decoding=\"async\" class=\"size-medium wp-image-1631 aligncenter\" src=\"https:\/\/cameraquaytrom.net\/wp-content\/uploads\/2021\/07\/z2459219166510_411a74d88c7789bd2c5fbd057cfbda30-compressed-300x300.jpg\" alt=\"\" width=\"300\" height=\"300\" srcset=\"https:\/\/cameraquaytrom.net\/wp-content\/uploads\/2021\/07\/z2459219166510_411a74d88c7789bd2c5fbd057cfbda30-compressed-300x300.jpg 300w, https:\/\/cameraquaytrom.net\/wp-content\/uploads\/2021\/07\/z2459219166510_411a74d88c7789bd2c5fbd057cfbda30-compressed-1024x1024.jpg 1024w, https:\/\/cameraquaytrom.net\/wp-content\/uploads\/2021\/07\/z2459219166510_411a74d88c7789bd2c5fbd057cfbda30-compressed-150x150.jpg 150w, https:\/\/cameraquaytrom.net\/wp-content\/uploads\/2021\/07\/z2459219166510_411a74d88c7789bd2c5fbd057cfbda30-compressed-768x768.jpg 768w, https:\/\/cameraquaytrom.net\/wp-content\/uploads\/2021\/07\/z2459219166510_411a74d88c7789bd2c5fbd057cfbda30-compressed-1536x1536.jpg 1536w, https:\/\/cameraquaytrom.net\/wp-content\/uploads\/2021\/07\/z2459219166510_411a74d88c7789bd2c5fbd057cfbda30-compressed-2048x2048.jpg 2048w, https:\/\/cameraquaytrom.net\/wp-content\/uploads\/2021\/07\/z2459219166510_411a74d88c7789bd2c5fbd057cfbda30-compressed-600x600.jpg 600w, https:\/\/cameraquaytrom.net\/wp-content\/uploads\/2021\/07\/z2459219166510_411a74d88c7789bd2c5fbd057cfbda30-compressed-100x100.jpg 100w\" sizes=\"(max-width: 300px) 100vw, 300px\" \/><\/p>\n<p><img loading=\"lazy\" decoding=\"async\" class=\"size-medium wp-image-1632 aligncenter\" src=\"https:\/\/cameraquaytrom.net\/wp-content\/uploads\/2021\/07\/z2459219217437_aee0838f0c313821de4acaacd3b72f41-compressed-300x300.jpg\" alt=\"\" width=\"300\" height=\"300\" srcset=\"https:\/\/cameraquaytrom.net\/wp-content\/uploads\/2021\/07\/z2459219217437_aee0838f0c313821de4acaacd3b72f41-compressed-300x300.jpg 300w, https:\/\/cameraquaytrom.net\/wp-content\/uploads\/2021\/07\/z2459219217437_aee0838f0c313821de4acaacd3b72f41-compressed-1024x1024.jpg 1024w, https:\/\/cameraquaytrom.net\/wp-content\/uploads\/2021\/07\/z2459219217437_aee0838f0c313821de4acaacd3b72f41-compressed-150x150.jpg 150w, https:\/\/cameraquaytrom.net\/wp-content\/uploads\/2021\/07\/z2459219217437_aee0838f0c313821de4acaacd3b72f41-compressed-768x768.jpg 768w, https:\/\/cameraquaytrom.net\/wp-content\/uploads\/2021\/07\/z2459219217437_aee0838f0c313821de4acaacd3b72f41-compressed-1536x1536.jpg 1536w, https:\/\/cameraquaytrom.net\/wp-content\/uploads\/2021\/07\/z2459219217437_aee0838f0c313821de4acaacd3b72f41-compressed-2048x2048.jpg 2048w, https:\/\/cameraquaytrom.net\/wp-content\/uploads\/2021\/07\/z2459219217437_aee0838f0c313821de4acaacd3b72f41-compressed-600x600.jpg 600w, https:\/\/cameraquaytrom.net\/wp-content\/uploads\/2021\/07\/z2459219217437_aee0838f0c313821de4acaacd3b72f41-compressed-100x100.jpg 100w\" sizes=\"(max-width: 300px) 100vw, 300px\" \/><\/p>\n<p><img loading=\"lazy\" decoding=\"async\" class=\"size-medium wp-image-1633 aligncenter\" src=\"https:\/\/cameraquaytrom.net\/wp-content\/uploads\/2021\/07\/z2459219240384_5333cc324ad2187d34495737181168a7-compressed-300x300.jpg\" alt=\"\" width=\"300\" height=\"300\" srcset=\"https:\/\/cameraquaytrom.net\/wp-content\/uploads\/2021\/07\/z2459219240384_5333cc324ad2187d34495737181168a7-compressed-300x300.jpg 300w, https:\/\/cameraquaytrom.net\/wp-content\/uploads\/2021\/07\/z2459219240384_5333cc324ad2187d34495737181168a7-compressed-1024x1024.jpg 1024w, https:\/\/cameraquaytrom.net\/wp-content\/uploads\/2021\/07\/z2459219240384_5333cc324ad2187d34495737181168a7-compressed-150x150.jpg 150w, https:\/\/cameraquaytrom.net\/wp-content\/uploads\/2021\/07\/z2459219240384_5333cc324ad2187d34495737181168a7-compressed-768x768.jpg 768w, https:\/\/cameraquaytrom.net\/wp-content\/uploads\/2021\/07\/z2459219240384_5333cc324ad2187d34495737181168a7-compressed-1536x1536.jpg 1536w, https:\/\/cameraquaytrom.net\/wp-content\/uploads\/2021\/07\/z2459219240384_5333cc324ad2187d34495737181168a7-compressed-2048x2048.jpg 2048w, https:\/\/cameraquaytrom.net\/wp-content\/uploads\/2021\/07\/z2459219240384_5333cc324ad2187d34495737181168a7-compressed-600x600.jpg 600w, https:\/\/cameraquaytrom.net\/wp-content\/uploads\/2021\/07\/z2459219240384_5333cc324ad2187d34495737181168a7-compressed-100x100.jpg 100w\" sizes=\"(max-width: 300px) 100vw, 300px\" \/><\/p>\n<p><img loading=\"lazy\" decoding=\"async\" class=\"size-medium wp-image-1634 aligncenter\" src=\"https:\/\/cameraquaytrom.net\/wp-content\/uploads\/2021\/07\/z2459219275236_8742c25b286e09e9d039e873ddcc8ff8-compressed-300x300.jpg\" alt=\"\" width=\"300\" height=\"300\" srcset=\"https:\/\/cameraquaytrom.net\/wp-content\/uploads\/2021\/07\/z2459219275236_8742c25b286e09e9d039e873ddcc8ff8-compressed-300x300.jpg 300w, https:\/\/cameraquaytrom.net\/wp-content\/uploads\/2021\/07\/z2459219275236_8742c25b286e09e9d039e873ddcc8ff8-compressed-1024x1024.jpg 1024w, https:\/\/cameraquaytrom.net\/wp-content\/uploads\/2021\/07\/z2459219275236_8742c25b286e09e9d039e873ddcc8ff8-compressed-150x150.jpg 150w, https:\/\/cameraquaytrom.net\/wp-content\/uploads\/2021\/07\/z2459219275236_8742c25b286e09e9d039e873ddcc8ff8-compressed-768x768.jpg 768w, https:\/\/cameraquaytrom.net\/wp-content\/uploads\/2021\/07\/z2459219275236_8742c25b286e09e9d039e873ddcc8ff8-compressed-1536x1536.jpg 1536w, https:\/\/cameraquaytrom.net\/wp-content\/uploads\/2021\/07\/z2459219275236_8742c25b286e09e9d039e873ddcc8ff8-compressed-2048x2048.jpg 2048w, https:\/\/cameraquaytrom.net\/wp-content\/uploads\/2021\/07\/z2459219275236_8742c25b286e09e9d039e873ddcc8ff8-compressed-600x600.jpg 600w, https:\/\/cameraquaytrom.net\/wp-content\/uploads\/2021\/07\/z2459219275236_8742c25b286e09e9d039e873ddcc8ff8-compressed-100x100.jpg 100w\" sizes=\"(max-width: 300px) 100vw, 300px\" \/><\/p>\n<p><em>Camera ng\u1ee5y trang loa bluetooth c\u1ea3m \u1ee9ng<\/em>\u00a0n\u00e0y c\u00f3 th\u1ec3 theo d\u00f5i gi\u00e1m s\u00e1t t\u1eeb xa tr\u00ean \u0111i\u1ec7n tho\u1ea1i kh\u00f4ng gi\u1edbi h\u1ea1n kho\u1ea3ng c\u00e1ch. C\u00f3 th\u1ec3 d\u00f9ng m\u1ea1ng 3G\/ 4G ho\u1eb7c WiFi \u0111\u1ec3 truy c\u1eadp gi\u00e1m s\u00e1t chi\u1ebfc camera n\u00e0y ghi h\u00ecnh. N\u00f3 kh\u00f4ng kh\u00e1c g\u00ec 1 camera quan s\u00e1t ng\u1ee5y trang chuy\u00ean d\u1ee5ng. M\u00e0 thi\u1ebft ngh\u0129 m\u1ed7i gia \u0111\u00ecnh \u0111\u1ec1u n\u00ean trang b\u1ecb 1 chi\u1ebfc camera quan s\u00e1t an ninh kh\u00f4ng d\u00e2y \u0111\u01b0\u1ee3c ng\u1ee5y trang \u0111\u1ec3 \u0111\u1ea3m b\u1ea3o t\u00e0i s\u1ea3n t\u1ed1t nh\u1ea5t.<\/p>\n<p>1 chi\u1ebfc loa nghe nh\u1ea1c ki\u1ec3u d\u00e1ng \u0111\u01b0\u1ee3c thi\u1ebft k\u1ebf b\u1edfi\u00a0<em>camera ng\u1ee5y trang quay l\u00e9n loa bluetooth c\u1ea3m \u1ee9ng<\/em>. N\u00f3 c\u00f3 ngo\u1ea1i h\u00ecnh kh\u00f4ng kh\u00e1c c\u0169ng ch\u1ea3 ai \u0111\u1eb7t d\u1ea5u nghi ng\u1edd v\u1ec1 chi\u1ebfc camera ng\u1ee5y trang \u0111\u1ed9c \u0111\u00e1o n\u00e0y. Camera ng\u1ee5y trang loa nghe nh\u1ea1c c\u00f3 k\u1ebft n\u1ed1i bluetooth, n\u1ebfu kh\u00f4ng n\u00f3i \u0111\u00e2y l\u00e0 camera th\u00ec b\u1ea1n c\u00f3 tin \u0111\u00e2y l\u00e0 chi\u1ebfc camera ng\u1ee5y trang gi\u1ea5u k\u00edn kh\u00f4ng?<\/p>\n<h3>Li\u00ean h\u1ec7 mua h\u00e0ng<\/h3>\n<div dir=\"auto\"><span class=\"pq6dq46d tbxw36s4 knj5qynh kvgmc6g5 ditlmg2l oygrvhab nvdbi5me sf5mxxl7 gl3lb2sf hhz5lgdu\"><img loading=\"lazy\" decoding=\"async\" src=\"https:\/\/static.xx.fbcdn.net\/images\/emoji.php\/v9\/t22\/1\/16\/260e.png\" alt=\"\u260e\ufe0f\" width=\"16\" height=\"16\" \/><\/span> A H\u1ea3i: 094.226.2345 (zalo) &#8211; T\u01b0 V\u1ea5n 24\/24<\/div>\n<div class=\"o9v6fnle cxmmr5t8 oygrvhab hcukyx3x c1et5uql ii04i59q\">\n<h3 dir=\"auto\"><span class=\"pq6dq46d tbxw36s4 knj5qynh kvgmc6g5 ditlmg2l oygrvhab nvdbi5me sf5mxxl7 gl3lb2sf hhz5lgdu\"><img loading=\"lazy\" decoding=\"async\" src=\"https:\/\/static.xx.fbcdn.net\/images\/emoji.php\/v9\/ta7\/1\/16\/1f3ea.png\" alt=\"\ud83c\udfea\" width=\"16\" height=\"16\" \/><\/span> H\u00e0 N\u1ed9i: s\u1ed1 42 Th\u1ecbnh Li\u1ec7t &#8211; Ho\u00e0ng Mai &#8211; H\u00e0 N\u1ed9i<\/h3>\n<h3 dir=\"auto\"><span class=\"pq6dq46d tbxw36s4 knj5qynh kvgmc6g5 ditlmg2l oygrvhab nvdbi5me sf5mxxl7 gl3lb2sf hhz5lgdu\"><img loading=\"lazy\" decoding=\"async\" src=\"https:\/\/static.xx.fbcdn.net\/images\/emoji.php\/v9\/ta7\/1\/16\/1f3ea.png\" alt=\"\ud83c\udfea\" width=\"16\" height=\"16\" \/><\/span> S\u00e0i G\u00f2n: 558\/66 B\u00ecnh Qu\u1edbi &#8211; Ph\u01b0\u1eddng 28 &#8211; B\u00ecnh Th\u1ea1nh<\/h3>\n<\/div>\n","protected":false},"excerpt":{"rendered":"<p><em>Camera ng\u1ee5y trang loa bluetooth c\u1ea3m \u1ee9ng<\/em>\u00a0n\u00e0y c\u00f3 th\u1ec3 theo d\u00f5i gi\u00e1m s\u00e1t t\u1eeb xa tr\u00ean \u0111i\u1ec7n tho\u1ea1i kh\u00f4ng gi\u1edbi h\u1ea1n kho\u1ea3ng c\u00e1ch. C\u00f3 th\u1ec3 d\u00f9ng m\u1ea1ng 3G\/ 4G ho\u1eb7c WiFi \u0111\u1ec3 truy c\u1eadp gi\u00e1m s\u00e1t chi\u1ebfc camera n\u00e0y ghi h\u00ecnh<\/p>\n","protected":false},"featured_media":1631,"comment_status":"open","ping_status":"closed","template":"","meta":[],"product_cat":[30,55],"product_tag":[59,62,57,60,61,58,68],"class_list":{"0":"post-1242","1":"product","2":"type-product","3":"status-publish","4":"has-post-thumbnail","6":"product_cat-thiet-bi-quay-len","7":"product_cat-thiet-bi-quay-len-online","8":"product_tag-camera-giau-kin","9":"product_tag-camera-mini","10":"product_tag-camera-nguy-trang","11":"product_tag-camera-quay-len","12":"product_tag-camera-quay-trom","13":"product_tag-camera-sieu-nho","14":"product_tag-camera-xem-tu-xa","16":"first","17":"instock","18":"sale","19":"shipping-taxable","20":"purchasable","21":"product-type-simple"},"_links":{"self":[{"href":"https:\/\/cameraquaytrom.net\/index.php?rest_route=\/wp\/v2\/product\/1242"}],"collection":[{"href":"https:\/\/cameraquaytrom.net\/index.php?rest_route=\/wp\/v2\/product"}],"about":[{"href":"https:\/\/cameraquaytrom.net\/index.php?rest_route=\/wp\/v2\/types\/product"}],"replies":[{"embeddable":true,"href":"https:\/\/cameraquaytrom.net\/index.php?rest_route=%2Fwp%2Fv2%2Fcomments&post=1242"}],"wp:featuredmedia":[{"embeddable":true,"href":"https:\/\/cameraquaytrom.net\/index.php?rest_route=\/wp\/v2\/media\/1631"}],"wp:attachment":[{"href":"https:\/\/cameraquaytrom.net\/index.php?rest_route=%2Fwp%2Fv2%2Fmedia&parent=1242"}],"wp:term":[{"taxonomy":"product_cat","embeddable":true,"href":"https:\/\/cameraquaytrom.net\/index.php?rest_route=%2Fwp%2Fv2%2Fproduct_cat&post=1242"},{"taxonomy":"product_tag","embeddable":true,"href":"https:\/\/cameraquaytrom.net\/index.php?rest_route=%2Fwp%2Fv2%2Fproduct_tag&post=1242"}],"curies":[{"name":"wp","href":"https:\/\/api.w.org\/{rel}","templated":true}]}}