{"id":1248,"date":"2021-05-04T02:16:15","date_gmt":"2021-05-04T02:16:15","guid":{"rendered":"https:\/\/cameraquaytrom.net\/?post_type=product&#038;p=1248"},"modified":"2021-11-10T03:26:33","modified_gmt":"2021-11-10T03:26:33","slug":"camera-dinh-vit-x9-sieu-nho","status":"publish","type":"product","link":"https:\/\/cameraquaytrom.net\/?product=camera-dinh-vit-x9-sieu-nho","title":{"rendered":"Camera \u0110inh V\u00edt X9 Si\u00eau Nh\u1ecf"},"content":{"rendered":"<h1 style=\"text-align: center;\">Camera \u0110inh V\u00edt X9 Si\u00eau Nh\u1ecf<\/h1>\n<p><img loading=\"lazy\" decoding=\"async\" class=\"size-medium wp-image-1649 aligncenter\" src=\"https:\/\/cameraquaytrom.net\/wp-content\/uploads\/2021\/07\/z2459221245027_1434e5e4195caf832d03199f668ede4a-compressed-300x300.jpg\" alt=\"\" width=\"300\" height=\"300\" srcset=\"https:\/\/cameraquaytrom.net\/wp-content\/uploads\/2021\/07\/z2459221245027_1434e5e4195caf832d03199f668ede4a-compressed-300x300.jpg 300w, https:\/\/cameraquaytrom.net\/wp-content\/uploads\/2021\/07\/z2459221245027_1434e5e4195caf832d03199f668ede4a-compressed-1024x1024.jpg 1024w, https:\/\/cameraquaytrom.net\/wp-content\/uploads\/2021\/07\/z2459221245027_1434e5e4195caf832d03199f668ede4a-compressed-150x150.jpg 150w, https:\/\/cameraquaytrom.net\/wp-content\/uploads\/2021\/07\/z2459221245027_1434e5e4195caf832d03199f668ede4a-compressed-768x768.jpg 768w, https:\/\/cameraquaytrom.net\/wp-content\/uploads\/2021\/07\/z2459221245027_1434e5e4195caf832d03199f668ede4a-compressed-1536x1536.jpg 1536w, https:\/\/cameraquaytrom.net\/wp-content\/uploads\/2021\/07\/z2459221245027_1434e5e4195caf832d03199f668ede4a-compressed-2048x2048.jpg 2048w, https:\/\/cameraquaytrom.net\/wp-content\/uploads\/2021\/07\/z2459221245027_1434e5e4195caf832d03199f668ede4a-compressed-600x600.jpg 600w, https:\/\/cameraquaytrom.net\/wp-content\/uploads\/2021\/07\/z2459221245027_1434e5e4195caf832d03199f668ede4a-compressed-100x100.jpg 100w\" sizes=\"(max-width: 300px) 100vw, 300px\" \/><\/p>\n<p><img loading=\"lazy\" decoding=\"async\" class=\"size-medium wp-image-1644 aligncenter\" src=\"https:\/\/cameraquaytrom.net\/wp-content\/uploads\/2021\/07\/z2459221104743_df349814e229c3937b7fb8b9e7fbfb1e-compressed-300x300.jpg\" alt=\"\" width=\"300\" height=\"300\" srcset=\"https:\/\/cameraquaytrom.net\/wp-content\/uploads\/2021\/07\/z2459221104743_df349814e229c3937b7fb8b9e7fbfb1e-compressed-300x300.jpg 300w, https:\/\/cameraquaytrom.net\/wp-content\/uploads\/2021\/07\/z2459221104743_df349814e229c3937b7fb8b9e7fbfb1e-compressed-1024x1024.jpg 1024w, https:\/\/cameraquaytrom.net\/wp-content\/uploads\/2021\/07\/z2459221104743_df349814e229c3937b7fb8b9e7fbfb1e-compressed-150x150.jpg 150w, https:\/\/cameraquaytrom.net\/wp-content\/uploads\/2021\/07\/z2459221104743_df349814e229c3937b7fb8b9e7fbfb1e-compressed-768x768.jpg 768w, https:\/\/cameraquaytrom.net\/wp-content\/uploads\/2021\/07\/z2459221104743_df349814e229c3937b7fb8b9e7fbfb1e-compressed-1536x1536.jpg 1536w, https:\/\/cameraquaytrom.net\/wp-content\/uploads\/2021\/07\/z2459221104743_df349814e229c3937b7fb8b9e7fbfb1e-compressed-2048x2048.jpg 2048w, https:\/\/cameraquaytrom.net\/wp-content\/uploads\/2021\/07\/z2459221104743_df349814e229c3937b7fb8b9e7fbfb1e-compressed-600x600.jpg 600w, https:\/\/cameraquaytrom.net\/wp-content\/uploads\/2021\/07\/z2459221104743_df349814e229c3937b7fb8b9e7fbfb1e-compressed-100x100.jpg 100w\" sizes=\"(max-width: 300px) 100vw, 300px\" \/><\/p>\n<p><img loading=\"lazy\" decoding=\"async\" class=\"size-medium wp-image-1645 aligncenter\" src=\"https:\/\/cameraquaytrom.net\/wp-content\/uploads\/2021\/07\/z2459221125470_867b4f57c024416162ff846e552c4569-compressed-300x300.jpg\" alt=\"\" width=\"300\" height=\"300\" srcset=\"https:\/\/cameraquaytrom.net\/wp-content\/uploads\/2021\/07\/z2459221125470_867b4f57c024416162ff846e552c4569-compressed-300x300.jpg 300w, https:\/\/cameraquaytrom.net\/wp-content\/uploads\/2021\/07\/z2459221125470_867b4f57c024416162ff846e552c4569-compressed-1024x1024.jpg 1024w, https:\/\/cameraquaytrom.net\/wp-content\/uploads\/2021\/07\/z2459221125470_867b4f57c024416162ff846e552c4569-compressed-150x150.jpg 150w, https:\/\/cameraquaytrom.net\/wp-content\/uploads\/2021\/07\/z2459221125470_867b4f57c024416162ff846e552c4569-compressed-768x768.jpg 768w, https:\/\/cameraquaytrom.net\/wp-content\/uploads\/2021\/07\/z2459221125470_867b4f57c024416162ff846e552c4569-compressed-1536x1536.jpg 1536w, https:\/\/cameraquaytrom.net\/wp-content\/uploads\/2021\/07\/z2459221125470_867b4f57c024416162ff846e552c4569-compressed-2048x2048.jpg 2048w, https:\/\/cameraquaytrom.net\/wp-content\/uploads\/2021\/07\/z2459221125470_867b4f57c024416162ff846e552c4569-compressed-600x600.jpg 600w, https:\/\/cameraquaytrom.net\/wp-content\/uploads\/2021\/07\/z2459221125470_867b4f57c024416162ff846e552c4569-compressed-100x100.jpg 100w\" sizes=\"(max-width: 300px) 100vw, 300px\" \/><\/p>\n<p><img loading=\"lazy\" decoding=\"async\" class=\"size-medium wp-image-1646 aligncenter\" src=\"https:\/\/cameraquaytrom.net\/wp-content\/uploads\/2021\/07\/z2459221132747_1334e173187f727a66ed130c7ff6b232-compressed-300x300.jpg\" alt=\"\" width=\"300\" height=\"300\" srcset=\"https:\/\/cameraquaytrom.net\/wp-content\/uploads\/2021\/07\/z2459221132747_1334e173187f727a66ed130c7ff6b232-compressed-300x300.jpg 300w, https:\/\/cameraquaytrom.net\/wp-content\/uploads\/2021\/07\/z2459221132747_1334e173187f727a66ed130c7ff6b232-compressed-1024x1024.jpg 1024w, https:\/\/cameraquaytrom.net\/wp-content\/uploads\/2021\/07\/z2459221132747_1334e173187f727a66ed130c7ff6b232-compressed-150x150.jpg 150w, https:\/\/cameraquaytrom.net\/wp-content\/uploads\/2021\/07\/z2459221132747_1334e173187f727a66ed130c7ff6b232-compressed-768x768.jpg 768w, https:\/\/cameraquaytrom.net\/wp-content\/uploads\/2021\/07\/z2459221132747_1334e173187f727a66ed130c7ff6b232-compressed-1536x1536.jpg 1536w, https:\/\/cameraquaytrom.net\/wp-content\/uploads\/2021\/07\/z2459221132747_1334e173187f727a66ed130c7ff6b232-compressed-2048x2048.jpg 2048w, https:\/\/cameraquaytrom.net\/wp-content\/uploads\/2021\/07\/z2459221132747_1334e173187f727a66ed130c7ff6b232-compressed-600x600.jpg 600w, https:\/\/cameraquaytrom.net\/wp-content\/uploads\/2021\/07\/z2459221132747_1334e173187f727a66ed130c7ff6b232-compressed-100x100.jpg 100w\" sizes=\"(max-width: 300px) 100vw, 300px\" \/><\/p>\n<p><img loading=\"lazy\" decoding=\"async\" class=\"size-medium wp-image-1647 aligncenter\" src=\"https:\/\/cameraquaytrom.net\/wp-content\/uploads\/2021\/07\/z2459221148210_d545585010e76966a300a72ac7bf8569-compressed-300x300.jpg\" alt=\"\" width=\"300\" height=\"300\" srcset=\"https:\/\/cameraquaytrom.net\/wp-content\/uploads\/2021\/07\/z2459221148210_d545585010e76966a300a72ac7bf8569-compressed-300x300.jpg 300w, https:\/\/cameraquaytrom.net\/wp-content\/uploads\/2021\/07\/z2459221148210_d545585010e76966a300a72ac7bf8569-compressed-1024x1024.jpg 1024w, https:\/\/cameraquaytrom.net\/wp-content\/uploads\/2021\/07\/z2459221148210_d545585010e76966a300a72ac7bf8569-compressed-150x150.jpg 150w, https:\/\/cameraquaytrom.net\/wp-content\/uploads\/2021\/07\/z2459221148210_d545585010e76966a300a72ac7bf8569-compressed-768x768.jpg 768w, https:\/\/cameraquaytrom.net\/wp-content\/uploads\/2021\/07\/z2459221148210_d545585010e76966a300a72ac7bf8569-compressed-1536x1536.jpg 1536w, https:\/\/cameraquaytrom.net\/wp-content\/uploads\/2021\/07\/z2459221148210_d545585010e76966a300a72ac7bf8569-compressed-2048x2048.jpg 2048w, https:\/\/cameraquaytrom.net\/wp-content\/uploads\/2021\/07\/z2459221148210_d545585010e76966a300a72ac7bf8569-compressed-600x600.jpg 600w, https:\/\/cameraquaytrom.net\/wp-content\/uploads\/2021\/07\/z2459221148210_d545585010e76966a300a72ac7bf8569-compressed-100x100.jpg 100w\" sizes=\"(max-width: 300px) 100vw, 300px\" \/><\/p>\n<p><img loading=\"lazy\" decoding=\"async\" class=\"size-medium wp-image-1648 aligncenter\" src=\"https:\/\/cameraquaytrom.net\/wp-content\/uploads\/2021\/07\/z2459221229090_d218fe1be891d6bb4d50ec6a03f13b88-compressed-300x300.jpg\" alt=\"\" width=\"300\" height=\"300\" srcset=\"https:\/\/cameraquaytrom.net\/wp-content\/uploads\/2021\/07\/z2459221229090_d218fe1be891d6bb4d50ec6a03f13b88-compressed-300x300.jpg 300w, https:\/\/cameraquaytrom.net\/wp-content\/uploads\/2021\/07\/z2459221229090_d218fe1be891d6bb4d50ec6a03f13b88-compressed-1024x1024.jpg 1024w, https:\/\/cameraquaytrom.net\/wp-content\/uploads\/2021\/07\/z2459221229090_d218fe1be891d6bb4d50ec6a03f13b88-compressed-150x150.jpg 150w, https:\/\/cameraquaytrom.net\/wp-content\/uploads\/2021\/07\/z2459221229090_d218fe1be891d6bb4d50ec6a03f13b88-compressed-768x768.jpg 768w, https:\/\/cameraquaytrom.net\/wp-content\/uploads\/2021\/07\/z2459221229090_d218fe1be891d6bb4d50ec6a03f13b88-compressed-1536x1536.jpg 1536w, https:\/\/cameraquaytrom.net\/wp-content\/uploads\/2021\/07\/z2459221229090_d218fe1be891d6bb4d50ec6a03f13b88-compressed-2048x2048.jpg 2048w, https:\/\/cameraquaytrom.net\/wp-content\/uploads\/2021\/07\/z2459221229090_d218fe1be891d6bb4d50ec6a03f13b88-compressed-600x600.jpg 600w, https:\/\/cameraquaytrom.net\/wp-content\/uploads\/2021\/07\/z2459221229090_d218fe1be891d6bb4d50ec6a03f13b88-compressed-100x100.jpg 100w\" sizes=\"(max-width: 300px) 100vw, 300px\" \/><\/p>\n<p>Camera \u0110\u1ea7u \u0110inh V\u00edt X9 Si\u00eau nh\u1ecf \u0111\u01b0\u1ee3c thi\u1ebft k\u1ebf c\u1ef1c nh\u1ecf g\u1ecdn, tinh vi c\u1ef1c k\u1ef3 kh\u00f3 ph\u00e1t hi\u1ec7n. Gi\u00fap ng\u01b0\u1eddi s\u1eed d\u1ee5ng c\u00f3 th\u1ec3 \u0111\u1ec3 b\u1ea5t c\u1ee9 \u0111\u00e2u v\u00e0 quay l\u1ea1i t\u1ea5t c\u1ea3 nh\u1eefng h\u00ecnh \u1ea3nh m\u00e0 m\u00ecnh mong mu\u1ed1n.<\/p>\n<p>Camera \u0111\u1ea7u \u0111inh x9 c\u00f3 ch\u1ea5t l\u01b0\u1ee3ng h\u00ecnh \u1ea3nh thu \u0111\u01b0\u1ee3c l\u00e0 HD1080p, khi quay h\u00ecnh thi\u1ebft b\u1ecb c\u0169ng thu lu\u00f4n ti\u1ebfng nh\u00e9. Do k\u00edch th\u01b0\u1edbc nh\u1ecf n\u00ean dung l\u01b0\u1ee3ng pin c\u1ee7a camera c\u0169ng k \u0111\u01b0\u1ee3c nhi\u1ec1u ch\u1ec9 \u0111\u01b0\u1ee3c 2-2,5h.<\/p>\n<p>\u0110\u1ec3 s\u1eed d\u1ee5ng hi\u1ec7u qu\u1ea3 nh\u1ea5t th\u00ec m\u00ecnh n\u00ean s\u1eed d\u1ee5ng t\u1ed1i \u0111a th\u1ebb nh\u1edb 32G \u0111\u1ec3 camera ho\u1ea1t \u0111\u1ed9ng \u0111\u01b0\u1ee3c t\u1ed1t nh\u1ea5t nh\u00e9 \u00e1c b\u1ea1n.<\/p>\n<h2><em>Video h\u01b0\u1edbng d\u1eabn s\u1eed d\u1ee5ng:<\/em><\/h2>\n<p><iframe loading=\"lazy\" title=\"Review Camera \u1ed0c V\u00edt X9 Si\u00eau Nh\u1ecf || Camera si\u00eau nh\u1ecf ngu\u1ef5 trang \u1ed1c v\u00edt b\u00e9 nh\u1ea5t th\u1ebf gi\u1edbi\" width=\"1020\" height=\"574\" src=\"https:\/\/www.youtube.com\/embed\/_xK3Bg6dLTk?start=30&#038;feature=oembed\" frameborder=\"0\" allow=\"accelerometer; autoplay; clipboard-write; encrypted-media; gyroscope; picture-in-picture\" allowfullscreen><\/iframe><\/p>\n<h3>Li\u00ean h\u1ec7 mua h\u00e0ng<\/h3>\n<div dir=\"auto\"><span class=\"pq6dq46d tbxw36s4 knj5qynh kvgmc6g5 ditlmg2l oygrvhab nvdbi5me sf5mxxl7 gl3lb2sf hhz5lgdu\"><img loading=\"lazy\" decoding=\"async\" src=\"https:\/\/static.xx.fbcdn.net\/images\/emoji.php\/v9\/t22\/1\/16\/260e.png\" alt=\"\u260e\ufe0f\" width=\"16\" height=\"16\" \/><\/span> A H\u1ea3i: 094.226.2345 (zalo) &#8211; T\u01b0 V\u1ea5n 24\/24<\/div>\n<div class=\"o9v6fnle cxmmr5t8 oygrvhab hcukyx3x c1et5uql ii04i59q\">\n<h3 dir=\"auto\"><span class=\"pq6dq46d tbxw36s4 knj5qynh kvgmc6g5 ditlmg2l oygrvhab nvdbi5me sf5mxxl7 gl3lb2sf hhz5lgdu\"><img loading=\"lazy\" decoding=\"async\" src=\"https:\/\/static.xx.fbcdn.net\/images\/emoji.php\/v9\/ta7\/1\/16\/1f3ea.png\" alt=\"\ud83c\udfea\" width=\"16\" height=\"16\" \/><\/span> H\u00e0 N\u1ed9i: s\u1ed1 42 Th\u1ecbnh Li\u1ec7t &#8211; Ho\u00e0ng Mai &#8211; H\u00e0 N\u1ed9i<\/h3>\n<h3 dir=\"auto\"><span class=\"pq6dq46d tbxw36s4 knj5qynh kvgmc6g5 ditlmg2l oygrvhab nvdbi5me sf5mxxl7 gl3lb2sf hhz5lgdu\"><img loading=\"lazy\" decoding=\"async\" src=\"https:\/\/static.xx.fbcdn.net\/images\/emoji.php\/v9\/ta7\/1\/16\/1f3ea.png\" alt=\"\ud83c\udfea\" width=\"16\" height=\"16\" \/><\/span> S\u00e0i G\u00f2n: 558\/66 B\u00ecnh Qu\u1edbi &#8211; Ph\u01b0\u1eddng 28 &#8211; B\u00ecnh Th\u1ea1nh<\/h3>\n<\/div>\n","protected":false},"excerpt":{"rendered":"<p>Camera \u0110\u1ea7u \u0110inh V\u00edt X9 Si\u00eau nh\u1ecf \u0111\u01b0\u1ee3c thi\u1ebft k\u1ebf c\u1ef1c nh\u1ecf g\u1ecdn, tiinh vi c\u1ef1c k\u1ef3 kh\u00f3 ph\u00e1t hi\u1ec7n. Gi\u00fap ng\u01b0\u1eddi s\u1eed d\u1ee5ng c\u00f3 th\u1ec3 \u0111\u1ec3 b\u1ea5t c\u1ee9 \u0111\u00e2u v\u00e0 quay l\u1ea1i t\u1ea5t c\u1ea3 nh\u1eefng h\u00ecnh \u1ea3nh m\u00e0 m\u00ecnh mong mu\u1ed1n.<\/p>\n","protected":false},"featured_media":1643,"comment_status":"open","ping_status":"closed","template":"","meta":[],"product_cat":[30,56],"product_tag":[72,59,62,57,71,74,60,61,58],"class_list":{"0":"post-1248","1":"product","2":"type-product","3":"status-publish","4":"has-post-thumbnail","6":"product_cat-thiet-bi-quay-len","7":"product_cat-thiet-bi-quay-len-offline","8":"product_tag-camera-cuc-ao-s63","9":"product_tag-camera-giau-kin","10":"product_tag-camera-mini","11":"product_tag-camera-nguy-trang","12":"product_tag-camera-nguy-trang-cuc-ao","13":"product_tag-camera-nguy-trang-cuc-sac","14":"product_tag-camera-quay-len","15":"product_tag-camera-quay-trom","16":"product_tag-camera-sieu-nho","18":"first","19":"instock","20":"sale","21":"shipping-taxable","22":"purchasable","23":"product-type-simple"},"_links":{"self":[{"href":"https:\/\/cameraquaytrom.net\/index.php?rest_route=\/wp\/v2\/product\/1248"}],"collection":[{"href":"https:\/\/cameraquaytrom.net\/index.php?rest_route=\/wp\/v2\/product"}],"about":[{"href":"https:\/\/cameraquaytrom.net\/index.php?rest_route=\/wp\/v2\/types\/product"}],"replies":[{"embeddable":true,"href":"https:\/\/cameraquaytrom.net\/index.php?rest_route=%2Fwp%2Fv2%2Fcomments&post=1248"}],"wp:featuredmedia":[{"embeddable":true,"href":"https:\/\/cameraquaytrom.net\/index.php?rest_route=\/wp\/v2\/media\/1643"}],"wp:attachment":[{"href":"https:\/\/cameraquaytrom.net\/index.php?rest_route=%2Fwp%2Fv2%2Fmedia&parent=1248"}],"wp:term":[{"taxonomy":"product_cat","embeddable":true,"href":"https:\/\/cameraquaytrom.net\/index.php?rest_route=%2Fwp%2Fv2%2Fproduct_cat&post=1248"},{"taxonomy":"product_tag","embeddable":true,"href":"https:\/\/cameraquaytrom.net\/index.php?rest_route=%2Fwp%2Fv2%2Fproduct_tag&post=1248"}],"curies":[{"name":"wp","href":"https:\/\/api.w.org\/{rel}","templated":true}]}}