{"id":1261,"date":"2021-05-04T02:29:27","date_gmt":"2021-05-04T02:29:27","guid":{"rendered":"https:\/\/cameraquaytrom.net\/?post_type=product&#038;p=1261"},"modified":"2021-11-10T03:24:36","modified_gmt":"2021-11-10T03:24:36","slug":"camera-nguy-trang-o-dien-am-tuong-ip-wifi","status":"publish","type":"product","link":"https:\/\/cameraquaytrom.net\/?product=camera-nguy-trang-o-dien-am-tuong-ip-wifi","title":{"rendered":"Camera Ngu\u1ef5 Trang \u1ed4 \u0110i\u1ec7n \u00c2m T\u01b0\u1eddng IP WiFi"},"content":{"rendered":"<h1 style=\"text-align: center;\">Camera Ngu\u1ef5 Trang \u1ed4 \u0110i\u1ec7n \u00c2m T\u01b0\u1eddng IP WiFi<\/h1>\n<p><img loading=\"lazy\" decoding=\"async\" class=\"size-medium wp-image-1674 aligncenter\" src=\"https:\/\/cameraquaytrom.net\/wp-content\/uploads\/2021\/07\/z2459225492923_63d8e95479e6395f0442cca044ac0bc2-compressed-300x300.jpg\" alt=\"\" width=\"300\" height=\"300\" srcset=\"https:\/\/cameraquaytrom.net\/wp-content\/uploads\/2021\/07\/z2459225492923_63d8e95479e6395f0442cca044ac0bc2-compressed-300x300.jpg 300w, https:\/\/cameraquaytrom.net\/wp-content\/uploads\/2021\/07\/z2459225492923_63d8e95479e6395f0442cca044ac0bc2-compressed-1024x1024.jpg 1024w, https:\/\/cameraquaytrom.net\/wp-content\/uploads\/2021\/07\/z2459225492923_63d8e95479e6395f0442cca044ac0bc2-compressed-150x150.jpg 150w, https:\/\/cameraquaytrom.net\/wp-content\/uploads\/2021\/07\/z2459225492923_63d8e95479e6395f0442cca044ac0bc2-compressed-768x768.jpg 768w, https:\/\/cameraquaytrom.net\/wp-content\/uploads\/2021\/07\/z2459225492923_63d8e95479e6395f0442cca044ac0bc2-compressed-1536x1536.jpg 1536w, https:\/\/cameraquaytrom.net\/wp-content\/uploads\/2021\/07\/z2459225492923_63d8e95479e6395f0442cca044ac0bc2-compressed-2048x2048.jpg 2048w, https:\/\/cameraquaytrom.net\/wp-content\/uploads\/2021\/07\/z2459225492923_63d8e95479e6395f0442cca044ac0bc2-compressed-600x600.jpg 600w, https:\/\/cameraquaytrom.net\/wp-content\/uploads\/2021\/07\/z2459225492923_63d8e95479e6395f0442cca044ac0bc2-compressed-100x100.jpg 100w\" sizes=\"(max-width: 300px) 100vw, 300px\" \/><\/p>\n<p><img loading=\"lazy\" decoding=\"async\" class=\"size-medium wp-image-1673 aligncenter\" src=\"https:\/\/cameraquaytrom.net\/wp-content\/uploads\/2021\/07\/z2459225472641_50e84d6aa393f44c50890b8bd7bb0e4b-compressed-300x300.jpg\" alt=\"\" width=\"300\" height=\"300\" srcset=\"https:\/\/cameraquaytrom.net\/wp-content\/uploads\/2021\/07\/z2459225472641_50e84d6aa393f44c50890b8bd7bb0e4b-compressed-300x300.jpg 300w, https:\/\/cameraquaytrom.net\/wp-content\/uploads\/2021\/07\/z2459225472641_50e84d6aa393f44c50890b8bd7bb0e4b-compressed-1024x1024.jpg 1024w, https:\/\/cameraquaytrom.net\/wp-content\/uploads\/2021\/07\/z2459225472641_50e84d6aa393f44c50890b8bd7bb0e4b-compressed-150x150.jpg 150w, https:\/\/cameraquaytrom.net\/wp-content\/uploads\/2021\/07\/z2459225472641_50e84d6aa393f44c50890b8bd7bb0e4b-compressed-768x768.jpg 768w, https:\/\/cameraquaytrom.net\/wp-content\/uploads\/2021\/07\/z2459225472641_50e84d6aa393f44c50890b8bd7bb0e4b-compressed-1536x1536.jpg 1536w, https:\/\/cameraquaytrom.net\/wp-content\/uploads\/2021\/07\/z2459225472641_50e84d6aa393f44c50890b8bd7bb0e4b-compressed-2048x2048.jpg 2048w, https:\/\/cameraquaytrom.net\/wp-content\/uploads\/2021\/07\/z2459225472641_50e84d6aa393f44c50890b8bd7bb0e4b-compressed-600x600.jpg 600w, https:\/\/cameraquaytrom.net\/wp-content\/uploads\/2021\/07\/z2459225472641_50e84d6aa393f44c50890b8bd7bb0e4b-compressed-100x100.jpg 100w\" sizes=\"(max-width: 300px) 100vw, 300px\" \/><\/p>\n<p><img loading=\"lazy\" decoding=\"async\" class=\"size-medium wp-image-1675 aligncenter\" src=\"https:\/\/cameraquaytrom.net\/wp-content\/uploads\/2021\/07\/z2459225553201_55b3450a96ec23dd550e2e6c5eed5bbc-compressed-300x300.jpg\" alt=\"\" width=\"300\" height=\"300\" srcset=\"https:\/\/cameraquaytrom.net\/wp-content\/uploads\/2021\/07\/z2459225553201_55b3450a96ec23dd550e2e6c5eed5bbc-compressed-300x300.jpg 300w, https:\/\/cameraquaytrom.net\/wp-content\/uploads\/2021\/07\/z2459225553201_55b3450a96ec23dd550e2e6c5eed5bbc-compressed-1024x1024.jpg 1024w, https:\/\/cameraquaytrom.net\/wp-content\/uploads\/2021\/07\/z2459225553201_55b3450a96ec23dd550e2e6c5eed5bbc-compressed-150x150.jpg 150w, https:\/\/cameraquaytrom.net\/wp-content\/uploads\/2021\/07\/z2459225553201_55b3450a96ec23dd550e2e6c5eed5bbc-compressed-768x768.jpg 768w, https:\/\/cameraquaytrom.net\/wp-content\/uploads\/2021\/07\/z2459225553201_55b3450a96ec23dd550e2e6c5eed5bbc-compressed-1536x1536.jpg 1536w, https:\/\/cameraquaytrom.net\/wp-content\/uploads\/2021\/07\/z2459225553201_55b3450a96ec23dd550e2e6c5eed5bbc-compressed-2048x2048.jpg 2048w, https:\/\/cameraquaytrom.net\/wp-content\/uploads\/2021\/07\/z2459225553201_55b3450a96ec23dd550e2e6c5eed5bbc-compressed-600x600.jpg 600w, https:\/\/cameraquaytrom.net\/wp-content\/uploads\/2021\/07\/z2459225553201_55b3450a96ec23dd550e2e6c5eed5bbc-compressed-100x100.jpg 100w\" sizes=\"(max-width: 300px) 100vw, 300px\" \/><\/p>\n<p>\u1ed4 \u0110i\u1ec7n G\u1eafn Camera &#8211; C\u1ea3nh b\u00e1o \u0111i Nh\u00e0 Ngh\u1ec9 Kh\u00e1ch S\u1ea1n c\u1ea7n ch\u00fa \u00fd \u0111\u1ebfn thi\u1ebft b\u1ecb quay l\u00e9n ngu\u1ef5 trang \u1ed5 \u0111i\u1ec7n<\/p>\n<p>Hi\u1ec7n nay, tr\u00ean th\u1ecb tr\u01b0\u1eddng c\u00f3 r\u1ea5t nhi\u1ec1u c\u00e1c lo\u1ea1i camera gi\u1ea5u k\u00edn m\u00e0 c\u00e1c \u0111\u1ed1i t\u01b0\u1ee3ng c\u00f3 h\u00e0nh vi x\u1ea5u s\u1eed d\u1ee5ng g\u1eafn trong c\u00e1c nh\u00e0 ngh\u1ec9 kh\u00e1ch s\u1ea1n \u0111\u1ec3 quay l\u1ea1i nh\u1eefng c\u1ea3nh ri\u00eang t\u01b0, r\u1ed3i sau \u0111\u00f3 th\u1ef1c hi\u1ec7n c\u00e1c h\u00e0nh vi ph\u1ea1m ph\u00e1p nh\u01b0: t\u1ed1ng ti\u1ec1n, \u0111e do\u1ea1,&#8230;<\/p>\n<p>Cho n\u00ean c\u00e1c b\u1ea1n khi c\u00f3 \u0111i nh\u00e0 ngh\u1ec9 kh\u00e1ch s\u1ea1n c\u1ea7n l\u01b0u \u00fd nh\u1eefng \u0111i\u1ec1u sau:<\/p>\n<p>&#8211; Tr\u01b0\u1edbc khi v\u00e0o ph\u00f2ng th\u00ec n\u00ean ki\u1ec3m tra k\u1ef9 c\u00e1c v\u1eadt li\u1ec7u xem c\u00f3 g\u00ec kh\u00e1c bi\u1ec7t hay kh\u00f4ng<\/p>\n<p>&#8211; T\u1eaft h\u1ebft \u0111i\u1ec7n r\u1ed3i b\u1eadt camera \u0111i\u1ec7n tho\u1ea1i n\u00ean xem c\u00f3 \u00e1nh \u0111\u00e8n kh\u00e1c bi\u1ec7t kh\u00f4ng<\/p>\n<p>&#8211; N\u1ebfu kh\u00f4ng th\u1ea5y g\u00ec kh\u00e1c bi\u1ec7t th\u00ec m\u1edbi v\u00e0o l\u00e0m nh\u1eefng vi\u1ec7c ri\u00eang \u1ee7a m\u00ecnh<\/p>\n<p>Thi\u1ebft b\u1ecb th\u01b0\u1eddng xuy\u00ean \u0111\u01b0\u1ee3c c\u00e1c \u0111\u1ed1i t\u01b0\u1ee3ng x\u1ea5u s\u1eed d\u1ee5ng \u0111\u00f3 ch\u00ednh l\u00e0 lo\u1ea1i camera g\u1eafn ngu\u1ef5 trang trong \u1ed5 \u0111i\u1ec7n. Thi\u1ebft b\u1ecb n\u00e0y \u0111\u01b0\u1ee3c gi\u1ea5u k\u00edn r\u1ea5t kh\u00f3 ph\u00e1t hi\u1ec7n<\/p>\n<p>B\u00ean c\u1ea1nh nh\u1eefng h\u00e0nh vi vi ph\u1ea1m h\u00e1p lu\u1eadt nh\u01b0 v\u1eady th\u00ec thi\u1ebft b\u1ecb camera ngu\u1ef5 trang \u1ed5 \u0111i\u1ec7n c\u0169ng \u0111\u01b0\u1ee3c \u00e1p d\u1ee5ng nhi\u1ec1u trong cu\u1ed9c s\u1ed1ng h\u00e0ng ng\u00e0y, n\u00f3 c\u0169ng gi\u00fap \u0111\u01b0\u1ee3c ch\u00fang ta r\u1ea5t nhi\u1ec1u trong cu\u1ed9c s\u1ed1ng nh\u01b0 \u0111\u1ec3:<\/p>\n<p>&#8211; Gi\u00e1m s\u00e1t ng\u01b0\u1eddi gi\u00fap vi\u1ec7c, b\u1ea3o m\u1eabu<\/p>\n<p>&#8211; Gi\u00e1m s\u00e1t con c\u00e1i t\u1eeb xa m\u00e0 con h\u00f4ng h\u1ec1 bi\u1ebft &#8211; Qu\u1ea3n l\u00fd nh\u00e2n vi\u00ean, c\u00f4ng nh\u00e2n &#8211; Gi\u00e1m s\u00e1t nh\u00e0 c\u1eeda, v\u1eadt nu\u00f4i,&#8230;.<\/p>\n<p>&#8212; &#8230;&#8230;&#8230; Khi c\u00e1c b\u1ea1n th\u1ef1c s\u1ef1 c\u1ea7n m\u1ed9t thi\u1ebft b\u1ecb camera gi\u1ea5u k\u00edn th\u00ec chi\u1ebfc \u1ed5 \u0111i\u1ec7n camera n\u00e0y lai l\u00e0 m\u1ed9t s\u00e1ng ph\u1ea9m r\u1ea5t \u0111\u00e1ng quan t\u00e2m v\u00ec h\u00ecnh d\u1ea1ng c\u1ef1c kh\u00f3 ph\u00e1t hi\u1ec7n v\u00e0 k\u00e8m r\u1ea5t nhi\u1ec1u t\u00ednh n\u0103ng n\u1ed5i b\u1eadt. C\u00e1c b\u1ea1n c\u00f3 nhu c\u1ea7u t\u00ecm mua s\u1ea3n ph\u1ea9m th\u00ec h\u00e3y li\u00ean h\u1ec7 ngay v\u1edbi m\u00ecnh nh\u00e9<\/p>\n<p>L\u01b0u \u00fd: ch\u00fang t\u00f4i ch\u1ec9 b\u00e1n s\u1ea3n ph\u1ea9m cho c\u00e1c kh\u00e1ch h\u00e0ng th\u1ef1c hi\u1ec7n v\u00e0o m\u1ee5c \u0111\u00edch nh\u1ea5t \u0111\u1ecbnh. Nghi\u00eam c\u1ea5m c\u00e1c h\u00e0nh vi mua v\u1ec1 s\u1eed d\u1ee5ng trong c\u00e1c tr\u01b0\u1eddng h\u1ee3p vi ph\u1ea1m ph\u00e1p lu\u1eadt. Kh\u00e1ch h\u00e0ng tr\u01b0\u1edbc khi mua h\u00e0ng n\u00ean t\u00ecm hi\u1ec3u k\u1ef9, m\u1ecdi v\u1ea5n \u0111\u1ec1 li\u00ean quan \u0111\u1ebfn ph\u00e1p lu\u1eadt kh\u00e1ch h\u00e0ng t\u1ef1 ch\u1ecbu.C\u1ea3m \u01a1n!<\/p>\n<h2><em><span style=\"text-decoration: underline;\">Video h\u01b0\u1edbng d\u1eab s\u1eed d\u1ee5ng<\/span><\/em><\/h2>\n<p><iframe loading=\"lazy\" title=\"Review Camera ngu\u1ef5 Trang \u1ed4 \u0110i\u1ec7n \u00c2m T\u01b0\u1eddng || Gi\u1eadt m\u00ecnh ph\u00e1t hi\u1ec7n \u1ed5 c\u1eafm \u0111i\u1ec7n \u00e2m t\u01b0\u1eddng g\u1eafn camera mini\" width=\"1020\" height=\"574\" src=\"https:\/\/www.youtube.com\/embed\/OddUXnVDl4o?start=107&#038;feature=oembed\" frameborder=\"0\" allow=\"accelerometer; autoplay; clipboard-write; encrypted-media; gyroscope; picture-in-picture\" allowfullscreen><\/iframe><\/p>\n<h3>Li\u00ean h\u1ec7 mua h\u00e0ng<\/h3>\n<div dir=\"auto\"><span class=\"pq6dq46d tbxw36s4 knj5qynh kvgmc6g5 ditlmg2l oygrvhab nvdbi5me sf5mxxl7 gl3lb2sf hhz5lgdu\"><img loading=\"lazy\" decoding=\"async\" src=\"https:\/\/static.xx.fbcdn.net\/images\/emoji.php\/v9\/t22\/1\/16\/260e.png\" alt=\"\u260e\ufe0f\" width=\"16\" height=\"16\" \/><\/span> A H\u1ea3i: 094.226.2345 (zalo) &#8211; T\u01b0 V\u1ea5n 24\/24<\/div>\n<div class=\"o9v6fnle cxmmr5t8 oygrvhab hcukyx3x c1et5uql ii04i59q\">\n<h3 dir=\"auto\"><span class=\"pq6dq46d tbxw36s4 knj5qynh kvgmc6g5 ditlmg2l oygrvhab nvdbi5me sf5mxxl7 gl3lb2sf hhz5lgdu\"><img loading=\"lazy\" decoding=\"async\" src=\"https:\/\/static.xx.fbcdn.net\/images\/emoji.php\/v9\/ta7\/1\/16\/1f3ea.png\" alt=\"\ud83c\udfea\" width=\"16\" height=\"16\" \/><\/span> H\u00e0 N\u1ed9i: s\u1ed1 42 Th\u1ecbnh Li\u1ec7t &#8211; Ho\u00e0ng Mai &#8211; H\u00e0 N\u1ed9i<\/h3>\n<h3 dir=\"auto\"><span class=\"pq6dq46d tbxw36s4 knj5qynh kvgmc6g5 ditlmg2l oygrvhab nvdbi5me sf5mxxl7 gl3lb2sf hhz5lgdu\"><img loading=\"lazy\" decoding=\"async\" src=\"https:\/\/static.xx.fbcdn.net\/images\/emoji.php\/v9\/ta7\/1\/16\/1f3ea.png\" alt=\"\ud83c\udfea\" width=\"16\" height=\"16\" \/><\/span> S\u00e0i G\u00f2n: 558\/66 B\u00ecnh Qu\u1edbi &#8211; Ph\u01b0\u1eddng 28 &#8211; B\u00ecnh Th\u1ea1nh<\/h3>\n<\/div>\n","protected":false},"excerpt":{"rendered":"<p>\u1ed4 \u0110i\u1ec7n G\u1eafn Camera &#8211; C\u1ea3nh b\u00e1o \u0111i Nh\u00e0 Ngh\u1ec9 Kh\u00e1ch S\u1ea1n c\u1ea7n ch\u00fa \u00fd \u0111\u1ebfn thi\u1ebft b\u1ecb quay l\u00e9n ngu\u1ef5 trang \u1ed5 \u0111i\u1ec7n<\/p>\n","protected":false},"featured_media":1673,"comment_status":"open","ping_status":"closed","template":"","meta":[],"product_cat":[30,55],"product_tag":[59,62,57,71,92,60,61,58,68,93],"class_list":{"0":"post-1261","1":"product","2":"type-product","3":"status-publish","4":"has-post-thumbnail","6":"product_cat-thiet-bi-quay-len","7":"product_cat-thiet-bi-quay-len-online","8":"product_tag-camera-giau-kin","9":"product_tag-camera-mini","10":"product_tag-camera-nguy-trang","11":"product_tag-camera-nguy-trang-cuc-ao","12":"product_tag-camera-nguy-trang-o-dien","13":"product_tag-camera-quay-len","14":"product_tag-camera-quay-trom","15":"product_tag-camera-sieu-nho","16":"product_tag-camera-xem-tu-xa","17":"product_tag-o-dien-camera","19":"first","20":"instock","21":"sale","22":"shipping-taxable","23":"purchasable","24":"product-type-simple"},"_links":{"self":[{"href":"https:\/\/cameraquaytrom.net\/index.php?rest_route=\/wp\/v2\/product\/1261"}],"collection":[{"href":"https:\/\/cameraquaytrom.net\/index.php?rest_route=\/wp\/v2\/product"}],"about":[{"href":"https:\/\/cameraquaytrom.net\/index.php?rest_route=\/wp\/v2\/types\/product"}],"replies":[{"embeddable":true,"href":"https:\/\/cameraquaytrom.net\/index.php?rest_route=%2Fwp%2Fv2%2Fcomments&post=1261"}],"wp:featuredmedia":[{"embeddable":true,"href":"https:\/\/cameraquaytrom.net\/index.php?rest_route=\/wp\/v2\/media\/1673"}],"wp:attachment":[{"href":"https:\/\/cameraquaytrom.net\/index.php?rest_route=%2Fwp%2Fv2%2Fmedia&parent=1261"}],"wp:term":[{"taxonomy":"product_cat","embeddable":true,"href":"https:\/\/cameraquaytrom.net\/index.php?rest_route=%2Fwp%2Fv2%2Fproduct_cat&post=1261"},{"taxonomy":"product_tag","embeddable":true,"href":"https:\/\/cameraquaytrom.net\/index.php?rest_route=%2Fwp%2Fv2%2Fproduct_tag&post=1261"}],"curies":[{"name":"wp","href":"https:\/\/api.w.org\/{rel}","templated":true}]}}