{"id":1272,"date":"2021-05-04T02:51:21","date_gmt":"2021-05-04T02:51:21","guid":{"rendered":"https:\/\/cameraquaytrom.net\/?post_type=product&#038;p=1272"},"modified":"2021-07-29T14:23:03","modified_gmt":"2021-07-29T14:23:03","slug":"the-deo-gan-dinh-vi-nghe-len-cho-tre-em","status":"publish","type":"product","link":"https:\/\/cameraquaytrom.net\/?product=the-deo-gan-dinh-vi-nghe-len-cho-tre-em","title":{"rendered":"Th\u1ebb \u0110eo G\u1eafn \u0110\u1ecbnh V\u1ecb Nghe L\u00e9n Cho Tr\u1ebb Em"},"content":{"rendered":"<h1 style=\"text-align: center;\">Th\u1ebb \u0110eo G\u1eafn \u0110\u1ecbnh V\u1ecb Nghe L\u00e9n Cho Tr\u1ebb Em<\/h1>\n<p><img loading=\"lazy\" decoding=\"async\" class=\"size-medium wp-image-1681 aligncenter\" src=\"https:\/\/cameraquaytrom.net\/wp-content\/uploads\/2021\/07\/z2459346633311_497ac00732863a1de79555706248abb1-compressed-300x300.jpg\" alt=\"\" width=\"300\" height=\"300\" srcset=\"https:\/\/cameraquaytrom.net\/wp-content\/uploads\/2021\/07\/z2459346633311_497ac00732863a1de79555706248abb1-compressed-300x300.jpg 300w, https:\/\/cameraquaytrom.net\/wp-content\/uploads\/2021\/07\/z2459346633311_497ac00732863a1de79555706248abb1-compressed-1024x1024.jpg 1024w, https:\/\/cameraquaytrom.net\/wp-content\/uploads\/2021\/07\/z2459346633311_497ac00732863a1de79555706248abb1-compressed-150x150.jpg 150w, https:\/\/cameraquaytrom.net\/wp-content\/uploads\/2021\/07\/z2459346633311_497ac00732863a1de79555706248abb1-compressed-768x768.jpg 768w, https:\/\/cameraquaytrom.net\/wp-content\/uploads\/2021\/07\/z2459346633311_497ac00732863a1de79555706248abb1-compressed-1536x1536.jpg 1536w, https:\/\/cameraquaytrom.net\/wp-content\/uploads\/2021\/07\/z2459346633311_497ac00732863a1de79555706248abb1-compressed-2048x2048.jpg 2048w, https:\/\/cameraquaytrom.net\/wp-content\/uploads\/2021\/07\/z2459346633311_497ac00732863a1de79555706248abb1-compressed-600x600.jpg 600w, https:\/\/cameraquaytrom.net\/wp-content\/uploads\/2021\/07\/z2459346633311_497ac00732863a1de79555706248abb1-compressed-100x100.jpg 100w\" sizes=\"(max-width: 300px) 100vw, 300px\" \/><\/p>\n<p><img loading=\"lazy\" decoding=\"async\" class=\"size-medium wp-image-1682 aligncenter\" src=\"https:\/\/cameraquaytrom.net\/wp-content\/uploads\/2021\/07\/z2459346665666_30db25228899a516b7788dbb8e76e640-compressed-300x300.jpg\" alt=\"\" width=\"300\" height=\"300\" srcset=\"https:\/\/cameraquaytrom.net\/wp-content\/uploads\/2021\/07\/z2459346665666_30db25228899a516b7788dbb8e76e640-compressed-300x300.jpg 300w, https:\/\/cameraquaytrom.net\/wp-content\/uploads\/2021\/07\/z2459346665666_30db25228899a516b7788dbb8e76e640-compressed-1024x1024.jpg 1024w, https:\/\/cameraquaytrom.net\/wp-content\/uploads\/2021\/07\/z2459346665666_30db25228899a516b7788dbb8e76e640-compressed-150x150.jpg 150w, https:\/\/cameraquaytrom.net\/wp-content\/uploads\/2021\/07\/z2459346665666_30db25228899a516b7788dbb8e76e640-compressed-768x768.jpg 768w, https:\/\/cameraquaytrom.net\/wp-content\/uploads\/2021\/07\/z2459346665666_30db25228899a516b7788dbb8e76e640-compressed-1536x1536.jpg 1536w, https:\/\/cameraquaytrom.net\/wp-content\/uploads\/2021\/07\/z2459346665666_30db25228899a516b7788dbb8e76e640-compressed-2048x2048.jpg 2048w, https:\/\/cameraquaytrom.net\/wp-content\/uploads\/2021\/07\/z2459346665666_30db25228899a516b7788dbb8e76e640-compressed-600x600.jpg 600w, https:\/\/cameraquaytrom.net\/wp-content\/uploads\/2021\/07\/z2459346665666_30db25228899a516b7788dbb8e76e640-compressed-100x100.jpg 100w\" sizes=\"(max-width: 300px) 100vw, 300px\" \/><\/p>\n<p><img loading=\"lazy\" decoding=\"async\" class=\"size-medium wp-image-1683 aligncenter\" src=\"https:\/\/cameraquaytrom.net\/wp-content\/uploads\/2021\/07\/z2459346712687_f5311e2270aea5ce7a2a823e89a58d89-compressed-300x300.jpg\" alt=\"\" width=\"300\" height=\"300\" srcset=\"https:\/\/cameraquaytrom.net\/wp-content\/uploads\/2021\/07\/z2459346712687_f5311e2270aea5ce7a2a823e89a58d89-compressed-300x300.jpg 300w, https:\/\/cameraquaytrom.net\/wp-content\/uploads\/2021\/07\/z2459346712687_f5311e2270aea5ce7a2a823e89a58d89-compressed-1024x1024.jpg 1024w, https:\/\/cameraquaytrom.net\/wp-content\/uploads\/2021\/07\/z2459346712687_f5311e2270aea5ce7a2a823e89a58d89-compressed-150x150.jpg 150w, https:\/\/cameraquaytrom.net\/wp-content\/uploads\/2021\/07\/z2459346712687_f5311e2270aea5ce7a2a823e89a58d89-compressed-768x768.jpg 768w, https:\/\/cameraquaytrom.net\/wp-content\/uploads\/2021\/07\/z2459346712687_f5311e2270aea5ce7a2a823e89a58d89-compressed-1536x1536.jpg 1536w, https:\/\/cameraquaytrom.net\/wp-content\/uploads\/2021\/07\/z2459346712687_f5311e2270aea5ce7a2a823e89a58d89-compressed-2048x2048.jpg 2048w, https:\/\/cameraquaytrom.net\/wp-content\/uploads\/2021\/07\/z2459346712687_f5311e2270aea5ce7a2a823e89a58d89-compressed-600x600.jpg 600w, https:\/\/cameraquaytrom.net\/wp-content\/uploads\/2021\/07\/z2459346712687_f5311e2270aea5ce7a2a823e89a58d89-compressed-100x100.jpg 100w\" sizes=\"(max-width: 300px) 100vw, 300px\" \/><\/p>\n<p><img loading=\"lazy\" decoding=\"async\" class=\"size-medium wp-image-1684 aligncenter\" src=\"https:\/\/cameraquaytrom.net\/wp-content\/uploads\/2021\/07\/z2459346754781_c88d46f1a637eda6fc896af5aa4976ec-compressed-300x300.jpg\" alt=\"\" width=\"300\" height=\"300\" srcset=\"https:\/\/cameraquaytrom.net\/wp-content\/uploads\/2021\/07\/z2459346754781_c88d46f1a637eda6fc896af5aa4976ec-compressed-300x300.jpg 300w, https:\/\/cameraquaytrom.net\/wp-content\/uploads\/2021\/07\/z2459346754781_c88d46f1a637eda6fc896af5aa4976ec-compressed-1024x1024.jpg 1024w, https:\/\/cameraquaytrom.net\/wp-content\/uploads\/2021\/07\/z2459346754781_c88d46f1a637eda6fc896af5aa4976ec-compressed-150x150.jpg 150w, https:\/\/cameraquaytrom.net\/wp-content\/uploads\/2021\/07\/z2459346754781_c88d46f1a637eda6fc896af5aa4976ec-compressed-768x768.jpg 768w, https:\/\/cameraquaytrom.net\/wp-content\/uploads\/2021\/07\/z2459346754781_c88d46f1a637eda6fc896af5aa4976ec-compressed-1536x1536.jpg 1536w, https:\/\/cameraquaytrom.net\/wp-content\/uploads\/2021\/07\/z2459346754781_c88d46f1a637eda6fc896af5aa4976ec-compressed-2048x2048.jpg 2048w, https:\/\/cameraquaytrom.net\/wp-content\/uploads\/2021\/07\/z2459346754781_c88d46f1a637eda6fc896af5aa4976ec-compressed-600x600.jpg 600w, https:\/\/cameraquaytrom.net\/wp-content\/uploads\/2021\/07\/z2459346754781_c88d46f1a637eda6fc896af5aa4976ec-compressed-100x100.jpg 100w\" sizes=\"(max-width: 300px) 100vw, 300px\" \/><\/p>\n<p>Th\u1ebb \u0111eo g\u1eafn \u0111\u1ecbnh v\u1ecb nghe l\u00e9n gi\u00fap c\u00e1c b\u1eadc cha m\u1eb9 c\u00f3 th\u1ec3 an t\u00e2m h\u01a1n khi g\u1eedi con nh\u1ecf \u0111\u1ebfn tr\u01b0\u1eddng l\u1edbp. Chi\u1ebfc th\u1ebb n\u00e0y c\u00f3 th\u1ec3 \u0111\u1ecbnh v\u1ecb \u0111\u01b0\u1ee3c v\u1ecb tr\u00ed c\u1ee7a b\u00e9 ch\u00ednh x\u00e1c tuy\u1ec7t \u0111\u1ed1i.<\/p>\n<p>Hi\u1ec7n nay th\u00ec r\u1ea5t nhi\u1ec1u m\u1eb9 s\u1ee3 con m\u00ecnh g\u1eedi l\u1edbp b\u1ecb c\u00e1c c\u00f4 gi\u00e1o \u0111\u00e1nh \u0111\u1eadp tr\u00f9 d\u1eadp th\u00ec khi cho b\u00e9 s\u1eed d\u1ee5ng th\u1ebb \u0111\u00e9o \u0111\u1ecbnh v\u1ecb nghe l\u00e9n n\u00e0y b\u1ea1n c\u00f3 th\u1ec3 nghe \u0111\u01b0\u1ee3c \u00e2m thanh khi c\u00f4 qu\u00e1t m\u00e1ng c\u0169ng nh\u01b0 \u0111\u00e1nh b\u00e9, v\u00e0 n\u00f3 l\u01b0u l\u1ea1i h\u1ebft gi\u00fap m\u00ecnh c\u00f3 b\u1eb1ng ch\u1ee9ng s\u1ed1ng khi \u0111\u1ed1i ch\u1ea5t s\u1eed l\u00fd c\u00f4 gi\u00e1o.<\/p>\n<h3>Li\u00ean h\u1ec7 mua h\u00e0ng<\/h3>\n<div dir=\"auto\"><span class=\"pq6dq46d tbxw36s4 knj5qynh kvgmc6g5 ditlmg2l oygrvhab nvdbi5me sf5mxxl7 gl3lb2sf hhz5lgdu\"><img loading=\"lazy\" decoding=\"async\" src=\"https:\/\/static.xx.fbcdn.net\/images\/emoji.php\/v9\/t22\/1\/16\/260e.png\" alt=\"\u260e\ufe0f\" width=\"16\" height=\"16\" \/><\/span> A H\u1ea3i: 094.226.2345 (zalo) &#8211; T\u01b0 V\u1ea5n 24\/24<\/div>\n<div class=\"o9v6fnle cxmmr5t8 oygrvhab hcukyx3x c1et5uql ii04i59q\">\n<h3 dir=\"auto\"><span class=\"pq6dq46d tbxw36s4 knj5qynh kvgmc6g5 ditlmg2l oygrvhab nvdbi5me sf5mxxl7 gl3lb2sf hhz5lgdu\"><img loading=\"lazy\" decoding=\"async\" src=\"https:\/\/static.xx.fbcdn.net\/images\/emoji.php\/v9\/ta7\/1\/16\/1f3ea.png\" alt=\"\ud83c\udfea\" width=\"16\" height=\"16\" \/><\/span> H\u00e0 N\u1ed9i: s\u1ed1 42 Th\u1ecbnh Li\u1ec7t &#8211; Ho\u00e0ng Mai &#8211; H\u00e0 N\u1ed9i<\/h3>\n<h3 dir=\"auto\"><span class=\"pq6dq46d tbxw36s4 knj5qynh kvgmc6g5 ditlmg2l oygrvhab nvdbi5me sf5mxxl7 gl3lb2sf hhz5lgdu\"><img loading=\"lazy\" decoding=\"async\" src=\"https:\/\/static.xx.fbcdn.net\/images\/emoji.php\/v9\/ta7\/1\/16\/1f3ea.png\" alt=\"\ud83c\udfea\" width=\"16\" height=\"16\" \/><\/span> S\u00e0i G\u00f2n: 558\/66 B\u00ecnh Qu\u1edbi &#8211; Ph\u01b0\u1eddng 28 &#8211; B\u00ecnh Th\u1ea1nh<\/h3>\n<\/div>\n","protected":false},"excerpt":{"rendered":"<p>Hi\u1ec7n nay th\u00ec r\u1ea5t nhi\u1ec1u m\u1eb9 s\u1ee3 con m\u00ecnh g\u1eedi l\u1edbp b\u1ecb c\u00e1c c\u00f4 gi\u00e1o \u0111\u00e1nh \u0111\u1eadp tr\u00f9 d\u1eadp th\u00ec khi cho b\u00e9 s\u1eed d\u1ee5ng th\u1ebb \u0111\u00e9o \u0111\u1ecbnh v\u1ecb nghe l\u00e9n n\u00e0y b\u1ea1n c\u00f3 th\u1ec3 nghe \u0111\u01b0\u1ee3c \u00e2m thanh khi c\u00f4 qu\u00e1t m\u00e1ng c\u0169ng nh\u01b0 \u0111\u00e1nh b\u00e9, v\u00e0 n\u00f3 l\u01b0u l\u1ea1i h\u1ebft gi\u00fap m\u00ecnh c\u00f3 b\u1eb1ng ch\u1ee9ng s\u1ed1ng khi \u0111\u1ed1i ch\u1ea5t s\u1eed l\u00fd c\u00f4 gi\u00e1o.<\/p>\n","protected":false},"featured_media":1682,"comment_status":"open","ping_status":"closed","template":"","meta":[],"product_cat":[33,28,29],"product_tag":[38,37,47],"class_list":{"0":"post-1272","1":"product","2":"type-product","3":"status-publish","4":"has-post-thumbnail","6":"product_cat-may-nghe-len","7":"product_cat-thiet-bi-dinh-vi","8":"product_cat-thiet-bi-nghe-len","9":"product_tag-dinh-vi-nghe-len-khong-day","10":"product_tag-may-nghe-len","11":"product_tag-may-nghe-len-nguy-trang","13":"first","14":"instock","15":"sale","16":"shipping-taxable","17":"purchasable","18":"product-type-simple"},"_links":{"self":[{"href":"https:\/\/cameraquaytrom.net\/index.php?rest_route=\/wp\/v2\/product\/1272"}],"collection":[{"href":"https:\/\/cameraquaytrom.net\/index.php?rest_route=\/wp\/v2\/product"}],"about":[{"href":"https:\/\/cameraquaytrom.net\/index.php?rest_route=\/wp\/v2\/types\/product"}],"replies":[{"embeddable":true,"href":"https:\/\/cameraquaytrom.net\/index.php?rest_route=%2Fwp%2Fv2%2Fcomments&post=1272"}],"wp:featuredmedia":[{"embeddable":true,"href":"https:\/\/cameraquaytrom.net\/index.php?rest_route=\/wp\/v2\/media\/1682"}],"wp:attachment":[{"href":"https:\/\/cameraquaytrom.net\/index.php?rest_route=%2Fwp%2Fv2%2Fmedia&parent=1272"}],"wp:term":[{"taxonomy":"product_cat","embeddable":true,"href":"https:\/\/cameraquaytrom.net\/index.php?rest_route=%2Fwp%2Fv2%2Fproduct_cat&post=1272"},{"taxonomy":"product_tag","embeddable":true,"href":"https:\/\/cameraquaytrom.net\/index.php?rest_route=%2Fwp%2Fv2%2Fproduct_tag&post=1272"}],"curies":[{"name":"wp","href":"https:\/\/api.w.org\/{rel}","templated":true}]}}