{"id":1277,"date":"2021-05-04T03:00:57","date_gmt":"2021-05-04T03:00:57","guid":{"rendered":"https:\/\/cameraquaytrom.net\/?post_type=product&#038;p=1277"},"modified":"2021-07-29T14:21:29","modified_gmt":"2021-07-29T14:21:29","slug":"camera-quay-len-nguy-trang-usb-q2","status":"publish","type":"product","link":"https:\/\/cameraquaytrom.net\/?product=camera-quay-len-nguy-trang-usb-q2","title":{"rendered":"Camera Quay L\u00e9n Ngu\u1ef5 Trang USB Q2"},"content":{"rendered":"<h1 style=\"text-align: center;\">Camera Quay L\u00e9n Ngu\u1ef5 Trang USB Q2<\/h1>\n<p><img loading=\"lazy\" decoding=\"async\" class=\"size-medium wp-image-1712 aligncenter\" src=\"https:\/\/cameraquaytrom.net\/wp-content\/uploads\/2021\/07\/z2459347782290_c8cfff540d05c4d9da9807a453c9f2ee-compressed-300x300.jpg\" alt=\"\" width=\"300\" height=\"300\" srcset=\"https:\/\/cameraquaytrom.net\/wp-content\/uploads\/2021\/07\/z2459347782290_c8cfff540d05c4d9da9807a453c9f2ee-compressed-300x300.jpg 300w, https:\/\/cameraquaytrom.net\/wp-content\/uploads\/2021\/07\/z2459347782290_c8cfff540d05c4d9da9807a453c9f2ee-compressed-1024x1024.jpg 1024w, https:\/\/cameraquaytrom.net\/wp-content\/uploads\/2021\/07\/z2459347782290_c8cfff540d05c4d9da9807a453c9f2ee-compressed-150x150.jpg 150w, https:\/\/cameraquaytrom.net\/wp-content\/uploads\/2021\/07\/z2459347782290_c8cfff540d05c4d9da9807a453c9f2ee-compressed-768x768.jpg 768w, https:\/\/cameraquaytrom.net\/wp-content\/uploads\/2021\/07\/z2459347782290_c8cfff540d05c4d9da9807a453c9f2ee-compressed-1536x1536.jpg 1536w, https:\/\/cameraquaytrom.net\/wp-content\/uploads\/2021\/07\/z2459347782290_c8cfff540d05c4d9da9807a453c9f2ee-compressed-2048x2048.jpg 2048w, https:\/\/cameraquaytrom.net\/wp-content\/uploads\/2021\/07\/z2459347782290_c8cfff540d05c4d9da9807a453c9f2ee-compressed-600x600.jpg 600w, https:\/\/cameraquaytrom.net\/wp-content\/uploads\/2021\/07\/z2459347782290_c8cfff540d05c4d9da9807a453c9f2ee-compressed-100x100.jpg 100w\" sizes=\"(max-width: 300px) 100vw, 300px\" \/><\/p>\n<p><img loading=\"lazy\" decoding=\"async\" class=\"size-medium wp-image-1713 aligncenter\" src=\"https:\/\/cameraquaytrom.net\/wp-content\/uploads\/2021\/07\/z2459347784650_fc61a51834a26337789a5230b0cf27fa-compressed-300x300.jpg\" alt=\"\" width=\"300\" height=\"300\" srcset=\"https:\/\/cameraquaytrom.net\/wp-content\/uploads\/2021\/07\/z2459347784650_fc61a51834a26337789a5230b0cf27fa-compressed-300x300.jpg 300w, https:\/\/cameraquaytrom.net\/wp-content\/uploads\/2021\/07\/z2459347784650_fc61a51834a26337789a5230b0cf27fa-compressed-1024x1024.jpg 1024w, https:\/\/cameraquaytrom.net\/wp-content\/uploads\/2021\/07\/z2459347784650_fc61a51834a26337789a5230b0cf27fa-compressed-150x150.jpg 150w, https:\/\/cameraquaytrom.net\/wp-content\/uploads\/2021\/07\/z2459347784650_fc61a51834a26337789a5230b0cf27fa-compressed-768x768.jpg 768w, https:\/\/cameraquaytrom.net\/wp-content\/uploads\/2021\/07\/z2459347784650_fc61a51834a26337789a5230b0cf27fa-compressed-1536x1536.jpg 1536w, https:\/\/cameraquaytrom.net\/wp-content\/uploads\/2021\/07\/z2459347784650_fc61a51834a26337789a5230b0cf27fa-compressed-2048x2048.jpg 2048w, https:\/\/cameraquaytrom.net\/wp-content\/uploads\/2021\/07\/z2459347784650_fc61a51834a26337789a5230b0cf27fa-compressed-600x600.jpg 600w, https:\/\/cameraquaytrom.net\/wp-content\/uploads\/2021\/07\/z2459347784650_fc61a51834a26337789a5230b0cf27fa-compressed-100x100.jpg 100w\" sizes=\"(max-width: 300px) 100vw, 300px\" \/><\/p>\n<p><img loading=\"lazy\" decoding=\"async\" class=\"size-medium wp-image-1714 aligncenter\" src=\"https:\/\/cameraquaytrom.net\/wp-content\/uploads\/2021\/07\/z2459347805099_ca9bae4d3f7affa54d668edebcd3abb9-compressed-300x300.jpg\" alt=\"\" width=\"300\" height=\"300\" srcset=\"https:\/\/cameraquaytrom.net\/wp-content\/uploads\/2021\/07\/z2459347805099_ca9bae4d3f7affa54d668edebcd3abb9-compressed-300x300.jpg 300w, https:\/\/cameraquaytrom.net\/wp-content\/uploads\/2021\/07\/z2459347805099_ca9bae4d3f7affa54d668edebcd3abb9-compressed-1024x1024.jpg 1024w, https:\/\/cameraquaytrom.net\/wp-content\/uploads\/2021\/07\/z2459347805099_ca9bae4d3f7affa54d668edebcd3abb9-compressed-150x150.jpg 150w, https:\/\/cameraquaytrom.net\/wp-content\/uploads\/2021\/07\/z2459347805099_ca9bae4d3f7affa54d668edebcd3abb9-compressed-768x768.jpg 768w, https:\/\/cameraquaytrom.net\/wp-content\/uploads\/2021\/07\/z2459347805099_ca9bae4d3f7affa54d668edebcd3abb9-compressed-1536x1536.jpg 1536w, https:\/\/cameraquaytrom.net\/wp-content\/uploads\/2021\/07\/z2459347805099_ca9bae4d3f7affa54d668edebcd3abb9-compressed-2048x2048.jpg 2048w, https:\/\/cameraquaytrom.net\/wp-content\/uploads\/2021\/07\/z2459347805099_ca9bae4d3f7affa54d668edebcd3abb9-compressed-600x600.jpg 600w, https:\/\/cameraquaytrom.net\/wp-content\/uploads\/2021\/07\/z2459347805099_ca9bae4d3f7affa54d668edebcd3abb9-compressed-100x100.jpg 100w\" sizes=\"(max-width: 300px) 100vw, 300px\" \/><\/p>\n<p>USB Camera Mini Si\u00eau Nh\u1ecf Q2 32GB l\u00e0 lo\u1ea1i usb camera ng\u1ee5y trang c\u00f3 k\u00edch th\u01b0\u1edbc nh\u1ecf nh\u1ea5t trong c\u00e1c lo\u1ea1i camera tr\u00ean th\u1ecb tr\u01b0\u1eddng. D\u00f9 v\u1edbi k\u00edch th\u01b0\u1edbc nh\u1ecf g\u1ecdn nh\u01b0ng h\u00ecnh \u1ea3nh c\u1ee7a chi\u1ebfc usb Q2 l\u00ean \u0111\u1ebfn 5.0 mega pixel, b\u1ea1n c\u00f3 th\u1ec3 mang n\u00f3 di chuy\u1ec3n \u0111\u1ebfn b\u1ea5t k\u1ef3 \u0111\u00e2u. D\u1ec5 d\u00e0ng s\u1eed d\u1ee5ng m\u00e0 kh\u00f4ng lo s\u1ee3 b\u1ecb ph\u00e1t hi\u1ec7n nh\u1edd l\u1edbp v\u1ecf b\u1ecdc b\u00ean ngo\u00e0i v\u00f4 c\u00f9ng an to\u00e0n.<br \/>\nT\u1eb7ng k\u00e8m th\u1ebb nh\u1edb 32GB khi mua s\u1ea3n ph\u1ea9m c\u1ee7a ch\u00fang t\u00f4i.<\/p>\n<h2><em><span style=\"text-decoration: underline;\">Video h\u01b0\u1edbng d\u1eabn s\u1eed d\u1ee5ng<\/span><\/em><\/h2>\n<p><iframe loading=\"lazy\" title=\"Camera mini ngu\u1ef5 trang USB - A H\u1ea3i: 0942262345(zalo)\" width=\"1020\" height=\"574\" src=\"https:\/\/www.youtube.com\/embed\/7Z9091ECCJM?feature=oembed\" frameborder=\"0\" allow=\"accelerometer; autoplay; clipboard-write; encrypted-media; gyroscope; picture-in-picture\" allowfullscreen><\/iframe><\/p>\n<h3>Li\u00ean h\u1ec7 mua h\u00e0ng<\/h3>\n<div dir=\"auto\"><span class=\"pq6dq46d tbxw36s4 knj5qynh kvgmc6g5 ditlmg2l oygrvhab nvdbi5me sf5mxxl7 gl3lb2sf hhz5lgdu\"><img loading=\"lazy\" decoding=\"async\" src=\"https:\/\/static.xx.fbcdn.net\/images\/emoji.php\/v9\/t22\/1\/16\/260e.png\" alt=\"\u260e\ufe0f\" width=\"16\" height=\"16\" \/><\/span> A H\u1ea3i: 094.226.2345 (zalo) &#8211; T\u01b0 V\u1ea5n 24\/24<\/div>\n<div class=\"o9v6fnle cxmmr5t8 oygrvhab hcukyx3x c1et5uql ii04i59q\">\n<h3 dir=\"auto\"><span class=\"pq6dq46d tbxw36s4 knj5qynh kvgmc6g5 ditlmg2l oygrvhab nvdbi5me sf5mxxl7 gl3lb2sf hhz5lgdu\"><img loading=\"lazy\" decoding=\"async\" src=\"https:\/\/static.xx.fbcdn.net\/images\/emoji.php\/v9\/ta7\/1\/16\/1f3ea.png\" alt=\"\ud83c\udfea\" width=\"16\" height=\"16\" \/><\/span> H\u00e0 N\u1ed9i: s\u1ed1 42 Th\u1ecbnh Li\u1ec7t &#8211; Ho\u00e0ng Mai &#8211; H\u00e0 N\u1ed9i<\/h3>\n<h3 dir=\"auto\"><span class=\"pq6dq46d tbxw36s4 knj5qynh kvgmc6g5 ditlmg2l oygrvhab nvdbi5me sf5mxxl7 gl3lb2sf hhz5lgdu\"><img loading=\"lazy\" decoding=\"async\" src=\"https:\/\/static.xx.fbcdn.net\/images\/emoji.php\/v9\/ta7\/1\/16\/1f3ea.png\" alt=\"\ud83c\udfea\" width=\"16\" height=\"16\" \/><\/span> S\u00e0i G\u00f2n: 558\/66 B\u00ecnh Qu\u1edbi &#8211; Ph\u01b0\u1eddng 28 &#8211; B\u00ecnh Th\u1ea1nh<\/h3>\n<\/div>\n<p>&nbsp;<\/p>\n","protected":false},"excerpt":{"rendered":"<p>USB Camera Mini Si\u00eau Nh\u1ecf Q2 32GB l\u00e0 lo\u1ea1i usb camera ng\u1ee5y trang c\u00f3 k\u00edch th\u01b0\u1edbc nh\u1ecf nh\u1ea5t trong c\u00e1c lo\u1ea1i camera tr\u00ean th\u1ecb tr\u01b0\u1eddng<\/p>\n","protected":false},"featured_media":1712,"comment_status":"open","ping_status":"closed","template":"","meta":[],"product_cat":[30,56],"product_tag":[59,62,57,60,61,58,68],"class_list":{"0":"post-1277","1":"product","2":"type-product","3":"status-publish","4":"has-post-thumbnail","6":"product_cat-thiet-bi-quay-len","7":"product_cat-thiet-bi-quay-len-offline","8":"product_tag-camera-giau-kin","9":"product_tag-camera-mini","10":"product_tag-camera-nguy-trang","11":"product_tag-camera-quay-len","12":"product_tag-camera-quay-trom","13":"product_tag-camera-sieu-nho","14":"product_tag-camera-xem-tu-xa","16":"first","17":"instock","18":"sale","19":"shipping-taxable","20":"purchasable","21":"product-type-simple"},"_links":{"self":[{"href":"https:\/\/cameraquaytrom.net\/index.php?rest_route=\/wp\/v2\/product\/1277"}],"collection":[{"href":"https:\/\/cameraquaytrom.net\/index.php?rest_route=\/wp\/v2\/product"}],"about":[{"href":"https:\/\/cameraquaytrom.net\/index.php?rest_route=\/wp\/v2\/types\/product"}],"replies":[{"embeddable":true,"href":"https:\/\/cameraquaytrom.net\/index.php?rest_route=%2Fwp%2Fv2%2Fcomments&post=1277"}],"wp:featuredmedia":[{"embeddable":true,"href":"https:\/\/cameraquaytrom.net\/index.php?rest_route=\/wp\/v2\/media\/1712"}],"wp:attachment":[{"href":"https:\/\/cameraquaytrom.net\/index.php?rest_route=%2Fwp%2Fv2%2Fmedia&parent=1277"}],"wp:term":[{"taxonomy":"product_cat","embeddable":true,"href":"https:\/\/cameraquaytrom.net\/index.php?rest_route=%2Fwp%2Fv2%2Fproduct_cat&post=1277"},{"taxonomy":"product_tag","embeddable":true,"href":"https:\/\/cameraquaytrom.net\/index.php?rest_route=%2Fwp%2Fv2%2Fproduct_tag&post=1277"}],"curies":[{"name":"wp","href":"https:\/\/api.w.org\/{rel}","templated":true}]}}