{"id":1284,"date":"2021-05-04T03:07:39","date_gmt":"2021-05-04T03:07:39","guid":{"rendered":"https:\/\/cameraquaytrom.net\/?post_type=product&#038;p=1284"},"modified":"2021-11-10T03:22:07","modified_gmt":"2021-11-10T03:22:07","slug":"may-dinh-vi-nghe-len-x2-sieu-nho","status":"publish","type":"product","link":"https:\/\/cameraquaytrom.net\/?product=may-dinh-vi-nghe-len-x2-sieu-nho","title":{"rendered":"M\u00e1y \u0110\u1ecbnh V\u1ecb Nghe L\u00e9n X2 Si\u00eau Nh\u1ecf"},"content":{"rendered":"<h1 style=\"text-align: center;\">M\u00e1y \u0110\u1ecbnh V\u1ecb Nghe L\u00e9n X2 Si\u00eau Nh\u1ecf<\/h1>\n<p><img loading=\"lazy\" decoding=\"async\" class=\"size-medium wp-image-1735 aligncenter\" src=\"https:\/\/cameraquaytrom.net\/wp-content\/uploads\/2021\/07\/z2459350833540_c70f292ef7a482d185ddbb6692a5fa6e-compressed-300x300.jpg\" alt=\"\" width=\"300\" height=\"300\" srcset=\"https:\/\/cameraquaytrom.net\/wp-content\/uploads\/2021\/07\/z2459350833540_c70f292ef7a482d185ddbb6692a5fa6e-compressed-300x300.jpg 300w, https:\/\/cameraquaytrom.net\/wp-content\/uploads\/2021\/07\/z2459350833540_c70f292ef7a482d185ddbb6692a5fa6e-compressed-1024x1024.jpg 1024w, https:\/\/cameraquaytrom.net\/wp-content\/uploads\/2021\/07\/z2459350833540_c70f292ef7a482d185ddbb6692a5fa6e-compressed-150x150.jpg 150w, https:\/\/cameraquaytrom.net\/wp-content\/uploads\/2021\/07\/z2459350833540_c70f292ef7a482d185ddbb6692a5fa6e-compressed-768x768.jpg 768w, https:\/\/cameraquaytrom.net\/wp-content\/uploads\/2021\/07\/z2459350833540_c70f292ef7a482d185ddbb6692a5fa6e-compressed-1536x1536.jpg 1536w, https:\/\/cameraquaytrom.net\/wp-content\/uploads\/2021\/07\/z2459350833540_c70f292ef7a482d185ddbb6692a5fa6e-compressed-2048x2048.jpg 2048w, https:\/\/cameraquaytrom.net\/wp-content\/uploads\/2021\/07\/z2459350833540_c70f292ef7a482d185ddbb6692a5fa6e-compressed-600x600.jpg 600w, https:\/\/cameraquaytrom.net\/wp-content\/uploads\/2021\/07\/z2459350833540_c70f292ef7a482d185ddbb6692a5fa6e-compressed-100x100.jpg 100w\" sizes=\"(max-width: 300px) 100vw, 300px\" \/><\/p>\n<p><img loading=\"lazy\" decoding=\"async\" class=\"size-medium wp-image-1734 aligncenter\" src=\"https:\/\/cameraquaytrom.net\/wp-content\/uploads\/2021\/07\/z2459350783007_d774b8af62b819a0799c5dcdfa1bee0f-compressed-300x300.jpg\" alt=\"\" width=\"300\" height=\"300\" srcset=\"https:\/\/cameraquaytrom.net\/wp-content\/uploads\/2021\/07\/z2459350783007_d774b8af62b819a0799c5dcdfa1bee0f-compressed-300x300.jpg 300w, https:\/\/cameraquaytrom.net\/wp-content\/uploads\/2021\/07\/z2459350783007_d774b8af62b819a0799c5dcdfa1bee0f-compressed-1024x1024.jpg 1024w, https:\/\/cameraquaytrom.net\/wp-content\/uploads\/2021\/07\/z2459350783007_d774b8af62b819a0799c5dcdfa1bee0f-compressed-150x150.jpg 150w, https:\/\/cameraquaytrom.net\/wp-content\/uploads\/2021\/07\/z2459350783007_d774b8af62b819a0799c5dcdfa1bee0f-compressed-768x768.jpg 768w, https:\/\/cameraquaytrom.net\/wp-content\/uploads\/2021\/07\/z2459350783007_d774b8af62b819a0799c5dcdfa1bee0f-compressed-1536x1536.jpg 1536w, https:\/\/cameraquaytrom.net\/wp-content\/uploads\/2021\/07\/z2459350783007_d774b8af62b819a0799c5dcdfa1bee0f-compressed-2048x2048.jpg 2048w, https:\/\/cameraquaytrom.net\/wp-content\/uploads\/2021\/07\/z2459350783007_d774b8af62b819a0799c5dcdfa1bee0f-compressed-600x600.jpg 600w, https:\/\/cameraquaytrom.net\/wp-content\/uploads\/2021\/07\/z2459350783007_d774b8af62b819a0799c5dcdfa1bee0f-compressed-100x100.jpg 100w\" sizes=\"(max-width: 300px) 100vw, 300px\" \/><\/p>\n<p>\ud83c\udf44\ud83c\udf44 M\u00e1y nghe l\u00e9n si\u00eau si\u00eau nh\u1ecf X2 k\u00e8m \u0111\u1ecbnh v\u1ecb tr\u1ef1c tuy\u1ebfn, ghi \u00e2m v\u00e0 t\u1ef1 \u0111\u1ed9ng g\u1ecdi l\u1ea1i. C\u00f3 nam ch\u00e2m d\u00ednh \u00f4 t\u00f4 xe m\u00e1y c\u1ef1c ch\u1eafc nh\u00e9<\/p>\n<p>\u26a0\ufe0f L\u01b0u \u00fd: s\u1ea3n ph\u1ea9m n\u00e0y kh\u00f4ng th\u1ebb \u0111\u1ecdc \u0111\u01b0\u1ee3c tin nh\u1eafn v\u00e0 kh\u00f4ng nghe l\u00e9n theo d\u00f5i \u0111\u01b0\u1ee3c S\u0110T. T\u1ea5t c\u1ea3 c\u00e1c s\u1ea3n ph\u1ea9m \u0111\u1ecdc tin nh\u1eafn v\u00e0 theo d\u00f5i S\u0110T \u0111\u1ec1u l\u00e0 &#8220;L\u1eeaA \u0110\u1ea2O&#8221; 100%<\/p>\n<p>\ud83d\udc8e Chi ti\u1ebft v\u1ec1 S\u1ea3n Ph\u1ea9m c\u00e1c b\u1ea1n c\u00f3 th\u1ec3 \u0111\u1ec3 l\u1ea1i S\u0110T ho\u1eb7c ib v\u00e0 k\u1ebft b\u1ea1n Zalo S\u0110T b\u00ean d\u01b0\u1edbi \u0111\u1ec3 m\u00ecnh t\u01b0 v\u1ea5n r\u00f5 nh\u1ea5t v\u1ec1 s\u1ea3n ph\u1ea9m<\/p>\n<p>\ud83d\udd0b\ud83d\udd0b Mua h\u00e0ng: C\u00e1ch 1: \u0110\u1ebfn tr\u1ef1c ti\u1ebfp c\u1eeda h\u00e0ng theo \u0111\u1ecba ch\u1ec9 b\u00ean d\u01b0\u1edbi C\u00e1ch 2: Nh\u1eadn h\u00e0ng qua b\u01b0u \u0111i\u1ec7n ho\u1eb7c xe kh\u00e1ch. C\u00e1c b\u1ea1n \u0111\u1ec1u \u0111\u01b0\u1ee3c b\u00f3c h\u00e0ng ra KI\u1ec2M TRA v\u00e0 TH\u1eec h\u00e0ng, d\u00f9ng \u0111\u01b0\u1ee3c nh\u01b0 gi\u1edbi thi\u1ec7u m\u1edbi tr\u1ea3 ti\u1ec1n. KH\u00d4NG gi\u1ed1ng nh\u01b0 qu\u1ea3ng c\u00e1o tr\u1ea3 l\u1ea1i h\u00e0ng TI\u1ec0N V\u1eaaN TRONG T\u00daI<\/p>\n<p><em><span style=\"text-decoration: underline;\">Video h\u01b0\u1edbng d\u1eabn s\u1eed d\u1ee5ng<\/span><\/em><\/p>\n<p><iframe loading=\"lazy\" title=\"Review Thi\u1ebft B\u1ecb Nghe L\u00e9n X2 || M\u00e1y nghe l\u00e9n si\u00eau nh\u1ecf, thi\u1ebft b\u1ecb \u0111\u1ecbnh v\u1ecb GPS kh\u00f4ng d\u00e2y si\u00eau nh\u1ecf gi\u00e1 r\u1ebb\" width=\"1020\" height=\"574\" src=\"https:\/\/www.youtube.com\/embed\/1GoCRWi57gE?feature=oembed\" frameborder=\"0\" allow=\"accelerometer; autoplay; clipboard-write; encrypted-media; gyroscope; picture-in-picture\" allowfullscreen><\/iframe><\/p>\n<h3>Li\u00ean h\u1ec7 mua h\u00e0ng<\/h3>\n<div dir=\"auto\"><span class=\"pq6dq46d tbxw36s4 knj5qynh kvgmc6g5 ditlmg2l oygrvhab nvdbi5me sf5mxxl7 gl3lb2sf hhz5lgdu\"><img loading=\"lazy\" decoding=\"async\" src=\"https:\/\/static.xx.fbcdn.net\/images\/emoji.php\/v9\/t22\/1\/16\/260e.png\" alt=\"\u260e\ufe0f\" width=\"16\" height=\"16\" \/><\/span> A H\u1ea3i: 094.226.2345 (zalo) &#8211; T\u01b0 V\u1ea5n 24\/24<\/div>\n<div class=\"o9v6fnle cxmmr5t8 oygrvhab hcukyx3x c1et5uql ii04i59q\">\n<h3 dir=\"auto\"><span class=\"pq6dq46d tbxw36s4 knj5qynh kvgmc6g5 ditlmg2l oygrvhab nvdbi5me sf5mxxl7 gl3lb2sf hhz5lgdu\"><img loading=\"lazy\" decoding=\"async\" src=\"https:\/\/static.xx.fbcdn.net\/images\/emoji.php\/v9\/ta7\/1\/16\/1f3ea.png\" alt=\"\ud83c\udfea\" width=\"16\" height=\"16\" \/><\/span> H\u00e0 N\u1ed9i: s\u1ed1 42 Th\u1ecbnh Li\u1ec7t &#8211; Ho\u00e0ng Mai &#8211; H\u00e0 N\u1ed9i<\/h3>\n<h3 dir=\"auto\"><span class=\"pq6dq46d tbxw36s4 knj5qynh kvgmc6g5 ditlmg2l oygrvhab nvdbi5me sf5mxxl7 gl3lb2sf hhz5lgdu\"><img loading=\"lazy\" decoding=\"async\" src=\"https:\/\/static.xx.fbcdn.net\/images\/emoji.php\/v9\/ta7\/1\/16\/1f3ea.png\" alt=\"\ud83c\udfea\" width=\"16\" height=\"16\" \/><\/span> S\u00e0i G\u00f2n: 558\/66 B\u00ecnh Qu\u1edbi &#8211; Ph\u01b0\u1eddng 28 &#8211; B\u00ecnh Th\u1ea1nh<\/h3>\n<\/div>\n","protected":false},"excerpt":{"rendered":"<p>M\u00e1y nghe l\u00e9n si\u00eau si\u00eau nh\u1ecf X2 k\u00e8m \u0111\u1ecbnh v\u1ecb tr\u1ef1c tuy\u1ebfn, ghi \u00e2m v\u00e0 t\u1ef1 \u0111\u1ed9ng g\u1ecdi l\u1ea1i. C\u00f3 nam ch\u00e2m d\u00ednh \u00f4 t\u00f4 xe m\u00e1y c\u1ef1c ch\u1eafc nh\u00e9<\/p>\n","protected":false},"featured_media":1735,"comment_status":"open","ping_status":"closed","template":"","meta":[],"product_cat":[33,28,29],"product_tag":[36,38,35],"class_list":{"0":"post-1284","1":"product","2":"type-product","3":"status-publish","4":"has-post-thumbnail","6":"product_cat-may-nghe-len","7":"product_cat-thiet-bi-dinh-vi","8":"product_cat-thiet-bi-nghe-len","9":"product_tag-dinh-vi-nghe-len","10":"product_tag-dinh-vi-nghe-len-khong-day","11":"product_tag-dinh-vi-sieu-nho","13":"first","14":"instock","15":"sale","16":"shipping-taxable","17":"purchasable","18":"product-type-simple"},"_links":{"self":[{"href":"https:\/\/cameraquaytrom.net\/index.php?rest_route=\/wp\/v2\/product\/1284"}],"collection":[{"href":"https:\/\/cameraquaytrom.net\/index.php?rest_route=\/wp\/v2\/product"}],"about":[{"href":"https:\/\/cameraquaytrom.net\/index.php?rest_route=\/wp\/v2\/types\/product"}],"replies":[{"embeddable":true,"href":"https:\/\/cameraquaytrom.net\/index.php?rest_route=%2Fwp%2Fv2%2Fcomments&post=1284"}],"wp:featuredmedia":[{"embeddable":true,"href":"https:\/\/cameraquaytrom.net\/index.php?rest_route=\/wp\/v2\/media\/1735"}],"wp:attachment":[{"href":"https:\/\/cameraquaytrom.net\/index.php?rest_route=%2Fwp%2Fv2%2Fmedia&parent=1284"}],"wp:term":[{"taxonomy":"product_cat","embeddable":true,"href":"https:\/\/cameraquaytrom.net\/index.php?rest_route=%2Fwp%2Fv2%2Fproduct_cat&post=1284"},{"taxonomy":"product_tag","embeddable":true,"href":"https:\/\/cameraquaytrom.net\/index.php?rest_route=%2Fwp%2Fv2%2Fproduct_tag&post=1284"}],"curies":[{"name":"wp","href":"https:\/\/api.w.org\/{rel}","templated":true}]}}