{"id":1331,"date":"2021-05-04T13:21:58","date_gmt":"2021-05-04T13:21:58","guid":{"rendered":"https:\/\/cameraquaytrom.net\/?post_type=product&#038;p=1331"},"modified":"2021-11-10T03:15:23","modified_gmt":"2021-11-10T03:15:23","slug":"may-ghi-am-sony-vm106s-pin-7-ngay","status":"publish","type":"product","link":"https:\/\/cameraquaytrom.net\/?product=may-ghi-am-sony-vm106s-pin-7-ngay","title":{"rendered":"M\u00e1y Ghi \u00c2m SONY VM106s Pin 7 Ng\u00e0y"},"content":{"rendered":"<h1 style=\"text-align: center;\">M\u00e1y Ghi \u00c2m SONY VM106s Pin 7 Ng\u00e0y<\/h1>\n<p><img loading=\"lazy\" decoding=\"async\" class=\"size-medium wp-image-1820 aligncenter\" src=\"https:\/\/cameraquaytrom.net\/wp-content\/uploads\/2021\/05\/z2469325795284_23ed491f20ad9fbf47c9f8e5d98640da-compressed-300x300.jpg\" alt=\"\" width=\"300\" height=\"300\" srcset=\"https:\/\/cameraquaytrom.net\/wp-content\/uploads\/2021\/05\/z2469325795284_23ed491f20ad9fbf47c9f8e5d98640da-compressed-300x300.jpg 300w, https:\/\/cameraquaytrom.net\/wp-content\/uploads\/2021\/05\/z2469325795284_23ed491f20ad9fbf47c9f8e5d98640da-compressed-1024x1024.jpg 1024w, https:\/\/cameraquaytrom.net\/wp-content\/uploads\/2021\/05\/z2469325795284_23ed491f20ad9fbf47c9f8e5d98640da-compressed-150x150.jpg 150w, https:\/\/cameraquaytrom.net\/wp-content\/uploads\/2021\/05\/z2469325795284_23ed491f20ad9fbf47c9f8e5d98640da-compressed-768x768.jpg 768w, https:\/\/cameraquaytrom.net\/wp-content\/uploads\/2021\/05\/z2469325795284_23ed491f20ad9fbf47c9f8e5d98640da-compressed-1536x1536.jpg 1536w, https:\/\/cameraquaytrom.net\/wp-content\/uploads\/2021\/05\/z2469325795284_23ed491f20ad9fbf47c9f8e5d98640da-compressed-2048x2048.jpg 2048w, https:\/\/cameraquaytrom.net\/wp-content\/uploads\/2021\/05\/z2469325795284_23ed491f20ad9fbf47c9f8e5d98640da-compressed-600x600.jpg 600w, https:\/\/cameraquaytrom.net\/wp-content\/uploads\/2021\/05\/z2469325795284_23ed491f20ad9fbf47c9f8e5d98640da-compressed-100x100.jpg 100w\" sizes=\"(max-width: 300px) 100vw, 300px\" \/><\/p>\n<p><img loading=\"lazy\" decoding=\"async\" class=\"size-medium wp-image-1821 aligncenter\" src=\"https:\/\/cameraquaytrom.net\/wp-content\/uploads\/2021\/05\/z2469325840618_e8becb56f283c0a36dd331a4d07f8ad0-compressed-300x300.jpg\" alt=\"\" width=\"300\" height=\"300\" srcset=\"https:\/\/cameraquaytrom.net\/wp-content\/uploads\/2021\/05\/z2469325840618_e8becb56f283c0a36dd331a4d07f8ad0-compressed-300x300.jpg 300w, https:\/\/cameraquaytrom.net\/wp-content\/uploads\/2021\/05\/z2469325840618_e8becb56f283c0a36dd331a4d07f8ad0-compressed-1024x1024.jpg 1024w, https:\/\/cameraquaytrom.net\/wp-content\/uploads\/2021\/05\/z2469325840618_e8becb56f283c0a36dd331a4d07f8ad0-compressed-150x150.jpg 150w, https:\/\/cameraquaytrom.net\/wp-content\/uploads\/2021\/05\/z2469325840618_e8becb56f283c0a36dd331a4d07f8ad0-compressed-768x768.jpg 768w, https:\/\/cameraquaytrom.net\/wp-content\/uploads\/2021\/05\/z2469325840618_e8becb56f283c0a36dd331a4d07f8ad0-compressed-1536x1536.jpg 1536w, https:\/\/cameraquaytrom.net\/wp-content\/uploads\/2021\/05\/z2469325840618_e8becb56f283c0a36dd331a4d07f8ad0-compressed-2048x2048.jpg 2048w, https:\/\/cameraquaytrom.net\/wp-content\/uploads\/2021\/05\/z2469325840618_e8becb56f283c0a36dd331a4d07f8ad0-compressed-600x600.jpg 600w, https:\/\/cameraquaytrom.net\/wp-content\/uploads\/2021\/05\/z2469325840618_e8becb56f283c0a36dd331a4d07f8ad0-compressed-100x100.jpg 100w\" sizes=\"(max-width: 300px) 100vw, 300px\" \/><\/p>\n<p><img loading=\"lazy\" decoding=\"async\" class=\"size-medium wp-image-1822 aligncenter\" src=\"https:\/\/cameraquaytrom.net\/wp-content\/uploads\/2021\/05\/z2469325905961_a4f5f93c0cbaec28f4ceb14e24d610e9-compressed-300x300.jpg\" alt=\"\" width=\"300\" height=\"300\" srcset=\"https:\/\/cameraquaytrom.net\/wp-content\/uploads\/2021\/05\/z2469325905961_a4f5f93c0cbaec28f4ceb14e24d610e9-compressed-300x300.jpg 300w, https:\/\/cameraquaytrom.net\/wp-content\/uploads\/2021\/05\/z2469325905961_a4f5f93c0cbaec28f4ceb14e24d610e9-compressed-1024x1024.jpg 1024w, https:\/\/cameraquaytrom.net\/wp-content\/uploads\/2021\/05\/z2469325905961_a4f5f93c0cbaec28f4ceb14e24d610e9-compressed-150x150.jpg 150w, https:\/\/cameraquaytrom.net\/wp-content\/uploads\/2021\/05\/z2469325905961_a4f5f93c0cbaec28f4ceb14e24d610e9-compressed-768x768.jpg 768w, https:\/\/cameraquaytrom.net\/wp-content\/uploads\/2021\/05\/z2469325905961_a4f5f93c0cbaec28f4ceb14e24d610e9-compressed-1536x1536.jpg 1536w, https:\/\/cameraquaytrom.net\/wp-content\/uploads\/2021\/05\/z2469325905961_a4f5f93c0cbaec28f4ceb14e24d610e9-compressed-2048x2048.jpg 2048w, https:\/\/cameraquaytrom.net\/wp-content\/uploads\/2021\/05\/z2469325905961_a4f5f93c0cbaec28f4ceb14e24d610e9-compressed-600x600.jpg 600w, https:\/\/cameraquaytrom.net\/wp-content\/uploads\/2021\/05\/z2469325905961_a4f5f93c0cbaec28f4ceb14e24d610e9-compressed-100x100.jpg 100w\" sizes=\"(max-width: 300px) 100vw, 300px\" \/><\/p>\n<p>M\u00e1y ghi \u00e2m sony vm106s l\u00e0 thi\u1ebft b\u1ecb ghi \u00e2m k\u1ef9 thu\u1eadt s\u1ed1 cao c\u1ea5p v\u1edbi thi\u1ebft k\u1ebf nh\u1ecf g\u1ecdn, sang tr\u1ecdng c\u00f9ng nhi\u1ec1u t\u00ednh n\u0103ng v\u01b0\u1ee3t tr\u1ed9i m\u00e0 c\u00e1c d\u00f2ng m\u00e1y ghi \u00e2m mini gi\u00e1 r\u1ebb kh\u00e1c kh\u00f4ng c\u00f3 \u0111\u01b0\u1ee3c.<\/p>\n<p>T\u00edch h\u1ee3p micro ngo\u00e0i, h\u1ed7 tr\u1ee3 l\u1ecdc \u00e2m t\u1ed1t, \u00edt t\u1ea1p \u00e2m s\u1ebd gi\u00fap t\u0103ng hi\u1ec7u qu\u1ea3, n\u0103ng su\u1ea5t c\u00f4ng vi\u1ec7c v\u00e0 h\u1ecdc t\u00e2p,..C\u00e1ch s\u1eed d\u1ee5ng \u0111\u01a1n gi\u1ea3n c\u00f9ng gi\u00e1 th\u00e0nh h\u1ee3p l\u00fd m\u00e1y ghi \u00e2m mini si\u00eau nh\u1ecf sony vm106s ch\u1eafc ch\u1eafn s\u1ebd l\u00e0m h\u00e0i l\u00f2ng m\u1ecdi kh\u00e1ch h\u00e0ng.<\/p>\n<h2><em><span style=\"text-decoration: underline;\">Video h\u01b0\u1edbng d\u1eabn s\u1eed d\u1ee5ng<\/span><\/em><\/h2>\n<p><iframe loading=\"lazy\" title=\"Review M\u00e1y Ghi \u00c2m SONY VM106s || Thi\u1ebft b\u1ecb ghi \u00e2m si\u00eau nh\u1ecf pin kh\u1ee7ng 7 ng\u00e0y li\u00ean t\u1ee5c b\u1ed9 nh\u1edb 16G\" width=\"1020\" height=\"574\" src=\"https:\/\/www.youtube.com\/embed\/CWW6roKJRY0?feature=oembed\" frameborder=\"0\" allow=\"accelerometer; autoplay; clipboard-write; encrypted-media; gyroscope; picture-in-picture\" allowfullscreen><\/iframe><\/p>\n<h3>Li\u00ean h\u1ec7 mua h\u00e0ng<\/h3>\n<div dir=\"auto\"><span class=\"pq6dq46d tbxw36s4 knj5qynh kvgmc6g5 ditlmg2l oygrvhab nvdbi5me sf5mxxl7 gl3lb2sf hhz5lgdu\"><img loading=\"lazy\" decoding=\"async\" src=\"https:\/\/static.xx.fbcdn.net\/images\/emoji.php\/v9\/t22\/1\/16\/260e.png\" alt=\"\u260e\ufe0f\" width=\"16\" height=\"16\" \/><\/span> A H\u1ea3i: 094.226.2345 (zalo) &#8211; T\u01b0 V\u1ea5n 24\/24<\/div>\n<div class=\"o9v6fnle cxmmr5t8 oygrvhab hcukyx3x c1et5uql ii04i59q\">\n<h3 dir=\"auto\"><span class=\"pq6dq46d tbxw36s4 knj5qynh kvgmc6g5 ditlmg2l oygrvhab nvdbi5me sf5mxxl7 gl3lb2sf hhz5lgdu\"><img loading=\"lazy\" decoding=\"async\" src=\"https:\/\/static.xx.fbcdn.net\/images\/emoji.php\/v9\/ta7\/1\/16\/1f3ea.png\" alt=\"\ud83c\udfea\" width=\"16\" height=\"16\" \/><\/span> H\u00e0 N\u1ed9i: s\u1ed1 42 Th\u1ecbnh Li\u1ec7t &#8211; Ho\u00e0ng Mai &#8211; H\u00e0 N\u1ed9i<\/h3>\n<h3 dir=\"auto\"><span class=\"pq6dq46d tbxw36s4 knj5qynh kvgmc6g5 ditlmg2l oygrvhab nvdbi5me sf5mxxl7 gl3lb2sf hhz5lgdu\"><img loading=\"lazy\" decoding=\"async\" src=\"https:\/\/static.xx.fbcdn.net\/images\/emoji.php\/v9\/ta7\/1\/16\/1f3ea.png\" alt=\"\ud83c\udfea\" width=\"16\" height=\"16\" \/><\/span> S\u00e0i G\u00f2n: 558\/66 B\u00ecnh Qu\u1edbi &#8211; Ph\u01b0\u1eddng 28 &#8211; B\u00ecnh Th\u1ea1nh<\/h3>\n<\/div>\n","protected":false},"excerpt":{"rendered":"<p>M\u00e1y ghi \u00e2m sony vm106s l\u00e0 thi\u1ebft b\u1ecb ghi \u00e2m k\u1ef9 thu\u1eadt s\u1ed1 cao c\u1ea5p v\u1edbi thi\u1ebft k\u1ebf nh\u1ecf g\u1ecdn, sang tr\u1ecdng c\u00f9ng nhi\u1ec1u t\u00ednh n\u0103ng v\u01b0\u1ee3t tr\u1ed9i m\u00e0 c\u00e1c d\u00f2ng m\u00e1y ghi \u00e2m mini gi\u00e1 r\u1ebb kh\u00e1c kh\u00f4ng c\u00f3 \u0111\u01b0\u1ee3c.<\/p>\n","protected":false},"featured_media":1820,"comment_status":"open","ping_status":"closed","template":"","meta":[],"product_cat":[31],"product_tag":[],"class_list":{"0":"post-1331","1":"product","2":"type-product","3":"status-publish","4":"has-post-thumbnail","6":"product_cat-thiet-bi-ghi-am","8":"first","9":"instock","10":"sale","11":"shipping-taxable","12":"purchasable","13":"product-type-simple"},"_links":{"self":[{"href":"https:\/\/cameraquaytrom.net\/index.php?rest_route=\/wp\/v2\/product\/1331"}],"collection":[{"href":"https:\/\/cameraquaytrom.net\/index.php?rest_route=\/wp\/v2\/product"}],"about":[{"href":"https:\/\/cameraquaytrom.net\/index.php?rest_route=\/wp\/v2\/types\/product"}],"replies":[{"embeddable":true,"href":"https:\/\/cameraquaytrom.net\/index.php?rest_route=%2Fwp%2Fv2%2Fcomments&post=1331"}],"wp:featuredmedia":[{"embeddable":true,"href":"https:\/\/cameraquaytrom.net\/index.php?rest_route=\/wp\/v2\/media\/1820"}],"wp:attachment":[{"href":"https:\/\/cameraquaytrom.net\/index.php?rest_route=%2Fwp%2Fv2%2Fmedia&parent=1331"}],"wp:term":[{"taxonomy":"product_cat","embeddable":true,"href":"https:\/\/cameraquaytrom.net\/index.php?rest_route=%2Fwp%2Fv2%2Fproduct_cat&post=1331"},{"taxonomy":"product_tag","embeddable":true,"href":"https:\/\/cameraquaytrom.net\/index.php?rest_route=%2Fwp%2Fv2%2Fproduct_tag&post=1331"}],"curies":[{"name":"wp","href":"https:\/\/api.w.org\/{rel}","templated":true}]}}