{"id":1930,"date":"2021-07-30T09:29:28","date_gmt":"2021-07-30T09:29:28","guid":{"rendered":"https:\/\/cameraquaytrom.net\/?post_type=product&#038;p=1930"},"modified":"2021-11-10T03:08:33","modified_gmt":"2021-11-10T03:08:33","slug":"camera-s199-wifi-dau-cuc-ao-sieu-nho","status":"publish","type":"product","link":"https:\/\/cameraquaytrom.net\/?product=camera-s199-wifi-dau-cuc-ao-sieu-nho","title":{"rendered":"Camera S199 WiFi \u0110\u1ea7u C\u00fac \u00c1o Si\u00eau Nh\u1ecf"},"content":{"rendered":"<h1 style=\"text-align: center;\">Camera S199 WiFi \u0110\u1ea7u C\u00fac \u00c1o Si\u00eau Nh\u1ecf<\/h1>\n<p>Camera S199 Ngu\u1ef5 Trang M\u1eaft C\u00fac \u00c1o xem t\u1eeb xa si\u00eau n\u00e9t \u0110\u00c1NG MUA nh\u1ea5t 2021<\/p>\n<p>\ud83d\udc49 K\u00edch th\u01b0\u1edbc si\u00eau si\u00eau nh\u1ecf<\/p>\n<p>\ud83d\udc49 K\u1ebft n\u1ed1i \u0111i\u1ec7n tho\u1ea1i xem t\u1eeb xa<\/p>\n<p>\ud83d\udc49 Ch\u1ea5t l\u01b0\u1ee3ng h\u00ecnh \u1ea3nh Full 4K<\/p>\n<p>\ud83d\udc49 Thu h\u00ecnh k\u00e8m \u00e2m thanh, ch\u1ebf \u0111\u1ed9 ch\u1ee5p \u1ea3nh<\/p>\n<p>\ud83d\udc49 H\u1ed7 tr\u1ee3 th\u1ebb nh\u1edb t\u1ed1i \u0111a 128G<\/p>\n<p>\ud83d\udc49 Ph\u1ee5 ki\u1ec7n t\u1eb7ng k\u00e8m 1 b\u1ed9 c\u00fac \u00e1o ngu\u1ef5 trang<\/p>\n<p>\u26a0\ufe0f L\u01b0u \u00fd: hi\u1ec7n nay s\u1ea3n ph\u1ea9m n\u00e0y \u0111ang l\u00e0 m\u1eabu \u0111\u1ed9c quy\u1ec1n nh\u00e0 s\u1ea3n xu\u1ea5t l\u00e0m cho m\u00ecnh theo h\u1ee3p \u0111\u1ed3ng. Do \u0111\u00f3 ch\u01b0a \u0111\u01a1n v\u1ecb n\u00e0o c\u00f3 h\u00e0ng, c\u00e1c b\u1ea1n mua h\u00e0ng n\u00ean g\u1ecdi tr\u1ef1c ti\u1ebfp cho m\u00ecnh \u0111\u1ec3 c\u00f3 h\u00e0ng chu\u1ea9n nh\u1ea5t nh\u00e9. Nh\u1eadn h\u00e0ng b\u00f3c ra ki\u1ec3m tra v\u00e0 th\u1eed h\u00e0ng ok thanh to\u00e1n<\/p>\n<h3><span style=\"text-decoration: underline;\"><em><strong>Video h\u01b0\u1edbng d\u1eabn s\u1eed d\u1ee5ng<\/strong><\/em><\/span><\/h3>\n<p><iframe loading=\"lazy\" title=\"Review Camera Si\u00eau Nh\u1ecf S199 WiFi || S\u1ea3n ph\u1ea9m camera si\u00eau nh\u1ecf \u0111\u01b0\u1ee3c \u01b0a chu\u1ed9ng nh\u1ea5t 2022\" width=\"1020\" height=\"574\" src=\"https:\/\/www.youtube.com\/embed\/KoNcGFEzyuk?start=79&#038;feature=oembed\" frameborder=\"0\" allow=\"accelerometer; autoplay; clipboard-write; encrypted-media; gyroscope; picture-in-picture\" allowfullscreen><\/iframe><\/p>\n<div class=\"o9v6fnle cxmmr5t8 oygrvhab hcukyx3x c1et5uql ii04i59q\">\n<h3 dir=\"auto\">Li\u00ean h\u1ec7 mua h\u00e0ng<\/h3>\n<h3 dir=\"auto\"><span class=\"pq6dq46d tbxw36s4 knj5qynh kvgmc6g5 ditlmg2l oygrvhab nvdbi5me sf5mxxl7 gl3lb2sf hhz5lgdu\"><img loading=\"lazy\" decoding=\"async\" src=\"https:\/\/static.xx.fbcdn.net\/images\/emoji.php\/v9\/t22\/1\/16\/260e.png\" alt=\"\u260e\ufe0f\" width=\"16\" height=\"16\" \/><\/span> A H\u1ea3i: 094.226.2345 (zalo) &#8211; T\u01b0 V\u1ea5n 24\/24<\/h3>\n<\/div>\n<div class=\"o9v6fnle cxmmr5t8 oygrvhab hcukyx3x c1et5uql ii04i59q\">\n<h3 dir=\"auto\"><span class=\"pq6dq46d tbxw36s4 knj5qynh kvgmc6g5 ditlmg2l oygrvhab nvdbi5me sf5mxxl7 gl3lb2sf hhz5lgdu\"><img loading=\"lazy\" decoding=\"async\" src=\"https:\/\/static.xx.fbcdn.net\/images\/emoji.php\/v9\/ta7\/1\/16\/1f3ea.png\" alt=\"\ud83c\udfea\" width=\"16\" height=\"16\" \/><\/span> H\u00e0 N\u1ed9i: s\u1ed1 42 Th\u1ecbnh Li\u1ec7t &#8211; Ho\u00e0ng Mai &#8211; H\u00e0 N\u1ed9i<\/h3>\n<h3 dir=\"auto\"><span class=\"pq6dq46d tbxw36s4 knj5qynh kvgmc6g5 ditlmg2l oygrvhab nvdbi5me sf5mxxl7 gl3lb2sf hhz5lgdu\"><img loading=\"lazy\" decoding=\"async\" src=\"https:\/\/static.xx.fbcdn.net\/images\/emoji.php\/v9\/ta7\/1\/16\/1f3ea.png\" alt=\"\ud83c\udfea\" width=\"16\" height=\"16\" \/><\/span> S\u00e0i G\u00f2n: 558\/66 B\u00ecnh Qu\u1edbi &#8211; Ph\u01b0\u1eddng 28 &#8211; B\u00ecnh Th\u1ea1nh<\/h3>\n<\/div>\n","protected":false},"excerpt":{"rendered":"<p>Camera S199 Ngu\u1ef5 Trang M\u1eaft C\u00fac \u00c1o xem t\u1eeb xa si\u00eau n\u00e9t \u0110\u00c1NG MUA nh\u1ea5t 2021<\/p>\n","protected":false},"featured_media":1931,"comment_status":"open","ping_status":"closed","template":"","meta":[],"product_cat":[30,55],"product_tag":[],"class_list":{"0":"post-1930","1":"product","2":"type-product","3":"status-publish","4":"has-post-thumbnail","6":"product_cat-thiet-bi-quay-len","7":"product_cat-thiet-bi-quay-len-online","9":"first","10":"instock","11":"sale","12":"shipping-taxable","13":"purchasable","14":"product-type-simple"},"_links":{"self":[{"href":"https:\/\/cameraquaytrom.net\/index.php?rest_route=\/wp\/v2\/product\/1930"}],"collection":[{"href":"https:\/\/cameraquaytrom.net\/index.php?rest_route=\/wp\/v2\/product"}],"about":[{"href":"https:\/\/cameraquaytrom.net\/index.php?rest_route=\/wp\/v2\/types\/product"}],"replies":[{"embeddable":true,"href":"https:\/\/cameraquaytrom.net\/index.php?rest_route=%2Fwp%2Fv2%2Fcomments&post=1930"}],"wp:featuredmedia":[{"embeddable":true,"href":"https:\/\/cameraquaytrom.net\/index.php?rest_route=\/wp\/v2\/media\/1931"}],"wp:attachment":[{"href":"https:\/\/cameraquaytrom.net\/index.php?rest_route=%2Fwp%2Fv2%2Fmedia&parent=1930"}],"wp:term":[{"taxonomy":"product_cat","embeddable":true,"href":"https:\/\/cameraquaytrom.net\/index.php?rest_route=%2Fwp%2Fv2%2Fproduct_cat&post=1930"},{"taxonomy":"product_tag","embeddable":true,"href":"https:\/\/cameraquaytrom.net\/index.php?rest_route=%2Fwp%2Fv2%2Fproduct_tag&post=1930"}],"curies":[{"name":"wp","href":"https:\/\/api.w.org\/{rel}","templated":true}]}}