{"id":1934,"date":"2021-07-30T09:42:27","date_gmt":"2021-07-30T09:42:27","guid":{"rendered":"https:\/\/cameraquaytrom.net\/?post_type=product&#038;p=1934"},"modified":"2021-07-30T09:50:53","modified_gmt":"2021-07-30T09:50:53","slug":"camera-cuc-ao-vx-ip-wifi-xem-tu-xa","status":"publish","type":"product","link":"https:\/\/cameraquaytrom.net\/?product=camera-cuc-ao-vx-ip-wifi-xem-tu-xa","title":{"rendered":"Camera C\u00fac \u00c1o VX IP WiFi Xem T\u1eeb Xa"},"content":{"rendered":"<h1 style=\"text-align: center;\">Camera C\u00fac \u00c1o VX IP WiFi Xem T\u1eeb Xa<\/h1>\n<p>Camera c\u00fac \u00e1o VX l\u00e0 phi\u00ean b\u1ea3n m\u1edbi nh\u1ea5t hi\u1ec7n nay \u0111\u01b0\u1ee3c thi\u1ebft k\u1ebf ho\u00e0n to\u00e0n m\u1edbi so v\u1edbi nh\u1eefng phi\u00ean b\u1ea3n tr\u01b0\u1edbc \u0111\u00e2y t\u1eeb b\u00ean ngo\u00e0i l\u1eabn b\u00ean trong, th\u00f4ng qua video d\u01b0\u1edbi \u0111\u00e2y l\u00e0 b\u1ea1n s\u1ebd hi\u1ec3u r\u00f5 h\u01a1n v\u1ec1 c\u00e1ch s\u1eed d\u1ee5ng c\u0169ng nh\u01b0 \u01b0u \u0111i\u1ec3m c\u1ee7a camera<\/p>\n<p>V\u1edbi k\u00edch th\u01b0\u1edbc si\u00eau nh\u1ecf g\u1ecdn n\u00ean chi\u1ebfc camera c\u00fac \u00e1o VX \u0111ang l\u00e0 m\u1ed9t m\u1eabu s\u1ea3n ph\u1ea9m camera mini b\u00e1n ch\u1ea1y nh\u1ea5t tr\u00ean th\u1ecb tr\u01b0\u1eddng c\u0169ng nh\u01b0 \u0111\u01b0\u1ee3c kh\u00e1ch h\u00e0ng \u01b0a chu\u1ed9ng v\u00e0 l\u1ef1a ch\u1ecdn, kh\u00f4ng ch\u1ec9 nh\u1ecf g\u1ecdn v\u1ec1 m\u1eb7t k\u00edch th\u01b0\u1edbc m\u00e0 camera c\u00fac \u00e1o VX c\u00f2n t\u00edch h\u1ee3p r\u1ea5t nhi\u1ec1u ch\u1ee9c n\u0103ng m\u00e0 nh\u1eefng s\u1ea3n ph\u1ea9m kh\u00e1c kh\u00f4ng c\u00f3 c\u1ee5 th\u1ec3 nh\u01b0 sau.<\/p>\n<p>&#8211; Camera c\u00fac \u00e1o VX s\u1eed d\u1ee5ng ph\u1ea7n m\u1ec1m m\u1edbi Lookcam gi\u00fap b\u1ea1n xem t\u1eeb xa si\u00eau nh\u1ea1y h\u01a1n h\u1eb3n so v\u1edbi nh\u1eefng ph\u1ea7n m\u1ec1m kh\u00e1c.<\/p>\n<p>&#8211; Camera c\u00fac \u00e1o VX c\u00f3 \u0111\u1ed9 ph\u00e2n gi\u1ea3i n\u00e9t Full 4K Si\u00eau n\u00e9t gi\u00fap b\u1ea1n nh\u00ecn \u0111\u01b0\u1ee3c nh\u1eefng v\u1eadt nh\u1ecf k\u1ec3 c\u1ea3 nh\u1eefng ch\u1eef vi\u1ebft<\/p>\n<p>&#8211; Camera c\u00fac \u00e1o VX gi\u00fap b\u1ea1n xem t\u1eeb xa kh\u00f4ng gi\u1edbi h\u1ea1n kho\u1ea3ng c\u00e1ch d\u00f9 b\u1ea1n \u1edf b\u1ea5t c\u1ee9 n\u01a1i \u0111\u00e2u ch\u1ec9 c\u1ea7n \u0111i\u1ec7n tho\u1ea1i c\u00f3 3G\/4G\/Wifi gi\u00fap b\u1ea1n ho\u00e0n to\u00e0n c\u00f3 th\u1ec3 gi\u00e1m s\u00e1t t\u1eeb xa m\u1ed9t c\u00e1ch \u0111\u01a1n gi\u1ea3n.<\/p>\n<p>&#8211; Camera c\u00fac \u00e1o VX h\u1ed7 tr\u1ee3 th\u1ebb nh\u1edb t\u1ed1i \u0111a 128GB gi\u00fap l\u01b0u tr\u1eef d\u1eef li\u1ec7u l\u00ean t\u1edbi 15 ng\u00e0y v\u00e0 khi \u0111\u1ea7y th\u1ebb nh\u1edb m\u00e1y s\u1ebd t\u1ef1 \u0111\u1ed9ng x\u00f3a b\u1ed9 nh\u1edb c\u0169 \u0111i \u0111\u1ec3 l\u01b0u d\u1eef li\u1ec7u m\u1edbi v\u00e0o v\u00e0 lu\u00f4n lu\u00f4n \u0111\u1ea3m b\u1ea3o dung l\u01b0\u1ee3ng \u0111\u01b0\u1ee3c l\u01b0u l\u1ea1i trong 15 ng\u00e0y li\u00ean ti\u1ebfp.<\/p>\n<p>&#8211; Camera c\u00fac \u00e1o VX c\u00f3 dung l\u01b0\u1ee3ng pin c\u1ee7a m\u00e1y d\u00f9ng li\u00ean t\u1ee5c \u0111\u01b0\u1ee3c 10 ti\u1ebfng ngo\u00e0i ra c\u00f3 th\u1ec3 c\u1eafm s\u1ea1c tr\u1ef1c ti\u1ebfp \u0111\u1ec3 s\u1eed d\u1ee5ng 24\/24.<\/p>\n<p>&#8211; Camera c\u00fac \u00e1o VX c\u00f3 g\u00f3c quay c\u1ef1c r\u1ed9ng l\u00ean \u0111\u1ebfn 150 \u0111\u1ed9 gi\u00fap b\u1ea1n bao qu\u00e1t nh\u1eefng g\u00f3c quay r\u1ed9ng nh\u1ea5t. &#8211; Camera c\u00fac \u00e1o VX khi quay c\u00f3 c\u1ea3 h\u00ecnh c\u1ea3 ti\u1ebfng r\u00f5 r\u00e0ng, \u00e2m thanh to, trong, \u1ed5n \u0111\u1ecbnh.<\/p>\n<p>&#8211; Camera c\u00fac \u00e1o VX c\u00f3 ch\u1ee9c n\u0103ng t\u1ef1 \u0111\u1ed9ng c\u1ea3m bi\u1ebfn khi c\u00f3 v\u1eadt di chuy\u1ec3n gi\u00fap b\u1ea1n bi\u1ebft \u0111\u01b0\u1ee3c th\u1eddi gian c\u00f3 ng\u01b0\u1eddi \u0111i l\u1ea1i trong n\u01a1i b\u1ea1n mu\u1ed1n gi\u00e1m s\u00e1t<\/p>\n<p>&#8211; M\u1ed9t trong nh\u1eefng \u01b0u \u0111i\u1ec3m n\u1ed5i b\u1eadt nh\u1ea5t c\u1ee7a camera ng\u1ee5y trang c\u00fac \u00e1o VX \u0111\u00f3 ch\u00ednh l\u00e0 t\u00ednh l\u01b0u \u0111\u1ed9ng v\u00e0 giao di\u1ec7n d\u1ec5 s\u1eed d\u1ee5ng. B\u1ea1n ch\u1ec9 c\u1ea7n v\u00e0o n\u00fat nh\u1ea5n \u0111\u01a1n gi\u1ea3n l\u00e0 \u0111\u00e3 s\u1edf h\u1eefu cho m\u00ecnh nh\u1eefng video, h\u00ecnh \u1ea3nh nh\u01b0 \u00fd mu\u1ed1n<\/p>\n<p>&#8211; \u0110\u1eb6C BI\u1ec6T: Ph\u00e0n m\u1ec1m m\u1edbi xem c\u1ef1c k\u00ec \u1ed5n \u0111\u1ecbnh v\u00e0 m\u01b0\u1ee3t m\u00e0 kh\u00f4ng h\u1ec1 b\u1ecb gi\u1eadt, l\u1ea1ng trong qu\u00e1 tr\u00ecnh xem. V\u1edbi nh\u1eefng \u01b0u \u0111i\u1ec3m m\u00e0 camera c\u00fac \u00e1o VX \u0111em l\u1ea1i m\u00ecnh tin ch\u1eafc r\u1eb1ng \u0111\u00e2y ch\u00ednh l\u00e0 m\u1eabu s\u1ea3n ph\u1ea9m \u0111ang \u0111\u01b0\u1ee3c r\u1ea5t nhi\u1ec1u kh\u00e1ch h\u00e0ng t\u00ecm ki\u1ebfm v\u00e0 tin d\u00f9ng, c\u00f2n ch\u1edd \u0111\u1ee3i g\u00ec n\u1eefa \u0111\u1ec3 s\u1edf h\u1eefu<\/p>\n<p>Camera ng\u1ee5y trang \u1ed5 c\u1eafm \u0111i\u1ec7n \u00e2m t\u01b0\u1eddng h\u00e3y nhanh tay li\u00ean h\u1ec7 v\u1edbi ch\u00fang t\u00f4i theo th\u00f4ng tin d\u01b0\u1edbi \u0111\u00e2y.<\/p>\n<h3><span style=\"text-decoration: underline;\"><em>Video h\u01b0\u1edbng d\u1eabn s\u1eed d\u1ee5ng<\/em><\/span><\/h3>\n<p><iframe loading=\"lazy\" title=\"Camera C\u00fac \u00c1o VX - IP WiFi - Full 4K C\u00f4ng Ngh\u1ec7 M\u1edbi Nh\u1ea5t Tr\u00ean Th\u1ebf Gi\u1edbi\" width=\"1020\" height=\"574\" src=\"https:\/\/www.youtube.com\/embed\/icqhmRAkxlI?start=68&#038;feature=oembed\" frameborder=\"0\" allow=\"accelerometer; autoplay; clipboard-write; encrypted-media; gyroscope; picture-in-picture\" allowfullscreen><\/iframe><\/p>\n<div class=\"o9v6fnle cxmmr5t8 oygrvhab hcukyx3x c1et5uql ii04i59q\">\n<h3 dir=\"auto\">Li\u00ean h\u1ec7 mua h\u00e0ng<\/h3>\n<h3 dir=\"auto\"><span class=\"pq6dq46d tbxw36s4 knj5qynh kvgmc6g5 ditlmg2l oygrvhab nvdbi5me sf5mxxl7 gl3lb2sf hhz5lgdu\"><img loading=\"lazy\" decoding=\"async\" src=\"https:\/\/static.xx.fbcdn.net\/images\/emoji.php\/v9\/t22\/1\/16\/260e.png\" alt=\"\u260e\ufe0f\" width=\"16\" height=\"16\" \/><\/span> A H\u1ea3i: 094.226.2345 (zalo) &#8211; T\u01b0 V\u1ea5n 24\/24<\/h3>\n<\/div>\n<div class=\"o9v6fnle cxmmr5t8 oygrvhab hcukyx3x c1et5uql ii04i59q\">\n<h3 dir=\"auto\"><span class=\"pq6dq46d tbxw36s4 knj5qynh kvgmc6g5 ditlmg2l oygrvhab nvdbi5me sf5mxxl7 gl3lb2sf hhz5lgdu\"><img loading=\"lazy\" decoding=\"async\" src=\"https:\/\/static.xx.fbcdn.net\/images\/emoji.php\/v9\/ta7\/1\/16\/1f3ea.png\" alt=\"\ud83c\udfea\" width=\"16\" height=\"16\" \/><\/span> H\u00e0 N\u1ed9i: s\u1ed1 42 Th\u1ecbnh Li\u1ec7t &#8211; Ho\u00e0ng Mai &#8211; H\u00e0 N\u1ed9i<\/h3>\n<h3 dir=\"auto\"><span class=\"pq6dq46d tbxw36s4 knj5qynh kvgmc6g5 ditlmg2l oygrvhab nvdbi5me sf5mxxl7 gl3lb2sf hhz5lgdu\"><img loading=\"lazy\" decoding=\"async\" src=\"https:\/\/static.xx.fbcdn.net\/images\/emoji.php\/v9\/ta7\/1\/16\/1f3ea.png\" alt=\"\ud83c\udfea\" width=\"16\" height=\"16\" \/><\/span> S\u00e0i G\u00f2n: 558\/66 B\u00ecnh Qu\u1edbi &#8211; Ph\u01b0\u1eddng 28 &#8211; B\u00ecnh Th\u1ea1nh<\/h3>\n<\/div>\n","protected":false},"excerpt":{"rendered":"<p>Camera c\u00fac \u00e1o VX l\u00e0 phi\u00ean b\u1ea3n m\u1edbi nh\u1ea5t hi\u1ec7n nay \u0111\u01b0\u1ee3c thi\u1ebft k\u1ebf ho\u00e0n to\u00e0n m\u1edbi so v\u1edbi nh\u1eefng phi\u00ean b\u1ea3n tr\u01b0\u1edbc \u0111\u00e2y t\u1eeb b\u00ean ngo\u00e0i l\u1eabn b\u00ean trong, th\u00f4ng qua video d\u01b0\u1edbi \u0111\u00e2y l\u00e0 b\u1ea1n s\u1ebd hi\u1ec3u r\u00f5 h\u01a1n v\u1ec1 c\u00e1ch s\u1eed d\u1ee5ng c\u0169ng nh\u01b0 \u01b0u \u0111i\u1ec3m c\u1ee7a camera<\/p>\n","protected":false},"featured_media":1935,"comment_status":"open","ping_status":"closed","template":"","meta":[],"product_cat":[30,55],"product_tag":[],"class_list":{"0":"post-1934","1":"product","2":"type-product","3":"status-publish","4":"has-post-thumbnail","6":"product_cat-thiet-bi-quay-len","7":"product_cat-thiet-bi-quay-len-online","9":"first","10":"instock","11":"sale","12":"shipping-taxable","13":"purchasable","14":"product-type-simple"},"_links":{"self":[{"href":"https:\/\/cameraquaytrom.net\/index.php?rest_route=\/wp\/v2\/product\/1934"}],"collection":[{"href":"https:\/\/cameraquaytrom.net\/index.php?rest_route=\/wp\/v2\/product"}],"about":[{"href":"https:\/\/cameraquaytrom.net\/index.php?rest_route=\/wp\/v2\/types\/product"}],"replies":[{"embeddable":true,"href":"https:\/\/cameraquaytrom.net\/index.php?rest_route=%2Fwp%2Fv2%2Fcomments&post=1934"}],"wp:featuredmedia":[{"embeddable":true,"href":"https:\/\/cameraquaytrom.net\/index.php?rest_route=\/wp\/v2\/media\/1935"}],"wp:attachment":[{"href":"https:\/\/cameraquaytrom.net\/index.php?rest_route=%2Fwp%2Fv2%2Fmedia&parent=1934"}],"wp:term":[{"taxonomy":"product_cat","embeddable":true,"href":"https:\/\/cameraquaytrom.net\/index.php?rest_route=%2Fwp%2Fv2%2Fproduct_cat&post=1934"},{"taxonomy":"product_tag","embeddable":true,"href":"https:\/\/cameraquaytrom.net\/index.php?rest_route=%2Fwp%2Fv2%2Fproduct_tag&post=1934"}],"curies":[{"name":"wp","href":"https:\/\/api.w.org\/{rel}","templated":true}]}}