{"id":1936,"date":"2021-07-30T09:46:00","date_gmt":"2021-07-30T09:46:00","guid":{"rendered":"https:\/\/cameraquaytrom.net\/?post_type=product&#038;p=1936"},"modified":"2022-02-26T09:59:22","modified_gmt":"2022-02-26T09:59:22","slug":"may-nghe-len-nguy-trang-o-dien-lioa-3-chau","status":"publish","type":"product","link":"https:\/\/cameraquaytrom.net\/?product=may-nghe-len-nguy-trang-o-dien-lioa-3-chau","title":{"rendered":"M\u00e1y Nghe L\u00e9n Ngu\u1ef5 Trang \u1ed4 \u0110i\u1ec7n Lioa 3 Ch\u1ea5u"},"content":{"rendered":"<h1 style=\"text-align: center;\">M\u00e1y Nghe L\u00e9n Ngu\u1ef5 Trang \u1ed4 \u0110i\u1ec7n Lioa 3 Ch\u1ea5u<\/h1>\n<p>M\u00e1y Nghe L\u00e9n Ngu\u1ef5 Trang \u1ed4 \u0110i\u1ec7n Kh\u00f4ng C\u1ea7n Pin S\u1eed D\u1ee5ng 24\/24 Ghi \u00c2m v\u00e0 T\u1ef1 G\u1ecdi L\u1ea1i Khi C\u00f3 Ti\u1ebfng \u0111\u1ed9ng<\/p>\n<p>T\u00ednh n\u0103ng &#8220;\u01b0u Vi\u1ec7t&#8221; c\u0169ng nh\u01b0 ch\u1ee9c n\u0103ng c\u1ee7a s\u1ea3n ph\u1ea9m: M\u00e1y nghe l\u00e9n ng\u1ee5y trang \u1ed5 c\u1eafm \u0111i\u1ec7n Thao t\u00e1c s\u1eed d\u1ee5ng thi\u1ebft b\u1ecb nghe l\u00e9n ng\u1ee5y trang \u1ed5 c\u1eafm \u0111i\u1ec7n r\u1ea5t \u0111\u01a1n gi\u1ea3n<\/p>\n<p>S\u1eed d\u1ee5ng ngu\u1ed3n \u0111i\u1ec7n tr\u1ef1c ti\u1ebfp t\u1eeb \u1ed5 \u0111i\u1ec7n n\u00ean b\u1ea1n kh\u00f4ng c\u1ea7n ph\u1ea3i s\u1ea1c, v\u00ec th\u1ebf thi\u1ebft b\u1ecb nghe l\u00e9n ng\u1ee5y trang n\u00e0y thu\u1eadn ti\u1ec7n cho nh\u1eefng ng\u01b0\u1eddi \u0111i c\u00f4ng t\u00e1c xa, \u1edf n\u01b0\u1edbc ngo\u00e0i. Khi m\u00e1y ho\u1ea1t \u0111\u1ed9ng s\u1ebd kh\u00f4ng ph\u00e1t ra \u00e2m thanh hay \u00e1nh s\u00e1ng n\u00e0o c\u1ea3.<\/p>\n<p>Ho\u1ea1t \u0111\u1ed9ng m\u1ed9t c\u00e1ch b\u00ed m\u1eadt v\u00e0 im l\u1eb7ng. M\u00e1y nghe l\u00e9n ng\u1ee5y trang \u1ed5 c\u1eafm \u0111i\u1ec7n t\u1ef1 \u0111\u1ed9ng tr\u1ea3 l\u1eddi c\u00e1c cu\u1ed9c g\u1ecdi c\u1ee7a ch\u1ee7 nh\u00e2n b\u1ea5t c\u1ee9 l\u00fac n\u00e0o.<\/p>\n<p>G\u1ecdi l\u1ea1i cho ch\u1ee7 nh\u00e2n khi xung quanh c\u00f3 \u00e2m thanh.<\/p>\n<p>\u0110i\u1ec1u \u0111\u1eb7c bi\u1ec7t l\u00e0 thi\u1ebft b\u1ecb c\u00f3 h\u1ed7 tr\u1ee3 m\u1ed9t lo\u1ea1i ch\u00edp si\u00eau nh\u1ecf, ch\u1ec9 v\u1eeba \u0111\u1ee7 l\u1eafp m\u1ed9t chi\u1ebfc sim \u0111i\u1ec7n tho\u1ea1i v\u00e0 \u0111\u01b0\u1ee3c gi\u1ea5u k\u00edn d\u01b0\u1edbi d\u1ea1ng ph\u1ee5 ki\u1ec7n \u0111i\u1ec7n t\u1eed c\u1ee7a \u1ed5 c\u1eafm \u0111i\u1ec7n.<\/p>\n<p>M\u00e1y nghe l\u00e9n ng\u1ee5y trang \u1ed5 c\u1eafm \u0111i\u1ec7n l\u00e0 thi\u1ebft b\u1ecb l\u00fd t\u01b0\u1edfng \u0111\u1ec3 ph\u1ee5c v\u1ee5 trong c\u00f4ng t\u00e1c \u0111i\u1ec1u tra, theo d\u00f5i \u0111\u1ed1i t\u01b0\u1ee3ng, qu\u1ea3n l\u00fd nh\u00e2n vi\u00ean&#8230; L\u00e0 m\u1ed9t thi\u1ebft b\u1ecb nghe l\u00e9n r\u1ea5t d\u1ec5 s\u1eed d\u1ee5ng, c\u00f3 h\u1ed7 tr\u1ee3 chip si\u00eau nh\u1ecf c\u00f3 t\u00e1c d\u1ee5ng nghe l\u00e9n v\u00e0 4 microphone pha l\u00ea si\u00eau nh\u1ea1y. M\u00e1y nghe l\u00e9n ng\u1ee5y trang \u1ed5 c\u1eafm \u0111i\u1ec7n l\u00e0 thi\u1ebft b\u1ecb nghe l\u00e9n \u0111\u1eb3ng c\u1ea5p.<\/p>\n<h3><span style=\"text-decoration: underline;\"><em>Video h\u01b0\u1edbng d\u1eabn s\u1eed d\u1ee5ng<\/em><\/span><\/h3>\n<p><iframe loading=\"lazy\" title=\"\u1ed4 \u0110i\u1ec7n Nghe L\u00e9n - Thi\u1ebft b\u1ecb nghe l\u00e9n ngu\u1ef5 trang \u1ed5 c\u1eafm \u0111i\u1ec7n s\u1eed d\u1ee5ng li\u00ean t\u1ee5c 24\/24 kh\u00f4ng lo h\u1ebft pin\" width=\"1020\" height=\"574\" src=\"https:\/\/www.youtube.com\/embed\/di6zuRrR9HI?feature=oembed\" frameborder=\"0\" allow=\"accelerometer; autoplay; clipboard-write; encrypted-media; gyroscope; picture-in-picture\" allowfullscreen><\/iframe><\/p>\n<p>&nbsp;<\/p>\n<div class=\"o9v6fnle cxmmr5t8 oygrvhab hcukyx3x c1et5uql ii04i59q\">\n<h3 dir=\"auto\">Li\u00ean h\u1ec7 mua h\u00e0ng<\/h3>\n<h3 dir=\"auto\"><span class=\"pq6dq46d tbxw36s4 knj5qynh kvgmc6g5 ditlmg2l oygrvhab nvdbi5me sf5mxxl7 gl3lb2sf hhz5lgdu\"><img loading=\"lazy\" decoding=\"async\" src=\"https:\/\/static.xx.fbcdn.net\/images\/emoji.php\/v9\/t22\/1\/16\/260e.png\" alt=\"\u260e\ufe0f\" width=\"16\" height=\"16\" \/><\/span> A H\u1ea3i: 094.226.2345 (zalo) &#8211; T\u01b0 V\u1ea5n 24\/24<\/h3>\n<\/div>\n<div class=\"o9v6fnle cxmmr5t8 oygrvhab hcukyx3x c1et5uql ii04i59q\">\n<h3 dir=\"auto\"><span class=\"pq6dq46d tbxw36s4 knj5qynh kvgmc6g5 ditlmg2l oygrvhab nvdbi5me sf5mxxl7 gl3lb2sf hhz5lgdu\"><img loading=\"lazy\" decoding=\"async\" src=\"https:\/\/static.xx.fbcdn.net\/images\/emoji.php\/v9\/ta7\/1\/16\/1f3ea.png\" alt=\"\ud83c\udfea\" width=\"16\" height=\"16\" \/><\/span> H\u00e0 N\u1ed9i: s\u1ed1 42 Th\u1ecbnh Li\u1ec7t &#8211; Ho\u00e0ng Mai &#8211; H\u00e0 N\u1ed9i<\/h3>\n<h3 dir=\"auto\"><span class=\"pq6dq46d tbxw36s4 knj5qynh kvgmc6g5 ditlmg2l oygrvhab nvdbi5me sf5mxxl7 gl3lb2sf hhz5lgdu\"><img loading=\"lazy\" decoding=\"async\" src=\"https:\/\/static.xx.fbcdn.net\/images\/emoji.php\/v9\/ta7\/1\/16\/1f3ea.png\" alt=\"\ud83c\udfea\" width=\"16\" height=\"16\" \/><\/span> S\u00e0i G\u00f2n: 558\/66 B\u00ecnh Qu\u1edbi &#8211; Ph\u01b0\u1eddng 28 &#8211; B\u00ecnh Th\u1ea1nh<\/h3>\n<\/div>\n","protected":false},"excerpt":{"rendered":"<p>M\u00e1y Nghe L\u00e9n Ngu\u1ef5 Trang \u1ed4 \u0110i\u1ec7n Kh\u00f4ng C\u1ea7n Pin S\u1eed D\u1ee5ng 24\/24 Ghi \u00c2m v\u00e0 T\u1ef1 G\u1ecdi L\u1ea1i Khi C\u00f3 Ti\u1ebfng \u0111\u1ed9ng<\/p>\n","protected":false},"featured_media":1937,"comment_status":"open","ping_status":"closed","template":"","meta":[],"product_cat":[33,29],"product_tag":[],"class_list":{"0":"post-1936","1":"product","2":"type-product","3":"status-publish","4":"has-post-thumbnail","6":"product_cat-may-nghe-len","7":"product_cat-thiet-bi-nghe-len","9":"first","10":"instock","11":"sale","12":"shipping-taxable","13":"purchasable","14":"product-type-simple"},"_links":{"self":[{"href":"https:\/\/cameraquaytrom.net\/index.php?rest_route=\/wp\/v2\/product\/1936"}],"collection":[{"href":"https:\/\/cameraquaytrom.net\/index.php?rest_route=\/wp\/v2\/product"}],"about":[{"href":"https:\/\/cameraquaytrom.net\/index.php?rest_route=\/wp\/v2\/types\/product"}],"replies":[{"embeddable":true,"href":"https:\/\/cameraquaytrom.net\/index.php?rest_route=%2Fwp%2Fv2%2Fcomments&post=1936"}],"wp:featuredmedia":[{"embeddable":true,"href":"https:\/\/cameraquaytrom.net\/index.php?rest_route=\/wp\/v2\/media\/1937"}],"wp:attachment":[{"href":"https:\/\/cameraquaytrom.net\/index.php?rest_route=%2Fwp%2Fv2%2Fmedia&parent=1936"}],"wp:term":[{"taxonomy":"product_cat","embeddable":true,"href":"https:\/\/cameraquaytrom.net\/index.php?rest_route=%2Fwp%2Fv2%2Fproduct_cat&post=1936"},{"taxonomy":"product_tag","embeddable":true,"href":"https:\/\/cameraquaytrom.net\/index.php?rest_route=%2Fwp%2Fv2%2Fproduct_tag&post=1936"}],"curies":[{"name":"wp","href":"https:\/\/api.w.org\/{rel}","templated":true}]}}