{"id":1950,"date":"2021-11-12T05:53:08","date_gmt":"2021-11-12T05:53:08","guid":{"rendered":"https:\/\/cameraquaytrom.net\/?post_type=product&#038;p=1950"},"modified":"2021-11-12T05:53:08","modified_gmt":"2021-11-12T05:53:08","slug":"dinh-vi-nghe-len-n19","status":"publish","type":"product","link":"https:\/\/cameraquaytrom.net\/?product=dinh-vi-nghe-len-n19","title":{"rendered":"\u0110\u1ecbnh V\u1ecb Nghe L\u00e9n N19"},"content":{"rendered":"<h1 style=\"text-align: center;\">\u0110\u1ecbnh V\u1ecb Nghe L\u00e9n N19 M\u1eabu M\u1edbi<\/h1>\n<p><img loading=\"lazy\" decoding=\"async\" class=\"size-medium wp-image-1951 aligncenter\" src=\"https:\/\/cameraquaytrom.net\/wp-content\/uploads\/2021\/11\/z2921480606323_2c1cbae0b46bc3d4cce5fabe0e6e0aaf-300x300.jpg\" alt=\"\" width=\"300\" height=\"300\" srcset=\"https:\/\/cameraquaytrom.net\/wp-content\/uploads\/2021\/11\/z2921480606323_2c1cbae0b46bc3d4cce5fabe0e6e0aaf-300x300.jpg 300w, https:\/\/cameraquaytrom.net\/wp-content\/uploads\/2021\/11\/z2921480606323_2c1cbae0b46bc3d4cce5fabe0e6e0aaf-1024x1024.jpg 1024w, https:\/\/cameraquaytrom.net\/wp-content\/uploads\/2021\/11\/z2921480606323_2c1cbae0b46bc3d4cce5fabe0e6e0aaf-150x150.jpg 150w, https:\/\/cameraquaytrom.net\/wp-content\/uploads\/2021\/11\/z2921480606323_2c1cbae0b46bc3d4cce5fabe0e6e0aaf-768x768.jpg 768w, https:\/\/cameraquaytrom.net\/wp-content\/uploads\/2021\/11\/z2921480606323_2c1cbae0b46bc3d4cce5fabe0e6e0aaf-1536x1536.jpg 1536w, https:\/\/cameraquaytrom.net\/wp-content\/uploads\/2021\/11\/z2921480606323_2c1cbae0b46bc3d4cce5fabe0e6e0aaf-2048x2048.jpg 2048w, https:\/\/cameraquaytrom.net\/wp-content\/uploads\/2021\/11\/z2921480606323_2c1cbae0b46bc3d4cce5fabe0e6e0aaf-600x600.jpg 600w, https:\/\/cameraquaytrom.net\/wp-content\/uploads\/2021\/11\/z2921480606323_2c1cbae0b46bc3d4cce5fabe0e6e0aaf-100x100.jpg 100w\" sizes=\"(max-width: 300px) 100vw, 300px\" \/><\/p>\n<p><img loading=\"lazy\" decoding=\"async\" class=\"size-medium wp-image-1952 aligncenter\" src=\"https:\/\/cameraquaytrom.net\/wp-content\/uploads\/2021\/11\/z2921480670459_e1a3493f994338f7c7a014e8b43dcbd8-300x300.jpg\" alt=\"\" width=\"300\" height=\"300\" srcset=\"https:\/\/cameraquaytrom.net\/wp-content\/uploads\/2021\/11\/z2921480670459_e1a3493f994338f7c7a014e8b43dcbd8-300x300.jpg 300w, https:\/\/cameraquaytrom.net\/wp-content\/uploads\/2021\/11\/z2921480670459_e1a3493f994338f7c7a014e8b43dcbd8-1024x1024.jpg 1024w, https:\/\/cameraquaytrom.net\/wp-content\/uploads\/2021\/11\/z2921480670459_e1a3493f994338f7c7a014e8b43dcbd8-150x150.jpg 150w, https:\/\/cameraquaytrom.net\/wp-content\/uploads\/2021\/11\/z2921480670459_e1a3493f994338f7c7a014e8b43dcbd8-768x768.jpg 768w, https:\/\/cameraquaytrom.net\/wp-content\/uploads\/2021\/11\/z2921480670459_e1a3493f994338f7c7a014e8b43dcbd8-1536x1536.jpg 1536w, https:\/\/cameraquaytrom.net\/wp-content\/uploads\/2021\/11\/z2921480670459_e1a3493f994338f7c7a014e8b43dcbd8-2048x2048.jpg 2048w, https:\/\/cameraquaytrom.net\/wp-content\/uploads\/2021\/11\/z2921480670459_e1a3493f994338f7c7a014e8b43dcbd8-600x600.jpg 600w, https:\/\/cameraquaytrom.net\/wp-content\/uploads\/2021\/11\/z2921480670459_e1a3493f994338f7c7a014e8b43dcbd8-100x100.jpg 100w\" sizes=\"(max-width: 300px) 100vw, 300px\" \/><\/p>\n<p><img loading=\"lazy\" decoding=\"async\" class=\"size-medium wp-image-1953 aligncenter\" src=\"https:\/\/cameraquaytrom.net\/wp-content\/uploads\/2021\/11\/z2921480737202_2b5fef3b69e98220e8540909becc348c-300x300.jpg\" alt=\"\" width=\"300\" height=\"300\" srcset=\"https:\/\/cameraquaytrom.net\/wp-content\/uploads\/2021\/11\/z2921480737202_2b5fef3b69e98220e8540909becc348c-300x300.jpg 300w, https:\/\/cameraquaytrom.net\/wp-content\/uploads\/2021\/11\/z2921480737202_2b5fef3b69e98220e8540909becc348c-1024x1024.jpg 1024w, https:\/\/cameraquaytrom.net\/wp-content\/uploads\/2021\/11\/z2921480737202_2b5fef3b69e98220e8540909becc348c-150x150.jpg 150w, https:\/\/cameraquaytrom.net\/wp-content\/uploads\/2021\/11\/z2921480737202_2b5fef3b69e98220e8540909becc348c-768x768.jpg 768w, https:\/\/cameraquaytrom.net\/wp-content\/uploads\/2021\/11\/z2921480737202_2b5fef3b69e98220e8540909becc348c-1536x1536.jpg 1536w, https:\/\/cameraquaytrom.net\/wp-content\/uploads\/2021\/11\/z2921480737202_2b5fef3b69e98220e8540909becc348c-2048x2048.jpg 2048w, https:\/\/cameraquaytrom.net\/wp-content\/uploads\/2021\/11\/z2921480737202_2b5fef3b69e98220e8540909becc348c-600x600.jpg 600w, https:\/\/cameraquaytrom.net\/wp-content\/uploads\/2021\/11\/z2921480737202_2b5fef3b69e98220e8540909becc348c-100x100.jpg 100w\" sizes=\"(max-width: 300px) 100vw, 300px\" \/><\/p>\n<p><img loading=\"lazy\" decoding=\"async\" class=\"size-medium wp-image-1954 aligncenter\" src=\"https:\/\/cameraquaytrom.net\/wp-content\/uploads\/2021\/11\/z2921480953912_454c01c441cbc60b9df9085964be392c-300x300.jpg\" alt=\"\" width=\"300\" height=\"300\" srcset=\"https:\/\/cameraquaytrom.net\/wp-content\/uploads\/2021\/11\/z2921480953912_454c01c441cbc60b9df9085964be392c-300x300.jpg 300w, https:\/\/cameraquaytrom.net\/wp-content\/uploads\/2021\/11\/z2921480953912_454c01c441cbc60b9df9085964be392c-1024x1024.jpg 1024w, https:\/\/cameraquaytrom.net\/wp-content\/uploads\/2021\/11\/z2921480953912_454c01c441cbc60b9df9085964be392c-150x150.jpg 150w, https:\/\/cameraquaytrom.net\/wp-content\/uploads\/2021\/11\/z2921480953912_454c01c441cbc60b9df9085964be392c-768x768.jpg 768w, https:\/\/cameraquaytrom.net\/wp-content\/uploads\/2021\/11\/z2921480953912_454c01c441cbc60b9df9085964be392c-1536x1536.jpg 1536w, https:\/\/cameraquaytrom.net\/wp-content\/uploads\/2021\/11\/z2921480953912_454c01c441cbc60b9df9085964be392c-2048x2048.jpg 2048w, https:\/\/cameraquaytrom.net\/wp-content\/uploads\/2021\/11\/z2921480953912_454c01c441cbc60b9df9085964be392c-600x600.jpg 600w, https:\/\/cameraquaytrom.net\/wp-content\/uploads\/2021\/11\/z2921480953912_454c01c441cbc60b9df9085964be392c-100x100.jpg 100w\" sizes=\"(max-width: 300px) 100vw, 300px\" \/><\/p>\n<p>T\u00ednh n\u0103ng c\u1ee7a thi\u1ebft b\u1ecb \u0111\u1ecbnh v\u1ecb N19 phi\u00ean b\u1ea3n m\u1edbi<\/p>\n<p>\u2013 Chip \u0111\u1ecbnh v\u1ecb 8 nh\u00e2n: Theo \u0111\u00f3, \u0111\u00e2y l\u00e0 chip \u0111\u1ecbnh v\u1ecb \u0111\u1eddi m\u1edbi nh\u1ea5t s\u1eed d\u1ee5ng c\u00f9ng v\u1edbi ph\u1ea7n m\u1ec1m qu\u1ea3n l\u00fd chuy\u00ean nghi\u1ec7p. Ch\u00ednh \u0111i\u1ec1u n\u00e0y, ng\u01b0\u1eddi d\u00f9ng lu\u00f4n n\u1eafm b\u1eaft \u0111\u01b0\u1ee3c ch\u00ednh x\u00e1c nh\u1eefng v\u1ecb tr\u00ed c\u1ee7a thi\u1ebft b\u1ecb c\u1ee7a b\u1ea1n \u0111ang \u1edf \u0111\u00e2u. Th\u1eadm ch\u00ed c\u00f2n bi\u1ebft r\u00f5 t\u1eebng s\u1ed1 nh\u00e0, ng\u00f5 h\u1ebbm v\u00e0 khu ph\u1ed1.<\/p>\n<p>\u2013 Xem l\u1ea1i l\u1ecbch s\u1eed di chuy\u1ec3n: Khi s\u1eed d\u1ee5ng thi\u1ebft b\u1ecb \u0111\u1ecbnh v\u1ecb N19 phi\u00ean b\u1ea3n m\u1edbi qu\u00fd kh\u00e1ch h\u00e0ng c\u00f3 th\u1ec3 xem trong v\u00f2ng 90 ng\u00e0y m\u1ed9t c\u00e1ch d\u1ec5 d\u00e0ng, gi\u00fap qu\u1ea3n l\u00fd ph\u01b0\u01a1ng ti\u1ec7n, \u0111\u1ed1i t\u01b0\u1ee3ng d\u1ec5 d\u00e0ng. Ngo\u00e0i ra, thi\u1ebft b\u1ecb c\u00f4ng ngh\u1ec7 n\u00e0y c\u00f2n h\u1ed7 tr\u1ee3 nghe l\u00e9n, ghi \u00e2m t\u1eeb xa qua \u0111i\u1ec7n tho\u1ea1i, chuy\u1ec3n file ghi \u00e2m tr\u1ef1c ti\u1ebfp v\u1ec1 \u1ee9ng d\u1ee5ng c\u00e0i \u0111\u1eb7t tr\u00ean \u0111i\u1ec7n tho\u1ea1i. Theo \u0111\u00e1nh gi\u00e1, N19 hi\u1ec7n nay l\u00e0 d\u00f2ng hi\u1ec7n \u0111\u1ea1i nh\u1ea5t trong c\u00e1c d\u00f2ng \u0111\u1ecbnh v\u1ecb nghe l\u00e9n hi\u1ec7n nay.<\/p>\n<p>\u2013 Khoanh v\u00f9ng \u0111\u1ecba l\u00fd, \u0111\u1eb7t th\u00f4ng b\u00e1o khi thi\u1ebft b\u1ecb ra<\/p>\n<p>\u2013 v\u00e0o v\u00f9ng an to\u00e0n, nh\u1edd \u0111\u00f3 mang \u0111\u1ebfn s\u1ef1 ti\u1ec7n d\u1ee5ng cho ng\u01b0\u1eddi d\u00f9ng. Th\u00f4ng s\u1ed1 k\u1ef9 thu\u1eadt thi\u1ebft b\u1ecb \u0111\u1ecbnh v\u1ecb N19 phi\u00ean b\u1ea3n m\u1edbi Theo \u0111\u00f3, thi\u1ebft b\u1ecb \u0111\u1ecbnh v\u1ecb N19 c\u00f3 th\u1ec3 \u0111\u1ecbnh v\u1ecb GPS ch\u00ednh x\u00e1c 100% v\u00ec th\u1ebf c\u00f3 th\u1ec3 mang \u0111\u1ebfn s\u1ef1 ti\u1ec7n d\u1ee5ng v\u00e0 ti\u1ec7n l\u1ee3i cho ng\u01b0\u1eddi d\u00f9ng. ANTRIP<\/p>\n<p>\u2013 \u0111\u00e2y l\u00e0 \u1ee9ng d\u1ee5ng ph\u1ea7n m\u1ec1m \u0111\u1ecbnh v\u1ecb xe \u0111\u01b0\u1ee3c c\u00e0i \u0111\u1eb7t s\u1eb5n tr\u00ean \u0111i\u1ec7n tho\u1ea1i, gi\u00fap s\u1eed d\u1ee5ng thi\u1ebft b\u1ecb m\u1ed9t c\u00e1ch d\u1ec5 d\u00e0ng h\u01a1n. H\u1ed7 tr\u1ee3 xem v\u1ecb tr\u00ed ch\u00ednh x\u00e1c n\u1ebfu \u1edf tr\u1ea1ng th\u00e1i WIFI, GPS, LBS. Mang \u0111\u1ebfn l\u1ef1a ch\u1ecdn \u0111\u1ecbnh v\u1ecb \u0111a d\u1ea1ng cho ng\u01b0\u1eddi d\u00f9ng. Pin ch\u1ea5t l\u01b0\u1ee3ng cao, s\u1eed d\u1ee5ng li\u00ean t\u1ee5c nhi\u1ec1u ng\u00e0y mang \u0111\u1ebfn kh\u1ea3 n\u0103ng s\u1eed d\u1ee5ng ti\u1ec7n d\u1ee5ng, ph\u00f9 h\u1ee3p. V\u1edbi th\u1eddi gian ch\u1edd \u0111\u1ebfn 7 ng\u00e0y.<\/p>\n<h3><em><strong>Video h\u01b0\u1edbng d\u1eabn s\u1eed d\u1ee5ng<\/strong><\/em><\/h3>\n<p><iframe loading=\"lazy\" title=\"Review \u0110\u1ecbnh V\u1ecb N19 || Ch\u00edp \u0111\u1ecbnh v\u1ecb nghe l\u00e9n ghi \u00e2m N19 Chu\u1ea9n 100% C\u00f3 nam ch\u00e2m ch\u1ed1ng n\u01b0\u1edbc tuy\u1ec7t \u0111\u1ed1i\" width=\"1020\" height=\"574\" src=\"https:\/\/www.youtube.com\/embed\/Aodl-62F8f8?start=26&#038;feature=oembed\" frameborder=\"0\" allow=\"accelerometer; autoplay; clipboard-write; encrypted-media; gyroscope; picture-in-picture\" allowfullscreen><\/iframe><\/p>\n<h3>Li\u00ean h\u1ec7 mua h\u00e0ng<\/h3>\n<h3>\u260e\ufe0f A H\u1ea3i: 094.226.2345 (zalo) &#8211; T\u01b0 V\u1ea5n 24\/24<\/h3>\n<h3>\ud83c\udfea H\u00e0 N\u1ed9i: s\u1ed1 42 Th\u1ecbnh Li\u1ec7t &#8211; Ho\u00e0ng Mai &#8211; H\u00e0 N\u1ed9i<\/h3>\n<h3>\ud83c\udfea S\u00e0i G\u00f2n: 558\/66 B\u00ecnh Qu\u1edbi &#8211; Ph\u01b0\u1eddng 28 &#8211; B\u00ecnh Th\u1ea1nh<\/h3>\n","protected":false},"excerpt":{"rendered":"<p>Ch\u00edp \u0111\u1ecbnh v\u1ecb nghe l\u00e9n ghi \u00e2m N19 Chu\u1ea9n 100% C\u00f3 nam ch\u00e2m ch\u1ed1ng n\u01b0\u1edbc tuy\u1ec7t \u0111\u1ed1i<\/p>\n","protected":false},"featured_media":1953,"comment_status":"open","ping_status":"closed","template":"","meta":[],"product_cat":[33,28,29],"product_tag":[],"class_list":{"0":"post-1950","1":"product","2":"type-product","3":"status-publish","4":"has-post-thumbnail","6":"product_cat-may-nghe-len","7":"product_cat-thiet-bi-dinh-vi","8":"product_cat-thiet-bi-nghe-len","10":"first","11":"instock","12":"sale","13":"shipping-taxable","14":"purchasable","15":"product-type-simple"},"_links":{"self":[{"href":"https:\/\/cameraquaytrom.net\/index.php?rest_route=\/wp\/v2\/product\/1950"}],"collection":[{"href":"https:\/\/cameraquaytrom.net\/index.php?rest_route=\/wp\/v2\/product"}],"about":[{"href":"https:\/\/cameraquaytrom.net\/index.php?rest_route=\/wp\/v2\/types\/product"}],"replies":[{"embeddable":true,"href":"https:\/\/cameraquaytrom.net\/index.php?rest_route=%2Fwp%2Fv2%2Fcomments&post=1950"}],"wp:featuredmedia":[{"embeddable":true,"href":"https:\/\/cameraquaytrom.net\/index.php?rest_route=\/wp\/v2\/media\/1953"}],"wp:attachment":[{"href":"https:\/\/cameraquaytrom.net\/index.php?rest_route=%2Fwp%2Fv2%2Fmedia&parent=1950"}],"wp:term":[{"taxonomy":"product_cat","embeddable":true,"href":"https:\/\/cameraquaytrom.net\/index.php?rest_route=%2Fwp%2Fv2%2Fproduct_cat&post=1950"},{"taxonomy":"product_tag","embeddable":true,"href":"https:\/\/cameraquaytrom.net\/index.php?rest_route=%2Fwp%2Fv2%2Fproduct_tag&post=1950"}],"curies":[{"name":"wp","href":"https:\/\/api.w.org\/{rel}","templated":true}]}}