{"id":1955,"date":"2021-11-12T05:57:47","date_gmt":"2021-11-12T05:57:47","guid":{"rendered":"https:\/\/cameraquaytrom.net\/?post_type=product&#038;p=1955"},"modified":"2021-11-12T05:57:47","modified_gmt":"2021-11-12T05:57:47","slug":"may-ghi-am-deo-co-cho-tre-em","status":"publish","type":"product","link":"https:\/\/cameraquaytrom.net\/?product=may-ghi-am-deo-co-cho-tre-em","title":{"rendered":"M\u00e1y Ghi \u00c2m \u0110eo C\u1ed5 Cho Tr\u1ebb Em"},"content":{"rendered":"<h1 style=\"text-align: center;\">M\u00e1y Ghi \u00c2m \u0110eo C\u1ed5 Cho Tr\u1ebb Em<\/h1>\n<p><img loading=\"lazy\" decoding=\"async\" class=\"size-medium wp-image-1956 aligncenter\" src=\"https:\/\/cameraquaytrom.net\/wp-content\/uploads\/2021\/11\/z2921481001272_2857496a1346c9ecd845c8ebcf68fa02-300x300.jpg\" alt=\"\" width=\"300\" height=\"300\" srcset=\"https:\/\/cameraquaytrom.net\/wp-content\/uploads\/2021\/11\/z2921481001272_2857496a1346c9ecd845c8ebcf68fa02-300x300.jpg 300w, https:\/\/cameraquaytrom.net\/wp-content\/uploads\/2021\/11\/z2921481001272_2857496a1346c9ecd845c8ebcf68fa02-1024x1024.jpg 1024w, https:\/\/cameraquaytrom.net\/wp-content\/uploads\/2021\/11\/z2921481001272_2857496a1346c9ecd845c8ebcf68fa02-150x150.jpg 150w, https:\/\/cameraquaytrom.net\/wp-content\/uploads\/2021\/11\/z2921481001272_2857496a1346c9ecd845c8ebcf68fa02-768x768.jpg 768w, https:\/\/cameraquaytrom.net\/wp-content\/uploads\/2021\/11\/z2921481001272_2857496a1346c9ecd845c8ebcf68fa02-1536x1536.jpg 1536w, https:\/\/cameraquaytrom.net\/wp-content\/uploads\/2021\/11\/z2921481001272_2857496a1346c9ecd845c8ebcf68fa02-2048x2048.jpg 2048w, https:\/\/cameraquaytrom.net\/wp-content\/uploads\/2021\/11\/z2921481001272_2857496a1346c9ecd845c8ebcf68fa02-600x600.jpg 600w, https:\/\/cameraquaytrom.net\/wp-content\/uploads\/2021\/11\/z2921481001272_2857496a1346c9ecd845c8ebcf68fa02-100x100.jpg 100w\" sizes=\"(max-width: 300px) 100vw, 300px\" \/><\/p>\n<p>Thi\u1ebft b\u1ecb ghi \u00e2m chuy\u00ean d\u1ee5ng dang cho tr\u1ebb em \u0111eo v\u00e0o c\u1ed5 c\u1ef1c k\u1ef3 ti\u1ec7n d\u1ee5ng. gi\u00fap ph\u1ee5 huynh c\u00f3 th\u1ec3 qu\u1ea3n l\u00fd con c\u00e1i tr\u01b0\u1edbc nh\u1eefng c\u00e1m d\u1ed7 v\u00e0 b\u1ea3o v\u1ec7 con c\u00e1i khi m\u00ecnh kh\u00f4ng b\u00ean c\u1ea1nh con<\/p>\n<h2><em><strong>Video h\u01b0\u1edbng d\u1eabn s\u1eed d\u1ee5ng<\/strong><\/em><\/h2>\n<p><iframe loading=\"lazy\" title=\"Review M\u00e1y Ghi \u00c2m \u0110eo C\u1ed5 Cho Tr\u1ebb Em\" width=\"1020\" height=\"574\" src=\"https:\/\/www.youtube.com\/embed\/PNZjw0RAdaE?start=107&#038;feature=oembed\" frameborder=\"0\" allow=\"accelerometer; autoplay; clipboard-write; encrypted-media; gyroscope; picture-in-picture\" allowfullscreen><\/iframe><\/p>\n<h3>Li\u00ean h\u1ec7 mua h\u00e0ng<\/h3>\n<h3>\u260e\ufe0f A H\u1ea3i: 094.226.2345 (zalo) &#8211; T\u01b0 V\u1ea5n 24\/24<\/h3>\n<h3>\ud83c\udfea H\u00e0 N\u1ed9i: s\u1ed1 42 Th\u1ecbnh Li\u1ec7t &#8211; Ho\u00e0ng Mai &#8211; H\u00e0 N\u1ed9i<\/h3>\n<h3>\ud83c\udfea S\u00e0i G\u00f2n: 558\/66 B\u00ecnh Qu\u1edbi &#8211; Ph\u01b0\u1eddng 28 &#8211; B\u00ecnh Th\u1ea1nh<\/h3>\n","protected":false},"excerpt":{"rendered":"<p>Thi\u1ebft b\u1ecb ghi \u00e2m chuy\u00ean d\u1ee5ng dang cho tr\u1ebb em \u0111eo v\u00e0o c\u1ed5 c\u1ef1c k\u1ef3 ti\u1ec7n d\u1ee5ng. gi\u00fap ph\u1ee5 huynh c\u00f3 th\u1ec3 qu\u1ea3n l\u00fd con c\u00e1i tr\u01b0\u1edbc nh\u1eefng c\u00e1m d\u1ed7 v\u00e0 b\u1ea3o v\u1ec7 con c\u00e1i khi m\u00ecnh kh\u00f4ng b\u00ean c\u1ea1nh con<\/p>\n","protected":false},"featured_media":1956,"comment_status":"open","ping_status":"closed","template":"","meta":[],"product_cat":[31],"product_tag":[],"class_list":{"0":"post-1955","1":"product","2":"type-product","3":"status-publish","4":"has-post-thumbnail","6":"product_cat-thiet-bi-ghi-am","8":"first","9":"instock","10":"sale","11":"shipping-taxable","12":"purchasable","13":"product-type-simple"},"_links":{"self":[{"href":"https:\/\/cameraquaytrom.net\/index.php?rest_route=\/wp\/v2\/product\/1955"}],"collection":[{"href":"https:\/\/cameraquaytrom.net\/index.php?rest_route=\/wp\/v2\/product"}],"about":[{"href":"https:\/\/cameraquaytrom.net\/index.php?rest_route=\/wp\/v2\/types\/product"}],"replies":[{"embeddable":true,"href":"https:\/\/cameraquaytrom.net\/index.php?rest_route=%2Fwp%2Fv2%2Fcomments&post=1955"}],"wp:featuredmedia":[{"embeddable":true,"href":"https:\/\/cameraquaytrom.net\/index.php?rest_route=\/wp\/v2\/media\/1956"}],"wp:attachment":[{"href":"https:\/\/cameraquaytrom.net\/index.php?rest_route=%2Fwp%2Fv2%2Fmedia&parent=1955"}],"wp:term":[{"taxonomy":"product_cat","embeddable":true,"href":"https:\/\/cameraquaytrom.net\/index.php?rest_route=%2Fwp%2Fv2%2Fproduct_cat&post=1955"},{"taxonomy":"product_tag","embeddable":true,"href":"https:\/\/cameraquaytrom.net\/index.php?rest_route=%2Fwp%2Fv2%2Fproduct_tag&post=1955"}],"curies":[{"name":"wp","href":"https:\/\/api.w.org\/{rel}","templated":true}]}}