{"id":2001,"date":"2021-11-15T15:36:18","date_gmt":"2021-11-15T15:36:18","guid":{"rendered":"https:\/\/cameraquaytrom.net\/?post_type=product&#038;p=2001"},"modified":"2021-11-15T15:36:18","modified_gmt":"2021-11-15T15:36:18","slug":"dinh-vi-nghe-le-n99-sieu-nho-dut-vi","status":"publish","type":"product","link":"https:\/\/cameraquaytrom.net\/?product=dinh-vi-nghe-le-n99-sieu-nho-dut-vi","title":{"rendered":"\u0110\u1ecbnh V\u1ecb Nghe L\u00e9 N99 Si\u00eau Nh\u1ecf \u0110\u00fat V\u00ed"},"content":{"rendered":"<h1 style=\"text-align: center;\">\u0110\u1ecbnh V\u1ecb Nghe L\u00e9 N99 Si\u00eau Nh\u1ecf \u0110\u00fat V\u00ed<\/h1>\n<p><img loading=\"lazy\" decoding=\"async\" class=\"size-medium wp-image-1972 aligncenter\" src=\"https:\/\/cameraquaytrom.net\/wp-content\/uploads\/2021\/11\/z2921484133956_5fdc0e665438967d77b8388d17bdf321-300x300.jpg\" alt=\"\" width=\"300\" height=\"300\" srcset=\"https:\/\/cameraquaytrom.net\/wp-content\/uploads\/2021\/11\/z2921484133956_5fdc0e665438967d77b8388d17bdf321-300x300.jpg 300w, https:\/\/cameraquaytrom.net\/wp-content\/uploads\/2021\/11\/z2921484133956_5fdc0e665438967d77b8388d17bdf321-1024x1024.jpg 1024w, https:\/\/cameraquaytrom.net\/wp-content\/uploads\/2021\/11\/z2921484133956_5fdc0e665438967d77b8388d17bdf321-150x150.jpg 150w, https:\/\/cameraquaytrom.net\/wp-content\/uploads\/2021\/11\/z2921484133956_5fdc0e665438967d77b8388d17bdf321-768x768.jpg 768w, https:\/\/cameraquaytrom.net\/wp-content\/uploads\/2021\/11\/z2921484133956_5fdc0e665438967d77b8388d17bdf321-1536x1536.jpg 1536w, https:\/\/cameraquaytrom.net\/wp-content\/uploads\/2021\/11\/z2921484133956_5fdc0e665438967d77b8388d17bdf321-2048x2048.jpg 2048w, https:\/\/cameraquaytrom.net\/wp-content\/uploads\/2021\/11\/z2921484133956_5fdc0e665438967d77b8388d17bdf321-600x600.jpg 600w, https:\/\/cameraquaytrom.net\/wp-content\/uploads\/2021\/11\/z2921484133956_5fdc0e665438967d77b8388d17bdf321-100x100.jpg 100w\" sizes=\"(max-width: 300px) 100vw, 300px\" \/><\/p>\n<p><img loading=\"lazy\" decoding=\"async\" class=\"size-medium wp-image-1971 aligncenter\" src=\"https:\/\/cameraquaytrom.net\/wp-content\/uploads\/2021\/11\/z2921484023743_663e062b9a1ae1a46b4eb401938323c3-300x300.jpg\" alt=\"\" width=\"300\" height=\"300\" srcset=\"https:\/\/cameraquaytrom.net\/wp-content\/uploads\/2021\/11\/z2921484023743_663e062b9a1ae1a46b4eb401938323c3-300x300.jpg 300w, https:\/\/cameraquaytrom.net\/wp-content\/uploads\/2021\/11\/z2921484023743_663e062b9a1ae1a46b4eb401938323c3-1024x1024.jpg 1024w, https:\/\/cameraquaytrom.net\/wp-content\/uploads\/2021\/11\/z2921484023743_663e062b9a1ae1a46b4eb401938323c3-150x150.jpg 150w, https:\/\/cameraquaytrom.net\/wp-content\/uploads\/2021\/11\/z2921484023743_663e062b9a1ae1a46b4eb401938323c3-768x768.jpg 768w, https:\/\/cameraquaytrom.net\/wp-content\/uploads\/2021\/11\/z2921484023743_663e062b9a1ae1a46b4eb401938323c3-1536x1536.jpg 1536w, https:\/\/cameraquaytrom.net\/wp-content\/uploads\/2021\/11\/z2921484023743_663e062b9a1ae1a46b4eb401938323c3-2048x2048.jpg 2048w, https:\/\/cameraquaytrom.net\/wp-content\/uploads\/2021\/11\/z2921484023743_663e062b9a1ae1a46b4eb401938323c3-600x600.jpg 600w, https:\/\/cameraquaytrom.net\/wp-content\/uploads\/2021\/11\/z2921484023743_663e062b9a1ae1a46b4eb401938323c3-100x100.jpg 100w\" sizes=\"(max-width: 300px) 100vw, 300px\" \/><\/p>\n<p><img loading=\"lazy\" decoding=\"async\" class=\"size-medium wp-image-1970 aligncenter\" src=\"https:\/\/cameraquaytrom.net\/wp-content\/uploads\/2021\/11\/z2921483776499_3224250c727db69621b7fe46a541f643-300x300.jpg\" alt=\"\" width=\"300\" height=\"300\" srcset=\"https:\/\/cameraquaytrom.net\/wp-content\/uploads\/2021\/11\/z2921483776499_3224250c727db69621b7fe46a541f643-300x300.jpg 300w, https:\/\/cameraquaytrom.net\/wp-content\/uploads\/2021\/11\/z2921483776499_3224250c727db69621b7fe46a541f643-1024x1024.jpg 1024w, https:\/\/cameraquaytrom.net\/wp-content\/uploads\/2021\/11\/z2921483776499_3224250c727db69621b7fe46a541f643-150x150.jpg 150w, https:\/\/cameraquaytrom.net\/wp-content\/uploads\/2021\/11\/z2921483776499_3224250c727db69621b7fe46a541f643-768x768.jpg 768w, https:\/\/cameraquaytrom.net\/wp-content\/uploads\/2021\/11\/z2921483776499_3224250c727db69621b7fe46a541f643-1536x1536.jpg 1536w, https:\/\/cameraquaytrom.net\/wp-content\/uploads\/2021\/11\/z2921483776499_3224250c727db69621b7fe46a541f643-2048x2048.jpg 2048w, https:\/\/cameraquaytrom.net\/wp-content\/uploads\/2021\/11\/z2921483776499_3224250c727db69621b7fe46a541f643-600x600.jpg 600w, https:\/\/cameraquaytrom.net\/wp-content\/uploads\/2021\/11\/z2921483776499_3224250c727db69621b7fe46a541f643-100x100.jpg 100w\" sizes=\"(max-width: 300px) 100vw, 300px\" \/><\/p>\n<p><img loading=\"lazy\" decoding=\"async\" class=\"size-medium wp-image-1969 aligncenter\" src=\"https:\/\/cameraquaytrom.net\/wp-content\/uploads\/2021\/11\/z2921483418989_63f8ede6e519848c539f6114757ec71a-300x300.jpg\" alt=\"\" width=\"300\" height=\"300\" srcset=\"https:\/\/cameraquaytrom.net\/wp-content\/uploads\/2021\/11\/z2921483418989_63f8ede6e519848c539f6114757ec71a-300x300.jpg 300w, https:\/\/cameraquaytrom.net\/wp-content\/uploads\/2021\/11\/z2921483418989_63f8ede6e519848c539f6114757ec71a-1024x1024.jpg 1024w, https:\/\/cameraquaytrom.net\/wp-content\/uploads\/2021\/11\/z2921483418989_63f8ede6e519848c539f6114757ec71a-150x150.jpg 150w, https:\/\/cameraquaytrom.net\/wp-content\/uploads\/2021\/11\/z2921483418989_63f8ede6e519848c539f6114757ec71a-768x768.jpg 768w, https:\/\/cameraquaytrom.net\/wp-content\/uploads\/2021\/11\/z2921483418989_63f8ede6e519848c539f6114757ec71a-1536x1536.jpg 1536w, https:\/\/cameraquaytrom.net\/wp-content\/uploads\/2021\/11\/z2921483418989_63f8ede6e519848c539f6114757ec71a-2048x2048.jpg 2048w, https:\/\/cameraquaytrom.net\/wp-content\/uploads\/2021\/11\/z2921483418989_63f8ede6e519848c539f6114757ec71a-600x600.jpg 600w, https:\/\/cameraquaytrom.net\/wp-content\/uploads\/2021\/11\/z2921483418989_63f8ede6e519848c539f6114757ec71a-100x100.jpg 100w\" sizes=\"(max-width: 300px) 100vw, 300px\" \/><\/p>\n<p>\u0110\u1ecbnh V\u1ecb Nghe L\u00e9n N99 Si\u00eau Nh\u1ecf Si\u00eau M\u1ecfng \u0110\u00fat V\u00ed Nh\u1ecf Nh\u1ea5t H\u00e0nh Tinh<\/p>\n<p>&#8211; Thi\u1ebft b\u1ecb nghe l\u00e9n \u0111\u1ecbnh v\u1ecb gi\u00e1 r\u1ebb \u201cH\u00c0NG \u0110\u1ed8C QUY\u1ec0N T\u1ea0I \u0110I\u1ec6N T\u1eec H\u1ea2I T\u00c2M\u201d<\/p>\n<p>&#8211; \u0110\u1ecbnh v\u1ecb tr\u1ef1c tuy\u1ebfn xem tr\u00ean b\u1ea3n \u0111\u1ed3 (App: GPS365)<\/p>\n<p>&#8211; Xem l\u1ea1i qu\u00e3ng \u0111\u01b0\u1eddng xe di chuy\u1ec3n<\/p>\n<p>&#8211; Nghe l\u00e9n \u00e2m thanh xung quanh v\u1ecb tr\u00ed m\u00ecnh g\u1eafn thi\u1ebft b\u1ecb<\/p>\n<p>&#8211; T\u1ef1 \u0111\u1ed9ng g\u1ecdi l\u1ea1i khi c\u00f3 ti\u1ebfng \u0111\u1ed9ng<\/p>\n<p>&#8211; Ghi \u00e2m v\u00e0 t\u1ef1 \u0111\u1ed9ng ghi \u00e2m khi c\u00f3 ti\u1ebfng \u0111\u1ed9ng<\/p>\n<p>&#8211; Thi\u1ebft l\u1eadp c\u1ea3nh b\u00e1o khi thi\u1ebft b\u1ecb di chuy\u1ec3n<\/p>\n<h2><em><span style=\"text-decoration: underline;\">Video h\u01b0\u1edbng d\u1eabn s\u1eed d\u1ee5ng<\/span><\/em><\/h2>\n<p><iframe loading=\"lazy\" title=\"\u0110\u1ecbnh V\u1ecb Nghe L\u00e9n N99 Si\u00eau Nh\u1ecf Si\u00eau M\u1ecfng \u0110\u00fat V\u00ed Nh\u1ecf Nh\u1ea5t H\u00e0nh Tinh ||Thi\u1ebft b\u1ecb nghe l\u00e9n \u0111\u1ecbnh v\u1ecb gi\u00e1 r\u1ebb\" width=\"1020\" height=\"574\" src=\"https:\/\/www.youtube.com\/embed\/M0LGHvfKl8I?feature=oembed\" frameborder=\"0\" allow=\"accelerometer; autoplay; clipboard-write; encrypted-media; gyroscope; picture-in-picture\" allowfullscreen><\/iframe><\/p>\n<h3>Li\u00ean h\u1ec7 mua h\u00e0ng<\/h3>\n<h3 dir=\"auto\"><span class=\"pq6dq46d tbxw36s4 knj5qynh kvgmc6g5 ditlmg2l oygrvhab nvdbi5me sf5mxxl7 gl3lb2sf hhz5lgdu\"><img loading=\"lazy\" decoding=\"async\" src=\"https:\/\/static.xx.fbcdn.net\/images\/emoji.php\/v9\/t22\/1\/16\/260e.png\" alt=\"\u260e\ufe0f\" width=\"16\" height=\"16\" \/><\/span> A H\u1ea3i: 094.226.2345 (zalo) &#8211; T\u01b0 V\u1ea5n 24\/24<\/h3>\n<h3 class=\"o9v6fnle cxmmr5t8 oygrvhab hcukyx3x c1et5uql ii04i59q\"><span class=\"pq6dq46d tbxw36s4 knj5qynh kvgmc6g5 ditlmg2l oygrvhab nvdbi5me sf5mxxl7 gl3lb2sf hhz5lgdu\"><img loading=\"lazy\" decoding=\"async\" src=\"https:\/\/static.xx.fbcdn.net\/images\/emoji.php\/v9\/ta7\/1\/16\/1f3ea.png\" alt=\"\ud83c\udfea\" width=\"16\" height=\"16\" \/><\/span> H\u00e0 N\u1ed9i: s\u1ed1 42 Th\u1ecbnh Li\u1ec7t &#8211; Ho\u00e0ng Mai &#8211; H\u00e0 N\u1ed9i<span class=\"pq6dq46d tbxw36s4 knj5qynh kvgmc6g5 ditlmg2l oygrvhab nvdbi5me sf5mxxl7 gl3lb2sf hhz5lgdu\"><img loading=\"lazy\" decoding=\"async\" src=\"https:\/\/static.xx.fbcdn.net\/images\/emoji.php\/v9\/ta7\/1\/16\/1f3ea.png\" alt=\"\ud83c\udfea\" width=\"16\" height=\"16\" \/><\/span> S\u00e0i G\u00f2n: 558\/66 B\u00ecnh Qu\u1edbi &#8211; Ph\u01b0\u1eddng 28 &#8211; B\u00ecnh Th\u1ea1nh<\/h3>\n","protected":false},"excerpt":{"rendered":"<p>\u0110\u1ecbnh V\u1ecb Nghe L\u00e9n N99 Si\u00eau Nh\u1ecf Si\u00eau M\u1ecfng \u0110\u00fat V\u00ed Nh\u1ecf Nh\u1ea5t H\u00e0nh Tinh<\/p>\n","protected":false},"featured_media":1970,"comment_status":"open","ping_status":"closed","template":"","meta":[],"product_cat":[28,29],"product_tag":[],"class_list":{"0":"post-2001","1":"product","2":"type-product","3":"status-publish","4":"has-post-thumbnail","6":"product_cat-thiet-bi-dinh-vi","7":"product_cat-thiet-bi-nghe-len","9":"first","10":"instock","11":"sale","12":"shipping-taxable","13":"purchasable","14":"product-type-simple"},"_links":{"self":[{"href":"https:\/\/cameraquaytrom.net\/index.php?rest_route=\/wp\/v2\/product\/2001"}],"collection":[{"href":"https:\/\/cameraquaytrom.net\/index.php?rest_route=\/wp\/v2\/product"}],"about":[{"href":"https:\/\/cameraquaytrom.net\/index.php?rest_route=\/wp\/v2\/types\/product"}],"replies":[{"embeddable":true,"href":"https:\/\/cameraquaytrom.net\/index.php?rest_route=%2Fwp%2Fv2%2Fcomments&post=2001"}],"wp:featuredmedia":[{"embeddable":true,"href":"https:\/\/cameraquaytrom.net\/index.php?rest_route=\/wp\/v2\/media\/1970"}],"wp:attachment":[{"href":"https:\/\/cameraquaytrom.net\/index.php?rest_route=%2Fwp%2Fv2%2Fmedia&parent=2001"}],"wp:term":[{"taxonomy":"product_cat","embeddable":true,"href":"https:\/\/cameraquaytrom.net\/index.php?rest_route=%2Fwp%2Fv2%2Fproduct_cat&post=2001"},{"taxonomy":"product_tag","embeddable":true,"href":"https:\/\/cameraquaytrom.net\/index.php?rest_route=%2Fwp%2Fv2%2Fproduct_tag&post=2001"}],"curies":[{"name":"wp","href":"https:\/\/api.w.org\/{rel}","templated":true}]}}