{"id":2021,"date":"2021-11-15T16:32:48","date_gmt":"2021-11-15T16:32:48","guid":{"rendered":"https:\/\/cameraquaytrom.net\/?post_type=product&#038;p=2021"},"modified":"2021-11-15T16:32:48","modified_gmt":"2021-11-15T16:32:48","slug":"may-do-m8000-sieu-cao-cap-phat-hien-100-dinh-vi-nghe-len-ghi-am","status":"publish","type":"product","link":"https:\/\/cameraquaytrom.net\/?product=may-do-m8000-sieu-cao-cap-phat-hien-100-dinh-vi-nghe-len-ghi-am","title":{"rendered":"M\u00e1y D\u00f2 M8000 Si\u00eau Cao C\u1ea5p Ph\u00e1t Hi\u1ec7n 100% \u0110\u1ecbnh V\u1ecb Nghe L\u00e9n Ghi \u00c2m"},"content":{"rendered":"<h1 style=\"text-align: center;\">M\u00e1y D\u00f2 M8000 Si\u00eau Cao C\u1ea5p Ph\u00e1t Hi\u1ec7n 100%<\/h1>\n<h1 style=\"text-align: center;\">\u0110\u1ecbnh V\u1ecb Nghe L\u00e9n Ghi \u00c2m<\/h1>\n<p><img loading=\"lazy\" decoding=\"async\" class=\"size-medium wp-image-2022 aligncenter\" src=\"https:\/\/cameraquaytrom.net\/wp-content\/uploads\/2021\/11\/z2921506469140_cbaf302347b210987e4e7322bc6350fd-300x300.jpg\" alt=\"\" width=\"300\" height=\"300\" srcset=\"https:\/\/cameraquaytrom.net\/wp-content\/uploads\/2021\/11\/z2921506469140_cbaf302347b210987e4e7322bc6350fd-300x300.jpg 300w, https:\/\/cameraquaytrom.net\/wp-content\/uploads\/2021\/11\/z2921506469140_cbaf302347b210987e4e7322bc6350fd-1024x1024.jpg 1024w, https:\/\/cameraquaytrom.net\/wp-content\/uploads\/2021\/11\/z2921506469140_cbaf302347b210987e4e7322bc6350fd-150x150.jpg 150w, https:\/\/cameraquaytrom.net\/wp-content\/uploads\/2021\/11\/z2921506469140_cbaf302347b210987e4e7322bc6350fd-768x768.jpg 768w, https:\/\/cameraquaytrom.net\/wp-content\/uploads\/2021\/11\/z2921506469140_cbaf302347b210987e4e7322bc6350fd-1536x1536.jpg 1536w, https:\/\/cameraquaytrom.net\/wp-content\/uploads\/2021\/11\/z2921506469140_cbaf302347b210987e4e7322bc6350fd-2048x2048.jpg 2048w, https:\/\/cameraquaytrom.net\/wp-content\/uploads\/2021\/11\/z2921506469140_cbaf302347b210987e4e7322bc6350fd-600x600.jpg 600w, https:\/\/cameraquaytrom.net\/wp-content\/uploads\/2021\/11\/z2921506469140_cbaf302347b210987e4e7322bc6350fd-100x100.jpg 100w\" sizes=\"(max-width: 300px) 100vw, 300px\" \/><\/p>\n<p><img loading=\"lazy\" decoding=\"async\" class=\"size-medium wp-image-2023 aligncenter\" src=\"https:\/\/cameraquaytrom.net\/wp-content\/uploads\/2021\/11\/z2921508026792_b7852cddc20f4ff908d45dfeb961343c-300x300.jpg\" alt=\"\" width=\"300\" height=\"300\" srcset=\"https:\/\/cameraquaytrom.net\/wp-content\/uploads\/2021\/11\/z2921508026792_b7852cddc20f4ff908d45dfeb961343c-300x300.jpg 300w, https:\/\/cameraquaytrom.net\/wp-content\/uploads\/2021\/11\/z2921508026792_b7852cddc20f4ff908d45dfeb961343c-1024x1024.jpg 1024w, https:\/\/cameraquaytrom.net\/wp-content\/uploads\/2021\/11\/z2921508026792_b7852cddc20f4ff908d45dfeb961343c-150x150.jpg 150w, https:\/\/cameraquaytrom.net\/wp-content\/uploads\/2021\/11\/z2921508026792_b7852cddc20f4ff908d45dfeb961343c-768x768.jpg 768w, https:\/\/cameraquaytrom.net\/wp-content\/uploads\/2021\/11\/z2921508026792_b7852cddc20f4ff908d45dfeb961343c-1536x1536.jpg 1536w, https:\/\/cameraquaytrom.net\/wp-content\/uploads\/2021\/11\/z2921508026792_b7852cddc20f4ff908d45dfeb961343c-2048x2048.jpg 2048w, https:\/\/cameraquaytrom.net\/wp-content\/uploads\/2021\/11\/z2921508026792_b7852cddc20f4ff908d45dfeb961343c-600x600.jpg 600w, https:\/\/cameraquaytrom.net\/wp-content\/uploads\/2021\/11\/z2921508026792_b7852cddc20f4ff908d45dfeb961343c-100x100.jpg 100w\" sizes=\"(max-width: 300px) 100vw, 300px\" \/><\/p>\n<p><img loading=\"lazy\" decoding=\"async\" class=\"size-medium wp-image-2024 aligncenter\" src=\"https:\/\/cameraquaytrom.net\/wp-content\/uploads\/2021\/11\/z2921507584616_d584b68af9e19efe73f9d0d177ac9a30-300x300.jpg\" alt=\"\" width=\"300\" height=\"300\" srcset=\"https:\/\/cameraquaytrom.net\/wp-content\/uploads\/2021\/11\/z2921507584616_d584b68af9e19efe73f9d0d177ac9a30-300x300.jpg 300w, https:\/\/cameraquaytrom.net\/wp-content\/uploads\/2021\/11\/z2921507584616_d584b68af9e19efe73f9d0d177ac9a30-1024x1024.jpg 1024w, https:\/\/cameraquaytrom.net\/wp-content\/uploads\/2021\/11\/z2921507584616_d584b68af9e19efe73f9d0d177ac9a30-150x150.jpg 150w, https:\/\/cameraquaytrom.net\/wp-content\/uploads\/2021\/11\/z2921507584616_d584b68af9e19efe73f9d0d177ac9a30-768x768.jpg 768w, https:\/\/cameraquaytrom.net\/wp-content\/uploads\/2021\/11\/z2921507584616_d584b68af9e19efe73f9d0d177ac9a30-1536x1536.jpg 1536w, https:\/\/cameraquaytrom.net\/wp-content\/uploads\/2021\/11\/z2921507584616_d584b68af9e19efe73f9d0d177ac9a30-2048x2048.jpg 2048w, https:\/\/cameraquaytrom.net\/wp-content\/uploads\/2021\/11\/z2921507584616_d584b68af9e19efe73f9d0d177ac9a30-600x600.jpg 600w, https:\/\/cameraquaytrom.net\/wp-content\/uploads\/2021\/11\/z2921507584616_d584b68af9e19efe73f9d0d177ac9a30-100x100.jpg 100w\" sizes=\"(max-width: 300px) 100vw, 300px\" \/><\/p>\n<p><img loading=\"lazy\" decoding=\"async\" class=\"size-medium wp-image-2025 aligncenter\" src=\"https:\/\/cameraquaytrom.net\/wp-content\/uploads\/2021\/11\/z2921507038548_89e05fa1021e6ce126fa9beb6eebd10b-300x300.jpg\" alt=\"\" width=\"300\" height=\"300\" srcset=\"https:\/\/cameraquaytrom.net\/wp-content\/uploads\/2021\/11\/z2921507038548_89e05fa1021e6ce126fa9beb6eebd10b-300x300.jpg 300w, https:\/\/cameraquaytrom.net\/wp-content\/uploads\/2021\/11\/z2921507038548_89e05fa1021e6ce126fa9beb6eebd10b-1024x1024.jpg 1024w, https:\/\/cameraquaytrom.net\/wp-content\/uploads\/2021\/11\/z2921507038548_89e05fa1021e6ce126fa9beb6eebd10b-150x150.jpg 150w, https:\/\/cameraquaytrom.net\/wp-content\/uploads\/2021\/11\/z2921507038548_89e05fa1021e6ce126fa9beb6eebd10b-768x768.jpg 768w, https:\/\/cameraquaytrom.net\/wp-content\/uploads\/2021\/11\/z2921507038548_89e05fa1021e6ce126fa9beb6eebd10b-1536x1536.jpg 1536w, https:\/\/cameraquaytrom.net\/wp-content\/uploads\/2021\/11\/z2921507038548_89e05fa1021e6ce126fa9beb6eebd10b-2048x2048.jpg 2048w, https:\/\/cameraquaytrom.net\/wp-content\/uploads\/2021\/11\/z2921507038548_89e05fa1021e6ce126fa9beb6eebd10b-600x600.jpg 600w, https:\/\/cameraquaytrom.net\/wp-content\/uploads\/2021\/11\/z2921507038548_89e05fa1021e6ce126fa9beb6eebd10b-100x100.jpg 100w\" sizes=\"(max-width: 300px) 100vw, 300px\" \/><\/p>\n<h2><em><span style=\"text-decoration: underline;\">Video h\u01b0\u1edbng d\u1eabn s\u1eed d\u1ee5ng<\/span><\/em><\/h2>\n<p><iframe loading=\"lazy\" title=\"M\u00e1y D\u00f2 M8000 - Thi\u1ebft b\u1ecb d\u00f2 si\u00eau cao c\u1ea5p ph\u00e1t hi\u1ec7n m\u00e1y \u0111\u1ecbnh v\u1ecb nghe l\u00e9n, camera si\u00eau nh\u1ecf, m\u00e1y ghi \u00e2m\" width=\"1020\" height=\"574\" src=\"https:\/\/www.youtube.com\/embed\/Xl26BTHkTRc?feature=oembed\" frameborder=\"0\" allow=\"accelerometer; autoplay; clipboard-write; encrypted-media; gyroscope; picture-in-picture\" allowfullscreen><\/iframe><\/p>\n<h3>Li\u00ean h\u1ec7 mua h\u00e0ng<\/h3>\n<div dir=\"auto\"><span class=\"pq6dq46d tbxw36s4 knj5qynh kvgmc6g5 ditlmg2l oygrvhab nvdbi5me sf5mxxl7 gl3lb2sf hhz5lgdu\"><img loading=\"lazy\" decoding=\"async\" src=\"https:\/\/static.xx.fbcdn.net\/images\/emoji.php\/v9\/t22\/1\/16\/260e.png\" alt=\"\u260e\ufe0f\" width=\"16\" height=\"16\" \/><\/span> A H\u1ea3i: 094.226.2345 (zalo) &#8211; T\u01b0 V\u1ea5n 24\/24<\/div>\n<div class=\"o9v6fnle cxmmr5t8 oygrvhab hcukyx3x c1et5uql ii04i59q\">\n<h3 dir=\"auto\"><span class=\"pq6dq46d tbxw36s4 knj5qynh kvgmc6g5 ditlmg2l oygrvhab nvdbi5me sf5mxxl7 gl3lb2sf hhz5lgdu\"><img loading=\"lazy\" decoding=\"async\" src=\"https:\/\/static.xx.fbcdn.net\/images\/emoji.php\/v9\/ta7\/1\/16\/1f3ea.png\" alt=\"\ud83c\udfea\" width=\"16\" height=\"16\" \/><\/span> H\u00e0 N\u1ed9i: s\u1ed1 42 Th\u1ecbnh Li\u1ec7t &#8211; Ho\u00e0ng Mai &#8211; H\u00e0 N\u1ed9i<\/h3>\n<h3 dir=\"auto\"><span class=\"pq6dq46d tbxw36s4 knj5qynh kvgmc6g5 ditlmg2l oygrvhab nvdbi5me sf5mxxl7 gl3lb2sf hhz5lgdu\"><img loading=\"lazy\" decoding=\"async\" src=\"https:\/\/static.xx.fbcdn.net\/images\/emoji.php\/v9\/ta7\/1\/16\/1f3ea.png\" alt=\"\ud83c\udfea\" width=\"16\" height=\"16\" \/><\/span> S\u00e0i G\u00f2n: 558\/66 B\u00ecnh Qu\u1edbi &#8211; Ph\u01b0\u1eddng 28 &#8211; B\u00ecnh Th\u1ea1nh<\/h3>\n<\/div>\n","protected":false},"excerpt":{"rendered":"<p>M\u00e1y D\u00f2 M8000 Si\u00eau Cao C\u1ea5p Ph\u00e1t Hi\u1ec7n 100% \u0110\u1ecbnh V\u1ecb Nghe L\u00e9n Ghi \u00c2m Video h\u01b0\u1edbng d\u1eabn s\u1eed d\u1ee5ng Li\u00ean h\u1ec7 mua h\u00e0ng A H\u1ea3i: 094.226.2345 (zalo) &#8211; T\u01b0 V\u1ea5n 24\/24 H\u00e0 N\u1ed9i: s\u1ed1 42 Th\u1ecbnh Li\u1ec7t &#8211; Ho\u00e0ng Mai &#8211; H\u00e0 N\u1ed9i S\u00e0i G\u00f2n: 558\/66 B\u00ecnh Qu\u1edbi &#8211; Ph\u01b0\u1eddng 28 &#8211; B\u00ecnh Th\u1ea1nh<\/p>\n","protected":false},"featured_media":2022,"comment_status":"open","ping_status":"closed","template":"","meta":[],"product_cat":[34],"product_tag":[],"class_list":{"0":"post-2021","1":"product","2":"type-product","3":"status-publish","4":"has-post-thumbnail","6":"product_cat-thiet-bi-phat-hien-nghe-len","8":"first","9":"instock","10":"sale","11":"shipping-taxable","12":"purchasable","13":"product-type-simple"},"_links":{"self":[{"href":"https:\/\/cameraquaytrom.net\/index.php?rest_route=\/wp\/v2\/product\/2021"}],"collection":[{"href":"https:\/\/cameraquaytrom.net\/index.php?rest_route=\/wp\/v2\/product"}],"about":[{"href":"https:\/\/cameraquaytrom.net\/index.php?rest_route=\/wp\/v2\/types\/product"}],"replies":[{"embeddable":true,"href":"https:\/\/cameraquaytrom.net\/index.php?rest_route=%2Fwp%2Fv2%2Fcomments&post=2021"}],"wp:featuredmedia":[{"embeddable":true,"href":"https:\/\/cameraquaytrom.net\/index.php?rest_route=\/wp\/v2\/media\/2022"}],"wp:attachment":[{"href":"https:\/\/cameraquaytrom.net\/index.php?rest_route=%2Fwp%2Fv2%2Fmedia&parent=2021"}],"wp:term":[{"taxonomy":"product_cat","embeddable":true,"href":"https:\/\/cameraquaytrom.net\/index.php?rest_route=%2Fwp%2Fv2%2Fproduct_cat&post=2021"},{"taxonomy":"product_tag","embeddable":true,"href":"https:\/\/cameraquaytrom.net\/index.php?rest_route=%2Fwp%2Fv2%2Fproduct_tag&post=2021"}],"curies":[{"name":"wp","href":"https:\/\/api.w.org\/{rel}","templated":true}]}}