{"id":2086,"date":"2022-05-04T06:50:39","date_gmt":"2022-05-04T06:50:39","guid":{"rendered":"https:\/\/cameraquaytrom.net\/?post_type=product&#038;p=2086"},"modified":"2022-05-04T06:50:39","modified_gmt":"2022-05-04T06:50:39","slug":"camera-nguy-trang-kinh-mat","status":"publish","type":"product","link":"https:\/\/cameraquaytrom.net\/?product=camera-nguy-trang-kinh-mat","title":{"rendered":"Camera Ngu\u1ef5 Trang K\u00ednh M\u1eaft"},"content":{"rendered":"<h1 style=\"text-align: center;\">Camera ngu\u1ef5 trang k\u00ednh m\u1eaft &#8211; M\u1eabu k\u00ednh camera m\u1edbi nh\u1ea5t hi\u1ec7n nay chuy\u00ean quay phim, ghi \u00e2m v\u00e0 ch\u1ee5p \u1ea3nh<\/h1>\n<p><img loading=\"lazy\" decoding=\"async\" class=\"size-medium wp-image-2087 aligncenter\" src=\"https:\/\/cameraquaytrom.net\/wp-content\/uploads\/2022\/05\/z3387911414687_8a8c764fa3b76e142f281f5ca06d1350-300x300.jpg\" alt=\"\" width=\"300\" height=\"300\" srcset=\"https:\/\/cameraquaytrom.net\/wp-content\/uploads\/2022\/05\/z3387911414687_8a8c764fa3b76e142f281f5ca06d1350-300x300.jpg 300w, https:\/\/cameraquaytrom.net\/wp-content\/uploads\/2022\/05\/z3387911414687_8a8c764fa3b76e142f281f5ca06d1350-1024x1024.jpg 1024w, https:\/\/cameraquaytrom.net\/wp-content\/uploads\/2022\/05\/z3387911414687_8a8c764fa3b76e142f281f5ca06d1350-150x150.jpg 150w, https:\/\/cameraquaytrom.net\/wp-content\/uploads\/2022\/05\/z3387911414687_8a8c764fa3b76e142f281f5ca06d1350-768x768.jpg 768w, https:\/\/cameraquaytrom.net\/wp-content\/uploads\/2022\/05\/z3387911414687_8a8c764fa3b76e142f281f5ca06d1350-1536x1536.jpg 1536w, https:\/\/cameraquaytrom.net\/wp-content\/uploads\/2022\/05\/z3387911414687_8a8c764fa3b76e142f281f5ca06d1350-2048x2048.jpg 2048w, https:\/\/cameraquaytrom.net\/wp-content\/uploads\/2022\/05\/z3387911414687_8a8c764fa3b76e142f281f5ca06d1350-600x600.jpg 600w, https:\/\/cameraquaytrom.net\/wp-content\/uploads\/2022\/05\/z3387911414687_8a8c764fa3b76e142f281f5ca06d1350-100x100.jpg 100w\" sizes=\"(max-width: 300px) 100vw, 300px\" \/><\/p>\n<p><img loading=\"lazy\" decoding=\"async\" class=\"size-medium wp-image-2088 aligncenter\" src=\"https:\/\/cameraquaytrom.net\/wp-content\/uploads\/2022\/05\/z3387911580846_a03392de4b75381418c98ae85a36229b-300x300.jpg\" alt=\"\" width=\"300\" height=\"300\" srcset=\"https:\/\/cameraquaytrom.net\/wp-content\/uploads\/2022\/05\/z3387911580846_a03392de4b75381418c98ae85a36229b-300x300.jpg 300w, https:\/\/cameraquaytrom.net\/wp-content\/uploads\/2022\/05\/z3387911580846_a03392de4b75381418c98ae85a36229b-1024x1024.jpg 1024w, https:\/\/cameraquaytrom.net\/wp-content\/uploads\/2022\/05\/z3387911580846_a03392de4b75381418c98ae85a36229b-150x150.jpg 150w, https:\/\/cameraquaytrom.net\/wp-content\/uploads\/2022\/05\/z3387911580846_a03392de4b75381418c98ae85a36229b-768x768.jpg 768w, https:\/\/cameraquaytrom.net\/wp-content\/uploads\/2022\/05\/z3387911580846_a03392de4b75381418c98ae85a36229b-1536x1536.jpg 1536w, https:\/\/cameraquaytrom.net\/wp-content\/uploads\/2022\/05\/z3387911580846_a03392de4b75381418c98ae85a36229b-2048x2048.jpg 2048w, https:\/\/cameraquaytrom.net\/wp-content\/uploads\/2022\/05\/z3387911580846_a03392de4b75381418c98ae85a36229b-600x600.jpg 600w, https:\/\/cameraquaytrom.net\/wp-content\/uploads\/2022\/05\/z3387911580846_a03392de4b75381418c98ae85a36229b-100x100.jpg 100w\" sizes=\"(max-width: 300px) 100vw, 300px\" \/><\/p>\n<p><img loading=\"lazy\" decoding=\"async\" class=\"size-medium wp-image-2089 aligncenter\" src=\"https:\/\/cameraquaytrom.net\/wp-content\/uploads\/2022\/05\/z3387911437237_1a8e34bb80a526fe412fbbb32eee3330-300x300.jpg\" alt=\"\" width=\"300\" height=\"300\" srcset=\"https:\/\/cameraquaytrom.net\/wp-content\/uploads\/2022\/05\/z3387911437237_1a8e34bb80a526fe412fbbb32eee3330-300x300.jpg 300w, https:\/\/cameraquaytrom.net\/wp-content\/uploads\/2022\/05\/z3387911437237_1a8e34bb80a526fe412fbbb32eee3330-1024x1024.jpg 1024w, https:\/\/cameraquaytrom.net\/wp-content\/uploads\/2022\/05\/z3387911437237_1a8e34bb80a526fe412fbbb32eee3330-150x150.jpg 150w, https:\/\/cameraquaytrom.net\/wp-content\/uploads\/2022\/05\/z3387911437237_1a8e34bb80a526fe412fbbb32eee3330-768x768.jpg 768w, https:\/\/cameraquaytrom.net\/wp-content\/uploads\/2022\/05\/z3387911437237_1a8e34bb80a526fe412fbbb32eee3330-600x600.jpg 600w, https:\/\/cameraquaytrom.net\/wp-content\/uploads\/2022\/05\/z3387911437237_1a8e34bb80a526fe412fbbb32eee3330-100x100.jpg 100w, https:\/\/cameraquaytrom.net\/wp-content\/uploads\/2022\/05\/z3387911437237_1a8e34bb80a526fe412fbbb32eee3330.jpg 1280w\" sizes=\"(max-width: 300px) 100vw, 300px\" \/><\/p>\n<p><img loading=\"lazy\" decoding=\"async\" class=\"size-medium wp-image-2090 aligncenter\" src=\"https:\/\/cameraquaytrom.net\/wp-content\/uploads\/2022\/05\/z3387911514522_69df737317885f3d9d88bcb781dafcb5-300x300.jpg\" alt=\"\" width=\"300\" height=\"300\" srcset=\"https:\/\/cameraquaytrom.net\/wp-content\/uploads\/2022\/05\/z3387911514522_69df737317885f3d9d88bcb781dafcb5-300x300.jpg 300w, https:\/\/cameraquaytrom.net\/wp-content\/uploads\/2022\/05\/z3387911514522_69df737317885f3d9d88bcb781dafcb5-1024x1024.jpg 1024w, https:\/\/cameraquaytrom.net\/wp-content\/uploads\/2022\/05\/z3387911514522_69df737317885f3d9d88bcb781dafcb5-150x150.jpg 150w, https:\/\/cameraquaytrom.net\/wp-content\/uploads\/2022\/05\/z3387911514522_69df737317885f3d9d88bcb781dafcb5-768x768.jpg 768w, https:\/\/cameraquaytrom.net\/wp-content\/uploads\/2022\/05\/z3387911514522_69df737317885f3d9d88bcb781dafcb5-1536x1536.jpg 1536w, https:\/\/cameraquaytrom.net\/wp-content\/uploads\/2022\/05\/z3387911514522_69df737317885f3d9d88bcb781dafcb5-2048x2048.jpg 2048w, https:\/\/cameraquaytrom.net\/wp-content\/uploads\/2022\/05\/z3387911514522_69df737317885f3d9d88bcb781dafcb5-600x600.jpg 600w, https:\/\/cameraquaytrom.net\/wp-content\/uploads\/2022\/05\/z3387911514522_69df737317885f3d9d88bcb781dafcb5-100x100.jpg 100w\" sizes=\"(max-width: 300px) 100vw, 300px\" \/><\/p>\n<p>\ud83d\udccc K\u00ednh m\u1eaft camera s\u1ea3n ph\u1ea9m mang phong c\u00e1ch th\u1eddi trang s\u00e0nh \u0111i\u1ec7u v\u1edbi m\u1ed9t \u1ed1ng k\u00ednh camera \u1ea9n quay video ch\u1ea5t l\u01b0\u1ee3ng Full HD 1080P \u0111\u01b0\u1ee3c \u0111\u1eb7t b\u00ean trong khung c\u1ee7a m\u1eaft k\u00ednh.<\/p>\n<p>\ud83d\udccc M\u1eaft k\u00ednh camera l\u00e0 m\u1ed9t trong nh\u1eefng s\u1ea3n ph\u1ea9m \u0111\u01b0\u1ee3c \u01b0u chu\u1ed9ng nh\u1ea5t tr\u00ean th\u1ecb tr\u01b0\u1eddng, kh\u00f4ng ch\u1ec9 d\u00e0nh cho nh\u1eefng nh\u00e0 \u0111i\u1ec1u tra, th\u00e1m t\u1eed m\u00e0 ngay c\u1ea3 nh\u1eefng b\u1ea1n ph\u01b0\u1ee3t th\u1ee7 th\u00ec m\u1eaft k\u00ednh camera l\u00e0 m\u1ed9t thi\u1ebft b\u1ecb \u0111\u1ed3ng h\u00e0nh gi\u00fap l\u01b0u l\u1ea1i nh\u1eefng kho\u1ea3nh kh\u1eafc \u1ea5n t\u01b0\u1ee3ng nh\u1ea5t cho nh\u1eefng chuy\u1ebfn du l\u1ecbch.<\/p>\n<p>\ud83d\udccc S\u1ea3n ph\u1ea9m k\u00ednh m\u1eaft camera Full HD 1080P c\u00f3 \u1ed1ng k\u00ednh camera r\u1ed9ng \u0111\u1ebfn 120 \u0111\u1ed9 \u1edf g\u00f3c b\u00ean tr\u00ean thanh m\u1eaft k\u00ednh v\u00e0 c\u00f3 th\u1ec3 quay video ch\u1ebf \u0111\u1ed9 1920 x1080P Full HD, ch\u1ea5t l\u01b0\u1ee3ng h\u00ecnh \u1ea3nh, video r\u00f5 n\u00e9t, ch\u00e2n th\u1eadt m\u00e0 kh\u00f4ng b\u1ecb nh\u00f2e.<\/p>\n<h2><em>Video h\u01b0\u1edbng d\u1eabn s\u1eed d\u1ee5ng<\/em><\/h2>\n<p><iframe loading=\"lazy\" title=\"Camera ngu\u1ef5 trang k\u00ednh m\u1eaft || M\u1eabu k\u00ednh camera m\u1edbi nh\u1ea5t hi\u1ec7n nay chuy\u00ean quay phim, ghi \u00e2m v\u00e0 ch\u1ee5p \u1ea3nh\" width=\"1020\" height=\"574\" src=\"https:\/\/www.youtube.com\/embed\/ztKSE0CSUJo?start=35&#038;feature=oembed\" frameborder=\"0\" allow=\"accelerometer; autoplay; clipboard-write; encrypted-media; gyroscope; picture-in-picture\" allowfullscreen><\/iframe><\/p>\n<h3>Li\u00ean h\u1ec7 mua h\u00e0ng<\/h3>\n<h3 dir=\"auto\"><span class=\"pq6dq46d tbxw36s4 knj5qynh kvgmc6g5 ditlmg2l oygrvhab nvdbi5me sf5mxxl7 gl3lb2sf hhz5lgdu\"><img loading=\"lazy\" decoding=\"async\" src=\"https:\/\/static.xx.fbcdn.net\/images\/emoji.php\/v9\/t22\/1\/16\/260e.png\" alt=\"\u260e\ufe0f\" width=\"16\" height=\"16\" \/><\/span>\u00a0A H\u1ea3i: 094.226.2345 (zalo) \u2013 T\u01b0 V\u1ea5n 24\/24<\/h3>\n<h3 class=\"o9v6fnle cxmmr5t8 oygrvhab hcukyx3x c1et5uql ii04i59q\"><span class=\"pq6dq46d tbxw36s4 knj5qynh kvgmc6g5 ditlmg2l oygrvhab nvdbi5me sf5mxxl7 gl3lb2sf hhz5lgdu\"><img loading=\"lazy\" decoding=\"async\" src=\"https:\/\/static.xx.fbcdn.net\/images\/emoji.php\/v9\/ta7\/1\/16\/1f3ea.png\" alt=\"\ud83c\udfea\" width=\"16\" height=\"16\" \/><\/span>\u00a0H\u00e0 N\u1ed9i: s\u1ed1 42 Th\u1ecbnh Li\u1ec7t \u2013 Ho\u00e0ng Mai \u2013 H\u00e0 N\u1ed9i<\/h3>\n<h3 class=\"o9v6fnle cxmmr5t8 oygrvhab hcukyx3x c1et5uql ii04i59q\"><span class=\"pq6dq46d tbxw36s4 knj5qynh kvgmc6g5 ditlmg2l oygrvhab nvdbi5me sf5mxxl7 gl3lb2sf hhz5lgdu\"><img loading=\"lazy\" decoding=\"async\" src=\"https:\/\/static.xx.fbcdn.net\/images\/emoji.php\/v9\/ta7\/1\/16\/1f3ea.png\" alt=\"\ud83c\udfea\" width=\"16\" height=\"16\" \/><\/span>\u00a0S\u00e0i G\u00f2n: 558\/66 B\u00ecnh Qu\u1edbi \u2013 Ph\u01b0\u1eddng 28 \u2013 B\u00ecnh Th\u1ea1nh<\/h3>\n","protected":false},"excerpt":{"rendered":"<p>K\u00ednh m\u1eaft camera s\u1ea3n ph\u1ea9m mang phong c\u00e1ch th\u1eddi trang s\u00e0nh \u0111i\u1ec7u v\u1edbi m\u1ed9t \u1ed1ng k\u00ednh camera \u1ea9n quay video ch\u1ea5t l\u01b0\u1ee3ng Full HD 1080P \u0111\u01b0\u1ee3c \u0111\u1eb7t b\u00ean trong khung c\u1ee7a m\u1eaft k\u00ednh.<\/p>\n","protected":false},"featured_media":2090,"comment_status":"open","ping_status":"closed","template":"","meta":[],"product_cat":[30,56],"product_tag":[],"class_list":{"0":"post-2086","1":"product","2":"type-product","3":"status-publish","4":"has-post-thumbnail","6":"product_cat-thiet-bi-quay-len","7":"product_cat-thiet-bi-quay-len-offline","9":"first","10":"instock","11":"sale","12":"shipping-taxable","13":"purchasable","14":"product-type-simple"},"_links":{"self":[{"href":"https:\/\/cameraquaytrom.net\/index.php?rest_route=\/wp\/v2\/product\/2086"}],"collection":[{"href":"https:\/\/cameraquaytrom.net\/index.php?rest_route=\/wp\/v2\/product"}],"about":[{"href":"https:\/\/cameraquaytrom.net\/index.php?rest_route=\/wp\/v2\/types\/product"}],"replies":[{"embeddable":true,"href":"https:\/\/cameraquaytrom.net\/index.php?rest_route=%2Fwp%2Fv2%2Fcomments&post=2086"}],"wp:featuredmedia":[{"embeddable":true,"href":"https:\/\/cameraquaytrom.net\/index.php?rest_route=\/wp\/v2\/media\/2090"}],"wp:attachment":[{"href":"https:\/\/cameraquaytrom.net\/index.php?rest_route=%2Fwp%2Fv2%2Fmedia&parent=2086"}],"wp:term":[{"taxonomy":"product_cat","embeddable":true,"href":"https:\/\/cameraquaytrom.net\/index.php?rest_route=%2Fwp%2Fv2%2Fproduct_cat&post=2086"},{"taxonomy":"product_tag","embeddable":true,"href":"https:\/\/cameraquaytrom.net\/index.php?rest_route=%2Fwp%2Fv2%2Fproduct_tag&post=2086"}],"curies":[{"name":"wp","href":"https:\/\/api.w.org\/{rel}","templated":true}]}}