{"id":2177,"date":"2022-08-05T07:35:15","date_gmt":"2022-08-05T07:35:15","guid":{"rendered":"https:\/\/cameraquaytrom.net\/?post_type=product&#038;p=2177"},"modified":"2022-08-05T07:35:15","modified_gmt":"2022-08-05T07:35:15","slug":"camera-nguy-trang-bang-dien-dan-dung","status":"publish","type":"product","link":"https:\/\/cameraquaytrom.net\/?product=camera-nguy-trang-bang-dien-dan-dung","title":{"rendered":"Camera Ngu\u1ef5 Trang B\u1ea3ng \u0110i\u1ec7n D\u00e2n D\u1ee5ng"},"content":{"rendered":"<h1 style=\"text-align: center;\">Camera Ngu\u1ef5 Trang B\u1ea3ng \u0110i\u1ec7n D\u00e2n D\u1ee5ng<\/h1>\n<p><img loading=\"lazy\" decoding=\"async\" class=\"size-medium wp-image-2167 aligncenter\" src=\"https:\/\/cameraquaytrom.net\/wp-content\/uploads\/2022\/08\/z3620589519470_f469106e2c98ef3dd0f1b5e3b7c134a9-300x300.jpg\" alt=\"\" width=\"300\" height=\"300\" srcset=\"https:\/\/cameraquaytrom.net\/wp-content\/uploads\/2022\/08\/z3620589519470_f469106e2c98ef3dd0f1b5e3b7c134a9-300x300.jpg 300w, https:\/\/cameraquaytrom.net\/wp-content\/uploads\/2022\/08\/z3620589519470_f469106e2c98ef3dd0f1b5e3b7c134a9-1024x1024.jpg 1024w, https:\/\/cameraquaytrom.net\/wp-content\/uploads\/2022\/08\/z3620589519470_f469106e2c98ef3dd0f1b5e3b7c134a9-150x150.jpg 150w, https:\/\/cameraquaytrom.net\/wp-content\/uploads\/2022\/08\/z3620589519470_f469106e2c98ef3dd0f1b5e3b7c134a9-768x768.jpg 768w, https:\/\/cameraquaytrom.net\/wp-content\/uploads\/2022\/08\/z3620589519470_f469106e2c98ef3dd0f1b5e3b7c134a9-1536x1536.jpg 1536w, https:\/\/cameraquaytrom.net\/wp-content\/uploads\/2022\/08\/z3620589519470_f469106e2c98ef3dd0f1b5e3b7c134a9-2048x2048.jpg 2048w, https:\/\/cameraquaytrom.net\/wp-content\/uploads\/2022\/08\/z3620589519470_f469106e2c98ef3dd0f1b5e3b7c134a9-600x600.jpg 600w, https:\/\/cameraquaytrom.net\/wp-content\/uploads\/2022\/08\/z3620589519470_f469106e2c98ef3dd0f1b5e3b7c134a9-100x100.jpg 100w\" sizes=\"(max-width: 300px) 100vw, 300px\" \/><\/p>\n<p><img loading=\"lazy\" decoding=\"async\" class=\"size-medium wp-image-2169 aligncenter\" src=\"https:\/\/cameraquaytrom.net\/wp-content\/uploads\/2022\/08\/z3620589579688_ef99d9c59155024e831891dc32ba9768-300x300.jpg\" alt=\"\" width=\"300\" height=\"300\" srcset=\"https:\/\/cameraquaytrom.net\/wp-content\/uploads\/2022\/08\/z3620589579688_ef99d9c59155024e831891dc32ba9768-300x300.jpg 300w, https:\/\/cameraquaytrom.net\/wp-content\/uploads\/2022\/08\/z3620589579688_ef99d9c59155024e831891dc32ba9768-1024x1024.jpg 1024w, https:\/\/cameraquaytrom.net\/wp-content\/uploads\/2022\/08\/z3620589579688_ef99d9c59155024e831891dc32ba9768-150x150.jpg 150w, https:\/\/cameraquaytrom.net\/wp-content\/uploads\/2022\/08\/z3620589579688_ef99d9c59155024e831891dc32ba9768-768x768.jpg 768w, https:\/\/cameraquaytrom.net\/wp-content\/uploads\/2022\/08\/z3620589579688_ef99d9c59155024e831891dc32ba9768-1536x1536.jpg 1536w, https:\/\/cameraquaytrom.net\/wp-content\/uploads\/2022\/08\/z3620589579688_ef99d9c59155024e831891dc32ba9768-2048x2048.jpg 2048w, https:\/\/cameraquaytrom.net\/wp-content\/uploads\/2022\/08\/z3620589579688_ef99d9c59155024e831891dc32ba9768-600x600.jpg 600w, https:\/\/cameraquaytrom.net\/wp-content\/uploads\/2022\/08\/z3620589579688_ef99d9c59155024e831891dc32ba9768-100x100.jpg 100w\" sizes=\"(max-width: 300px) 100vw, 300px\" \/><\/p>\n<p><span style=\"font-size: 120%;\">Camera ng\u1ee5y trang \u1ed5 c\u1eafm \u0111i\u1ec7n \u0111\u00e3 qu\u00e1 quen thu\u1ed9c v\u1edbi t\u1ea5t c\u1ea3 c\u00e1c b\u1ea1n r\u1ed3i nh\u01b0ng h\u00f4m nay m\u00ecnh mu\u1ed1n gi\u1edbi thi\u1ec7u \u0111\u1ebfn t\u1ea5t c\u1ea3 c\u00e1c b\u1ea1n v\u1ec1 m\u1ed9t d\u00f2ng s\u1ea3n ph\u1ea9m m\u1edbi camera ng\u1ee5y trang b\u1ea3ng \u0111i\u1ec7n c\u1ef1c k\u00ec k\u00edn \u0111\u00e1o gi\u00fap b\u1ea1n ho\u00e0n to\u00e0n c\u00f3 th\u1ec3 k\u1ebft n\u1ed1i camera v\u1edbi \u0111i\u1ec7n tho\u1ea1i \u0111\u1ec3 gi\u00e1m s\u00e1t \u0111\u01b0\u1ee3c h\u00ecnh \u1ea3nh t\u1eeb xa kh\u00f4ng gi\u1edbi h\u1ea1n kho\u1ea3ng c\u00e1ch <\/span><\/p>\n<p><span style=\"font-size: 120%;\">Camera ng\u1ee5y trang b\u1ea3ng \u0111i\u1ec7n \u0111\u01b0\u1ee3c b\u00ean m\u00ecnh ch\u1ebf lo\u1ea1i camera cao c\u1ea5p nh\u1ea5t hi\u1ec7n nay gi\u00fap cho camera ho\u1ea1t \u0111\u1ed9ng li\u00ean t\u1ee5c trong th\u1eddi gian d\u00e0i \u0111\u01b0\u1ee3c s\u1ef1 \u1ed5n \u0111\u1ecbnh nh\u1ea5t. <\/span><\/p>\n<p><span style=\"font-size: 120%;\">Camera c\u00f3 \u0111\u1ed9n ph\u00e2n gi\u1ea3i Full 4K cho h\u00ecnh \u1ea3nh c\u1ef1c k\u1ef3 s\u1eafc n\u00e9t, khi quay video m\u00ecnh c\u00f3 th\u1ec3 thu \u0111\u01b0\u1ee3c c\u1ea3 h\u00ecnh v\u00e0 ti\u1ebfng. Camera ng\u1ee5y trang b\u1ea3ng \u0111i\u1ec7n \u0111\u01b0\u1ee3c k\u1ef9 thu\u1eadt b\u00ean m\u00ecnh k\u1ebft n\u1ed1i tr\u1ef1c ti\u1ebfp v\u1edbi ngu\u1ed3n \u0111i\u1ec7n 220v \u0111\u1ec3 s\u1eed d\u1ee5ng chung v\u1edbi ngu\u1ed3n \u0111i\u1ec7n c\u1ea5p cho b\u1ea3ng s\u1eed d\u1ee5ng. <\/span><\/p>\n<p><span style=\"font-size: 120%;\">Do \u0111\u00f3, c\u00e1c b\u1ea1n c\u00f3 th\u1ec3 s\u1eed d\u1ee5ng camera 24\/24 m\u00e0 kh\u00f4ng lo \u0111\u1ebfn v\u1ea5n \u0111\u1ec1 h\u1ebft pin nh\u01b0 c\u00e1c d\u00f2ng camera ngu\u1ef5 trang kh\u00e1c tr\u00ean th\u1ecb tr\u01b0\u1eddng B\u00ean c\u1ea1nh \u0111\u00f3 do n\u0103m b\u1eaft \u0111\u01b0\u1ee3c nhu c\u1ea7u s\u1eed d\u1ee5ng c\u1ee7a kh\u00e1ch h\u00e0ng l\u00e0 r\u1ea5t cao, m\u00e0 l\u1ea1i r\u1ea5t nhi\u1ec1u kh\u00e1ch h\u00e0ng kh\u00f4ng bi\u1ebft g\u00ec v\u1ec1 \u0111i\u1ec7n \u0111\u00f3m. <\/span><\/p>\n<p><span style=\"font-size: 120%;\">N\u00ean b\u00ean m\u00ecnh \u0111\u00e3 cho k\u1ef9 thu\u1eadt \u0111\u1ea5u n\u1ed1i s\u1eb5n h\u1ebft c\u00e1c c\u00f4ng t\u1eafc, c\u1ea7u tr\u00ec, \u1ed5 c\u1eafm \u0111\u1ec3 khi c\u00e1c b\u1ea1n mua h\u00e0ng v\u1ec1 l\u00e0 c\u00f3 th\u1ec3 s\u1eed d\u1ee5ng \u0111\u01b0\u1ee3c lu\u00f4n m\u00e0 kh\u00f4ng ph\u1ea3i \u0111\u1ea5u n\u1ed1i \u0111i\u1ec7n n\u1eefa nh\u00e9. <\/span><\/p>\n<p><span style=\"font-size: 120%;\">Camera ng\u1ee5y trang b\u1ea3ng \u0111i\u1ec7n c\u00f3 g\u00f3c quay c\u1ef1c r\u1ed9ng 170 \u0111\u1ed9 gi\u00fap b\u1ea1n c\u00f3 th\u1ec3 bao qu\u00e1t nh\u1eefng g\u00f3c r\u1ed9ng nh\u1ea5t v\u00e0 c\u00f3 r\u1ea5t nhi\u1ec1u c\u00e1c ch\u1ee9c n\u0103ng v\u00e0 \u01b0u \u0111i\u1ec3m kh\u00e1c n\u1eefa, c\u00e1c b\u1ea1n xem h\u1ebft video \u0111\u1ec3 hi\u1ec3u r\u00f5 h\u01a1n v\u1ec1 s\u1ea3n ph\u1ea9m n\u00e0y nh\u00e9.<\/span><\/p>\n<h3><em>Video h\u01b0\u1edbng d\u1eabn s\u1eed d\u1ee5ng<\/em><\/h3>\n<p><iframe loading=\"lazy\" title=\"Camera Ngu\u1ef5 Trang B\u1ea3ng \u0110i\u1ec7n D\u00e2n D\u1ee5ng M\u1edbi Nh\u1ea5t - Nh\u1eadn Ch\u1ebf Camera V\u00e0o C\u00e1c Lo\u1ea1i B\u1ea3ng \u0110i\u1ec7n D\u00e2n D\u1ee5ng\" width=\"1020\" height=\"574\" src=\"https:\/\/www.youtube.com\/embed\/JdLvA170ddQ?feature=oembed\" frameborder=\"0\" allow=\"accelerometer; autoplay; clipboard-write; encrypted-media; gyroscope; picture-in-picture\" allowfullscreen><\/iframe><\/p>\n<div class=\"o9v6fnle cxmmr5t8 oygrvhab hcukyx3x c1et5uql ii04i59q\">\n<h3 dir=\"auto\">Li\u00ean h\u1ec7 mua h\u00e0ng<\/h3>\n<h3 dir=\"auto\"><span class=\"pq6dq46d tbxw36s4 knj5qynh kvgmc6g5 ditlmg2l oygrvhab nvdbi5me sf5mxxl7 gl3lb2sf hhz5lgdu\"><img loading=\"lazy\" decoding=\"async\" src=\"https:\/\/static.xx.fbcdn.net\/images\/emoji.php\/v9\/t22\/1\/16\/260e.png\" alt=\"\u260e\ufe0f\" width=\"16\" height=\"16\" \/><\/span>\u00a0A H\u1ea3i: 094.226.2345 (zalo) \u2013 T\u01b0 V\u1ea5n 24\/24<\/h3>\n<\/div>\n<div class=\"o9v6fnle cxmmr5t8 oygrvhab hcukyx3x c1et5uql ii04i59q\">\n<h3 dir=\"auto\"><span class=\"pq6dq46d tbxw36s4 knj5qynh kvgmc6g5 ditlmg2l oygrvhab nvdbi5me sf5mxxl7 gl3lb2sf hhz5lgdu\"><img loading=\"lazy\" decoding=\"async\" src=\"https:\/\/static.xx.fbcdn.net\/images\/emoji.php\/v9\/ta7\/1\/16\/1f3ea.png\" alt=\"\ud83c\udfea\" width=\"16\" height=\"16\" \/><\/span>\u00a0H\u00e0 N\u1ed9i: s\u1ed1 42 Th\u1ecbnh Li\u1ec7t \u2013 Ho\u00e0ng Mai \u2013 H\u00e0 N\u1ed9i<\/h3>\n<h3 dir=\"auto\"><span class=\"pq6dq46d tbxw36s4 knj5qynh kvgmc6g5 ditlmg2l oygrvhab nvdbi5me sf5mxxl7 gl3lb2sf hhz5lgdu\"><img loading=\"lazy\" decoding=\"async\" src=\"https:\/\/static.xx.fbcdn.net\/images\/emoji.php\/v9\/ta7\/1\/16\/1f3ea.png\" alt=\"\ud83c\udfea\" width=\"16\" height=\"16\" \/><\/span> S\u00e0i G\u00f2n: 558\/66 B\u00ecnh Qu\u1edbi \u2013 Ph\u01b0\u1eddng 28 \u2013 B\u00ecnh Th\u1ea1nh<\/h3>\n<\/div>\n<p>&nbsp;<\/p>\n","protected":false},"excerpt":{"rendered":"<p><span style=\"font-size: 120%;\">Camera ng\u1ee5y trang \u1ed5 c\u1eafm \u0111i\u1ec7n \u0111\u00e3 qu\u00e1 quen thu\u1ed9c v\u1edbi t\u1ea5t c\u1ea3 c\u00e1c b\u1ea1n r\u1ed3i nh\u01b0ng h\u00f4m nay m\u00ecnh mu\u1ed1n gi\u1edbi thi\u1ec7u \u0111\u1ebfn t\u1ea5t c\u1ea3 c\u00e1c b\u1ea1n v\u1ec1 m\u1ed9t d\u00f2ng s\u1ea3n ph\u1ea9m m\u1edbi camera ng\u1ee5y trang b\u1ea3ng \u0111i\u1ec7n c\u1ef1c k\u00ec k\u00edn \u0111\u00e1o<\/span><\/p>\n","protected":false},"featured_media":2167,"comment_status":"open","ping_status":"closed","template":"","meta":[],"product_cat":[30,55],"product_tag":[],"class_list":{"0":"post-2177","1":"product","2":"type-product","3":"status-publish","4":"has-post-thumbnail","6":"product_cat-thiet-bi-quay-len","7":"product_cat-thiet-bi-quay-len-online","9":"first","10":"instock","11":"sale","12":"shipping-taxable","13":"purchasable","14":"product-type-simple"},"_links":{"self":[{"href":"https:\/\/cameraquaytrom.net\/index.php?rest_route=\/wp\/v2\/product\/2177"}],"collection":[{"href":"https:\/\/cameraquaytrom.net\/index.php?rest_route=\/wp\/v2\/product"}],"about":[{"href":"https:\/\/cameraquaytrom.net\/index.php?rest_route=\/wp\/v2\/types\/product"}],"replies":[{"embeddable":true,"href":"https:\/\/cameraquaytrom.net\/index.php?rest_route=%2Fwp%2Fv2%2Fcomments&post=2177"}],"wp:featuredmedia":[{"embeddable":true,"href":"https:\/\/cameraquaytrom.net\/index.php?rest_route=\/wp\/v2\/media\/2167"}],"wp:attachment":[{"href":"https:\/\/cameraquaytrom.net\/index.php?rest_route=%2Fwp%2Fv2%2Fmedia&parent=2177"}],"wp:term":[{"taxonomy":"product_cat","embeddable":true,"href":"https:\/\/cameraquaytrom.net\/index.php?rest_route=%2Fwp%2Fv2%2Fproduct_cat&post=2177"},{"taxonomy":"product_tag","embeddable":true,"href":"https:\/\/cameraquaytrom.net\/index.php?rest_route=%2Fwp%2Fv2%2Fproduct_tag&post=2177"}],"curies":[{"name":"wp","href":"https:\/\/api.w.org\/{rel}","templated":true}]}}