{"id":2200,"date":"2022-12-05T03:19:07","date_gmt":"2022-12-05T03:19:07","guid":{"rendered":"https:\/\/cameraquaytrom.net\/?post_type=product&#038;p=2200"},"modified":"2022-12-05T03:19:07","modified_gmt":"2022-12-05T03:19:07","slug":"camera-nguy%cc%a3-trang-qua%cc%a3t-cay","status":"publish","type":"product","link":"https:\/\/cameraquaytrom.net\/?product=camera-nguy%cc%a3-trang-qua%cc%a3t-cay","title":{"rendered":"Camera Nguy\u0323 Trang Qua\u0323t C\u00e2y"},"content":{"rendered":"<h1 style=\"text-align: center;\">Camera Nguy\u0323 Trang Qua\u0323t C\u00e2y<\/h1>\n<p><img loading=\"lazy\" decoding=\"async\" class=\"size-medium wp-image-2201 aligncenter\" src=\"https:\/\/cameraquaytrom.net\/wp-content\/uploads\/2022\/12\/z3869094143770_9f1a8a127fa9cbc02ef14e39b37d2bb0-225x300.jpg\" alt=\"\" width=\"225\" height=\"300\" srcset=\"https:\/\/cameraquaytrom.net\/wp-content\/uploads\/2022\/12\/z3869094143770_9f1a8a127fa9cbc02ef14e39b37d2bb0-225x300.jpg 225w, https:\/\/cameraquaytrom.net\/wp-content\/uploads\/2022\/12\/z3869094143770_9f1a8a127fa9cbc02ef14e39b37d2bb0-768x1024.jpg 768w, https:\/\/cameraquaytrom.net\/wp-content\/uploads\/2022\/12\/z3869094143770_9f1a8a127fa9cbc02ef14e39b37d2bb0-1152x1536.jpg 1152w, https:\/\/cameraquaytrom.net\/wp-content\/uploads\/2022\/12\/z3869094143770_9f1a8a127fa9cbc02ef14e39b37d2bb0-1536x2048.jpg 1536w, https:\/\/cameraquaytrom.net\/wp-content\/uploads\/2022\/12\/z3869094143770_9f1a8a127fa9cbc02ef14e39b37d2bb0-600x800.jpg 600w, https:\/\/cameraquaytrom.net\/wp-content\/uploads\/2022\/12\/z3869094143770_9f1a8a127fa9cbc02ef14e39b37d2bb0.jpg 1920w\" sizes=\"(max-width: 225px) 100vw, 225px\" \/><\/p>\n<p><img loading=\"lazy\" decoding=\"async\" class=\"size-medium wp-image-2202 aligncenter\" src=\"https:\/\/cameraquaytrom.net\/wp-content\/uploads\/2022\/12\/z3869094110853_df9356947a01aa47a266b19e644a68ad-225x300.jpg\" alt=\"\" width=\"225\" height=\"300\" srcset=\"https:\/\/cameraquaytrom.net\/wp-content\/uploads\/2022\/12\/z3869094110853_df9356947a01aa47a266b19e644a68ad-225x300.jpg 225w, https:\/\/cameraquaytrom.net\/wp-content\/uploads\/2022\/12\/z3869094110853_df9356947a01aa47a266b19e644a68ad-768x1024.jpg 768w, https:\/\/cameraquaytrom.net\/wp-content\/uploads\/2022\/12\/z3869094110853_df9356947a01aa47a266b19e644a68ad-1152x1536.jpg 1152w, https:\/\/cameraquaytrom.net\/wp-content\/uploads\/2022\/12\/z3869094110853_df9356947a01aa47a266b19e644a68ad-1536x2048.jpg 1536w, https:\/\/cameraquaytrom.net\/wp-content\/uploads\/2022\/12\/z3869094110853_df9356947a01aa47a266b19e644a68ad-600x800.jpg 600w, https:\/\/cameraquaytrom.net\/wp-content\/uploads\/2022\/12\/z3869094110853_df9356947a01aa47a266b19e644a68ad.jpg 1920w\" sizes=\"(max-width: 225px) 100vw, 225px\" \/><\/p>\n<p><img loading=\"lazy\" decoding=\"async\" class=\"size-medium wp-image-2203 aligncenter\" src=\"https:\/\/cameraquaytrom.net\/wp-content\/uploads\/2022\/12\/z3869094171596_0c1c1bd22c9d83ba2f173494b101448c-225x300.jpg\" alt=\"\" width=\"225\" height=\"300\" srcset=\"https:\/\/cameraquaytrom.net\/wp-content\/uploads\/2022\/12\/z3869094171596_0c1c1bd22c9d83ba2f173494b101448c-225x300.jpg 225w, https:\/\/cameraquaytrom.net\/wp-content\/uploads\/2022\/12\/z3869094171596_0c1c1bd22c9d83ba2f173494b101448c-768x1024.jpg 768w, https:\/\/cameraquaytrom.net\/wp-content\/uploads\/2022\/12\/z3869094171596_0c1c1bd22c9d83ba2f173494b101448c-1152x1536.jpg 1152w, https:\/\/cameraquaytrom.net\/wp-content\/uploads\/2022\/12\/z3869094171596_0c1c1bd22c9d83ba2f173494b101448c-1536x2048.jpg 1536w, https:\/\/cameraquaytrom.net\/wp-content\/uploads\/2022\/12\/z3869094171596_0c1c1bd22c9d83ba2f173494b101448c-600x800.jpg 600w, https:\/\/cameraquaytrom.net\/wp-content\/uploads\/2022\/12\/z3869094171596_0c1c1bd22c9d83ba2f173494b101448c.jpg 1920w\" sizes=\"(max-width: 225px) 100vw, 225px\" \/><\/p>\n<p>H\u00f4m nay shop mu\u1ed1n gi\u1edbi thi\u1ec7u \u0111\u1ebfn c\u00e1c b\u1ea1n v\u1ec1 m\u1ed9t m\u1eabu s\u1ea3n ph\u1ea9m \u0111ang r\u1ea5t hot c\u0169ng nhi\u1ec1u kh\u00e1ch h\u00e0ng s\u0103n l\u00f9ng v\u00e0 t\u00ecm ki\u1ebfm nhi\u1ec1u nh\u1ea5t hi\u1ec7n nay tr\u00ean th\u1ecb tr\u01b0\u1eddng \u0111\u00f3 ch\u00ednh l\u00e0 camera ng\u1ee5y trang qu\u1ea1t c\u00e2y \u0111i\u1ec7n t\u1eed gi\u00fap b\u1ea1n ho\u00e0n to\u00e0n c\u00f3 th\u1ec3 s\u1eed d\u1ee5ng v\u1edbi nhi\u1ec1u m\u1ee5c \u0111\u00edch kh\u00e1c nhau nh\u01b0: Qu\u1ea3n l\u00fd nh\u00e2n vi\u00ean, ng\u01b0\u1eddi gi\u00fap vi\u1ec7c, con c\u00e1i c\u0169ng nh\u01b0 gi\u00e1m s\u00e1t gia \u0111\u00ecnh&#8230;.<\/p>\n<p>Ngo\u00e0i ch\u1ee9c n\u0103ng s\u1eed d\u1ee5ng nh\u01b0 m\u1ed9t chi\u1ebfc qu\u1ea1t th\u00f4ng th\u01b0\u1eddng th\u00ec chi\u1ebfc qu\u1ea1t n\u00e0y \u0111\u01b0\u1ee3c g\u1eafn th\u00eam m\u1eaft camera si\u00eau nh\u1ecf gi\u00fap b\u1ea1n ho\u00e0n to\u00e0n c\u00f3 th\u1ec3 linh \u0111\u1ed9ng di chuy\u1ec3n \u1edf nhi\u1ec1u v\u1ecb tr\u00ed kh\u00e1c nhau c\u0169ng nh\u01b0 gi\u00fap b\u1ea1n ng\u1ee5y trang k\u00edn \u0111\u00e1o m\u00e0 kh\u00f4ng h\u1ec1 lo b\u1ecb ph\u00e1t hi\u1ec7n.<\/p>\n<p>Camera ng\u1ee5y trang qu\u1ea1t c\u00e2y \u0111i\u1ec7n t\u1eed h\u1ed7 tr\u1ee3 th\u1ebb nh\u1edb t\u1ed1i \u0111a l\u00ean t\u1edbi 256GB gi\u00fap b\u1ea1n ho\u00e0n to\u00e0n c\u00f3 th\u1ec3 l\u01b0u tr\u1eef d\u1eef li\u1ec7u trong su\u1ed1t g\u1ea7n m\u1ed9t th\u00e1ng gi\u00fap b\u1ea1n ho\u00e0n to\u00e0n c\u00f3 th\u1ec3 xem l\u1ea1i \u0111\u01b0\u1ee3c nh\u1eefng ng\u00e0y tr\u01b0\u1edbc \u0111\u00f3 m\u1ed9t c\u00e1ch \u0111\u01a1n gi\u1ea3n v\u00e0 d\u1ec5 d\u00e0ng.<\/p>\n<p>Camera ng\u1ee5y trang qu\u1ea1t c\u00e2y \u0111i\u1ec7n t\u1eed s\u1eed d\u1ee5ng ph\u1ea7n m\u1ec1m m\u1edbi Lookcam gi\u00fap b\u1ea1n ho\u00e0n to\u00e0n c\u00f3 th\u1ec3 xem t\u1eeb xa m\u1ed9t c\u00e1ch \u0111\u01a1n gi\u1ea3n v\u00e0 m\u01b0\u1ee3t m\u00e0 kh\u00f4ng h\u1ec1 b\u1ecb gi\u1eadt, l\u1ea1ng, \u0111\u01a1.<\/p>\n<p>Camera ng\u1ee5y trang qu\u1ea1t c\u00e2y \u0111i\u1ec7n t\u1eed trong nh\u00e0 c\u00f3 \u0111\u1ed9 ph\u00e2n d\u1ea3i 4K \u0111em l\u1ea1i cho b\u1ea1n nh\u1eefng kho\u1ea3nh kh\u1eafc v\u00f4 c\u00f9ng r\u00f5 r\u00e0ng v\u00e0 s\u1eafc n\u00e9t nh\u1ea5t c\u0169ng nh\u01b0 g\u00f3c quay c\u1ef1c k\u00ec r\u1ed9ng l\u00ean t\u1edbi 170 \u0111\u1ed9 gi\u00fap b\u1ea1n bao qu\u00e1t nh\u1ea5t. Camera ng\u1ee5y trang qu\u1ea1t c\u00e2y \u0111i\u1ec7n t\u1eed xem t\u1eeb xa kh\u00f4ng gi\u1edbi h\u1ea1n h\u1ea1n kho\u1ea3ng c\u00e1ch d\u00f9 b\u1ea1n \u1edf b\u1ea5t c\u1ee9 n\u01a1i \u0111\u00e2u ch\u1ec9 c\u1ea7n \u0111i\u1ec7n tho\u1ea1i c\u00f3 3G\/4G\/Wifi.<\/p>\n<p>\u0110\u1eb7c bi\u1ec7t l\u00e0 chi\u1ebfc camera ng\u1ee5y trang qu\u1ea1t c\u00e2y \u0111i\u1ec7n t\u1eed n\u00e0y c\u00f3 c\u1ea3nh b\u00e1o chuy\u1ec3n \u0111\u1ed9ng khi c\u00f3 v\u1eadt di chuy\u1ec3n gi\u00fap b\u1ea1n ho\u00e0n to\u00e0n ti\u1ebft ki\u1ec7m dung l\u01b0\u1ee3ng th\u1ebb nh\u1edb v\u00e0 tr\u00e1nh l\u01b0u l\u1ea1i nh\u1eefng th\u1ee9 kh\u00f4ng c\u1ea7n thi\u1ebft, v\u00e0 khi quay video l\u1ea1i c\u00f3 h\u00ecnh c\u00f3 ti\u1ebfng r\u00f5 r\u00e0ng, \u00e2m thanh \u1ed5n \u0111\u1ecbnh.<\/p>\n<p>M\u00ecnh tin ch\u1eafc r\u1eb1ng \u0111\u00e2y ch\u00ednh l\u00e0 s\u1ea3n ph\u1ea9m \u0111ang \u0111\u01b0\u1ee3c r\u1ea5t nhi\u1ec1u kh\u00e1ch h\u00e0ng \u01b0a chu\u1ed9ng v\u00e0 tin d\u00f9ng, c\u00f2n ch\u1edd \u0111\u1ee3i g\u00ec n\u1eefa h\u00e3y li\u00ean h\u1ec7 v\u1edbi ch\u00fang t\u00f4i theo th\u00f4ng tin d\u01b0\u1edbi \u0111\u00e2y.<\/p>\n<h2><em>Video h\u01b0\u1edbng d\u1eabn s\u1eed d\u1ee5ng<\/em><\/h2>\n<p><iframe loading=\"lazy\" title=\"Si\u00eau Ph\u1ea9m Camera Ngu\u1ef5 Trang Qu\u1ea1t C\u00e2y C\u1ef1c K\u00edn \u0110\u00e1o H\u00ecnh \u1ea2nh N\u00e9t K\u1ebft N\u1ed1i \u0110i\u1ec7n Tho\u1ea1i Xem T\u1eeb Xa\" width=\"1020\" height=\"574\" src=\"https:\/\/www.youtube.com\/embed\/L7pCN2mIXKU?feature=oembed\" frameborder=\"0\" allow=\"accelerometer; autoplay; clipboard-write; encrypted-media; gyroscope; picture-in-picture\" allowfullscreen><\/iframe><\/p>\n<h3>Li\u00ean h\u1ec7 mua h\u00e0ng<\/h3>\n<h3 dir=\"auto\"><span class=\"pq6dq46d tbxw36s4 knj5qynh kvgmc6g5 ditlmg2l oygrvhab nvdbi5me sf5mxxl7 gl3lb2sf hhz5lgdu\"><img loading=\"lazy\" decoding=\"async\" src=\"https:\/\/static.xx.fbcdn.net\/images\/emoji.php\/v9\/t22\/1\/16\/260e.png\" alt=\"\u260e\ufe0f\" width=\"16\" height=\"16\" \/><\/span>\u00a0A H\u1ea3i: 094.226.2345 (zalo) \u2013 T\u01b0 V\u1ea5n 24\/24<\/h3>\n<div class=\"o9v6fnle cxmmr5t8 oygrvhab hcukyx3x c1et5uql ii04i59q\">\n<h3 dir=\"auto\"><span class=\"pq6dq46d tbxw36s4 knj5qynh kvgmc6g5 ditlmg2l oygrvhab nvdbi5me sf5mxxl7 gl3lb2sf hhz5lgdu\"><img loading=\"lazy\" decoding=\"async\" src=\"https:\/\/static.xx.fbcdn.net\/images\/emoji.php\/v9\/ta7\/1\/16\/1f3ea.png\" alt=\"\ud83c\udfea\" width=\"16\" height=\"16\" \/><\/span>\u00a0H\u00e0 N\u1ed9i: s\u1ed1 42 Th\u1ecbnh Li\u1ec7t \u2013 Ho\u00e0ng Mai \u2013 H\u00e0 N\u1ed9i<\/h3>\n<h3 dir=\"auto\"><span class=\"pq6dq46d tbxw36s4 knj5qynh kvgmc6g5 ditlmg2l oygrvhab nvdbi5me sf5mxxl7 gl3lb2sf hhz5lgdu\"><img loading=\"lazy\" decoding=\"async\" src=\"https:\/\/static.xx.fbcdn.net\/images\/emoji.php\/v9\/ta7\/1\/16\/1f3ea.png\" alt=\"\ud83c\udfea\" width=\"16\" height=\"16\" \/><\/span>\u00a0S\u00e0i G\u00f2n: 558\/66 B\u00ecnh Qu\u1edbi \u2013 Ph\u01b0\u1eddng 28 \u2013 B\u00ecnh Th\u1ea1nh<\/h3>\n<\/div>\n","protected":false},"excerpt":{"rendered":"<p>camera ng\u1ee5y trang qu\u1ea1t c\u00e2y \u0111i\u1ec7n t\u1eed gi\u00fap b\u1ea1n ho\u00e0n to\u00e0n c\u00f3 th\u1ec3 s\u1eed d\u1ee5ng v\u1edbi nhi\u1ec1u m\u1ee5c \u0111\u00edch kh\u00e1c nhau nh\u01b0: Qu\u1ea3n l\u00fd nh\u00e2n vi\u00ean, ng\u01b0\u1eddi gi\u00fap vi\u1ec7c, con c\u00e1i c\u0169ng nh\u01b0 gi\u00e1m s\u00e1t gia \u0111\u00ecnh&#8230;.<\/p>\n","protected":false},"featured_media":2201,"comment_status":"open","ping_status":"closed","template":"","meta":[],"product_cat":[30,55],"product_tag":[],"class_list":{"0":"post-2200","1":"product","2":"type-product","3":"status-publish","4":"has-post-thumbnail","6":"product_cat-thiet-bi-quay-len","7":"product_cat-thiet-bi-quay-len-online","9":"first","10":"instock","11":"sale","12":"shipping-taxable","13":"purchasable","14":"product-type-simple"},"_links":{"self":[{"href":"https:\/\/cameraquaytrom.net\/index.php?rest_route=\/wp\/v2\/product\/2200"}],"collection":[{"href":"https:\/\/cameraquaytrom.net\/index.php?rest_route=\/wp\/v2\/product"}],"about":[{"href":"https:\/\/cameraquaytrom.net\/index.php?rest_route=\/wp\/v2\/types\/product"}],"replies":[{"embeddable":true,"href":"https:\/\/cameraquaytrom.net\/index.php?rest_route=%2Fwp%2Fv2%2Fcomments&post=2200"}],"wp:featuredmedia":[{"embeddable":true,"href":"https:\/\/cameraquaytrom.net\/index.php?rest_route=\/wp\/v2\/media\/2201"}],"wp:attachment":[{"href":"https:\/\/cameraquaytrom.net\/index.php?rest_route=%2Fwp%2Fv2%2Fmedia&parent=2200"}],"wp:term":[{"taxonomy":"product_cat","embeddable":true,"href":"https:\/\/cameraquaytrom.net\/index.php?rest_route=%2Fwp%2Fv2%2Fproduct_cat&post=2200"},{"taxonomy":"product_tag","embeddable":true,"href":"https:\/\/cameraquaytrom.net\/index.php?rest_route=%2Fwp%2Fv2%2Fproduct_tag&post=2200"}],"curies":[{"name":"wp","href":"https:\/\/api.w.org\/{rel}","templated":true}]}}