{"id":2236,"date":"2022-12-05T03:38:36","date_gmt":"2022-12-05T03:38:36","guid":{"rendered":"https:\/\/cameraquaytrom.net\/?post_type=product&#038;p=2236"},"modified":"2022-12-05T03:38:36","modified_gmt":"2022-12-05T03:38:36","slug":"camera-vi-cam-tay-cho-nam","status":"publish","type":"product","link":"https:\/\/cameraquaytrom.net\/?product=camera-vi-cam-tay-cho-nam","title":{"rendered":"Camera Vi\u0301 C\u00e2\u0300m Tay Cho Nam"},"content":{"rendered":"<h1 style=\"text-align: center;\">Camera Vi\u0301 C\u00e2\u0300m Tay Cho Nam<\/h1>\n<p><img loading=\"lazy\" decoding=\"async\" class=\"size-medium wp-image-2237 aligncenter\" src=\"https:\/\/cameraquaytrom.net\/wp-content\/uploads\/2022\/12\/z3869089629486_1c3ed56c37edfea736051ef795f31775-300x300.jpg\" alt=\"\" width=\"300\" height=\"300\" srcset=\"https:\/\/cameraquaytrom.net\/wp-content\/uploads\/2022\/12\/z3869089629486_1c3ed56c37edfea736051ef795f31775-300x300.jpg 300w, https:\/\/cameraquaytrom.net\/wp-content\/uploads\/2022\/12\/z3869089629486_1c3ed56c37edfea736051ef795f31775-1024x1024.jpg 1024w, https:\/\/cameraquaytrom.net\/wp-content\/uploads\/2022\/12\/z3869089629486_1c3ed56c37edfea736051ef795f31775-150x150.jpg 150w, https:\/\/cameraquaytrom.net\/wp-content\/uploads\/2022\/12\/z3869089629486_1c3ed56c37edfea736051ef795f31775-768x768.jpg 768w, https:\/\/cameraquaytrom.net\/wp-content\/uploads\/2022\/12\/z3869089629486_1c3ed56c37edfea736051ef795f31775-1536x1536.jpg 1536w, https:\/\/cameraquaytrom.net\/wp-content\/uploads\/2022\/12\/z3869089629486_1c3ed56c37edfea736051ef795f31775-2048x2048.jpg 2048w, https:\/\/cameraquaytrom.net\/wp-content\/uploads\/2022\/12\/z3869089629486_1c3ed56c37edfea736051ef795f31775-600x600.jpg 600w, https:\/\/cameraquaytrom.net\/wp-content\/uploads\/2022\/12\/z3869089629486_1c3ed56c37edfea736051ef795f31775-100x100.jpg 100w\" sizes=\"(max-width: 300px) 100vw, 300px\" \/><\/p>\n<p><img loading=\"lazy\" decoding=\"async\" class=\"size-medium wp-image-2208 aligncenter\" src=\"https:\/\/cameraquaytrom.net\/wp-content\/uploads\/2022\/12\/z3869089679162_7a1ea448f22e2348e90b95982525e7b2-300x300.jpg\" alt=\"\" width=\"300\" height=\"300\" srcset=\"https:\/\/cameraquaytrom.net\/wp-content\/uploads\/2022\/12\/z3869089679162_7a1ea448f22e2348e90b95982525e7b2-300x300.jpg 300w, https:\/\/cameraquaytrom.net\/wp-content\/uploads\/2022\/12\/z3869089679162_7a1ea448f22e2348e90b95982525e7b2-1024x1024.jpg 1024w, https:\/\/cameraquaytrom.net\/wp-content\/uploads\/2022\/12\/z3869089679162_7a1ea448f22e2348e90b95982525e7b2-150x150.jpg 150w, https:\/\/cameraquaytrom.net\/wp-content\/uploads\/2022\/12\/z3869089679162_7a1ea448f22e2348e90b95982525e7b2-768x768.jpg 768w, https:\/\/cameraquaytrom.net\/wp-content\/uploads\/2022\/12\/z3869089679162_7a1ea448f22e2348e90b95982525e7b2-1536x1536.jpg 1536w, https:\/\/cameraquaytrom.net\/wp-content\/uploads\/2022\/12\/z3869089679162_7a1ea448f22e2348e90b95982525e7b2-2048x2048.jpg 2048w, https:\/\/cameraquaytrom.net\/wp-content\/uploads\/2022\/12\/z3869089679162_7a1ea448f22e2348e90b95982525e7b2-600x600.jpg 600w, https:\/\/cameraquaytrom.net\/wp-content\/uploads\/2022\/12\/z3869089679162_7a1ea448f22e2348e90b95982525e7b2-100x100.jpg 100w\" sizes=\"(max-width: 300px) 100vw, 300px\" \/><\/p>\n<p><img loading=\"lazy\" decoding=\"async\" class=\"size-medium wp-image-2209 aligncenter\" src=\"https:\/\/cameraquaytrom.net\/wp-content\/uploads\/2022\/12\/z3869089771032_6c704fe634c085c69b991cc470f0c2d7-300x300.jpg\" alt=\"\" width=\"300\" height=\"300\" srcset=\"https:\/\/cameraquaytrom.net\/wp-content\/uploads\/2022\/12\/z3869089771032_6c704fe634c085c69b991cc470f0c2d7-300x300.jpg 300w, https:\/\/cameraquaytrom.net\/wp-content\/uploads\/2022\/12\/z3869089771032_6c704fe634c085c69b991cc470f0c2d7-1024x1024.jpg 1024w, https:\/\/cameraquaytrom.net\/wp-content\/uploads\/2022\/12\/z3869089771032_6c704fe634c085c69b991cc470f0c2d7-150x150.jpg 150w, https:\/\/cameraquaytrom.net\/wp-content\/uploads\/2022\/12\/z3869089771032_6c704fe634c085c69b991cc470f0c2d7-768x768.jpg 768w, https:\/\/cameraquaytrom.net\/wp-content\/uploads\/2022\/12\/z3869089771032_6c704fe634c085c69b991cc470f0c2d7-1536x1536.jpg 1536w, https:\/\/cameraquaytrom.net\/wp-content\/uploads\/2022\/12\/z3869089771032_6c704fe634c085c69b991cc470f0c2d7-2048x2048.jpg 2048w, https:\/\/cameraquaytrom.net\/wp-content\/uploads\/2022\/12\/z3869089771032_6c704fe634c085c69b991cc470f0c2d7-600x600.jpg 600w, https:\/\/cameraquaytrom.net\/wp-content\/uploads\/2022\/12\/z3869089771032_6c704fe634c085c69b991cc470f0c2d7-100x100.jpg 100w\" sizes=\"(max-width: 300px) 100vw, 300px\" \/><\/p>\n<p><img loading=\"lazy\" decoding=\"async\" class=\"size-medium wp-image-2210 aligncenter\" src=\"https:\/\/cameraquaytrom.net\/wp-content\/uploads\/2022\/12\/z3869089709532_7cfa933f8d2e2a372052d407c3374cc9-300x300.jpg\" alt=\"\" width=\"300\" height=\"300\" srcset=\"https:\/\/cameraquaytrom.net\/wp-content\/uploads\/2022\/12\/z3869089709532_7cfa933f8d2e2a372052d407c3374cc9-300x300.jpg 300w, https:\/\/cameraquaytrom.net\/wp-content\/uploads\/2022\/12\/z3869089709532_7cfa933f8d2e2a372052d407c3374cc9-1024x1024.jpg 1024w, https:\/\/cameraquaytrom.net\/wp-content\/uploads\/2022\/12\/z3869089709532_7cfa933f8d2e2a372052d407c3374cc9-150x150.jpg 150w, https:\/\/cameraquaytrom.net\/wp-content\/uploads\/2022\/12\/z3869089709532_7cfa933f8d2e2a372052d407c3374cc9-768x768.jpg 768w, https:\/\/cameraquaytrom.net\/wp-content\/uploads\/2022\/12\/z3869089709532_7cfa933f8d2e2a372052d407c3374cc9-1536x1536.jpg 1536w, https:\/\/cameraquaytrom.net\/wp-content\/uploads\/2022\/12\/z3869089709532_7cfa933f8d2e2a372052d407c3374cc9-2048x2048.jpg 2048w, https:\/\/cameraquaytrom.net\/wp-content\/uploads\/2022\/12\/z3869089709532_7cfa933f8d2e2a372052d407c3374cc9-600x600.jpg 600w, https:\/\/cameraquaytrom.net\/wp-content\/uploads\/2022\/12\/z3869089709532_7cfa933f8d2e2a372052d407c3374cc9-100x100.jpg 100w\" sizes=\"(max-width: 300px) 100vw, 300px\" \/><\/p>\n<p>&#8211; V\u00ed v\u1eabn c\u00f3 th\u1ec3 \u0111\u00fat ti\u1ec1n, th\u1ebb, gi\u1ea5y t\u1edd b\u00ecnh th\u01b0\u1eddng<\/p>\n<p>&#8211; Ch\u1ea5t l\u01b0\u1ee3ng h\u00ecnh \u1ea3nh Full 4K<\/p>\n<p>&#8211; K\u1ebft n\u1ed1i xem t\u1eeb xa qua \u0111i\u1ec7n tho\u1ea1i<\/p>\n<p>&#8211; Thu c\u1ea3 h\u00ecnh c\u1ea3 ti\u1ebfng<\/p>\n<p>&#8211; H\u1ed7 tr\u1ee3 th\u1ebb nh\u1edb t\u1ed1i \u0111a 256GB<\/p>\n<p>&#8211; \u0110\u1ed9 Ch\u1ebf k\u1ef9 thu\u1eadt cao gi\u00fap s\u1eed d\u1ee5ng hi\u1ec7u qu\u1ea3, kh\u00f4ng lo b\u1ecb nghi ng\u1edd ph\u00e1t hi\u1ec7n<\/p>\n<p>\u26a0\ufe0f H\u00e0ng \u0110\u1ed9c Quy\u1ec1n C\u00e1c B\u1ea1n C\u00f3 Nhu C\u1ea7u Tham Kh\u1ea3o Li\u00ean H\u1ec7 \u0110I\u1ec6N T\u1eec H\u1ea2I T\u00c2M Nh\u00e9.<\/p>\n<p>L\u01b0u \u00fd : Ch\u00fang t\u00f4i kh\u00f4ng b\u00e1n s\u1ea3n ph\u1ea9m cho c\u00e1c c\u00e1 nh\u00e2n d\u01b0\u1edbi 18 tu\u1ed5i, s\u1ea3n ph\u1ea9m ch\u1ec9 ph\u1ee5c v\u1ee5 cho nhu c\u1ea7u gi\u00e1m s\u00e1t gia \u0111\u00ecnh, gi\u00e1m s\u00e1t v\u0103n ph\u00f2ng nh\u01b0 c\u00e1c lo\u1ea1i camera gi\u00e1m s\u00e1t \u0110i\u1ec7n T\u1eed H\u1ea3i T\u00e2m kh\u00f4ng \u1ee7ng h\u1ed9 c\u00e1c ho\u1ea1t \u0111\u1ed9ng s\u1eed d\u1ee5ng s\u1ea3n ph\u1ea9m cho m\u1ee5c \u0111\u00edch x\u1ea5u, mong qu\u00fd kh\u00e1ch th\u00f4ng c\u1ea3m!<\/p>\n<h2><span style=\"text-decoration: underline;\"><em>Video h\u01b0\u1edbng d\u1eabn s\u1eed d\u1ee5ng<\/em><\/span><\/h2>\n<p><iframe loading=\"lazy\" title=\"H\u00e0ng M\u1edbi V\u1ec1: S\u1ea3n Ph\u1ea9m Camera Ngu\u1ef5 Trang V\u00ed C\u1ea7m Tay Cho Nam Ki\u1ec3u D\u00e1ng Hi\u1ec7n \u0110\u1ea1i Xem T\u1eeb Xa H\u00ecnh \u1ea2nh 4K\" width=\"1020\" height=\"574\" src=\"https:\/\/www.youtube.com\/embed\/qEOCKJh28EQ?feature=oembed\" frameborder=\"0\" allow=\"accelerometer; autoplay; clipboard-write; encrypted-media; gyroscope; picture-in-picture\" allowfullscreen><\/iframe><\/p>\n<h3>Li\u00ean h\u1ec7 mua h\u00e0ng<\/h3>\n<h3 dir=\"auto\"><span class=\"pq6dq46d tbxw36s4 knj5qynh kvgmc6g5 ditlmg2l oygrvhab nvdbi5me sf5mxxl7 gl3lb2sf hhz5lgdu\"><img loading=\"lazy\" decoding=\"async\" src=\"https:\/\/static.xx.fbcdn.net\/images\/emoji.php\/v9\/t22\/1\/16\/260e.png\" alt=\"\u260e\ufe0f\" width=\"16\" height=\"16\" \/><\/span>\u00a0A H\u1ea3i: 094.226.2345 (zalo) \u2013 T\u01b0 V\u1ea5n 24\/24<\/h3>\n<div class=\"o9v6fnle cxmmr5t8 oygrvhab hcukyx3x c1et5uql ii04i59q\">\n<h3 dir=\"auto\"><span class=\"pq6dq46d tbxw36s4 knj5qynh kvgmc6g5 ditlmg2l oygrvhab nvdbi5me sf5mxxl7 gl3lb2sf hhz5lgdu\"><img loading=\"lazy\" decoding=\"async\" src=\"https:\/\/static.xx.fbcdn.net\/images\/emoji.php\/v9\/ta7\/1\/16\/1f3ea.png\" alt=\"\ud83c\udfea\" width=\"16\" height=\"16\" \/><\/span>\u00a0H\u00e0 N\u1ed9i: s\u1ed1 42 Th\u1ecbnh Li\u1ec7t \u2013 Ho\u00e0ng Mai \u2013 H\u00e0 N\u1ed9i<\/h3>\n<h3 dir=\"auto\"><span class=\"pq6dq46d tbxw36s4 knj5qynh kvgmc6g5 ditlmg2l oygrvhab nvdbi5me sf5mxxl7 gl3lb2sf hhz5lgdu\"><img loading=\"lazy\" decoding=\"async\" src=\"https:\/\/static.xx.fbcdn.net\/images\/emoji.php\/v9\/ta7\/1\/16\/1f3ea.png\" alt=\"\ud83c\udfea\" width=\"16\" height=\"16\" \/><\/span>\u00a0S\u00e0i G\u00f2n: 558\/66 B\u00ecnh Qu\u1edbi \u2013 Ph\u01b0\u1eddng 28 \u2013 B\u00ecnh Th\u1ea1nh<\/h3>\n<\/div>\n","protected":false},"excerpt":{"rendered":"<p>H\u00e0ng M\u1edbi V\u1ec1: S\u1ea3n Ph\u1ea9m Camera Ngu\u1ef5 Trang V\u00ed C\u1ea7m Tay Cho Nam Ki\u1ec3u D\u00e1ng Hi\u1ec7n \u0110\u1ea1i Xem T\u1eeb Xa H\u00ecnh \u1ea2nh 4K<\/p>\n","protected":false},"featured_media":2237,"comment_status":"open","ping_status":"closed","template":"","meta":[],"product_cat":[30,55],"product_tag":[],"class_list":{"0":"post-2236","1":"product","2":"type-product","3":"status-publish","4":"has-post-thumbnail","6":"product_cat-thiet-bi-quay-len","7":"product_cat-thiet-bi-quay-len-online","9":"first","10":"instock","11":"sale","12":"shipping-taxable","13":"purchasable","14":"product-type-simple"},"_links":{"self":[{"href":"https:\/\/cameraquaytrom.net\/index.php?rest_route=\/wp\/v2\/product\/2236"}],"collection":[{"href":"https:\/\/cameraquaytrom.net\/index.php?rest_route=\/wp\/v2\/product"}],"about":[{"href":"https:\/\/cameraquaytrom.net\/index.php?rest_route=\/wp\/v2\/types\/product"}],"replies":[{"embeddable":true,"href":"https:\/\/cameraquaytrom.net\/index.php?rest_route=%2Fwp%2Fv2%2Fcomments&post=2236"}],"wp:featuredmedia":[{"embeddable":true,"href":"https:\/\/cameraquaytrom.net\/index.php?rest_route=\/wp\/v2\/media\/2237"}],"wp:attachment":[{"href":"https:\/\/cameraquaytrom.net\/index.php?rest_route=%2Fwp%2Fv2%2Fmedia&parent=2236"}],"wp:term":[{"taxonomy":"product_cat","embeddable":true,"href":"https:\/\/cameraquaytrom.net\/index.php?rest_route=%2Fwp%2Fv2%2Fproduct_cat&post=2236"},{"taxonomy":"product_tag","embeddable":true,"href":"https:\/\/cameraquaytrom.net\/index.php?rest_route=%2Fwp%2Fv2%2Fproduct_tag&post=2236"}],"curies":[{"name":"wp","href":"https:\/\/api.w.org\/{rel}","templated":true}]}}