{"id":2243,"date":"2022-12-05T03:49:00","date_gmt":"2022-12-05T03:49:00","guid":{"rendered":"https:\/\/cameraquaytrom.net\/?post_type=product&#038;p=2243"},"modified":"2022-12-05T03:49:01","modified_gmt":"2022-12-05T03:49:01","slug":"camera-nguy-trang-bong-den-led-am-tran","status":"publish","type":"product","link":"https:\/\/cameraquaytrom.net\/?product=camera-nguy-trang-bong-den-led-am-tran","title":{"rendered":"Camera Ngu\u1ef5 Trang B\u00f3ng \u0110\u00e8n LED \u00c2m Tr\u1ea7n"},"content":{"rendered":"<h1 class=\"style-scope ytd-watch-metadata\" style=\"text-align: center;\">Camera Ngu\u1ef5 Trang B\u00f3ng \u0110\u00e8n LED \u00c2m Tr\u1ea7n<\/h1>\n<p><img loading=\"lazy\" decoding=\"async\" class=\"size-medium wp-image-2226 aligncenter\" src=\"https:\/\/cameraquaytrom.net\/wp-content\/uploads\/2022\/12\/z3869090499346_98310ca25960175472a24ec7841b78a5-300x167.jpg\" alt=\"\" width=\"300\" height=\"167\" srcset=\"https:\/\/cameraquaytrom.net\/wp-content\/uploads\/2022\/12\/z3869090499346_98310ca25960175472a24ec7841b78a5-300x167.jpg 300w, https:\/\/cameraquaytrom.net\/wp-content\/uploads\/2022\/12\/z3869090499346_98310ca25960175472a24ec7841b78a5-1024x571.jpg 1024w, https:\/\/cameraquaytrom.net\/wp-content\/uploads\/2022\/12\/z3869090499346_98310ca25960175472a24ec7841b78a5-768x428.jpg 768w, https:\/\/cameraquaytrom.net\/wp-content\/uploads\/2022\/12\/z3869090499346_98310ca25960175472a24ec7841b78a5-600x335.jpg 600w, https:\/\/cameraquaytrom.net\/wp-content\/uploads\/2022\/12\/z3869090499346_98310ca25960175472a24ec7841b78a5.jpg 1284w\" sizes=\"(max-width: 300px) 100vw, 300px\" \/><\/p>\n<p><img loading=\"lazy\" decoding=\"async\" class=\"size-medium wp-image-2225 aligncenter\" src=\"https:\/\/cameraquaytrom.net\/wp-content\/uploads\/2022\/12\/z3869090493877_92d6e87711df1af19d6c3f87d89acae3-300x169.jpg\" alt=\"\" width=\"300\" height=\"169\" srcset=\"https:\/\/cameraquaytrom.net\/wp-content\/uploads\/2022\/12\/z3869090493877_92d6e87711df1af19d6c3f87d89acae3-300x169.jpg 300w, https:\/\/cameraquaytrom.net\/wp-content\/uploads\/2022\/12\/z3869090493877_92d6e87711df1af19d6c3f87d89acae3-1024x576.jpg 1024w, https:\/\/cameraquaytrom.net\/wp-content\/uploads\/2022\/12\/z3869090493877_92d6e87711df1af19d6c3f87d89acae3-768x432.jpg 768w, https:\/\/cameraquaytrom.net\/wp-content\/uploads\/2022\/12\/z3869090493877_92d6e87711df1af19d6c3f87d89acae3-600x337.jpg 600w, https:\/\/cameraquaytrom.net\/wp-content\/uploads\/2022\/12\/z3869090493877_92d6e87711df1af19d6c3f87d89acae3.jpg 1284w\" sizes=\"(max-width: 300px) 100vw, 300px\" \/><\/p>\n<p>Camera ng\u1ee5y trang \u0111\u00e8n led \u00e2m tr\u1ea7n gi\u00fap b\u1ea1n gi\u00e1m s\u00e1t kh\u00f4ng gian ho\u00e0n h\u1ea3o nh\u1edd thi\u1ebft k\u1ebf ng\u1ee5y trang \u0111\u00e1nh l\u1ea1c h\u01b0\u1edbng ng\u01b0\u1eddi nh\u00ecn \u0111\u1ec3 h\u1ecd kh\u00f4ng nh\u1eadn ra \u0111\u01b0\u1ee3c \u0111\u00e2y l\u00e0 camera wifi.<\/p>\n<p>S\u1ea3n ph\u1ea9m \u0111\u01b0\u1ee3c l\u00e0m t\u1eeb m\u1eaft camera si\u00eau nh\u1ecf ch\u1ea5t l\u01b0\u1ee3ng cao cho h\u00ecnh \u1ea3nh v\u00e0 \u00e2m thanh s\u1eafc n\u00e9t trung th\u1ef1c gi\u00fap b\u1ea1n qu\u1ea3n l\u00ed kh\u00f4ng gian gi\u00e1m s\u00e1t m\u1ed9t c\u00e1ch b\u00ed m\u1eadt an to\u00e0n. Hi\u1ec7n nay tr\u00ean th\u1ecb tr\u01b0\u1eddng c\u00f3 r\u1ea5t nhi\u1ec1u m\u1eabu m\u00e3 s\u1ea3n ph\u1ea9m camera quay l\u00e9n ng\u1ee5y trang v\u00f4 c\u00f9ng tinh vi.<\/p>\n<p>Q\u00fay kh\u00e1ch \u0111ang mu\u1ed1n t\u00ecm cho m\u00ecnh m\u1ed9t chi\u1ebfc camera gi\u00e1m s\u00e1t kh\u00f4ng gian m\u1ed9t c\u00e1ch b\u00ed m\u1eadt 24\/24? B\u1ea1n kh\u00f4ng th\u1ec3 b\u1ecf qua s\u1ea3n ph\u1ea9m Camera ng\u1ee5y trang \u0111\u00e8n led \u00e2m tr\u1ea7n m\u1ed9t thi\u1ebft b\u1ecb ng\u1ee5y trang \u0111\u1ed9c \u0111\u00e1o c\u00f9ng v\u00f4 s\u1ed1 ch\u1ee9c n\u0103ng \u1ea5n t\u01b0\u1ee3ng.<\/p>\n<p>T\u00ednh n\u0103ng s\u1ea3n ph\u1ea9m: Camera ng\u1ee5y trang \u0111\u00e8n led \u00e2m tr\u1ea7n k\u1ebft n\u1ed1i wifi c\u00f3 g\u00f3c quan s\u00e1t t\u1eeb tr\u00ean cao c\u1ef1c r\u1ed9ng, cho ng\u01b0\u1eddi d\u00f9ng quan s\u00e1t r\u00f5 r\u00e0ng t\u1eebng h\u00e0nh \u0111\u1ed9ng c\u1ee7a c\u00e1c nh\u00e2n v\u1eadt trong khu v\u1ef1c.<\/p>\n<p>V\u1edbi m\u1ed9t c\u0103n ph\u00f2ng ch\u1ec9 c\u1ea7n b\u1ea1n l\u1eafp 1 camera \u0111\u00e8n led l\u00e0 c\u00f3 th\u1ec3 quan s\u00e1t to\u00e0n t\u1eadp khu v\u1ef1c. Thi\u1ebft b\u1ecb c\u00f3 th\u1ebb nh\u1edb SD t\u1ed1i \u0111a m\u00e0 chi\u1ebfc camera \u0111\u00e8n led n\u00e0y h\u1ed7 tr\u1ee3 l\u00e0 256GB, ng\u01b0\u1eddi d\u00f9ng c\u00f3 th\u1ec3 tho\u1ea3i m\u00e1i xem l\u1ea1i h\u00ecnh c\u0169 trong v\u00f2ng 40 ng\u00e0y. N\u1ebfu th\u1ebb nh\u1edb \u0111\u1ea7y camera s\u1ebd t\u1ef1 \u0111\u1ed9ng x\u00f3a h\u00ecnh c\u0169 v\u00e0 l\u01b0u ch\u00e8n h\u00ecnh m\u1edbi. V\u00ec v\u1eady n\u1ebfu kh\u00f4ng th\u1ec3 theo d\u00f5i t\u00ecnh h\u00ecnh t\u1ea1i nh\u00e0 24\/24 b\u1ea1n v\u1eabn c\u00f3 th\u1ec3 xem l\u1ea1i nh\u1eefng g\u00ec \u0111\u00e3 di\u1ec5n ra m\u1ed9t c\u00e1ch d\u1ec5 d\u00e0ng.<\/p>\n<p>\u01afu \u0111i\u1ec3m c\u1ee7a thi\u1ebft b\u1ecb<\/p>\n<p>&#8211; Gi\u00e1m s\u00e1t khu v\u1ef1c ho\u00e0n h\u1ea3o v\u1edbi g\u00f3c nh\u00ecn to\u00e0n di\u1ec7n, ho\u00e0n to\u00e0n kh\u00f4ng c\u00f3 \u0111i\u1ec3m m\u00f9<\/p>\n<p>&#8211; Ghi h\u00ecnh si\u00eau n\u00e9t 24\/24, c\u00f3 h\u1ed7 tr\u1ee3 l\u01b0u l\u1ea1i c\u00e1c kho\u1ea3nh kh\u1eafc b\u1ecf l\u1ee1 b\u1eb1ng th\u1ebb nh\u1edb Micro SD t\u1ed1i \u0111a 256GB<\/p>\n<p>&#8211; D\u00f9 c\u00f3 \u1edf n\u01a1i n\u00e0o tr\u00ean th\u1ebf gi\u1edbi b\u1ea1n v\u1eabn quan s\u00e1t \u0111\u01b0\u1ee3c h\u00ecnh \u1ea3nh tr\u1ef1c ti\u1ebfp v\u00e0 gi\u00e1n ti\u1ebfp<\/p>\n<p>&#8211; \u0110\u00e2y l\u00e0 d\u00f2ng camera ng\u1ee5y trang \u0111\u00e8n led 5MP si\u00eau \u0111\u1ec9nh, quan s\u00e1t b\u00ed m\u1eadt kh\u00f3 b\u1ecb ph\u00e1t hi\u1ec7n.<\/p>\n<p>&#8211; \u0110\u01b0\u1ee3c trang b\u1ecb c\u1ea3m bi\u1ebfn chuy\u1ec3n \u0111\u1ed9ng \u0111\u1ec3 s\u1eb5n s\u00e0ng nh\u1eadn di\u1ec7n v\u00e0 g\u1eedi c\u1ea3nh b\u00e1o \u0111\u1ebfn \u0111i\u1ec7n tho\u1ea1i ng\u01b0\u1eddi d\u00f9ng. \u0110\u00e2y l\u00e0 chi\u1ebfc camera an ninh ch\u1ed1ng tr\u1ed9m v\u00e0 ng\u1ee5y trang \u0111\u1eb7c bi\u1ec7t cho kh\u00f4ng gian b\u1ea1n c\u1ea7n theo d\u00f5i.<\/p>\n<p>L\u01b0u \u00fd : Ch\u00fang t\u00f4i kh\u00f4ng b\u00e1n s\u1ea3n ph\u1ea9m cho c\u00e1c c\u00e1 nh\u00e2n d\u01b0\u1edbi 18 tu\u1ed5i, s\u1ea3n ph\u1ea9m ch\u1ec9 ph\u1ee5c v\u1ee5 cho nhu c\u1ea7u gi\u00e1m s\u00e1t gia \u0111\u00ecnh, gi\u00e1m s\u00e1t v\u0103n ph\u00f2ng nh\u01b0 c\u00e1c lo\u1ea1i camera gi\u00e1m s\u00e1t \u0110i\u1ec7n T\u1eed H\u1ea3i T\u00e2m kh\u00f4ng \u1ee7ng h\u1ed9 c\u00e1c ho\u1ea1t \u0111\u1ed9ng s\u1eed d\u1ee5ng s\u1ea3n ph\u1ea9m cho m\u1ee5c \u0111\u00edch x\u1ea5u, mong qu\u00fd kh\u00e1ch th\u00f4ng c\u1ea3m!<\/p>\n<h2><span style=\"text-decoration: underline;\"><em>Video h\u01b0\u1edbng d\u1eabn s\u1eed d\u1ee5ng<\/em><\/span><\/h2>\n<p><iframe loading=\"lazy\" title=\"Camera Ngu\u1ef5 Trang B\u00f3ng \u0110\u00e8n LED \u00c2m Tr\u1ea7n WiFi Xem Tr\u1ef1c Ti\u1ebfp Tr\u00ean \u0110i\u1ec7n Tho\u1ea1i - Camera Ngu\u1ef5 Trang Gi\u00e1 R\u1ebb\" width=\"1020\" height=\"574\" src=\"https:\/\/www.youtube.com\/embed\/dORClBwYHNE?feature=oembed\" frameborder=\"0\" allow=\"accelerometer; autoplay; clipboard-write; encrypted-media; gyroscope; picture-in-picture\" allowfullscreen><\/iframe><\/p>\n<h3>Li\u00ean h\u1ec7 mua h\u00e0ng<\/h3>\n<h3 dir=\"auto\"><span class=\"pq6dq46d tbxw36s4 knj5qynh kvgmc6g5 ditlmg2l oygrvhab nvdbi5me sf5mxxl7 gl3lb2sf hhz5lgdu\"><img loading=\"lazy\" decoding=\"async\" src=\"https:\/\/static.xx.fbcdn.net\/images\/emoji.php\/v9\/t22\/1\/16\/260e.png\" alt=\"\u260e\ufe0f\" width=\"16\" height=\"16\" \/><\/span>\u00a0A H\u1ea3i: 094.226.2345 (zalo) \u2013 T\u01b0 V\u1ea5n 24\/24<\/h3>\n<div class=\"o9v6fnle cxmmr5t8 oygrvhab hcukyx3x c1et5uql ii04i59q\">\n<h3 dir=\"auto\"><span class=\"pq6dq46d tbxw36s4 knj5qynh kvgmc6g5 ditlmg2l oygrvhab nvdbi5me sf5mxxl7 gl3lb2sf hhz5lgdu\"><img loading=\"lazy\" decoding=\"async\" src=\"https:\/\/static.xx.fbcdn.net\/images\/emoji.php\/v9\/ta7\/1\/16\/1f3ea.png\" alt=\"\ud83c\udfea\" width=\"16\" height=\"16\" \/><\/span>\u00a0H\u00e0 N\u1ed9i: s\u1ed1 42 Th\u1ecbnh Li\u1ec7t \u2013 Ho\u00e0ng Mai \u2013 H\u00e0 N\u1ed9i<\/h3>\n<h3 dir=\"auto\"><span class=\"pq6dq46d tbxw36s4 knj5qynh kvgmc6g5 ditlmg2l oygrvhab nvdbi5me sf5mxxl7 gl3lb2sf hhz5lgdu\"><img loading=\"lazy\" decoding=\"async\" src=\"https:\/\/static.xx.fbcdn.net\/images\/emoji.php\/v9\/ta7\/1\/16\/1f3ea.png\" alt=\"\ud83c\udfea\" width=\"16\" height=\"16\" \/><\/span>\u00a0S\u00e0i G\u00f2n: 558\/66 B\u00ecnh Qu\u1edbi \u2013 Ph\u01b0\u1eddng 28 \u2013 B\u00ecnh Th\u1ea1nh<\/h3>\n<\/div>\n","protected":false},"excerpt":{"rendered":"<p class=\"style-scope ytd-watch-metadata\">Camera Ngu\u1ef5 Trang B\u00f3ng \u0110\u00e8n LED \u00c2m Tr\u1ea7n WiFi Xem Tr\u1ef1c Ti\u1ebfp Tr\u00ean \u0110i\u1ec7n Tho\u1ea1i &#8211; Camera Ngu\u1ef5 Trang Gi\u00e1 R\u1ebb<\/p>\n","protected":false},"featured_media":2226,"comment_status":"open","ping_status":"closed","template":"","meta":[],"product_cat":[30,55],"product_tag":[],"class_list":{"0":"post-2243","1":"product","2":"type-product","3":"status-publish","4":"has-post-thumbnail","6":"product_cat-thiet-bi-quay-len","7":"product_cat-thiet-bi-quay-len-online","9":"first","10":"instock","11":"sale","12":"shipping-taxable","13":"purchasable","14":"product-type-simple"},"_links":{"self":[{"href":"https:\/\/cameraquaytrom.net\/index.php?rest_route=\/wp\/v2\/product\/2243"}],"collection":[{"href":"https:\/\/cameraquaytrom.net\/index.php?rest_route=\/wp\/v2\/product"}],"about":[{"href":"https:\/\/cameraquaytrom.net\/index.php?rest_route=\/wp\/v2\/types\/product"}],"replies":[{"embeddable":true,"href":"https:\/\/cameraquaytrom.net\/index.php?rest_route=%2Fwp%2Fv2%2Fcomments&post=2243"}],"wp:featuredmedia":[{"embeddable":true,"href":"https:\/\/cameraquaytrom.net\/index.php?rest_route=\/wp\/v2\/media\/2226"}],"wp:attachment":[{"href":"https:\/\/cameraquaytrom.net\/index.php?rest_route=%2Fwp%2Fv2%2Fmedia&parent=2243"}],"wp:term":[{"taxonomy":"product_cat","embeddable":true,"href":"https:\/\/cameraquaytrom.net\/index.php?rest_route=%2Fwp%2Fv2%2Fproduct_cat&post=2243"},{"taxonomy":"product_tag","embeddable":true,"href":"https:\/\/cameraquaytrom.net\/index.php?rest_route=%2Fwp%2Fv2%2Fproduct_tag&post=2243"}],"curies":[{"name":"wp","href":"https:\/\/api.w.org\/{rel}","templated":true}]}}