{"id":2248,"date":"2022-12-05T03:56:11","date_gmt":"2022-12-05T03:56:11","guid":{"rendered":"https:\/\/cameraquaytrom.net\/?post_type=product&#038;p=2248"},"modified":"2022-12-05T04:07:33","modified_gmt":"2022-12-05T04:07:33","slug":"camera-a60-gan-sim-4g","status":"publish","type":"product","link":"https:\/\/cameraquaytrom.net\/?product=camera-a60-gan-sim-4g","title":{"rendered":"Camera A60 G\u1eafn Sim 4G"},"content":{"rendered":"<h1 class=\"style-scope ytd-watch-metadata\" style=\"text-align: center;\">Camera A60 G\u1eafn Sim 4G Xem T\u1eeb Xa Kh\u00f4ng C\u1ea7n WiFi &#8211; Camera Sim A60 Ho\u1ea1t \u0110\u1ed9ng \u0110\u1ed9c L\u1eadp M\u1edbi Nh\u1ea5t Hi\u1ec7n Nay<\/h1>\n<p><img loading=\"lazy\" decoding=\"async\" class=\"size-medium wp-image-2218 aligncenter\" src=\"https:\/\/cameraquaytrom.net\/wp-content\/uploads\/2022\/12\/z3869090320781_8e8d16901ed18a8ca313121645390f51-300x300.jpg\" alt=\"\" width=\"300\" height=\"300\" srcset=\"https:\/\/cameraquaytrom.net\/wp-content\/uploads\/2022\/12\/z3869090320781_8e8d16901ed18a8ca313121645390f51-300x300.jpg 300w, https:\/\/cameraquaytrom.net\/wp-content\/uploads\/2022\/12\/z3869090320781_8e8d16901ed18a8ca313121645390f51-1024x1024.jpg 1024w, https:\/\/cameraquaytrom.net\/wp-content\/uploads\/2022\/12\/z3869090320781_8e8d16901ed18a8ca313121645390f51-150x150.jpg 150w, https:\/\/cameraquaytrom.net\/wp-content\/uploads\/2022\/12\/z3869090320781_8e8d16901ed18a8ca313121645390f51-768x768.jpg 768w, https:\/\/cameraquaytrom.net\/wp-content\/uploads\/2022\/12\/z3869090320781_8e8d16901ed18a8ca313121645390f51-1536x1536.jpg 1536w, https:\/\/cameraquaytrom.net\/wp-content\/uploads\/2022\/12\/z3869090320781_8e8d16901ed18a8ca313121645390f51-2048x2048.jpg 2048w, https:\/\/cameraquaytrom.net\/wp-content\/uploads\/2022\/12\/z3869090320781_8e8d16901ed18a8ca313121645390f51-600x600.jpg 600w, https:\/\/cameraquaytrom.net\/wp-content\/uploads\/2022\/12\/z3869090320781_8e8d16901ed18a8ca313121645390f51-100x100.jpg 100w\" sizes=\"(max-width: 300px) 100vw, 300px\" \/><\/p>\n<p><img loading=\"lazy\" decoding=\"async\" class=\"size-medium wp-image-2217 aligncenter\" src=\"https:\/\/cameraquaytrom.net\/wp-content\/uploads\/2022\/12\/z3869090392039_f869774bf8ca6e6c155a83a4f098ff18-300x300.jpg\" alt=\"\" width=\"300\" height=\"300\" srcset=\"https:\/\/cameraquaytrom.net\/wp-content\/uploads\/2022\/12\/z3869090392039_f869774bf8ca6e6c155a83a4f098ff18-300x300.jpg 300w, https:\/\/cameraquaytrom.net\/wp-content\/uploads\/2022\/12\/z3869090392039_f869774bf8ca6e6c155a83a4f098ff18-1024x1024.jpg 1024w, https:\/\/cameraquaytrom.net\/wp-content\/uploads\/2022\/12\/z3869090392039_f869774bf8ca6e6c155a83a4f098ff18-150x150.jpg 150w, https:\/\/cameraquaytrom.net\/wp-content\/uploads\/2022\/12\/z3869090392039_f869774bf8ca6e6c155a83a4f098ff18-768x768.jpg 768w, https:\/\/cameraquaytrom.net\/wp-content\/uploads\/2022\/12\/z3869090392039_f869774bf8ca6e6c155a83a4f098ff18-1536x1536.jpg 1536w, https:\/\/cameraquaytrom.net\/wp-content\/uploads\/2022\/12\/z3869090392039_f869774bf8ca6e6c155a83a4f098ff18-2048x2048.jpg 2048w, https:\/\/cameraquaytrom.net\/wp-content\/uploads\/2022\/12\/z3869090392039_f869774bf8ca6e6c155a83a4f098ff18-600x600.jpg 600w, https:\/\/cameraquaytrom.net\/wp-content\/uploads\/2022\/12\/z3869090392039_f869774bf8ca6e6c155a83a4f098ff18-100x100.jpg 100w\" sizes=\"(max-width: 300px) 100vw, 300px\" \/><\/p>\n<p><img loading=\"lazy\" decoding=\"async\" class=\"size-medium wp-image-2216 aligncenter\" src=\"https:\/\/cameraquaytrom.net\/wp-content\/uploads\/2022\/12\/z3869090161664_7a09f74703351691fa488134cbb3afed-300x300.jpg\" alt=\"\" width=\"300\" height=\"300\" srcset=\"https:\/\/cameraquaytrom.net\/wp-content\/uploads\/2022\/12\/z3869090161664_7a09f74703351691fa488134cbb3afed-300x300.jpg 300w, https:\/\/cameraquaytrom.net\/wp-content\/uploads\/2022\/12\/z3869090161664_7a09f74703351691fa488134cbb3afed-1024x1024.jpg 1024w, https:\/\/cameraquaytrom.net\/wp-content\/uploads\/2022\/12\/z3869090161664_7a09f74703351691fa488134cbb3afed-150x150.jpg 150w, https:\/\/cameraquaytrom.net\/wp-content\/uploads\/2022\/12\/z3869090161664_7a09f74703351691fa488134cbb3afed-768x768.jpg 768w, https:\/\/cameraquaytrom.net\/wp-content\/uploads\/2022\/12\/z3869090161664_7a09f74703351691fa488134cbb3afed-1536x1536.jpg 1536w, https:\/\/cameraquaytrom.net\/wp-content\/uploads\/2022\/12\/z3869090161664_7a09f74703351691fa488134cbb3afed-2048x2048.jpg 2048w, https:\/\/cameraquaytrom.net\/wp-content\/uploads\/2022\/12\/z3869090161664_7a09f74703351691fa488134cbb3afed-600x600.jpg 600w, https:\/\/cameraquaytrom.net\/wp-content\/uploads\/2022\/12\/z3869090161664_7a09f74703351691fa488134cbb3afed-100x100.jpg 100w\" sizes=\"(max-width: 300px) 100vw, 300px\" \/><\/p>\n<p><img loading=\"lazy\" decoding=\"async\" class=\"size-medium wp-image-2215 aligncenter\" src=\"https:\/\/cameraquaytrom.net\/wp-content\/uploads\/2022\/12\/z3869090288757_5ff7e0480e1d93886ebe295f761800df-300x300.jpg\" alt=\"\" width=\"300\" height=\"300\" srcset=\"https:\/\/cameraquaytrom.net\/wp-content\/uploads\/2022\/12\/z3869090288757_5ff7e0480e1d93886ebe295f761800df-300x300.jpg 300w, https:\/\/cameraquaytrom.net\/wp-content\/uploads\/2022\/12\/z3869090288757_5ff7e0480e1d93886ebe295f761800df-1024x1024.jpg 1024w, https:\/\/cameraquaytrom.net\/wp-content\/uploads\/2022\/12\/z3869090288757_5ff7e0480e1d93886ebe295f761800df-150x150.jpg 150w, https:\/\/cameraquaytrom.net\/wp-content\/uploads\/2022\/12\/z3869090288757_5ff7e0480e1d93886ebe295f761800df-768x768.jpg 768w, https:\/\/cameraquaytrom.net\/wp-content\/uploads\/2022\/12\/z3869090288757_5ff7e0480e1d93886ebe295f761800df-1536x1536.jpg 1536w, https:\/\/cameraquaytrom.net\/wp-content\/uploads\/2022\/12\/z3869090288757_5ff7e0480e1d93886ebe295f761800df-2048x2048.jpg 2048w, https:\/\/cameraquaytrom.net\/wp-content\/uploads\/2022\/12\/z3869090288757_5ff7e0480e1d93886ebe295f761800df-600x600.jpg 600w, https:\/\/cameraquaytrom.net\/wp-content\/uploads\/2022\/12\/z3869090288757_5ff7e0480e1d93886ebe295f761800df-100x100.jpg 100w\" sizes=\"(max-width: 300px) 100vw, 300px\" \/><\/p>\n<p>&#8211; Camera g\u1eafn sim 4G \u0111\u1ec3 ho\u1ea1t \u0111\u1ed9ng<\/p>\n<p>&#8211; Xem t\u1eeb xa kh\u00f4ng gi\u1edbi h\u1ea1n kho\u1ea3ng c\u00e1ch m\u00e0 kh\u00f4ng c\u1ea7n ch\u1ed7 \u0111\u1eb7t camera c\u00f3 wifi<\/p>\n<p>&#8211; Pin s\u1eed d\u1ee5ng li\u00ean t\u1ee5c 15h, c\u00f3 th\u1ec3 c\u1eafm th\u00eam s\u1ea1c pin d\u1ef1 ph\u00f2ng ho\u1eb7c c\u1eafm s\u1ea1c tr\u1ef1c ti\u1ebfp \u0111\u1ec3 quay 24\/24<\/p>\n<p>&#8211; M\u1eaft Camera \u0111\u01b0\u1ee3c thi\u1ebft k\u1ebf l\u1ed3i gi\u00fap camera \u0111\u1ea1t g\u00f3c quay c\u1ef1c r\u1ed9ng 190 \u0111\u1ed9<\/p>\n<p>&#8211; Ch\u1ea5t l\u01b0\u1ee3ng h\u00ecnh \u1ea3nh c\u1ee7a camera l\u00e0 1080p<\/p>\n<p>&#8211; D\u00e2y cam n\u1ed1i t\u1eeb main ra m\u1eaft cam l\u00e0 d\u00e2y nh\u1ef1a d\u1ebbo gi\u00fap g\u1eadp xoay c\u00e1c h\u1ecfng tho\u1ea3i m\u00e1i kh\u00f4ng lo h\u1ecfng, \u0111\u1ee9t<\/p>\n<p>&#8211; Camera A60 c\u00f3 h\u1ed9p t\u1ea3n nhi\u1ec7t ch\u1ed1ng n\u00f3ng gi\u00fap camera ho\u1ea1t \u0111\u1ed9ng li\u00ean t\u1ee5c trong th\u1eddi gian d\u00e0i m\u00e0 kh\u00f4ng lo \u0111\u01a1 m\u00e1y<\/p>\n<p>L\u01b0u \u00fd : Ch\u00fang t\u00f4i kh\u00f4ng b\u00e1n s\u1ea3n ph\u1ea9m cho c\u00e1c c\u00e1 nh\u00e2n d\u01b0\u1edbi 18 tu\u1ed5i, s\u1ea3n ph\u1ea9m ch\u1ec9 ph\u1ee5c v\u1ee5 cho nhu c\u1ea7u gi\u00e1m s\u00e1t gia \u0111\u00ecnh, gi\u00e1m s\u00e1t v\u0103n ph\u00f2ng nh\u01b0 c\u00e1c lo\u1ea1i camera gi\u00e1m s\u00e1t \u0110i\u1ec7n T\u1eed H\u1ea3i T\u00e2m kh\u00f4ng \u1ee7ng h\u1ed9 c\u00e1c ho\u1ea1t \u0111\u1ed9ng s\u1eed d\u1ee5ng s\u1ea3n ph\u1ea9m cho m\u1ee5c \u0111\u00edch x\u1ea5u, mong qu\u00fd kh\u00e1ch th\u00f4ng c\u1ea3m!<\/p>\n<h2><span style=\"text-decoration: underline;\"><em>Video h\u01b0\u1edbng d\u1eabn s\u1eed d\u1ee5ng<\/em><\/span><\/h2>\n<p><iframe loading=\"lazy\" title=\"Camera A60 G\u1eafn Sim 4G Xem T\u1eeb Xa Kh\u00f4ng C\u1ea7n WiFi - Camera Sim A60 Ho\u1ea1t \u0110\u1ed9ng \u0110\u1ed9c L\u1eadp M\u1edbi Nh\u1ea5t Hi\u1ec7n Nay\" width=\"1020\" height=\"574\" src=\"https:\/\/www.youtube.com\/embed\/2AFyQAMKD7g?feature=oembed\" frameborder=\"0\" allow=\"accelerometer; autoplay; clipboard-write; encrypted-media; gyroscope; picture-in-picture\" allowfullscreen><\/iframe><\/p>\n<h3>Li\u00ean h\u1ec7 mua h\u00e0ng<\/h3>\n<h3 dir=\"auto\"><span class=\"pq6dq46d tbxw36s4 knj5qynh kvgmc6g5 ditlmg2l oygrvhab nvdbi5me sf5mxxl7 gl3lb2sf hhz5lgdu\"><img loading=\"lazy\" decoding=\"async\" src=\"https:\/\/static.xx.fbcdn.net\/images\/emoji.php\/v9\/t22\/1\/16\/260e.png\" alt=\"\u260e\ufe0f\" width=\"16\" height=\"16\" \/><\/span>\u00a0A H\u1ea3i: 094.226.2345 (zalo) \u2013 T\u01b0 V\u1ea5n 24\/24<\/h3>\n<div class=\"o9v6fnle cxmmr5t8 oygrvhab hcukyx3x c1et5uql ii04i59q\">\n<h3 dir=\"auto\"><span class=\"pq6dq46d tbxw36s4 knj5qynh kvgmc6g5 ditlmg2l oygrvhab nvdbi5me sf5mxxl7 gl3lb2sf hhz5lgdu\"><img loading=\"lazy\" decoding=\"async\" src=\"https:\/\/static.xx.fbcdn.net\/images\/emoji.php\/v9\/ta7\/1\/16\/1f3ea.png\" alt=\"\ud83c\udfea\" width=\"16\" height=\"16\" \/><\/span>\u00a0H\u00e0 N\u1ed9i: s\u1ed1 42 Th\u1ecbnh Li\u1ec7t \u2013 Ho\u00e0ng Mai \u2013 H\u00e0 N\u1ed9i<\/h3>\n<h3 dir=\"auto\"><span class=\"pq6dq46d tbxw36s4 knj5qynh kvgmc6g5 ditlmg2l oygrvhab nvdbi5me sf5mxxl7 gl3lb2sf hhz5lgdu\"><img loading=\"lazy\" decoding=\"async\" src=\"https:\/\/static.xx.fbcdn.net\/images\/emoji.php\/v9\/ta7\/1\/16\/1f3ea.png\" alt=\"\ud83c\udfea\" width=\"16\" height=\"16\" \/><\/span>\u00a0S\u00e0i G\u00f2n: 558\/66 B\u00ecnh Qu\u1edbi \u2013 Ph\u01b0\u1eddng 28 \u2013 B\u00ecnh Th\u1ea1nh<\/h3>\n<\/div>\n","protected":false},"excerpt":{"rendered":"<p>&#8211; Camera g\u1eafn sim 4G \u0111\u1ec3 ho\u1ea1t \u0111\u1ed9ng<\/p>\n<p>&#8211; Xem t\u1eeb xa kh\u00f4ng gi\u1edbi h\u1ea1n kho\u1ea3ng c\u00e1ch m\u00e0 kh\u00f4ng c\u1ea7n ch\u1ed7 \u0111\u1eb7t camera c\u00f3 wifi<\/p>\n","protected":false},"featured_media":2218,"comment_status":"open","ping_status":"closed","template":"","meta":[],"product_cat":[30,55],"product_tag":[],"class_list":{"0":"post-2248","1":"product","2":"type-product","3":"status-publish","4":"has-post-thumbnail","6":"product_cat-thiet-bi-quay-len","7":"product_cat-thiet-bi-quay-len-online","9":"first","10":"instock","11":"sale","12":"featured","13":"shipping-taxable","14":"purchasable","15":"product-type-simple"},"_links":{"self":[{"href":"https:\/\/cameraquaytrom.net\/index.php?rest_route=\/wp\/v2\/product\/2248"}],"collection":[{"href":"https:\/\/cameraquaytrom.net\/index.php?rest_route=\/wp\/v2\/product"}],"about":[{"href":"https:\/\/cameraquaytrom.net\/index.php?rest_route=\/wp\/v2\/types\/product"}],"replies":[{"embeddable":true,"href":"https:\/\/cameraquaytrom.net\/index.php?rest_route=%2Fwp%2Fv2%2Fcomments&post=2248"}],"wp:featuredmedia":[{"embeddable":true,"href":"https:\/\/cameraquaytrom.net\/index.php?rest_route=\/wp\/v2\/media\/2218"}],"wp:attachment":[{"href":"https:\/\/cameraquaytrom.net\/index.php?rest_route=%2Fwp%2Fv2%2Fmedia&parent=2248"}],"wp:term":[{"taxonomy":"product_cat","embeddable":true,"href":"https:\/\/cameraquaytrom.net\/index.php?rest_route=%2Fwp%2Fv2%2Fproduct_cat&post=2248"},{"taxonomy":"product_tag","embeddable":true,"href":"https:\/\/cameraquaytrom.net\/index.php?rest_route=%2Fwp%2Fv2%2Fproduct_tag&post=2248"}],"curies":[{"name":"wp","href":"https:\/\/api.w.org\/{rel}","templated":true}]}}