{"id":2372,"date":"2024-10-25T11:58:53","date_gmt":"2024-10-25T11:58:53","guid":{"rendered":"https:\/\/cameraquaytrom.net\/?post_type=product&#038;p=2372"},"modified":"2024-11-01T07:55:46","modified_gmt":"2024-11-01T07:55:46","slug":"camera-nguy-trang-dien-thoai-smart-phone-cam-suon","status":"publish","type":"product","link":"https:\/\/cameraquaytrom.net\/?product=camera-nguy-trang-dien-thoai-smart-phone-cam-suon","title":{"rendered":"Camera Ngu\u1ef5 Trang \u0110i\u1ec7n Thoai Smart Phone Cam S\u01b0\u1eddn"},"content":{"rendered":"<h1 style=\"text-align: center;\">Camera Ngu\u1ef5 Trang \u0110i\u1ec7n Thoai Smart Phone Cam S\u01b0\u1eddn<\/h1>\n<p style=\"text-align: center;\"><img loading=\"lazy\" decoding=\"async\" class=\"alignnone size-medium wp-image-2373\" src=\"https:\/\/cameraquaytrom.net\/wp-content\/uploads\/2024\/10\/z5966259571322_f003d49e0a8669422217c37c10781e2a-300x167.jpg\" alt=\"\" width=\"300\" height=\"167\" srcset=\"https:\/\/cameraquaytrom.net\/wp-content\/uploads\/2024\/10\/z5966259571322_f003d49e0a8669422217c37c10781e2a-300x167.jpg 300w, https:\/\/cameraquaytrom.net\/wp-content\/uploads\/2024\/10\/z5966259571322_f003d49e0a8669422217c37c10781e2a-1024x572.jpg 1024w, https:\/\/cameraquaytrom.net\/wp-content\/uploads\/2024\/10\/z5966259571322_f003d49e0a8669422217c37c10781e2a-768x429.jpg 768w, https:\/\/cameraquaytrom.net\/wp-content\/uploads\/2024\/10\/z5966259571322_f003d49e0a8669422217c37c10781e2a-600x335.jpg 600w, https:\/\/cameraquaytrom.net\/wp-content\/uploads\/2024\/10\/z5966259571322_f003d49e0a8669422217c37c10781e2a.jpg 1290w\" sizes=\"(max-width: 300px) 100vw, 300px\" \/><\/p>\n<p style=\"text-align: center;\"><img loading=\"lazy\" decoding=\"async\" class=\"alignnone size-medium wp-image-2374\" src=\"https:\/\/cameraquaytrom.net\/wp-content\/uploads\/2024\/10\/z5966259572161_7707c4c27ff5e5ecea66ed15c2100512-300x300.jpg\" alt=\"\" width=\"300\" height=\"300\" srcset=\"https:\/\/cameraquaytrom.net\/wp-content\/uploads\/2024\/10\/z5966259572161_7707c4c27ff5e5ecea66ed15c2100512-300x300.jpg 300w, https:\/\/cameraquaytrom.net\/wp-content\/uploads\/2024\/10\/z5966259572161_7707c4c27ff5e5ecea66ed15c2100512-1024x1024.jpg 1024w, https:\/\/cameraquaytrom.net\/wp-content\/uploads\/2024\/10\/z5966259572161_7707c4c27ff5e5ecea66ed15c2100512-150x150.jpg 150w, https:\/\/cameraquaytrom.net\/wp-content\/uploads\/2024\/10\/z5966259572161_7707c4c27ff5e5ecea66ed15c2100512-768x768.jpg 768w, https:\/\/cameraquaytrom.net\/wp-content\/uploads\/2024\/10\/z5966259572161_7707c4c27ff5e5ecea66ed15c2100512-1536x1536.jpg 1536w, https:\/\/cameraquaytrom.net\/wp-content\/uploads\/2024\/10\/z5966259572161_7707c4c27ff5e5ecea66ed15c2100512-600x600.jpg 600w, https:\/\/cameraquaytrom.net\/wp-content\/uploads\/2024\/10\/z5966259572161_7707c4c27ff5e5ecea66ed15c2100512-100x100.jpg 100w, https:\/\/cameraquaytrom.net\/wp-content\/uploads\/2024\/10\/z5966259572161_7707c4c27ff5e5ecea66ed15c2100512.jpg 1899w\" sizes=\"(max-width: 300px) 100vw, 300px\" \/><\/p>\n<p style=\"text-align: center;\"><img loading=\"lazy\" decoding=\"async\" class=\"alignnone size-medium wp-image-2375\" src=\"https:\/\/cameraquaytrom.net\/wp-content\/uploads\/2024\/10\/z5966259578563_66f653e36b6da773d6fb3405b2e174ce-300x300.jpg\" alt=\"\" width=\"300\" height=\"300\" srcset=\"https:\/\/cameraquaytrom.net\/wp-content\/uploads\/2024\/10\/z5966259578563_66f653e36b6da773d6fb3405b2e174ce-300x300.jpg 300w, https:\/\/cameraquaytrom.net\/wp-content\/uploads\/2024\/10\/z5966259578563_66f653e36b6da773d6fb3405b2e174ce-1024x1024.jpg 1024w, https:\/\/cameraquaytrom.net\/wp-content\/uploads\/2024\/10\/z5966259578563_66f653e36b6da773d6fb3405b2e174ce-150x150.jpg 150w, https:\/\/cameraquaytrom.net\/wp-content\/uploads\/2024\/10\/z5966259578563_66f653e36b6da773d6fb3405b2e174ce-768x768.jpg 768w, https:\/\/cameraquaytrom.net\/wp-content\/uploads\/2024\/10\/z5966259578563_66f653e36b6da773d6fb3405b2e174ce-1536x1536.jpg 1536w, https:\/\/cameraquaytrom.net\/wp-content\/uploads\/2024\/10\/z5966259578563_66f653e36b6da773d6fb3405b2e174ce-2048x2048.jpg 2048w, https:\/\/cameraquaytrom.net\/wp-content\/uploads\/2024\/10\/z5966259578563_66f653e36b6da773d6fb3405b2e174ce-600x600.jpg 600w, https:\/\/cameraquaytrom.net\/wp-content\/uploads\/2024\/10\/z5966259578563_66f653e36b6da773d6fb3405b2e174ce-100x100.jpg 100w\" sizes=\"(max-width: 300px) 100vw, 300px\" \/><\/p>\n<p style=\"text-align: center;\"><img loading=\"lazy\" decoding=\"async\" class=\"alignnone size-medium wp-image-2376\" src=\"https:\/\/cameraquaytrom.net\/wp-content\/uploads\/2024\/10\/z5966259588439_91f5635d241a60b73272fc0013e4691f-300x300.jpg\" alt=\"\" width=\"300\" height=\"300\" srcset=\"https:\/\/cameraquaytrom.net\/wp-content\/uploads\/2024\/10\/z5966259588439_91f5635d241a60b73272fc0013e4691f-300x300.jpg 300w, https:\/\/cameraquaytrom.net\/wp-content\/uploads\/2024\/10\/z5966259588439_91f5635d241a60b73272fc0013e4691f-1024x1024.jpg 1024w, https:\/\/cameraquaytrom.net\/wp-content\/uploads\/2024\/10\/z5966259588439_91f5635d241a60b73272fc0013e4691f-150x150.jpg 150w, https:\/\/cameraquaytrom.net\/wp-content\/uploads\/2024\/10\/z5966259588439_91f5635d241a60b73272fc0013e4691f-768x768.jpg 768w, https:\/\/cameraquaytrom.net\/wp-content\/uploads\/2024\/10\/z5966259588439_91f5635d241a60b73272fc0013e4691f-1536x1536.jpg 1536w, https:\/\/cameraquaytrom.net\/wp-content\/uploads\/2024\/10\/z5966259588439_91f5635d241a60b73272fc0013e4691f-600x600.jpg 600w, https:\/\/cameraquaytrom.net\/wp-content\/uploads\/2024\/10\/z5966259588439_91f5635d241a60b73272fc0013e4691f-100x100.jpg 100w, https:\/\/cameraquaytrom.net\/wp-content\/uploads\/2024\/10\/z5966259588439_91f5635d241a60b73272fc0013e4691f.jpg 1899w\" sizes=\"(max-width: 300px) 100vw, 300px\" \/><\/p>\n<p style=\"text-align: center;\"><img loading=\"lazy\" decoding=\"async\" class=\"alignnone size-medium wp-image-2377\" src=\"https:\/\/cameraquaytrom.net\/wp-content\/uploads\/2024\/10\/z5966259598079_4838a776f3510f0bca08854b3cb32e2d-300x300.jpg\" alt=\"\" width=\"300\" height=\"300\" srcset=\"https:\/\/cameraquaytrom.net\/wp-content\/uploads\/2024\/10\/z5966259598079_4838a776f3510f0bca08854b3cb32e2d-300x300.jpg 300w, https:\/\/cameraquaytrom.net\/wp-content\/uploads\/2024\/10\/z5966259598079_4838a776f3510f0bca08854b3cb32e2d-1024x1024.jpg 1024w, https:\/\/cameraquaytrom.net\/wp-content\/uploads\/2024\/10\/z5966259598079_4838a776f3510f0bca08854b3cb32e2d-150x150.jpg 150w, https:\/\/cameraquaytrom.net\/wp-content\/uploads\/2024\/10\/z5966259598079_4838a776f3510f0bca08854b3cb32e2d-768x768.jpg 768w, https:\/\/cameraquaytrom.net\/wp-content\/uploads\/2024\/10\/z5966259598079_4838a776f3510f0bca08854b3cb32e2d-1536x1536.jpg 1536w, https:\/\/cameraquaytrom.net\/wp-content\/uploads\/2024\/10\/z5966259598079_4838a776f3510f0bca08854b3cb32e2d-600x600.jpg 600w, https:\/\/cameraquaytrom.net\/wp-content\/uploads\/2024\/10\/z5966259598079_4838a776f3510f0bca08854b3cb32e2d-100x100.jpg 100w, https:\/\/cameraquaytrom.net\/wp-content\/uploads\/2024\/10\/z5966259598079_4838a776f3510f0bca08854b3cb32e2d.jpg 1899w\" sizes=\"(max-width: 300px) 100vw, 300px\" \/><\/p>\n<h2 style=\"text-align: center;\"><em>Video h\u01b0\u1edbng d\u1eabn s\u1eed d\u1ee5ng<\/em><\/h2>\n<p><iframe loading=\"lazy\" title=\"2 M\u1eabu Camera Ngu\u1ef5 Trang \u0110i\u1ec7n Tho\u1ea1i Smat Phone Camera B\u00ean S\u01b0\u1eddn v\u00e0 Camera Tr\u00ean \u0110\u1ea7u\" width=\"1020\" height=\"574\" src=\"https:\/\/www.youtube.com\/embed\/ud-CB8T-4JY?feature=oembed\" frameborder=\"0\" allow=\"accelerometer; autoplay; clipboard-write; encrypted-media; gyroscope; picture-in-picture; web-share\" referrerpolicy=\"strict-origin-when-cross-origin\" allowfullscreen><\/iframe><\/p>\n","protected":false},"excerpt":{"rendered":"<h1 class=\"style-scope ytd-watch-metadata\">Camera Ngu\u1ef5 Trang \u0110i\u1ec7n Tho\u1ea1i Smat Phone Camera B\u00ean S\u01b0\u1eddn<\/h1>\n","protected":false},"featured_media":2377,"comment_status":"open","ping_status":"closed","template":"","meta":[],"product_cat":[189,30,55],"product_tag":[109,57,107,103,106,71,108,104,105,100,102,101,58,96,99,98,97],"class_list":{"0":"post-2372","1":"product","2":"type-product","3":"status-publish","4":"has-post-thumbnail","6":"product_cat-camera","7":"product_cat-thiet-bi-quay-len","8":"product_cat-thiet-bi-quay-len-online","9":"product_tag-camera-gan-sim-4g","10":"product_tag-camera-nguy-trang","11":"product_tag-camera-nguy-trang-bat-lua","12":"product_tag-camera-nguy-trang-bong-den","13":"product_tag-camera-nguy-trang-cu-sac","14":"product_tag-camera-nguy-trang-cuc-ao","15":"product_tag-camera-nguy-trang-dien-thoai","16":"product_tag-camera-nguy-trang-dong-ho","17":"product_tag-camera-nguy-trang-dui-den","18":"product_tag-camera-nguy-trang-gia-re","19":"product_tag-camera-nguy-trang-o-cam-dien","20":"product_tag-camera-nguy-trang-sieu-nho","21":"product_tag-camera-sieu-nho","22":"product_tag-camera-sieu-nho-gia-re","23":"product_tag-camera-sieu-nho-giau-kin","24":"product_tag-camera-sieu-nho-khong-day","25":"product_tag-camera-sieu-nho-wifi","27":"first","28":"instock","29":"sale","30":"shipping-taxable","31":"purchasable","32":"product-type-simple"},"_links":{"self":[{"href":"https:\/\/cameraquaytrom.net\/index.php?rest_route=\/wp\/v2\/product\/2372"}],"collection":[{"href":"https:\/\/cameraquaytrom.net\/index.php?rest_route=\/wp\/v2\/product"}],"about":[{"href":"https:\/\/cameraquaytrom.net\/index.php?rest_route=\/wp\/v2\/types\/product"}],"replies":[{"embeddable":true,"href":"https:\/\/cameraquaytrom.net\/index.php?rest_route=%2Fwp%2Fv2%2Fcomments&post=2372"}],"wp:featuredmedia":[{"embeddable":true,"href":"https:\/\/cameraquaytrom.net\/index.php?rest_route=\/wp\/v2\/media\/2377"}],"wp:attachment":[{"href":"https:\/\/cameraquaytrom.net\/index.php?rest_route=%2Fwp%2Fv2%2Fmedia&parent=2372"}],"wp:term":[{"taxonomy":"product_cat","embeddable":true,"href":"https:\/\/cameraquaytrom.net\/index.php?rest_route=%2Fwp%2Fv2%2Fproduct_cat&post=2372"},{"taxonomy":"product_tag","embeddable":true,"href":"https:\/\/cameraquaytrom.net\/index.php?rest_route=%2Fwp%2Fv2%2Fproduct_tag&post=2372"}],"curies":[{"name":"wp","href":"https:\/\/api.w.org\/{rel}","templated":true}]}}