{"id":2398,"date":"2024-11-05T16:18:35","date_gmt":"2024-11-05T16:18:35","guid":{"rendered":"https:\/\/cameraquaytrom.net\/?post_type=product&#038;p=2398"},"modified":"2024-11-06T15:36:27","modified_gmt":"2024-11-06T15:36:27","slug":"camera-nguy-trang-o-dien-dan-dung-mau-den","status":"publish","type":"product","link":"https:\/\/cameraquaytrom.net\/?product=camera-nguy-trang-o-dien-dan-dung-mau-den","title":{"rendered":"Camera Ngu\u1ef5 Trang \u1ed4 \u0110i\u1ec7n D\u00e2n D\u1ee5ng M\u00e0u \u0110en"},"content":{"rendered":"<h1 style=\"text-align: center;\">Camera Ngu\u1ef5 Trang \u1ed4 \u0110i\u1ec7n D\u00e2n D\u1ee5ng M\u00e0u \u0110en<\/h1>\n<p><img loading=\"lazy\" decoding=\"async\" class=\"size-medium wp-image-2611 aligncenter\" src=\"https:\/\/cameraquaytrom.net\/wp-content\/uploads\/2024\/10\/z5989335719168_2736ca4a0bb07da82e38c146abcad065-300x300.jpg\" alt=\"\" width=\"300\" height=\"300\" srcset=\"https:\/\/cameraquaytrom.net\/wp-content\/uploads\/2024\/10\/z5989335719168_2736ca4a0bb07da82e38c146abcad065-300x300.jpg 300w, https:\/\/cameraquaytrom.net\/wp-content\/uploads\/2024\/10\/z5989335719168_2736ca4a0bb07da82e38c146abcad065-1024x1024.jpg 1024w, https:\/\/cameraquaytrom.net\/wp-content\/uploads\/2024\/10\/z5989335719168_2736ca4a0bb07da82e38c146abcad065-150x150.jpg 150w, https:\/\/cameraquaytrom.net\/wp-content\/uploads\/2024\/10\/z5989335719168_2736ca4a0bb07da82e38c146abcad065-768x768.jpg 768w, https:\/\/cameraquaytrom.net\/wp-content\/uploads\/2024\/10\/z5989335719168_2736ca4a0bb07da82e38c146abcad065-1536x1536.jpg 1536w, https:\/\/cameraquaytrom.net\/wp-content\/uploads\/2024\/10\/z5989335719168_2736ca4a0bb07da82e38c146abcad065-600x600.jpg 600w, https:\/\/cameraquaytrom.net\/wp-content\/uploads\/2024\/10\/z5989335719168_2736ca4a0bb07da82e38c146abcad065-100x100.jpg 100w, https:\/\/cameraquaytrom.net\/wp-content\/uploads\/2024\/10\/z5989335719168_2736ca4a0bb07da82e38c146abcad065.jpg 1899w\" sizes=\"(max-width: 300px) 100vw, 300px\" \/><\/p>\n<p><img loading=\"lazy\" decoding=\"async\" class=\"size-medium wp-image-2612 aligncenter\" src=\"https:\/\/cameraquaytrom.net\/wp-content\/uploads\/2024\/10\/z5989335721466_bd98d4f8b3ede59ece502c449b34e4f6-300x300.jpg\" alt=\"\" width=\"300\" height=\"300\" srcset=\"https:\/\/cameraquaytrom.net\/wp-content\/uploads\/2024\/10\/z5989335721466_bd98d4f8b3ede59ece502c449b34e4f6-300x300.jpg 300w, https:\/\/cameraquaytrom.net\/wp-content\/uploads\/2024\/10\/z5989335721466_bd98d4f8b3ede59ece502c449b34e4f6-1024x1024.jpg 1024w, https:\/\/cameraquaytrom.net\/wp-content\/uploads\/2024\/10\/z5989335721466_bd98d4f8b3ede59ece502c449b34e4f6-150x150.jpg 150w, https:\/\/cameraquaytrom.net\/wp-content\/uploads\/2024\/10\/z5989335721466_bd98d4f8b3ede59ece502c449b34e4f6-768x768.jpg 768w, https:\/\/cameraquaytrom.net\/wp-content\/uploads\/2024\/10\/z5989335721466_bd98d4f8b3ede59ece502c449b34e4f6-1536x1536.jpg 1536w, https:\/\/cameraquaytrom.net\/wp-content\/uploads\/2024\/10\/z5989335721466_bd98d4f8b3ede59ece502c449b34e4f6-2048x2048.jpg 2048w, https:\/\/cameraquaytrom.net\/wp-content\/uploads\/2024\/10\/z5989335721466_bd98d4f8b3ede59ece502c449b34e4f6-600x600.jpg 600w, https:\/\/cameraquaytrom.net\/wp-content\/uploads\/2024\/10\/z5989335721466_bd98d4f8b3ede59ece502c449b34e4f6-100x100.jpg 100w\" sizes=\"(max-width: 300px) 100vw, 300px\" \/><\/p>\n<p><img loading=\"lazy\" decoding=\"async\" class=\"size-medium wp-image-2613 aligncenter\" src=\"https:\/\/cameraquaytrom.net\/wp-content\/uploads\/2024\/10\/z5989335727831_a37acbfa8b817f49ba512ffd9a1e7f00-300x300.jpg\" alt=\"\" width=\"300\" height=\"300\" srcset=\"https:\/\/cameraquaytrom.net\/wp-content\/uploads\/2024\/10\/z5989335727831_a37acbfa8b817f49ba512ffd9a1e7f00-300x300.jpg 300w, https:\/\/cameraquaytrom.net\/wp-content\/uploads\/2024\/10\/z5989335727831_a37acbfa8b817f49ba512ffd9a1e7f00-1024x1024.jpg 1024w, https:\/\/cameraquaytrom.net\/wp-content\/uploads\/2024\/10\/z5989335727831_a37acbfa8b817f49ba512ffd9a1e7f00-150x150.jpg 150w, https:\/\/cameraquaytrom.net\/wp-content\/uploads\/2024\/10\/z5989335727831_a37acbfa8b817f49ba512ffd9a1e7f00-768x767.jpg 768w, https:\/\/cameraquaytrom.net\/wp-content\/uploads\/2024\/10\/z5989335727831_a37acbfa8b817f49ba512ffd9a1e7f00-1536x1536.jpg 1536w, https:\/\/cameraquaytrom.net\/wp-content\/uploads\/2024\/10\/z5989335727831_a37acbfa8b817f49ba512ffd9a1e7f00-2048x2046.jpg 2048w, https:\/\/cameraquaytrom.net\/wp-content\/uploads\/2024\/10\/z5989335727831_a37acbfa8b817f49ba512ffd9a1e7f00-600x600.jpg 600w, https:\/\/cameraquaytrom.net\/wp-content\/uploads\/2024\/10\/z5989335727831_a37acbfa8b817f49ba512ffd9a1e7f00-100x100.jpg 100w\" sizes=\"(max-width: 300px) 100vw, 300px\" \/><\/p>\n<p><img loading=\"lazy\" decoding=\"async\" class=\"size-medium wp-image-2614 aligncenter\" src=\"https:\/\/cameraquaytrom.net\/wp-content\/uploads\/2024\/10\/z5989335740290_996dc4e7512a237cc9fdeb6eab311c35-300x300.jpg\" alt=\"\" width=\"300\" height=\"300\" srcset=\"https:\/\/cameraquaytrom.net\/wp-content\/uploads\/2024\/10\/z5989335740290_996dc4e7512a237cc9fdeb6eab311c35-300x300.jpg 300w, https:\/\/cameraquaytrom.net\/wp-content\/uploads\/2024\/10\/z5989335740290_996dc4e7512a237cc9fdeb6eab311c35-1024x1024.jpg 1024w, https:\/\/cameraquaytrom.net\/wp-content\/uploads\/2024\/10\/z5989335740290_996dc4e7512a237cc9fdeb6eab311c35-150x150.jpg 150w, https:\/\/cameraquaytrom.net\/wp-content\/uploads\/2024\/10\/z5989335740290_996dc4e7512a237cc9fdeb6eab311c35-768x767.jpg 768w, https:\/\/cameraquaytrom.net\/wp-content\/uploads\/2024\/10\/z5989335740290_996dc4e7512a237cc9fdeb6eab311c35-1536x1536.jpg 1536w, https:\/\/cameraquaytrom.net\/wp-content\/uploads\/2024\/10\/z5989335740290_996dc4e7512a237cc9fdeb6eab311c35-2048x2046.jpg 2048w, https:\/\/cameraquaytrom.net\/wp-content\/uploads\/2024\/10\/z5989335740290_996dc4e7512a237cc9fdeb6eab311c35-600x600.jpg 600w, https:\/\/cameraquaytrom.net\/wp-content\/uploads\/2024\/10\/z5989335740290_996dc4e7512a237cc9fdeb6eab311c35-100x100.jpg 100w\" sizes=\"(max-width: 300px) 100vw, 300px\" \/><\/p>\n<p style=\"text-align: center;\"><img loading=\"lazy\" decoding=\"async\" class=\"alignnone size-medium wp-image-2399\" src=\"https:\/\/cameraquaytrom.net\/wp-content\/uploads\/2024\/10\/z5966252064539_59f854965d6327a8d713ae16c12e9505-300x168.jpg\" alt=\"\" width=\"300\" height=\"168\" srcset=\"https:\/\/cameraquaytrom.net\/wp-content\/uploads\/2024\/10\/z5966252064539_59f854965d6327a8d713ae16c12e9505-300x168.jpg 300w, https:\/\/cameraquaytrom.net\/wp-content\/uploads\/2024\/10\/z5966252064539_59f854965d6327a8d713ae16c12e9505-1024x574.jpg 1024w, https:\/\/cameraquaytrom.net\/wp-content\/uploads\/2024\/10\/z5966252064539_59f854965d6327a8d713ae16c12e9505-768x430.jpg 768w, https:\/\/cameraquaytrom.net\/wp-content\/uploads\/2024\/10\/z5966252064539_59f854965d6327a8d713ae16c12e9505-600x336.jpg 600w, https:\/\/cameraquaytrom.net\/wp-content\/uploads\/2024\/10\/z5966252064539_59f854965d6327a8d713ae16c12e9505.jpg 1290w\" sizes=\"(max-width: 300px) 100vw, 300px\" \/><\/p>\n<p style=\"text-align: center;\"><img loading=\"lazy\" decoding=\"async\" class=\"alignnone size-medium wp-image-2402\" src=\"https:\/\/cameraquaytrom.net\/wp-content\/uploads\/2024\/10\/z5966420767346_38f51501f6a833883fb446fcaedc6ae5-300x167.jpg\" alt=\"\" width=\"300\" height=\"167\" srcset=\"https:\/\/cameraquaytrom.net\/wp-content\/uploads\/2024\/10\/z5966420767346_38f51501f6a833883fb446fcaedc6ae5-300x167.jpg 300w, https:\/\/cameraquaytrom.net\/wp-content\/uploads\/2024\/10\/z5966420767346_38f51501f6a833883fb446fcaedc6ae5-1024x571.jpg 1024w, https:\/\/cameraquaytrom.net\/wp-content\/uploads\/2024\/10\/z5966420767346_38f51501f6a833883fb446fcaedc6ae5-768x428.jpg 768w, https:\/\/cameraquaytrom.net\/wp-content\/uploads\/2024\/10\/z5966420767346_38f51501f6a833883fb446fcaedc6ae5-600x334.jpg 600w, https:\/\/cameraquaytrom.net\/wp-content\/uploads\/2024\/10\/z5966420767346_38f51501f6a833883fb446fcaedc6ae5.jpg 1290w\" sizes=\"(max-width: 300px) 100vw, 300px\" \/><\/p>\n<h2 style=\"text-align: center;\"><em>Video h\u01b0\u1edbng d\u1eabn s\u1eed d\u1ee5ng<\/em><\/h2>\n<p><iframe loading=\"lazy\" title=\"Camera Ngu\u1ef5 Trang \u1ed4 \u0110i\u1ec7n D\u00e2n D\u1ee5ng M\u00e0u \u0110en M\u1eabu M\u1edbi H\u00ecnh \u1ea2nh 4K IP WiFi Xem T\u1eeb Xa\" width=\"1020\" height=\"574\" src=\"https:\/\/www.youtube.com\/embed\/V67o8yXpkzQ?feature=oembed\" frameborder=\"0\" allow=\"accelerometer; autoplay; clipboard-write; encrypted-media; gyroscope; picture-in-picture; web-share\" referrerpolicy=\"strict-origin-when-cross-origin\" allowfullscreen><\/iframe><\/p>\n<p>Camera Ngu\u1ef5 Trang \u1ed4 \u0110i\u1ec7n D\u00e2n D\u1ee5ng M\u00e0u \u0110en M\u1eabu M\u1edbi H\u00ecnh \u1ea2nh 4K IP WiFi Xem T\u1eeb Xa<\/p>\n<p>-C\u00f3 th\u1ec3 s\u1eed d\u1ee5ng \u0111\u1ec3 c\u1eafm \u0111i\u1ec7n nh\u01b0 \u1ed5 \u0111i\u1ec7n d\u00e2n d\u1ee5ng b\u00ecnh th\u01b0\u1eddng v\u00e0 d\u00f9ng ngu\u1ed3n \u0111i\u1ec7n 220v<\/p>\n<p>-Video \u0111\u1ecbnh d\u1ea1ng AVI l\u01b0u tr\u00ean th\u1ebb nh\u1edb<\/p>\n<p>-C\u00f4ng ngh\u1ec7 Starlight kh\u00f4ng c\u1ea7n h\u1ed3ng ngo\u1ea1i h\u1ed7 tr\u1ee3 xem trong m\u00f4i tr\u01b0\u1eddng \u00e1nh s\u00e1ng y\u1ebfu.<\/p>\n<p>-Mic thu \u00e2m \u0111\u1ed9 nh\u1ea1y cao<\/p>\n<p>-Nhi\u1ec7t \u0111\u1ed9 l\u00e0m vi\u1ec7c -10 &#8211; 37 \u0111\u1ed9 C<\/p>\n<p>-Th\u1ebb nh\u1edb h\u1ed7 tr\u1ee3 t\u1ed1i \u0111a Micro SD max 128 GB<\/p>\n<p>-\u0110\u00e8n tr\u1ea1ng th\u00e1i, n\u00fat reset<\/p>\n<p>C\u00e0i \u0111\u1eb7t k\u1ebft n\u1ed1i \u0111i\u1ec7n tho\u1ea1i xem online \u0111\u01a1n gi\u1ea3n ch\u1ec9 trong 1 ph\u00fat b\u1eb1ng c\u00f4ng ngh\u1ec7 \u0111\u00e1m m\u00e2y P2P<\/p>\n<p>-Xem tr\u1ef1c ti\u1ebfp t\u1eeb xa tr\u00ean Android \/ IOS ph\u1ea7n m\u1ec1m Lookcam<\/p>\n<p>-Xem l\u1ea1i qua \u0111\u1ea7u \u0111\u1ecdc th\u1ebb nh\u1edb tr\u00ean m\u00e1y t\u00ednh ho\u1eb7c xem tua l\u1ea1i tr\u1ef1c ti\u1ebfp ngay tr\u00ean di \u0111\u1ed9ng<\/p>\n<p>-Ch\u1ebf \u0111\u1ed9 xem Online ( qua internet ) v\u00e0 xem Offline ( k\u1ebft n\u1ed1i tr\u1ef1c ti\u1ebfp ) tr\u00ean di \u0111\u1ed9ng<\/p>\n<p>S\u1ea3n ph\u1ea9m \u0111\u1ed9c quy\u1ec1n t\u1ea1i c\u1eeda h\u00e0ng \u0111\u1ed9 ch\u1ebf ra , \u0111\u01b0\u1ee3c ch\u1ebf t\u1eeb nh\u1eefng d\u00f2ng camera c\u00f3 ch\u1ea5t l\u01b0\u1ee3ng \u1ed5n \u0111\u1ecbnh v\u00e0 s\u1eafc n\u00e9t n\u00ean c\u00e1c anh ch\u1ecb khi mua h\u00e0ng c\u1ee9 y\u00ean t\u00e2m v\u1ec1 ch\u1ea5t l\u01b0\u1ee3ng .<\/p>\n<p>L\u01b0u kh\u00ed s\u1ea3n ph\u1ea9m kh\u00f4ng d\u00f9ng cho m\u1ee5c \u0111\u00edch x\u1ea5u Ch\u1ebf \u0111\u1ed9 b\u1ea3o h\u00e0nh<\/p>\n<p>\u2013 S\u1ea3n ph\u1ea9m \u0111\u01b0\u1ee3c b\u1ea3o h\u00e0nh 12 th\u00e1ng.<\/p>\n<p>\u2013 S\u1ea3n ph\u1ea9m c\u00f3 gi\u00e1 t\u1ed1t nh\u1ea5t th\u1ecb tr\u01b0\u1eddng<\/p>\n<p>\u2013 S\u1ea3n ph\u1ea9m thi\u1ebft b\u1ecb camera ch\u00ednh h\u00e3ng nh\u1eadp kh\u1ea9u nguy\u00ean chi\u1ebfc<\/p>\n<p>\u2013 Th\u00f4ng tin qu\u00fd kh\u00e1ch h\u00e0ng \u0111\u01b0\u1ee3c b\u1ea3o m\u1eadt tuy\u1ec7t \u0111\u1ed1i<\/p>\n<p>\u2013 Cam k\u1ebft ho\u00e0n ti\u1ec1n 100% khi thi\u1ebft b\u1ecb kh\u00f4ng c\u00f3 nh\u1eefng t\u00ednh n\u0103ng k\u1ec3 tr\u00ean.<\/p>\n<p>\u2013 S\u1ea3n ph\u1ea9m fullbox k\u00e8m c\u00e1c ph\u1ee5 ki\u1ec7n \u0111i k\u00e8m.<\/p>\n<h3>Li\u00ean h\u1ec7 mua h\u00e0ng<\/h3>\n<h3 dir=\"auto\"><span class=\"pq6dq46d tbxw36s4 knj5qynh kvgmc6g5 ditlmg2l oygrvhab nvdbi5me sf5mxxl7 gl3lb2sf hhz5lgdu\"><img loading=\"lazy\" decoding=\"async\" src=\"https:\/\/static.xx.fbcdn.net\/images\/emoji.php\/v9\/t22\/1\/16\/260e.png\" alt=\"\u260e\ufe0f\" width=\"16\" height=\"16\" \/><\/span>\u00a0A H\u1ea3i: 094.226.2345 (zalo) \u2013 T\u01b0 V\u1ea5n 24\/24<\/h3>\n<div class=\"o9v6fnle cxmmr5t8 oygrvhab hcukyx3x c1et5uql ii04i59q\">\n<h3 dir=\"auto\"><span class=\"pq6dq46d tbxw36s4 knj5qynh kvgmc6g5 ditlmg2l oygrvhab nvdbi5me sf5mxxl7 gl3lb2sf hhz5lgdu\"><img loading=\"lazy\" decoding=\"async\" src=\"https:\/\/static.xx.fbcdn.net\/images\/emoji.php\/v9\/ta7\/1\/16\/1f3ea.png\" alt=\"?\" width=\"16\" height=\"16\" \/><\/span>\u00a0H\u00e0 N\u1ed9i: s\u1ed1 42 Th\u1ecbnh Li\u1ec7t \u2013 Ho\u00e0ng Mai \u2013 H\u00e0 N\u1ed9i<\/h3>\n<h3 dir=\"auto\"><span class=\"pq6dq46d tbxw36s4 knj5qynh kvgmc6g5 ditlmg2l oygrvhab nvdbi5me sf5mxxl7 gl3lb2sf hhz5lgdu\"><img loading=\"lazy\" decoding=\"async\" src=\"https:\/\/static.xx.fbcdn.net\/images\/emoji.php\/v9\/ta7\/1\/16\/1f3ea.png\" alt=\"?\" width=\"16\" height=\"16\" \/><\/span>\u00a0S\u00e0i G\u00f2n: 558\/66 B\u00ecnh Qu\u1edbi \u2013 Ph\u01b0\u1eddng 28 \u2013 B\u00ecnh Th\u1ea1nh<\/h3>\n<\/div>\n","protected":false},"excerpt":{"rendered":"<p>Camera Ngu\u1ef5 Trang \u1ed4 \u0110i\u1ec7n D\u00e2n D\u1ee5ng M\u00e0u \u0110en M\u1eabu M\u1edbi H\u00ecnh \u1ea2nh 4K IP WiFi Xem T\u1eeb Xa<\/p>\n","protected":false},"featured_media":2611,"comment_status":"open","ping_status":"closed","template":"","meta":[],"product_cat":[189,30,55],"product_tag":[110,59,57,100,111,113,112,117,119,118,101,114,116,60,115,58,93],"class_list":{"0":"post-2398","1":"product","2":"type-product","3":"status-publish","4":"has-post-thumbnail","6":"product_cat-camera","7":"product_cat-thiet-bi-quay-len","8":"product_cat-thiet-bi-quay-len-online","9":"product_tag-camera-bi-mat","10":"product_tag-camera-giau-kin","11":"product_tag-camera-nguy-trang","12":"product_tag-camera-nguy-trang-gia-re","13":"product_tag-camera-nguy-trang-o-cam-dien-am-tuong","14":"product_tag-camera-nguy-trang-o-cam-dien-dan-dung","15":"product_tag-camera-nguy-trang-o-cam-dien-lioa","16":"product_tag-camera-nguy-trang-o-dien-am-tuong","17":"product_tag-camera-nguy-trang-o-dien-dan-dung","18":"product_tag-camera-nguy-trang-o-dien-lioa","19":"product_tag-camera-nguy-trang-sieu-nho","20":"product_tag-camera-o-cam-dien","21":"product_tag-camera-o-dien","22":"product_tag-camera-quay-len","23":"product_tag-camera-quay-len-gan-tuong","24":"product_tag-camera-sieu-nho","25":"product_tag-o-dien-camera","27":"first","28":"instock","29":"sale","30":"shipping-taxable","31":"purchasable","32":"product-type-simple"},"_links":{"self":[{"href":"https:\/\/cameraquaytrom.net\/index.php?rest_route=\/wp\/v2\/product\/2398"}],"collection":[{"href":"https:\/\/cameraquaytrom.net\/index.php?rest_route=\/wp\/v2\/product"}],"about":[{"href":"https:\/\/cameraquaytrom.net\/index.php?rest_route=\/wp\/v2\/types\/product"}],"replies":[{"embeddable":true,"href":"https:\/\/cameraquaytrom.net\/index.php?rest_route=%2Fwp%2Fv2%2Fcomments&post=2398"}],"wp:featuredmedia":[{"embeddable":true,"href":"https:\/\/cameraquaytrom.net\/index.php?rest_route=\/wp\/v2\/media\/2611"}],"wp:attachment":[{"href":"https:\/\/cameraquaytrom.net\/index.php?rest_route=%2Fwp%2Fv2%2Fmedia&parent=2398"}],"wp:term":[{"taxonomy":"product_cat","embeddable":true,"href":"https:\/\/cameraquaytrom.net\/index.php?rest_route=%2Fwp%2Fv2%2Fproduct_cat&post=2398"},{"taxonomy":"product_tag","embeddable":true,"href":"https:\/\/cameraquaytrom.net\/index.php?rest_route=%2Fwp%2Fv2%2Fproduct_tag&post=2398"}],"curies":[{"name":"wp","href":"https:\/\/api.w.org\/{rel}","templated":true}]}}