{"id":2408,"date":"2024-11-01T15:39:02","date_gmt":"2024-11-01T15:39:02","guid":{"rendered":"https:\/\/cameraquaytrom.net\/?post_type=product&#038;p=2408"},"modified":"2024-11-06T15:49:47","modified_gmt":"2024-11-06T15:49:47","slug":"camera-sieu-nho-s500-plus-quay-dem","status":"publish","type":"product","link":"https:\/\/cameraquaytrom.net\/?product=camera-sieu-nho-s500-plus-quay-dem","title":{"rendered":"Camera Si\u00eau Nh\u1ecf S500 Plus Quay \u0110\u00eam"},"content":{"rendered":"<h1 style=\"text-align: center;\">Camera Si\u00eau Nh\u1ecf S500 Plus Quay \u0110\u00eam<\/h1>\n<p style=\"text-align: center;\"><img loading=\"lazy\" decoding=\"async\" class=\"alignnone size-medium wp-image-2814\" src=\"https:\/\/cameraquaytrom.net\/wp-content\/uploads\/2024\/10\/z6006651119789_39bc6d33e2789755d2c38645754eec35-300x300.jpg\" alt=\"\" width=\"300\" height=\"300\" srcset=\"https:\/\/cameraquaytrom.net\/wp-content\/uploads\/2024\/10\/z6006651119789_39bc6d33e2789755d2c38645754eec35-300x300.jpg 300w, https:\/\/cameraquaytrom.net\/wp-content\/uploads\/2024\/10\/z6006651119789_39bc6d33e2789755d2c38645754eec35-1024x1024.jpg 1024w, https:\/\/cameraquaytrom.net\/wp-content\/uploads\/2024\/10\/z6006651119789_39bc6d33e2789755d2c38645754eec35-150x150.jpg 150w, https:\/\/cameraquaytrom.net\/wp-content\/uploads\/2024\/10\/z6006651119789_39bc6d33e2789755d2c38645754eec35-768x767.jpg 768w, https:\/\/cameraquaytrom.net\/wp-content\/uploads\/2024\/10\/z6006651119789_39bc6d33e2789755d2c38645754eec35-1536x1536.jpg 1536w, https:\/\/cameraquaytrom.net\/wp-content\/uploads\/2024\/10\/z6006651119789_39bc6d33e2789755d2c38645754eec35-2048x2046.jpg 2048w, https:\/\/cameraquaytrom.net\/wp-content\/uploads\/2024\/10\/z6006651119789_39bc6d33e2789755d2c38645754eec35-600x600.jpg 600w, https:\/\/cameraquaytrom.net\/wp-content\/uploads\/2024\/10\/z6006651119789_39bc6d33e2789755d2c38645754eec35-100x100.jpg 100w\" sizes=\"(max-width: 300px) 100vw, 300px\" \/><\/p>\n<p style=\"text-align: center;\"><img loading=\"lazy\" decoding=\"async\" class=\"alignnone size-medium wp-image-2812\" src=\"https:\/\/cameraquaytrom.net\/wp-content\/uploads\/2024\/10\/z6006651103922_3b6d246e0c380a6185fd759b5f8b7515-300x300.jpg\" alt=\"\" width=\"300\" height=\"300\" srcset=\"https:\/\/cameraquaytrom.net\/wp-content\/uploads\/2024\/10\/z6006651103922_3b6d246e0c380a6185fd759b5f8b7515-300x300.jpg 300w, https:\/\/cameraquaytrom.net\/wp-content\/uploads\/2024\/10\/z6006651103922_3b6d246e0c380a6185fd759b5f8b7515-1024x1024.jpg 1024w, https:\/\/cameraquaytrom.net\/wp-content\/uploads\/2024\/10\/z6006651103922_3b6d246e0c380a6185fd759b5f8b7515-150x150.jpg 150w, https:\/\/cameraquaytrom.net\/wp-content\/uploads\/2024\/10\/z6006651103922_3b6d246e0c380a6185fd759b5f8b7515-768x767.jpg 768w, https:\/\/cameraquaytrom.net\/wp-content\/uploads\/2024\/10\/z6006651103922_3b6d246e0c380a6185fd759b5f8b7515-1536x1536.jpg 1536w, https:\/\/cameraquaytrom.net\/wp-content\/uploads\/2024\/10\/z6006651103922_3b6d246e0c380a6185fd759b5f8b7515-2048x2046.jpg 2048w, https:\/\/cameraquaytrom.net\/wp-content\/uploads\/2024\/10\/z6006651103922_3b6d246e0c380a6185fd759b5f8b7515-600x600.jpg 600w, https:\/\/cameraquaytrom.net\/wp-content\/uploads\/2024\/10\/z6006651103922_3b6d246e0c380a6185fd759b5f8b7515-100x100.jpg 100w\" sizes=\"(max-width: 300px) 100vw, 300px\" \/><\/p>\n<p style=\"text-align: center;\"><img loading=\"lazy\" decoding=\"async\" class=\"alignnone size-medium wp-image-2815\" src=\"https:\/\/cameraquaytrom.net\/wp-content\/uploads\/2024\/10\/z6006651120115_b98338e4f904c950c625f07761dfc9ba-300x300.jpg\" alt=\"\" width=\"300\" height=\"300\" srcset=\"https:\/\/cameraquaytrom.net\/wp-content\/uploads\/2024\/10\/z6006651120115_b98338e4f904c950c625f07761dfc9ba-300x300.jpg 300w, https:\/\/cameraquaytrom.net\/wp-content\/uploads\/2024\/10\/z6006651120115_b98338e4f904c950c625f07761dfc9ba-1024x1024.jpg 1024w, https:\/\/cameraquaytrom.net\/wp-content\/uploads\/2024\/10\/z6006651120115_b98338e4f904c950c625f07761dfc9ba-150x150.jpg 150w, https:\/\/cameraquaytrom.net\/wp-content\/uploads\/2024\/10\/z6006651120115_b98338e4f904c950c625f07761dfc9ba-768x767.jpg 768w, https:\/\/cameraquaytrom.net\/wp-content\/uploads\/2024\/10\/z6006651120115_b98338e4f904c950c625f07761dfc9ba-1536x1536.jpg 1536w, https:\/\/cameraquaytrom.net\/wp-content\/uploads\/2024\/10\/z6006651120115_b98338e4f904c950c625f07761dfc9ba-2048x2046.jpg 2048w, https:\/\/cameraquaytrom.net\/wp-content\/uploads\/2024\/10\/z6006651120115_b98338e4f904c950c625f07761dfc9ba-600x600.jpg 600w, https:\/\/cameraquaytrom.net\/wp-content\/uploads\/2024\/10\/z6006651120115_b98338e4f904c950c625f07761dfc9ba-100x100.jpg 100w\" sizes=\"(max-width: 300px) 100vw, 300px\" \/><\/p>\n<p style=\"text-align: center;\"><img loading=\"lazy\" decoding=\"async\" class=\"alignnone size-medium wp-image-2817\" src=\"https:\/\/cameraquaytrom.net\/wp-content\/uploads\/2024\/10\/z6006651133984_5d8c3e567b88aadce301f2ef75398ac6-300x300.jpg\" alt=\"\" width=\"300\" height=\"300\" srcset=\"https:\/\/cameraquaytrom.net\/wp-content\/uploads\/2024\/10\/z6006651133984_5d8c3e567b88aadce301f2ef75398ac6-300x300.jpg 300w, https:\/\/cameraquaytrom.net\/wp-content\/uploads\/2024\/10\/z6006651133984_5d8c3e567b88aadce301f2ef75398ac6-1024x1024.jpg 1024w, https:\/\/cameraquaytrom.net\/wp-content\/uploads\/2024\/10\/z6006651133984_5d8c3e567b88aadce301f2ef75398ac6-150x150.jpg 150w, https:\/\/cameraquaytrom.net\/wp-content\/uploads\/2024\/10\/z6006651133984_5d8c3e567b88aadce301f2ef75398ac6-768x768.jpg 768w, https:\/\/cameraquaytrom.net\/wp-content\/uploads\/2024\/10\/z6006651133984_5d8c3e567b88aadce301f2ef75398ac6-1536x1536.jpg 1536w, https:\/\/cameraquaytrom.net\/wp-content\/uploads\/2024\/10\/z6006651133984_5d8c3e567b88aadce301f2ef75398ac6-2048x2048.jpg 2048w, https:\/\/cameraquaytrom.net\/wp-content\/uploads\/2024\/10\/z6006651133984_5d8c3e567b88aadce301f2ef75398ac6-600x600.jpg 600w, https:\/\/cameraquaytrom.net\/wp-content\/uploads\/2024\/10\/z6006651133984_5d8c3e567b88aadce301f2ef75398ac6-100x100.jpg 100w\" sizes=\"(max-width: 300px) 100vw, 300px\" \/><\/p>\n<p style=\"text-align: center;\"><img loading=\"lazy\" decoding=\"async\" class=\"alignnone size-medium wp-image-2819\" src=\"https:\/\/cameraquaytrom.net\/wp-content\/uploads\/2024\/10\/z6006651216914_60ef9366ce1d5a6e5084d039a00eb50a-300x300.jpg\" alt=\"\" width=\"300\" height=\"300\" srcset=\"https:\/\/cameraquaytrom.net\/wp-content\/uploads\/2024\/10\/z6006651216914_60ef9366ce1d5a6e5084d039a00eb50a-300x300.jpg 300w, https:\/\/cameraquaytrom.net\/wp-content\/uploads\/2024\/10\/z6006651216914_60ef9366ce1d5a6e5084d039a00eb50a-1024x1024.jpg 1024w, https:\/\/cameraquaytrom.net\/wp-content\/uploads\/2024\/10\/z6006651216914_60ef9366ce1d5a6e5084d039a00eb50a-150x150.jpg 150w, https:\/\/cameraquaytrom.net\/wp-content\/uploads\/2024\/10\/z6006651216914_60ef9366ce1d5a6e5084d039a00eb50a-768x768.jpg 768w, https:\/\/cameraquaytrom.net\/wp-content\/uploads\/2024\/10\/z6006651216914_60ef9366ce1d5a6e5084d039a00eb50a-1536x1536.jpg 1536w, https:\/\/cameraquaytrom.net\/wp-content\/uploads\/2024\/10\/z6006651216914_60ef9366ce1d5a6e5084d039a00eb50a-2048x2048.jpg 2048w, https:\/\/cameraquaytrom.net\/wp-content\/uploads\/2024\/10\/z6006651216914_60ef9366ce1d5a6e5084d039a00eb50a-600x600.jpg 600w, https:\/\/cameraquaytrom.net\/wp-content\/uploads\/2024\/10\/z6006651216914_60ef9366ce1d5a6e5084d039a00eb50a-100x100.jpg 100w\" sizes=\"(max-width: 300px) 100vw, 300px\" \/><\/p>\n<h2 style=\"text-align: center;\"><em>Video h\u01b0\u1edbng d\u1eabn s\u1eed d\u1ee5ng<\/em><\/h2>\n<p><iframe loading=\"lazy\" title=\"Camera Si\u00eau Nh\u1ecf S500 Plus Quay \u0110\u00eam H\u00ecnh \u1ea2nh 4K Pin Quay 20 Gi\u1edd\" width=\"1020\" height=\"574\" src=\"https:\/\/www.youtube.com\/embed\/EROyEaM4YWc?feature=oembed\" frameborder=\"0\" allow=\"accelerometer; autoplay; clipboard-write; encrypted-media; gyroscope; picture-in-picture; web-share\" referrerpolicy=\"strict-origin-when-cross-origin\" allowfullscreen><\/iframe><\/p>\n<p>Camera kh\u00f4ng d\u00e2y nh\u1ecf g\u1ecdn S500 plus l\u00e0 m\u1ed9t thi\u1ebft b\u1ecb gi\u00e1m s\u00e1t k\u1ebft n\u1ed1i kh\u00f4ng d\u00e2y qua m\u1ea1ng wifi mang \u0111\u1ebfn cho ng\u01b0\u1eddi d\u00f9ng s\u1ef1 ti\u1ec7n l\u1ee3i nh\u1ea5t \u0111\u1ecbnh.<\/p>\n<p>Khi s\u1eed d\u1ee5ng camera, cho d\u00f9 \u1edf m\u1ed9t kho\u1ea3ng c\u00e1ch xa th\u00ec b\u1ea1n v\u1eabn c\u00f3 th\u1ec3 \u0111i\u1ec1u khi\u1ec3n camera theo \u00fd m\u00ecnh mu\u1ed1n.<\/p>\n<p>G\u00f3c quay c\u1ee7a camera r\u1ed9ng 150 \u0111\u1ed9 n\u00ean vi\u1ec7c quan s\u00e1t kh\u00f4ng gian, \u0111\u1ed1i t\u01b0\u1ee3ng c\u0169ng tr\u1edf n\u00ean d\u1ec5 d\u00e0ng h\u01a1n.<\/p>\n<p>Kh\u00f4ng gian l\u01b0u tr\u1eef l\u1edbn Camera S500 Plus c\u00f3 kh\u00f4ng gian l\u01b0u tr\u1eef l\u1edbn. Khi b\u1ea1n mu\u1ed1n l\u00e0m tr\u1ed1ng b\u1ed9 nh\u1edb th\u00ec b\u1ea1n c\u0169ng ch\u1ec9 c\u1ea7n truy\u1ec1n t\u1ea3i h\u1ebft d\u1eef li\u1ec7u sang m\u00e1y t\u00ednh l\u00e0 \u0111\u01b0\u1ee3c. V\u1edbi kh\u00f4ng gian l\u01b0u tr\u1eef n\u00e0y, b\u1ea1n c\u00f3 th\u1ec3 \u0111\u1ec3 l\u1ea1i nhi\u1ec1u video tr\u01b0\u1edbc \u0111\u00f3 \u0111\u1ec3 khi c\u1ea7n thi\u1ebft s\u1ebd xem.<\/p>\n<p>D\u1ec5 d\u00e0ng s\u1eed d\u1ee5ng M\u1ed9t trong nh\u1eefng \u01b0u \u0111i\u1ec3m n\u1ed5i b\u1eadt nh\u1ea5t c\u1ee7a camera s500 plus \u0111\u00f3 ch\u00ednh l\u00e0 t\u00ednh l\u01b0u \u0111\u1ed9ng v\u00e0 giao di\u1ec7n d\u1ec5 s\u1eed d\u1ee5ng. B\u1ea1n ch\u1ec9 c\u1ea7n v\u00e0o n\u00fat nh\u1ea5n \u0111\u01a1n gi\u1ea3n l\u00e0 \u0111\u00e3 s\u1edf h\u1eefu cho m\u00ecnh nh\u1eefng video, h\u00ecnh \u1ea3nh nh\u01b0 \u00fd mu\u1ed1n.<\/p>\n<h3>Li\u00ean h\u1ec7 mua h\u00e0ng<\/h3>\n<h3 dir=\"auto\"><span class=\"pq6dq46d tbxw36s4 knj5qynh kvgmc6g5 ditlmg2l oygrvhab nvdbi5me sf5mxxl7 gl3lb2sf hhz5lgdu\"><img loading=\"lazy\" decoding=\"async\" src=\"https:\/\/static.xx.fbcdn.net\/images\/emoji.php\/v9\/t22\/1\/16\/260e.png\" alt=\"\u260e\ufe0f\" width=\"16\" height=\"16\" \/><\/span>\u00a0A H\u1ea3i: 094.226.2345 (zalo) \u2013 T\u01b0 V\u1ea5n 24\/24<\/h3>\n<div class=\"o9v6fnle cxmmr5t8 oygrvhab hcukyx3x c1et5uql ii04i59q\">\n<h3 dir=\"auto\"><span class=\"pq6dq46d tbxw36s4 knj5qynh kvgmc6g5 ditlmg2l oygrvhab nvdbi5me sf5mxxl7 gl3lb2sf hhz5lgdu\"><img loading=\"lazy\" decoding=\"async\" src=\"https:\/\/static.xx.fbcdn.net\/images\/emoji.php\/v9\/ta7\/1\/16\/1f3ea.png\" alt=\"?\" width=\"16\" height=\"16\" \/><\/span>\u00a0H\u00e0 N\u1ed9i: s\u1ed1 42 Th\u1ecbnh Li\u1ec7t \u2013 Ho\u00e0ng Mai \u2013 H\u00e0 N\u1ed9i<\/h3>\n<h3 dir=\"auto\"><span class=\"pq6dq46d tbxw36s4 knj5qynh kvgmc6g5 ditlmg2l oygrvhab nvdbi5me sf5mxxl7 gl3lb2sf hhz5lgdu\"><img loading=\"lazy\" decoding=\"async\" src=\"https:\/\/static.xx.fbcdn.net\/images\/emoji.php\/v9\/ta7\/1\/16\/1f3ea.png\" alt=\"?\" width=\"16\" height=\"16\" \/><\/span>\u00a0S\u00e0i G\u00f2n: 558\/66 B\u00ecnh Qu\u1edbi \u2013 Ph\u01b0\u1eddng 28 \u2013 B\u00ecnh Th\u1ea1nh<\/h3>\n<\/div>\n","protected":false},"excerpt":{"rendered":"<p>Camera kh\u00f4ng d\u00e2y nh\u1ecf g\u1ecdn S500 plus l\u00e0 m\u1ed9t thi\u1ebft b\u1ecb gi\u00e1m s\u00e1t k\u1ebft n\u1ed1i kh\u00f4ng d\u00e2y qua m\u1ea1ng wifi mang \u0111\u1ebfn cho ng\u01b0\u1eddi d\u00f9ng s\u1ef1 ti\u1ec7n l\u1ee3i nh\u1ea5t \u0111\u1ecbnh.<\/p>\n","protected":false},"featured_media":2812,"comment_status":"open","ping_status":"closed","template":"","meta":[],"product_cat":[189,30,55],"product_tag":[109,57,107,103,106,71,108,104,105,100,102,101,58,96,99,98,97],"class_list":{"0":"post-2408","1":"product","2":"type-product","3":"status-publish","4":"has-post-thumbnail","6":"product_cat-camera","7":"product_cat-thiet-bi-quay-len","8":"product_cat-thiet-bi-quay-len-online","9":"product_tag-camera-gan-sim-4g","10":"product_tag-camera-nguy-trang","11":"product_tag-camera-nguy-trang-bat-lua","12":"product_tag-camera-nguy-trang-bong-den","13":"product_tag-camera-nguy-trang-cu-sac","14":"product_tag-camera-nguy-trang-cuc-ao","15":"product_tag-camera-nguy-trang-dien-thoai","16":"product_tag-camera-nguy-trang-dong-ho","17":"product_tag-camera-nguy-trang-dui-den","18":"product_tag-camera-nguy-trang-gia-re","19":"product_tag-camera-nguy-trang-o-cam-dien","20":"product_tag-camera-nguy-trang-sieu-nho","21":"product_tag-camera-sieu-nho","22":"product_tag-camera-sieu-nho-gia-re","23":"product_tag-camera-sieu-nho-giau-kin","24":"product_tag-camera-sieu-nho-khong-day","25":"product_tag-camera-sieu-nho-wifi","27":"first","28":"instock","29":"sale","30":"shipping-taxable","31":"purchasable","32":"product-type-simple"},"_links":{"self":[{"href":"https:\/\/cameraquaytrom.net\/index.php?rest_route=\/wp\/v2\/product\/2408"}],"collection":[{"href":"https:\/\/cameraquaytrom.net\/index.php?rest_route=\/wp\/v2\/product"}],"about":[{"href":"https:\/\/cameraquaytrom.net\/index.php?rest_route=\/wp\/v2\/types\/product"}],"replies":[{"embeddable":true,"href":"https:\/\/cameraquaytrom.net\/index.php?rest_route=%2Fwp%2Fv2%2Fcomments&post=2408"}],"wp:featuredmedia":[{"embeddable":true,"href":"https:\/\/cameraquaytrom.net\/index.php?rest_route=\/wp\/v2\/media\/2812"}],"wp:attachment":[{"href":"https:\/\/cameraquaytrom.net\/index.php?rest_route=%2Fwp%2Fv2%2Fmedia&parent=2408"}],"wp:term":[{"taxonomy":"product_cat","embeddable":true,"href":"https:\/\/cameraquaytrom.net\/index.php?rest_route=%2Fwp%2Fv2%2Fproduct_cat&post=2408"},{"taxonomy":"product_tag","embeddable":true,"href":"https:\/\/cameraquaytrom.net\/index.php?rest_route=%2Fwp%2Fv2%2Fproduct_tag&post=2408"}],"curies":[{"name":"wp","href":"https:\/\/api.w.org\/{rel}","templated":true}]}}