{"id":2455,"date":"2024-11-06T14:25:56","date_gmt":"2024-11-06T14:25:56","guid":{"rendered":"https:\/\/cameraquaytrom.net\/?post_type=product&#038;p=2455"},"modified":"2024-11-06T15:27:56","modified_gmt":"2024-11-06T15:27:56","slug":"camera-nguy-trang-den-led-am-tran","status":"publish","type":"product","link":"https:\/\/cameraquaytrom.net\/?product=camera-nguy-trang-den-led-am-tran","title":{"rendered":"Camera Ngu\u1ef5 Trang \u0110\u00e8n Led \u00c2m Tr\u1ea7n"},"content":{"rendered":"<h1 style=\"text-align: center;\">Camera Ngu\u1ef5 Trang \u0110\u00e8n Led \u00c2m Tr\u1ea7n<\/h1>\n<p style=\"text-align: center;\"><img loading=\"lazy\" decoding=\"async\" class=\"alignnone size-medium wp-image-2456\" src=\"https:\/\/cameraquaytrom.net\/wp-content\/uploads\/2024\/10\/z5966231898439_9da7ae6eb271e4211c1dc44073ca8561-300x300.jpg\" alt=\"\" width=\"300\" height=\"300\" srcset=\"https:\/\/cameraquaytrom.net\/wp-content\/uploads\/2024\/10\/z5966231898439_9da7ae6eb271e4211c1dc44073ca8561-300x300.jpg 300w, https:\/\/cameraquaytrom.net\/wp-content\/uploads\/2024\/10\/z5966231898439_9da7ae6eb271e4211c1dc44073ca8561-1024x1024.jpg 1024w, https:\/\/cameraquaytrom.net\/wp-content\/uploads\/2024\/10\/z5966231898439_9da7ae6eb271e4211c1dc44073ca8561-150x150.jpg 150w, https:\/\/cameraquaytrom.net\/wp-content\/uploads\/2024\/10\/z5966231898439_9da7ae6eb271e4211c1dc44073ca8561-768x768.jpg 768w, https:\/\/cameraquaytrom.net\/wp-content\/uploads\/2024\/10\/z5966231898439_9da7ae6eb271e4211c1dc44073ca8561-1536x1536.jpg 1536w, https:\/\/cameraquaytrom.net\/wp-content\/uploads\/2024\/10\/z5966231898439_9da7ae6eb271e4211c1dc44073ca8561-600x600.jpg 600w, https:\/\/cameraquaytrom.net\/wp-content\/uploads\/2024\/10\/z5966231898439_9da7ae6eb271e4211c1dc44073ca8561-100x100.jpg 100w, https:\/\/cameraquaytrom.net\/wp-content\/uploads\/2024\/10\/z5966231898439_9da7ae6eb271e4211c1dc44073ca8561.jpg 1899w\" sizes=\"(max-width: 300px) 100vw, 300px\" \/><\/p>\n<p style=\"text-align: center;\"><img loading=\"lazy\" decoding=\"async\" class=\"alignnone size-medium wp-image-2457\" src=\"https:\/\/cameraquaytrom.net\/wp-content\/uploads\/2024\/10\/z5966231904224_b2c56dff7b64fef3b3452e69912e6760-300x300.jpg\" alt=\"\" width=\"300\" height=\"300\" srcset=\"https:\/\/cameraquaytrom.net\/wp-content\/uploads\/2024\/10\/z5966231904224_b2c56dff7b64fef3b3452e69912e6760-300x300.jpg 300w, https:\/\/cameraquaytrom.net\/wp-content\/uploads\/2024\/10\/z5966231904224_b2c56dff7b64fef3b3452e69912e6760-1024x1024.jpg 1024w, https:\/\/cameraquaytrom.net\/wp-content\/uploads\/2024\/10\/z5966231904224_b2c56dff7b64fef3b3452e69912e6760-150x150.jpg 150w, https:\/\/cameraquaytrom.net\/wp-content\/uploads\/2024\/10\/z5966231904224_b2c56dff7b64fef3b3452e69912e6760-768x767.jpg 768w, https:\/\/cameraquaytrom.net\/wp-content\/uploads\/2024\/10\/z5966231904224_b2c56dff7b64fef3b3452e69912e6760-1536x1536.jpg 1536w, https:\/\/cameraquaytrom.net\/wp-content\/uploads\/2024\/10\/z5966231904224_b2c56dff7b64fef3b3452e69912e6760-2048x2046.jpg 2048w, https:\/\/cameraquaytrom.net\/wp-content\/uploads\/2024\/10\/z5966231904224_b2c56dff7b64fef3b3452e69912e6760-600x600.jpg 600w, https:\/\/cameraquaytrom.net\/wp-content\/uploads\/2024\/10\/z5966231904224_b2c56dff7b64fef3b3452e69912e6760-100x100.jpg 100w\" sizes=\"(max-width: 300px) 100vw, 300px\" \/><\/p>\n<p style=\"text-align: center;\"><img loading=\"lazy\" decoding=\"async\" class=\"alignnone size-medium wp-image-2458\" src=\"https:\/\/cameraquaytrom.net\/wp-content\/uploads\/2024\/10\/z5966231909747_ea7884de0fc193adb1e9083edd00f383-300x300.jpg\" alt=\"\" width=\"300\" height=\"300\" srcset=\"https:\/\/cameraquaytrom.net\/wp-content\/uploads\/2024\/10\/z5966231909747_ea7884de0fc193adb1e9083edd00f383-300x300.jpg 300w, https:\/\/cameraquaytrom.net\/wp-content\/uploads\/2024\/10\/z5966231909747_ea7884de0fc193adb1e9083edd00f383-1024x1024.jpg 1024w, https:\/\/cameraquaytrom.net\/wp-content\/uploads\/2024\/10\/z5966231909747_ea7884de0fc193adb1e9083edd00f383-150x150.jpg 150w, https:\/\/cameraquaytrom.net\/wp-content\/uploads\/2024\/10\/z5966231909747_ea7884de0fc193adb1e9083edd00f383-768x768.jpg 768w, https:\/\/cameraquaytrom.net\/wp-content\/uploads\/2024\/10\/z5966231909747_ea7884de0fc193adb1e9083edd00f383-1536x1536.jpg 1536w, https:\/\/cameraquaytrom.net\/wp-content\/uploads\/2024\/10\/z5966231909747_ea7884de0fc193adb1e9083edd00f383-600x600.jpg 600w, https:\/\/cameraquaytrom.net\/wp-content\/uploads\/2024\/10\/z5966231909747_ea7884de0fc193adb1e9083edd00f383-100x100.jpg 100w, https:\/\/cameraquaytrom.net\/wp-content\/uploads\/2024\/10\/z5966231909747_ea7884de0fc193adb1e9083edd00f383.jpg 1899w\" sizes=\"(max-width: 300px) 100vw, 300px\" \/><\/p>\n<p style=\"text-align: center;\"><img loading=\"lazy\" decoding=\"async\" class=\"alignnone size-medium wp-image-2449\" src=\"https:\/\/cameraquaytrom.net\/wp-content\/uploads\/2024\/10\/z5966420766706_a0c10a38fff68b48e5c7fa0ec8f971d2-300x167.jpg\" alt=\"\" width=\"300\" height=\"167\" srcset=\"https:\/\/cameraquaytrom.net\/wp-content\/uploads\/2024\/10\/z5966420766706_a0c10a38fff68b48e5c7fa0ec8f971d2-300x167.jpg 300w, https:\/\/cameraquaytrom.net\/wp-content\/uploads\/2024\/10\/z5966420766706_a0c10a38fff68b48e5c7fa0ec8f971d2-1024x568.jpg 1024w, https:\/\/cameraquaytrom.net\/wp-content\/uploads\/2024\/10\/z5966420766706_a0c10a38fff68b48e5c7fa0ec8f971d2-768x426.jpg 768w, https:\/\/cameraquaytrom.net\/wp-content\/uploads\/2024\/10\/z5966420766706_a0c10a38fff68b48e5c7fa0ec8f971d2-600x333.jpg 600w, https:\/\/cameraquaytrom.net\/wp-content\/uploads\/2024\/10\/z5966420766706_a0c10a38fff68b48e5c7fa0ec8f971d2.jpg 1290w\" sizes=\"(max-width: 300px) 100vw, 300px\" \/><\/p>\n<h2 style=\"text-align: center;\"><em>Video h\u01b0\u1edbng d\u1eabn s\u1eed d\u1ee5ng<\/em><\/h2>\n<p><iframe loading=\"lazy\" title=\"Camera \u0110\u00e8n Led \u00c2m, Camera Ngu\u1ef5 Trang \u0110\u00e8n \u00c2m Tr\u1ea7n 3 M\u00e0u Ch\u00ednh H\u00e3ng R\u1ea1ng \u0110\u00f4ng Gi\u00e1 R\u1ebb\" width=\"1020\" height=\"574\" src=\"https:\/\/www.youtube.com\/embed\/Rji71E8r3Dg?feature=oembed\" frameborder=\"0\" allow=\"accelerometer; autoplay; clipboard-write; encrypted-media; gyroscope; picture-in-picture; web-share\" referrerpolicy=\"strict-origin-when-cross-origin\" allowfullscreen><\/iframe><\/p>\n<p><span class=\"yt-core-attributed-string--link-inherit-color\" dir=\"auto\">camera B\u00f3ng \u0111\u00e8n LED \u00e2m tr\u1ea7n Full4K Camera to\u00e0n c\u1ea3nh 180 \u0111\u1ed9 kh\u00f4ng d\u00e2y kh\u00f4ng c\u00f3 v\u00f9ng m\u00f9, c\u00f3 th\u1ec3 b\u1ea3o v\u1ec7 t\u1ed1t to\u00e0n b\u1ed9 c\u0103n ph\u00f2ng \u0111\u1ec3 theo d\u00f5i t\u1eebng g\u00f3c nh\u00e0 v\u00e0 v\u0103n ph\u00f2ng c\u1ee7a b\u1ea1n, m\u1ed9t m\u00e0n h\u00ecnh t\u1ed1t \u0111\u1ec3 b\u1ea3o v\u1ec7 nh\u1eefng th\u1ee9 quan tr\u1ecdng c\u1ee7a b\u1ea1n, em b\u00e9, th\u00fa c\u01b0ng khi b\u1ea1n \u1edf xa nh\u00e0. <\/span><\/p>\n<ul class=\"yt-core-attributed-string__list-group\" dir=\"ltr\">\n<li><span class=\"yt-core-attributed-string--link-inherit-color\" dir=\"auto\">Super Night Vision &amp; White LED: v\u1edbi 2 \u0111\u00e8n LED tr\u1eafng v\u00e0 2 \u0111\u00e8n LED h\u1ed3ng ngo\u1ea1i, \u0111\u00e8n LED h\u1ed3ng ngo\u1ea1i t\u1ea7m nh\u00ecn ban \u0111\u00eam l\u00e0 5-10m, camera an ninh gia \u0111\u00ecnh n\u00e0y mang \u0111\u1ebfn cho b\u1ea1n tr\u1ea3i nghi\u1ec7m ban \u0111\u00eam tuy\u1ec7t v\u1eddi ngay c\u1ea3 trong b\u00f3ng t\u1ed1i v\u00e0 b\u1ea3o v\u1ec7 to\u00e0n di\u1ec7n \u0111\u1ec3 nh\u00ecn to\u00e0n b\u1ed9 c\u0103n ph\u00f2ng v\u00e0o ban \u0111\u00eam, ngo\u00e0i ra \u0111\u00e8n LED tr\u1eafng c\u0169ng c\u00f3 th\u1ec3 \u0111\u01b0\u1ee3c s\u1eed d\u1ee5ng \u0111\u1ec3 chi\u1ebfu s\u00e1ng, ch\u1ebf \u0111\u1ed9 xem ti\u00eau \u0111i\u1ec3m b\u1ea5t c\u1ee9 l\u00fac n\u00e0o trong ng\u00e0y hay \u0111\u00eam, theo d\u00f5i 24 gi\u1edd. <\/span><\/li>\n<li><span class=\"yt-core-attributed-string--link-inherit-color\" dir=\"auto\">T\u00edch h\u1ee3p micr\u00f4 v\u00e0 loa gi\u1ea3m ti\u1ebfng \u1ed3n, cho ph\u00e9p b\u1ea1n n\u00f3i chuy\u1ec7n v\u1edbi gia \u0111\u00ecnh th\u00f4ng qua \u1ee9ng d\u1ee5ng b\u1ea5t c\u1ee9 khi n\u00e0o v\u00e0 b\u1ea5t c\u1ee9 n\u01a1i n\u00e0o, r\u1ea5t ti\u1ec7n l\u1ee3i v\u00e0 thi\u1ebft th\u1ef1c, ph\u1ea3i kh\u00f4ng? <\/span><\/li>\n<li><span class=\"yt-core-attributed-string--link-inherit-color\" dir=\"auto\">B\u00e1o \u0111\u1ed9ng th\u00f4ng minh: khi ai \u0111\u00f3 \u0111\u1ed9t nh\u1eadp ho\u1eb7c ph\u00e1t hi\u1ec7n b\u1ea5t k\u1ef3 chuy\u1ec3n \u0111\u1ed9ng n\u00e0o, thi\u1ebft b\u1ecb b\u1ea3o m\u1eadt s\u1ebd \u0111\u1ea9y tin nh\u1eafn c\u1ea3nh b\u00e1o \u0111\u1ebfn \u0111i\u1ec7n tho\u1ea1i di \u0111\u1ed9ng c\u1ee7a b\u1ea1n th\u00f4ng qua \u0111\u00e1m m\u00e2y, lu\u00f4n theo d\u00f5i v\u1ea5n \u0111\u1ec1 \u0111\u00f3. <\/span><\/li>\n<li><span class=\"yt-core-attributed-string--link-inherit-color\" dir=\"auto\">V\u1edbi khe c\u1eafm th\u1ebb TF ngo\u00e0i, vi\u1ec7c L\u1eafp th\u1ebb TF qu\u00e1 nhi\u1ec1u ti\u1ec7n l\u1ee3i, h\u1ed7 tr\u1ee3 th\u1ebb TF v\u00e0 d\u1ecbch v\u1ee5 \u0111\u00e1m m\u00e2y \u0111\u1ec3 l\u01b0u tr\u1eef. <\/span><\/li>\n<li><span class=\"yt-core-attributed-string--link-inherit-color\" dir=\"auto\">\u0110\u00e2y kh\u00f4ng ch\u1ec9 l\u00e0 m\u1ed9t camera an ninh, m\u00e0 c\u00f2n l\u00e0 m\u1ed9t chi\u1ebfc \u0111\u00e8n c\u00f3 hi\u1ec7u \u1ee9ng \u00e1nh s\u00e1ng LED t\u1ed1t \u0111\u1ec3 chi\u1ebfu s\u00e1ng, h\u00e3y \u0111\u1ebfn v\u00e0 mua n\u00f3.<\/span><\/li>\n<\/ul>\n<h3>Li\u00ean h\u1ec7 mua h\u00e0ng<\/h3>\n<h3 dir=\"auto\"><span class=\"pq6dq46d tbxw36s4 knj5qynh kvgmc6g5 ditlmg2l oygrvhab nvdbi5me sf5mxxl7 gl3lb2sf hhz5lgdu\"><img loading=\"lazy\" decoding=\"async\" src=\"https:\/\/static.xx.fbcdn.net\/images\/emoji.php\/v9\/t22\/1\/16\/260e.png\" alt=\"\u260e\ufe0f\" width=\"16\" height=\"16\" \/><\/span>\u00a0A H\u1ea3i: 094.226.2345 (zalo) \u2013 T\u01b0 V\u1ea5n 24\/24<\/h3>\n<div class=\"o9v6fnle cxmmr5t8 oygrvhab hcukyx3x c1et5uql ii04i59q\">\n<h3 dir=\"auto\"><span class=\"pq6dq46d tbxw36s4 knj5qynh kvgmc6g5 ditlmg2l oygrvhab nvdbi5me sf5mxxl7 gl3lb2sf hhz5lgdu\"><img loading=\"lazy\" decoding=\"async\" src=\"https:\/\/static.xx.fbcdn.net\/images\/emoji.php\/v9\/ta7\/1\/16\/1f3ea.png\" alt=\"?\" width=\"16\" height=\"16\" \/><\/span>\u00a0H\u00e0 N\u1ed9i: s\u1ed1 42 Th\u1ecbnh Li\u1ec7t \u2013 Ho\u00e0ng Mai \u2013 H\u00e0 N\u1ed9i<\/h3>\n<h3 dir=\"auto\"><span class=\"pq6dq46d tbxw36s4 knj5qynh kvgmc6g5 ditlmg2l oygrvhab nvdbi5me sf5mxxl7 gl3lb2sf hhz5lgdu\"><img loading=\"lazy\" decoding=\"async\" src=\"https:\/\/static.xx.fbcdn.net\/images\/emoji.php\/v9\/ta7\/1\/16\/1f3ea.png\" alt=\"?\" width=\"16\" height=\"16\" \/><\/span>\u00a0S\u00e0i G\u00f2n: 558\/66 B\u00ecnh Qu\u1edbi \u2013 Ph\u01b0\u1eddng 28 \u2013 B\u00ecnh Th\u1ea1nh<\/h3>\n<\/div>\n","protected":false},"excerpt":{"rendered":"<p><span class=\"yt-core-attributed-string--link-inherit-color\" dir=\"auto\">camera B\u00f3ng \u0111\u00e8n LED \u00e2m tr\u1ea7n Full4K Camera to\u00e0n c\u1ea3nh 180 \u0111\u1ed9 kh\u00f4ng d\u00e2y kh\u00f4ng c\u00f3 v\u00f9ng m\u00f9, c\u00f3 th\u1ec3 b\u1ea3o v\u1ec7 t\u1ed1t to\u00e0n b\u1ed9 c\u0103n ph\u00f2ng \u0111\u1ec3 theo d\u00f5i t\u1eebng g\u00f3c nh\u00e0 v\u00e0 v\u0103n ph\u00f2ng c\u1ee7a b\u1ea1n, m\u1ed9t m\u00e0n h\u00ecnh t\u1ed1t \u0111\u1ec3 b\u1ea3o v\u1ec7 nh\u1eefng th\u1ee9 quan tr\u1ecdng c\u1ee7a b\u1ea1n, em b\u00e9, th\u00fa c\u01b0ng khi b\u1ea1n \u1edf xa nh\u00e0.<\/span><\/p>\n","protected":false},"featured_media":2457,"comment_status":"open","ping_status":"closed","template":"","meta":[],"product_cat":[189,30,55],"product_tag":[157,151,152,150,57,103,156,161,160,162,153,154,158,155,159,105],"class_list":{"0":"post-2455","1":"product","2":"type-product","3":"status-publish","4":"has-post-thumbnail","6":"product_cat-camera","7":"product_cat-thiet-bi-quay-len","8":"product_cat-thiet-bi-quay-len-online","9":"product_tag-bong-den-camera","10":"product_tag-camera-bong-den","11":"product_tag-camera-bong-den-360","12":"product_tag-camera-dui-den","13":"product_tag-camera-nguy-trang","14":"product_tag-camera-nguy-trang-bong-den","15":"product_tag-camera-nguy-trang-bong-den-led","16":"product_tag-camera-nguy-trang-bong-den-rang-dong","17":"product_tag-camera-nguy-trang-bong-den-tron","18":"product_tag-camera-nguy-trang-bong-den-tuyp","19":"product_tag-camera-nguy-trang-bong-den-wifi","20":"product_tag-camera-nguy-trang-bong-den-yoosee","21":"product_tag-camera-nguy-trang-den-am-tran","22":"product_tag-camera-nguy-trang-den-led","23":"product_tag-camera-nguy-trang-den-mat-trau","24":"product_tag-camera-nguy-trang-dui-den","26":"first","27":"instock","28":"sale","29":"shipping-taxable","30":"purchasable","31":"product-type-simple"},"_links":{"self":[{"href":"https:\/\/cameraquaytrom.net\/index.php?rest_route=\/wp\/v2\/product\/2455"}],"collection":[{"href":"https:\/\/cameraquaytrom.net\/index.php?rest_route=\/wp\/v2\/product"}],"about":[{"href":"https:\/\/cameraquaytrom.net\/index.php?rest_route=\/wp\/v2\/types\/product"}],"replies":[{"embeddable":true,"href":"https:\/\/cameraquaytrom.net\/index.php?rest_route=%2Fwp%2Fv2%2Fcomments&post=2455"}],"wp:featuredmedia":[{"embeddable":true,"href":"https:\/\/cameraquaytrom.net\/index.php?rest_route=\/wp\/v2\/media\/2457"}],"wp:attachment":[{"href":"https:\/\/cameraquaytrom.net\/index.php?rest_route=%2Fwp%2Fv2%2Fmedia&parent=2455"}],"wp:term":[{"taxonomy":"product_cat","embeddable":true,"href":"https:\/\/cameraquaytrom.net\/index.php?rest_route=%2Fwp%2Fv2%2Fproduct_cat&post=2455"},{"taxonomy":"product_tag","embeddable":true,"href":"https:\/\/cameraquaytrom.net\/index.php?rest_route=%2Fwp%2Fv2%2Fproduct_tag&post=2455"}],"curies":[{"name":"wp","href":"https:\/\/api.w.org\/{rel}","templated":true}]}}