{"id":2471,"date":"2024-11-06T14:35:01","date_gmt":"2024-11-06T14:35:01","guid":{"rendered":"https:\/\/cameraquaytrom.net\/?post_type=product&#038;p=2471"},"modified":"2024-11-06T15:55:27","modified_gmt":"2024-11-06T15:55:27","slug":"camera-nguy-trang-bong-den-led-rang-dong","status":"publish","type":"product","link":"https:\/\/cameraquaytrom.net\/?product=camera-nguy-trang-bong-den-led-rang-dong","title":{"rendered":"Camera Ngu\u1ef5 Trang B\u00f3ng \u0110\u00e8n Led R\u1ea1ng \u0110\u00f4ng"},"content":{"rendered":"<h1 style=\"text-align: center;\">Camera Ngu\u1ef5 Trang B\u00f3ng \u0110\u00e8n Led R\u1ea1ng \u0110\u00f4ng<\/h1>\n<p style=\"text-align: center;\"><img loading=\"lazy\" decoding=\"async\" class=\"alignnone size-medium wp-image-2472\" src=\"https:\/\/cameraquaytrom.net\/wp-content\/uploads\/2024\/10\/z5966232779323_8ea0482a123eba803923721401867098-300x300.jpg\" alt=\"\" width=\"300\" height=\"300\" srcset=\"https:\/\/cameraquaytrom.net\/wp-content\/uploads\/2024\/10\/z5966232779323_8ea0482a123eba803923721401867098-300x300.jpg 300w, https:\/\/cameraquaytrom.net\/wp-content\/uploads\/2024\/10\/z5966232779323_8ea0482a123eba803923721401867098-1024x1024.jpg 1024w, https:\/\/cameraquaytrom.net\/wp-content\/uploads\/2024\/10\/z5966232779323_8ea0482a123eba803923721401867098-150x150.jpg 150w, https:\/\/cameraquaytrom.net\/wp-content\/uploads\/2024\/10\/z5966232779323_8ea0482a123eba803923721401867098-768x767.jpg 768w, https:\/\/cameraquaytrom.net\/wp-content\/uploads\/2024\/10\/z5966232779323_8ea0482a123eba803923721401867098-1536x1536.jpg 1536w, https:\/\/cameraquaytrom.net\/wp-content\/uploads\/2024\/10\/z5966232779323_8ea0482a123eba803923721401867098-2048x2046.jpg 2048w, https:\/\/cameraquaytrom.net\/wp-content\/uploads\/2024\/10\/z5966232779323_8ea0482a123eba803923721401867098-600x600.jpg 600w, https:\/\/cameraquaytrom.net\/wp-content\/uploads\/2024\/10\/z5966232779323_8ea0482a123eba803923721401867098-100x100.jpg 100w\" sizes=\"(max-width: 300px) 100vw, 300px\" \/><\/p>\n<p style=\"text-align: center;\"><img loading=\"lazy\" decoding=\"async\" class=\"alignnone size-medium wp-image-2473\" src=\"https:\/\/cameraquaytrom.net\/wp-content\/uploads\/2024\/10\/z5966232784393_aed08a245a9e4899e0421f850990df19-300x300.jpg\" alt=\"\" width=\"300\" height=\"300\" srcset=\"https:\/\/cameraquaytrom.net\/wp-content\/uploads\/2024\/10\/z5966232784393_aed08a245a9e4899e0421f850990df19-300x300.jpg 300w, https:\/\/cameraquaytrom.net\/wp-content\/uploads\/2024\/10\/z5966232784393_aed08a245a9e4899e0421f850990df19-1024x1024.jpg 1024w, https:\/\/cameraquaytrom.net\/wp-content\/uploads\/2024\/10\/z5966232784393_aed08a245a9e4899e0421f850990df19-150x150.jpg 150w, https:\/\/cameraquaytrom.net\/wp-content\/uploads\/2024\/10\/z5966232784393_aed08a245a9e4899e0421f850990df19-768x768.jpg 768w, https:\/\/cameraquaytrom.net\/wp-content\/uploads\/2024\/10\/z5966232784393_aed08a245a9e4899e0421f850990df19-1536x1536.jpg 1536w, https:\/\/cameraquaytrom.net\/wp-content\/uploads\/2024\/10\/z5966232784393_aed08a245a9e4899e0421f850990df19-600x600.jpg 600w, https:\/\/cameraquaytrom.net\/wp-content\/uploads\/2024\/10\/z5966232784393_aed08a245a9e4899e0421f850990df19-100x100.jpg 100w, https:\/\/cameraquaytrom.net\/wp-content\/uploads\/2024\/10\/z5966232784393_aed08a245a9e4899e0421f850990df19.jpg 1899w\" sizes=\"(max-width: 300px) 100vw, 300px\" \/><\/p>\n<p style=\"text-align: center;\"><img loading=\"lazy\" decoding=\"async\" class=\"alignnone size-medium wp-image-2474\" src=\"https:\/\/cameraquaytrom.net\/wp-content\/uploads\/2024\/10\/z5966232791210_7ac516c7b4e3549437a043f9c0624265-300x300.jpg\" alt=\"\" width=\"300\" height=\"300\" srcset=\"https:\/\/cameraquaytrom.net\/wp-content\/uploads\/2024\/10\/z5966232791210_7ac516c7b4e3549437a043f9c0624265-300x300.jpg 300w, https:\/\/cameraquaytrom.net\/wp-content\/uploads\/2024\/10\/z5966232791210_7ac516c7b4e3549437a043f9c0624265-1024x1024.jpg 1024w, https:\/\/cameraquaytrom.net\/wp-content\/uploads\/2024\/10\/z5966232791210_7ac516c7b4e3549437a043f9c0624265-150x150.jpg 150w, https:\/\/cameraquaytrom.net\/wp-content\/uploads\/2024\/10\/z5966232791210_7ac516c7b4e3549437a043f9c0624265-768x768.jpg 768w, https:\/\/cameraquaytrom.net\/wp-content\/uploads\/2024\/10\/z5966232791210_7ac516c7b4e3549437a043f9c0624265-1536x1536.jpg 1536w, https:\/\/cameraquaytrom.net\/wp-content\/uploads\/2024\/10\/z5966232791210_7ac516c7b4e3549437a043f9c0624265-600x600.jpg 600w, https:\/\/cameraquaytrom.net\/wp-content\/uploads\/2024\/10\/z5966232791210_7ac516c7b4e3549437a043f9c0624265-100x100.jpg 100w, https:\/\/cameraquaytrom.net\/wp-content\/uploads\/2024\/10\/z5966232791210_7ac516c7b4e3549437a043f9c0624265.jpg 1899w\" sizes=\"(max-width: 300px) 100vw, 300px\" \/><\/p>\n<p style=\"text-align: center;\"><img loading=\"lazy\" decoding=\"async\" class=\"alignnone size-medium wp-image-2475\" src=\"https:\/\/cameraquaytrom.net\/wp-content\/uploads\/2024\/10\/z5966232800730_f1e8d01c4ae1bc4423fb41ea983794c8-300x300.jpg\" alt=\"\" width=\"300\" height=\"300\" srcset=\"https:\/\/cameraquaytrom.net\/wp-content\/uploads\/2024\/10\/z5966232800730_f1e8d01c4ae1bc4423fb41ea983794c8-300x300.jpg 300w, https:\/\/cameraquaytrom.net\/wp-content\/uploads\/2024\/10\/z5966232800730_f1e8d01c4ae1bc4423fb41ea983794c8-1024x1024.jpg 1024w, https:\/\/cameraquaytrom.net\/wp-content\/uploads\/2024\/10\/z5966232800730_f1e8d01c4ae1bc4423fb41ea983794c8-150x150.jpg 150w, https:\/\/cameraquaytrom.net\/wp-content\/uploads\/2024\/10\/z5966232800730_f1e8d01c4ae1bc4423fb41ea983794c8-768x768.jpg 768w, https:\/\/cameraquaytrom.net\/wp-content\/uploads\/2024\/10\/z5966232800730_f1e8d01c4ae1bc4423fb41ea983794c8-1536x1536.jpg 1536w, https:\/\/cameraquaytrom.net\/wp-content\/uploads\/2024\/10\/z5966232800730_f1e8d01c4ae1bc4423fb41ea983794c8-600x600.jpg 600w, https:\/\/cameraquaytrom.net\/wp-content\/uploads\/2024\/10\/z5966232800730_f1e8d01c4ae1bc4423fb41ea983794c8-100x100.jpg 100w, https:\/\/cameraquaytrom.net\/wp-content\/uploads\/2024\/10\/z5966232800730_f1e8d01c4ae1bc4423fb41ea983794c8.jpg 1899w\" sizes=\"(max-width: 300px) 100vw, 300px\" \/><\/p>\n<p style=\"text-align: center;\"><img loading=\"lazy\" decoding=\"async\" class=\"alignnone size-medium wp-image-2476\" src=\"https:\/\/cameraquaytrom.net\/wp-content\/uploads\/2024\/10\/z5966420881270_6c0c843c3fb42c1c250540d0922d4dcb-300x168.jpg\" alt=\"\" width=\"300\" height=\"168\" srcset=\"https:\/\/cameraquaytrom.net\/wp-content\/uploads\/2024\/10\/z5966420881270_6c0c843c3fb42c1c250540d0922d4dcb-300x168.jpg 300w, https:\/\/cameraquaytrom.net\/wp-content\/uploads\/2024\/10\/z5966420881270_6c0c843c3fb42c1c250540d0922d4dcb-1024x574.jpg 1024w, https:\/\/cameraquaytrom.net\/wp-content\/uploads\/2024\/10\/z5966420881270_6c0c843c3fb42c1c250540d0922d4dcb-768x430.jpg 768w, https:\/\/cameraquaytrom.net\/wp-content\/uploads\/2024\/10\/z5966420881270_6c0c843c3fb42c1c250540d0922d4dcb-600x336.jpg 600w, https:\/\/cameraquaytrom.net\/wp-content\/uploads\/2024\/10\/z5966420881270_6c0c843c3fb42c1c250540d0922d4dcb.jpg 1290w\" sizes=\"(max-width: 300px) 100vw, 300px\" \/><\/p>\n<p style=\"text-align: center;\"><img loading=\"lazy\" decoding=\"async\" class=\"alignnone size-medium wp-image-2449\" src=\"https:\/\/cameraquaytrom.net\/wp-content\/uploads\/2024\/10\/z5966420766706_a0c10a38fff68b48e5c7fa0ec8f971d2-300x167.jpg\" alt=\"\" width=\"300\" height=\"167\" srcset=\"https:\/\/cameraquaytrom.net\/wp-content\/uploads\/2024\/10\/z5966420766706_a0c10a38fff68b48e5c7fa0ec8f971d2-300x167.jpg 300w, https:\/\/cameraquaytrom.net\/wp-content\/uploads\/2024\/10\/z5966420766706_a0c10a38fff68b48e5c7fa0ec8f971d2-1024x568.jpg 1024w, https:\/\/cameraquaytrom.net\/wp-content\/uploads\/2024\/10\/z5966420766706_a0c10a38fff68b48e5c7fa0ec8f971d2-768x426.jpg 768w, https:\/\/cameraquaytrom.net\/wp-content\/uploads\/2024\/10\/z5966420766706_a0c10a38fff68b48e5c7fa0ec8f971d2-600x333.jpg 600w, https:\/\/cameraquaytrom.net\/wp-content\/uploads\/2024\/10\/z5966420766706_a0c10a38fff68b48e5c7fa0ec8f971d2.jpg 1290w\" sizes=\"(max-width: 300px) 100vw, 300px\" \/><\/p>\n<h2 style=\"text-align: center;\"><em>Video h\u01b0\u1edbng d\u1eabn s\u1eed d\u1ee5ng<\/em><\/h2>\n<p><iframe loading=\"lazy\" title=\"Camera Ngu\u1ef5 Trang B\u00f3ng \u0110\u00e8n R\u1ea1ng \u0110\u00f4ng, Camera Quay 24\/24, B\u00f3ng \u0110\u00e8n S\u00e1ng B\u00ecnh Th\u01b0\u1eddng\" width=\"1020\" height=\"574\" src=\"https:\/\/www.youtube.com\/embed\/fp3482OXDfE?feature=oembed\" frameborder=\"0\" allow=\"accelerometer; autoplay; clipboard-write; encrypted-media; gyroscope; picture-in-picture; web-share\" referrerpolicy=\"strict-origin-when-cross-origin\" allowfullscreen><\/iframe><\/p>\n<p><span class=\"yt-core-attributed-string--link-inherit-color\" dir=\"auto\">Camera b\u00f3ng \u0111\u00e8n r\u1ea1ng \u0111\u00f4ng 20w l\u00e0 m\u1ed9t trong nh\u1eefng s\u1ea3n ph\u1ea9m Camera ng\u1ee5y trang \u0111ang \u0111\u01b0\u1ee3c b\u00e1n ch\u1ea1y nh\u1ea5t hi\u1ec7n nay v\u1edbi nh\u1ea5t nhi\u1ec1u ch\u1ee9c n\u0103ng v\u01b0\u1ee3t tr\u1ed9i h\u01a1n h\u1eb3n so v\u1edbi nh\u1eefng d\u00f2ng s\u1ea3n ph\u1ea9m kh\u00e1c, \u0111\u1eb7c bi\u1ec7t Camera ng\u1ee5y trang b\u00f3ng \u0111\u00e8n r\u1ea1ng \u0111\u00f4ng s\u1eed d\u1ee5ng 24\/24 thay m\u1ed9t camera gi\u00e1m s\u00e1t, h\u00e0nh tr\u00ecnh. <\/span><\/p>\n<p><span class=\"yt-core-attributed-string--link-inherit-color\" dir=\"auto\">Camera ng\u1ee5y trang b\u00f3ng \u0111\u00e8n r\u1ea1ng \u0111\u00f4ng 20w v\u1eabn s\u1eed d\u1ee5ng th\u1eafp s\u00e1ng nh\u01b0 m\u1ed9t chi\u1ebfc b\u00f3ng \u0111\u00e8n chi\u1ebfu s\u00e1ng nh\u01b0 b\u00ecnh th\u01b0\u1eddng, v\u1edbi \u0111\u1ed9 ph\u00e2n d\u1ea3i Full 4k Si\u00eau n\u00e9t gi\u00fap cho kh\u00e1ch h\u00e0ng c\u00f3 th\u1ec3 \u0111\u1ecdc r\u00f5 t\u1eebng ch\u1eef vi\u1ebft tay c\u1ea3 tr\u00ean s\u00e1ch v\u1edf ho\u1eb7c m\u00e0n h\u00ecnh laptop m\u1ed9t c\u00e1ch r\u00f5 r\u00e0ng nh\u1ea5t, t\u00edch h\u1ee3p th\u1ebb nh\u1edb t\u1ed1i \u0111a l\u00ean t\u1edbi 128GB gi\u00fap b\u1ea1n l\u01b0u tr\u1eef th\u00f4ng tin m\u1ed9t c\u00e1ch l\u00e2u nh\u1ea5t kh\u00f4ng lo b\u1ecb gi\u00e1n \u0111o\u1ea1n v\u00ec h\u1ebft dung l\u01b0\u1ee3ng. <\/span><\/p>\n<p><span class=\"yt-core-attributed-string--link-inherit-color\" dir=\"auto\">\u0110i\u1ec3m n\u1ed5i b\u1eadt c\u1ee7a b\u1ed9 s\u1ea3n ph\u1ea9m n\u00e0y l\u00e0 h\u1ed9p \u0111i\u1ec1u khi\u1ec3n \u0111\u00e3 \u0111\u01b0\u1ee3c thi\u1ebft k\u1ebf h\u1ed9p main t\u1ea3n nhi\u1ec7t nh\u1ecf h\u01a1n nh\u1eefng m\u1eabu tr\u01b0\u1edbc gi\u00fap trong qu\u00e1 tr\u00ecnh s\u1eed d\u1ee5ng kh\u00f4ng b\u1ecb n\u00f3ng hay b\u1ecfng tay v\u00e0 k\u00e9o d\u00e0i tu\u1ed5i th\u1ecd c\u1ee7a s\u1ea3n ph\u1ea9m n\u00ean r\u1ea5t nhi\u1ec1u. <\/span><\/p>\n<p><span class=\"yt-core-attributed-string--link-inherit-color\" dir=\"auto\">Ch\u1ec9 c\u1ea7n n\u01a1i \u0111\u1eb7t cam c\u00f3 wifi v\u00e0 \u0111i\u1ec7n tho\u1ea1i b\u1ea1n c\u00f3 wifi l\u00e0 b\u1ea1n c\u00f3 th\u1ec3 xem \u0111\u01b0\u1ee3c \u1edf b\u1ea5t c\u1ee9 n\u01a1i \u0111\u00e2u tr\u00ean m\u1ecdi mi\u1ec1n t\u1ed5 qu\u1ed1c. camera B\u00f3ng \u0111\u00e8n r\u1ea1ng \u0111\u00f4ng Full4K Camera to\u00e0n c\u1ea3nh 140 \u0111\u1ed9 kh\u00f4ng d\u00e2y kh\u00f4ng c\u00f3 v\u00f9ng m\u00f9, c\u00f3 th\u1ec3 b\u1ea3o v\u1ec7 t\u1ed1t to\u00e0n b\u1ed9 c\u0103n ph\u00f2ng \u0111\u1ec3 theo d\u00f5i t\u1eebng g\u00f3c nh\u00e0 v\u00e0 v\u0103n ph\u00f2ng c\u1ee7a b\u1ea1n, m\u1ed9t m\u00e0n h\u00ecnh t\u1ed1t \u0111\u1ec3 b\u1ea3o v\u1ec7 nh\u1eefng th\u1ee9 quan tr\u1ecdng c\u1ee7a b\u1ea1n, em b\u00e9, th\u00fa c\u01b0ng khi b\u1ea1n \u1edf xa nh\u00e0. <\/span><\/p>\n<ul class=\"yt-core-attributed-string__list-group\" dir=\"ltr\">\n<li><span class=\"yt-core-attributed-string--link-inherit-color\" dir=\"auto\">Super Night Vision &amp; White LED: camer \u0111\u00e8n r\u1ea1ng \u0111\u00f4ng h\u1ed3ng ngo\u1ea1i t\u1ea7m nh\u00ecn ban \u0111\u00eam l\u00e0 5-10m, camera an ninh gia \u0111\u00ecnh n\u00e0y mang \u0111\u1ebfn cho b\u1ea1n tr\u1ea3i nghi\u1ec7m ban \u0111\u00eam tuy\u1ec7t v\u1eddi ngay c\u1ea3 trong b\u00f3ng t\u1ed1i v\u00e0 b\u1ea3o v\u1ec7 to\u00e0n di\u1ec7n \u0111\u1ec3 nh\u00ecn to\u00e0n b\u1ed9 c\u0103n ph\u00f2ng v\u00e0o ban \u0111\u00eam, ngo\u00e0i ra \u0111\u00e8n LED tr\u1eafng c\u0169ng c\u00f3 th\u1ec3 \u0111\u01b0\u1ee3c s\u1eed d\u1ee5ng \u0111\u1ec3 chi\u1ebfu s\u00e1ng, ch\u1ebf \u0111\u1ed9 xem ti\u00eau \u0111i\u1ec3m b\u1ea5t c\u1ee9 l\u00fac n\u00e0o trong ng\u00e0y hay \u0111\u00eam, theo d\u00f5i 24 gi\u1edd. <\/span><\/li>\n<li><span class=\"yt-core-attributed-string--link-inherit-color\" dir=\"auto\">T\u00edch h\u1ee3p micr\u00f4 v\u00e0 loa gi\u1ea3m ti\u1ebfng \u1ed3n, cho ph\u00e9p b\u1ea1n n\u00f3i chuy\u1ec7n v\u1edbi gia \u0111\u00ecnh th\u00f4ng qua \u1ee9ng d\u1ee5ng b\u1ea5t c\u1ee9 khi n\u00e0o v\u00e0 b\u1ea5t c\u1ee9 n\u01a1i n\u00e0o, r\u1ea5t ti\u1ec7n l\u1ee3i v\u00e0 thi\u1ebft th\u1ef1c, ph\u1ea3i kh\u00f4ng? <\/span><\/li>\n<li><span class=\"yt-core-attributed-string--link-inherit-color\" dir=\"auto\">B\u00e1o \u0111\u1ed9ng th\u00f4ng minh: khi ai \u0111\u00f3 \u0111\u1ed9t nh\u1eadp ho\u1eb7c ph\u00e1t hi\u1ec7n b\u1ea5t k\u1ef3 chuy\u1ec3n \u0111\u1ed9ng n\u00e0o, thi\u1ebft b\u1ecb b\u1ea3o m\u1eadt s\u1ebd \u0111\u1ea9y tin nh\u1eafn c\u1ea3nh b\u00e1o \u0111\u1ebfn \u0111i\u1ec7n tho\u1ea1i di \u0111\u1ed9ng c\u1ee7a b\u1ea1n th\u00f4ng qua \u0111\u00e1m m\u00e2y, lu\u00f4n theo d\u00f5i v\u1ea5n \u0111\u1ec1 \u0111\u00f3. <\/span><\/li>\n<li><span class=\"yt-core-attributed-string--link-inherit-color\" dir=\"auto\">\u0110\u00e2y kh\u00f4ng ch\u1ec9 l\u00e0 m\u1ed9t camera an ninh, m\u00e0 c\u00f2n l\u00e0 m\u1ed9t chi\u1ebfc \u0111\u00e8n c\u00f3 hi\u1ec7u \u1ee9ng \u00e1nh s\u00e1ng LED t\u1ed1t \u0111\u1ec3 chi\u1ebfu s\u00e1ng, h\u00e3y \u0111\u1ebfn v\u00e0 mua n\u00f3. <\/span><\/li>\n<\/ul>\n<p><span class=\"yt-core-attributed-string--link-inherit-color\" dir=\"auto\">Ch\u1ebf \u0111\u1ed9 b\u1ea3o h\u00e0nh \u2013 S\u1ea3n ph\u1ea9m \u0111\u01b0\u1ee3c b\u1ea3o h\u00e0nh 12 th\u00e1ng. \u2013 S\u1ea3n ph\u1ea9m c\u00f3 gi\u00e1 t\u1ed1t nh\u1ea5t th\u1ecb tr\u01b0\u1eddng \u2013 S\u1ea3n ph\u1ea9m thi\u1ebft b\u1ecb camera ch\u00ednh h\u00e3ng nh\u1eadp kh\u1ea9u nguy\u00ean chi\u1ebfc \u2013 Th\u00f4ng tin qu\u00fd kh\u00e1ch h\u00e0ng \u0111\u01b0\u1ee3c b\u1ea3o m\u1eadt tuy\u1ec7t \u0111\u1ed1i \u2013 Cam k\u1ebft ho\u00e0n ti\u1ec1n 100% khi thi\u1ebft b\u1ecb kh\u00f4ng c\u00f3 nh\u1eefng t\u00ednh n\u0103ng k\u1ec3 tr\u00ean.<\/span><\/p>\n<h3>Li\u00ean h\u1ec7 mua h\u00e0ng<\/h3>\n<h3 dir=\"auto\"><span class=\"pq6dq46d tbxw36s4 knj5qynh kvgmc6g5 ditlmg2l oygrvhab nvdbi5me sf5mxxl7 gl3lb2sf hhz5lgdu\"><img loading=\"lazy\" decoding=\"async\" src=\"https:\/\/static.xx.fbcdn.net\/images\/emoji.php\/v9\/t22\/1\/16\/260e.png\" alt=\"\u260e\ufe0f\" width=\"16\" height=\"16\" \/><\/span>\u00a0A H\u1ea3i: 094.226.2345 (zalo) \u2013 T\u01b0 V\u1ea5n 24\/24<\/h3>\n<div class=\"o9v6fnle cxmmr5t8 oygrvhab hcukyx3x c1et5uql ii04i59q\">\n<h3 dir=\"auto\"><span class=\"pq6dq46d tbxw36s4 knj5qynh kvgmc6g5 ditlmg2l oygrvhab nvdbi5me sf5mxxl7 gl3lb2sf hhz5lgdu\"><img loading=\"lazy\" decoding=\"async\" src=\"https:\/\/static.xx.fbcdn.net\/images\/emoji.php\/v9\/ta7\/1\/16\/1f3ea.png\" alt=\"?\" width=\"16\" height=\"16\" \/><\/span>\u00a0H\u00e0 N\u1ed9i: s\u1ed1 42 Th\u1ecbnh Li\u1ec7t \u2013 Ho\u00e0ng Mai \u2013 H\u00e0 N\u1ed9i<\/h3>\n<h3 dir=\"auto\"><span class=\"pq6dq46d tbxw36s4 knj5qynh kvgmc6g5 ditlmg2l oygrvhab nvdbi5me sf5mxxl7 gl3lb2sf hhz5lgdu\"><img loading=\"lazy\" decoding=\"async\" src=\"https:\/\/static.xx.fbcdn.net\/images\/emoji.php\/v9\/ta7\/1\/16\/1f3ea.png\" alt=\"?\" width=\"16\" height=\"16\" \/><\/span>\u00a0S\u00e0i G\u00f2n: 558\/66 B\u00ecnh Qu\u1edbi \u2013 Ph\u01b0\u1eddng 28 \u2013 B\u00ecnh Th\u1ea1nh<\/h3>\n<\/div>\n","protected":false},"excerpt":{"rendered":"<p><span class=\"yt-core-attributed-string--link-inherit-color\" dir=\"auto\">Camera b\u00f3ng \u0111\u00e8n r\u1ea1ng \u0111\u00f4ng 20w l\u00e0 m\u1ed9t trong nh\u1eefng s\u1ea3n ph\u1ea9m Camera ng\u1ee5y trang \u0111ang \u0111\u01b0\u1ee3c b\u00e1n ch\u1ea1y nh\u1ea5t hi\u1ec7n nay v\u1edbi nh\u1ea5t nhi\u1ec1u ch\u1ee9c n\u0103ng v\u01b0\u1ee3t tr\u1ed9i h\u01a1n h\u1eb3n so v\u1edbi nh\u1eefng d\u00f2ng s\u1ea3n ph\u1ea9m kh\u00e1c, \u0111\u1eb7c bi\u1ec7t Camera ng\u1ee5y trang b\u00f3ng \u0111\u00e8n r\u1ea1ng \u0111\u00f4ng s\u1eed d\u1ee5ng 24\/24 thay m\u1ed9t camera gi\u00e1m s\u00e1t, h\u00e0nh tr\u00ecnh.<\/span><\/p>\n","protected":false},"featured_media":2472,"comment_status":"open","ping_status":"closed","template":"","meta":[],"product_cat":[189,30,55],"product_tag":[157,151,152,150,57,103,156,161,160,162,153,154,158,155,159,105],"class_list":{"0":"post-2471","1":"product","2":"type-product","3":"status-publish","4":"has-post-thumbnail","6":"product_cat-camera","7":"product_cat-thiet-bi-quay-len","8":"product_cat-thiet-bi-quay-len-online","9":"product_tag-bong-den-camera","10":"product_tag-camera-bong-den","11":"product_tag-camera-bong-den-360","12":"product_tag-camera-dui-den","13":"product_tag-camera-nguy-trang","14":"product_tag-camera-nguy-trang-bong-den","15":"product_tag-camera-nguy-trang-bong-den-led","16":"product_tag-camera-nguy-trang-bong-den-rang-dong","17":"product_tag-camera-nguy-trang-bong-den-tron","18":"product_tag-camera-nguy-trang-bong-den-tuyp","19":"product_tag-camera-nguy-trang-bong-den-wifi","20":"product_tag-camera-nguy-trang-bong-den-yoosee","21":"product_tag-camera-nguy-trang-den-am-tran","22":"product_tag-camera-nguy-trang-den-led","23":"product_tag-camera-nguy-trang-den-mat-trau","24":"product_tag-camera-nguy-trang-dui-den","26":"first","27":"instock","28":"sale","29":"shipping-taxable","30":"purchasable","31":"product-type-simple"},"_links":{"self":[{"href":"https:\/\/cameraquaytrom.net\/index.php?rest_route=\/wp\/v2\/product\/2471"}],"collection":[{"href":"https:\/\/cameraquaytrom.net\/index.php?rest_route=\/wp\/v2\/product"}],"about":[{"href":"https:\/\/cameraquaytrom.net\/index.php?rest_route=\/wp\/v2\/types\/product"}],"replies":[{"embeddable":true,"href":"https:\/\/cameraquaytrom.net\/index.php?rest_route=%2Fwp%2Fv2%2Fcomments&post=2471"}],"wp:featuredmedia":[{"embeddable":true,"href":"https:\/\/cameraquaytrom.net\/index.php?rest_route=\/wp\/v2\/media\/2472"}],"wp:attachment":[{"href":"https:\/\/cameraquaytrom.net\/index.php?rest_route=%2Fwp%2Fv2%2Fmedia&parent=2471"}],"wp:term":[{"taxonomy":"product_cat","embeddable":true,"href":"https:\/\/cameraquaytrom.net\/index.php?rest_route=%2Fwp%2Fv2%2Fproduct_cat&post=2471"},{"taxonomy":"product_tag","embeddable":true,"href":"https:\/\/cameraquaytrom.net\/index.php?rest_route=%2Fwp%2Fv2%2Fproduct_tag&post=2471"}],"curies":[{"name":"wp","href":"https:\/\/api.w.org\/{rel}","templated":true}]}}