{"id":2500,"date":"2024-10-25T15:38:52","date_gmt":"2024-10-25T15:38:52","guid":{"rendered":"https:\/\/cameraquaytrom.net\/?post_type=product&#038;p=2500"},"modified":"2024-11-01T07:52:25","modified_gmt":"2024-11-01T07:52:25","slug":"camera-nguy-trang-dui-den-cam-bien","status":"publish","type":"product","link":"https:\/\/cameraquaytrom.net\/?product=camera-nguy-trang-dui-den-cam-bien","title":{"rendered":"Camera Ngu\u1ef5 Trang \u0110ui \u0110\u00e8n C\u1ea3m Bi\u1ebfn"},"content":{"rendered":"<h1 style=\"text-align: center;\">Camera Ngu\u1ef5 Trang \u0110ui \u0110\u00e8n C\u1ea3m Bi\u1ebfn<\/h1>\n<p style=\"text-align: center;\"><img loading=\"lazy\" decoding=\"async\" class=\"alignnone size-medium wp-image-2501\" src=\"https:\/\/cameraquaytrom.net\/wp-content\/uploads\/2024\/10\/z5966235979544_7801cf3e7dcd79e5ad233f124ad89b14-300x300.jpg\" alt=\"\" width=\"300\" height=\"300\" srcset=\"https:\/\/cameraquaytrom.net\/wp-content\/uploads\/2024\/10\/z5966235979544_7801cf3e7dcd79e5ad233f124ad89b14-300x300.jpg 300w, https:\/\/cameraquaytrom.net\/wp-content\/uploads\/2024\/10\/z5966235979544_7801cf3e7dcd79e5ad233f124ad89b14-1024x1024.jpg 1024w, https:\/\/cameraquaytrom.net\/wp-content\/uploads\/2024\/10\/z5966235979544_7801cf3e7dcd79e5ad233f124ad89b14-150x150.jpg 150w, https:\/\/cameraquaytrom.net\/wp-content\/uploads\/2024\/10\/z5966235979544_7801cf3e7dcd79e5ad233f124ad89b14-768x768.jpg 768w, https:\/\/cameraquaytrom.net\/wp-content\/uploads\/2024\/10\/z5966235979544_7801cf3e7dcd79e5ad233f124ad89b14-1536x1536.jpg 1536w, https:\/\/cameraquaytrom.net\/wp-content\/uploads\/2024\/10\/z5966235979544_7801cf3e7dcd79e5ad233f124ad89b14-600x600.jpg 600w, https:\/\/cameraquaytrom.net\/wp-content\/uploads\/2024\/10\/z5966235979544_7801cf3e7dcd79e5ad233f124ad89b14-100x100.jpg 100w, https:\/\/cameraquaytrom.net\/wp-content\/uploads\/2024\/10\/z5966235979544_7801cf3e7dcd79e5ad233f124ad89b14.jpg 1899w\" sizes=\"(max-width: 300px) 100vw, 300px\" \/><\/p>\n<p style=\"text-align: center;\"><img loading=\"lazy\" decoding=\"async\" class=\"alignnone size-medium wp-image-2502\" src=\"https:\/\/cameraquaytrom.net\/wp-content\/uploads\/2024\/10\/z5966235984216_c2f4896092c0fdfd511bf5d8ffe61684-300x300.jpg\" alt=\"\" width=\"300\" height=\"300\" srcset=\"https:\/\/cameraquaytrom.net\/wp-content\/uploads\/2024\/10\/z5966235984216_c2f4896092c0fdfd511bf5d8ffe61684-300x300.jpg 300w, https:\/\/cameraquaytrom.net\/wp-content\/uploads\/2024\/10\/z5966235984216_c2f4896092c0fdfd511bf5d8ffe61684-1024x1024.jpg 1024w, https:\/\/cameraquaytrom.net\/wp-content\/uploads\/2024\/10\/z5966235984216_c2f4896092c0fdfd511bf5d8ffe61684-150x150.jpg 150w, https:\/\/cameraquaytrom.net\/wp-content\/uploads\/2024\/10\/z5966235984216_c2f4896092c0fdfd511bf5d8ffe61684-768x767.jpg 768w, https:\/\/cameraquaytrom.net\/wp-content\/uploads\/2024\/10\/z5966235984216_c2f4896092c0fdfd511bf5d8ffe61684-1536x1536.jpg 1536w, https:\/\/cameraquaytrom.net\/wp-content\/uploads\/2024\/10\/z5966235984216_c2f4896092c0fdfd511bf5d8ffe61684-2048x2046.jpg 2048w, https:\/\/cameraquaytrom.net\/wp-content\/uploads\/2024\/10\/z5966235984216_c2f4896092c0fdfd511bf5d8ffe61684-600x600.jpg 600w, https:\/\/cameraquaytrom.net\/wp-content\/uploads\/2024\/10\/z5966235984216_c2f4896092c0fdfd511bf5d8ffe61684-100x100.jpg 100w\" sizes=\"(max-width: 300px) 100vw, 300px\" \/><\/p>\n<p style=\"text-align: center;\"><img loading=\"lazy\" decoding=\"async\" class=\"alignnone size-medium wp-image-2503\" src=\"https:\/\/cameraquaytrom.net\/wp-content\/uploads\/2024\/10\/z5966235984518_5506ece0f6c62a8f2f0374a171f6486c-300x300.jpg\" alt=\"\" width=\"300\" height=\"300\" srcset=\"https:\/\/cameraquaytrom.net\/wp-content\/uploads\/2024\/10\/z5966235984518_5506ece0f6c62a8f2f0374a171f6486c-300x300.jpg 300w, https:\/\/cameraquaytrom.net\/wp-content\/uploads\/2024\/10\/z5966235984518_5506ece0f6c62a8f2f0374a171f6486c-1024x1024.jpg 1024w, https:\/\/cameraquaytrom.net\/wp-content\/uploads\/2024\/10\/z5966235984518_5506ece0f6c62a8f2f0374a171f6486c-150x150.jpg 150w, https:\/\/cameraquaytrom.net\/wp-content\/uploads\/2024\/10\/z5966235984518_5506ece0f6c62a8f2f0374a171f6486c-768x767.jpg 768w, https:\/\/cameraquaytrom.net\/wp-content\/uploads\/2024\/10\/z5966235984518_5506ece0f6c62a8f2f0374a171f6486c-1536x1536.jpg 1536w, https:\/\/cameraquaytrom.net\/wp-content\/uploads\/2024\/10\/z5966235984518_5506ece0f6c62a8f2f0374a171f6486c-2048x2046.jpg 2048w, https:\/\/cameraquaytrom.net\/wp-content\/uploads\/2024\/10\/z5966235984518_5506ece0f6c62a8f2f0374a171f6486c-600x600.jpg 600w, https:\/\/cameraquaytrom.net\/wp-content\/uploads\/2024\/10\/z5966235984518_5506ece0f6c62a8f2f0374a171f6486c-100x100.jpg 100w\" sizes=\"(max-width: 300px) 100vw, 300px\" \/><\/p>\n<p style=\"text-align: center;\"><img loading=\"lazy\" decoding=\"async\" class=\"alignnone size-medium wp-image-2504\" src=\"https:\/\/cameraquaytrom.net\/wp-content\/uploads\/2024\/10\/z5966235992313_d81744df8cc9d58a89efd676411c0390-300x300.jpg\" alt=\"\" width=\"300\" height=\"300\" srcset=\"https:\/\/cameraquaytrom.net\/wp-content\/uploads\/2024\/10\/z5966235992313_d81744df8cc9d58a89efd676411c0390-300x300.jpg 300w, https:\/\/cameraquaytrom.net\/wp-content\/uploads\/2024\/10\/z5966235992313_d81744df8cc9d58a89efd676411c0390-1024x1024.jpg 1024w, https:\/\/cameraquaytrom.net\/wp-content\/uploads\/2024\/10\/z5966235992313_d81744df8cc9d58a89efd676411c0390-150x150.jpg 150w, https:\/\/cameraquaytrom.net\/wp-content\/uploads\/2024\/10\/z5966235992313_d81744df8cc9d58a89efd676411c0390-768x768.jpg 768w, https:\/\/cameraquaytrom.net\/wp-content\/uploads\/2024\/10\/z5966235992313_d81744df8cc9d58a89efd676411c0390-1536x1536.jpg 1536w, https:\/\/cameraquaytrom.net\/wp-content\/uploads\/2024\/10\/z5966235992313_d81744df8cc9d58a89efd676411c0390-2048x2048.jpg 2048w, https:\/\/cameraquaytrom.net\/wp-content\/uploads\/2024\/10\/z5966235992313_d81744df8cc9d58a89efd676411c0390-600x600.jpg 600w, https:\/\/cameraquaytrom.net\/wp-content\/uploads\/2024\/10\/z5966235992313_d81744df8cc9d58a89efd676411c0390-100x100.jpg 100w\" sizes=\"(max-width: 300px) 100vw, 300px\" \/><\/p>\n<h2 style=\"text-align: center;\"><em>Video h\u01b0\u1edbng d\u1eabn s\u1eed d\u1ee5ng<\/em><\/h2>\n<p><iframe loading=\"lazy\" title=\"Camera Ngu\u1ef5 Trang \u0110ui \u0110\u00e8n C\u1ea3m Bi\u1ebfn H\u1ed3ng Ngo\u1ea1i M\u1edbi Nh\u1ea5t, Camera Quay 24\/24 Xem T\u1eeb Xa Tr\u00ean \u0110i\u1ec7n Tho\u1ea1i\" width=\"1020\" height=\"574\" src=\"https:\/\/www.youtube.com\/embed\/wB6vgW1IBZE?feature=oembed\" frameborder=\"0\" allow=\"accelerometer; autoplay; clipboard-write; encrypted-media; gyroscope; picture-in-picture; web-share\" referrerpolicy=\"strict-origin-when-cross-origin\" allowfullscreen><\/iframe><\/p>\n<p><span class=\"yt-core-attributed-string--link-inherit-color\" dir=\"auto\">Ca\u0301c ba\u0323n \u0111ang co\u0301 nhu c\u00e2\u0300u s\u01a1\u0309 h\u01b0\u0303u cho mi\u0300nh 1 chi\u00ea\u0301c camera ng\u1ee5y trang si\u00eau ki\u0301n \u0111a\u0301o ma\u0300 kh\u00f4ng ai co\u0301 th\u00ea\u0309 nhi\u0300n th\u00e2\u0301y ho\u0103\u0323c pha\u0301t hi\u00ea\u0323n \u0111o\u0301 la\u0300 camera, thi\u0300 sa\u0309n ph\u00e2\u0309m h\u00f4m nay mi\u0300nh gi\u01a1\u0301i thi\u00ea\u0323u ch\u0103\u0301c ch\u0103\u0301n se\u0303 \u0111a\u0301p \u01b0\u0301ng \u0111\u01b0\u01a1\u0323c nhu c\u00e2\u0300u cu\u0309a ca\u0301c ba\u0323n. <\/span><\/p>\n<p><span class=\"yt-core-attributed-string--link-inherit-color\" dir=\"auto\">Camera ng\u1ee5y trang \u0111ui \u0111e\u0300n ca\u0309m bi\u00ea\u0301n la\u0300 do\u0300ng sa\u0309n ph\u00e2\u0309m m\u01a1\u0301i nh\u00e2\u0301t v\u00ea\u0300 thi\u00ea\u0301t bi\u0323 camera ng\u1ee5y trang do \u0110i\u00ea\u0323n T\u01b0\u0309 Ha\u0309i T\u00e2m l\u00ean y\u0301 t\u01b0\u01a1\u0309ng va\u0300 thi\u00ea\u0301t k\u00ea\u0301 hoa\u0300n thi\u00ea\u0323n giu\u0301p mi\u0300nh co\u0301 th\u00ea\u0309 gia\u0301m sa\u0301t va\u0300 qua\u0309n ly\u0301 hi\u0300nh a\u0309nh 24\/24 t\u01b0\u0300 xa tr\u00ean \u0111i\u00ea\u0323n thoa\u0323i <\/span><\/p>\n<p><span class=\"yt-core-attributed-string--link-inherit-color\" dir=\"auto\">Ca\u0301c ti\u0301nh n\u0103ng chi\u0301nh: <\/span><\/p>\n<ul class=\"yt-core-attributed-string__list-group\" dir=\"ltr\">\n<li><span class=\"yt-core-attributed-string--link-inherit-color\" dir=\"auto\">Camera hoa\u0323t \u0111\u00f4\u0323ng 24\/24 <\/span><\/li>\n<li><span class=\"yt-core-attributed-string--link-inherit-color\" dir=\"auto\">\u0110ui \u0111e\u0300n chi\u0301nh ha\u0303ng ra\u0323ng \u0111\u00f4ng ca\u0309m bi\u00ea\u0301n c\u01b0\u0323c nha\u0323y <\/span><\/li>\n<li><span class=\"yt-core-attributed-string--link-inherit-color\" dir=\"auto\">Camera k\u00ea\u0301t n\u00f4\u0301i xem t\u01b0\u0300 xa qua \u0111i\u00ea\u0323n thoa\u0323i <\/span><\/li>\n<li><span class=\"yt-core-attributed-string--link-inherit-color\" dir=\"auto\">Ch\u00e2\u0301t l\u01b0\u01a1\u0323ng hi\u0300nh a\u0309nh full 4K <\/span><\/li>\n<li><span class=\"yt-core-attributed-string--link-inherit-color\" dir=\"auto\">H\u00f4\u0303 tr\u01a1\u0323 the\u0309 nh\u01a1\u0301 t\u00f4\u0301i \u0111a 128GB <\/span><\/li>\n<li><span class=\"yt-core-attributed-string--link-inherit-color\" dir=\"auto\">Ca\u0309nh ba\u0301o chuy\u00ea\u0309n \u0111\u00f4\u0323ng ghi hi\u0300nh<\/span><\/li>\n<\/ul>\n<h3>Li\u00ean h\u1ec7 mua h\u00e0ng<\/h3>\n<h3 dir=\"auto\"><span class=\"pq6dq46d tbxw36s4 knj5qynh kvgmc6g5 ditlmg2l oygrvhab nvdbi5me sf5mxxl7 gl3lb2sf hhz5lgdu\"><img loading=\"lazy\" decoding=\"async\" src=\"https:\/\/static.xx.fbcdn.net\/images\/emoji.php\/v9\/t22\/1\/16\/260e.png\" alt=\"\u260e\ufe0f\" width=\"16\" height=\"16\" \/><\/span>\u00a0A H\u1ea3i: 094.226.2345 (zalo) \u2013 T\u01b0 V\u1ea5n 24\/24<\/h3>\n<div class=\"o9v6fnle cxmmr5t8 oygrvhab hcukyx3x c1et5uql ii04i59q\">\n<h3 dir=\"auto\"><span class=\"pq6dq46d tbxw36s4 knj5qynh kvgmc6g5 ditlmg2l oygrvhab nvdbi5me sf5mxxl7 gl3lb2sf hhz5lgdu\"><img loading=\"lazy\" decoding=\"async\" src=\"https:\/\/static.xx.fbcdn.net\/images\/emoji.php\/v9\/ta7\/1\/16\/1f3ea.png\" alt=\"?\" width=\"16\" height=\"16\" \/><\/span>\u00a0H\u00e0 N\u1ed9i: s\u1ed1 42 Th\u1ecbnh Li\u1ec7t \u2013 Ho\u00e0ng Mai \u2013 H\u00e0 N\u1ed9i<\/h3>\n<h3 dir=\"auto\"><span class=\"pq6dq46d tbxw36s4 knj5qynh kvgmc6g5 ditlmg2l oygrvhab nvdbi5me sf5mxxl7 gl3lb2sf hhz5lgdu\"><img loading=\"lazy\" decoding=\"async\" src=\"https:\/\/static.xx.fbcdn.net\/images\/emoji.php\/v9\/ta7\/1\/16\/1f3ea.png\" alt=\"?\" width=\"16\" height=\"16\" \/><\/span>\u00a0S\u00e0i G\u00f2n: 558\/66 B\u00ecnh Qu\u1edbi \u2013 Ph\u01b0\u1eddng 28 \u2013 B\u00ecnh Th\u1ea1nh<\/h3>\n<\/div>\n","protected":false},"excerpt":{"rendered":"<p><span class=\"yt-core-attributed-string--link-inherit-color\" dir=\"auto\">Camera ng\u1ee5y trang \u0111ui \u0111e\u0300n ca\u0309m bi\u00ea\u0301n la\u0300 do\u0300ng sa\u0309n ph\u00e2\u0309m m\u01a1\u0301i nh\u00e2\u0301t v\u00ea\u0300 thi\u00ea\u0301t bi\u0323 camera ng\u1ee5y trang do \u0110i\u00ea\u0323n T\u01b0\u0309 Ha\u0309i T\u00e2m l\u00ean y\u0301 t\u01b0\u01a1\u0309ng va\u0300 thi\u00ea\u0301t k\u00ea\u0301 hoa\u0300n thi\u00ea\u0323n giu\u0301p mi\u0300nh co\u0301 th\u00ea\u0309 gia\u0301m sa\u0301t va\u0300 qua\u0309n ly\u0301 hi\u0300nh a\u0309nh 24\/24 t\u01b0\u0300 xa tr\u00ean \u0111i\u00ea\u0323n thoa\u0323i<\/span><\/p>\n","protected":false},"featured_media":2501,"comment_status":"open","ping_status":"closed","template":"","meta":[],"product_cat":[189,30,55],"product_tag":[157,151,152,150,57,103,156,161,160,162,153,154,158,155,159,105],"class_list":{"0":"post-2500","1":"product","2":"type-product","3":"status-publish","4":"has-post-thumbnail","6":"product_cat-camera","7":"product_cat-thiet-bi-quay-len","8":"product_cat-thiet-bi-quay-len-online","9":"product_tag-bong-den-camera","10":"product_tag-camera-bong-den","11":"product_tag-camera-bong-den-360","12":"product_tag-camera-dui-den","13":"product_tag-camera-nguy-trang","14":"product_tag-camera-nguy-trang-bong-den","15":"product_tag-camera-nguy-trang-bong-den-led","16":"product_tag-camera-nguy-trang-bong-den-rang-dong","17":"product_tag-camera-nguy-trang-bong-den-tron","18":"product_tag-camera-nguy-trang-bong-den-tuyp","19":"product_tag-camera-nguy-trang-bong-den-wifi","20":"product_tag-camera-nguy-trang-bong-den-yoosee","21":"product_tag-camera-nguy-trang-den-am-tran","22":"product_tag-camera-nguy-trang-den-led","23":"product_tag-camera-nguy-trang-den-mat-trau","24":"product_tag-camera-nguy-trang-dui-den","26":"first","27":"instock","28":"sale","29":"shipping-taxable","30":"purchasable","31":"product-type-simple"},"_links":{"self":[{"href":"https:\/\/cameraquaytrom.net\/index.php?rest_route=\/wp\/v2\/product\/2500"}],"collection":[{"href":"https:\/\/cameraquaytrom.net\/index.php?rest_route=\/wp\/v2\/product"}],"about":[{"href":"https:\/\/cameraquaytrom.net\/index.php?rest_route=\/wp\/v2\/types\/product"}],"replies":[{"embeddable":true,"href":"https:\/\/cameraquaytrom.net\/index.php?rest_route=%2Fwp%2Fv2%2Fcomments&post=2500"}],"wp:featuredmedia":[{"embeddable":true,"href":"https:\/\/cameraquaytrom.net\/index.php?rest_route=\/wp\/v2\/media\/2501"}],"wp:attachment":[{"href":"https:\/\/cameraquaytrom.net\/index.php?rest_route=%2Fwp%2Fv2%2Fmedia&parent=2500"}],"wp:term":[{"taxonomy":"product_cat","embeddable":true,"href":"https:\/\/cameraquaytrom.net\/index.php?rest_route=%2Fwp%2Fv2%2Fproduct_cat&post=2500"},{"taxonomy":"product_tag","embeddable":true,"href":"https:\/\/cameraquaytrom.net\/index.php?rest_route=%2Fwp%2Fv2%2Fproduct_tag&post=2500"}],"curies":[{"name":"wp","href":"https:\/\/api.w.org\/{rel}","templated":true}]}}