{"id":2566,"date":"2024-11-05T15:40:38","date_gmt":"2024-11-05T15:40:38","guid":{"rendered":"https:\/\/cameraquaytrom.net\/?post_type=product&#038;p=2566"},"modified":"2024-11-06T15:57:15","modified_gmt":"2024-11-06T15:57:15","slug":"camera-gan-sim-b52-xem-tu-xa-khong-can-wifi","status":"publish","type":"product","link":"https:\/\/cameraquaytrom.net\/?product=camera-gan-sim-b52-xem-tu-xa-khong-can-wifi","title":{"rendered":"Camera G\u1eafn Sim B52 Xem T\u1eeb Xa Kh\u00f4ng C\u1ea7n WiFi"},"content":{"rendered":"<h1 style=\"text-align: center;\">Camera G\u1eafn Sim B52 Xem T\u1eeb Xa Kh\u00f4ng C\u1ea7n WiFi<\/h1>\n<p style=\"text-align: center;\"><img loading=\"lazy\" decoding=\"async\" class=\"alignnone size-medium wp-image-2567\" src=\"https:\/\/cameraquaytrom.net\/wp-content\/uploads\/2024\/10\/z5966229577260_5fe0871bb9aee44d9500ad4edc29979e-300x300.jpg\" alt=\"\" width=\"300\" height=\"300\" srcset=\"https:\/\/cameraquaytrom.net\/wp-content\/uploads\/2024\/10\/z5966229577260_5fe0871bb9aee44d9500ad4edc29979e-300x300.jpg 300w, https:\/\/cameraquaytrom.net\/wp-content\/uploads\/2024\/10\/z5966229577260_5fe0871bb9aee44d9500ad4edc29979e-1024x1024.jpg 1024w, https:\/\/cameraquaytrom.net\/wp-content\/uploads\/2024\/10\/z5966229577260_5fe0871bb9aee44d9500ad4edc29979e-150x150.jpg 150w, https:\/\/cameraquaytrom.net\/wp-content\/uploads\/2024\/10\/z5966229577260_5fe0871bb9aee44d9500ad4edc29979e-768x767.jpg 768w, https:\/\/cameraquaytrom.net\/wp-content\/uploads\/2024\/10\/z5966229577260_5fe0871bb9aee44d9500ad4edc29979e-1536x1536.jpg 1536w, https:\/\/cameraquaytrom.net\/wp-content\/uploads\/2024\/10\/z5966229577260_5fe0871bb9aee44d9500ad4edc29979e-2048x2046.jpg 2048w, https:\/\/cameraquaytrom.net\/wp-content\/uploads\/2024\/10\/z5966229577260_5fe0871bb9aee44d9500ad4edc29979e-600x600.jpg 600w, https:\/\/cameraquaytrom.net\/wp-content\/uploads\/2024\/10\/z5966229577260_5fe0871bb9aee44d9500ad4edc29979e-100x100.jpg 100w\" sizes=\"(max-width: 300px) 100vw, 300px\" \/><\/p>\n<p style=\"text-align: center;\"><img loading=\"lazy\" decoding=\"async\" class=\"alignnone size-medium wp-image-2568\" src=\"https:\/\/cameraquaytrom.net\/wp-content\/uploads\/2024\/10\/z5966229583984_24fee0317aedfd1644838f39f9922c5e-300x300.jpg\" alt=\"\" width=\"300\" height=\"300\" srcset=\"https:\/\/cameraquaytrom.net\/wp-content\/uploads\/2024\/10\/z5966229583984_24fee0317aedfd1644838f39f9922c5e-300x300.jpg 300w, https:\/\/cameraquaytrom.net\/wp-content\/uploads\/2024\/10\/z5966229583984_24fee0317aedfd1644838f39f9922c5e-1024x1024.jpg 1024w, https:\/\/cameraquaytrom.net\/wp-content\/uploads\/2024\/10\/z5966229583984_24fee0317aedfd1644838f39f9922c5e-150x150.jpg 150w, https:\/\/cameraquaytrom.net\/wp-content\/uploads\/2024\/10\/z5966229583984_24fee0317aedfd1644838f39f9922c5e-768x768.jpg 768w, https:\/\/cameraquaytrom.net\/wp-content\/uploads\/2024\/10\/z5966229583984_24fee0317aedfd1644838f39f9922c5e-1536x1536.jpg 1536w, https:\/\/cameraquaytrom.net\/wp-content\/uploads\/2024\/10\/z5966229583984_24fee0317aedfd1644838f39f9922c5e-2048x2048.jpg 2048w, https:\/\/cameraquaytrom.net\/wp-content\/uploads\/2024\/10\/z5966229583984_24fee0317aedfd1644838f39f9922c5e-600x600.jpg 600w, https:\/\/cameraquaytrom.net\/wp-content\/uploads\/2024\/10\/z5966229583984_24fee0317aedfd1644838f39f9922c5e-100x100.jpg 100w\" sizes=\"(max-width: 300px) 100vw, 300px\" \/><\/p>\n<p style=\"text-align: center;\"><img loading=\"lazy\" decoding=\"async\" class=\"alignnone size-medium wp-image-2569\" src=\"https:\/\/cameraquaytrom.net\/wp-content\/uploads\/2024\/10\/z5966229595987_4ee4bcfd53f098d6ce59c7d3bcf9251f-300x300.jpg\" alt=\"\" width=\"300\" height=\"300\" srcset=\"https:\/\/cameraquaytrom.net\/wp-content\/uploads\/2024\/10\/z5966229595987_4ee4bcfd53f098d6ce59c7d3bcf9251f-300x300.jpg 300w, https:\/\/cameraquaytrom.net\/wp-content\/uploads\/2024\/10\/z5966229595987_4ee4bcfd53f098d6ce59c7d3bcf9251f-1024x1024.jpg 1024w, https:\/\/cameraquaytrom.net\/wp-content\/uploads\/2024\/10\/z5966229595987_4ee4bcfd53f098d6ce59c7d3bcf9251f-150x150.jpg 150w, https:\/\/cameraquaytrom.net\/wp-content\/uploads\/2024\/10\/z5966229595987_4ee4bcfd53f098d6ce59c7d3bcf9251f-768x767.jpg 768w, https:\/\/cameraquaytrom.net\/wp-content\/uploads\/2024\/10\/z5966229595987_4ee4bcfd53f098d6ce59c7d3bcf9251f-1536x1536.jpg 1536w, https:\/\/cameraquaytrom.net\/wp-content\/uploads\/2024\/10\/z5966229595987_4ee4bcfd53f098d6ce59c7d3bcf9251f-2048x2046.jpg 2048w, https:\/\/cameraquaytrom.net\/wp-content\/uploads\/2024\/10\/z5966229595987_4ee4bcfd53f098d6ce59c7d3bcf9251f-600x600.jpg 600w, https:\/\/cameraquaytrom.net\/wp-content\/uploads\/2024\/10\/z5966229595987_4ee4bcfd53f098d6ce59c7d3bcf9251f-100x100.jpg 100w\" sizes=\"(max-width: 300px) 100vw, 300px\" \/><\/p>\n<p style=\"text-align: center;\"><img loading=\"lazy\" decoding=\"async\" class=\"alignnone size-medium wp-image-2570\" src=\"https:\/\/cameraquaytrom.net\/wp-content\/uploads\/2024\/10\/z5966229608023_7f94c19b9f26a23aa4c0683c47ab0501-300x300.jpg\" alt=\"\" width=\"300\" height=\"300\" srcset=\"https:\/\/cameraquaytrom.net\/wp-content\/uploads\/2024\/10\/z5966229608023_7f94c19b9f26a23aa4c0683c47ab0501-300x300.jpg 300w, https:\/\/cameraquaytrom.net\/wp-content\/uploads\/2024\/10\/z5966229608023_7f94c19b9f26a23aa4c0683c47ab0501-1024x1024.jpg 1024w, https:\/\/cameraquaytrom.net\/wp-content\/uploads\/2024\/10\/z5966229608023_7f94c19b9f26a23aa4c0683c47ab0501-150x150.jpg 150w, https:\/\/cameraquaytrom.net\/wp-content\/uploads\/2024\/10\/z5966229608023_7f94c19b9f26a23aa4c0683c47ab0501-768x768.jpg 768w, https:\/\/cameraquaytrom.net\/wp-content\/uploads\/2024\/10\/z5966229608023_7f94c19b9f26a23aa4c0683c47ab0501-1536x1536.jpg 1536w, https:\/\/cameraquaytrom.net\/wp-content\/uploads\/2024\/10\/z5966229608023_7f94c19b9f26a23aa4c0683c47ab0501-2048x2048.jpg 2048w, https:\/\/cameraquaytrom.net\/wp-content\/uploads\/2024\/10\/z5966229608023_7f94c19b9f26a23aa4c0683c47ab0501-600x600.jpg 600w, https:\/\/cameraquaytrom.net\/wp-content\/uploads\/2024\/10\/z5966229608023_7f94c19b9f26a23aa4c0683c47ab0501-100x100.jpg 100w\" sizes=\"(max-width: 300px) 100vw, 300px\" \/><\/p>\n<p style=\"text-align: center;\"><img loading=\"lazy\" decoding=\"async\" class=\"alignnone size-medium wp-image-2571\" src=\"https:\/\/cameraquaytrom.net\/wp-content\/uploads\/2024\/10\/z5966420720991_813b76476cfe7adf60778dec9ed4891e-300x167.jpg\" alt=\"\" width=\"300\" height=\"167\" srcset=\"https:\/\/cameraquaytrom.net\/wp-content\/uploads\/2024\/10\/z5966420720991_813b76476cfe7adf60778dec9ed4891e-300x167.jpg 300w, https:\/\/cameraquaytrom.net\/wp-content\/uploads\/2024\/10\/z5966420720991_813b76476cfe7adf60778dec9ed4891e-1024x569.jpg 1024w, https:\/\/cameraquaytrom.net\/wp-content\/uploads\/2024\/10\/z5966420720991_813b76476cfe7adf60778dec9ed4891e-768x427.jpg 768w, https:\/\/cameraquaytrom.net\/wp-content\/uploads\/2024\/10\/z5966420720991_813b76476cfe7adf60778dec9ed4891e-600x333.jpg 600w, https:\/\/cameraquaytrom.net\/wp-content\/uploads\/2024\/10\/z5966420720991_813b76476cfe7adf60778dec9ed4891e.jpg 1290w\" sizes=\"(max-width: 300px) 100vw, 300px\" \/><\/p>\n<h2 style=\"text-align: center;\"><em>Video h\u01b0\u1edbng d\u1eabn s\u1eed d\u1ee5ng<\/em><\/h2>\n<p><iframe loading=\"lazy\" title=\"H\u01b0\u1edbng D\u1eabn S\u1eed D\u1ee5ng Camera G\u1eafn Sim 4G B52 Cao C\u1ea5p Tr\u00ean APP: HIDVCAM M\u1edbi Nh\u1ea5t 2024\" width=\"1020\" height=\"574\" src=\"https:\/\/www.youtube.com\/embed\/351Kc5sbE4w?feature=oembed\" frameborder=\"0\" allow=\"accelerometer; autoplay; clipboard-write; encrypted-media; gyroscope; picture-in-picture; web-share\" referrerpolicy=\"strict-origin-when-cross-origin\" allowfullscreen><\/iframe><\/p>\n<p>H\u01b0\u1edbng D\u1eabn S\u1eed D\u1ee5ng Camera G\u1eafn Sim 4G B52 Cao C\u1ea5p Tr\u00ean APP: HIDVCAM M\u1edbi Nh\u1ea5t 2024<\/p>\n<p>M\u00f4 T\u1ea3 S\u1ea3n Ph\u1ea9m Model:<\/p>\n<p>Cam Sim B52 B\u1ea3o h\u00e0nh 12 th\u00e1ng<\/p>\n<p>H\u1ed7 tr\u1ee3 xem h\u00ecnh \u1ea3nh tr\u1ef1c ti\u1ebfp t\u1eeb xa qua \u1ee9ng d\u1ee5ng<\/p>\n<p>Dung l\u01b0\u1ee3ng Pin kho\u1ea3ng 15 gi\u1edd v\u00e0 c\u00f3 th\u1ec3 v\u1eeba s\u1ea1c v\u1eeba quay ghi h\u00ecnh 24\/24h li\u00ean t\u1ee5c<\/p>\n<p>G\u00f3c nh\u00ecn r\u1ed9ng 150 \u0111\u1ed9<\/p>\n<p>H\u1ed3ng ngo\u1ea1i \u0111en \u1ea9n h\u1ed7 tr\u1ee3 nh\u00ecn t\u1ed1t trong \u0111\u00eam t\u1ed1i kh\u00f4ng b\u1ecb ph\u00e1t hi\u1ec7n<\/p>\n<p>C\u1ea3m bi\u1ebfn h\u00ecnh \u1ea3nh: C\u1ea3m bi\u1ebfn CMOS<\/p>\n<p>\u0110\u1ed9 ph\u00e2n gi\u1ea3i video: 1080P s\u1eafc n\u00e9t \u0110\u1ed9 ph\u00e2n gi\u1ea3i ngang: 480TVL<\/p>\n<p>Khu\u1ebfch \u0111\u1ea1i \u00e1nh s\u00e1ng: T\u1ef1 \u0111\u1ed9ng Video Format: AVI<\/p>\n<p>H\u1ed7 tr\u1ee3 miccro ghi \u00e2m Wifi: Ch\u1ebf \u0111\u1ed9 WIFI,<\/p>\n<p>H\u1ed7 tr\u1ee3 IOS, Android<\/p>\n<p>Giao th\u1ee9c m\u1ea1ng: H\u1ed7 tr\u1ee3 TCP\/UDP<\/p>\n<p>\u0110\u1ea7u ra giao di\u1ec7n: 1 x Mini USB, 1 x Khe c\u1eafm th\u1ebb nh\u1edb Micro SD<\/p>\n<p>H\u1ed7 tr\u1ee3 l\u01b0u tr\u1eef qua th\u1ebb nh\u1edb MicroSD l\u00ean \u0111\u1ebfn 128GB (kh\u00f4ng bao g\u1ed3m)<\/p>\n<p>Ngu\u1ed3n DC 5V 2A Power: 2W<\/p>\n<p>Nhi\u1ec7t \u0111\u1ed9 ho\u1ea1t \u0111\u1ed9ng: 0 \u2103 -40 \u2103<\/p>\n<p>\u0110\u1ed9 \u1ea9m ho\u1ea1t \u0111\u1ed9ng: 20-70%<\/p>\n<p>M\u00e0u s\u1eafc: \u0110en<\/p>\n<p>K\u00edch th\u01b0\u1edbc camera nh\u1ecf g\u1ecdn<\/p>\n<p>D\u1ec5 d\u00e0ng mang theo ho\u1eb7c \u0111\u1eb7t \u1edf b\u1ea5t c\u1ee9 \u0111\u00e2u v\u00e0 xem online tr\u1ef1c ti\u1ebfp ngay tr\u00ean \u0111i\u1ec7n tho\u1ea1i t\u1eeb xa v\u1edbi SIM 4G<\/p>\n<p>\u1ee8ng d\u1ee5ng c\u1ee7a s\u1ea3n ph\u1ea9m r\u1ea5t \u0111a d\u1ea1ng: Quan s\u00e1t gia \u0111\u00ecnh tr\u1ebb nh\u1ecf, ghi \u00e2m, ph\u00e1t hi\u1ec7n chuy\u1ec3n \u0111\u1ed9ng ,quay phim cu\u1ed9c h\u1ecdp, quay t\u01b0 li\u1ec7u ph\u1ee5c v\u1ee5 ph\u00f3ng s\u1ef1, \u0111i\u1ec1u tra,<\/p>\n<p>-C\u00f3 th\u1ec3 k\u1ebft n\u1ed1i xem tr\u1ef1c ti\u1ebfp v\u00e0 tua l\u1ea1i tr\u00ean \u0111i\u1ec7n tho\u1ea1i m\u1ecdi l\u00fac m\u1ecdi n\u01a1i th\u1eadt ti\u1ec7n l\u1ee3i .<\/p>\n<p>Ch\u1ebf \u0111\u1ed9 b\u1ea3o h\u00e0nh \u2013 S\u1ea3n ph\u1ea9m \u0111\u01b0\u1ee3c b\u1ea3o h\u00e0nh 12 th\u00e1ng.<\/p>\n<p>\u2013 S\u1ea3n ph\u1ea9m c\u00f3 gi\u00e1 t\u1ed1t nh\u1ea5t th\u1ecb tr\u01b0\u1eddng<\/p>\n<p>\u2013 S\u1ea3n ph\u1ea9m thi\u1ebft b\u1ecb camera ch\u00ednh h\u00e3ng nh\u1eadp kh\u1ea9u nguy\u00ean chi\u1ebfc<\/p>\n<p>\u2013 Th\u00f4ng tin qu\u00fd kh\u00e1ch h\u00e0ng \u0111\u01b0\u1ee3c b\u1ea3o m\u1eadt tuy\u1ec7t \u0111\u1ed1i<\/p>\n<p>\u2013 Cam k\u1ebft ho\u00e0n ti\u1ec1n 100% khi thi\u1ebft b\u1ecb kh\u00f4ng c\u00f3 nh\u1eefng t\u00ednh n\u0103ng k\u1ec3 tr\u00ean.<\/p>\n<p>\u2013 S\u1ea3n ph\u1ea9m fullbox k\u00e8m c\u00e1c ph\u1ee5 ki\u1ec7n \u0111i k\u00e8m: 01 s\u00e1ch h\u01b0\u1edbng d\u1eabn s\u1eed d\u1ee5ng thi\u1ebft b\u1ecb<\/p>\n<h3>Li\u00ean h\u1ec7 mua h\u00e0ng<\/h3>\n<h3 dir=\"auto\"><span class=\"pq6dq46d tbxw36s4 knj5qynh kvgmc6g5 ditlmg2l oygrvhab nvdbi5me sf5mxxl7 gl3lb2sf hhz5lgdu\"><img loading=\"lazy\" decoding=\"async\" src=\"https:\/\/static.xx.fbcdn.net\/images\/emoji.php\/v9\/t22\/1\/16\/260e.png\" alt=\"\u260e\ufe0f\" width=\"16\" height=\"16\" \/><\/span>\u00a0A H\u1ea3i: 094.226.2345 (zalo) \u2013 T\u01b0 V\u1ea5n 24\/24<\/h3>\n<div class=\"o9v6fnle cxmmr5t8 oygrvhab hcukyx3x c1et5uql ii04i59q\">\n<h3 dir=\"auto\"><span class=\"pq6dq46d tbxw36s4 knj5qynh kvgmc6g5 ditlmg2l oygrvhab nvdbi5me sf5mxxl7 gl3lb2sf hhz5lgdu\"><img loading=\"lazy\" decoding=\"async\" src=\"https:\/\/static.xx.fbcdn.net\/images\/emoji.php\/v9\/ta7\/1\/16\/1f3ea.png\" alt=\"?\" width=\"16\" height=\"16\" \/><\/span>\u00a0H\u00e0 N\u1ed9i: s\u1ed1 42 Th\u1ecbnh Li\u1ec7t \u2013 Ho\u00e0ng Mai \u2013 H\u00e0 N\u1ed9i<\/h3>\n<h3 dir=\"auto\"><span class=\"pq6dq46d tbxw36s4 knj5qynh kvgmc6g5 ditlmg2l oygrvhab nvdbi5me sf5mxxl7 gl3lb2sf hhz5lgdu\"><img loading=\"lazy\" decoding=\"async\" src=\"https:\/\/static.xx.fbcdn.net\/images\/emoji.php\/v9\/ta7\/1\/16\/1f3ea.png\" alt=\"?\" width=\"16\" height=\"16\" \/><\/span>\u00a0S\u00e0i G\u00f2n: 558\/66 B\u00ecnh Qu\u1edbi \u2013 Ph\u01b0\u1eddng 28 \u2013 B\u00ecnh Th\u1ea1nh<\/h3>\n<\/div>\n","protected":false},"excerpt":{"rendered":"<h1 style=\"text-align: center;\">Camera G\u1eafn Sim B52 Xem T\u1eeb Xa Kh\u00f4ng C\u1ea7n WiFi<\/h1>\n","protected":false},"featured_media":2567,"comment_status":"open","ping_status":"closed","template":"","meta":[],"product_cat":[189,30,55],"product_tag":[168,169,170,186,187,188,59,142,171,172,62,173,174,175,176,177,60,58,178,179,180,181,182,183,184,185],"class_list":{"0":"post-2566","1":"product","2":"type-product","3":"status-publish","4":"has-post-thumbnail","6":"product_cat-camera","7":"product_cat-thiet-bi-quay-len","8":"product_cat-thiet-bi-quay-len-online","9":"product_tag-camera-4g","10":"product_tag-camera-4g-sim","11":"product_tag-camera-4g-wifi","12":"product_tag-camera-gan-sim-4g-a54","13":"product_tag-camera-gan-sim-4g-a60","14":"product_tag-camera-gan-sim-4g-b52","15":"product_tag-camera-giau-kin","16":"product_tag-camera-ip","17":"product_tag-camera-ip-khong-day","18":"product_tag-camera-ip-wifi-4g","19":"product_tag-camera-mini","20":"product_tag-camera-mini-dung-sim-4g","21":"product_tag-camera-mini-lap-sim-4g","22":"product_tag-camera-mini-sieu-nho","23":"product_tag-camera-mini-x7d","24":"product_tag-camera-mini-xem-tu-xa","25":"product_tag-camera-quay-len","26":"product_tag-camera-sieu-nho","27":"product_tag-camera-sieu-nho-dung-sim-4g","28":"product_tag-camera-sieu-nho-lap-sim-4g","29":"product_tag-camera-sieu-nho-xem-tu-xa","30":"product_tag-camera-wifi-4g","31":"product_tag-ip-camera-4g","32":"product_tag-ip-camera-4g-sim-card","33":"product_tag-ip-camera-sim","34":"product_tag-ipcam-4g","36":"first","37":"instock","38":"sale","39":"featured","40":"shipping-taxable","41":"purchasable","42":"product-type-simple"},"_links":{"self":[{"href":"https:\/\/cameraquaytrom.net\/index.php?rest_route=\/wp\/v2\/product\/2566"}],"collection":[{"href":"https:\/\/cameraquaytrom.net\/index.php?rest_route=\/wp\/v2\/product"}],"about":[{"href":"https:\/\/cameraquaytrom.net\/index.php?rest_route=\/wp\/v2\/types\/product"}],"replies":[{"embeddable":true,"href":"https:\/\/cameraquaytrom.net\/index.php?rest_route=%2Fwp%2Fv2%2Fcomments&post=2566"}],"wp:featuredmedia":[{"embeddable":true,"href":"https:\/\/cameraquaytrom.net\/index.php?rest_route=\/wp\/v2\/media\/2567"}],"wp:attachment":[{"href":"https:\/\/cameraquaytrom.net\/index.php?rest_route=%2Fwp%2Fv2%2Fmedia&parent=2566"}],"wp:term":[{"taxonomy":"product_cat","embeddable":true,"href":"https:\/\/cameraquaytrom.net\/index.php?rest_route=%2Fwp%2Fv2%2Fproduct_cat&post=2566"},{"taxonomy":"product_tag","embeddable":true,"href":"https:\/\/cameraquaytrom.net\/index.php?rest_route=%2Fwp%2Fv2%2Fproduct_tag&post=2566"}],"curies":[{"name":"wp","href":"https:\/\/api.w.org\/{rel}","templated":true}]}}