{"id":2572,"date":"2024-11-05T15:45:18","date_gmt":"2024-11-05T15:45:18","guid":{"rendered":"https:\/\/cameraquaytrom.net\/?post_type=product&#038;p=2572"},"modified":"2024-11-06T15:57:02","modified_gmt":"2024-11-06T15:57:02","slug":"camera-gan-sim-a54-xem-tu-xa-khong-can-wifi","status":"publish","type":"product","link":"https:\/\/cameraquaytrom.net\/?product=camera-gan-sim-a54-xem-tu-xa-khong-can-wifi","title":{"rendered":"Camera G\u1eafn Sim A54 Xem T\u1eeb Xa Kh\u00f4ng C\u1ea7n WiFi"},"content":{"rendered":"<h1 style=\"text-align: center;\">Camera G\u1eafn Sim A54 Xem T\u1eeb Xa Kh\u00f4ng C\u1ea7n WiFi<\/h1>\n<p style=\"text-align: center;\"><img loading=\"lazy\" decoding=\"async\" class=\"alignnone size-medium wp-image-2574\" src=\"https:\/\/cameraquaytrom.net\/wp-content\/uploads\/2024\/10\/z5966231078473_80d9953fd1e63ebc6323d7eee874db70-300x300.jpg\" alt=\"\" width=\"300\" height=\"300\" srcset=\"https:\/\/cameraquaytrom.net\/wp-content\/uploads\/2024\/10\/z5966231078473_80d9953fd1e63ebc6323d7eee874db70-300x300.jpg 300w, https:\/\/cameraquaytrom.net\/wp-content\/uploads\/2024\/10\/z5966231078473_80d9953fd1e63ebc6323d7eee874db70-1024x1024.jpg 1024w, https:\/\/cameraquaytrom.net\/wp-content\/uploads\/2024\/10\/z5966231078473_80d9953fd1e63ebc6323d7eee874db70-150x150.jpg 150w, https:\/\/cameraquaytrom.net\/wp-content\/uploads\/2024\/10\/z5966231078473_80d9953fd1e63ebc6323d7eee874db70-768x768.jpg 768w, https:\/\/cameraquaytrom.net\/wp-content\/uploads\/2024\/10\/z5966231078473_80d9953fd1e63ebc6323d7eee874db70-1536x1536.jpg 1536w, https:\/\/cameraquaytrom.net\/wp-content\/uploads\/2024\/10\/z5966231078473_80d9953fd1e63ebc6323d7eee874db70-2048x2048.jpg 2048w, https:\/\/cameraquaytrom.net\/wp-content\/uploads\/2024\/10\/z5966231078473_80d9953fd1e63ebc6323d7eee874db70-600x600.jpg 600w, https:\/\/cameraquaytrom.net\/wp-content\/uploads\/2024\/10\/z5966231078473_80d9953fd1e63ebc6323d7eee874db70-100x100.jpg 100w\" sizes=\"(max-width: 300px) 100vw, 300px\" \/><\/p>\n<p style=\"text-align: center;\"><img loading=\"lazy\" decoding=\"async\" class=\"alignnone size-medium wp-image-2573\" src=\"https:\/\/cameraquaytrom.net\/wp-content\/uploads\/2024\/10\/z5966231077592_a4126196b190890e483ca6d93065e6aa-300x300.jpg\" alt=\"\" width=\"300\" height=\"300\" srcset=\"https:\/\/cameraquaytrom.net\/wp-content\/uploads\/2024\/10\/z5966231077592_a4126196b190890e483ca6d93065e6aa-300x300.jpg 300w, https:\/\/cameraquaytrom.net\/wp-content\/uploads\/2024\/10\/z5966231077592_a4126196b190890e483ca6d93065e6aa-1024x1024.jpg 1024w, https:\/\/cameraquaytrom.net\/wp-content\/uploads\/2024\/10\/z5966231077592_a4126196b190890e483ca6d93065e6aa-150x150.jpg 150w, https:\/\/cameraquaytrom.net\/wp-content\/uploads\/2024\/10\/z5966231077592_a4126196b190890e483ca6d93065e6aa-768x767.jpg 768w, https:\/\/cameraquaytrom.net\/wp-content\/uploads\/2024\/10\/z5966231077592_a4126196b190890e483ca6d93065e6aa-1536x1536.jpg 1536w, https:\/\/cameraquaytrom.net\/wp-content\/uploads\/2024\/10\/z5966231077592_a4126196b190890e483ca6d93065e6aa-2048x2046.jpg 2048w, https:\/\/cameraquaytrom.net\/wp-content\/uploads\/2024\/10\/z5966231077592_a4126196b190890e483ca6d93065e6aa-600x600.jpg 600w, https:\/\/cameraquaytrom.net\/wp-content\/uploads\/2024\/10\/z5966231077592_a4126196b190890e483ca6d93065e6aa-100x100.jpg 100w\" sizes=\"(max-width: 300px) 100vw, 300px\" \/><\/p>\n<p style=\"text-align: center;\"><img loading=\"lazy\" decoding=\"async\" class=\"alignnone size-medium wp-image-2575\" src=\"https:\/\/cameraquaytrom.net\/wp-content\/uploads\/2024\/10\/z5966231092813_c1b9d93a6157b273123f02a950d67094-300x300.jpg\" alt=\"\" width=\"300\" height=\"300\" srcset=\"https:\/\/cameraquaytrom.net\/wp-content\/uploads\/2024\/10\/z5966231092813_c1b9d93a6157b273123f02a950d67094-300x300.jpg 300w, https:\/\/cameraquaytrom.net\/wp-content\/uploads\/2024\/10\/z5966231092813_c1b9d93a6157b273123f02a950d67094-1024x1024.jpg 1024w, https:\/\/cameraquaytrom.net\/wp-content\/uploads\/2024\/10\/z5966231092813_c1b9d93a6157b273123f02a950d67094-150x150.jpg 150w, https:\/\/cameraquaytrom.net\/wp-content\/uploads\/2024\/10\/z5966231092813_c1b9d93a6157b273123f02a950d67094-768x767.jpg 768w, https:\/\/cameraquaytrom.net\/wp-content\/uploads\/2024\/10\/z5966231092813_c1b9d93a6157b273123f02a950d67094-1536x1536.jpg 1536w, https:\/\/cameraquaytrom.net\/wp-content\/uploads\/2024\/10\/z5966231092813_c1b9d93a6157b273123f02a950d67094-2048x2046.jpg 2048w, https:\/\/cameraquaytrom.net\/wp-content\/uploads\/2024\/10\/z5966231092813_c1b9d93a6157b273123f02a950d67094-600x600.jpg 600w, https:\/\/cameraquaytrom.net\/wp-content\/uploads\/2024\/10\/z5966231092813_c1b9d93a6157b273123f02a950d67094-100x100.jpg 100w\" sizes=\"(max-width: 300px) 100vw, 300px\" \/><\/p>\n<p style=\"text-align: center;\"><img loading=\"lazy\" decoding=\"async\" class=\"alignnone size-medium wp-image-2576\" src=\"https:\/\/cameraquaytrom.net\/wp-content\/uploads\/2024\/10\/z5966231099842_e977f1c0c5aaa81e7d9b93d0cb16ea80-300x300.jpg\" alt=\"\" width=\"300\" height=\"300\" srcset=\"https:\/\/cameraquaytrom.net\/wp-content\/uploads\/2024\/10\/z5966231099842_e977f1c0c5aaa81e7d9b93d0cb16ea80-300x300.jpg 300w, https:\/\/cameraquaytrom.net\/wp-content\/uploads\/2024\/10\/z5966231099842_e977f1c0c5aaa81e7d9b93d0cb16ea80-1024x1024.jpg 1024w, https:\/\/cameraquaytrom.net\/wp-content\/uploads\/2024\/10\/z5966231099842_e977f1c0c5aaa81e7d9b93d0cb16ea80-150x150.jpg 150w, https:\/\/cameraquaytrom.net\/wp-content\/uploads\/2024\/10\/z5966231099842_e977f1c0c5aaa81e7d9b93d0cb16ea80-768x768.jpg 768w, https:\/\/cameraquaytrom.net\/wp-content\/uploads\/2024\/10\/z5966231099842_e977f1c0c5aaa81e7d9b93d0cb16ea80-1536x1536.jpg 1536w, https:\/\/cameraquaytrom.net\/wp-content\/uploads\/2024\/10\/z5966231099842_e977f1c0c5aaa81e7d9b93d0cb16ea80-2048x2048.jpg 2048w, https:\/\/cameraquaytrom.net\/wp-content\/uploads\/2024\/10\/z5966231099842_e977f1c0c5aaa81e7d9b93d0cb16ea80-600x600.jpg 600w, https:\/\/cameraquaytrom.net\/wp-content\/uploads\/2024\/10\/z5966231099842_e977f1c0c5aaa81e7d9b93d0cb16ea80-100x100.jpg 100w\" sizes=\"(max-width: 300px) 100vw, 300px\" \/><\/p>\n<h2 style=\"text-align: center;\"><em>Video h\u01b0\u1edbng d\u1eabn s\u1eed d\u1ee5ng<\/em><\/h2>\n<p><iframe loading=\"lazy\" title=\"Camera G\u1eafn Sim A54 M\u1eabu M\u1edbi 2024 Ho\u1ea1t \u0110\u1ed9ng \u0110\u1ed9c L\u1eadp, Xem T\u1eeb Xa Kh\u00f4ng C\u1ea7n WiFi\" width=\"1020\" height=\"574\" src=\"https:\/\/www.youtube.com\/embed\/nmJyfnBVcBM?feature=oembed\" frameborder=\"0\" allow=\"accelerometer; autoplay; clipboard-write; encrypted-media; gyroscope; picture-in-picture; web-share\" referrerpolicy=\"strict-origin-when-cross-origin\" allowfullscreen><\/iframe><\/p>\n<p>&#8220;Kh\u00e1m ph\u00e1 th\u1ebf gi\u1edbi camera si\u00eau nh\u1ecf A54: Camera si\u00eau nh\u1ecf g\u1eafn sim A54 cho tr\u1ea3i nghi\u1ec7m an ninh ho\u00e0n h\u1ea3o | Gi\u00e1 c\u1ea3 ph\u1ea3i ch\u0103ng, m\u1eabu m\u00e3 \u0111a d\u1ea1ng<\/p>\n<p>Trong video n\u00e0y m\u00ecnh s\u1ebd gi\u1edbi thi\u1ec7u v\u1ec1 camera si\u00eau nh\u1ecf A54 &#8211; m\u1ed9t d\u00f2ng camera g\u1eafn sim 4G \u0111\u01b0\u1ee3c nhi\u1ec1u ng\u01b0\u1eddi y\u00eau th\u00edch.<\/p>\n<p>Camera si\u00eau nh\u1ecf g\u1eafn sim A54, camera A54 g\u1eafn sim 4G v\u00e0 camera kh\u00f4ng d\u00e2y si\u00eau nh\u1ecf g\u1eafn sim l\u00e0 nh\u1eefng s\u1ea3n ph\u1ea9m \u0111\u1ed9c \u0111\u00e1o gi\u00fap b\u1ea1n gi\u00e1m s\u00e1t kh\u00f4ng gian s\u1ed1ng c\u1ee7a m\u00ecnh m\u1ed9t c\u00e1ch d\u1ec5 d\u00e0ng v\u00e0 hi\u1ec7u qu\u1ea3. C\u00f9ng t\u00ecm hi\u1ec3u c\u00e1c t\u00ednh n\u0103ng n\u1ed5i b\u1eadt c\u1ee7a camera g\u1eafn sim A54, camera g\u1eafn sim A51, camera g\u1eafn sim 4G, camera mini sim 4G v\u00e0 camera kh\u00f4ng d\u00e2y sim 3G 4G.<\/p>\n<p>\u0110\u01b0\u1ee3c trang b\u1ecb c\u00f4ng ngh\u1ec7 kh\u00f4ng d\u00e2y v\u00e0 s\u1eed d\u1ee5ng sim 4G, nh\u1eefng chi\u1ebfc camera n\u00e0y mang l\u1ea1i s\u1ef1 ti\u1ec7n l\u1ee3i v\u00e0 linh ho\u1ea1t trong qu\u00e1 tr\u00ecnh l\u1eafp \u0111\u1eb7t.<\/p>\n<p>Ch\u00fang t\u00f4i c\u0169ng s\u1ebd so s\u00e1nh gi\u1eefa camera g\u1eafn sim 4G gi\u00e1 r\u1ebb v\u00e0 camera g\u1eafn sim 4G m\u1eabu m\u1edbi nh\u1ea5t \u0111\u1ec3 b\u1ea1n c\u00f3 th\u1ec3 l\u1ef1a ch\u1ecdn s\u1ea3n ph\u1ea9m ph\u00f9 h\u1ee3p v\u1edbi nhu c\u1ea7u v\u00e0 ng\u00e2n h\u00e0ng c\u1ee7a m\u00ecnh.<\/p>\n<p>H\u00e3y c\u00f9ng kh\u00e1m ph\u00e1 nh\u1eefng \u0111i\u1ec3m \u01b0u vi\u1ec7t c\u1ee7a camera d\u00f9ng sim trong vi\u1ec7c b\u1ea3o v\u1ec7 an ninh gia \u0111\u00ecnh v\u00e0 c\u00f4ng ty.<\/p>\n<p>\u0110\u1eebng b\u1ecf l\u1ee1 video n\u00e0y \u0111\u1ec3 t\u00ecm hi\u1ec3u th\u00eam v\u1ec1 c\u00e1c lo\u1ea1i camera si\u00eau nh\u1ecf g\u1eafn sim A54, camera A54 g\u1eafn sim 4G v\u00e0 nhi\u1ec1u s\u1ea3n ph\u1ea9m h\u1ea5p d\u1eabn kh\u00e1c! Vui l\u00f2ng \u0111\u0103ng k\u00fd k\u00eanh \u0111\u1ec3 c\u1eadp nh\u1eadt nh\u1eefng th\u00f4ng tin m\u1edbi nh\u1ea5t v\u1ec1 c\u00e1c s\u1ea3n ph\u1ea9m camera g\u1eafn sim \u0111\u1ec9nh cao!&#8221;<\/p>\n<h3>Li\u00ean h\u1ec7 mua h\u00e0ng<\/h3>\n<h3 dir=\"auto\"><span class=\"pq6dq46d tbxw36s4 knj5qynh kvgmc6g5 ditlmg2l oygrvhab nvdbi5me sf5mxxl7 gl3lb2sf hhz5lgdu\"><img loading=\"lazy\" decoding=\"async\" src=\"https:\/\/static.xx.fbcdn.net\/images\/emoji.php\/v9\/t22\/1\/16\/260e.png\" alt=\"\u260e\ufe0f\" width=\"16\" height=\"16\" \/><\/span>\u00a0A H\u1ea3i: 094.226.2345 (zalo) \u2013 T\u01b0 V\u1ea5n 24\/24<\/h3>\n<div class=\"o9v6fnle cxmmr5t8 oygrvhab hcukyx3x c1et5uql ii04i59q\">\n<h3 dir=\"auto\"><span class=\"pq6dq46d tbxw36s4 knj5qynh kvgmc6g5 ditlmg2l oygrvhab nvdbi5me sf5mxxl7 gl3lb2sf hhz5lgdu\"><img loading=\"lazy\" decoding=\"async\" src=\"https:\/\/static.xx.fbcdn.net\/images\/emoji.php\/v9\/ta7\/1\/16\/1f3ea.png\" alt=\"?\" width=\"16\" height=\"16\" \/><\/span>\u00a0H\u00e0 N\u1ed9i: s\u1ed1 42 Th\u1ecbnh Li\u1ec7t \u2013 Ho\u00e0ng Mai \u2013 H\u00e0 N\u1ed9i<\/h3>\n<h3 dir=\"auto\"><span class=\"pq6dq46d tbxw36s4 knj5qynh kvgmc6g5 ditlmg2l oygrvhab nvdbi5me sf5mxxl7 gl3lb2sf hhz5lgdu\"><img loading=\"lazy\" decoding=\"async\" src=\"https:\/\/static.xx.fbcdn.net\/images\/emoji.php\/v9\/ta7\/1\/16\/1f3ea.png\" alt=\"?\" width=\"16\" height=\"16\" \/><\/span>\u00a0S\u00e0i G\u00f2n: 558\/66 B\u00ecnh Qu\u1edbi \u2013 Ph\u01b0\u1eddng 28 \u2013 B\u00ecnh Th\u1ea1nh<\/h3>\n<\/div>\n","protected":false},"excerpt":{"rendered":"<p>&#8220;Kh\u00e1m ph\u00e1 th\u1ebf gi\u1edbi camera si\u00eau nh\u1ecf A54: Camera si\u00eau nh\u1ecf g\u1eafn sim A54 cho tr\u1ea3i nghi\u1ec7m an ninh ho\u00e0n h\u1ea3o | Gi\u00e1 c\u1ea3 ph\u1ea3i ch\u0103ng, m\u1eabu m\u00e3 \u0111a d\u1ea1ng<\/p>\n","protected":false},"featured_media":2574,"comment_status":"open","ping_status":"closed","template":"","meta":[],"product_cat":[189,30,55],"product_tag":[168,169,170,186,187,188,59,142,171,172,62,173,174,175,176,177,60,58,178,179,180,181,182,183,184,185],"class_list":{"0":"post-2572","1":"product","2":"type-product","3":"status-publish","4":"has-post-thumbnail","6":"product_cat-camera","7":"product_cat-thiet-bi-quay-len","8":"product_cat-thiet-bi-quay-len-online","9":"product_tag-camera-4g","10":"product_tag-camera-4g-sim","11":"product_tag-camera-4g-wifi","12":"product_tag-camera-gan-sim-4g-a54","13":"product_tag-camera-gan-sim-4g-a60","14":"product_tag-camera-gan-sim-4g-b52","15":"product_tag-camera-giau-kin","16":"product_tag-camera-ip","17":"product_tag-camera-ip-khong-day","18":"product_tag-camera-ip-wifi-4g","19":"product_tag-camera-mini","20":"product_tag-camera-mini-dung-sim-4g","21":"product_tag-camera-mini-lap-sim-4g","22":"product_tag-camera-mini-sieu-nho","23":"product_tag-camera-mini-x7d","24":"product_tag-camera-mini-xem-tu-xa","25":"product_tag-camera-quay-len","26":"product_tag-camera-sieu-nho","27":"product_tag-camera-sieu-nho-dung-sim-4g","28":"product_tag-camera-sieu-nho-lap-sim-4g","29":"product_tag-camera-sieu-nho-xem-tu-xa","30":"product_tag-camera-wifi-4g","31":"product_tag-ip-camera-4g","32":"product_tag-ip-camera-4g-sim-card","33":"product_tag-ip-camera-sim","34":"product_tag-ipcam-4g","36":"first","37":"instock","38":"sale","39":"featured","40":"shipping-taxable","41":"purchasable","42":"product-type-simple"},"_links":{"self":[{"href":"https:\/\/cameraquaytrom.net\/index.php?rest_route=\/wp\/v2\/product\/2572"}],"collection":[{"href":"https:\/\/cameraquaytrom.net\/index.php?rest_route=\/wp\/v2\/product"}],"about":[{"href":"https:\/\/cameraquaytrom.net\/index.php?rest_route=\/wp\/v2\/types\/product"}],"replies":[{"embeddable":true,"href":"https:\/\/cameraquaytrom.net\/index.php?rest_route=%2Fwp%2Fv2%2Fcomments&post=2572"}],"wp:featuredmedia":[{"embeddable":true,"href":"https:\/\/cameraquaytrom.net\/index.php?rest_route=\/wp\/v2\/media\/2574"}],"wp:attachment":[{"href":"https:\/\/cameraquaytrom.net\/index.php?rest_route=%2Fwp%2Fv2%2Fmedia&parent=2572"}],"wp:term":[{"taxonomy":"product_cat","embeddable":true,"href":"https:\/\/cameraquaytrom.net\/index.php?rest_route=%2Fwp%2Fv2%2Fproduct_cat&post=2572"},{"taxonomy":"product_tag","embeddable":true,"href":"https:\/\/cameraquaytrom.net\/index.php?rest_route=%2Fwp%2Fv2%2Fproduct_tag&post=2572"}],"curies":[{"name":"wp","href":"https:\/\/api.w.org\/{rel}","templated":true}]}}