{"id":2712,"date":"2024-11-01T15:51:45","date_gmt":"2024-11-01T15:51:45","guid":{"rendered":"https:\/\/cameraquaytrom.net\/?post_type=product&#038;p=2712"},"modified":"2024-11-01T15:51:46","modified_gmt":"2024-11-01T15:51:46","slug":"camera-sieu-nho-v99-plus-quay-dem-gia-re","status":"publish","type":"product","link":"https:\/\/cameraquaytrom.net\/?product=camera-sieu-nho-v99-plus-quay-dem-gia-re","title":{"rendered":"Camera Si\u00eau Nh\u1ecf V99 Plus Quay \u0110\u00eam Gi\u00e1 R\u1ebb"},"content":{"rendered":"<h1 style=\"text-align: center;\">Camera Si\u00eau Nh\u1ecf V99 Plus Quay \u0110\u00eam Gi\u00e1 R\u1ebb<\/h1>\n<p style=\"text-align: center;\"><img loading=\"lazy\" decoding=\"async\" class=\"alignnone size-medium wp-image-2713\" src=\"https:\/\/cameraquaytrom.net\/wp-content\/uploads\/2024\/11\/z5989361892844_cb2cbf17014147262cd1812d69fac091-300x300.jpg\" alt=\"\" width=\"300\" height=\"300\" srcset=\"https:\/\/cameraquaytrom.net\/wp-content\/uploads\/2024\/11\/z5989361892844_cb2cbf17014147262cd1812d69fac091-300x300.jpg 300w, https:\/\/cameraquaytrom.net\/wp-content\/uploads\/2024\/11\/z5989361892844_cb2cbf17014147262cd1812d69fac091-1024x1024.jpg 1024w, https:\/\/cameraquaytrom.net\/wp-content\/uploads\/2024\/11\/z5989361892844_cb2cbf17014147262cd1812d69fac091-150x150.jpg 150w, https:\/\/cameraquaytrom.net\/wp-content\/uploads\/2024\/11\/z5989361892844_cb2cbf17014147262cd1812d69fac091-768x767.jpg 768w, https:\/\/cameraquaytrom.net\/wp-content\/uploads\/2024\/11\/z5989361892844_cb2cbf17014147262cd1812d69fac091-1536x1536.jpg 1536w, https:\/\/cameraquaytrom.net\/wp-content\/uploads\/2024\/11\/z5989361892844_cb2cbf17014147262cd1812d69fac091-2048x2046.jpg 2048w, https:\/\/cameraquaytrom.net\/wp-content\/uploads\/2024\/11\/z5989361892844_cb2cbf17014147262cd1812d69fac091-600x600.jpg 600w, https:\/\/cameraquaytrom.net\/wp-content\/uploads\/2024\/11\/z5989361892844_cb2cbf17014147262cd1812d69fac091-100x100.jpg 100w\" sizes=\"(max-width: 300px) 100vw, 300px\" \/><\/p>\n<p style=\"text-align: center;\"><img loading=\"lazy\" decoding=\"async\" class=\"alignnone size-medium wp-image-2714\" src=\"https:\/\/cameraquaytrom.net\/wp-content\/uploads\/2024\/11\/z5989361897250_4df8c6e3e1aae25069858ce708a3b3f0-300x300.jpg\" alt=\"\" width=\"300\" height=\"300\" srcset=\"https:\/\/cameraquaytrom.net\/wp-content\/uploads\/2024\/11\/z5989361897250_4df8c6e3e1aae25069858ce708a3b3f0-300x300.jpg 300w, https:\/\/cameraquaytrom.net\/wp-content\/uploads\/2024\/11\/z5989361897250_4df8c6e3e1aae25069858ce708a3b3f0-1024x1024.jpg 1024w, https:\/\/cameraquaytrom.net\/wp-content\/uploads\/2024\/11\/z5989361897250_4df8c6e3e1aae25069858ce708a3b3f0-150x150.jpg 150w, https:\/\/cameraquaytrom.net\/wp-content\/uploads\/2024\/11\/z5989361897250_4df8c6e3e1aae25069858ce708a3b3f0-768x768.jpg 768w, https:\/\/cameraquaytrom.net\/wp-content\/uploads\/2024\/11\/z5989361897250_4df8c6e3e1aae25069858ce708a3b3f0-1536x1536.jpg 1536w, https:\/\/cameraquaytrom.net\/wp-content\/uploads\/2024\/11\/z5989361897250_4df8c6e3e1aae25069858ce708a3b3f0-2048x2048.jpg 2048w, https:\/\/cameraquaytrom.net\/wp-content\/uploads\/2024\/11\/z5989361897250_4df8c6e3e1aae25069858ce708a3b3f0-600x600.jpg 600w, https:\/\/cameraquaytrom.net\/wp-content\/uploads\/2024\/11\/z5989361897250_4df8c6e3e1aae25069858ce708a3b3f0-100x100.jpg 100w\" sizes=\"(max-width: 300px) 100vw, 300px\" \/><\/p>\n<p style=\"text-align: center;\"><img loading=\"lazy\" decoding=\"async\" class=\"alignnone size-medium wp-image-2715\" src=\"https:\/\/cameraquaytrom.net\/wp-content\/uploads\/2024\/11\/z5989361908547_129d083d637ed93b6ec5ca97aaabcb3c-300x300.jpg\" alt=\"\" width=\"300\" height=\"300\" srcset=\"https:\/\/cameraquaytrom.net\/wp-content\/uploads\/2024\/11\/z5989361908547_129d083d637ed93b6ec5ca97aaabcb3c-300x300.jpg 300w, https:\/\/cameraquaytrom.net\/wp-content\/uploads\/2024\/11\/z5989361908547_129d083d637ed93b6ec5ca97aaabcb3c-1024x1024.jpg 1024w, https:\/\/cameraquaytrom.net\/wp-content\/uploads\/2024\/11\/z5989361908547_129d083d637ed93b6ec5ca97aaabcb3c-150x150.jpg 150w, https:\/\/cameraquaytrom.net\/wp-content\/uploads\/2024\/11\/z5989361908547_129d083d637ed93b6ec5ca97aaabcb3c-768x768.jpg 768w, https:\/\/cameraquaytrom.net\/wp-content\/uploads\/2024\/11\/z5989361908547_129d083d637ed93b6ec5ca97aaabcb3c-1536x1536.jpg 1536w, https:\/\/cameraquaytrom.net\/wp-content\/uploads\/2024\/11\/z5989361908547_129d083d637ed93b6ec5ca97aaabcb3c-2048x2048.jpg 2048w, https:\/\/cameraquaytrom.net\/wp-content\/uploads\/2024\/11\/z5989361908547_129d083d637ed93b6ec5ca97aaabcb3c-600x600.jpg 600w, https:\/\/cameraquaytrom.net\/wp-content\/uploads\/2024\/11\/z5989361908547_129d083d637ed93b6ec5ca97aaabcb3c-100x100.jpg 100w\" sizes=\"(max-width: 300px) 100vw, 300px\" \/><\/p>\n<p style=\"text-align: center;\"><img loading=\"lazy\" decoding=\"async\" class=\"alignnone size-medium wp-image-2716\" src=\"https:\/\/cameraquaytrom.net\/wp-content\/uploads\/2024\/11\/z5989361912431_a14a81dc18aafa62d93e408635f1f521-300x300.jpg\" alt=\"\" width=\"300\" height=\"300\" srcset=\"https:\/\/cameraquaytrom.net\/wp-content\/uploads\/2024\/11\/z5989361912431_a14a81dc18aafa62d93e408635f1f521-300x300.jpg 300w, https:\/\/cameraquaytrom.net\/wp-content\/uploads\/2024\/11\/z5989361912431_a14a81dc18aafa62d93e408635f1f521-1024x1024.jpg 1024w, https:\/\/cameraquaytrom.net\/wp-content\/uploads\/2024\/11\/z5989361912431_a14a81dc18aafa62d93e408635f1f521-150x150.jpg 150w, https:\/\/cameraquaytrom.net\/wp-content\/uploads\/2024\/11\/z5989361912431_a14a81dc18aafa62d93e408635f1f521-768x768.jpg 768w, https:\/\/cameraquaytrom.net\/wp-content\/uploads\/2024\/11\/z5989361912431_a14a81dc18aafa62d93e408635f1f521-1536x1536.jpg 1536w, https:\/\/cameraquaytrom.net\/wp-content\/uploads\/2024\/11\/z5989361912431_a14a81dc18aafa62d93e408635f1f521-2048x2048.jpg 2048w, https:\/\/cameraquaytrom.net\/wp-content\/uploads\/2024\/11\/z5989361912431_a14a81dc18aafa62d93e408635f1f521-600x600.jpg 600w, https:\/\/cameraquaytrom.net\/wp-content\/uploads\/2024\/11\/z5989361912431_a14a81dc18aafa62d93e408635f1f521-100x100.jpg 100w\" sizes=\"(max-width: 300px) 100vw, 300px\" \/><\/p>\n<h2 style=\"text-align: center;\"><em>Video h\u01b0\u1edbng d\u1eabn s\u1eed d\u1ee5ng<\/em><\/h2>\n<p><iframe loading=\"lazy\" title=\"Camera Si\u00eau Nh\u1ecf V99-V4 Quay \u0110\u00eam Si\u00eau N\u00e9t H\u00ecnh \u1ea2nh Full 4K Phi\u00ean B\u1ea3n Cao C\u1ea5p Nh\u1ea5t 2023\" width=\"1020\" height=\"574\" src=\"https:\/\/www.youtube.com\/embed\/74mZtY-185w?feature=oembed\" frameborder=\"0\" allow=\"accelerometer; autoplay; clipboard-write; encrypted-media; gyroscope; picture-in-picture; web-share\" referrerpolicy=\"strict-origin-when-cross-origin\" allowfullscreen><\/iframe><\/p>\n<div>Camera si\u00eau nh\u1ecf v99-v4 l\u00e0 phi\u00ean b\u1ea3n n\u00e2ng c\u1ea5p c\u1ee7a camera v99-v3 \u0111\u00e3 \u0111\u01b0\u1ee3c n\u00e2ng c\u1ea5p c\u0169ng nh\u01b0 t\u00edch h\u1ee3p r\u1ea5t nhi\u1ec1u ch\u1ee9c n\u0103ng m\u1edbi c\u0169ng nh\u01b0 s\u1eed d\u1ee5ng ph\u1ea7n m\u1ec1m m\u1edbi Lookcam xem t\u1eeb xa si\u00eau m\u01b0\u1ee3t v\u00e0 nh\u1ea1y kh\u00f4ng h\u1ec1 b\u1ecb gi\u1eadt l\u1ea1ng. \u0110\u1eb7c bi\u1ec7t camera si\u00eau nh\u1ecf v99-v4 \u0111\u01b0\u1ee3c t\u00edch h\u1ee3p 6 led h\u1ed3ng ngo\u1ea1i \u0111en gi\u00fap b\u1ea1n quay \u0111\u00eam v\u1edbi ch\u1ea5t l\u01b0\u1ee3ng h\u00ecnh \u1ea3nh 4k si\u00eau n\u00e9t v\u00e0 \u0111\u1eb7c bi\u1ec7t camera si\u00eau nh\u1ecf v99-v4 c\u00f3 h\u1ed9p t\u1ea3n nhi\u1ec7t ch\u1ed1ng n\u00f3ng c\u1ef1c t\u1ed1t gi\u00fap t\u0103ng tu\u1ed5i th\u1ecd cho thi\u1ebft b\u1ecb camera c\u0169ng nh\u01b0 kh\u00f4ng g\u00e2y b\u1ecfng r\u00e1t cho ng\u01b0\u1eddi s\u1eed d\u1ee5ng. Sau \u0111\u00e2y m\u00ecnh v\u00e0 c\u00e1c b\u1ea1n c\u00f9ng nhau \u0111i t\u00ecm hi\u1ec3u t\u1ea5t c\u1ea3 c\u00e1c ch\u1ee9c n\u0103ng v\u00e0 \u1ee9ng d\u1ee5ng c\u1ee7a camera si\u00eau nh\u1ecf v99-v4 n\u00e0y nh\u00e9.<\/div>\n<div><\/div>\n<div>\u0110\u1eb7c \u0111i\u1ec3m Camera si\u00eau nh\u1ecf v99-v4 c\u00f3 6 led h\u1ed3ng ngo\u1ea1i \u0111en:<\/div>\n<div>Camera si\u00eau nh\u1ecf v99-v4 l\u00e0 phi\u00ean b\u1ea3n n\u00e2ng c\u1ea5p c\u1ee7a d\u00f2ng s\u1ea3n ph\u1ea9m camera v99-v3 \u0111\u00e3 \u0111\u01b0\u1ee3c t\u00edch h\u1ee3p th\u00eam pin d\u1ef1 ph\u00f2ng c\u0169ng nh\u01b0 h\u1ed9p t\u1ea3n nhi\u1ec7t ch\u1ed1ng n\u00f3ng t\u1ed1t v\u00e0 nh\u1ecf h\u01a1n so v\u1edbi \u0111\u1eddi c\u0169 tr\u01b0\u1edbc n\u00f3<\/div>\n<div>Camera si\u00eau nh\u1ecf v99-v4 m\u1edbi nh\u1ea5t 2023 s\u1eed d\u1ee5ng ph\u1ea7n m\u1ec1m m\u1edbi lookcam gi\u00fap b\u1ea1n xem t\u1eeb xa si\u00eau n\u00e9t v\u00e0 khi xem r\u1ea5t m\u01b0\u1ee3t m\u00e0 c\u0169ng nh\u01b0 kh\u00f4ng b\u1ecb gi\u1eadt v\u00e0 l\u1ea1ng m\u00e1y<\/div>\n<div>Camera si\u00eau nh\u1ecf v99-v4 h\u1ed7 tr\u1ee3 th\u1ebb nh\u1edb t\u1ed1i \u0111a 128GB gi\u00fap b\u1ea1n l\u01b0u tr\u1eef \u0111\u01b0\u1ee3c d\u1eef li\u1ec7u trong th\u1eddi gian d\u00e0i l\u00ean t\u1edbi 20 ng\u00e0y li\u00ean t\u1ee5c, \u0111i\u1ec3m \u0111\u1eb7t bi\u1ec7t c\u1ee7a d\u00f2ng s\u1ea3n ph\u1ea9m n\u00e0y l\u00e0 khi \u0111\u00e3 quay l\u01b0u l\u1ea1i \u0111\u1ea7y th\u1ebb nh\u1edb th\u00ec m\u00e1y s\u1ebd t\u1ef1 \u0111\u1ed9ng x\u00f3a d\u1eef li\u1ec7u c\u0169 nh\u1ea5t \u0111i \u0111\u1ec3 l\u01b0u d\u1eef li\u1ec7u m\u1edbi l\u1ea1i \u0111\u1ec3 \u0111\u1ea3m b\u1ea3o trong th\u1ebb nh\u1edb l\u00fac n\u00e0o c\u0169ng l\u01b0u l\u1ea1i \u0111\u01b0\u1ee3c 20 ng\u00e0y li\u00ean t\u1ee5c<\/div>\n<div>Camera si\u00eau nh\u1ecf v99-v4 c\u00f3 6 led h\u1ed3ng ngo\u1ea1i \u0111en quay \u0111\u00eam 4k si\u00eau n\u00e9t gi\u00fap b\u1ea1n ho\u00e0n to\u00e0n c\u00f3 th\u1ec3 nh\u00ecn ban \u0111\u00eam r\u00f5 nh\u01b0 ban ng\u00e0y c\u0169ng nh\u01b0 h\u1ed3ng ngo\u1ea1i \u0111en kh\u00f4ng h\u1ec1 ph\u00e1t s\u00e1ng gi\u00fap ng\u01b0\u1eddi kh\u00e1c kh\u00f4ng th\u1ec3 n\u00e0o ph\u00e1t hi\u1ec7n \u0111\u01b0\u1ee3c.<\/div>\n<div>Camera si\u00eau nh\u1ecf v99-v4 c\u00f3 \u0111\u1ed9 ph\u00e2n d\u1ea3i 4k si\u00eau n\u00e9t gi\u00fap b\u1ea1n nh\u00ecn \u0111\u01b0\u1ee3c c\u1ea3 nh\u1eefng ch\u1eef si\u00eau nh\u1ecf k\u1ec3 c\u1ea3 ch\u1eef tr\u00ean v\u0103n b\u1ea3n hay m\u00e0n h\u00ecnh laptop m\u1ed9t c\u00e1ch r\u00f5 r\u00e0ng nh\u1ea5t<\/div>\n<div>Camera si\u00eau nh\u1ecf v99-v4 c\u00f3 dung l\u01b0\u1ee3ng pin s\u1eed d\u1ee5ng \u0111\u01b0\u1ee3c 12 ti\u1ebfng li\u00ean t\u1ee5c ngo\u00e0i ra c\u00f3 th\u1ec3 c\u1eafm s\u1ea1c tr\u1ef1c ti\u1ebfp \u0111\u1ec3 s\u1eed d\u1ee5ng 24\/24 nh\u01b0 m\u1ed9t camera gi\u00e1m s\u00e1t h\u00e0ng ng\u00e0y<\/div>\n<div>Camera si\u00eau nh\u1ecf v99-v4 c\u00f3 g\u00f3c quay \u0111\u1ea1t t\u1edbi 150 \u0111\u1ed9 gi\u00fap b\u1ea1n c\u00f3 nh\u1eefng g\u00f3c quay r\u1ed9ng nh\u1ea5t v\u00e0 bao qu\u00e1t nh\u1ea5t<\/div>\n<div>Camera si\u00eau nh\u1ecf v99-v4 gi\u00fap b\u1ea1n c\u00f3 th\u1ec3 xem \u0111\u01b0\u1ee3c t\u1eeb xa d\u00f9 b\u1ea1n \u1edf b\u1ea5t c\u1ee9 n\u01a1i \u0111\u00e2u ch\u1ec9 c\u1ea7n \u0111i\u1ec7n tho\u1ea1i c\u1ee7a b\u1ea1n c\u00f3 3G\/4G\/Wifi l\u00e0 b\u1ea1n ho\u00e0n to\u00e0n c\u00f3 th\u1ec3 xem \u0111\u01b0\u1ee3c v\u1edbi ch\u1ee9c n\u0103ng n\u00e0y s\u1ebd gi\u00fap b\u1ea1n \u1edf m\u1ed9t n\u01a1i m\u00e0 qu\u1ea3n l\u00fd \u0111\u01b0\u1ee3c nhi\u1ec1u n\u01a1i kh\u00e1c nhau<\/div>\n<div>Camera si\u00eau nh\u1ecf v99-v4 c\u00f3 ch\u1ee9c n\u0103ng c\u1ea3nh b\u00e1o chuy\u1ec3n \u0111\u1ed9ng khi c\u00f3 v\u1eadt di chuy\u1ec3n gi\u00fap b\u1ea1n bi\u1ebft \u0111\u01b0\u1ee3c th\u1eddi \u0111i\u1ec3m n\u00e0o c\u00f3 v\u1eadt di chuy\u1ec3n v\u00e0 s\u1ebd ti\u1ebft ki\u1ec7m \u0111\u01b0\u1ee3c dung l\u01b0\u1ee3ng th\u1ebb nh\u1edb r\u1ea5t nhi\u1ec1u.<\/div>\n<div>Camera si\u00eau nh\u1ecf v99-v4 c\u00f3 th\u00eam ch\u1ee9c n\u0103ng nhi\u1ec1u ng\u01b0\u1eddi c\u00f3 th\u1ec3 qu\u1ea3n l\u00fd m\u1ed9t camera gi\u00fap b\u1ea1n thu\u1eadn ti\u1ec7n v\u00e0 d\u1ec5 d\u00f9ng h\u01a1n trong qu\u00e1 tr\u00ecnh s\u1eed d\u1ee5ng<\/div>\n<div>Camera si\u00eau nh\u1ecf v99-v4 m\u1edbi nh\u1ea5t 2023 khi quay l\u01b0u l\u1ea1i ho\u1eb7c xem tr\u1ef1c ti\u1ebfp \u0111\u1ec1u c\u00f3 c\u1ea3 h\u00ecnh c\u1ea3 ti\u1ebfng gi\u00fap b\u1ea1n l\u01b0u l\u1ea1i video l\u00e0m b\u1eb1ng ch\u1ee9ng h\u00e3y xem l\u1ea1i s\u1ebd thuy\u1ebft ph\u1ee5c h\u01a1n r\u1ea5t nhi\u1ec1u.<\/div>\n<div>V\u1edbi nh\u1eefng ch\u1ee9c n\u0103ng v\u00e0 \u01b0u \u0111i\u1ec3m tr\u00ean c\u1ee7a camera si\u00eau nh\u1ecf v99-v4 m\u00ecnh tin ch\u1eafc r\u1eb1ng \u0111\u00e2y ch\u00ednh l\u00e0 m\u1eabu s\u1ea3n ph\u1ea9m \u0111ang \u0111\u01b0\u1ee3c r\u1ea5t nhi\u1ec1u kh\u00e1ch h\u00e0ng \u01b0a chu\u1ed9ng v\u00e0 \u0111\u00f3n nh\u1eadn nhi\u1ec1u nh\u1ea5t hi\u1ec7n nay.<\/div>\n<div>C\u00f2n ch\u1edd \u0111\u1ee3i g\u00ec n\u1eefa h\u00e3y nhanh tay nh\u1ea5c m\u00e1y v\u00e0 li\u00ean h\u1ec7 v\u1edbi ch\u00fang t\u00f4i theo th\u00f4ng tin d\u01b0\u1edbi \u0111\u00e2y.<\/div>\n<p>&nbsp;<\/p>\n<h3>Li\u00ean h\u1ec7 mua h\u00e0ng<\/h3>\n<h3 dir=\"auto\"><span class=\"pq6dq46d tbxw36s4 knj5qynh kvgmc6g5 ditlmg2l oygrvhab nvdbi5me sf5mxxl7 gl3lb2sf hhz5lgdu\"><img loading=\"lazy\" decoding=\"async\" src=\"https:\/\/static.xx.fbcdn.net\/images\/emoji.php\/v9\/t22\/1\/16\/260e.png\" alt=\"\u260e\ufe0f\" width=\"16\" height=\"16\" \/><\/span>\u00a0A H\u1ea3i: 094.226.2345 (zalo) \u2013 T\u01b0 V\u1ea5n 24\/24<\/h3>\n<div class=\"o9v6fnle cxmmr5t8 oygrvhab hcukyx3x c1et5uql ii04i59q\">\n<h3 dir=\"auto\"><span class=\"pq6dq46d tbxw36s4 knj5qynh kvgmc6g5 ditlmg2l oygrvhab nvdbi5me sf5mxxl7 gl3lb2sf hhz5lgdu\"><img loading=\"lazy\" decoding=\"async\" src=\"https:\/\/static.xx.fbcdn.net\/images\/emoji.php\/v9\/ta7\/1\/16\/1f3ea.png\" alt=\"?\" width=\"16\" height=\"16\" \/><\/span>\u00a0H\u00e0 N\u1ed9i: s\u1ed1 42 Th\u1ecbnh Li\u1ec7t \u2013 Ho\u00e0ng Mai \u2013 H\u00e0 N\u1ed9i<\/h3>\n<h3 dir=\"auto\"><span class=\"pq6dq46d tbxw36s4 knj5qynh kvgmc6g5 ditlmg2l oygrvhab nvdbi5me sf5mxxl7 gl3lb2sf hhz5lgdu\"><img loading=\"lazy\" decoding=\"async\" src=\"https:\/\/static.xx.fbcdn.net\/images\/emoji.php\/v9\/ta7\/1\/16\/1f3ea.png\" alt=\"?\" width=\"16\" height=\"16\" \/><\/span>\u00a0S\u00e0i G\u00f2n: 558\/66 B\u00ecnh Qu\u1edbi \u2013 Ph\u01b0\u1eddng 28 \u2013 B\u00ecnh Th\u1ea1nh<\/h3>\n<\/div>\n<p style=\"text-align: center;\">\n","protected":false},"excerpt":{"rendered":"<p>Camera si\u00eau nh\u1ecf v99 plus l\u00e0 phi\u00ean b\u1ea3n n\u00e2ng c\u1ea5p c\u1ee7a camera v99-v3 \u0111\u00e3 \u0111\u01b0\u1ee3c n\u00e2ng c\u1ea5p c\u0169ng nh\u01b0 t\u00edch h\u1ee3p r\u1ea5t nhi\u1ec1u ch\u1ee9c n\u0103ng m\u1edbi c\u0169ng nh\u01b0 s\u1eed d\u1ee5ng ph\u1ea7n m\u1ec1m m\u1edbi Lookcam xem t\u1eeb xa si\u00eau m\u01b0\u1ee3t v\u00e0 nh\u1ea1y kh\u00f4ng h\u1ec1 b\u1ecb gi\u1eadt l\u1ea1ng<\/p>\n","protected":false},"featured_media":2713,"comment_status":"open","ping_status":"closed","template":"","meta":[],"product_cat":[189,30,55],"product_tag":[109,57,107,103,106,71,108,104,105,100,102,101,58,96,99,98,97],"class_list":{"0":"post-2712","1":"product","2":"type-product","3":"status-publish","4":"has-post-thumbnail","6":"product_cat-camera","7":"product_cat-thiet-bi-quay-len","8":"product_cat-thiet-bi-quay-len-online","9":"product_tag-camera-gan-sim-4g","10":"product_tag-camera-nguy-trang","11":"product_tag-camera-nguy-trang-bat-lua","12":"product_tag-camera-nguy-trang-bong-den","13":"product_tag-camera-nguy-trang-cu-sac","14":"product_tag-camera-nguy-trang-cuc-ao","15":"product_tag-camera-nguy-trang-dien-thoai","16":"product_tag-camera-nguy-trang-dong-ho","17":"product_tag-camera-nguy-trang-dui-den","18":"product_tag-camera-nguy-trang-gia-re","19":"product_tag-camera-nguy-trang-o-cam-dien","20":"product_tag-camera-nguy-trang-sieu-nho","21":"product_tag-camera-sieu-nho","22":"product_tag-camera-sieu-nho-gia-re","23":"product_tag-camera-sieu-nho-giau-kin","24":"product_tag-camera-sieu-nho-khong-day","25":"product_tag-camera-sieu-nho-wifi","27":"first","28":"instock","29":"sale","30":"shipping-taxable","31":"purchasable","32":"product-type-simple"},"_links":{"self":[{"href":"https:\/\/cameraquaytrom.net\/index.php?rest_route=\/wp\/v2\/product\/2712"}],"collection":[{"href":"https:\/\/cameraquaytrom.net\/index.php?rest_route=\/wp\/v2\/product"}],"about":[{"href":"https:\/\/cameraquaytrom.net\/index.php?rest_route=\/wp\/v2\/types\/product"}],"replies":[{"embeddable":true,"href":"https:\/\/cameraquaytrom.net\/index.php?rest_route=%2Fwp%2Fv2%2Fcomments&post=2712"}],"wp:featuredmedia":[{"embeddable":true,"href":"https:\/\/cameraquaytrom.net\/index.php?rest_route=\/wp\/v2\/media\/2713"}],"wp:attachment":[{"href":"https:\/\/cameraquaytrom.net\/index.php?rest_route=%2Fwp%2Fv2%2Fmedia&parent=2712"}],"wp:term":[{"taxonomy":"product_cat","embeddable":true,"href":"https:\/\/cameraquaytrom.net\/index.php?rest_route=%2Fwp%2Fv2%2Fproduct_cat&post=2712"},{"taxonomy":"product_tag","embeddable":true,"href":"https:\/\/cameraquaytrom.net\/index.php?rest_route=%2Fwp%2Fv2%2Fproduct_tag&post=2712"}],"curies":[{"name":"wp","href":"https:\/\/api.w.org\/{rel}","templated":true}]}}