{"id":2742,"date":"2024-11-01T16:22:40","date_gmt":"2024-11-01T16:22:40","guid":{"rendered":"https:\/\/cameraquaytrom.net\/?post_type=product&#038;p=2742"},"modified":"2024-11-04T08:19:29","modified_gmt":"2024-11-04T08:19:29","slug":"camera-nguy-trang-cuc-ao-s200-sieu-nho","status":"publish","type":"product","link":"https:\/\/cameraquaytrom.net\/?product=camera-nguy-trang-cuc-ao-s200-sieu-nho","title":{"rendered":"Camera Ngu\u1ef5 Trang C\u00fac \u00c1o S200 Si\u00eau Nh\u1ecf"},"content":{"rendered":"<h1 style=\"text-align: center;\">Camera Ngu\u1ef5 Trang C\u00fac \u00c1o S200 Si\u00eau Nh\u1ecf<\/h1>\n<p style=\"text-align: center;\"><img loading=\"lazy\" decoding=\"async\" class=\"alignnone size-medium wp-image-2743\" src=\"https:\/\/cameraquaytrom.net\/wp-content\/uploads\/2024\/11\/z5989353444195_d5b266c7c290526fa5cc0526bd7639b5-300x300.jpg\" alt=\"\" width=\"300\" height=\"300\" srcset=\"https:\/\/cameraquaytrom.net\/wp-content\/uploads\/2024\/11\/z5989353444195_d5b266c7c290526fa5cc0526bd7639b5-300x300.jpg 300w, https:\/\/cameraquaytrom.net\/wp-content\/uploads\/2024\/11\/z5989353444195_d5b266c7c290526fa5cc0526bd7639b5-1024x1024.jpg 1024w, https:\/\/cameraquaytrom.net\/wp-content\/uploads\/2024\/11\/z5989353444195_d5b266c7c290526fa5cc0526bd7639b5-150x150.jpg 150w, https:\/\/cameraquaytrom.net\/wp-content\/uploads\/2024\/11\/z5989353444195_d5b266c7c290526fa5cc0526bd7639b5-768x768.jpg 768w, https:\/\/cameraquaytrom.net\/wp-content\/uploads\/2024\/11\/z5989353444195_d5b266c7c290526fa5cc0526bd7639b5-1536x1536.jpg 1536w, https:\/\/cameraquaytrom.net\/wp-content\/uploads\/2024\/11\/z5989353444195_d5b266c7c290526fa5cc0526bd7639b5-2048x2048.jpg 2048w, https:\/\/cameraquaytrom.net\/wp-content\/uploads\/2024\/11\/z5989353444195_d5b266c7c290526fa5cc0526bd7639b5-600x600.jpg 600w, https:\/\/cameraquaytrom.net\/wp-content\/uploads\/2024\/11\/z5989353444195_d5b266c7c290526fa5cc0526bd7639b5-100x100.jpg 100w\" sizes=\"(max-width: 300px) 100vw, 300px\" \/><\/p>\n<p style=\"text-align: center;\"><img loading=\"lazy\" decoding=\"async\" class=\"alignnone size-medium wp-image-2744\" src=\"https:\/\/cameraquaytrom.net\/wp-content\/uploads\/2024\/11\/z5989353454372_75b028c01cbee7ba3e7cbea2c666c08b-300x300.jpg\" alt=\"\" width=\"300\" height=\"300\" srcset=\"https:\/\/cameraquaytrom.net\/wp-content\/uploads\/2024\/11\/z5989353454372_75b028c01cbee7ba3e7cbea2c666c08b-300x300.jpg 300w, https:\/\/cameraquaytrom.net\/wp-content\/uploads\/2024\/11\/z5989353454372_75b028c01cbee7ba3e7cbea2c666c08b-1024x1024.jpg 1024w, https:\/\/cameraquaytrom.net\/wp-content\/uploads\/2024\/11\/z5989353454372_75b028c01cbee7ba3e7cbea2c666c08b-150x150.jpg 150w, https:\/\/cameraquaytrom.net\/wp-content\/uploads\/2024\/11\/z5989353454372_75b028c01cbee7ba3e7cbea2c666c08b-768x767.jpg 768w, https:\/\/cameraquaytrom.net\/wp-content\/uploads\/2024\/11\/z5989353454372_75b028c01cbee7ba3e7cbea2c666c08b-1536x1536.jpg 1536w, https:\/\/cameraquaytrom.net\/wp-content\/uploads\/2024\/11\/z5989353454372_75b028c01cbee7ba3e7cbea2c666c08b-2048x2046.jpg 2048w, https:\/\/cameraquaytrom.net\/wp-content\/uploads\/2024\/11\/z5989353454372_75b028c01cbee7ba3e7cbea2c666c08b-600x600.jpg 600w, https:\/\/cameraquaytrom.net\/wp-content\/uploads\/2024\/11\/z5989353454372_75b028c01cbee7ba3e7cbea2c666c08b-100x100.jpg 100w\" sizes=\"(max-width: 300px) 100vw, 300px\" \/><\/p>\n<p style=\"text-align: center;\"><img loading=\"lazy\" decoding=\"async\" class=\"alignnone size-medium wp-image-2745\" src=\"https:\/\/cameraquaytrom.net\/wp-content\/uploads\/2024\/11\/z5989353456607_87628d8b37b8282d024a324579fda088-300x300.jpg\" alt=\"\" width=\"300\" height=\"300\" srcset=\"https:\/\/cameraquaytrom.net\/wp-content\/uploads\/2024\/11\/z5989353456607_87628d8b37b8282d024a324579fda088-300x300.jpg 300w, https:\/\/cameraquaytrom.net\/wp-content\/uploads\/2024\/11\/z5989353456607_87628d8b37b8282d024a324579fda088-1024x1024.jpg 1024w, https:\/\/cameraquaytrom.net\/wp-content\/uploads\/2024\/11\/z5989353456607_87628d8b37b8282d024a324579fda088-150x150.jpg 150w, https:\/\/cameraquaytrom.net\/wp-content\/uploads\/2024\/11\/z5989353456607_87628d8b37b8282d024a324579fda088-768x768.jpg 768w, https:\/\/cameraquaytrom.net\/wp-content\/uploads\/2024\/11\/z5989353456607_87628d8b37b8282d024a324579fda088-1536x1536.jpg 1536w, https:\/\/cameraquaytrom.net\/wp-content\/uploads\/2024\/11\/z5989353456607_87628d8b37b8282d024a324579fda088-2048x2048.jpg 2048w, https:\/\/cameraquaytrom.net\/wp-content\/uploads\/2024\/11\/z5989353456607_87628d8b37b8282d024a324579fda088-600x600.jpg 600w, https:\/\/cameraquaytrom.net\/wp-content\/uploads\/2024\/11\/z5989353456607_87628d8b37b8282d024a324579fda088-100x100.jpg 100w\" sizes=\"(max-width: 300px) 100vw, 300px\" \/><\/p>\n<h2 style=\"text-align: center;\"><em>Video h\u01b0\u1edbng d\u1eabn s\u1eed d\u1ee5ng<\/em><\/h2>\n<p><iframe loading=\"lazy\" title=\"Camera Si\u00eau Nh\u1ecf S200 Ngu\u1ef5 Trang C\u00fac \u00c1o Ch\u1ea5t L\u01b0\u1ee3ng H\u00ecnh \u1ea2nh 4K Xem T\u1eeb Xa kh\u00f4ng Gi\u1edbi H\u1ea1n\" width=\"1020\" height=\"574\" src=\"https:\/\/www.youtube.com\/embed\/YjI6igF3d7s?feature=oembed\" frameborder=\"0\" allow=\"accelerometer; autoplay; clipboard-write; encrypted-media; gyroscope; picture-in-picture; web-share\" referrerpolicy=\"strict-origin-when-cross-origin\" allowfullscreen><\/iframe><\/p>\n<p>N\u1ebfu n\u00f3i v\u1ec1 c\u00e1c \u0111\u1ed1i t\u01b0\u1ee3ng c\u00f3 th\u1ec3 s\u1eed d\u1ee5ng camera c\u00fac \u00e1o th\u00ec r\u1ea5t nhi\u1ec1u, nh\u1ea5t l\u00e0 nh\u1eefng c\u00f4ng vi\u1ec7c nh\u01b0: Nh\u00e0 b\u00e1o, ph\u00f3ng vi\u00ean, c\u00f4ng an, m\u1eadt v\u1ee5, \u0111i\u1ec1u tra vi\u00ean, th\u00e1m t\u1eed\u2026<br \/>\nTuy nhi\u00ean c\u00e1c c\u00e1 nh\u00e2n c\u0169ng c\u00f3 th\u1ec3 d\u00f9ng camera \u0111\u1ec3 ghi l\u1ea1i nh\u1eefng kho\u1ea3nh kh\u1eafc \u0111\u00e1ng nh\u1edb, \u00fd ngh\u0129a trong cu\u1ed9c s\u1ed1ng \u0111\u1eddi th\u01b0\u1eddng. Camera si\u00eau nh\u1ecf s200 ng\u1ee5y trang m\u1eaft c\u00fac \u00e1o c\u00f3 thi\u1ebft k\u1ebf ki\u1ec3u d\u00e1ng b\u00ean ngo\u00e0i tinh t\u1ebf, hi\u1ec7n \u0111\u1ea1i. Ch\u00ednh v\u00ec th\u1ebf, khi s\u1eed d\u1ee5ng n\u00f3, b\u1ea1n s\u1ebd y\u00ean t\u00e2m v\u1ec1 t\u00ednh b\u1ea3o m\u1eadt, an to\u00e0n v\u00e0 t\u1ebft nh\u1ecb. V\u00ec n\u1ebfu ch\u1ec9 nh\u00ecn tho\u00e1ng qua c\u00fac \u00e1o b\u1eb1ng m\u1eaft th\u01b0\u1eddng th\u00ec r\u1ea5t \u00edt ng\u01b0\u1eddi c\u00f3 th\u1ec3 nh\u1eadn ra s\u1ef1 kh\u00e1c bi\u1ec7t v\u00e0 \u0111\u1ec1 ph\u00f2ng. Camera si\u00eau nh\u1ecf s200 ng\u1ee5y trang m\u1eaft c\u00fac \u00e1o hi\u1ec7n nay kh\u00f4ng ch\u1ec9 \u0111\u01b0\u1ee3c n\u00e2ng c\u1ea5p v\u1ec1 h\u00ecnh th\u1ee9c b\u00ean ngo\u00e0i, m\u00e0 ngay c\u1ea3 ch\u1ee9c n\u0103ng b\u00ean trong c\u0169ng c\u00f3 nhi\u1ec1u b\u01b0\u1edbc ti\u1ebfn b\u1ed9 v\u01b0\u1ee3t b\u1eadc.Tuy h\u00ecnh d\u00e1ng, k\u00edch th\u01b0\u1edbc c\u1ee7a camera ng\u1ee5y trang c\u00fac \u00e1o c\u00f3 \u0111\u01a1n gi\u1ea3n, nh\u1ecf g\u1ecdn nh\u01b0ng nh\u1eefng ch\u1ee9c n\u0103ng, b\u1ed9 nh\u1edb b\u00ean trong c\u1ee7a n\u00f3 l\u1ea1i khi\u1ebfn ng\u01b0\u1eddi d\u00f9ng r\u1ea5t h\u00e0i l\u00f2ng.<br \/>\nCamera si\u00eau nh\u1ecf s200 ng\u1ee5y trang m\u1eaft c\u00fac \u00e1o c\u00f3 kh\u1ea3 n\u0103ng k\u1ebft n\u1ed1i kh\u00f4ng d\u00e2y Wifi \u0111\u1ec3 ng\u01b0\u1eddi d\u00f9ng c\u00f3 th\u1ec3 \u0111i\u1ec1u khi\u1ec3n m\u00e0 kh\u00f4ng c\u1ea7n d\u00f9ng \u0111\u1ebfn d\u00e2y c\u00e1p k\u1ebft n\u1ed1i r\u01b0\u1eddm ra, thi\u1ebfu linh \u0111\u1ed9ng. Tuy camera n\u1eb1m \u1ea9n s\u00e2u b\u00ean trong nh\u01b0ng n\u00f3 l\u1ea1i c\u00f3 g\u00f3c quay r\u1ed9ng \u0111\u1ebfn 150 \u0111\u1ed9.<br \/>\nCamera si\u00eau nh\u1ecf s200 ng\u1ee5y trang m\u1eaft c\u00fac \u00e1o \u0111\u01b0\u1ee3c t\u1eb7ng k\u00e8m theo s\u1ea3n ph\u1ea9m c\u00f3 7 lo\u1ea1i m\u1eaft c\u00fac \u00e1o, \u0111\u1ea7u \u0111inh v\u00edt, \u1ed1c v\u00edt kh\u00e1c nhau gi\u00fap b\u1ea1n linh \u0111\u1ed9ng ng\u1ee5y trang theo t\u1eebng \u0111i\u1ec1u ki\u1ec7n v\u00e0 ho\u00e0n c\u1ea3nh kh\u00e1ch nhau sao cho ph\u00f9 h\u1ee3p nh\u1ea5t<br \/>\nCamera si\u00eau nh\u1ecf s200 ng\u1ee5y trang m\u1eaft c\u00fac \u00e1o nh\u1edd thi\u1ebft k\u1ebf \u0111\u1ed9 ph\u00e2n gi\u1ea3i m\u00e0n h\u00ecnh l\u1edbn v\u00e0 ch\u1ebf \u0111\u1ed9 Full 4K si\u00eau n\u00e9t n\u00ean mang \u0111\u1ebfn ch\u1ea5t l\u01b0\u1ee3ng h\u00ecnh \u1ea3nh ch\u00e2n th\u1eadt, s\u1eafc n\u00e9t. \u0110i\u1ec3m \u0111\u1eb7c bi\u1ec7t n\u1eefa l\u00e0 camera c\u00f2n \u0111\u01b0\u1ee3c t\u00edch h\u1ee3p th\u00eam ch\u1ee9c n\u0103ng ghi \u00e2m ch\u1ea5t l\u01b0\u1ee3ng cao. Chi\u1ebfc camera v\u1eabn \u0111\u00e1p \u1ee9ng \u0111\u1ea7y \u0111\u1ee7 nhu c\u1ea7u c\u1ee7a ng\u01b0\u1eddi d\u00f9ng khi \u0111\u01b0\u1ee3c thi\u1ebft l\u1eadp th\u00eam ch\u1ee9c n\u0103ng ph\u00e1t hi\u1ec7n chuy\u1ec3n \u0111\u1ed9ng ti\u1ec7n \u00edch. Ng\u01b0\u1eddi d\u00f9ng c\u00f3 th\u1ec3 s\u1eed d\u1ee5ng thi\u1ebft b\u1ecb li\u00ean t\u1ee5c trong kho\u1ea3ng h\u01a1n 2.5 ti\u1ebfng v\u00e0 \u0111\u1ed3ng th\u1eddi v\u1eeba s\u1ea1c, v\u1eeba d\u00f9ng chung m\u1ed9t l\u00fac, ngo\u00e0i ra s\u1ea3n ph\u1ea9m \u0111\u01b0\u1ee3c t\u1eb7ng k\u00e8m theo m\u1ed9t qu\u1ea3 pin d\u1ef1 ph\u00f2ng c\u00f3 dung l\u01b0\u1ee3ng pin s\u1eed d\u1ee5ng 8 ti\u1ebfng li\u00ean t\u1ee5c gi\u00fap b\u1ea1n v\u1eeba s\u1ea1c cho camera ho\u1eb7c c\u00e1c thi\u1ebft b\u1ecb kh\u00e1c<br \/>\nCamera si\u00eau nh\u1ecf s200 ng\u1ee5y trang m\u1eaft c\u00fac \u00e1o c\u00f2n c\u00f3 b\u1ed9 nh\u1edb l\u1edbn 128GB gi\u00fap l\u01b0u tr\u1eef l\u1ea1i nhi\u1ec1u h\u00ecnh \u1ea3nh, video. Ng\u01b0\u1eddi d\u00f9ng c\u0169ng c\u00f3 th\u1ec3 s\u1eed d\u1ee5ng d\u00e2y c\u00e1p k\u1ebft n\u1ed1i camera v\u1edbi m\u00e1y t\u00ednh \u0111\u1ec3 truy\u1ec1n t\u1ea3i nh\u1eefng d\u1eef li\u1ec7u c\u1ea7n thi\u1ebft. Camera si\u00eau nh\u1ecf s200 ng\u1ee5y trang m\u1eaft c\u00fac \u00e1o hi\u1ec7n nay \u0111ang \u0111\u01b0\u1ee3c nhi\u1ec1u ng\u01b0\u1eddi d\u00f9ng l\u1ef1a ch\u1ecdn v\u00ec nh\u1eefng \u01b0u \u0111i\u1ec3m n\u1ed5i b\u1eadt tr\u00ean.<\/p>\n<h3>Li\u00ean h\u1ec7 mua h\u00e0ng<\/h3>\n<h3 dir=\"auto\"><span class=\"pq6dq46d tbxw36s4 knj5qynh kvgmc6g5 ditlmg2l oygrvhab nvdbi5me sf5mxxl7 gl3lb2sf hhz5lgdu\"><img loading=\"lazy\" decoding=\"async\" src=\"https:\/\/static.xx.fbcdn.net\/images\/emoji.php\/v9\/t22\/1\/16\/260e.png\" alt=\"\u260e\ufe0f\" width=\"16\" height=\"16\" \/><\/span>\u00a0A H\u1ea3i: 094.226.2345 (zalo) \u2013 T\u01b0 V\u1ea5n 24\/24<\/h3>\n<div class=\"o9v6fnle cxmmr5t8 oygrvhab hcukyx3x c1et5uql ii04i59q\">\n<h3 dir=\"auto\"><span class=\"pq6dq46d tbxw36s4 knj5qynh kvgmc6g5 ditlmg2l oygrvhab nvdbi5me sf5mxxl7 gl3lb2sf hhz5lgdu\"><img loading=\"lazy\" decoding=\"async\" src=\"https:\/\/static.xx.fbcdn.net\/images\/emoji.php\/v9\/ta7\/1\/16\/1f3ea.png\" alt=\"?\" width=\"16\" height=\"16\" \/><\/span>\u00a0H\u00e0 N\u1ed9i: s\u1ed1 42 Th\u1ecbnh Li\u1ec7t \u2013 Ho\u00e0ng Mai \u2013 H\u00e0 N\u1ed9i<\/h3>\n<h3 dir=\"auto\"><span class=\"pq6dq46d tbxw36s4 knj5qynh kvgmc6g5 ditlmg2l oygrvhab nvdbi5me sf5mxxl7 gl3lb2sf hhz5lgdu\"><img loading=\"lazy\" decoding=\"async\" src=\"https:\/\/static.xx.fbcdn.net\/images\/emoji.php\/v9\/ta7\/1\/16\/1f3ea.png\" alt=\"?\" width=\"16\" height=\"16\" \/><\/span>\u00a0S\u00e0i G\u00f2n: 558\/66 B\u00ecnh Qu\u1edbi \u2013 Ph\u01b0\u1eddng 28 \u2013 B\u00ecnh Th\u1ea1nh<\/h3>\n<\/div>\n","protected":false},"excerpt":{"rendered":"<h1 class=\"style-scope ytd-watch-metadata\">Camera Si\u00eau Nh\u1ecf S200 Ngu\u1ef5 Trang C\u00fac \u00c1o Ch\u1ea5t L\u01b0\u1ee3ng H\u00ecnh \u1ea2nh 4K Xem T\u1eeb Xa kh\u00f4ng Gi\u1edbi H\u1ea1n<\/h1>\n","protected":false},"featured_media":2743,"comment_status":"open","ping_status":"closed","template":"","meta":[],"product_cat":[189,30,55],"product_tag":[109,57,107,103,106,71,108,104,105,100,102,101,58,96,99,98,97],"class_list":{"0":"post-2742","1":"product","2":"type-product","3":"status-publish","4":"has-post-thumbnail","6":"product_cat-camera","7":"product_cat-thiet-bi-quay-len","8":"product_cat-thiet-bi-quay-len-online","9":"product_tag-camera-gan-sim-4g","10":"product_tag-camera-nguy-trang","11":"product_tag-camera-nguy-trang-bat-lua","12":"product_tag-camera-nguy-trang-bong-den","13":"product_tag-camera-nguy-trang-cu-sac","14":"product_tag-camera-nguy-trang-cuc-ao","15":"product_tag-camera-nguy-trang-dien-thoai","16":"product_tag-camera-nguy-trang-dong-ho","17":"product_tag-camera-nguy-trang-dui-den","18":"product_tag-camera-nguy-trang-gia-re","19":"product_tag-camera-nguy-trang-o-cam-dien","20":"product_tag-camera-nguy-trang-sieu-nho","21":"product_tag-camera-sieu-nho","22":"product_tag-camera-sieu-nho-gia-re","23":"product_tag-camera-sieu-nho-giau-kin","24":"product_tag-camera-sieu-nho-khong-day","25":"product_tag-camera-sieu-nho-wifi","27":"first","28":"instock","29":"sale","30":"shipping-taxable","31":"purchasable","32":"product-type-simple"},"_links":{"self":[{"href":"https:\/\/cameraquaytrom.net\/index.php?rest_route=\/wp\/v2\/product\/2742"}],"collection":[{"href":"https:\/\/cameraquaytrom.net\/index.php?rest_route=\/wp\/v2\/product"}],"about":[{"href":"https:\/\/cameraquaytrom.net\/index.php?rest_route=\/wp\/v2\/types\/product"}],"replies":[{"embeddable":true,"href":"https:\/\/cameraquaytrom.net\/index.php?rest_route=%2Fwp%2Fv2%2Fcomments&post=2742"}],"wp:featuredmedia":[{"embeddable":true,"href":"https:\/\/cameraquaytrom.net\/index.php?rest_route=\/wp\/v2\/media\/2743"}],"wp:attachment":[{"href":"https:\/\/cameraquaytrom.net\/index.php?rest_route=%2Fwp%2Fv2%2Fmedia&parent=2742"}],"wp:term":[{"taxonomy":"product_cat","embeddable":true,"href":"https:\/\/cameraquaytrom.net\/index.php?rest_route=%2Fwp%2Fv2%2Fproduct_cat&post=2742"},{"taxonomy":"product_tag","embeddable":true,"href":"https:\/\/cameraquaytrom.net\/index.php?rest_route=%2Fwp%2Fv2%2Fproduct_tag&post=2742"}],"curies":[{"name":"wp","href":"https:\/\/api.w.org\/{rel}","templated":true}]}}