{"id":2752,"date":"2024-11-01T16:29:37","date_gmt":"2024-11-01T16:29:37","guid":{"rendered":"https:\/\/cameraquaytrom.net\/?post_type=product&#038;p=2752"},"modified":"2024-11-01T16:29:37","modified_gmt":"2024-11-01T16:29:37","slug":"camera-nguy-trang-cuc-ao-s64","status":"publish","type":"product","link":"https:\/\/cameraquaytrom.net\/?product=camera-nguy-trang-cuc-ao-s64","title":{"rendered":"Camera Ngu\u1ef5 Trang C\u00fac \u00c1o S64"},"content":{"rendered":"<h1 style=\"text-align: center;\">Camera Ngu\u1ef5 Trang C\u00fac \u00c1o S64<\/h1>\n<p style=\"text-align: center;\"><img loading=\"lazy\" decoding=\"async\" class=\"alignnone size-medium wp-image-2753\" src=\"https:\/\/cameraquaytrom.net\/wp-content\/uploads\/2024\/11\/z5989354821994_c1cc2e7aa5f22d26c967afada58083b3-300x300.jpg\" alt=\"\" width=\"300\" height=\"300\" srcset=\"https:\/\/cameraquaytrom.net\/wp-content\/uploads\/2024\/11\/z5989354821994_c1cc2e7aa5f22d26c967afada58083b3-300x300.jpg 300w, https:\/\/cameraquaytrom.net\/wp-content\/uploads\/2024\/11\/z5989354821994_c1cc2e7aa5f22d26c967afada58083b3-1024x1024.jpg 1024w, https:\/\/cameraquaytrom.net\/wp-content\/uploads\/2024\/11\/z5989354821994_c1cc2e7aa5f22d26c967afada58083b3-150x150.jpg 150w, https:\/\/cameraquaytrom.net\/wp-content\/uploads\/2024\/11\/z5989354821994_c1cc2e7aa5f22d26c967afada58083b3-768x767.jpg 768w, https:\/\/cameraquaytrom.net\/wp-content\/uploads\/2024\/11\/z5989354821994_c1cc2e7aa5f22d26c967afada58083b3-1536x1536.jpg 1536w, https:\/\/cameraquaytrom.net\/wp-content\/uploads\/2024\/11\/z5989354821994_c1cc2e7aa5f22d26c967afada58083b3-2048x2046.jpg 2048w, https:\/\/cameraquaytrom.net\/wp-content\/uploads\/2024\/11\/z5989354821994_c1cc2e7aa5f22d26c967afada58083b3-600x600.jpg 600w, https:\/\/cameraquaytrom.net\/wp-content\/uploads\/2024\/11\/z5989354821994_c1cc2e7aa5f22d26c967afada58083b3-100x100.jpg 100w\" sizes=\"(max-width: 300px) 100vw, 300px\" \/><\/p>\n<p style=\"text-align: center;\"><img loading=\"lazy\" decoding=\"async\" class=\"alignnone size-medium wp-image-2754\" src=\"https:\/\/cameraquaytrom.net\/wp-content\/uploads\/2024\/11\/z5989354823479_1661ff884b51e69c0daaf70ac4b17d8b-300x300.jpg\" alt=\"\" width=\"300\" height=\"300\" srcset=\"https:\/\/cameraquaytrom.net\/wp-content\/uploads\/2024\/11\/z5989354823479_1661ff884b51e69c0daaf70ac4b17d8b-300x300.jpg 300w, https:\/\/cameraquaytrom.net\/wp-content\/uploads\/2024\/11\/z5989354823479_1661ff884b51e69c0daaf70ac4b17d8b-1024x1024.jpg 1024w, https:\/\/cameraquaytrom.net\/wp-content\/uploads\/2024\/11\/z5989354823479_1661ff884b51e69c0daaf70ac4b17d8b-150x150.jpg 150w, https:\/\/cameraquaytrom.net\/wp-content\/uploads\/2024\/11\/z5989354823479_1661ff884b51e69c0daaf70ac4b17d8b-768x768.jpg 768w, https:\/\/cameraquaytrom.net\/wp-content\/uploads\/2024\/11\/z5989354823479_1661ff884b51e69c0daaf70ac4b17d8b-1536x1536.jpg 1536w, https:\/\/cameraquaytrom.net\/wp-content\/uploads\/2024\/11\/z5989354823479_1661ff884b51e69c0daaf70ac4b17d8b-2048x2048.jpg 2048w, https:\/\/cameraquaytrom.net\/wp-content\/uploads\/2024\/11\/z5989354823479_1661ff884b51e69c0daaf70ac4b17d8b-600x600.jpg 600w, https:\/\/cameraquaytrom.net\/wp-content\/uploads\/2024\/11\/z5989354823479_1661ff884b51e69c0daaf70ac4b17d8b-100x100.jpg 100w\" sizes=\"(max-width: 300px) 100vw, 300px\" \/><\/p>\n<p style=\"text-align: center;\"><img loading=\"lazy\" decoding=\"async\" class=\"alignnone size-medium wp-image-2755\" src=\"https:\/\/cameraquaytrom.net\/wp-content\/uploads\/2024\/11\/z5989354830629_04429db18c0773d59fbbaef3a78f4754-300x300.jpg\" alt=\"\" width=\"300\" height=\"300\" srcset=\"https:\/\/cameraquaytrom.net\/wp-content\/uploads\/2024\/11\/z5989354830629_04429db18c0773d59fbbaef3a78f4754-300x300.jpg 300w, https:\/\/cameraquaytrom.net\/wp-content\/uploads\/2024\/11\/z5989354830629_04429db18c0773d59fbbaef3a78f4754-1024x1024.jpg 1024w, https:\/\/cameraquaytrom.net\/wp-content\/uploads\/2024\/11\/z5989354830629_04429db18c0773d59fbbaef3a78f4754-150x150.jpg 150w, https:\/\/cameraquaytrom.net\/wp-content\/uploads\/2024\/11\/z5989354830629_04429db18c0773d59fbbaef3a78f4754-768x767.jpg 768w, https:\/\/cameraquaytrom.net\/wp-content\/uploads\/2024\/11\/z5989354830629_04429db18c0773d59fbbaef3a78f4754-1536x1536.jpg 1536w, https:\/\/cameraquaytrom.net\/wp-content\/uploads\/2024\/11\/z5989354830629_04429db18c0773d59fbbaef3a78f4754-2048x2046.jpg 2048w, https:\/\/cameraquaytrom.net\/wp-content\/uploads\/2024\/11\/z5989354830629_04429db18c0773d59fbbaef3a78f4754-600x600.jpg 600w, https:\/\/cameraquaytrom.net\/wp-content\/uploads\/2024\/11\/z5989354830629_04429db18c0773d59fbbaef3a78f4754-100x100.jpg 100w\" sizes=\"(max-width: 300px) 100vw, 300px\" \/><\/p>\n<h2 style=\"text-align: center;\"><em>Video h\u01b0\u1edbng d\u1eabn s\u1eed d\u1ee5ng<\/em><\/h2>\n<p><iframe loading=\"lazy\" title=\"Camera Mini C\u00fac \u00c1o S64 WiFi Kh\u00f4ng D\u00e2y, Camera Ngu\u1ef5 Trang C\u00fac \u00c1o Gi\u00e1 R\u1ebb H\u00ecnh \u1ea2nh Full 4K\" width=\"1020\" height=\"574\" src=\"https:\/\/www.youtube.com\/embed\/YLKwka44OMM?feature=oembed\" frameborder=\"0\" allow=\"accelerometer; autoplay; clipboard-write; encrypted-media; gyroscope; picture-in-picture; web-share\" referrerpolicy=\"strict-origin-when-cross-origin\" allowfullscreen><\/iframe><\/p>\n<div>L\u00fd do b\u1ea1n n\u00ean ch\u1ecdn Camera C\u00fac \u00c1o S64 Wifi Full 4K Xem T\u1eeb Xa<\/div>\n<div>M\u1ed9t thi\u1ebft b\u1ecb camera mini kh\u00f4ng d\u00e2y \u0111\u01b0\u1ee3c ng\u1ee5y trang d\u01b0\u1edbi d\u1ea1ng c\u00fac khuy \u00e1o gi\u00fap b\u1ea1n d\u1ec5 d\u00e0ng ghi l\u1ea1i nh\u1eefng \u00e2m thanh v\u00e0 h\u00ecnh \u1ea3nh l\u00e0m b\u1eb1ng ch\u1ee9ng, ch\u1ee9ng c\u1ee9 m\u1ed9t c\u00e1ch v\u00f4 c\u00f9ng k\u00edn \u0111\u00e1o v\u00e0 t\u1ebf nh\u1ecb<\/div>\n<div><\/div>\n<div>\u0110\u00e2y l\u00e0 chi\u1ebfc camera ng\u1ee5y trang gi\u1ea5u k\u00edn c\u00f3 t\u00edch h\u1ee3p xem tr\u1ef1c ti\u1ebfp t\u1eeb xa qua \u0111i\u1ec7n tho\u1ea1i th\u00f4ng minh nh\u1ea5t m\u00e0 b\u1ea1n n\u00ean s\u1edf h\u1eefu ngay \u0111\u1ec3 ph\u1ee5c v\u1ee5 trong c\u00f4ng vi\u1ec7c v\u00e0 \u0111\u1eddi s\u1ed1ng<\/div>\n<div><\/div>\n<div>Nh\u1ea5t l\u00e0 v\u1edbi nh\u1eefng qu\u00fd b\u00e1c doanh nh\u00e2n th\u01b0\u1eddng xuy\u00ean \u0111i l\u00fd k\u1ebft h\u1ee3p \u0111\u1ed3ng l\u1edbn, giao d\u1ecbch v\u1edbi s\u1ed1 ti\u1ec1n l\u1edbn th\u00ec chi\u1ebfc camera mini si\u00eau nh\u1ecf ng\u1ee5y trang c\u00fac \u00e1o\u00a0 l\u00e0 m\u1ed9t m\u00e1y quay phim chuy\u00ean d\u1ee5ng kh\u00f4ng th\u1ec3 thi\u1ebfu<\/div>\n<div><\/div>\n<div>Chi\u1ebfc camera mini si\u00eau nh\u1ecf ng\u1ee5y trang c\u00fac \u00e1o s\u1ebd nhanh ch\u00f3ng ghi l\u1ea1i nh\u1eefng kho\u1ea3nh kh\u1eafc giao d\u1ecbch tr\u00e1nh nh\u1eefng tr\u01b0\u1eddng l\u1eeba \u0111\u1ea3o chi\u1ebfm \u0111o\u1ea1t \u0111ang n\u1edf r\u1ed9 hi\u1ec7n nay<\/div>\n<div><\/div>\n<div>Camera mini ng\u1ee5y trang c\u00fac \u00e1o ph\u00f9 h\u1ee3p v\u1edbi c\u00e1c ph\u00f3ng vi\u00ean nh\u00e0 b\u00e1o t\u00e1c nghi\u1ec7p, nh\u00e2n vi\u00ean \u0111i\u1ec1u tra ho\u1eb7c nh\u1eefng qu\u00fd b\u00e1c doanh nh\u00e2n th\u01b0\u1eddng xuy\u00ean \u0111i k\u00fd k\u1ebft h\u1ee3p \u0111\u1ed3ng, \u2026 nh\u1eb1m ph\u00f2ng tr\u00e1nh nh\u1eefng tr\u01b0\u1eddng h\u1ee3p l\u1eeba \u0111\u1ea3o, chi\u1ebfm \u0111o\u1ea1t, l\u1eadt l\u1ecdng<\/div>\n<div><\/div>\n<div>\u0110\u1eb7c \u0111i\u1ec3m n\u1ed5i b\u1eadt c\u1ee7a thi\u1ebft b\u1ecb camera :<\/div>\n<div><\/div>\n<div>Nh\u1ecf, b\u1ec1n v\u00e0 d\u1ec5 d\u00e0ng s\u1eed d\u1ee5ng . Bi\u1ebfn n\u00f3 th\u00e0nh chi\u1ebfc m\u00e1y quay phim b\u00ed m\u1eadt ho\u00e0n h\u1ea3o cho b\u1ea5t k\u1ef3 d\u1ecbp n\u00e0o<\/div>\n<div>C\u00e1c video \u0111\u00e1nh d\u1ea5u th\u1eddi gian v\u00e0 ng\u00e0y th\u00e1ng \u0111\u1ec3 thu th\u1eadp b\u1eb1ng ch\u1ee9ng v\u00e0 s\u1eafp x\u1ebfp c\u00e1c t\u1ec7p \u0111\u00e3 ghi c\u1ee7a b\u1ea1n<\/div>\n<div>Ghi video v\u00e0 \u00e2m thanh \u0111\u1ed9 ph\u00e2n gi\u1ea3i cao 4k v\u00e0 b\u1ea1n d\u1ec5 d\u00e0ng xem tr\u1ef1c ti\u1ebfp t\u1eeb xa qua \u0111i\u1ec7n tho\u1ea1i khi k\u1ebft n\u1ed1i v\u1edbi Wifi<\/div>\n<div>D\u1ec5 d\u00e0ng t\u1ea3i video \u0111\u00e3 quay \u0111\u01b0\u1ee3c c\u1ee7a b\u1ea1n xu\u1ed1ng m\u00e1y Mac ho\u1eb7c m\u00e1y t\u00ednh Windows, kh\u00f4ng c\u1ea7n ph\u1ea7n m\u1ec1m, ph\u00e1t l\u1ea1i video b\u1eb1ng b\u1ea5t k\u1ef3 tr\u00ecnh ph\u00e1t \u0111a ph\u01b0\u01a1ng ti\u1ec7n ti\u00eau chu\u1ea9n n\u00e0o<\/div>\n<div>Th\u1eddi l\u01b0\u1ee3ng pin 100-120 ph\u00fat khi s\u1ea1c \u0111\u1ea7y. Th\u1ebb Micro SD 128GB l\u01b0u tr\u1eef l\u00ean \u0111\u1ebfn 64\u00a0 gi\u1edd video \u0111\u1ed9 n\u00e9t cao \u1edf t\u1ed1c \u0111\u1ed9 30 khung h\u00ecnh \/ gi\u00e2y<\/div>\n<div>Khi ho\u1ea1t \u0111\u1ed9ng camera ng\u1ee5y trang c\u00fac \u00e1o ho\u00e0n to\u00e0n kh\u00f4ng c\u00f3 \u0111\u00e8n b\u00e1o n\u00e0o xu\u1ea5t hi\u1ec7n trong khi quay, cho ph\u00e9p camera ng\u1ee5y trang gi\u1ea5u k\u00edn n\u00e0y h\u00f2a h\u1ee3p m\u1ed9t c\u00e1ch t\u1ef1 nhi\u00ean trong khi s\u1eed d\u1ee5ng m\u00e0 ho\u00e0n to\u00e0n kh\u00f4ng lo b\u1ecb ph\u00e1t hi\u1ec7n.\u00a0 \u0110\u01a1n gi\u1ea3n d\u1ec5 s\u1eed d\u1ee5ng, t\u1ea5t c\u1ea3 \u0111o\u1ea1n quay \u0111\u1ec1u \u0111\u01b0\u1ee3c l\u01b0u ngay v\u00e0o th\u1ebb nh\u1edb ngay sau khi t\u1eaft thi\u1ebft b\u1ecb<\/div>\n<div>\n<h3>Li\u00ean h\u1ec7 mua h\u00e0ng<\/h3>\n<h3 dir=\"auto\"><span class=\"pq6dq46d tbxw36s4 knj5qynh kvgmc6g5 ditlmg2l oygrvhab nvdbi5me sf5mxxl7 gl3lb2sf hhz5lgdu\"><img loading=\"lazy\" decoding=\"async\" src=\"https:\/\/static.xx.fbcdn.net\/images\/emoji.php\/v9\/t22\/1\/16\/260e.png\" alt=\"\u260e\ufe0f\" width=\"16\" height=\"16\" \/><\/span>\u00a0A H\u1ea3i: 094.226.2345 (zalo) \u2013 T\u01b0 V\u1ea5n 24\/24<\/h3>\n<div class=\"o9v6fnle cxmmr5t8 oygrvhab hcukyx3x c1et5uql ii04i59q\">\n<h3 dir=\"auto\"><span class=\"pq6dq46d tbxw36s4 knj5qynh kvgmc6g5 ditlmg2l oygrvhab nvdbi5me sf5mxxl7 gl3lb2sf hhz5lgdu\"><img loading=\"lazy\" decoding=\"async\" src=\"https:\/\/static.xx.fbcdn.net\/images\/emoji.php\/v9\/ta7\/1\/16\/1f3ea.png\" alt=\"?\" width=\"16\" height=\"16\" \/><\/span>\u00a0H\u00e0 N\u1ed9i: s\u1ed1 42 Th\u1ecbnh Li\u1ec7t \u2013 Ho\u00e0ng Mai \u2013 H\u00e0 N\u1ed9i<\/h3>\n<h3 dir=\"auto\"><span class=\"pq6dq46d tbxw36s4 knj5qynh kvgmc6g5 ditlmg2l oygrvhab nvdbi5me sf5mxxl7 gl3lb2sf hhz5lgdu\"><img loading=\"lazy\" decoding=\"async\" src=\"https:\/\/static.xx.fbcdn.net\/images\/emoji.php\/v9\/ta7\/1\/16\/1f3ea.png\" alt=\"?\" width=\"16\" height=\"16\" \/><\/span>\u00a0S\u00e0i G\u00f2n: 558\/66 B\u00ecnh Qu\u1edbi \u2013 Ph\u01b0\u1eddng 28 \u2013 B\u00ecnh Th\u1ea1nh<\/h3>\n<\/div>\n<\/div>\n","protected":false},"excerpt":{"rendered":"<p>M\u1ed9t thi\u1ebft b\u1ecb camera mini kh\u00f4ng d\u00e2y \u0111\u01b0\u1ee3c ng\u1ee5y trang d\u01b0\u1edbi d\u1ea1ng c\u00fac khuy \u00e1o gi\u00fap b\u1ea1n d\u1ec5 d\u00e0ng ghi l\u1ea1i nh\u1eefng \u00e2m thanh v\u00e0 h\u00ecnh \u1ea3nh l\u00e0m b\u1eb1ng ch\u1ee9ng, ch\u1ee9ng c\u1ee9 m\u1ed9t c\u00e1ch v\u00f4 c\u00f9ng k\u00edn \u0111\u00e1o v\u00e0 t\u1ebf nh\u1ecb<\/p>\n","protected":false},"featured_media":2753,"comment_status":"open","ping_status":"closed","template":"","meta":[],"product_cat":[189,30,55],"product_tag":[109,57,107,103,106,71,108,104,105,100,102,101,58,96,99,98,97],"class_list":{"0":"post-2752","1":"product","2":"type-product","3":"status-publish","4":"has-post-thumbnail","6":"product_cat-camera","7":"product_cat-thiet-bi-quay-len","8":"product_cat-thiet-bi-quay-len-online","9":"product_tag-camera-gan-sim-4g","10":"product_tag-camera-nguy-trang","11":"product_tag-camera-nguy-trang-bat-lua","12":"product_tag-camera-nguy-trang-bong-den","13":"product_tag-camera-nguy-trang-cu-sac","14":"product_tag-camera-nguy-trang-cuc-ao","15":"product_tag-camera-nguy-trang-dien-thoai","16":"product_tag-camera-nguy-trang-dong-ho","17":"product_tag-camera-nguy-trang-dui-den","18":"product_tag-camera-nguy-trang-gia-re","19":"product_tag-camera-nguy-trang-o-cam-dien","20":"product_tag-camera-nguy-trang-sieu-nho","21":"product_tag-camera-sieu-nho","22":"product_tag-camera-sieu-nho-gia-re","23":"product_tag-camera-sieu-nho-giau-kin","24":"product_tag-camera-sieu-nho-khong-day","25":"product_tag-camera-sieu-nho-wifi","27":"first","28":"instock","29":"sale","30":"shipping-taxable","31":"purchasable","32":"product-type-simple"},"_links":{"self":[{"href":"https:\/\/cameraquaytrom.net\/index.php?rest_route=\/wp\/v2\/product\/2752"}],"collection":[{"href":"https:\/\/cameraquaytrom.net\/index.php?rest_route=\/wp\/v2\/product"}],"about":[{"href":"https:\/\/cameraquaytrom.net\/index.php?rest_route=\/wp\/v2\/types\/product"}],"replies":[{"embeddable":true,"href":"https:\/\/cameraquaytrom.net\/index.php?rest_route=%2Fwp%2Fv2%2Fcomments&post=2752"}],"wp:featuredmedia":[{"embeddable":true,"href":"https:\/\/cameraquaytrom.net\/index.php?rest_route=\/wp\/v2\/media\/2753"}],"wp:attachment":[{"href":"https:\/\/cameraquaytrom.net\/index.php?rest_route=%2Fwp%2Fv2%2Fmedia&parent=2752"}],"wp:term":[{"taxonomy":"product_cat","embeddable":true,"href":"https:\/\/cameraquaytrom.net\/index.php?rest_route=%2Fwp%2Fv2%2Fproduct_cat&post=2752"},{"taxonomy":"product_tag","embeddable":true,"href":"https:\/\/cameraquaytrom.net\/index.php?rest_route=%2Fwp%2Fv2%2Fproduct_tag&post=2752"}],"curies":[{"name":"wp","href":"https:\/\/api.w.org\/{rel}","templated":true}]}}