{"id":2764,"date":"2024-11-02T15:36:12","date_gmt":"2024-11-02T15:36:12","guid":{"rendered":"https:\/\/cameraquaytrom.net\/?post_type=product&#038;p=2764"},"modified":"2024-11-02T15:36:12","modified_gmt":"2024-11-02T15:36:12","slug":"bo-phat-wifi-gan-sim-f803-6-rau","status":"publish","type":"product","link":"https:\/\/cameraquaytrom.net\/?product=bo-phat-wifi-gan-sim-f803-6-rau","title":{"rendered":"B\u1ed9 Ph\u00e1t WiFi G\u1eafn Sim F803 6 R\u00e2u"},"content":{"rendered":"<h1 style=\"text-align: center;\">B\u1ed9 Ph\u00e1t WiFi G\u1eafn Sim F803 6 R\u00e2u<\/h1>\n<p><img loading=\"lazy\" decoding=\"async\" class=\"alignnone size-medium wp-image-2765 aligncenter\" src=\"https:\/\/cameraquaytrom.net\/wp-content\/uploads\/2024\/11\/z5976847947083_4c6ba1122bd42e7dc5ff65b1f2e5209e-300x300.jpg\" alt=\"\" width=\"300\" height=\"300\" srcset=\"https:\/\/cameraquaytrom.net\/wp-content\/uploads\/2024\/11\/z5976847947083_4c6ba1122bd42e7dc5ff65b1f2e5209e-300x300.jpg 300w, https:\/\/cameraquaytrom.net\/wp-content\/uploads\/2024\/11\/z5976847947083_4c6ba1122bd42e7dc5ff65b1f2e5209e-1024x1024.jpg 1024w, https:\/\/cameraquaytrom.net\/wp-content\/uploads\/2024\/11\/z5976847947083_4c6ba1122bd42e7dc5ff65b1f2e5209e-150x150.jpg 150w, https:\/\/cameraquaytrom.net\/wp-content\/uploads\/2024\/11\/z5976847947083_4c6ba1122bd42e7dc5ff65b1f2e5209e-768x767.jpg 768w, https:\/\/cameraquaytrom.net\/wp-content\/uploads\/2024\/11\/z5976847947083_4c6ba1122bd42e7dc5ff65b1f2e5209e-1536x1536.jpg 1536w, https:\/\/cameraquaytrom.net\/wp-content\/uploads\/2024\/11\/z5976847947083_4c6ba1122bd42e7dc5ff65b1f2e5209e-2048x2046.jpg 2048w, https:\/\/cameraquaytrom.net\/wp-content\/uploads\/2024\/11\/z5976847947083_4c6ba1122bd42e7dc5ff65b1f2e5209e-600x600.jpg 600w, https:\/\/cameraquaytrom.net\/wp-content\/uploads\/2024\/11\/z5976847947083_4c6ba1122bd42e7dc5ff65b1f2e5209e-100x100.jpg 100w\" sizes=\"(max-width: 300px) 100vw, 300px\" \/><\/p>\n<p>B\u1ed9 ph\u00e1t wifi F803 l\u00e0 b\u1ed9 \u0111\u1ecbnh tuy\u1ebfn kh\u00f4ng d\u00e2y 4G chuy\u00ean d\u1ee5ng l\u1ef1a ch\u1ecdn th\u00edch h\u1ee3p \u0111\u1ec3 l\u1eafp \u0111\u1eb7t tr\u00ean \u00f4 t\u00f4, xe kh\u00e1ch, xe du l\u1ecbch, xe gi\u01b0\u1eddng n\u1eb1m, xe d\u1ecbch v\u1ee5, t\u00e0u bi\u1ec3n, t\u00e0u du l\u1ecbch, du thuy\u1ec3n, t\u00e0u th\u0103m d\u00f2, gi\u00e0n khoan,\u2026 ho\u1eb7c l\u1eafp \u0111\u1eb7t cho v\u0103n ph\u00f2ng l\u00e0m vi\u1ec7c, nh\u00e0 x\u01b0\u1edfng, c\u00f4ng tr\u01b0\u1eddng, qu\u00e1n cafe, nh\u00e0 h\u00e0ng, khu nh\u00e0 tr\u1ecd, h\u1ed9 gia \u0111\u00ecnh, h\u1ec7 th\u1ed1ng camera, h\u1ec7 th\u1ed1ng m\u00e1y ch\u1ea5m c\u00f4ng,\u2026 m\u00e0 \u1edf \u0111\u00f3 c\u00e1p quang kh\u00f3 ti\u1ebfp c\u1eadn.<\/p>\n<p>CPE F803 6 r\u00e2u th\u1ebf h\u1ec7 m\u1edbi t\u1ed1c \u0111\u1ed9 l\u00ean \u0111\u1ebfn 3Mbps, t\u1ed1i \u01b0u ho\u00e1 t\u1ea5t c\u1ea3 nhu c\u1ea7u tr\u1ea3i nghi\u1ec7m internet t\u1ed1c \u0111\u1ed9 cao nh\u01b0 nghe nh\u1ea1c tr\u1ef1c tuy\u1ebfn, xem phim chu\u1ea9n HD, ch\u01a1i game online,\u2026 \u0110\u00e2y l\u00e0 m\u1ed9t trong nh\u1eefng s\u1ea3n ph\u1ea9m thi\u1ebft b\u1ecb m\u1ea1ng b\u1ea1n n\u00ean quan t\u00e2m khi c\u00f3 nhu c\u1ea7u.<\/p>\n<p>\u01afu \u0111i\u1ec3m n\u1ed5i b\u1eadt c\u1ee7a b\u1ed9 ph\u00e1t wifi 4G CPE F803 :<\/p>\n<p>&#8211; Trang b\u1ecb t\u1edbi 6 r\u00e2u gi\u00fap thu ph\u00e1t wifi kho\u1ebb h\u01a1n 50% so v\u1edbi b\u1ed9 ph\u00e1t th\u00f4ng th\u01b0\u1eddng<\/p>\n<p>&#8211; T\u1ed1c \u0111\u1ed9 download t\u1ed1i \u0111a 300Mbps , upload t\u1ed1i \u0111a 50Mbps<\/p>\n<p>&#8211; C\u00f3 1 c\u1ed5ng WAN v\u00e0 3 c\u1ed5ng LAN b\u1ea1n c\u00f3 th\u1ec3 ph\u00e1t wifi t\u1eeb c\u1ed5ng m\u1ea1ng LAN m\u1ed9t c\u00e1ch d\u1ec5 d\u00e0ng<\/p>\n<p>&#8211; B\u1ed9 ph\u00e1t d\u1ec5 d\u00e0ng l\u1eafp \u0111\u1eb7t kh\u00f4ng c\u1ea7n k\u00e9o d\u00e2y ch\u1ec9 c\u1ea7n l\u1eafp sim c\u1eafm \u0111i\u1ec7n l\u00e0 ok<\/p>\n<p>&#8211; C\u00f3 th\u1ec3 c\u1ea5p ngu\u1ed3n cho b\u1ed9 ph\u00e1t b\u1eb1ng c\u1ee5c s\u1ea1c d\u1ef1 ph\u00f2ng<\/p>\n<p>&#8211; T\u01b0\u01a1ng th\u00edch m\u1ecdi nh\u00e0 m\u1ea1ng: Viettel, Mobifone,Vinaphone, Vietnammobile\u2026<\/p>\n<p>&#8211; K\u1ebft n\u1ed1i 32 thi\u1ebft b\u1ecb k\u1ebft n\u1ed1i internet c\u00f9ng 1 l\u00fac, \u0111\u1ed9 ph\u00e1t s\u00f3ng t\u01b0\u01a1ng \u0111\u1ed1i xa, trong m\u00f4i tr\u01b0\u1eddng kh\u00f4ng c\u00f3 v\u1eadt c\u1ea3n.<\/p>\n<p>&#8211; CPE F803 l\u00e0 thi\u1ebft b\u1ecb ph\u00e1t s\u00f3ng wifi di \u0111\u1ed9ng t\u1eeb sim 3G\/4G LTE t\u1ed1c \u0111\u1ed9 cao \u0111\u01b0\u1ee3c t\u00edch h\u1ee3p c\u00f4ng ngh\u1ec7 hi\u1ec7n \u0111\u1ea1i t\u00e2n ti\u1ebfn nh\u1ea5t.<\/p>\n<p>&#8211; L\u00e0 thi\u1ebft b\u1ecb t\u01b0\u01a1ng \u0111\u1ed1i \u0111\u01a1n gi\u1ea3n c\u00f3 th\u1ec3 \u0111\u1ec3 \u1edf b\u1ea5t c\u1ee9 ch\u1ed7 n\u00e0o c\u00f3 ngu\u1ed3n \u0111i\u1ec7n, ch\u1ec9 c\u1ea7n ngu\u1ed3n \u0111i\u1ec7n v\u00e0 l\u1eafp sim v\u00e0o l\u00e0 b\u1ea1n \u0111\u00e3 c\u00f3 th\u1ec3 d\u00f9ng wifi v\u00e0 chia s\u1ebb internet \u0111\u1ebfn m\u1ecdi ng\u01b0\u1eddi m\u00e0 kh\u00f4ng c\u1ea7n ph\u1ea3i c\u00e0i \u0111\u1eb7t g\u00ec th\u00eam.<\/p>\n<p>-Th\u00edch h\u1ee3p l\u1eafp \u0111\u1eb7t tr\u00ean xe \u00f4 t\u00f4, xe kh\u00e1ch, xe gi\u01b0\u1eddng n\u1eb1m, xe du l\u1ecbch, t\u00e0u thuy\u1ec1n, t\u00e0u bi\u1ec3n, du thuy\u1ec1n, v\u0103n ph\u00f2ng, nh\u00e0 x\u01b0\u1edfng, c\u00f4ng tr\u01b0\u1eddng, qu\u00e1n cafe, nh\u00e0 h\u00e0ng, khu nh\u00e0 tr\u1ecd, h\u1ed9 gia \u0111\u00ecnh, h\u1ec7 th\u1ed1ng camera, h\u1ec7 th\u1ed1ng m\u00e1y ch\u1ea5m c\u00f4ng, \u2026 Ph\u00f9 h\u1ee3p n\u01a1i ch\u01b0a c\u00f3 h\u1ec7 th\u1ed1ng c\u00e1p quang internet,\u2026<\/p>\n","protected":false},"excerpt":{"rendered":"<p>B\u1ed9 ph\u00e1t wifi F803 l\u00e0 b\u1ed9 \u0111\u1ecbnh tuy\u1ebfn kh\u00f4ng d\u00e2y 4G chuy\u00ean d\u1ee5ng l\u1ef1a ch\u1ecdn th\u00edch h\u1ee3p \u0111\u1ec3 l\u1eafp \u0111\u1eb7t tr\u00ean \u00f4 t\u00f4, xe kh\u00e1ch, xe du l\u1ecbch, xe gi\u01b0\u1eddng n\u1eb1m, xe d\u1ecbch v\u1ee5, t\u00e0u bi\u1ec3n, t\u00e0u du l\u1ecbch, du thuy\u1ec3n, t\u00e0u th\u0103m d\u00f2, gi\u00e0n khoan,\u2026 ho\u1eb7c l\u1eafp \u0111\u1eb7t cho v\u0103n ph\u00f2ng l\u00e0m vi\u1ec7c, nh\u00e0 x\u01b0\u1edfng, c\u00f4ng tr\u01b0\u1eddng, qu\u00e1n cafe, nh\u00e0 h\u00e0ng, khu nh\u00e0 tr\u1ecd, h\u1ed9 gia \u0111\u00ecnh, h\u1ec7 th\u1ed1ng camera, h\u1ec7 th\u1ed1ng m\u00e1y ch\u1ea5m c\u00f4ng,\u2026 m\u00e0 \u1edf \u0111\u00f3 c\u00e1p quang kh\u00f3 ti\u1ebfp c\u1eadn.<\/p>\n","protected":false},"featured_media":2765,"comment_status":"open","ping_status":"closed","template":"","meta":[],"product_cat":[190],"product_tag":[211,203,209,201,208,202,207,206,205,193,194,191,198,192,199,204,200,210,196,213,212,197,195],"class_list":{"0":"post-2764","1":"product","2":"type-product","3":"status-publish","4":"has-post-thumbnail","6":"product_cat-bo-phat-wifi-4g","7":"product_tag-bo-phat-wifi-4g","8":"product_tag-bo-phat-wifi-4g-b618","9":"product_tag-bo-phat-wifi-4g-r102","10":"product_tag-bo-phat-wifi-4g-r311","11":"product_tag-bo-phat-wifi-4g-tot-nhat-hien-nay","12":"product_tag-bo-phat-wifi-mini","13":"product_tag-cach-doi-ten-wifi","14":"product_tag-cuc-pha-t-wifi","15":"product_tag-cuc-phat-wi-fi","16":"product_tag-cuc-phat-wifi","17":"product_tag-cuc-phat-wifi-4g","18":"product_tag-cuc-phat-wifi-4g-tot-nhat","19":"product_tag-cuc-phat-wifi-5g","20":"product_tag-cuc-phat-wifi-bang-sim","21":"product_tag-cuc-phat-wifi-di-dong","22":"product_tag-cuc-phat-wifi-du-lich","23":"product_tag-cuc-phat-wifi-tp-link","24":"product_tag-cuc-phat-wifi-tu-sim-4g","25":"product_tag-cuc-phat-wifi-tu-sim-4gcuc-phat-wifi-4g-gia-re","26":"product_tag-cuc-wi-fi","27":"product_tag-wi-fi","28":"product_tag-wi-fi-khong-day","29":"product_tag-wifi-khong-day","31":"first","32":"instock","33":"sale","34":"shipping-taxable","35":"purchasable","36":"product-type-simple"},"_links":{"self":[{"href":"https:\/\/cameraquaytrom.net\/index.php?rest_route=\/wp\/v2\/product\/2764"}],"collection":[{"href":"https:\/\/cameraquaytrom.net\/index.php?rest_route=\/wp\/v2\/product"}],"about":[{"href":"https:\/\/cameraquaytrom.net\/index.php?rest_route=\/wp\/v2\/types\/product"}],"replies":[{"embeddable":true,"href":"https:\/\/cameraquaytrom.net\/index.php?rest_route=%2Fwp%2Fv2%2Fcomments&post=2764"}],"wp:featuredmedia":[{"embeddable":true,"href":"https:\/\/cameraquaytrom.net\/index.php?rest_route=\/wp\/v2\/media\/2765"}],"wp:attachment":[{"href":"https:\/\/cameraquaytrom.net\/index.php?rest_route=%2Fwp%2Fv2%2Fmedia&parent=2764"}],"wp:term":[{"taxonomy":"product_cat","embeddable":true,"href":"https:\/\/cameraquaytrom.net\/index.php?rest_route=%2Fwp%2Fv2%2Fproduct_cat&post=2764"},{"taxonomy":"product_tag","embeddable":true,"href":"https:\/\/cameraquaytrom.net\/index.php?rest_route=%2Fwp%2Fv2%2Fproduct_tag&post=2764"}],"curies":[{"name":"wp","href":"https:\/\/api.w.org\/{rel}","templated":true}]}}