{"id":2766,"date":"2024-11-02T15:39:35","date_gmt":"2024-11-02T15:39:35","guid":{"rendered":"https:\/\/cameraquaytrom.net\/?post_type=product&#038;p=2766"},"modified":"2024-11-02T15:39:36","modified_gmt":"2024-11-02T15:39:36","slug":"bo-phat-wifi-gan-sim-b618-6-anten","status":"publish","type":"product","link":"https:\/\/cameraquaytrom.net\/?product=bo-phat-wifi-gan-sim-b618-6-anten","title":{"rendered":"B\u1ed9 Ph\u00e1t WiFi G\u1eafn Sim B618 6 Anten"},"content":{"rendered":"<h1 style=\"text-align: center;\">B\u1ed9 Ph\u00e1t WiFi G\u1eafn Sim B618 6 Anten<\/h1>\n<p style=\"text-align: center;\"><img loading=\"lazy\" decoding=\"async\" class=\"alignnone size-medium wp-image-2767\" src=\"https:\/\/cameraquaytrom.net\/wp-content\/uploads\/2024\/11\/z5976847976276_21f1730a6384ecc64487c7e2695917d1-300x300.jpg\" alt=\"\" width=\"300\" height=\"300\" srcset=\"https:\/\/cameraquaytrom.net\/wp-content\/uploads\/2024\/11\/z5976847976276_21f1730a6384ecc64487c7e2695917d1-300x300.jpg 300w, https:\/\/cameraquaytrom.net\/wp-content\/uploads\/2024\/11\/z5976847976276_21f1730a6384ecc64487c7e2695917d1-1024x1024.jpg 1024w, https:\/\/cameraquaytrom.net\/wp-content\/uploads\/2024\/11\/z5976847976276_21f1730a6384ecc64487c7e2695917d1-150x150.jpg 150w, https:\/\/cameraquaytrom.net\/wp-content\/uploads\/2024\/11\/z5976847976276_21f1730a6384ecc64487c7e2695917d1-768x767.jpg 768w, https:\/\/cameraquaytrom.net\/wp-content\/uploads\/2024\/11\/z5976847976276_21f1730a6384ecc64487c7e2695917d1-1536x1536.jpg 1536w, https:\/\/cameraquaytrom.net\/wp-content\/uploads\/2024\/11\/z5976847976276_21f1730a6384ecc64487c7e2695917d1-2048x2046.jpg 2048w, https:\/\/cameraquaytrom.net\/wp-content\/uploads\/2024\/11\/z5976847976276_21f1730a6384ecc64487c7e2695917d1-600x600.jpg 600w, https:\/\/cameraquaytrom.net\/wp-content\/uploads\/2024\/11\/z5976847976276_21f1730a6384ecc64487c7e2695917d1-100x100.jpg 100w\" sizes=\"(max-width: 300px) 100vw, 300px\" \/><\/p>\n<p>C\u1ee5c Ph\u00e1t Wifi T\u1eeb Sim 4G, B\u1ed9 Ph\u00e1t Wifi 4G LTE B618 C\u00f3 4 C\u1ed5ng WAN\/LAN, 6 \u0102ngten Si\u00eau Kh\u1ecfe, H\u00e0ng Cao C\u1ea5p<br \/>\n\u0110\u00c2Y L\u00c0 B\u1ed8 PH\u00c1T WIFI 4G KH\u1eceE NH\u1ea4T, V\u1edaI 6 \u0102NGTEN C\u00d3 KH\u1ea2 N\u0102NG XUY\u00caN T\u01af\u1edcNG \u0110ANG L\u00c0 B\u1ed8 PH\u00c1T KH\u1eceE NH\u1ea4T TR\u00caN TH\u1eca TR\u01af\u1edcNG. T\u1ed0C \u0110\u1ed8 CAO H\u01a0N, NHI\u1ec0U THI\u1ebeT B\u1eca K\u1ebeT N\u1ed0I H\u01a0N V\u00c0 TRANG B\u1eca \u0110\u1ebeN 4 C\u1ed4NG LAN\/WAN. C\u00d3 TH\u1ec2 L\u1eaeP TR\u00caN \u00d4 T\u00d4, COD TH\u1ec2 C\u1eaeM D\u00c2Y M\u1ea0NG \u0110\u1ec2 D\u00d9NG NH\u01af M\u1ed8T CHI\u1ebeC ROUTER B\u00ccNH TH\u01af\u1edcNG.<br \/>\nL\u00c0 B\u1ed8 PH\u00c1T QUA SIM 4G 5G KH\u1eceE NH\u1ea4T HI\u1ec6N NAY. PH\u00d9 H\u1ee2P KHI S\u1eec D\u1ee4NG \u1ede N\u00d4NG TH\u00d4N, V\u00d9NG N\u00daI CAO, NH\u1eeeNG N\u01a0I KH\u00d4NG C\u00d3 \u0110\u01af\u1edcNG TRUY\u1ec0N INTERNET, NH\u00c0 CAO T\u1ea6NG KH\u00d4NG MU\u1ed0N CH\u1ea0Y D\u00c2Y M\u1ea0NG V\u00c0 CH\u1ea0Y \u0110\u01af\u1ee2C CAMERA \u1ede CH\u1ed6 KH\u00d4NG TH\u1ec2 K\u00c9O M\u1ea0NG.<br \/>\nTH\u1eacT TUY\u1ec6T KHI S\u1eec D\u1ee4NG C\u00d9NG CHI\u1ebeC SIM MAX B\u0102NG TH\u00d4NG. S\u1eec D\u1ee4NG WIFI NH\u01af M\u1ea0NG D\u00c2Y<\/p>\n<p>\ud83d\udfe2T\u00cdNH N\u0102NG N\u1ed4I B\u1eacT<br \/>\n-&gt;B\u1ed9 ph\u00e1t wifi Model: LTE B618 c\u00f3 th\u1ec3 s\u1eed d\u1ee5ng sim 3G, 4G, 5G c\u1ee7a t\u1ea5t c\u1ea3 c\u00e1c nh\u00e0 m\u1ea1ng, B\u1ed9 WIFI 4 R\u00c2U c\u00f4ng su\u1ea5t ph\u00e1t l\u00ean \u0111\u1ebfn 300Mbps<br \/>\n-&gt;H\u1ed7 tr\u1ee3 \u0111\u1ed3ng th\u1eddi 32 thi\u1ebft b\u1ecb k\u1ebft n\u1ed1i internet c\u00f9ng m\u1ed9t l\u00fac nh\u01b0 \u0111i\u1ec7n tho\u1ea1i, m\u00e1y t\u00ednh b\u1ea3ng, laptop, PC<br \/>\n-&gt;4 c\u1ed5ng k\u1ebft n\u1ed1i g\u1ed3m 1 c\u1ed5ng WAN\/ 3 c\u1ed5ng Lan d\u00f9ng trong vi\u1ec7c k\u1ebft n\u1ed1i b\u1eb1ng d\u00e2y m\u1ea1ng.<br \/>\n-&gt;B\u00e1n K\u00ednh Ph\u1ee7 s\u00f3ng r\u1ed9ng l\u00ean \u0111\u1ebfn 600 &#8211; 800 M2<br \/>\n-&gt;D\u1ec5 d\u00e0ng l\u1eafp \u0111\u1eb7t v\u00e0 s\u1eed d\u1ee5ng ph\u00f9 h\u1ee3p cho c\u00e1c h\u1ed9 gia \u0111\u00ecnh, trang tr\u1ea1i, mi\u1ec1n n\u00fai, ho\u1eb7c n\u01a1i c\u1ea7n c\u00f3 internet \u0111\u1ec3 l\u00e0m vi\u1ec7c<br \/>\n-&gt; C\u00f3 th\u1ec3 c\u1eafm \u0111i\u1ec7n l\u01b0\u1edbi \u0111\u1ec3 d\u00f9ng 24\/24 m\u00e0 kh\u00f4ng s\u1ee3 b\u1ecb n\u00f3ng nh\u01b0 nh\u1eefng lo\u1ea1i d\u00f9ng PIN<\/p>\n<p>\ud83d\udfe2TH\u00d4NG S\u1ed0 K\u1ef8 THU\u1eacT<br \/>\n-&gt;Model: Model: LTE B618 (l\u00e0 phi\u00ean b\u1ea3n kh\u1ecfe nh\u1ea5t hi\u1ec7n nay)<br \/>\n-&gt;C\u1ed5ng k\u1ebft n\u1ed1i: 4 c\u1ed5ng (WAN, LAN) \u0111\u1ec3 s\u1eed d\u1ee5ng nh\u01b0 chi\u1ebfc router b\u00ecnh th\u01b0\u1eddng<br \/>\n-&gt;T\u1ed1c \u0111\u1ed9 truy\u1ec1n t\u1ea3i: 300 Mbps (t\u00f9y v\u00e0o g\u1ecdi m\u1ea1ng c\u1ee7a sim)<br \/>\n-&gt;Lo\u1ea1i m\u1ea1ng: 3G\/4G\/5G<br \/>\n-&gt;Antenna: 6 \u0103ngten 5dBi<br \/>\n-&gt;H\u1ed7 tr\u1ee3 32 thi\u1ebft b\u1ecb<br \/>\n-&gt;Kho\u1ea3ng c\u00e1ch ph\u00e1t 600 &#8211; 800 M2<br \/>\n-&gt;N\u00fat reset<\/p>\n<h3>Li\u00ean h\u1ec7 mua h\u00e0ng<\/h3>\n<h3 dir=\"auto\"><span class=\"pq6dq46d tbxw36s4 knj5qynh kvgmc6g5 ditlmg2l oygrvhab nvdbi5me sf5mxxl7 gl3lb2sf hhz5lgdu\"><img loading=\"lazy\" decoding=\"async\" src=\"https:\/\/static.xx.fbcdn.net\/images\/emoji.php\/v9\/t22\/1\/16\/260e.png\" alt=\"\u260e\ufe0f\" width=\"16\" height=\"16\" \/><\/span>\u00a0A H\u1ea3i: 094.226.2345 (zalo) \u2013 T\u01b0 V\u1ea5n 24\/24<\/h3>\n<div class=\"o9v6fnle cxmmr5t8 oygrvhab hcukyx3x c1et5uql ii04i59q\">\n<h3 dir=\"auto\"><span class=\"pq6dq46d tbxw36s4 knj5qynh kvgmc6g5 ditlmg2l oygrvhab nvdbi5me sf5mxxl7 gl3lb2sf hhz5lgdu\"><img loading=\"lazy\" decoding=\"async\" src=\"https:\/\/static.xx.fbcdn.net\/images\/emoji.php\/v9\/ta7\/1\/16\/1f3ea.png\" alt=\"?\" width=\"16\" height=\"16\" \/><\/span>\u00a0H\u00e0 N\u1ed9i: s\u1ed1 42 Th\u1ecbnh Li\u1ec7t \u2013 Ho\u00e0ng Mai \u2013 H\u00e0 N\u1ed9i<\/h3>\n<h3 dir=\"auto\"><span class=\"pq6dq46d tbxw36s4 knj5qynh kvgmc6g5 ditlmg2l oygrvhab nvdbi5me sf5mxxl7 gl3lb2sf hhz5lgdu\"><img loading=\"lazy\" decoding=\"async\" src=\"https:\/\/static.xx.fbcdn.net\/images\/emoji.php\/v9\/ta7\/1\/16\/1f3ea.png\" alt=\"?\" width=\"16\" height=\"16\" \/><\/span>\u00a0S\u00e0i G\u00f2n: 558\/66 B\u00ecnh Qu\u1edbi \u2013 Ph\u01b0\u1eddng 28 \u2013 B\u00ecnh Th\u1ea1nh<\/h3>\n<\/div>\n","protected":false},"excerpt":{"rendered":"<p>\u0110\u00c2Y L\u00c0 B\u1ed8 PH\u00c1T WIFI 4G KH\u1eceE NH\u1ea4T, V\u1edaI 6 \u0102NGTEN C\u00d3 KH\u1ea2 N\u0102NG XUY\u00caN T\u01af\u1edcNG \u0110ANG L\u00c0 B\u1ed8 PH\u00c1T KH\u1eceE NH\u1ea4T TR\u00caN TH\u1eca TR\u01af\u1edcNG. T\u1ed0C \u0110\u1ed8 CAO H\u01a0N, NHI\u1ec0U THI\u1ebeT B\u1eca K\u1ebeT N\u1ed0I H\u01a0N V\u00c0 TRANG B\u1eca \u0110\u1ebeN 4 C\u1ed4NG LAN\/WAN. C\u00d3 TH\u1ec2 L\u1eaeP TR\u00caN \u00d4 T\u00d4, COD TH\u1ec2 C\u1eaeM D\u00c2Y M\u1ea0NG \u0110\u1ec2 D\u00d9NG NH\u01af M\u1ed8T CHI\u1ebeC ROUTER B\u00ccNH TH\u01af\u1edcNG.<\/p>\n","protected":false},"featured_media":2767,"comment_status":"open","ping_status":"closed","template":"","meta":[],"product_cat":[190],"product_tag":[211,203,209,201,208,202,207,206,205,193,194,191,198,192,199,204,200,210,196,213,212,197,195],"class_list":{"0":"post-2766","1":"product","2":"type-product","3":"status-publish","4":"has-post-thumbnail","6":"product_cat-bo-phat-wifi-4g","7":"product_tag-bo-phat-wifi-4g","8":"product_tag-bo-phat-wifi-4g-b618","9":"product_tag-bo-phat-wifi-4g-r102","10":"product_tag-bo-phat-wifi-4g-r311","11":"product_tag-bo-phat-wifi-4g-tot-nhat-hien-nay","12":"product_tag-bo-phat-wifi-mini","13":"product_tag-cach-doi-ten-wifi","14":"product_tag-cuc-pha-t-wifi","15":"product_tag-cuc-phat-wi-fi","16":"product_tag-cuc-phat-wifi","17":"product_tag-cuc-phat-wifi-4g","18":"product_tag-cuc-phat-wifi-4g-tot-nhat","19":"product_tag-cuc-phat-wifi-5g","20":"product_tag-cuc-phat-wifi-bang-sim","21":"product_tag-cuc-phat-wifi-di-dong","22":"product_tag-cuc-phat-wifi-du-lich","23":"product_tag-cuc-phat-wifi-tp-link","24":"product_tag-cuc-phat-wifi-tu-sim-4g","25":"product_tag-cuc-phat-wifi-tu-sim-4gcuc-phat-wifi-4g-gia-re","26":"product_tag-cuc-wi-fi","27":"product_tag-wi-fi","28":"product_tag-wi-fi-khong-day","29":"product_tag-wifi-khong-day","31":"first","32":"instock","33":"sale","34":"shipping-taxable","35":"purchasable","36":"product-type-simple"},"_links":{"self":[{"href":"https:\/\/cameraquaytrom.net\/index.php?rest_route=\/wp\/v2\/product\/2766"}],"collection":[{"href":"https:\/\/cameraquaytrom.net\/index.php?rest_route=\/wp\/v2\/product"}],"about":[{"href":"https:\/\/cameraquaytrom.net\/index.php?rest_route=\/wp\/v2\/types\/product"}],"replies":[{"embeddable":true,"href":"https:\/\/cameraquaytrom.net\/index.php?rest_route=%2Fwp%2Fv2%2Fcomments&post=2766"}],"wp:featuredmedia":[{"embeddable":true,"href":"https:\/\/cameraquaytrom.net\/index.php?rest_route=\/wp\/v2\/media\/2767"}],"wp:attachment":[{"href":"https:\/\/cameraquaytrom.net\/index.php?rest_route=%2Fwp%2Fv2%2Fmedia&parent=2766"}],"wp:term":[{"taxonomy":"product_cat","embeddable":true,"href":"https:\/\/cameraquaytrom.net\/index.php?rest_route=%2Fwp%2Fv2%2Fproduct_cat&post=2766"},{"taxonomy":"product_tag","embeddable":true,"href":"https:\/\/cameraquaytrom.net\/index.php?rest_route=%2Fwp%2Fv2%2Fproduct_tag&post=2766"}],"curies":[{"name":"wp","href":"https:\/\/api.w.org\/{rel}","templated":true}]}}