{"id":2774,"date":"2024-11-02T15:58:00","date_gmt":"2024-11-02T15:58:00","guid":{"rendered":"https:\/\/cameraquaytrom.net\/?post_type=product&#038;p=2774"},"modified":"2024-11-02T15:58:01","modified_gmt":"2024-11-02T15:58:01","slug":"bo-phat-wifi-gan-sim-h300g-toc-do-cao","status":"publish","type":"product","link":"https:\/\/cameraquaytrom.net\/?product=bo-phat-wifi-gan-sim-h300g-toc-do-cao","title":{"rendered":"B\u1ed9 Ph\u00e1t WiFi G\u1eafn Sim H300G T\u1ed1c \u0110\u1ed9 Cao"},"content":{"rendered":"<h1 style=\"text-align: center;\">B\u1ed9 Ph\u00e1t WiFi G\u1eafn Sim H300G T\u1ed1c \u0110\u1ed9 Cao<\/h1>\n<p><img loading=\"lazy\" decoding=\"async\" class=\"size-medium wp-image-2775 aligncenter\" src=\"https:\/\/cameraquaytrom.net\/wp-content\/uploads\/2024\/11\/z5976847967990_0a44c4de1c34f8df09657cca425ae13f-300x300.jpg\" alt=\"\" width=\"300\" height=\"300\" srcset=\"https:\/\/cameraquaytrom.net\/wp-content\/uploads\/2024\/11\/z5976847967990_0a44c4de1c34f8df09657cca425ae13f-300x300.jpg 300w, https:\/\/cameraquaytrom.net\/wp-content\/uploads\/2024\/11\/z5976847967990_0a44c4de1c34f8df09657cca425ae13f-1024x1024.jpg 1024w, https:\/\/cameraquaytrom.net\/wp-content\/uploads\/2024\/11\/z5976847967990_0a44c4de1c34f8df09657cca425ae13f-150x150.jpg 150w, https:\/\/cameraquaytrom.net\/wp-content\/uploads\/2024\/11\/z5976847967990_0a44c4de1c34f8df09657cca425ae13f-768x767.jpg 768w, https:\/\/cameraquaytrom.net\/wp-content\/uploads\/2024\/11\/z5976847967990_0a44c4de1c34f8df09657cca425ae13f-1536x1536.jpg 1536w, https:\/\/cameraquaytrom.net\/wp-content\/uploads\/2024\/11\/z5976847967990_0a44c4de1c34f8df09657cca425ae13f-2048x2046.jpg 2048w, https:\/\/cameraquaytrom.net\/wp-content\/uploads\/2024\/11\/z5976847967990_0a44c4de1c34f8df09657cca425ae13f-600x600.jpg 600w, https:\/\/cameraquaytrom.net\/wp-content\/uploads\/2024\/11\/z5976847967990_0a44c4de1c34f8df09657cca425ae13f-100x100.jpg 100w\" sizes=\"(max-width: 300px) 100vw, 300px\" \/><\/p>\n<p>L\u00c0 B\u1ed8 PH\u00c1T QUA SIM 3G\/4G KH\u1eceE NH\u1ea4T HI\u1ec6N NAY. PH\u00d9 H\u1ee2P KHI S\u1eec D\u1ee4NG \u1ede N\u00d4NG TH\u00d4N, V\u00d9NG N\u00daI CAO, NH\u1eeeNG N\u01a0I KH\u00d4NG C\u00d3 \u0110\u01af\u1edcNG TRUY\u1ec0N INTERNET, NH\u00c0 CAO T\u1ea6NG KH\u00d4NG MU\u1ed0N CH\u1ea0Y D\u00c2Y M\u1ea0NG V\u00c0 CH\u1ea0Y \u0110\u01af\u1ee2C CAMERA \u1ede CH\u1ed6 KH\u00d4NG TH\u1ec2 K\u00c9O M\u1ea0NG.<\/p>\n<p>TH\u1eacT TUY\u1ec6T KHI S\u1eec D\u1ee4NG C\u00d9NG CHI\u1ebeC SIM MAX B\u0102NG TH\u00d4NG. S\u1eec D\u1ee4NG WIFI NH\u01af M\u1ea0NG D\u00c2Y<br \/>\nch\u00fa \u00fd: Khi c\u1ea7n s\u1eed d\u1ee5ng tr\u00ean \u00f4 t\u00f4 th\u00ec ph\u1ea3i ch\u1ebf ngu\u1ed3n ch\u00e2n usb, ho\u1eb7c mua s\u1ea3n ph\u1ea9m LTE R102 \u1edf trong shop m\u00ecnh nh\u00e9.<\/p>\n<p>TH\u00d4NG S\u1ed0 K\u1ef8 THU\u00c2T<\/p>\n<p>&#8211; Giao th\u1ee9c wifi: Wi-Fi 802.11g, Wi-Fi 802.11b, Wi-Fi 802.11n<\/p>\n<p>&#8211; Lo\u1ea1i m\u1ea1ng: 4g\/3g<\/p>\n<p>&#8211; B\u0103ng t\u1ea7n Wifi: 2,4G<\/p>\n<p>&#8211; H\u1ed7 tr\u1ee3 WPS: C\u00f3<\/p>\n<p>&#8211; Thi\u1ebft b\u1ecb k\u1ebft n\u1ed1i: H\u1ed7 tr\u1ee3 32 thi\u1ebft b\u1ecb<\/p>\n<p>&#8211; T\u1ed1c \u0111\u1ed9 Download: 300 Mbps\/ Upload 50 Mbps<\/p>\n<p>&#8211; Upload: 50 Mbps<\/p>\n<p>&#8211; B\u1ea3o m\u1eadt kh\u00f4ng d\u00e2y: WPA-PSK\/WPA2-PSK<\/p>\n<p>&#8211; Giao di\u1ec7n: RJ45 x 4 \uff081WLAN + 3LAN, c\u1ed5ng WAN)<\/p>\n<p>&#8211; 1 khe sim<\/p>\n<p>&#8211; H\u1ed7 tr\u1ee3 h\u1ec7 \u0111i\u1ec1u h\u00e0nh: Windows XP, Windows Vista, Windows 7, Windows 8 \/ 8.1, Win 10, Win 11, MAC OS X 10.7\/10.8\/10.9\/10\/10\/10.11\/10.12, Android, IOS<\/p>\n<p>&#8211; K\u00edch th\u01b0\u1edbc: 140 * 85 * 24mm<\/p>\n<p>&#8211; \u0102ng ten RF: 2 * 2mimo, FPC<\/p>\n<p>&#8211; Antenna \u0110\u1ec9nh Gain: 5dBi<\/p>\n<h3>Li\u00ean h\u1ec7 mua h\u00e0ng<\/h3>\n<h3 dir=\"auto\"><span class=\"pq6dq46d tbxw36s4 knj5qynh kvgmc6g5 ditlmg2l oygrvhab nvdbi5me sf5mxxl7 gl3lb2sf hhz5lgdu\"><img loading=\"lazy\" decoding=\"async\" src=\"https:\/\/static.xx.fbcdn.net\/images\/emoji.php\/v9\/t22\/1\/16\/260e.png\" alt=\"\u260e\ufe0f\" width=\"16\" height=\"16\" \/><\/span>\u00a0A H\u1ea3i: 094.226.2345 (zalo) \u2013 T\u01b0 V\u1ea5n 24\/24<\/h3>\n<div class=\"o9v6fnle cxmmr5t8 oygrvhab hcukyx3x c1et5uql ii04i59q\">\n<h3 dir=\"auto\"><span class=\"pq6dq46d tbxw36s4 knj5qynh kvgmc6g5 ditlmg2l oygrvhab nvdbi5me sf5mxxl7 gl3lb2sf hhz5lgdu\"><img loading=\"lazy\" decoding=\"async\" src=\"https:\/\/static.xx.fbcdn.net\/images\/emoji.php\/v9\/ta7\/1\/16\/1f3ea.png\" alt=\"?\" width=\"16\" height=\"16\" \/><\/span>\u00a0H\u00e0 N\u1ed9i: s\u1ed1 42 Th\u1ecbnh Li\u1ec7t \u2013 Ho\u00e0ng Mai \u2013 H\u00e0 N\u1ed9i<\/h3>\n<h3 dir=\"auto\"><span class=\"pq6dq46d tbxw36s4 knj5qynh kvgmc6g5 ditlmg2l oygrvhab nvdbi5me sf5mxxl7 gl3lb2sf hhz5lgdu\"><img loading=\"lazy\" decoding=\"async\" src=\"https:\/\/static.xx.fbcdn.net\/images\/emoji.php\/v9\/ta7\/1\/16\/1f3ea.png\" alt=\"?\" width=\"16\" height=\"16\" \/><\/span>\u00a0S\u00e0i G\u00f2n: 558\/66 B\u00ecnh Qu\u1edbi \u2013 Ph\u01b0\u1eddng 28 \u2013 B\u00ecnh Th\u1ea1nh<\/h3>\n<\/div>\n","protected":false},"excerpt":{"rendered":"<p>C\u1ee5c ph\u00e1t wifi t\u1eeb sim 4G H300G &#8211; 4 \u0103ngten si\u00eau kh\u1ecfe &#8211; T\u1ea3n nhi\u1ec7t t\u1ed1t, ho\u1ea1t \u0111\u1ed9ng 24\/24 kh\u00f4ng b\u1ecb n\u00f3ng<\/p>\n","protected":false},"featured_media":2775,"comment_status":"open","ping_status":"closed","template":"","meta":[],"product_cat":[190],"product_tag":[211,203,209,201,208,202,207,206,205,193,194,191,198,192,199,204,200,210,196,213,212,197,195],"class_list":{"0":"post-2774","1":"product","2":"type-product","3":"status-publish","4":"has-post-thumbnail","6":"product_cat-bo-phat-wifi-4g","7":"product_tag-bo-phat-wifi-4g","8":"product_tag-bo-phat-wifi-4g-b618","9":"product_tag-bo-phat-wifi-4g-r102","10":"product_tag-bo-phat-wifi-4g-r311","11":"product_tag-bo-phat-wifi-4g-tot-nhat-hien-nay","12":"product_tag-bo-phat-wifi-mini","13":"product_tag-cach-doi-ten-wifi","14":"product_tag-cuc-pha-t-wifi","15":"product_tag-cuc-phat-wi-fi","16":"product_tag-cuc-phat-wifi","17":"product_tag-cuc-phat-wifi-4g","18":"product_tag-cuc-phat-wifi-4g-tot-nhat","19":"product_tag-cuc-phat-wifi-5g","20":"product_tag-cuc-phat-wifi-bang-sim","21":"product_tag-cuc-phat-wifi-di-dong","22":"product_tag-cuc-phat-wifi-du-lich","23":"product_tag-cuc-phat-wifi-tp-link","24":"product_tag-cuc-phat-wifi-tu-sim-4g","25":"product_tag-cuc-phat-wifi-tu-sim-4gcuc-phat-wifi-4g-gia-re","26":"product_tag-cuc-wi-fi","27":"product_tag-wi-fi","28":"product_tag-wi-fi-khong-day","29":"product_tag-wifi-khong-day","31":"first","32":"instock","33":"sale","34":"shipping-taxable","35":"purchasable","36":"product-type-simple"},"_links":{"self":[{"href":"https:\/\/cameraquaytrom.net\/index.php?rest_route=\/wp\/v2\/product\/2774"}],"collection":[{"href":"https:\/\/cameraquaytrom.net\/index.php?rest_route=\/wp\/v2\/product"}],"about":[{"href":"https:\/\/cameraquaytrom.net\/index.php?rest_route=\/wp\/v2\/types\/product"}],"replies":[{"embeddable":true,"href":"https:\/\/cameraquaytrom.net\/index.php?rest_route=%2Fwp%2Fv2%2Fcomments&post=2774"}],"wp:featuredmedia":[{"embeddable":true,"href":"https:\/\/cameraquaytrom.net\/index.php?rest_route=\/wp\/v2\/media\/2775"}],"wp:attachment":[{"href":"https:\/\/cameraquaytrom.net\/index.php?rest_route=%2Fwp%2Fv2%2Fmedia&parent=2774"}],"wp:term":[{"taxonomy":"product_cat","embeddable":true,"href":"https:\/\/cameraquaytrom.net\/index.php?rest_route=%2Fwp%2Fv2%2Fproduct_cat&post=2774"},{"taxonomy":"product_tag","embeddable":true,"href":"https:\/\/cameraquaytrom.net\/index.php?rest_route=%2Fwp%2Fv2%2Fproduct_tag&post=2774"}],"curies":[{"name":"wp","href":"https:\/\/api.w.org\/{rel}","templated":true}]}}