{"id":2780,"date":"2024-11-02T16:06:57","date_gmt":"2024-11-02T16:06:57","guid":{"rendered":"https:\/\/cameraquaytrom.net\/?post_type=product&#038;p=2780"},"modified":"2024-11-02T16:06:57","modified_gmt":"2024-11-02T16:06:57","slug":"bo-phat-wifi-lc16-4-anten-cao-cap","status":"publish","type":"product","link":"https:\/\/cameraquaytrom.net\/?product=bo-phat-wifi-lc16-4-anten-cao-cap","title":{"rendered":"B\u1ed9 Ph\u00e1t WiFi LC16 4 Anten Cao C\u1ea4p"},"content":{"rendered":"<h1 style=\"text-align: center;\">B\u1ed9 Ph\u00e1t WiFi LC16 4 Anten Cao C\u1ea4p<\/h1>\n<p><img loading=\"lazy\" decoding=\"async\" class=\"size-medium wp-image-2781 aligncenter\" src=\"https:\/\/cameraquaytrom.net\/wp-content\/uploads\/2024\/11\/z5976847998924_c2f15d4b79d0e7964b3acf03bdb88c96-300x300.jpg\" alt=\"\" width=\"300\" height=\"300\" srcset=\"https:\/\/cameraquaytrom.net\/wp-content\/uploads\/2024\/11\/z5976847998924_c2f15d4b79d0e7964b3acf03bdb88c96-300x300.jpg 300w, https:\/\/cameraquaytrom.net\/wp-content\/uploads\/2024\/11\/z5976847998924_c2f15d4b79d0e7964b3acf03bdb88c96-1024x1024.jpg 1024w, https:\/\/cameraquaytrom.net\/wp-content\/uploads\/2024\/11\/z5976847998924_c2f15d4b79d0e7964b3acf03bdb88c96-150x150.jpg 150w, https:\/\/cameraquaytrom.net\/wp-content\/uploads\/2024\/11\/z5976847998924_c2f15d4b79d0e7964b3acf03bdb88c96-768x767.jpg 768w, https:\/\/cameraquaytrom.net\/wp-content\/uploads\/2024\/11\/z5976847998924_c2f15d4b79d0e7964b3acf03bdb88c96-1536x1536.jpg 1536w, https:\/\/cameraquaytrom.net\/wp-content\/uploads\/2024\/11\/z5976847998924_c2f15d4b79d0e7964b3acf03bdb88c96-2048x2046.jpg 2048w, https:\/\/cameraquaytrom.net\/wp-content\/uploads\/2024\/11\/z5976847998924_c2f15d4b79d0e7964b3acf03bdb88c96-600x600.jpg 600w, https:\/\/cameraquaytrom.net\/wp-content\/uploads\/2024\/11\/z5976847998924_c2f15d4b79d0e7964b3acf03bdb88c96-100x100.jpg 100w\" sizes=\"(max-width: 300px) 100vw, 300px\" \/><\/p>\n<p>B\u1ed9 ph\u00e1t wifi t\u1eeb sim 4G, c\u1ee5c ph\u00e1t wifi 4G LC16 t\u1ed1c \u0111\u1ed9 cao, D\u00f9ng \u0111\u01b0\u1ee3c t\u1ea5t c\u1ea3 c\u00e1c sim<\/p>\n<p>M\u00d4 T\u1ea2 S\u1ea2N PH\u1ea8M<br \/>\nTH\u00d4NG TIN S\u1ea2N PH\u1ea8M B\u1ed8 PH\u00c1T WIFI<br \/>\n&#8211; Lo\u1ea1i giao di\u1ec7n : Thi\u1ebft b\u1ecb ph\u00e1t wifi b\u1eb1ng sim<br \/>\n&#8211; Modem : LC16<br \/>\n&#8211; T\u1ed1c \u0111\u1ed9 truy\u1ec1n : 300Mbps<br \/>\n&#8211; Thi\u1ebft b\u1ecb wifi 4G d\u00f9ng \u0111\u01b0\u1ee3c sim c\u00e1c nh\u00e0 m\u1ea1ng<br \/>\n&#8211; H\u1ed7 tr\u1ee3 32 ng\u01b0\u1eddi k\u1ebft n\u1ed1i 1 l\u00fac<br \/>\n_ Trang b\u1ecb t\u1edbi 4 r\u00e2u gi\u00fap thu ph\u00e1t wifi kho\u1ebb h\u01a1n<br \/>\n_ C\u00f3 1 c\u1ed5ng Lan\/Wan<\/p>\n<p>C\u00d4NG D\u1ee4NG<br \/>\n_ B\u1ed9 ph\u00e1t d\u1ec5 d\u00e0ng l\u1eafp \u0111\u1eb7t kh\u00f4ng c\u1ea7n k\u00e9o d\u00e2y ch\u1ec9 c\u1ea7n l\u1eafp sim c\u1eafm \u0111i\u1ec7n l\u00e0 ok<br \/>\n_ T\u01b0\u01a1ng th\u00edch m\u1ecdi nh\u00e0 m\u1ea1ng: Viettel, Mobifone,Vinaphone, Vietnammobile&#8230;<br \/>\n_ Ph\u00f9 h\u1ee3p l\u1eafp \u0111\u1eb7t \u1edf n\u01a1i kh\u00f3 k\u00e9o m\u1ea1ng, \u0111\u1ea7m h\u1ed3, v\u00f9ng s\u00e2u, v\u00f9ng xa, c\u00f4ng tr\u01b0\u1eddng, qu\u00e1n n\u01b0\u1edbc, \u00e2m thanh l\u01b0u \u0111\u1ed9ng&#8230;<br \/>\n&#8211; K\u1ebft n\u1ed1i 32 thi\u1ebft b\u1ecb, l\u1eafp \u0111\u1eb7t camera, oto, xe kh\u00e1ch<br \/>\n&#8211; Gi\u00e1 lu\u00f4n t\u1ed1t nh\u1ea5t th\u1ecb tr\u01b0\u1eddng<\/p>\n<p>GI\u1edaI THI\u1ec6U S\u1ea2N PH\u1ea8M<br \/>\n&#8211; B\u1ed9 ph\u00e1t wifi kh\u00f4ng d\u00e2y l\u1eafp sim 4g LC16 &#8211; K\u1ebft N\u1ed1i Internet M\u1ea1nh M\u1ebd, \u1ed4n \u0110\u1ecbnh<br \/>\n&#8211; K\u1ebft n\u1ed1i 4G t\u1ed1c \u0111\u1ed9 cao: Wifi l\u1eafp sim N600 h\u1ed7 tr\u1ee3 k\u1ebft n\u1ed1i 4G LTE v\u1edbi t\u1ed1c \u0111\u1ed9 t\u1ea3i l\u00ean \u0111\u1ebfn 300Mbps . \u0110i\u1ec1u n\u00e0y \u0111\u1ea3m b\u1ea3o b\u1ea1n c\u00f3 \u0111\u01b0\u1ee3c tr\u1ea3i nghi\u1ec7m l\u01b0\u1edbt web, xem video v\u00e0 ch\u01a1i game tr\u1ef1c tuy\u1ebfn m\u01b0\u1ee3t m\u00e0 v\u00e0 kh\u00f4ng gi\u1eadt lag.<br \/>\n&#8211; H\u1ed7 tr\u1ee3 nhi\u1ec1u ng\u01b0\u1eddi d\u00f9ng c\u00f9ng l\u00fac: V\u1edbi kh\u1ea3 n\u0103ng k\u1ebft n\u1ed1i \u0111\u1ed3ng th\u1eddi t\u1edbi 32 thi\u1ebft b\u1ecb, wifi n\u00e0y l\u00e0 l\u1ef1a ch\u1ecdn l\u00fd t\u01b0\u1edfng cho gia \u0111\u00ecnh c\u00f3 nhi\u1ec1u th\u00e0nh vi\u00ean s\u1eed d\u1ee5ng Internet v\u00e0 cho doanh nghi\u1ec7p v\u1edbi nhu c\u1ea7u k\u1ebft n\u1ed1i nhi\u1ec1u m\u00e1y t\u00ednh v\u00e0 thi\u1ebft b\u1ecb di \u0111\u1ed9ng.<br \/>\n&#8211; Thi\u1ebft k\u1ebf 4 r\u00e2u c\u1ef1c m\u1ea1nh: Wifi l\u1eafp sim CL116 \u0111\u01b0\u1ee3c trang b\u1ecb 4 r\u00e2u c\u1ea3m \u1ee9ng s\u00f3ng \u0111\u1ea3m b\u1ea3o ph\u1ea1m vi ph\u1ee7 s\u00f3ng r\u1ed9ng, gi\u00fap t\u00edn hi\u1ec7u Wifi kh\u00f4ng b\u1ecb gi\u1ea3m s\u00fat v\u00e0 \u0111\u1ea3m b\u1ea3o s\u1ef1 \u1ed5n \u0111\u1ecbnh trong su\u1ed1t qu\u00e1 tr\u00ecnh s\u1eed d\u1ee5ng.<br \/>\n&#8211; D\u1ec5 d\u00e0ng l\u1eafp \u0111\u1eb7t v\u00e0 s\u1eed d\u1ee5ng: Ch\u1ec9 c\u1ea7n ch\u00e8n sim v\u00e0 c\u1eafm \u0111i\u1ec7n, Wifi l\u1eafp sim CL116 k\u1ebft n\u1ed1i v\u1edbi Internet.<\/p>\n<h3>Li\u00ean h\u1ec7 mua h\u00e0ng<\/h3>\n<h3 dir=\"auto\"><span class=\"pq6dq46d tbxw36s4 knj5qynh kvgmc6g5 ditlmg2l oygrvhab nvdbi5me sf5mxxl7 gl3lb2sf hhz5lgdu\"><img loading=\"lazy\" decoding=\"async\" src=\"https:\/\/static.xx.fbcdn.net\/images\/emoji.php\/v9\/t22\/1\/16\/260e.png\" alt=\"\u260e\ufe0f\" width=\"16\" height=\"16\" \/><\/span>\u00a0A H\u1ea3i: 094.226.2345 (zalo) \u2013 T\u01b0 V\u1ea5n 24\/24<\/h3>\n<div class=\"o9v6fnle cxmmr5t8 oygrvhab hcukyx3x c1et5uql ii04i59q\">\n<h3 dir=\"auto\"><span class=\"pq6dq46d tbxw36s4 knj5qynh kvgmc6g5 ditlmg2l oygrvhab nvdbi5me sf5mxxl7 gl3lb2sf hhz5lgdu\"><img loading=\"lazy\" decoding=\"async\" src=\"https:\/\/static.xx.fbcdn.net\/images\/emoji.php\/v9\/ta7\/1\/16\/1f3ea.png\" alt=\"?\" width=\"16\" height=\"16\" \/><\/span>\u00a0H\u00e0 N\u1ed9i: s\u1ed1 42 Th\u1ecbnh Li\u1ec7t \u2013 Ho\u00e0ng Mai \u2013 H\u00e0 N\u1ed9i<\/h3>\n<h3 dir=\"auto\"><span class=\"pq6dq46d tbxw36s4 knj5qynh kvgmc6g5 ditlmg2l oygrvhab nvdbi5me sf5mxxl7 gl3lb2sf hhz5lgdu\"><img loading=\"lazy\" decoding=\"async\" src=\"https:\/\/static.xx.fbcdn.net\/images\/emoji.php\/v9\/ta7\/1\/16\/1f3ea.png\" alt=\"?\" width=\"16\" height=\"16\" \/><\/span>\u00a0S\u00e0i G\u00f2n: 558\/66 B\u00ecnh Qu\u1edbi \u2013 Ph\u01b0\u1eddng 28 \u2013 B\u00ecnh Th\u1ea1nh<\/h3>\n<\/div>\n","protected":false},"excerpt":{"rendered":"<p>B\u1ed9 ph\u00e1t wifi t\u1eeb sim 4G, c\u1ee5c ph\u00e1t wifi 4G LC16 t\u1ed1c \u0111\u1ed9 cao, D\u00f9ng \u0111\u01b0\u1ee3c t\u1ea5t c\u1ea3 c\u00e1c sim<\/p>\n","protected":false},"featured_media":2781,"comment_status":"open","ping_status":"closed","template":"","meta":[],"product_cat":[190],"product_tag":[211,203,209,201,208,202,207,206,205,193,194,191,198,192,199,204,200,210,196,213,212,197,195],"class_list":{"0":"post-2780","1":"product","2":"type-product","3":"status-publish","4":"has-post-thumbnail","6":"product_cat-bo-phat-wifi-4g","7":"product_tag-bo-phat-wifi-4g","8":"product_tag-bo-phat-wifi-4g-b618","9":"product_tag-bo-phat-wifi-4g-r102","10":"product_tag-bo-phat-wifi-4g-r311","11":"product_tag-bo-phat-wifi-4g-tot-nhat-hien-nay","12":"product_tag-bo-phat-wifi-mini","13":"product_tag-cach-doi-ten-wifi","14":"product_tag-cuc-pha-t-wifi","15":"product_tag-cuc-phat-wi-fi","16":"product_tag-cuc-phat-wifi","17":"product_tag-cuc-phat-wifi-4g","18":"product_tag-cuc-phat-wifi-4g-tot-nhat","19":"product_tag-cuc-phat-wifi-5g","20":"product_tag-cuc-phat-wifi-bang-sim","21":"product_tag-cuc-phat-wifi-di-dong","22":"product_tag-cuc-phat-wifi-du-lich","23":"product_tag-cuc-phat-wifi-tp-link","24":"product_tag-cuc-phat-wifi-tu-sim-4g","25":"product_tag-cuc-phat-wifi-tu-sim-4gcuc-phat-wifi-4g-gia-re","26":"product_tag-cuc-wi-fi","27":"product_tag-wi-fi","28":"product_tag-wi-fi-khong-day","29":"product_tag-wifi-khong-day","31":"first","32":"instock","33":"sale","34":"shipping-taxable","35":"purchasable","36":"product-type-simple"},"_links":{"self":[{"href":"https:\/\/cameraquaytrom.net\/index.php?rest_route=\/wp\/v2\/product\/2780"}],"collection":[{"href":"https:\/\/cameraquaytrom.net\/index.php?rest_route=\/wp\/v2\/product"}],"about":[{"href":"https:\/\/cameraquaytrom.net\/index.php?rest_route=\/wp\/v2\/types\/product"}],"replies":[{"embeddable":true,"href":"https:\/\/cameraquaytrom.net\/index.php?rest_route=%2Fwp%2Fv2%2Fcomments&post=2780"}],"wp:featuredmedia":[{"embeddable":true,"href":"https:\/\/cameraquaytrom.net\/index.php?rest_route=\/wp\/v2\/media\/2781"}],"wp:attachment":[{"href":"https:\/\/cameraquaytrom.net\/index.php?rest_route=%2Fwp%2Fv2%2Fmedia&parent=2780"}],"wp:term":[{"taxonomy":"product_cat","embeddable":true,"href":"https:\/\/cameraquaytrom.net\/index.php?rest_route=%2Fwp%2Fv2%2Fproduct_cat&post=2780"},{"taxonomy":"product_tag","embeddable":true,"href":"https:\/\/cameraquaytrom.net\/index.php?rest_route=%2Fwp%2Fv2%2Fproduct_tag&post=2780"}],"curies":[{"name":"wp","href":"https:\/\/api.w.org\/{rel}","templated":true}]}}