{"id":2782,"date":"2024-11-02T16:10:04","date_gmt":"2024-11-02T16:10:04","guid":{"rendered":"https:\/\/cameraquaytrom.net\/?post_type=product&#038;p=2782"},"modified":"2024-11-02T16:10:04","modified_gmt":"2024-11-02T16:10:04","slug":"bo-phat-wifi-cam-tay-wobitek-khong-day","status":"publish","type":"product","link":"https:\/\/cameraquaytrom.net\/?product=bo-phat-wifi-cam-tay-wobitek-khong-day","title":{"rendered":"B\u1ed9 Ph\u00e1t WiFi C\u1ea7m Tay WOBiTEK Kh\u00f4ng D\u00e2y"},"content":{"rendered":"<h1 style=\"text-align: center;\">B\u1ed9 Ph\u00e1t WiFi C\u1ea7m Tay WOBiTEK Kh\u00f4ng D\u00e2y<\/h1>\n<p><img loading=\"lazy\" decoding=\"async\" class=\"alignnone size-medium wp-image-2783 aligncenter\" src=\"https:\/\/cameraquaytrom.net\/wp-content\/uploads\/2024\/11\/z5976848013695_81692b5074d2cc5293c2bda9984d4af6-300x300.jpg\" alt=\"\" width=\"300\" height=\"300\" srcset=\"https:\/\/cameraquaytrom.net\/wp-content\/uploads\/2024\/11\/z5976848013695_81692b5074d2cc5293c2bda9984d4af6-300x300.jpg 300w, https:\/\/cameraquaytrom.net\/wp-content\/uploads\/2024\/11\/z5976848013695_81692b5074d2cc5293c2bda9984d4af6-1024x1024.jpg 1024w, https:\/\/cameraquaytrom.net\/wp-content\/uploads\/2024\/11\/z5976848013695_81692b5074d2cc5293c2bda9984d4af6-150x150.jpg 150w, https:\/\/cameraquaytrom.net\/wp-content\/uploads\/2024\/11\/z5976848013695_81692b5074d2cc5293c2bda9984d4af6-768x767.jpg 768w, https:\/\/cameraquaytrom.net\/wp-content\/uploads\/2024\/11\/z5976848013695_81692b5074d2cc5293c2bda9984d4af6-1536x1536.jpg 1536w, https:\/\/cameraquaytrom.net\/wp-content\/uploads\/2024\/11\/z5976848013695_81692b5074d2cc5293c2bda9984d4af6-2048x2046.jpg 2048w, https:\/\/cameraquaytrom.net\/wp-content\/uploads\/2024\/11\/z5976848013695_81692b5074d2cc5293c2bda9984d4af6-600x600.jpg 600w, https:\/\/cameraquaytrom.net\/wp-content\/uploads\/2024\/11\/z5976848013695_81692b5074d2cc5293c2bda9984d4af6-100x100.jpg 100w\" sizes=\"(max-width: 300px) 100vw, 300px\" \/><\/p>\n<p>C\u00e1c t\u00ednh n\u0103ng:<\/p>\n<p>* H\u1ed7 tr\u1ee3 giao th\u1ee9c m\u1ea1ng IEEE 802.11b \/ g \/ n, t\u1ed1c \u0111\u1ed9 truy\u1ec1n t\u1ea3i l\u00ean \u0111\u1ebfn 300Mbps, \u1ed5n \u0111\u1ecbnh v\u00e0 nhanh ch\u00f3ng.<\/p>\n<p>* B\u1ed9 ph\u00e1t c\u00f3 th\u1ec3 \u0111\u01b0\u1ee3c s\u1eed d\u1ee5ng v\u1edbi c\u00e1p m\u1ea1ng ho\u1eb7c b\u1ea1n c\u00f3 th\u1ec3 c\u1eafm th\u1ebb SIM \u0111\u1ec3 t\u1eadn h\u01b0\u1edfng m\u1ea1ng kh\u00f4ng d\u00e2y.<\/p>\n<p>* R\u1ea5t ti\u1ec7n l\u1ee3i khi l\u1eafp tr\u00ean xe \u00f4 t\u00f4 con, xe kh\u00e1ch, tr\u00ean ph\u00f2ng kh\u00e1ch v\u00e0 b\u00e0n l\u00e0m vi\u1ec7c v\u00ec nh\u1ecf g\u1ecdn, sang tr\u1ecdng<\/p>\n<p>* \u0110\u01b0\u1ee3c trang b\u1ecb khe c\u1eafm th\u1ebb Nano SIM, m\u1ea1ng 4G c\u00f3 th\u1ec3 bao ph\u1ee7 c\u1ea3 nh\u00e0, kh\u00f4ng c\u1ea7n d\u00e2y c\u00e1p, d\u1ec5 s\u1eed d\u1ee5ng.<\/p>\n<p>* H\u1ed7 tr\u1ee3 t\u1ed1i \u0111a 32 ng\u01b0\u1eddi d\u00f9ng \u0111\u1ed3ng th\u1eddi.<\/p>\n<p>* S\u1ea3n ph\u1ea9m c\u00f3 th\u1ec3 x\u00e1ch tay, th\u00edch h\u1ee3p cho gia \u0111\u00ecnh, v\u0103n ph\u00f2ng kinh doanh, ngo\u00e0i tr\u1eddi, kh\u00e1ch s\u1ea1n, \u0111i c\u00f4ng t\u00e1c, v.v.<br \/>\nC\u1ea5u t\u1ea1o chi ti\u1ebft :<\/p>\n<p>* Cpu MTK7628KN,<\/p>\n<p>* B\u1ed9 nh\u1edb: 8MB,<\/p>\n<p>* M\u00f4-\u0111un 4G: LTE CAT4,<\/p>\n<p>* Flash: 2MB,<\/p>\n<p>* H\u1ed7 tr\u1ee3 RJ45 2 * 10 \/ 100Mbps,<\/p>\n<p>* Lte FDD: B1 \/ B3 \/ B5 \/ B7 \/ B8 \/ B20 \/ B28<\/p>\n<p>* Tdd LTE: B38 \/ B40 \/ B41<\/p>\n<p>* Wcdma: B1 \/ B5 \/ B8<\/p>\n<p>* Gsm \/ EDGE: B3 \/ B8<\/p>\n<p>* H\u1ed7 tr\u1ee3 nhi\u1ec1u nh\u00e0 cung c\u1ea5p d\u1ecbch v\u1ee5 (2G \/ 3G \/ 4G LTE),<\/p>\n<p>* N\u00fat \u0111\u1eb7t l\u1ea1i b\u00ean ngo\u00e0i,<\/p>\n<p>* Ngu\u1ed3n \u0111i\u1ec7n: 5V-9V 1A,<\/p>\n<p>* H\u1ed7 tr\u1ee3 ch\u1ec9 b\u00e1o LED b\u00ean ngo\u00e0i,<\/p>\n<p>* N\u00fat: Ngu\u1ed3n, \u0110\u1eb7t l\u1ea1i,<\/p>\n<p>* \u0102ng-ten h\u1ed7 tr\u1ee3: 2 * WIFI + 2 * LTE, (\u0111\u1ed9 l\u1ee3i 3dBi.)<\/p>\n<p>* H\u1ed7 tr\u1ee3 th\u1ebb kh\u00f3a SIM v\u00e0 th\u1ed1ng k\u00ea l\u01b0u l\u01b0\u1ee3ng<\/p>\n<p>* H\u1ed7 tr\u1ee3 TR069 v\u00e0 n\u00e2ng c\u1ea5p tr\u1ef1c tuy\u1ebfn<\/p>\n<p>* H\u1ed7 tr\u1ee3 IPV4<\/p>\n<p>* H\u1ed7 tr\u1ee3 FOTA<\/p>\n<p>* Lo\u1ea1i th\u1ebb SIM \u0111\u01b0\u1ee3c h\u1ed7 tr\u1ee3: Th\u1ebb Micro SIM (kh\u00f4ng bao g\u1ed3m)<\/p>\n<p>* K\u00edch th\u01b0\u1edbc: 9,9cm * 9,9cm * 1,8cm<\/p>\n<p>* Tr\u1ecdng l\u01b0\u1ee3ng s\u1ea3n ph\u1ea9m: 150g<\/p>\n<h3>Li\u00ean h\u1ec7 mua h\u00e0ng<\/h3>\n<h3 dir=\"auto\"><span class=\"pq6dq46d tbxw36s4 knj5qynh kvgmc6g5 ditlmg2l oygrvhab nvdbi5me sf5mxxl7 gl3lb2sf hhz5lgdu\"><img loading=\"lazy\" decoding=\"async\" src=\"https:\/\/static.xx.fbcdn.net\/images\/emoji.php\/v9\/t22\/1\/16\/260e.png\" alt=\"\u260e\ufe0f\" width=\"16\" height=\"16\" \/><\/span>\u00a0A H\u1ea3i: 094.226.2345 (zalo) \u2013 T\u01b0 V\u1ea5n 24\/24<\/h3>\n<div class=\"o9v6fnle cxmmr5t8 oygrvhab hcukyx3x c1et5uql ii04i59q\">\n<h3 dir=\"auto\"><span class=\"pq6dq46d tbxw36s4 knj5qynh kvgmc6g5 ditlmg2l oygrvhab nvdbi5me sf5mxxl7 gl3lb2sf hhz5lgdu\"><img loading=\"lazy\" decoding=\"async\" src=\"https:\/\/static.xx.fbcdn.net\/images\/emoji.php\/v9\/ta7\/1\/16\/1f3ea.png\" alt=\"?\" width=\"16\" height=\"16\" \/><\/span>\u00a0H\u00e0 N\u1ed9i: s\u1ed1 42 Th\u1ecbnh Li\u1ec7t \u2013 Ho\u00e0ng Mai \u2013 H\u00e0 N\u1ed9i<\/h3>\n<h3 dir=\"auto\"><span class=\"pq6dq46d tbxw36s4 knj5qynh kvgmc6g5 ditlmg2l oygrvhab nvdbi5me sf5mxxl7 gl3lb2sf hhz5lgdu\"><img loading=\"lazy\" decoding=\"async\" src=\"https:\/\/static.xx.fbcdn.net\/images\/emoji.php\/v9\/ta7\/1\/16\/1f3ea.png\" alt=\"?\" width=\"16\" height=\"16\" \/><\/span>\u00a0S\u00e0i G\u00f2n: 558\/66 B\u00ecnh Qu\u1edbi \u2013 Ph\u01b0\u1eddng 28 \u2013 B\u00ecnh Th\u1ea1nh<\/h3>\n<\/div>\n","protected":false},"excerpt":{"rendered":"<p>C\u1ee5c ph\u00e1t wifi t\u1eeb sim 4G, B\u1ed9 ph\u00e1t wifi 4G WOBITEK chuy\u00ean l\u1eafp cho \u00f4 t\u00f4, ph\u00f2ng kh\u00e1ch v\u00e0 b\u00e0n l\u00e0m vi\u1ec7c, 4 \u0103ng ten \u1ea9n b\u00ean trong.<\/p>\n","protected":false},"featured_media":2783,"comment_status":"open","ping_status":"closed","template":"","meta":[],"product_cat":[190],"product_tag":[211,203,209,201,208,202,207,206,205,193,194,191,198,192,199,204,200,210,196,213,212,197,195],"class_list":{"0":"post-2782","1":"product","2":"type-product","3":"status-publish","4":"has-post-thumbnail","6":"product_cat-bo-phat-wifi-4g","7":"product_tag-bo-phat-wifi-4g","8":"product_tag-bo-phat-wifi-4g-b618","9":"product_tag-bo-phat-wifi-4g-r102","10":"product_tag-bo-phat-wifi-4g-r311","11":"product_tag-bo-phat-wifi-4g-tot-nhat-hien-nay","12":"product_tag-bo-phat-wifi-mini","13":"product_tag-cach-doi-ten-wifi","14":"product_tag-cuc-pha-t-wifi","15":"product_tag-cuc-phat-wi-fi","16":"product_tag-cuc-phat-wifi","17":"product_tag-cuc-phat-wifi-4g","18":"product_tag-cuc-phat-wifi-4g-tot-nhat","19":"product_tag-cuc-phat-wifi-5g","20":"product_tag-cuc-phat-wifi-bang-sim","21":"product_tag-cuc-phat-wifi-di-dong","22":"product_tag-cuc-phat-wifi-du-lich","23":"product_tag-cuc-phat-wifi-tp-link","24":"product_tag-cuc-phat-wifi-tu-sim-4g","25":"product_tag-cuc-phat-wifi-tu-sim-4gcuc-phat-wifi-4g-gia-re","26":"product_tag-cuc-wi-fi","27":"product_tag-wi-fi","28":"product_tag-wi-fi-khong-day","29":"product_tag-wifi-khong-day","31":"first","32":"instock","33":"sale","34":"shipping-taxable","35":"purchasable","36":"product-type-simple"},"_links":{"self":[{"href":"https:\/\/cameraquaytrom.net\/index.php?rest_route=\/wp\/v2\/product\/2782"}],"collection":[{"href":"https:\/\/cameraquaytrom.net\/index.php?rest_route=\/wp\/v2\/product"}],"about":[{"href":"https:\/\/cameraquaytrom.net\/index.php?rest_route=\/wp\/v2\/types\/product"}],"replies":[{"embeddable":true,"href":"https:\/\/cameraquaytrom.net\/index.php?rest_route=%2Fwp%2Fv2%2Fcomments&post=2782"}],"wp:featuredmedia":[{"embeddable":true,"href":"https:\/\/cameraquaytrom.net\/index.php?rest_route=\/wp\/v2\/media\/2783"}],"wp:attachment":[{"href":"https:\/\/cameraquaytrom.net\/index.php?rest_route=%2Fwp%2Fv2%2Fmedia&parent=2782"}],"wp:term":[{"taxonomy":"product_cat","embeddable":true,"href":"https:\/\/cameraquaytrom.net\/index.php?rest_route=%2Fwp%2Fv2%2Fproduct_cat&post=2782"},{"taxonomy":"product_tag","embeddable":true,"href":"https:\/\/cameraquaytrom.net\/index.php?rest_route=%2Fwp%2Fv2%2Fproduct_tag&post=2782"}],"curies":[{"name":"wp","href":"https:\/\/api.w.org\/{rel}","templated":true}]}}