{"id":2784,"date":"2024-11-02T16:13:15","date_gmt":"2024-11-02T16:13:15","guid":{"rendered":"https:\/\/cameraquaytrom.net\/?post_type=product&#038;p=2784"},"modified":"2024-11-02T16:13:15","modified_gmt":"2024-11-02T16:13:15","slug":"bo-phat-wifi-rs980-toc-do-cao-gia-sinh-vien","status":"publish","type":"product","link":"https:\/\/cameraquaytrom.net\/?product=bo-phat-wifi-rs980-toc-do-cao-gia-sinh-vien","title":{"rendered":"B\u1ed9 Ph\u00e1t WiFi RS980+ T\u1ed1c \u0110\u1ed9 Cao Gi\u00e1 Sinh Vi\u00ean"},"content":{"rendered":"<h1 style=\"text-align: center;\">B\u1ed9 Ph\u00e1t WiFi RS980+ T\u1ed1c \u0110\u1ed9 Cao Gi\u00e1 Sinh Vi\u00ean<\/h1>\n<p><img loading=\"lazy\" decoding=\"async\" class=\"size-medium wp-image-2785 aligncenter\" src=\"https:\/\/cameraquaytrom.net\/wp-content\/uploads\/2024\/11\/z5976848035162_b5530fafa881f4d81551b6af43b90423-300x300.jpg\" alt=\"\" width=\"300\" height=\"300\" srcset=\"https:\/\/cameraquaytrom.net\/wp-content\/uploads\/2024\/11\/z5976848035162_b5530fafa881f4d81551b6af43b90423-300x300.jpg 300w, https:\/\/cameraquaytrom.net\/wp-content\/uploads\/2024\/11\/z5976848035162_b5530fafa881f4d81551b6af43b90423-1024x1024.jpg 1024w, https:\/\/cameraquaytrom.net\/wp-content\/uploads\/2024\/11\/z5976848035162_b5530fafa881f4d81551b6af43b90423-150x150.jpg 150w, https:\/\/cameraquaytrom.net\/wp-content\/uploads\/2024\/11\/z5976848035162_b5530fafa881f4d81551b6af43b90423-768x767.jpg 768w, https:\/\/cameraquaytrom.net\/wp-content\/uploads\/2024\/11\/z5976848035162_b5530fafa881f4d81551b6af43b90423-1536x1536.jpg 1536w, https:\/\/cameraquaytrom.net\/wp-content\/uploads\/2024\/11\/z5976848035162_b5530fafa881f4d81551b6af43b90423-2048x2046.jpg 2048w, https:\/\/cameraquaytrom.net\/wp-content\/uploads\/2024\/11\/z5976848035162_b5530fafa881f4d81551b6af43b90423-600x600.jpg 600w, https:\/\/cameraquaytrom.net\/wp-content\/uploads\/2024\/11\/z5976848035162_b5530fafa881f4d81551b6af43b90423-100x100.jpg 100w\" sizes=\"(max-width: 300px) 100vw, 300px\" \/><\/p>\n<p>Gi\u1edbi thi\u1ec7u B\u1ed8 PH\u00c1T WIFI 4G CPE \u2013 RS980 \u2013 300Mb H\u1ed7 Tr\u1ee3 2 C\u1ed5ng LAN C\u00d3 \u0102NG TEN<br \/>\nU\u01b0 \u0110i\u1ec3m B\u1ed9 Ph\u00e1t Wifi 4G CPE RS980:<\/p>\n<p>&#8211; t\u1ed1c \u0111\u1ed9 download t\u1ed1i \u0111a 300Mbps v\u00e0 upload t\u1ed1i \u0111a 50Mbps, Wifi chu\u1ea9n 802.11 b\/g\/n t\u1ed1c \u0111\u1ed9 300Mbps, b\u1ea3o m\u1eadt WPA-PSK\/WPA2-PSK<\/p>\n<p>&#8211; h\u1ed7 tr\u1ee3 t\u1ed1i \u0111a 30 thi\u1ebft b\u1ecb \u0111\u1ed3ng th\u1eddi, v\u00e0 \u0111\u1eb7c bi\u1ec7t c\u00f3 th\u00eam 2 c\u1ed5ng LAN 1 c\u1ed5ng WAN.<br \/>\n\u0111\u1ea1t \u0111\u1ebfn t\u1ed1c \u0111\u1ed9 t\u1ed1i \u0111a m\u00e0 t\u1ed1c \u0111\u1ed9 4G \u0111\u1ea1t \u0111\u01b0\u1ee3c t\u1ea1i khu v\u1ef1c s\u1eed d\u1ee5ng n\u00ean \u1ee9ng d\u1ee5ng t\u1ed1t cho vi\u1ec7c l\u1eafp \u0111\u1eb7t Camera, l\u1eafp tr\u00ean xe kh\u00e1ch, t\u1ed5 ch\u1ee9c s\u1ef1 ki\u1ec7n ho\u1eb7c s\u1eed d\u1ee5ng cho v\u0103n ph\u00f2ng \u1edf nh\u1eefng n\u01a1i kh\u00f4ng c\u00f3 internet c\u00e1p quang<\/p>\n<p>-RS980 s\u1eed d\u1ee5ng 2 anten ph\u00e1t wifi v\u00e0 thu s\u00f3ng 4G g\u1eafn ngo\u00e0i chu\u1ea9n SMA, \u0111\u1ec3 c\u00f3 th\u1ec3 g\u1eafn th\u00eam anten 4G gi\u00fap cho vi\u1ec7c t\u0103ng c\u01b0\u1eddng kh\u1ea3 n\u0103ng thu s\u00f3ng 4G<\/p>\n<p>Th\u00f4ng s\u1ed1 s\u1ea3n ph\u1ea9m:<\/p>\n<p>B\u0103ng t\u1ea7n wifi: 2.4G<br \/>\nC\u1ed5ng m\u1ea1ng LAN: 2<br \/>\nT\u1ed1c \u0111\u1ed9 truy\u1ec1n t\u1ea3i:300Mbs<br \/>\nM\u1ea1ng giao th\u1ee9c: IEEE 802.11b\/g\/n<br \/>\nAntenna \u0110\u1ec9nh Gain: 5dBi<br \/>\nB\u1ea3o m\u1eadt kh\u00f4ng d\u00e2y: WPA-PSK\/WPA2-PSK<br \/>\nH\u1ed7 tr\u1ee3 l\u00ean \u0111\u1ebfn 30 thi\u1ebft b\u1ecb.<br \/>\nH\u1ed7 tr\u1ee3 c\u1ed5ng c\u1eafm micro c\u00f3 th\u1ec3 ch\u1ea1y b\u1eb1ng s\u1ea1c d\u1ef1 ph\u00f2ng.<\/p>\n<p>T\u1ea7n s\u1ed1:<br \/>\n4G LTE: FDD 900\/1800\/2100 MHz TDD 2300 MHz<br \/>\n3G: WCDMA 850\/900\/2100 MHz<br \/>\n2G Th\u00e0nh vi\u00ean: EDGE\/GPRS\/GSM 850\/900\/1800 MHz<\/p>\n<p>T\u1ed1c \u0111\u1ed9<\/p>\n<p>4GT\u1ed1c \u0111\u1ed9 truy\u1ec1n t\u1ea3i (MAX)<br \/>\nDownload 300 Mbps, t\u1ea3i l\u00ean 50 Mbps<br \/>\n3GT\u1ed0C \u0110\u1ed8 TRUY\u1ec0N T\u1ea2I (MAX)<\/p>\n<p>&nbsp;<\/p>\n","protected":false},"excerpt":{"rendered":"<p>B\u1ed9 Ph\u00e1t Wifi 3G 4G RS980 T\u1ed1c \u0111\u1ed9 300Mbps. K\u1ebft n\u1ed1i 32 user -H\u1ed7 Tr\u1ee3 3 C\u1ed5ng LAN<\/p>\n","protected":false},"featured_media":2785,"comment_status":"open","ping_status":"closed","template":"","meta":[],"product_cat":[190],"product_tag":[211,203,209,201,208,202,207,206,205,193,194,191,198,192,199,204,200,210,196,213,212,197,195],"class_list":{"0":"post-2784","1":"product","2":"type-product","3":"status-publish","4":"has-post-thumbnail","6":"product_cat-bo-phat-wifi-4g","7":"product_tag-bo-phat-wifi-4g","8":"product_tag-bo-phat-wifi-4g-b618","9":"product_tag-bo-phat-wifi-4g-r102","10":"product_tag-bo-phat-wifi-4g-r311","11":"product_tag-bo-phat-wifi-4g-tot-nhat-hien-nay","12":"product_tag-bo-phat-wifi-mini","13":"product_tag-cach-doi-ten-wifi","14":"product_tag-cuc-pha-t-wifi","15":"product_tag-cuc-phat-wi-fi","16":"product_tag-cuc-phat-wifi","17":"product_tag-cuc-phat-wifi-4g","18":"product_tag-cuc-phat-wifi-4g-tot-nhat","19":"product_tag-cuc-phat-wifi-5g","20":"product_tag-cuc-phat-wifi-bang-sim","21":"product_tag-cuc-phat-wifi-di-dong","22":"product_tag-cuc-phat-wifi-du-lich","23":"product_tag-cuc-phat-wifi-tp-link","24":"product_tag-cuc-phat-wifi-tu-sim-4g","25":"product_tag-cuc-phat-wifi-tu-sim-4gcuc-phat-wifi-4g-gia-re","26":"product_tag-cuc-wi-fi","27":"product_tag-wi-fi","28":"product_tag-wi-fi-khong-day","29":"product_tag-wifi-khong-day","31":"first","32":"instock","33":"sale","34":"shipping-taxable","35":"purchasable","36":"product-type-simple"},"_links":{"self":[{"href":"https:\/\/cameraquaytrom.net\/index.php?rest_route=\/wp\/v2\/product\/2784"}],"collection":[{"href":"https:\/\/cameraquaytrom.net\/index.php?rest_route=\/wp\/v2\/product"}],"about":[{"href":"https:\/\/cameraquaytrom.net\/index.php?rest_route=\/wp\/v2\/types\/product"}],"replies":[{"embeddable":true,"href":"https:\/\/cameraquaytrom.net\/index.php?rest_route=%2Fwp%2Fv2%2Fcomments&post=2784"}],"wp:featuredmedia":[{"embeddable":true,"href":"https:\/\/cameraquaytrom.net\/index.php?rest_route=\/wp\/v2\/media\/2785"}],"wp:attachment":[{"href":"https:\/\/cameraquaytrom.net\/index.php?rest_route=%2Fwp%2Fv2%2Fmedia&parent=2784"}],"wp:term":[{"taxonomy":"product_cat","embeddable":true,"href":"https:\/\/cameraquaytrom.net\/index.php?rest_route=%2Fwp%2Fv2%2Fproduct_cat&post=2784"},{"taxonomy":"product_tag","embeddable":true,"href":"https:\/\/cameraquaytrom.net\/index.php?rest_route=%2Fwp%2Fv2%2Fproduct_tag&post=2784"}],"curies":[{"name":"wp","href":"https:\/\/api.w.org\/{rel}","templated":true}]}}