{"id":2786,"date":"2024-11-02T16:16:42","date_gmt":"2024-11-02T16:16:42","guid":{"rendered":"https:\/\/cameraquaytrom.net\/?post_type=product&#038;p=2786"},"modified":"2024-11-02T16:16:42","modified_gmt":"2024-11-02T16:16:42","slug":"bo-phat-wifi-mini-cam-tay-h1-5g","status":"publish","type":"product","link":"https:\/\/cameraquaytrom.net\/?product=bo-phat-wifi-mini-cam-tay-h1-5g","title":{"rendered":"B\u1ed9 Ph\u00e1t WiFi Mini C\u1ea7m Tay H1 5G"},"content":{"rendered":"<h1 style=\"text-align: center;\">B\u1ed9 Ph\u00e1t WiFi Mini C\u1ea7m Tay H1 5G<\/h1>\n<p><img loading=\"lazy\" decoding=\"async\" class=\"size-medium wp-image-2598 aligncenter\" src=\"https:\/\/cameraquaytrom.net\/wp-content\/uploads\/2024\/10\/z5966228007244_a66c30f0859f09dc99c3f39cd407fc3e-300x300.jpg\" alt=\"\" width=\"300\" height=\"300\" srcset=\"https:\/\/cameraquaytrom.net\/wp-content\/uploads\/2024\/10\/z5966228007244_a66c30f0859f09dc99c3f39cd407fc3e-300x300.jpg 300w, https:\/\/cameraquaytrom.net\/wp-content\/uploads\/2024\/10\/z5966228007244_a66c30f0859f09dc99c3f39cd407fc3e-1024x1024.jpg 1024w, https:\/\/cameraquaytrom.net\/wp-content\/uploads\/2024\/10\/z5966228007244_a66c30f0859f09dc99c3f39cd407fc3e-150x150.jpg 150w, https:\/\/cameraquaytrom.net\/wp-content\/uploads\/2024\/10\/z5966228007244_a66c30f0859f09dc99c3f39cd407fc3e-768x767.jpg 768w, https:\/\/cameraquaytrom.net\/wp-content\/uploads\/2024\/10\/z5966228007244_a66c30f0859f09dc99c3f39cd407fc3e-1536x1536.jpg 1536w, https:\/\/cameraquaytrom.net\/wp-content\/uploads\/2024\/10\/z5966228007244_a66c30f0859f09dc99c3f39cd407fc3e-2048x2046.jpg 2048w, https:\/\/cameraquaytrom.net\/wp-content\/uploads\/2024\/10\/z5966228007244_a66c30f0859f09dc99c3f39cd407fc3e-600x600.jpg 600w, https:\/\/cameraquaytrom.net\/wp-content\/uploads\/2024\/10\/z5966228007244_a66c30f0859f09dc99c3f39cd407fc3e-100x100.jpg 100w\" sizes=\"(max-width: 300px) 100vw, 300px\" \/><\/p>\n<p>B\u00ean c\u1ea1nh router wifi th\u00ec nh\u1eefng b\u1ed9 ph\u00e1t wifi b\u1eb1ng SIM c\u0169ng l\u00e0 m\u1ed9t trang b\u1ecb v\u00f4 c\u00f9ng ti\u1ec7n d\u1ee5ng, gi\u00fap ng\u01b0\u1eddi d\u00f9ng c\u00f3 th\u1ec3 k\u1ebft n\u1ed1i internet li\u00ean t\u1ee5c m\u1ecdi l\u00fac m\u1ecdi n\u01a1i. V\u00e0 b\u1ed9 ph\u00e1t wifi 5G LTE MIFI H1 5G v\u1edbi kh\u1ea3 n\u0103ng ph\u00e1t internet t\u1ed1c \u0111\u1ed9 300Mbps, h\u1ed7 tr\u1ee3 \u0111\u1ebfn 10 thi\u1ebft b\u1ecb k\u1ebft n\u1ed1i c\u00f9ng l\u00fac, \u0111i k\u00e8m vi\u00ean pin s\u1eed d\u1ee5ng tho\u1ea3i m\u00e1i \u0111\u1ebfn 10 gi\u1edd. S\u1ebd l\u00e0 l\u1ef1a ch\u1ecdn h\u1ee3p l\u00fd d\u00e0nh cho ng\u01b0\u1eddi th\u01b0\u1eddng xuy\u00ean \u0111i c\u00f4ng t\u00e1c, du l\u1ecbch xa, c\u1ea7n internet m\u1ecdi l\u00fac.<\/p>\n<p>T\u1ed1c \u0111\u1ed9 300Mbps, h\u1ed7 tr\u1ee3 10 thi\u1ebft b\u1ecb k\u1ebft n\u1ed1i<br \/>\nVi\u00ean pin 3600mAh \u0111\u01b0\u1ee3c t\u00edch h\u1ee3p tr\u00ean c\u1ee5c ph\u00e1t wifi<span style=\"font-size: 14.4px;\">\u00a0H1 5G, gi\u00fap cung c\u1ea5p th\u1eddi gian ho\u1ea1t \u0111\u1ed9ng li\u00ean t\u1ee5c l\u00ean \u0111\u1ebfn 10 gi\u1edd. Ch\u00ednh v\u00ec v\u1eady, ng\u01b0\u1eddi d\u00f9ng c\u00f3 th\u1ec3 mang theo thi\u1ebft b\u1ecb \u0111\u1ec3 s\u1eed d\u1ee5ng \u1edf b\u1ea5t c\u1ee9 \u0111\u00e2u, v\u00f4 c\u00f9ng di \u0111\u1ed9ng m\u00e0 kh\u00f4ng c\u1ea7n ph\u1ea3i lo l\u1eafng qu\u00e1 nhi\u1ec1u v\u1ec1 v\u1ea5n \u0111\u1ec1 pin tr\u00ean s\u1ea3n ph\u1ea9m.<\/span><\/p>\n<p>B\u1ed9 ph\u00e1t 4G\/5G LTE H1 5G T\u1ed1c \u0111\u1ed9 300mbps ,H\u1ed7 tr\u1ee3 k\u1ebft n\u1ed1i 10 thi\u1ebft b\u1ecb<\/p>\n<h3>Li\u00ean h\u1ec7 mua h\u00e0ng<\/h3>\n<h3 dir=\"auto\"><span class=\"pq6dq46d tbxw36s4 knj5qynh kvgmc6g5 ditlmg2l oygrvhab nvdbi5me sf5mxxl7 gl3lb2sf hhz5lgdu\"><img loading=\"lazy\" decoding=\"async\" src=\"https:\/\/static.xx.fbcdn.net\/images\/emoji.php\/v9\/t22\/1\/16\/260e.png\" alt=\"\u260e\ufe0f\" width=\"16\" height=\"16\" \/><\/span>\u00a0A H\u1ea3i: 094.226.2345 (zalo) \u2013 T\u01b0 V\u1ea5n 24\/24<\/h3>\n<div class=\"o9v6fnle cxmmr5t8 oygrvhab hcukyx3x c1et5uql ii04i59q\">\n<h3 dir=\"auto\"><span class=\"pq6dq46d tbxw36s4 knj5qynh kvgmc6g5 ditlmg2l oygrvhab nvdbi5me sf5mxxl7 gl3lb2sf hhz5lgdu\"><img loading=\"lazy\" decoding=\"async\" src=\"https:\/\/static.xx.fbcdn.net\/images\/emoji.php\/v9\/ta7\/1\/16\/1f3ea.png\" alt=\"?\" width=\"16\" height=\"16\" \/><\/span>\u00a0H\u00e0 N\u1ed9i: s\u1ed1 42 Th\u1ecbnh Li\u1ec7t \u2013 Ho\u00e0ng Mai \u2013 H\u00e0 N\u1ed9i<\/h3>\n<h3 dir=\"auto\"><span class=\"pq6dq46d tbxw36s4 knj5qynh kvgmc6g5 ditlmg2l oygrvhab nvdbi5me sf5mxxl7 gl3lb2sf hhz5lgdu\"><img loading=\"lazy\" decoding=\"async\" src=\"https:\/\/static.xx.fbcdn.net\/images\/emoji.php\/v9\/ta7\/1\/16\/1f3ea.png\" alt=\"?\" width=\"16\" height=\"16\" \/><\/span>\u00a0S\u00e0i G\u00f2n: 558\/66 B\u00ecnh Qu\u1edbi \u2013 Ph\u01b0\u1eddng 28 \u2013 B\u00ecnh Th\u1ea1nh<\/h3>\n<\/div>\n","protected":false},"excerpt":{"rendered":"<p>B\u1ed9 Ph\u00e1t Wifi di \u0111\u1ed9ng d\u00f9ng Sim H1 5G, Pin 3600mAh<\/p>\n","protected":false},"featured_media":2598,"comment_status":"open","ping_status":"closed","template":"","meta":[],"product_cat":[190],"product_tag":[211,203,209,201,208,202,207,206,205,193,194,191,198,192,199,204,200,210,196,213,212,197,195],"class_list":{"0":"post-2786","1":"product","2":"type-product","3":"status-publish","4":"has-post-thumbnail","6":"product_cat-bo-phat-wifi-4g","7":"product_tag-bo-phat-wifi-4g","8":"product_tag-bo-phat-wifi-4g-b618","9":"product_tag-bo-phat-wifi-4g-r102","10":"product_tag-bo-phat-wifi-4g-r311","11":"product_tag-bo-phat-wifi-4g-tot-nhat-hien-nay","12":"product_tag-bo-phat-wifi-mini","13":"product_tag-cach-doi-ten-wifi","14":"product_tag-cuc-pha-t-wifi","15":"product_tag-cuc-phat-wi-fi","16":"product_tag-cuc-phat-wifi","17":"product_tag-cuc-phat-wifi-4g","18":"product_tag-cuc-phat-wifi-4g-tot-nhat","19":"product_tag-cuc-phat-wifi-5g","20":"product_tag-cuc-phat-wifi-bang-sim","21":"product_tag-cuc-phat-wifi-di-dong","22":"product_tag-cuc-phat-wifi-du-lich","23":"product_tag-cuc-phat-wifi-tp-link","24":"product_tag-cuc-phat-wifi-tu-sim-4g","25":"product_tag-cuc-phat-wifi-tu-sim-4gcuc-phat-wifi-4g-gia-re","26":"product_tag-cuc-wi-fi","27":"product_tag-wi-fi","28":"product_tag-wi-fi-khong-day","29":"product_tag-wifi-khong-day","31":"first","32":"instock","33":"sale","34":"shipping-taxable","35":"purchasable","36":"product-type-simple"},"_links":{"self":[{"href":"https:\/\/cameraquaytrom.net\/index.php?rest_route=\/wp\/v2\/product\/2786"}],"collection":[{"href":"https:\/\/cameraquaytrom.net\/index.php?rest_route=\/wp\/v2\/product"}],"about":[{"href":"https:\/\/cameraquaytrom.net\/index.php?rest_route=\/wp\/v2\/types\/product"}],"replies":[{"embeddable":true,"href":"https:\/\/cameraquaytrom.net\/index.php?rest_route=%2Fwp%2Fv2%2Fcomments&post=2786"}],"wp:featuredmedia":[{"embeddable":true,"href":"https:\/\/cameraquaytrom.net\/index.php?rest_route=\/wp\/v2\/media\/2598"}],"wp:attachment":[{"href":"https:\/\/cameraquaytrom.net\/index.php?rest_route=%2Fwp%2Fv2%2Fmedia&parent=2786"}],"wp:term":[{"taxonomy":"product_cat","embeddable":true,"href":"https:\/\/cameraquaytrom.net\/index.php?rest_route=%2Fwp%2Fv2%2Fproduct_cat&post=2786"},{"taxonomy":"product_tag","embeddable":true,"href":"https:\/\/cameraquaytrom.net\/index.php?rest_route=%2Fwp%2Fv2%2Fproduct_tag&post=2786"}],"curies":[{"name":"wp","href":"https:\/\/api.w.org\/{rel}","templated":true}]}}