{"id":2787,"date":"2024-11-02T16:20:18","date_gmt":"2024-11-02T16:20:18","guid":{"rendered":"https:\/\/cameraquaytrom.net\/?post_type=product&#038;p=2787"},"modified":"2024-11-02T16:20:19","modified_gmt":"2024-11-02T16:20:19","slug":"bo-phat-wifi-mini-cam-tay-mf8002","status":"publish","type":"product","link":"https:\/\/cameraquaytrom.net\/?product=bo-phat-wifi-mini-cam-tay-mf8002","title":{"rendered":"B\u1ed9 Ph\u00e1t WiFi Mini C\u1ea7m Tay MF8002"},"content":{"rendered":"<h1 style=\"text-align: center;\">B\u1ed9 Ph\u00e1t WiFi Mini C\u1ea7m Tay MF8002<\/h1>\n<p><img loading=\"lazy\" decoding=\"async\" class=\"alignnone size-medium wp-image-2600 aligncenter\" src=\"https:\/\/cameraquaytrom.net\/wp-content\/uploads\/2024\/10\/z5966228014914_746da4f8825e9e4d6ca44c08b0d93443-300x300.jpg\" alt=\"\" width=\"300\" height=\"300\" srcset=\"https:\/\/cameraquaytrom.net\/wp-content\/uploads\/2024\/10\/z5966228014914_746da4f8825e9e4d6ca44c08b0d93443-300x300.jpg 300w, https:\/\/cameraquaytrom.net\/wp-content\/uploads\/2024\/10\/z5966228014914_746da4f8825e9e4d6ca44c08b0d93443-1024x1024.jpg 1024w, https:\/\/cameraquaytrom.net\/wp-content\/uploads\/2024\/10\/z5966228014914_746da4f8825e9e4d6ca44c08b0d93443-150x150.jpg 150w, https:\/\/cameraquaytrom.net\/wp-content\/uploads\/2024\/10\/z5966228014914_746da4f8825e9e4d6ca44c08b0d93443-768x767.jpg 768w, https:\/\/cameraquaytrom.net\/wp-content\/uploads\/2024\/10\/z5966228014914_746da4f8825e9e4d6ca44c08b0d93443-1536x1536.jpg 1536w, https:\/\/cameraquaytrom.net\/wp-content\/uploads\/2024\/10\/z5966228014914_746da4f8825e9e4d6ca44c08b0d93443-2048x2046.jpg 2048w, https:\/\/cameraquaytrom.net\/wp-content\/uploads\/2024\/10\/z5966228014914_746da4f8825e9e4d6ca44c08b0d93443-600x600.jpg 600w, https:\/\/cameraquaytrom.net\/wp-content\/uploads\/2024\/10\/z5966228014914_746da4f8825e9e4d6ca44c08b0d93443-100x100.jpg 100w\" sizes=\"(max-width: 300px) 100vw, 300px\" \/><\/p>\n<div>\u0110\u1eb6C \u0110I\u1ec2M N\u1ed4I B\u1eacT<\/div>\n<div><\/div>\n<div>\u25cf H\u1ed7 tr\u1ee3 k\u1ebft n\u1ed1i v\u1edbi m\u00e1y t\u00ednh b\u1ea3ng, m\u00e1y t\u00ednh x\u00e1ch tay v\u00e0 c\u00e1c thi\u1ebft b\u1ecb kh\u00e1c<\/div>\n<div><\/div>\n<div>\u25cf H\u1ed7 tr\u1ee3 LTE v\u00e0 t\u1ed1c \u0111\u1ed9 t\u1ea3i xu\u1ed1ng 150 Mbit\/s<\/div>\n<div><\/div>\n<div>\u25cf H\u1ed7 tr\u1ee3 Wifi 2.4 GHz<\/div>\n<div><\/div>\n<div>\u25cf Pin 2100 mAh- Th\u1eddi gian s\u1eed d\u1ee5ng l\u00ean \u0111\u1ebfn 6-8h<\/div>\n<div><\/div>\n<div>\u25cf K\u1ebft n\u1ed1i \u1ed5n \u0111\u1ecbnh, t\u1ed1c \u0111\u1ed9 cao<\/div>\n<div><\/div>\n<div>\u25cf K\u1ebft n\u1ed1i s\u1eed d\u1ee5ng d\u1ec5 d\u00e0ng<\/div>\n<div><\/div>\n<div><\/div>\n<div>\u0110\u1eb6C \u0110I\u1ec2M CHI TI\u1ebeT<\/div>\n<div><\/div>\n<div>1.K\u1ebft N\u1ed1i \u1ed4n \u0110\u1ecbnh v\u00e0 T\u1ed1c \u0110\u1ed9 Cao<\/div>\n<div>\u25cf V\u1edbi c\u00f4ng ngh\u1ec7 4G LTE ti\u00ean ti\u1ebfn, c\u1ee5c ph\u00e1t Wi-Fi di \u0111\u1ed9ng t\u1eeb SIM 4G mang \u0111\u1ebfn t\u1ed1c \u0111\u1ed9 k\u1ebft n\u1ed1i cao, \u1ed5n \u0111\u1ecbnh, gi\u00fap ng\u01b0\u1eddi d\u00f9ng l\u01b0\u1edbt web, xem phim, l\u00e0m vi\u1ec7c tr\u1ef1c tuy\u1ebfn m\u01b0\u1ee3t m\u00e0. So v\u1edbi vi\u1ec7c s\u1eed d\u1ee5ng d\u1eef li\u1ec7u di \u0111\u1ed9ng tr\u00ean \u0111i\u1ec7n tho\u1ea1i, vi\u1ec7c s\u1eed d\u1ee5ng thi\u1ebft b\u1ecb ph\u00e1t Wi-Fi t\u1eeb SIM 4G gi\u00fap chia s\u1ebb k\u1ebft n\u1ed1i cho nhi\u1ec1u thi\u1ebft b\u1ecb c\u00f9ng l\u00fac m\u00e0 kh\u00f4ng l\u00e0m gi\u1ea3m ch\u1ea5t l\u01b0\u1ee3ng m\u1ea1ng.<\/div>\n<div><\/div>\n<div>2. S\u1ef1 Ti\u1ec7n L\u1ee3i v\u00e0 Linh Ho\u1ea1t<\/div>\n<div>\u25cf C\u1ee5c ph\u00e1t Wi-Fi di \u0111\u1ed9ng r\u1ea5t nh\u1ecf g\u1ecdn, d\u1ec5 d\u00e0ng mang theo trong balo, t\u00fai x\u00e1ch, th\u1eadm ch\u00ed l\u00e0 t\u00fai qu\u1ea7n \u00e1o, ph\u00f9 h\u1ee3p cho nh\u1eefng ai th\u01b0\u1eddng xuy\u00ean di chuy\u1ec3n. B\u1ea1n c\u00f3 th\u1ec3 d\u00f9ng n\u00f3 \u0111\u1ec3 ph\u00e1t Wi-Fi cho \u0111i\u1ec7n tho\u1ea1i, m\u00e1y t\u00ednh b\u1ea3ng, laptop v\u00e0 nhi\u1ec1u thi\u1ebft b\u1ecb kh\u00e1c \u1edf b\u1ea5t c\u1ee9 \u0111\u00e2u m\u00e0 kh\u00f4ng c\u1ea7n t\u00ecm ki\u1ebfm m\u1ea1ng Wi-Fi c\u00f4ng c\u1ed9ng ho\u1eb7c ph\u1ea3i s\u1eed d\u1ee5ng c\u00e1c g\u00f3i d\u1eef li\u1ec7u \u0111\u1eaft ti\u1ec1n.<\/div>\n<div><\/div>\n<div>3.Ti\u1ebft Ki\u1ec7m Chi Ph\u00ed<\/div>\n<div>\u25cf S\u1eed d\u1ee5ng c\u1ee5c ph\u00e1t Wi-Fi t\u1eeb SIM 4G gi\u00fap ti\u1ebft ki\u1ec7m chi ph\u00ed \u0111\u00e1ng k\u1ec3. Thay v\u00ec ph\u1ea3i \u0111\u0103ng k\u00fd nhi\u1ec1u g\u00f3i c\u01b0\u1edbc d\u1eef li\u1ec7u cho t\u1eebng thi\u1ebft b\u1ecb, b\u1ea1n ch\u1ec9 c\u1ea7n m\u1ed9t g\u00f3i c\u01b0\u1edbc 4G cho SIM trong c\u1ee5c ph\u00e1t v\u00e0 chia s\u1ebb k\u1ebft n\u1ed1i cho nhi\u1ec1u thi\u1ebft b\u1ecb kh\u00e1c nhau, r\u1ea5t ph\u00f9 h\u1ee3p cho gia \u0111\u00ecnh, nh\u00f3m b\u1ea1n khi \u0111i du l\u1ecbch ho\u1eb7c l\u00e0m vi\u1ec7c nh\u00f3m.<\/div>\n<div><\/div>\n<div>4.\u0110a D\u1ea1ng \u1ee8ng D\u1ee5ng<\/div>\n<div>\u25cf C\u00e1c c\u1ee5c ph\u00e1t Wi-Fi di \u0111\u1ed9ng t\u1eeb SIM 4G hi\u1ec7n nay \u0111\u1ec1u h\u1ed7 tr\u1ee3 nhi\u1ec1u nh\u00e0 m\u1ea1ng nh\u01b0 Viettel, Mobifone, Vinaphone, gi\u00fap b\u1ea1n d\u1ec5 d\u00e0ng l\u1ef1a ch\u1ecdn g\u00f3i c\u01b0\u1edbc ph\u00f9 h\u1ee3p v\u1edbi nhu c\u1ea7u s\u1eed d\u1ee5ng. Ngo\u00e0i ra, thi\u1ebft b\u1ecb n\u00e0y c\u00f2n c\u00f3 kh\u1ea3 n\u0103ng k\u1ebft n\u1ed1i v\u1edbi nhi\u1ec1u thi\u1ebft b\u1ecb c\u00f9ng l\u00fac, t\u1eeb \u0111i\u1ec7n tho\u1ea1i, m\u00e1y t\u00ednh b\u1ea3ng, laptop cho \u0111\u1ebfn camera an ninh, TV th\u00f4ng minh.<\/div>\n<div><\/div>\n<div>5.Thi\u1ebft K\u1ebf Nh\u1ecf G\u1ecdn, Ti\u1ec7n L\u1ee3i<\/div>\n<div>\u25cf H\u1ea7u h\u1ebft c\u00e1c c\u1ee5c ph\u00e1t Wi-Fi di \u0111\u1ed9ng t\u1eeb SIM 4G \u0111\u1ec1u \u0111\u01b0\u1ee3c thi\u1ebft k\u1ebf nh\u1ecf g\u1ecdn, tr\u1ecdng l\u01b0\u1ee3ng nh\u1eb9, d\u1ec5 d\u00e0ng b\u1ecf t\u00fai v\u00e0 mang theo. \u0110\u00e2y l\u00e0 \u01b0u \u0111i\u1ec3m n\u1ed5i b\u1eadt gi\u00fap s\u1ea3n ph\u1ea9m tr\u1edf th\u00e0nh s\u1ef1 l\u1ef1a ch\u1ecdn l\u00fd t\u01b0\u1edfng cho nh\u1eefng ai th\u01b0\u1eddng xuy\u00ean di chuy\u1ec3n.<\/div>\n<div><\/div>\n<div>6.Th\u1eddi L\u01b0\u1ee3ng Pin D\u00e0i<\/div>\n<div>\u25cf V\u1edbi dung l\u01b0\u1ee3ng pin l\u1edbn, c\u1ee5c ph\u00e1t Wi-Fi t\u1eeb SIM 4G c\u00f3 th\u1ec3 ho\u1ea1t \u0111\u1ed9ng li\u00ean t\u1ee5c trong nhi\u1ec1u gi\u1edd, \u0111\u00e1p \u1ee9ng nhu c\u1ea7u s\u1eed d\u1ee5ng trong c\u1ea3 ng\u00e0y d\u00e0i m\u00e0 kh\u00f4ng lo h\u1ebft pin. M\u1ed9t s\u1ed1 s\u1ea3n ph\u1ea9m c\u00f2n h\u1ed7 tr\u1ee3 s\u1ea1c d\u1ef1 ph\u00f2ng, gi\u00fap t\u0103ng th\u1eddi gian s\u1eed d\u1ee5ng khi b\u1ea1n \u0111ang di chuy\u1ec3n ho\u1eb7c kh\u00f4ng c\u00f3 ngu\u1ed3n \u0111i\u1ec7n.<\/div>\n<div><\/div>\n<div>7. K\u1ebft N\u1ed1i Nhi\u1ec1u Thi\u1ebft B\u1ecb C\u00f9ng L\u00fac<\/div>\n<div>\u25cf C\u1ee5c ph\u00e1t Wi-Fi di \u0111\u1ed9ng t\u1eeb SIM 4G cho ph\u00e9p k\u1ebft n\u1ed1i nhi\u1ec1u thi\u1ebft b\u1ecb c\u00f9ng l\u00fac m\u00e0 kh\u00f4ng l\u00e0m gi\u1ea3m t\u1ed1c \u0111\u1ed9 m\u1ea1ng. \u0110i\u1ec1u n\u00e0y \u0111\u1eb7c bi\u1ec7t h\u1eefu \u00edch trong gia \u0111\u00ecnh, v\u0103n ph\u00f2ng nh\u1ecf ho\u1eb7c khi \u0111i du l\u1ecbch theo nh\u00f3m, gi\u00fap m\u1ecdi ng\u01b0\u1eddi c\u00f3 th\u1ec3 truy c\u1eadp internet \u0111\u1ed3ng th\u1eddi m\u00e0 kh\u00f4ng ph\u1ea3i lo l\u1eafng v\u1ec1 t\u1ed1c \u0111\u1ed9.<\/div>\n<div><\/div>\n<div>8. D\u1ec5 D\u00e0ng S\u1eed D\u1ee5ng<\/div>\n<div>\u25cf Ch\u1ec9 c\u1ea7n l\u1eafp SIM 4G v\u00e0o thi\u1ebft b\u1ecb, b\u1eadt ngu\u1ed3n v\u00e0 thi\u1ebft b\u1ecb s\u1ebd t\u1ef1 \u0111\u1ed9ng ph\u00e1t Wi-Fi. Vi\u1ec7c c\u1ea5u h\u00ecnh c\u0169ng r\u1ea5t \u0111\u01a1n gi\u1ea3n th\u00f4ng qua \u1ee9ng d\u1ee5ng tr\u00ean \u0111i\u1ec7n tho\u1ea1i ho\u1eb7c tr\u00ecnh duy\u1ec7t web, gi\u00fap ng\u01b0\u1eddi d\u00f9ng d\u1ec5 d\u00e0ng qu\u1ea3n l\u00fd k\u1ebft n\u1ed1i, ki\u1ec3m so\u00e1t d\u1eef li\u1ec7u v\u00e0 b\u1ea3o m\u1eadt m\u1ea1ng.<\/div>\n<h3>Li\u00ean h\u1ec7 mua h\u00e0ng<\/h3>\n<h3 dir=\"auto\"><span class=\"pq6dq46d tbxw36s4 knj5qynh kvgmc6g5 ditlmg2l oygrvhab nvdbi5me sf5mxxl7 gl3lb2sf hhz5lgdu\"><img loading=\"lazy\" decoding=\"async\" src=\"https:\/\/static.xx.fbcdn.net\/images\/emoji.php\/v9\/t22\/1\/16\/260e.png\" alt=\"\u260e\ufe0f\" width=\"16\" height=\"16\" \/><\/span>\u00a0A H\u1ea3i: 094.226.2345 (zalo) \u2013 T\u01b0 V\u1ea5n 24\/24<\/h3>\n<div class=\"o9v6fnle cxmmr5t8 oygrvhab hcukyx3x c1et5uql ii04i59q\">\n<h3 dir=\"auto\"><span class=\"pq6dq46d tbxw36s4 knj5qynh kvgmc6g5 ditlmg2l oygrvhab nvdbi5me sf5mxxl7 gl3lb2sf hhz5lgdu\"><img loading=\"lazy\" decoding=\"async\" src=\"https:\/\/static.xx.fbcdn.net\/images\/emoji.php\/v9\/ta7\/1\/16\/1f3ea.png\" alt=\"?\" width=\"16\" height=\"16\" \/><\/span>\u00a0H\u00e0 N\u1ed9i: s\u1ed1 42 Th\u1ecbnh Li\u1ec7t \u2013 Ho\u00e0ng Mai \u2013 H\u00e0 N\u1ed9i<\/h3>\n<h3 dir=\"auto\"><span class=\"pq6dq46d tbxw36s4 knj5qynh kvgmc6g5 ditlmg2l oygrvhab nvdbi5me sf5mxxl7 gl3lb2sf hhz5lgdu\"><img loading=\"lazy\" decoding=\"async\" src=\"https:\/\/static.xx.fbcdn.net\/images\/emoji.php\/v9\/ta7\/1\/16\/1f3ea.png\" alt=\"?\" width=\"16\" height=\"16\" \/><\/span>\u00a0S\u00e0i G\u00f2n: 558\/66 B\u00ecnh Qu\u1edbi \u2013 Ph\u01b0\u1eddng 28 \u2013 B\u00ecnh Th\u1ea1nh<\/h3>\n<\/div>\n","protected":false},"excerpt":{"rendered":"<p>C\u1ee5c ph\u00e1t Wifi di \u0111\u1ed9ng t\u1eeb sim 4G t\u1ed1c \u0111\u1ed9 m\u1ea1ng 150 Mbsp &#8211; MF8002<\/p>\n","protected":false},"featured_media":2600,"comment_status":"open","ping_status":"closed","template":"","meta":[],"product_cat":[190],"product_tag":[211,203,209,201,208,202,207,206,205,193,194,191,198,192,199,204,200,210,196,213,212,197,195],"class_list":{"0":"post-2787","1":"product","2":"type-product","3":"status-publish","4":"has-post-thumbnail","6":"product_cat-bo-phat-wifi-4g","7":"product_tag-bo-phat-wifi-4g","8":"product_tag-bo-phat-wifi-4g-b618","9":"product_tag-bo-phat-wifi-4g-r102","10":"product_tag-bo-phat-wifi-4g-r311","11":"product_tag-bo-phat-wifi-4g-tot-nhat-hien-nay","12":"product_tag-bo-phat-wifi-mini","13":"product_tag-cach-doi-ten-wifi","14":"product_tag-cuc-pha-t-wifi","15":"product_tag-cuc-phat-wi-fi","16":"product_tag-cuc-phat-wifi","17":"product_tag-cuc-phat-wifi-4g","18":"product_tag-cuc-phat-wifi-4g-tot-nhat","19":"product_tag-cuc-phat-wifi-5g","20":"product_tag-cuc-phat-wifi-bang-sim","21":"product_tag-cuc-phat-wifi-di-dong","22":"product_tag-cuc-phat-wifi-du-lich","23":"product_tag-cuc-phat-wifi-tp-link","24":"product_tag-cuc-phat-wifi-tu-sim-4g","25":"product_tag-cuc-phat-wifi-tu-sim-4gcuc-phat-wifi-4g-gia-re","26":"product_tag-cuc-wi-fi","27":"product_tag-wi-fi","28":"product_tag-wi-fi-khong-day","29":"product_tag-wifi-khong-day","31":"first","32":"instock","33":"sale","34":"shipping-taxable","35":"purchasable","36":"product-type-simple"},"_links":{"self":[{"href":"https:\/\/cameraquaytrom.net\/index.php?rest_route=\/wp\/v2\/product\/2787"}],"collection":[{"href":"https:\/\/cameraquaytrom.net\/index.php?rest_route=\/wp\/v2\/product"}],"about":[{"href":"https:\/\/cameraquaytrom.net\/index.php?rest_route=\/wp\/v2\/types\/product"}],"replies":[{"embeddable":true,"href":"https:\/\/cameraquaytrom.net\/index.php?rest_route=%2Fwp%2Fv2%2Fcomments&post=2787"}],"wp:featuredmedia":[{"embeddable":true,"href":"https:\/\/cameraquaytrom.net\/index.php?rest_route=\/wp\/v2\/media\/2600"}],"wp:attachment":[{"href":"https:\/\/cameraquaytrom.net\/index.php?rest_route=%2Fwp%2Fv2%2Fmedia&parent=2787"}],"wp:term":[{"taxonomy":"product_cat","embeddable":true,"href":"https:\/\/cameraquaytrom.net\/index.php?rest_route=%2Fwp%2Fv2%2Fproduct_cat&post=2787"},{"taxonomy":"product_tag","embeddable":true,"href":"https:\/\/cameraquaytrom.net\/index.php?rest_route=%2Fwp%2Fv2%2Fproduct_tag&post=2787"}],"curies":[{"name":"wp","href":"https:\/\/api.w.org\/{rel}","templated":true}]}}