{"id":2788,"date":"2024-11-02T16:26:06","date_gmt":"2024-11-02T16:26:06","guid":{"rendered":"https:\/\/cameraquaytrom.net\/?post_type=product&#038;p=2788"},"modified":"2024-11-02T16:26:06","modified_gmt":"2024-11-02T16:26:06","slug":"bo-phat-wifi-usb-khong-day-tien-loi","status":"publish","type":"product","link":"https:\/\/cameraquaytrom.net\/?product=bo-phat-wifi-usb-khong-day-tien-loi","title":{"rendered":"B\u1ed9 Ph\u00e1t WiFi USB Kh\u00f4ng D\u00e2y Ti\u1ec7n L\u1ee3i"},"content":{"rendered":"<h1 style=\"text-align: center;\">B\u1ed9 Ph\u00e1t WiFi USB Kh\u00f4ng D\u00e2y Ti\u1ec7n L\u1ee3i<\/h1>\n<p><img loading=\"lazy\" decoding=\"async\" class=\"size-medium wp-image-2599 aligncenter\" src=\"https:\/\/cameraquaytrom.net\/wp-content\/uploads\/2024\/10\/z5966228007465_d518fd2698b49256417f7f7398dc9f89-300x300.jpg\" alt=\"\" width=\"300\" height=\"300\" srcset=\"https:\/\/cameraquaytrom.net\/wp-content\/uploads\/2024\/10\/z5966228007465_d518fd2698b49256417f7f7398dc9f89-300x300.jpg 300w, https:\/\/cameraquaytrom.net\/wp-content\/uploads\/2024\/10\/z5966228007465_d518fd2698b49256417f7f7398dc9f89-1024x1024.jpg 1024w, https:\/\/cameraquaytrom.net\/wp-content\/uploads\/2024\/10\/z5966228007465_d518fd2698b49256417f7f7398dc9f89-150x150.jpg 150w, https:\/\/cameraquaytrom.net\/wp-content\/uploads\/2024\/10\/z5966228007465_d518fd2698b49256417f7f7398dc9f89-768x767.jpg 768w, https:\/\/cameraquaytrom.net\/wp-content\/uploads\/2024\/10\/z5966228007465_d518fd2698b49256417f7f7398dc9f89-1536x1536.jpg 1536w, https:\/\/cameraquaytrom.net\/wp-content\/uploads\/2024\/10\/z5966228007465_d518fd2698b49256417f7f7398dc9f89-2048x2046.jpg 2048w, https:\/\/cameraquaytrom.net\/wp-content\/uploads\/2024\/10\/z5966228007465_d518fd2698b49256417f7f7398dc9f89-600x600.jpg 600w, https:\/\/cameraquaytrom.net\/wp-content\/uploads\/2024\/10\/z5966228007465_d518fd2698b49256417f7f7398dc9f89-100x100.jpg 100w\" sizes=\"(max-width: 300px) 100vw, 300px\" \/><\/p>\n<div>B\u1ed9 ph\u00e1t s\u00f3ng wifi t\u1eeb sim 4G PIX-LINK USB Modem\u00a0 ,USB ph\u00e1t Wifi 4G LTE t\u1eeb Sim 4G, Dcom ph\u00e1t wifi t\u1ed1c \u0111\u1ed9 cao, ph\u1ee7 s\u00f3ng r\u1ed9ng<\/div>\n<div>USB ph\u00e1t Wifi 4G LTE t\u1eeb Sim 4G<\/div>\n<div><\/div>\n<div>&#8211; Thi\u1ebft b\u1ecb Dcom 4G wifi t\u00edch h\u1ee3p 3 in 1 MIFI C-09v 4G LTE Dongle<\/div>\n<div><\/div>\n<div>&#8211; Usb 4G ph\u00e1t wifi gi\u00e1 r\u1ebb &#8211; D\u00f9ng sim \u0110a m\u1ea1ng<\/div>\n<div><\/div>\n<div>&#8211; L\u01b0\u1edbt n\u00e9t v\u00f9 v\u00f9 !!!<\/div>\n<div><\/div>\n<div>C\u1ee5c ph\u00e1t wifi 4G LTE usb cho xe \u00f4 t\u00f4, taxi, xe kh\u00e1ch&#8230; c\u00f3 th\u1ec3 c\u1eafm c\u1ed5ng usb m\u00e1y t\u00ednh, t\u1ea9u s\u1ea1c xe h\u01a1i ho\u1eb7c c\u1ed1c s\u1ea1c \u0111i\u1ec7n tho\u1ea1i&#8230; c\u1ef1c k\u1ef3 ti\u1ec7n l\u1ee3i.<\/div>\n<div><\/div>\n<div>(logo, ch\u1eef in tr\u00ean thi\u1ebft b\u1ecb c\u00f3 th\u1ec3 kh\u00e1c nhau theo \u0111\u1ee3t nh\u1eadp h\u00e0ng, ph\u1ee5 thu\u1ed9c v\u00e0o \u0111\u01a1n h\u00e0ng t\u1eeb NSX ..<\/div>\n<div><\/div>\n<div>tuy nhi\u00ean vi\u1ec7c n\u00e0y kh\u00f4ng \u1ea3nh h\u01b0\u1edfng \u0111\u1ebfn ch\u1ea5t l\u01b0\u1ee3ng s\u1ea3n ph\u1ea9m kh\u00e1ch nh\u00e9.)<\/div>\n<div>CH\u1ec8 C\u1ea6N G\u1eaeN SIM V\u00c0O USB C\u1eaeM V\u00c0O NGU\u1ed2N \u0110I\u1ec6N L\u00c0 S\u00c0I \u0110\u01af\u1ee2C NGAY.<\/div>\n<div><\/div>\n<div>K\u1ebft n\u1ed1i nhanh ch\u00f3ng \u1ed5n \u0111\u1ecbnh!<\/div>\n<div><\/div>\n<div>T\u00ednh n\u0103ng n\u1ed5i b\u1eadt c\u1ee7a USB PH\u00c1T WIFI 4G LTE MODEM<\/div>\n<div><\/div>\n<div>1.Thi\u1ebft b\u1ecb \u0111\u01b0\u1ee3c thi\u1ebft k\u1ebf nh\u1ecf g\u1ecdn, tr\u1ecdng l\u01b0\u1ee3ng nh\u1eb9 d\u1ec5 d\u00e0ng di chuy\u1ec3n c\u1ea7m mang theo. Ph\u00f9 h\u1ee3p v\u1edbi nhu c\u1ea7u s\u1eed d\u1ee5ng cho xe \u00f4 t\u00f4, taxi, grab, uber&#8230;ho\u1eb7c c\u00e1c b\u1ea1n \u0111i ph\u01b0\u1ee3t, du l\u1ecbch&#8230;<\/div>\n<div><\/div>\n<div>2.T\u1ed1c \u0111\u1ed9 cao: C\u00f4ng ngh\u1ec7 m\u1ea1ng LTE 4G cho t\u1ed1c \u0111\u1ed9 download l\u00ean t\u1edbi 150Mbps\/s v\u00e0 ph\u00f9 h\u1ee3p cho c\u1ea3 sim 3G v\u00e0 sim 4G.<\/div>\n<div><\/div>\n<div>3.B\u1ed9 ph\u00e1t wifi 4G Dongle s\u1eed d\u1ee5ng \u0111\u01b0\u1ee3c t\u1ea5t c\u1ea3 sim c\u00e1c nh\u00e0 m\u1ea1ng GSM 3G 4G t\u1ea1i Vi\u1ec7t Nam nh\u01b0: Viettel, Mobifone, Vinaphone,Vietnamobile, iTel, Reddy &#8230; V\u00e0 t\u01b0\u01a1ng th\u00edch v\u1edbi t\u1ea5t c\u1ea3 c\u00e1c m\u1ea1ng di d\u1ed9ng GSM tr\u00ean th\u1ebf gi\u1edbi.<\/div>\n<div><\/div>\n<div>4. Kh\u1ea3 n\u0103ng cho 10 thi\u1ebft b\u1ecb k\u1ebft n\u1ed1i c\u00f9ng l\u00fac nh\u01b0: \u0110i\u1ec7n tho\u1ea1i smartphone, c\u00e1c d\u00f2ng m\u00e1y t\u00ednh b\u1ea3ng, laptop, tivi, tivibox, camera h\u00e0nh tr\u00ecnh wifi &#8230;.<\/div>\n<div><\/div>\n<div>5.C\u1ea5p ngu\u1ed3n qua c\u1ed5ng USB 5V r\u1ea5t th\u00f4ng d\u1ee5ng: C\u1eafm v\u00e0o t\u1ea9u s\u1ea1c tr\u00ean \u00f4 t\u00f4, c\u1eafm qua c\u1ed1c s\u1ea1c c\u1ee7a \u0111i\u1ec7n tho\u1ea1i, pin s\u1ea1c d\u1ef1 ph\u00f2ng ho\u1eb7c c\u1eafm v\u00e0o m\u00e1y t\u00ednh,&#8230;.<\/div>\n<div><\/div>\n<div>6.Kho\u1ea3ng c\u00e1ch k\u1ebft n\u1ed1i wifi \u0111\u1ea3m b\u1ea3o trong v\u00f2ng b\u00e1n k\u00ednh 20m t\u00ednh t\u1eeb thi\u1ebft b\u1ecb, \u0111\u1ecba h\u00ecnh ph\u1eb3ng \u00edt v\u1eadt c\u1ea3n.<\/div>\n<div><\/div>\n<div>7.D\u1ec5 d\u00e0ng thay \u0111\u1ed5i t\u00ean m\u1ea1ng Wifi v\u00e0 m\u1eadt kh\u1ea9u wifi m\u1eb7c \u0111\u1ecbnh c\u1ee7a thi\u1ebft b\u1ecb t\u00f9y theo \u00fd mu\u1ed1n c\u1ee7a kh\u00e1ch h\u00e0ng.<\/div>\n<div><\/div>\n<div>Th\u00f4ng s\u1ed1 k\u1ef9 thu\u1eadt c\u1ee7a USB PH\u00c1T WIFI 4G LTE MODEM<\/div>\n<div>USB PH\u00c1T WIFI 4G LTE MODEM &#8211; T\u1ed0C \u0110\u1ed8 T\u00c0U \u0110I\u1ec6N &#8211; S\u00d3NG SI\u00caU KH\u1eceE<\/div>\n<div><\/div>\n<div>&#8211; CPU: Quancomm<\/div>\n<div><\/div>\n<div>&#8211; T\u1ed1c \u0111\u1ed9 dowload chu\u1ea9n 4G LTE l\u00ean \u0111\u1ebfn 150 Mbit\/s (ph\u1ee5 thu\u1ed9c s\u00f3ng m\u1ea1ng th\u1ef1c t\u1ebf)<\/div>\n<div><\/div>\n<div>&#8211; T\u1ed1c \u0111\u1ed9 upload chu\u1ea9n 4G LTE l\u00ean \u0111\u1ebfn 50 Mbit\/s (ph\u1ee5 thu\u1ed9c s\u00f3ng m\u1ea1ng th\u1ef1c t\u1ebf)<\/div>\n<div><\/div>\n<div>&#8211; T\u1ea7n s\u1ed1 m\u1ea1ng 4G : LTE 800\/900\/1800\/2100\/2600 MHz<\/div>\n<div><\/div>\n<div>&#8211; T\u1ea7n s\u1ed1 m\u1ea1ng 3G : HSUPA\/HSDPA\/UMTS\/DC-HSPA+ 900\/2100 MHz<\/div>\n<div><\/div>\n<div>&#8211; T\u1ea7n s\u1ed1 m\u1ea1ng 2G : EDGE\/GPRS\/GSM 850\/900\/1800\/1900 MHz<\/div>\n<div><\/div>\n<div>&#8211; Chu\u1ea9n LTE 2&#215;2 MIMO v\u00e0 WiFi<\/div>\n<div><\/div>\n<div>&#8211; \u0110\u00e8n led b\u00e1o ch\u1ec9 th\u1ecb ho\u1ea1t \u0111\u1ed9ng<\/div>\n<div><\/div>\n<div>&#8211; S\u1eed d\u1ee5ng khay sim chu\u1ea9n, lo\u1ea1i sim to ph\u1ed5 th\u00f4ng (kh\u00f4ng d\u00f9ng sim c\u1eaft s\u1ebd hay b\u1ecb l\u1ed7i nh\u1eadn sim kh\u00e1ch nh\u00e9)<\/div>\n<div><\/div>\n<div>&#8211; K\u00edch th\u01b0\u1edbc s\u1ea3n ph\u1ea9m : 100mm x 35mm x 14mm<\/div>\n<div><\/div>\n<div>&#8211; Tr\u1ecdng l\u01b0\u1ee3ng: 30g<\/div>\n<h3>Li\u00ean h\u1ec7 mua h\u00e0ng<\/h3>\n<h3 dir=\"auto\"><span class=\"pq6dq46d tbxw36s4 knj5qynh kvgmc6g5 ditlmg2l oygrvhab nvdbi5me sf5mxxl7 gl3lb2sf hhz5lgdu\"><img loading=\"lazy\" decoding=\"async\" src=\"https:\/\/static.xx.fbcdn.net\/images\/emoji.php\/v9\/t22\/1\/16\/260e.png\" alt=\"\u260e\ufe0f\" width=\"16\" height=\"16\" \/><\/span>\u00a0A H\u1ea3i: 094.226.2345 (zalo) \u2013 T\u01b0 V\u1ea5n 24\/24<\/h3>\n<div class=\"o9v6fnle cxmmr5t8 oygrvhab hcukyx3x c1et5uql ii04i59q\">\n<h3 dir=\"auto\"><span class=\"pq6dq46d tbxw36s4 knj5qynh kvgmc6g5 ditlmg2l oygrvhab nvdbi5me sf5mxxl7 gl3lb2sf hhz5lgdu\"><img loading=\"lazy\" decoding=\"async\" src=\"https:\/\/static.xx.fbcdn.net\/images\/emoji.php\/v9\/ta7\/1\/16\/1f3ea.png\" alt=\"?\" width=\"16\" height=\"16\" \/><\/span>\u00a0H\u00e0 N\u1ed9i: s\u1ed1 42 Th\u1ecbnh Li\u1ec7t \u2013 Ho\u00e0ng Mai \u2013 H\u00e0 N\u1ed9i<\/h3>\n<h3 dir=\"auto\"><span class=\"pq6dq46d tbxw36s4 knj5qynh kvgmc6g5 ditlmg2l oygrvhab nvdbi5me sf5mxxl7 gl3lb2sf hhz5lgdu\"><img loading=\"lazy\" decoding=\"async\" src=\"https:\/\/static.xx.fbcdn.net\/images\/emoji.php\/v9\/ta7\/1\/16\/1f3ea.png\" alt=\"?\" width=\"16\" height=\"16\" \/><\/span>\u00a0S\u00e0i G\u00f2n: 558\/66 B\u00ecnh Qu\u1edbi \u2013 Ph\u01b0\u1eddng 28 \u2013 B\u00ecnh Th\u1ea1nh<\/h3>\n<\/div>\n","protected":false},"excerpt":{"rendered":"<p>B\u1ed9 ph\u00e1t s\u00f3ng wifi t\u1eeb sim 4G PIX-LINK USB Modem, USB ph\u00e1t Wifi t\u1eeb Sim 4G, Dcom ph\u00e1t wifi t\u1ed1c \u0111\u1ed9 cao<\/p>\n","protected":false},"featured_media":2599,"comment_status":"open","ping_status":"closed","template":"","meta":[],"product_cat":[190],"product_tag":[211,203,209,201,208,202,207,206,205,193,194,191,198,192,199,204,200,210,196,213,212,197,195],"class_list":{"0":"post-2788","1":"product","2":"type-product","3":"status-publish","4":"has-post-thumbnail","6":"product_cat-bo-phat-wifi-4g","7":"product_tag-bo-phat-wifi-4g","8":"product_tag-bo-phat-wifi-4g-b618","9":"product_tag-bo-phat-wifi-4g-r102","10":"product_tag-bo-phat-wifi-4g-r311","11":"product_tag-bo-phat-wifi-4g-tot-nhat-hien-nay","12":"product_tag-bo-phat-wifi-mini","13":"product_tag-cach-doi-ten-wifi","14":"product_tag-cuc-pha-t-wifi","15":"product_tag-cuc-phat-wi-fi","16":"product_tag-cuc-phat-wifi","17":"product_tag-cuc-phat-wifi-4g","18":"product_tag-cuc-phat-wifi-4g-tot-nhat","19":"product_tag-cuc-phat-wifi-5g","20":"product_tag-cuc-phat-wifi-bang-sim","21":"product_tag-cuc-phat-wifi-di-dong","22":"product_tag-cuc-phat-wifi-du-lich","23":"product_tag-cuc-phat-wifi-tp-link","24":"product_tag-cuc-phat-wifi-tu-sim-4g","25":"product_tag-cuc-phat-wifi-tu-sim-4gcuc-phat-wifi-4g-gia-re","26":"product_tag-cuc-wi-fi","27":"product_tag-wi-fi","28":"product_tag-wi-fi-khong-day","29":"product_tag-wifi-khong-day","31":"first","32":"instock","33":"sale","34":"shipping-taxable","35":"purchasable","36":"product-type-simple"},"_links":{"self":[{"href":"https:\/\/cameraquaytrom.net\/index.php?rest_route=\/wp\/v2\/product\/2788"}],"collection":[{"href":"https:\/\/cameraquaytrom.net\/index.php?rest_route=\/wp\/v2\/product"}],"about":[{"href":"https:\/\/cameraquaytrom.net\/index.php?rest_route=\/wp\/v2\/types\/product"}],"replies":[{"embeddable":true,"href":"https:\/\/cameraquaytrom.net\/index.php?rest_route=%2Fwp%2Fv2%2Fcomments&post=2788"}],"wp:featuredmedia":[{"embeddable":true,"href":"https:\/\/cameraquaytrom.net\/index.php?rest_route=\/wp\/v2\/media\/2599"}],"wp:attachment":[{"href":"https:\/\/cameraquaytrom.net\/index.php?rest_route=%2Fwp%2Fv2%2Fmedia&parent=2788"}],"wp:term":[{"taxonomy":"product_cat","embeddable":true,"href":"https:\/\/cameraquaytrom.net\/index.php?rest_route=%2Fwp%2Fv2%2Fproduct_cat&post=2788"},{"taxonomy":"product_tag","embeddable":true,"href":"https:\/\/cameraquaytrom.net\/index.php?rest_route=%2Fwp%2Fv2%2Fproduct_tag&post=2788"}],"curies":[{"name":"wp","href":"https:\/\/api.w.org\/{rel}","templated":true}]}}