{"id":436,"date":"2020-03-09T03:39:57","date_gmt":"2020-03-09T03:39:57","guid":{"rendered":"http:\/\/maynghelengiare.com\/?post_type=product&#038;p=436"},"modified":"2021-07-30T09:14:01","modified_gmt":"2021-07-30T09:14:01","slug":"may-nghe-len-n12","status":"publish","type":"product","link":"https:\/\/cameraquaytrom.net\/?product=may-nghe-len-n12","title":{"rendered":"M\u00e1y Nghe L\u00e9n N12 Si\u00eau Nh\u1ecf"},"content":{"rendered":"<h1 style=\"text-align: center;\">M\u00e1y Nghe L\u00e9n N12 Si\u00eau Nh\u1ecf<\/h1>\n<p><img loading=\"lazy\" decoding=\"async\" class=\"size-medium wp-image-1921 aligncenter\" src=\"https:\/\/cameraquaytrom.net\/wp-content\/uploads\/2020\/03\/z2469330963531_b22fc0a9a84dce3e4ca89d20b2c7775c-compressed-300x300.jpg\" alt=\"\" width=\"300\" height=\"300\" srcset=\"https:\/\/cameraquaytrom.net\/wp-content\/uploads\/2020\/03\/z2469330963531_b22fc0a9a84dce3e4ca89d20b2c7775c-compressed-300x300.jpg 300w, https:\/\/cameraquaytrom.net\/wp-content\/uploads\/2020\/03\/z2469330963531_b22fc0a9a84dce3e4ca89d20b2c7775c-compressed-1024x1024.jpg 1024w, https:\/\/cameraquaytrom.net\/wp-content\/uploads\/2020\/03\/z2469330963531_b22fc0a9a84dce3e4ca89d20b2c7775c-compressed-150x150.jpg 150w, https:\/\/cameraquaytrom.net\/wp-content\/uploads\/2020\/03\/z2469330963531_b22fc0a9a84dce3e4ca89d20b2c7775c-compressed-768x768.jpg 768w, https:\/\/cameraquaytrom.net\/wp-content\/uploads\/2020\/03\/z2469330963531_b22fc0a9a84dce3e4ca89d20b2c7775c-compressed-1536x1536.jpg 1536w, https:\/\/cameraquaytrom.net\/wp-content\/uploads\/2020\/03\/z2469330963531_b22fc0a9a84dce3e4ca89d20b2c7775c-compressed-2048x2048.jpg 2048w, https:\/\/cameraquaytrom.net\/wp-content\/uploads\/2020\/03\/z2469330963531_b22fc0a9a84dce3e4ca89d20b2c7775c-compressed-600x600.jpg 600w, https:\/\/cameraquaytrom.net\/wp-content\/uploads\/2020\/03\/z2469330963531_b22fc0a9a84dce3e4ca89d20b2c7775c-compressed-100x100.jpg 100w\" sizes=\"(max-width: 300px) 100vw, 300px\" \/><\/p>\n<p><img loading=\"lazy\" decoding=\"async\" class=\"size-medium wp-image-1922 aligncenter\" src=\"https:\/\/cameraquaytrom.net\/wp-content\/uploads\/2020\/03\/z2469331112990_421d8aa281edab1075353f3f9bcea3ef-compressed-300x300.jpg\" alt=\"\" width=\"300\" height=\"300\" srcset=\"https:\/\/cameraquaytrom.net\/wp-content\/uploads\/2020\/03\/z2469331112990_421d8aa281edab1075353f3f9bcea3ef-compressed-300x300.jpg 300w, https:\/\/cameraquaytrom.net\/wp-content\/uploads\/2020\/03\/z2469331112990_421d8aa281edab1075353f3f9bcea3ef-compressed-1024x1024.jpg 1024w, https:\/\/cameraquaytrom.net\/wp-content\/uploads\/2020\/03\/z2469331112990_421d8aa281edab1075353f3f9bcea3ef-compressed-150x150.jpg 150w, https:\/\/cameraquaytrom.net\/wp-content\/uploads\/2020\/03\/z2469331112990_421d8aa281edab1075353f3f9bcea3ef-compressed-768x768.jpg 768w, https:\/\/cameraquaytrom.net\/wp-content\/uploads\/2020\/03\/z2469331112990_421d8aa281edab1075353f3f9bcea3ef-compressed-1536x1536.jpg 1536w, https:\/\/cameraquaytrom.net\/wp-content\/uploads\/2020\/03\/z2469331112990_421d8aa281edab1075353f3f9bcea3ef-compressed-2048x2048.jpg 2048w, https:\/\/cameraquaytrom.net\/wp-content\/uploads\/2020\/03\/z2469331112990_421d8aa281edab1075353f3f9bcea3ef-compressed-600x600.jpg 600w, https:\/\/cameraquaytrom.net\/wp-content\/uploads\/2020\/03\/z2469331112990_421d8aa281edab1075353f3f9bcea3ef-compressed-100x100.jpg 100w\" sizes=\"(max-width: 300px) 100vw, 300px\" \/><\/p>\n<p>B\u1ea1n \u0111ang c\u1ea7n t\u00ecm m\u1ed9t thi\u1ebft b\u1ecb \u0111\u1ecbnh v\u1ecb nghe l\u00e9n kh\u00f4ng d\u00e2y v\u00e0 d\u1ec5 s\u1eed d\u1ee5ng th\u00ec h\u00e3y tham kh\u1ea3o m\u00e1y \u0111\u1ecbnh v\u1ecb nghe l\u00e9n N12 nh\u00e9. L\u1eafp sim v\u00e0o s\u1eed d\u1ee5ng lu\u00f4n v\u00e0 kh\u00f4ng c\u1ea7n c\u00e0i \u0111\u1eb7t nh\u00e9.<\/p>\n<p>&nbsp;<\/p>\n<h2><em><span style=\"text-decoration: underline;\">Video h\u01b0\u1edbng d\u1eabn s\u1eed d\u1ee5ng\u00a0<\/span><\/em><\/h2>\n<p><iframe loading=\"lazy\" title=\"\u0110\u1eadp h\u1ed9p M\u00e1y Nghe L\u00e9n v\u00e0 \u0110\u1ecbnh V\u1ecb N12 - S\u1ea3n ph\u1ea9m cao c\u1ea5p nh\u1ea5t hi\u1ec7n nay LH: 094.226.2345\" width=\"1020\" height=\"574\" src=\"https:\/\/www.youtube.com\/embed\/9T9XcSHNeng?feature=oembed\" frameborder=\"0\" allow=\"accelerometer; autoplay; clipboard-write; encrypted-media; gyroscope; picture-in-picture\" allowfullscreen><\/iframe><\/p>\n<div class=\"\" data-block=\"true\" data-editor=\"3qlfr\" data-offset-key=\"ka95-0-0\">\n<h3 class=\"_1mf _1mj\" data-offset-key=\"ka95-0-0\"><b>Li\u00ean h\u1ec7 mua h\u00e0ng<\/b><\/h3>\n<div data-offset-key=\"ka95-0-0\">\n<div dir=\"auto\"><span class=\"pq6dq46d tbxw36s4 knj5qynh kvgmc6g5 ditlmg2l oygrvhab nvdbi5me sf5mxxl7 gl3lb2sf hhz5lgdu\"><img loading=\"lazy\" decoding=\"async\" src=\"https:\/\/static.xx.fbcdn.net\/images\/emoji.php\/v9\/t22\/1\/16\/260e.png\" alt=\"\u260e\ufe0f\" width=\"16\" height=\"16\" \/><\/span> A H\u1ea3i: 094.226.2345 (zalo) &#8211; T\u01b0 V\u1ea5n 24\/24<\/div>\n<div class=\"o9v6fnle cxmmr5t8 oygrvhab hcukyx3x c1et5uql ii04i59q\">\n<h3 dir=\"auto\"><span class=\"pq6dq46d tbxw36s4 knj5qynh kvgmc6g5 ditlmg2l oygrvhab nvdbi5me sf5mxxl7 gl3lb2sf hhz5lgdu\"><img loading=\"lazy\" decoding=\"async\" src=\"https:\/\/static.xx.fbcdn.net\/images\/emoji.php\/v9\/ta7\/1\/16\/1f3ea.png\" alt=\"\ud83c\udfea\" width=\"16\" height=\"16\" \/><\/span> H\u00e0 N\u1ed9i: s\u1ed1 42 Th\u1ecbnh Li\u1ec7t &#8211; Ho\u00e0ng Mai &#8211; H\u00e0 N\u1ed9i<\/h3>\n<h3 dir=\"auto\"><span class=\"pq6dq46d tbxw36s4 knj5qynh kvgmc6g5 ditlmg2l oygrvhab nvdbi5me sf5mxxl7 gl3lb2sf hhz5lgdu\"><img loading=\"lazy\" decoding=\"async\" src=\"https:\/\/static.xx.fbcdn.net\/images\/emoji.php\/v9\/ta7\/1\/16\/1f3ea.png\" alt=\"\ud83c\udfea\" width=\"16\" height=\"16\" \/><\/span> S\u00e0i G\u00f2n: 558\/66 B\u00ecnh Qu\u1edbi &#8211; Ph\u01b0\u1eddng 28 &#8211; B\u00ecnh Th\u1ea1nh<\/h3>\n<\/div>\n<\/div>\n<\/div>\n","protected":false},"excerpt":{"rendered":"<p>B\u1ea1n \u0111ang c\u1ea7n t\u00ecm m\u1ed9t thi\u1ebft b\u1ecb \u0111\u1ecbnh v\u1ecb nghe l\u00e9n kh\u00f4ng d\u00e2y v\u00e0 d\u1ec5 s\u1eed d\u1ee5ng th\u00ec h\u00e3y tham kh\u1ea3o m\u00e1y \u0111\u1ecbnh v\u1ecb nghe l\u00e9n N12 nh\u00e9. L\u1eafp sim v\u00e0o s\u1eed d\u1ee5ng lu\u00f4n v\u00e0 kh\u00f4ng c\u1ea7n c\u00e0i \u0111\u1eb7t nh\u00e9<\/p>\n<p>&nbsp;<\/p>\n","protected":false},"featured_media":1921,"comment_status":"open","ping_status":"closed","template":"","meta":[],"product_cat":[33,28,29],"product_tag":[36,38,35,37],"class_list":{"0":"post-436","1":"product","2":"type-product","3":"status-publish","4":"has-post-thumbnail","6":"product_cat-may-nghe-len","7":"product_cat-thiet-bi-dinh-vi","8":"product_cat-thiet-bi-nghe-len","9":"product_tag-dinh-vi-nghe-len","10":"product_tag-dinh-vi-nghe-len-khong-day","11":"product_tag-dinh-vi-sieu-nho","12":"product_tag-may-nghe-len","14":"first","15":"instock","16":"sale","17":"shipping-taxable","18":"purchasable","19":"product-type-simple"},"_links":{"self":[{"href":"https:\/\/cameraquaytrom.net\/index.php?rest_route=\/wp\/v2\/product\/436"}],"collection":[{"href":"https:\/\/cameraquaytrom.net\/index.php?rest_route=\/wp\/v2\/product"}],"about":[{"href":"https:\/\/cameraquaytrom.net\/index.php?rest_route=\/wp\/v2\/types\/product"}],"replies":[{"embeddable":true,"href":"https:\/\/cameraquaytrom.net\/index.php?rest_route=%2Fwp%2Fv2%2Fcomments&post=436"}],"wp:featuredmedia":[{"embeddable":true,"href":"https:\/\/cameraquaytrom.net\/index.php?rest_route=\/wp\/v2\/media\/1921"}],"wp:attachment":[{"href":"https:\/\/cameraquaytrom.net\/index.php?rest_route=%2Fwp%2Fv2%2Fmedia&parent=436"}],"wp:term":[{"taxonomy":"product_cat","embeddable":true,"href":"https:\/\/cameraquaytrom.net\/index.php?rest_route=%2Fwp%2Fv2%2Fproduct_cat&post=436"},{"taxonomy":"product_tag","embeddable":true,"href":"https:\/\/cameraquaytrom.net\/index.php?rest_route=%2Fwp%2Fv2%2Fproduct_tag&post=436"}],"curies":[{"name":"wp","href":"https:\/\/api.w.org\/{rel}","templated":true}]}}