{"id":438,"date":"2020-03-09T05:02:17","date_gmt":"2020-03-09T05:02:17","guid":{"rendered":"http:\/\/maynghelengiare.com\/?post_type=product&#038;p=438"},"modified":"2021-11-10T04:24:06","modified_gmt":"2021-11-10T04:24:06","slug":"day-cap-sac-dinh-vi-nghe-len","status":"publish","type":"product","link":"https:\/\/cameraquaytrom.net\/?product=day-cap-sac-dinh-vi-nghe-len","title":{"rendered":"D\u00e2y S\u1ea1c \u0110\u1ecbnh V\u1ecb Nghe L\u00e9n"},"content":{"rendered":"<h1 style=\"text-align: center;\">D\u00e2y S\u1ea1c \u0110\u1ecbnh V\u1ecb Nghe L\u00e9n<\/h1>\n<p><img loading=\"lazy\" decoding=\"async\" class=\"size-medium wp-image-1502 aligncenter\" src=\"https:\/\/cameraquaytrom.net\/wp-content\/uploads\/2021\/07\/z2454621566779_53c8c490416ed86051e096c5b06517fe-compressed-300x300.jpg\" alt=\"\" width=\"300\" height=\"300\" srcset=\"https:\/\/cameraquaytrom.net\/wp-content\/uploads\/2021\/07\/z2454621566779_53c8c490416ed86051e096c5b06517fe-compressed-300x300.jpg 300w, https:\/\/cameraquaytrom.net\/wp-content\/uploads\/2021\/07\/z2454621566779_53c8c490416ed86051e096c5b06517fe-compressed-1024x1024.jpg 1024w, https:\/\/cameraquaytrom.net\/wp-content\/uploads\/2021\/07\/z2454621566779_53c8c490416ed86051e096c5b06517fe-compressed-150x150.jpg 150w, https:\/\/cameraquaytrom.net\/wp-content\/uploads\/2021\/07\/z2454621566779_53c8c490416ed86051e096c5b06517fe-compressed-768x768.jpg 768w, https:\/\/cameraquaytrom.net\/wp-content\/uploads\/2021\/07\/z2454621566779_53c8c490416ed86051e096c5b06517fe-compressed-1536x1536.jpg 1536w, https:\/\/cameraquaytrom.net\/wp-content\/uploads\/2021\/07\/z2454621566779_53c8c490416ed86051e096c5b06517fe-compressed-2048x2048.jpg 2048w, https:\/\/cameraquaytrom.net\/wp-content\/uploads\/2021\/07\/z2454621566779_53c8c490416ed86051e096c5b06517fe-compressed-600x600.jpg 600w, https:\/\/cameraquaytrom.net\/wp-content\/uploads\/2021\/07\/z2454621566779_53c8c490416ed86051e096c5b06517fe-compressed-100x100.jpg 100w\" sizes=\"(max-width: 300px) 100vw, 300px\" \/><\/p>\n<p><img loading=\"lazy\" decoding=\"async\" class=\"size-medium wp-image-1503 aligncenter\" src=\"https:\/\/cameraquaytrom.net\/wp-content\/uploads\/2021\/07\/z2454621658976_b9c6d60e3bb72687b1e701d55569da18-compressed-300x300.jpg\" alt=\"\" width=\"300\" height=\"300\" srcset=\"https:\/\/cameraquaytrom.net\/wp-content\/uploads\/2021\/07\/z2454621658976_b9c6d60e3bb72687b1e701d55569da18-compressed-300x300.jpg 300w, https:\/\/cameraquaytrom.net\/wp-content\/uploads\/2021\/07\/z2454621658976_b9c6d60e3bb72687b1e701d55569da18-compressed-1024x1024.jpg 1024w, https:\/\/cameraquaytrom.net\/wp-content\/uploads\/2021\/07\/z2454621658976_b9c6d60e3bb72687b1e701d55569da18-compressed-150x150.jpg 150w, https:\/\/cameraquaytrom.net\/wp-content\/uploads\/2021\/07\/z2454621658976_b9c6d60e3bb72687b1e701d55569da18-compressed-768x768.jpg 768w, https:\/\/cameraquaytrom.net\/wp-content\/uploads\/2021\/07\/z2454621658976_b9c6d60e3bb72687b1e701d55569da18-compressed-1536x1536.jpg 1536w, https:\/\/cameraquaytrom.net\/wp-content\/uploads\/2021\/07\/z2454621658976_b9c6d60e3bb72687b1e701d55569da18-compressed-2048x2048.jpg 2048w, https:\/\/cameraquaytrom.net\/wp-content\/uploads\/2021\/07\/z2454621658976_b9c6d60e3bb72687b1e701d55569da18-compressed-600x600.jpg 600w, https:\/\/cameraquaytrom.net\/wp-content\/uploads\/2021\/07\/z2454621658976_b9c6d60e3bb72687b1e701d55569da18-compressed-100x100.jpg 100w\" sizes=\"(max-width: 300px) 100vw, 300px\" \/><\/p>\n<p><img loading=\"lazy\" decoding=\"async\" class=\"size-medium wp-image-1504 aligncenter\" src=\"https:\/\/cameraquaytrom.net\/wp-content\/uploads\/2021\/07\/z2454621968903_e47671de1a6101393203b18cd01ca22e-compressed-300x300.jpg\" alt=\"\" width=\"300\" height=\"300\" srcset=\"https:\/\/cameraquaytrom.net\/wp-content\/uploads\/2021\/07\/z2454621968903_e47671de1a6101393203b18cd01ca22e-compressed-300x300.jpg 300w, https:\/\/cameraquaytrom.net\/wp-content\/uploads\/2021\/07\/z2454621968903_e47671de1a6101393203b18cd01ca22e-compressed-1024x1024.jpg 1024w, https:\/\/cameraquaytrom.net\/wp-content\/uploads\/2021\/07\/z2454621968903_e47671de1a6101393203b18cd01ca22e-compressed-150x150.jpg 150w, https:\/\/cameraquaytrom.net\/wp-content\/uploads\/2021\/07\/z2454621968903_e47671de1a6101393203b18cd01ca22e-compressed-768x768.jpg 768w, https:\/\/cameraquaytrom.net\/wp-content\/uploads\/2021\/07\/z2454621968903_e47671de1a6101393203b18cd01ca22e-compressed-1536x1536.jpg 1536w, https:\/\/cameraquaytrom.net\/wp-content\/uploads\/2021\/07\/z2454621968903_e47671de1a6101393203b18cd01ca22e-compressed-2048x2048.jpg 2048w, https:\/\/cameraquaytrom.net\/wp-content\/uploads\/2021\/07\/z2454621968903_e47671de1a6101393203b18cd01ca22e-compressed-600x600.jpg 600w, https:\/\/cameraquaytrom.net\/wp-content\/uploads\/2021\/07\/z2454621968903_e47671de1a6101393203b18cd01ca22e-compressed-100x100.jpg 100w\" sizes=\"(max-width: 300px) 100vw, 300px\" \/><\/p>\n<p><img loading=\"lazy\" decoding=\"async\" class=\"size-medium wp-image-1505 aligncenter\" src=\"https:\/\/cameraquaytrom.net\/wp-content\/uploads\/2021\/07\/z2454622115803_d635475dc536876e06a5487c704f7473-compressed-300x300.jpg\" alt=\"\" width=\"300\" height=\"300\" srcset=\"https:\/\/cameraquaytrom.net\/wp-content\/uploads\/2021\/07\/z2454622115803_d635475dc536876e06a5487c704f7473-compressed-300x300.jpg 300w, https:\/\/cameraquaytrom.net\/wp-content\/uploads\/2021\/07\/z2454622115803_d635475dc536876e06a5487c704f7473-compressed-1024x1024.jpg 1024w, https:\/\/cameraquaytrom.net\/wp-content\/uploads\/2021\/07\/z2454622115803_d635475dc536876e06a5487c704f7473-compressed-150x150.jpg 150w, https:\/\/cameraquaytrom.net\/wp-content\/uploads\/2021\/07\/z2454622115803_d635475dc536876e06a5487c704f7473-compressed-768x768.jpg 768w, https:\/\/cameraquaytrom.net\/wp-content\/uploads\/2021\/07\/z2454622115803_d635475dc536876e06a5487c704f7473-compressed-1536x1536.jpg 1536w, https:\/\/cameraquaytrom.net\/wp-content\/uploads\/2021\/07\/z2454622115803_d635475dc536876e06a5487c704f7473-compressed-2048x2048.jpg 2048w, https:\/\/cameraquaytrom.net\/wp-content\/uploads\/2021\/07\/z2454622115803_d635475dc536876e06a5487c704f7473-compressed-600x600.jpg 600w, https:\/\/cameraquaytrom.net\/wp-content\/uploads\/2021\/07\/z2454622115803_d635475dc536876e06a5487c704f7473-compressed-100x100.jpg 100w\" sizes=\"(max-width: 300px) 100vw, 300px\" \/><\/p>\n<p>B\u1ea1n \u0111ang mu\u1ed1n nghe l\u00e9n v\u00e0 \u0111\u1ecbnh v\u1ecb nh\u01b0ng kh\u00f4ng th\u1ec3 gi\u1ea5u \u0111\u01b0\u1ee3c c\u00e1c thi\u1ebft b\u1ecb b\u00ean \u0111\u1ed1i ph\u01b0\u01a1ng, v\u00e0 b\u1ea1n c\u1ea7n t\u00ecm m\u1ed9t s\u1ea3n ph\u1ea9m thi\u1ebft b\u1ecb \u0111\u1ecbnh v\u1ecb\u00a0ngu\u1ef5 trang. H\u00e3y tham kh\u1ea3o ngay s\u1ea3n ph\u1ea9m m\u00e1y \u0111\u1ecbnh v\u1ecb nghe l\u00e9n ngu\u1ef5 trang d\u00e2y c\u00e1p s\u1ea1c \u0111i\u1ec7n tho\u1ea1i nh\u00e9.<\/p>\n<p>\u0110\u1eb7c bi\u1ec7t khi s\u1eed d\u1ee5ng thi\u1ebft b\u1ecb n\u00e0y b\u1ea1n v\u1eabn c\u00f3 th\u1ec3 s\u1ea1c \u0111\u01b0\u1ee3c \u0111i\u1ec7n tho\u1ea1i nh\u01b0 b\u00ecnh th\u01b0\u1eddng, h\u01a1n n\u1eefa c\u00f2n h\u1ed7 tr\u1ee3 3 \u0111\u1ea7u s\u1ea1c cho t\u1ea5t c\u1ea3 m\u00e1y \u0111i\u1ec7n tho\u1ea1i iphone v\u00e0 samsung ho\u1eb7c oppo.<\/p>\n<p>Ch\u1ee9c n\u0103ng ch\u00ednh g\u1ed3m:<\/p>\n<p>&#8211; S\u1ea1c \u0111i\u1ec7n tho\u1ea1i<\/p>\n<p>&#8211; \u0110\u1ecbnh v\u1ecb v\u1ecb tr\u00ed thi\u1ebft b\u1ecb tr\u1ef1c tuy\u1ebfn tr\u00ean b\u1ea3n \u0111\u1ed3<\/p>\n<p>&#8211; Nghe l\u00e9n \u00e2m thanh xung quanh n\u01a1i m\u00ecnh \u0111\u1eb7t thi\u1ebft b\u1ecb t\u1eeb xa qua \u0111i\u1ec7n tho\u1ea1i<\/p>\n<p>&#8211; Ghi \u00e2m<\/p>\n<p>&#8211; T\u1ef1 \u0111\u1ed9ng g\u1ecdi l\u1ea1i khi c\u00f3 ti\u1ebfng \u0111\u1ed9ng<\/p>\n<p>&#8211; Xem l\u1ea1i qu\u00e3ng \u0111\u01b0\u1eddng xe di chuy\u1ec3n<\/p>\n<p>&#8211; C\u1ea3nh b\u00e1o khi thi\u1ebft b\u1ecb ra kh\u1ecfi v\u00f9ng an to\u00e0n<\/p>\n<div class=\"\" data-block=\"true\" data-editor=\"21uv4\" data-offset-key=\"dup18-0-0\">\n<div class=\"_1mf _1mj\" data-offset-key=\"dup18-0-0\"><em><strong>Video h\u01b0\u1edbng d\u1eabn s\u1eed d\u1ee5ng<\/strong><\/em><\/div>\n<div data-offset-key=\"dup18-0-0\">\n<p><iframe loading=\"lazy\" title=\"Review D\u00e2y S\u1ea1c \u0110\u1ecbnh V\u1ecb Nghe L\u00e9n || M\u00e1y nghe l\u00e9n, \u0111\u1ecbnh v\u1ecb GPS ngu\u1ef5 trang d\u00e2y c\u00e1p s\u1ea1c \u0111i\u1ec7n tho\u1ea1i\" width=\"1020\" height=\"574\" src=\"https:\/\/www.youtube.com\/embed\/OZ5P9VekqP8?start=198&#038;feature=oembed\" frameborder=\"0\" allow=\"accelerometer; autoplay; clipboard-write; encrypted-media; gyroscope; picture-in-picture\" allowfullscreen><\/iframe><\/p>\n<\/div>\n<\/div>\n<h3>Li\u00ean h\u1ec7 mua h\u00e0ng<\/h3>\n<h3>\u260e\ufe0f A H\u1ea3i: 094.226.2345 (zalo) &#8211; T\u01b0 V\u1ea5n 24\/24<\/h3>\n<h3>\ud83c\udfea H\u00e0 N\u1ed9i: s\u1ed1 42 Th\u1ecbnh Li\u1ec7t &#8211; Ho\u00e0ng Mai &#8211; H\u00e0 N\u1ed9i<\/h3>\n<h3>\ud83c\udfea S\u00e0i G\u00f2n: 558\/66 B\u00ecnh Qu\u1edbi &#8211; Ph\u01b0\u1eddng 28 &#8211; B\u00ecnh Th\u1ea1nh<\/h3>\n","protected":false},"excerpt":{"rendered":"<p>B\u1ea1n \u0111ang mu\u1ed1n nghe l\u00e9n v\u00e0 \u0111\u1ecbnh v\u1ecb nh\u01b0ng kh\u00f4ng th\u1ec3 gi\u1ea5u \u0111\u01b0\u1ee3c c\u00e1c thi\u1ebft b\u1ecb b\u00ean \u0111\u1ed1i ph\u01b0\u01a1ng, v\u00e0 b\u1ea1n c\u1ea7n t\u00ecm m\u1ed9t s\u1ea3n ph\u1ea9m thi\u1ebft b\u1ecb \u0111\u1ecbnh v\u1ecb\u00a0ngu\u1ef5 trang. H\u00e3y tham kh\u1ea3o ngay s\u1ea3n ph\u1ea9m m\u00e1y \u0111\u1ecbnh v\u1ecb nghe l\u00e9n ngu\u1ef5 trang d\u00e2y c\u00e1p s\u1ea1c \u0111i\u1ec7n tho\u1ea1i nh\u00e9.<\/p>\n<p>&nbsp;<\/p>\n","protected":false},"featured_media":1503,"comment_status":"open","ping_status":"closed","template":"","meta":[],"product_cat":[33,28,29],"product_tag":[43,42,36,38,35,37],"class_list":{"0":"post-438","1":"product","2":"type-product","3":"status-publish","4":"has-post-thumbnail","6":"product_cat-may-nghe-len","7":"product_cat-thiet-bi-dinh-vi","8":"product_cat-thiet-bi-nghe-len","9":"product_tag-cap-sac-dinh-vi-nghe-len","10":"product_tag-day-cap-sac-nghe-len","11":"product_tag-dinh-vi-nghe-len","12":"product_tag-dinh-vi-nghe-len-khong-day","13":"product_tag-dinh-vi-sieu-nho","14":"product_tag-may-nghe-len","16":"first","17":"instock","18":"sale","19":"shipping-taxable","20":"purchasable","21":"product-type-simple"},"_links":{"self":[{"href":"https:\/\/cameraquaytrom.net\/index.php?rest_route=\/wp\/v2\/product\/438"}],"collection":[{"href":"https:\/\/cameraquaytrom.net\/index.php?rest_route=\/wp\/v2\/product"}],"about":[{"href":"https:\/\/cameraquaytrom.net\/index.php?rest_route=\/wp\/v2\/types\/product"}],"replies":[{"embeddable":true,"href":"https:\/\/cameraquaytrom.net\/index.php?rest_route=%2Fwp%2Fv2%2Fcomments&post=438"}],"wp:featuredmedia":[{"embeddable":true,"href":"https:\/\/cameraquaytrom.net\/index.php?rest_route=\/wp\/v2\/media\/1503"}],"wp:attachment":[{"href":"https:\/\/cameraquaytrom.net\/index.php?rest_route=%2Fwp%2Fv2%2Fmedia&parent=438"}],"wp:term":[{"taxonomy":"product_cat","embeddable":true,"href":"https:\/\/cameraquaytrom.net\/index.php?rest_route=%2Fwp%2Fv2%2Fproduct_cat&post=438"},{"taxonomy":"product_tag","embeddable":true,"href":"https:\/\/cameraquaytrom.net\/index.php?rest_route=%2Fwp%2Fv2%2Fproduct_tag&post=438"}],"curies":[{"name":"wp","href":"https:\/\/api.w.org\/{rel}","templated":true}]}}