{"id":445,"date":"2020-03-09T05:27:40","date_gmt":"2020-03-09T05:27:40","guid":{"rendered":"http:\/\/maynghelengiare.com\/?post_type=product&#038;p=445"},"modified":"2021-11-10T04:23:09","modified_gmt":"2021-11-10T04:23:09","slug":"dinh-vi-nghe-len-sieu-nho-gf-09","status":"publish","type":"product","link":"https:\/\/cameraquaytrom.net\/?product=dinh-vi-nghe-len-sieu-nho-gf-09","title":{"rendered":"\u0110\u1ecbnh V\u1ecb Nghe L\u00e9n Si\u00eau Nh\u1ecf GF-09"},"content":{"rendered":"<h1 style=\"text-align: center;\">\u0110\u1ecbnh V\u1ecb Nghe L\u00e9n Si\u00eau Nh\u1ecf GF-09<\/h1>\n<p><img loading=\"lazy\" decoding=\"async\" class=\"size-medium wp-image-1915 aligncenter\" src=\"https:\/\/cameraquaytrom.net\/wp-content\/uploads\/2020\/03\/z2459350433040_a4d102d8e12600899e0a53072be21e87-compressed-300x300.jpg\" alt=\"\" width=\"300\" height=\"300\" srcset=\"https:\/\/cameraquaytrom.net\/wp-content\/uploads\/2020\/03\/z2459350433040_a4d102d8e12600899e0a53072be21e87-compressed-300x300.jpg 300w, https:\/\/cameraquaytrom.net\/wp-content\/uploads\/2020\/03\/z2459350433040_a4d102d8e12600899e0a53072be21e87-compressed-1024x1024.jpg 1024w, https:\/\/cameraquaytrom.net\/wp-content\/uploads\/2020\/03\/z2459350433040_a4d102d8e12600899e0a53072be21e87-compressed-150x150.jpg 150w, https:\/\/cameraquaytrom.net\/wp-content\/uploads\/2020\/03\/z2459350433040_a4d102d8e12600899e0a53072be21e87-compressed-768x768.jpg 768w, https:\/\/cameraquaytrom.net\/wp-content\/uploads\/2020\/03\/z2459350433040_a4d102d8e12600899e0a53072be21e87-compressed-1536x1536.jpg 1536w, https:\/\/cameraquaytrom.net\/wp-content\/uploads\/2020\/03\/z2459350433040_a4d102d8e12600899e0a53072be21e87-compressed-2048x2048.jpg 2048w, https:\/\/cameraquaytrom.net\/wp-content\/uploads\/2020\/03\/z2459350433040_a4d102d8e12600899e0a53072be21e87-compressed-600x600.jpg 600w, https:\/\/cameraquaytrom.net\/wp-content\/uploads\/2020\/03\/z2459350433040_a4d102d8e12600899e0a53072be21e87-compressed-100x100.jpg 100w\" sizes=\"(max-width: 300px) 100vw, 300px\" \/><\/p>\n<p><img loading=\"lazy\" decoding=\"async\" class=\"size-medium wp-image-1916 aligncenter\" src=\"https:\/\/cameraquaytrom.net\/wp-content\/uploads\/2020\/03\/z2459350474625_169709192d848299f473519bdb19e62d-compressed-300x300.jpg\" alt=\"\" width=\"300\" height=\"300\" srcset=\"https:\/\/cameraquaytrom.net\/wp-content\/uploads\/2020\/03\/z2459350474625_169709192d848299f473519bdb19e62d-compressed-300x300.jpg 300w, https:\/\/cameraquaytrom.net\/wp-content\/uploads\/2020\/03\/z2459350474625_169709192d848299f473519bdb19e62d-compressed-1024x1024.jpg 1024w, https:\/\/cameraquaytrom.net\/wp-content\/uploads\/2020\/03\/z2459350474625_169709192d848299f473519bdb19e62d-compressed-150x150.jpg 150w, https:\/\/cameraquaytrom.net\/wp-content\/uploads\/2020\/03\/z2459350474625_169709192d848299f473519bdb19e62d-compressed-768x768.jpg 768w, https:\/\/cameraquaytrom.net\/wp-content\/uploads\/2020\/03\/z2459350474625_169709192d848299f473519bdb19e62d-compressed-1536x1536.jpg 1536w, https:\/\/cameraquaytrom.net\/wp-content\/uploads\/2020\/03\/z2459350474625_169709192d848299f473519bdb19e62d-compressed-2048x2048.jpg 2048w, https:\/\/cameraquaytrom.net\/wp-content\/uploads\/2020\/03\/z2459350474625_169709192d848299f473519bdb19e62d-compressed-600x600.jpg 600w, https:\/\/cameraquaytrom.net\/wp-content\/uploads\/2020\/03\/z2459350474625_169709192d848299f473519bdb19e62d-compressed-100x100.jpg 100w\" sizes=\"(max-width: 300px) 100vw, 300px\" \/><\/p>\n<p><img loading=\"lazy\" decoding=\"async\" class=\"size-medium wp-image-1917 aligncenter\" src=\"https:\/\/cameraquaytrom.net\/wp-content\/uploads\/2020\/03\/z2459350514392_14fb27d21ee9973af850c3c8e48a2f92-compressed-300x300.jpg\" alt=\"\" width=\"300\" height=\"300\" srcset=\"https:\/\/cameraquaytrom.net\/wp-content\/uploads\/2020\/03\/z2459350514392_14fb27d21ee9973af850c3c8e48a2f92-compressed-300x300.jpg 300w, https:\/\/cameraquaytrom.net\/wp-content\/uploads\/2020\/03\/z2459350514392_14fb27d21ee9973af850c3c8e48a2f92-compressed-1024x1024.jpg 1024w, https:\/\/cameraquaytrom.net\/wp-content\/uploads\/2020\/03\/z2459350514392_14fb27d21ee9973af850c3c8e48a2f92-compressed-150x150.jpg 150w, https:\/\/cameraquaytrom.net\/wp-content\/uploads\/2020\/03\/z2459350514392_14fb27d21ee9973af850c3c8e48a2f92-compressed-768x768.jpg 768w, https:\/\/cameraquaytrom.net\/wp-content\/uploads\/2020\/03\/z2459350514392_14fb27d21ee9973af850c3c8e48a2f92-compressed-1536x1536.jpg 1536w, https:\/\/cameraquaytrom.net\/wp-content\/uploads\/2020\/03\/z2459350514392_14fb27d21ee9973af850c3c8e48a2f92-compressed-2048x2048.jpg 2048w, https:\/\/cameraquaytrom.net\/wp-content\/uploads\/2020\/03\/z2459350514392_14fb27d21ee9973af850c3c8e48a2f92-compressed-600x600.jpg 600w, https:\/\/cameraquaytrom.net\/wp-content\/uploads\/2020\/03\/z2459350514392_14fb27d21ee9973af850c3c8e48a2f92-compressed-100x100.jpg 100w\" sizes=\"(max-width: 300px) 100vw, 300px\" \/><\/p>\n<p><img loading=\"lazy\" decoding=\"async\" class=\"size-medium wp-image-1918 aligncenter\" src=\"https:\/\/cameraquaytrom.net\/wp-content\/uploads\/2020\/03\/z2459350555263_c638f345e1e3a7ac1b8af5ffdd2aafa1-compressed-300x300.jpg\" alt=\"\" width=\"300\" height=\"300\" srcset=\"https:\/\/cameraquaytrom.net\/wp-content\/uploads\/2020\/03\/z2459350555263_c638f345e1e3a7ac1b8af5ffdd2aafa1-compressed-300x300.jpg 300w, https:\/\/cameraquaytrom.net\/wp-content\/uploads\/2020\/03\/z2459350555263_c638f345e1e3a7ac1b8af5ffdd2aafa1-compressed-1024x1024.jpg 1024w, https:\/\/cameraquaytrom.net\/wp-content\/uploads\/2020\/03\/z2459350555263_c638f345e1e3a7ac1b8af5ffdd2aafa1-compressed-150x150.jpg 150w, https:\/\/cameraquaytrom.net\/wp-content\/uploads\/2020\/03\/z2459350555263_c638f345e1e3a7ac1b8af5ffdd2aafa1-compressed-768x768.jpg 768w, https:\/\/cameraquaytrom.net\/wp-content\/uploads\/2020\/03\/z2459350555263_c638f345e1e3a7ac1b8af5ffdd2aafa1-compressed-1536x1536.jpg 1536w, https:\/\/cameraquaytrom.net\/wp-content\/uploads\/2020\/03\/z2459350555263_c638f345e1e3a7ac1b8af5ffdd2aafa1-compressed-2048x2048.jpg 2048w, https:\/\/cameraquaytrom.net\/wp-content\/uploads\/2020\/03\/z2459350555263_c638f345e1e3a7ac1b8af5ffdd2aafa1-compressed-600x600.jpg 600w, https:\/\/cameraquaytrom.net\/wp-content\/uploads\/2020\/03\/z2459350555263_c638f345e1e3a7ac1b8af5ffdd2aafa1-compressed-100x100.jpg 100w\" sizes=\"(max-width: 300px) 100vw, 300px\" \/><\/p>\n<p><img loading=\"lazy\" decoding=\"async\" class=\"size-medium wp-image-1919 aligncenter\" src=\"https:\/\/cameraquaytrom.net\/wp-content\/uploads\/2020\/03\/z2459350587189_670e7504531a85f0c402b65d250f51fc-compressed-300x300.jpg\" alt=\"\" width=\"300\" height=\"300\" srcset=\"https:\/\/cameraquaytrom.net\/wp-content\/uploads\/2020\/03\/z2459350587189_670e7504531a85f0c402b65d250f51fc-compressed-300x300.jpg 300w, https:\/\/cameraquaytrom.net\/wp-content\/uploads\/2020\/03\/z2459350587189_670e7504531a85f0c402b65d250f51fc-compressed-1024x1024.jpg 1024w, https:\/\/cameraquaytrom.net\/wp-content\/uploads\/2020\/03\/z2459350587189_670e7504531a85f0c402b65d250f51fc-compressed-150x150.jpg 150w, https:\/\/cameraquaytrom.net\/wp-content\/uploads\/2020\/03\/z2459350587189_670e7504531a85f0c402b65d250f51fc-compressed-768x768.jpg 768w, https:\/\/cameraquaytrom.net\/wp-content\/uploads\/2020\/03\/z2459350587189_670e7504531a85f0c402b65d250f51fc-compressed-1536x1536.jpg 1536w, https:\/\/cameraquaytrom.net\/wp-content\/uploads\/2020\/03\/z2459350587189_670e7504531a85f0c402b65d250f51fc-compressed-2048x2048.jpg 2048w, https:\/\/cameraquaytrom.net\/wp-content\/uploads\/2020\/03\/z2459350587189_670e7504531a85f0c402b65d250f51fc-compressed-600x600.jpg 600w, https:\/\/cameraquaytrom.net\/wp-content\/uploads\/2020\/03\/z2459350587189_670e7504531a85f0c402b65d250f51fc-compressed-100x100.jpg 100w\" sizes=\"(max-width: 300px) 100vw, 300px\" \/><\/p>\n<p><img loading=\"lazy\" decoding=\"async\" class=\"size-medium wp-image-1920 aligncenter\" src=\"https:\/\/cameraquaytrom.net\/wp-content\/uploads\/2020\/03\/z2459350606364_5fe454b229359dacd75396477e6d8e29-compressed-300x300.jpg\" alt=\"\" width=\"300\" height=\"300\" srcset=\"https:\/\/cameraquaytrom.net\/wp-content\/uploads\/2020\/03\/z2459350606364_5fe454b229359dacd75396477e6d8e29-compressed-300x300.jpg 300w, https:\/\/cameraquaytrom.net\/wp-content\/uploads\/2020\/03\/z2459350606364_5fe454b229359dacd75396477e6d8e29-compressed-1024x1024.jpg 1024w, https:\/\/cameraquaytrom.net\/wp-content\/uploads\/2020\/03\/z2459350606364_5fe454b229359dacd75396477e6d8e29-compressed-150x150.jpg 150w, https:\/\/cameraquaytrom.net\/wp-content\/uploads\/2020\/03\/z2459350606364_5fe454b229359dacd75396477e6d8e29-compressed-768x768.jpg 768w, https:\/\/cameraquaytrom.net\/wp-content\/uploads\/2020\/03\/z2459350606364_5fe454b229359dacd75396477e6d8e29-compressed-1536x1536.jpg 1536w, https:\/\/cameraquaytrom.net\/wp-content\/uploads\/2020\/03\/z2459350606364_5fe454b229359dacd75396477e6d8e29-compressed-2048x2048.jpg 2048w, https:\/\/cameraquaytrom.net\/wp-content\/uploads\/2020\/03\/z2459350606364_5fe454b229359dacd75396477e6d8e29-compressed-600x600.jpg 600w, https:\/\/cameraquaytrom.net\/wp-content\/uploads\/2020\/03\/z2459350606364_5fe454b229359dacd75396477e6d8e29-compressed-100x100.jpg 100w\" sizes=\"(max-width: 300px) 100vw, 300px\" \/><\/p>\n<p>M\u00e1y GF-09 \u0111ang l\u00e0 thi\u1ebft b\u1ecb \u0111\u1ecbnh v\u1ecb nghe l\u00e9n nh\u1ecf nh\u1ea5t tr\u00ean th\u1ebf gi\u1edbi. T\u00edch h\u1ee3p r\u1ea5t nhi\u1ec1u ch\u1ee9c n\u0103ng nh\u01b0: \u0111\u1ecbnh v\u1ecb tr\u1ef1c tuy\u1ebfn, nghe l\u00e9n, ghi \u00e2m, t\u1ef1 \u0111\u1ed9ng g\u1ecdi l\u1ea1i, xem l\u1ea1i qu\u00e3ng \u0111\u01b0\u1eddng xe di chuy\u1ec3n,&#8230;<\/p>\n<h2><em><span style=\"text-decoration: underline;\">Video h\u01b0\u1edbng d\u1eabn s\u1eed d\u1ee5ng<\/span><\/em><\/h2>\n<p><iframe loading=\"lazy\" title=\"Review M\u00e1y Nghe L\u00e9n GF09 Si\u00eau Nh\u1ecf || M\u00e1y \u0111\u1ecbnh v\u1ecb GPS, thi\u1ebft b\u1ecb \u0111\u1ecbnh v\u1ecb nghe l\u00e9n si\u00eau nh\u1ecf gi\u00e1 r\u1ebb\" width=\"1020\" height=\"574\" src=\"https:\/\/www.youtube.com\/embed\/dGq_foZyJZk?start=489&#038;feature=oembed\" frameborder=\"0\" allow=\"accelerometer; autoplay; clipboard-write; encrypted-media; gyroscope; picture-in-picture\" allowfullscreen><\/iframe><\/p>\n<div class=\"\" data-block=\"true\" data-editor=\"21uv4\" data-offset-key=\"6od63-0-0\">\n<h3 class=\"_1mf _1mj\" data-offset-key=\"6od63-0-0\"><b>Li\u00ean h\u1ec7 mua h\u00e0ng<\/b><\/h3>\n<\/div>\n<div dir=\"auto\"><span class=\"pq6dq46d tbxw36s4 knj5qynh kvgmc6g5 ditlmg2l oygrvhab nvdbi5me sf5mxxl7 gl3lb2sf hhz5lgdu\"><img loading=\"lazy\" decoding=\"async\" src=\"https:\/\/static.xx.fbcdn.net\/images\/emoji.php\/v9\/t22\/1\/16\/260e.png\" alt=\"\u260e\ufe0f\" width=\"16\" height=\"16\" \/><\/span> A H\u1ea3i: 094.226.2345 (zalo) &#8211; T\u01b0 V\u1ea5n 24\/24<\/div>\n<div class=\"o9v6fnle cxmmr5t8 oygrvhab hcukyx3x c1et5uql ii04i59q\">\n<h3 dir=\"auto\"><span class=\"pq6dq46d tbxw36s4 knj5qynh kvgmc6g5 ditlmg2l oygrvhab nvdbi5me sf5mxxl7 gl3lb2sf hhz5lgdu\"><img loading=\"lazy\" decoding=\"async\" src=\"https:\/\/static.xx.fbcdn.net\/images\/emoji.php\/v9\/ta7\/1\/16\/1f3ea.png\" alt=\"\ud83c\udfea\" width=\"16\" height=\"16\" \/><\/span> H\u00e0 N\u1ed9i: s\u1ed1 42 Th\u1ecbnh Li\u1ec7t &#8211; Ho\u00e0ng Mai &#8211; H\u00e0 N\u1ed9i<\/h3>\n<h3 dir=\"auto\"><span class=\"pq6dq46d tbxw36s4 knj5qynh kvgmc6g5 ditlmg2l oygrvhab nvdbi5me sf5mxxl7 gl3lb2sf hhz5lgdu\"><img loading=\"lazy\" decoding=\"async\" src=\"https:\/\/static.xx.fbcdn.net\/images\/emoji.php\/v9\/ta7\/1\/16\/1f3ea.png\" alt=\"\ud83c\udfea\" width=\"16\" height=\"16\" \/><\/span> S\u00e0i G\u00f2n: 558\/66 B\u00ecnh Qu\u1edbi &#8211; Ph\u01b0\u1eddng 28 &#8211; B\u00ecnh Th\u1ea1nh<\/h3>\n<\/div>\n","protected":false},"excerpt":{"rendered":"<p>M\u00e1y GF-09 \u0111ang l\u00e0 thi\u1ebft b\u1ecb \u0111\u1ecbnh v\u1ecb nghe l\u00e9n nh\u1ecf nh\u1ea5t tr\u00ean th\u1ebf gi\u1edbi. T\u00edch h\u1ee3p r\u1ea5t nhi\u1ec1u ch\u1ee9c n\u0103ng nh\u01b0: \u0111\u1ecbnh v\u1ecb tr\u1ef1c tuy\u1ebfn, nghe l\u00e9n, ghi \u00e2m, t\u1ef1 \u0111\u1ed9ng g\u1ecdi l\u1ea1i, xem l\u1ea1i qu\u00e3ng \u0111\u01b0\u1eddng xe di chuy\u1ec3n,&#8230;<\/p>\n<p>&nbsp;<\/p>\n","protected":false},"featured_media":1920,"comment_status":"open","ping_status":"closed","template":"","meta":[],"product_cat":[33,28],"product_tag":[45,44,36,38,35,37],"class_list":{"0":"post-445","1":"product","2":"type-product","3":"status-publish","4":"has-post-thumbnail","6":"product_cat-may-nghe-len","7":"product_cat-thiet-bi-dinh-vi","8":"product_tag-dinh-vi-gf09","9":"product_tag-dinh-vi-mini","10":"product_tag-dinh-vi-nghe-len","11":"product_tag-dinh-vi-nghe-len-khong-day","12":"product_tag-dinh-vi-sieu-nho","13":"product_tag-may-nghe-len","15":"first","16":"instock","17":"sale","18":"shipping-taxable","19":"purchasable","20":"product-type-simple"},"_links":{"self":[{"href":"https:\/\/cameraquaytrom.net\/index.php?rest_route=\/wp\/v2\/product\/445"}],"collection":[{"href":"https:\/\/cameraquaytrom.net\/index.php?rest_route=\/wp\/v2\/product"}],"about":[{"href":"https:\/\/cameraquaytrom.net\/index.php?rest_route=\/wp\/v2\/types\/product"}],"replies":[{"embeddable":true,"href":"https:\/\/cameraquaytrom.net\/index.php?rest_route=%2Fwp%2Fv2%2Fcomments&post=445"}],"wp:featuredmedia":[{"embeddable":true,"href":"https:\/\/cameraquaytrom.net\/index.php?rest_route=\/wp\/v2\/media\/1920"}],"wp:attachment":[{"href":"https:\/\/cameraquaytrom.net\/index.php?rest_route=%2Fwp%2Fv2%2Fmedia&parent=445"}],"wp:term":[{"taxonomy":"product_cat","embeddable":true,"href":"https:\/\/cameraquaytrom.net\/index.php?rest_route=%2Fwp%2Fv2%2Fproduct_cat&post=445"},{"taxonomy":"product_tag","embeddable":true,"href":"https:\/\/cameraquaytrom.net\/index.php?rest_route=%2Fwp%2Fv2%2Fproduct_tag&post=445"}],"curies":[{"name":"wp","href":"https:\/\/api.w.org\/{rel}","templated":true}]}}