{"id":446,"date":"2020-03-09T05:36:56","date_gmt":"2020-03-09T05:36:56","guid":{"rendered":"http:\/\/maynghelengiare.com\/?post_type=product&#038;p=446"},"modified":"2021-11-16T15:57:37","modified_gmt":"2021-11-16T15:57:37","slug":"dinh-vi-nghe-len-dw-06-pin-15-ngay","status":"publish","type":"product","link":"https:\/\/cameraquaytrom.net\/?product=dinh-vi-nghe-len-dw-06-pin-15-ngay","title":{"rendered":"\u0110\u1ecbnh V\u1ecb Nghe L\u00e9n DW-06 Pin 15 Ng\u00e0y"},"content":{"rendered":"<h1 style=\"text-align: center;\">\u0110\u1ecbnh V\u1ecb Nghe L\u00e9n DW-06 Pin 15 Ng\u00e0y<\/h1>\n<p><img loading=\"lazy\" decoding=\"async\" class=\"size-medium wp-image-1506 aligncenter\" src=\"https:\/\/cameraquaytrom.net\/wp-content\/uploads\/2021\/07\/z2454635638391_3b01651e8c34c508018355173cf2b3e1-compressed-300x300.jpg\" alt=\"\" width=\"300\" height=\"300\" srcset=\"https:\/\/cameraquaytrom.net\/wp-content\/uploads\/2021\/07\/z2454635638391_3b01651e8c34c508018355173cf2b3e1-compressed-300x300.jpg 300w, https:\/\/cameraquaytrom.net\/wp-content\/uploads\/2021\/07\/z2454635638391_3b01651e8c34c508018355173cf2b3e1-compressed-1024x1024.jpg 1024w, https:\/\/cameraquaytrom.net\/wp-content\/uploads\/2021\/07\/z2454635638391_3b01651e8c34c508018355173cf2b3e1-compressed-150x150.jpg 150w, https:\/\/cameraquaytrom.net\/wp-content\/uploads\/2021\/07\/z2454635638391_3b01651e8c34c508018355173cf2b3e1-compressed-768x768.jpg 768w, https:\/\/cameraquaytrom.net\/wp-content\/uploads\/2021\/07\/z2454635638391_3b01651e8c34c508018355173cf2b3e1-compressed-1536x1536.jpg 1536w, https:\/\/cameraquaytrom.net\/wp-content\/uploads\/2021\/07\/z2454635638391_3b01651e8c34c508018355173cf2b3e1-compressed-2048x2048.jpg 2048w, https:\/\/cameraquaytrom.net\/wp-content\/uploads\/2021\/07\/z2454635638391_3b01651e8c34c508018355173cf2b3e1-compressed-600x600.jpg 600w, https:\/\/cameraquaytrom.net\/wp-content\/uploads\/2021\/07\/z2454635638391_3b01651e8c34c508018355173cf2b3e1-compressed-100x100.jpg 100w\" sizes=\"(max-width: 300px) 100vw, 300px\" \/><\/p>\n<p><img loading=\"lazy\" decoding=\"async\" class=\"size-medium wp-image-1507 aligncenter\" src=\"https:\/\/cameraquaytrom.net\/wp-content\/uploads\/2021\/07\/z2454635685464_a3631a32d5413843f6e02beffe2b2d3a-compressed-300x300.jpg\" alt=\"\" width=\"300\" height=\"300\" srcset=\"https:\/\/cameraquaytrom.net\/wp-content\/uploads\/2021\/07\/z2454635685464_a3631a32d5413843f6e02beffe2b2d3a-compressed-300x300.jpg 300w, https:\/\/cameraquaytrom.net\/wp-content\/uploads\/2021\/07\/z2454635685464_a3631a32d5413843f6e02beffe2b2d3a-compressed-1024x1024.jpg 1024w, https:\/\/cameraquaytrom.net\/wp-content\/uploads\/2021\/07\/z2454635685464_a3631a32d5413843f6e02beffe2b2d3a-compressed-150x150.jpg 150w, https:\/\/cameraquaytrom.net\/wp-content\/uploads\/2021\/07\/z2454635685464_a3631a32d5413843f6e02beffe2b2d3a-compressed-768x768.jpg 768w, https:\/\/cameraquaytrom.net\/wp-content\/uploads\/2021\/07\/z2454635685464_a3631a32d5413843f6e02beffe2b2d3a-compressed-1536x1536.jpg 1536w, https:\/\/cameraquaytrom.net\/wp-content\/uploads\/2021\/07\/z2454635685464_a3631a32d5413843f6e02beffe2b2d3a-compressed-2048x2048.jpg 2048w, https:\/\/cameraquaytrom.net\/wp-content\/uploads\/2021\/07\/z2454635685464_a3631a32d5413843f6e02beffe2b2d3a-compressed-600x600.jpg 600w, https:\/\/cameraquaytrom.net\/wp-content\/uploads\/2021\/07\/z2454635685464_a3631a32d5413843f6e02beffe2b2d3a-compressed-100x100.jpg 100w\" sizes=\"(max-width: 300px) 100vw, 300px\" \/><\/p>\n<p><img loading=\"lazy\" decoding=\"async\" class=\"size-medium wp-image-1508 aligncenter\" src=\"https:\/\/cameraquaytrom.net\/wp-content\/uploads\/2021\/07\/z2454635733358_abba86394a9c7b5a94b61da368098786-compressed-300x300.jpg\" alt=\"\" width=\"300\" height=\"300\" srcset=\"https:\/\/cameraquaytrom.net\/wp-content\/uploads\/2021\/07\/z2454635733358_abba86394a9c7b5a94b61da368098786-compressed-300x300.jpg 300w, https:\/\/cameraquaytrom.net\/wp-content\/uploads\/2021\/07\/z2454635733358_abba86394a9c7b5a94b61da368098786-compressed-1024x1024.jpg 1024w, https:\/\/cameraquaytrom.net\/wp-content\/uploads\/2021\/07\/z2454635733358_abba86394a9c7b5a94b61da368098786-compressed-150x150.jpg 150w, https:\/\/cameraquaytrom.net\/wp-content\/uploads\/2021\/07\/z2454635733358_abba86394a9c7b5a94b61da368098786-compressed-768x768.jpg 768w, https:\/\/cameraquaytrom.net\/wp-content\/uploads\/2021\/07\/z2454635733358_abba86394a9c7b5a94b61da368098786-compressed-1536x1536.jpg 1536w, https:\/\/cameraquaytrom.net\/wp-content\/uploads\/2021\/07\/z2454635733358_abba86394a9c7b5a94b61da368098786-compressed-2048x2048.jpg 2048w, https:\/\/cameraquaytrom.net\/wp-content\/uploads\/2021\/07\/z2454635733358_abba86394a9c7b5a94b61da368098786-compressed-600x600.jpg 600w, https:\/\/cameraquaytrom.net\/wp-content\/uploads\/2021\/07\/z2454635733358_abba86394a9c7b5a94b61da368098786-compressed-100x100.jpg 100w\" sizes=\"(max-width: 300px) 100vw, 300px\" \/><\/p>\n<p><img loading=\"lazy\" decoding=\"async\" class=\"size-medium wp-image-1509 aligncenter\" src=\"https:\/\/cameraquaytrom.net\/wp-content\/uploads\/2021\/07\/z2454635823881_6d2ebdfff1e7bcc8cd4f873d0af60c0f-compressed-300x300.jpg\" alt=\"\" width=\"300\" height=\"300\" srcset=\"https:\/\/cameraquaytrom.net\/wp-content\/uploads\/2021\/07\/z2454635823881_6d2ebdfff1e7bcc8cd4f873d0af60c0f-compressed-300x300.jpg 300w, https:\/\/cameraquaytrom.net\/wp-content\/uploads\/2021\/07\/z2454635823881_6d2ebdfff1e7bcc8cd4f873d0af60c0f-compressed-1024x1024.jpg 1024w, https:\/\/cameraquaytrom.net\/wp-content\/uploads\/2021\/07\/z2454635823881_6d2ebdfff1e7bcc8cd4f873d0af60c0f-compressed-150x150.jpg 150w, https:\/\/cameraquaytrom.net\/wp-content\/uploads\/2021\/07\/z2454635823881_6d2ebdfff1e7bcc8cd4f873d0af60c0f-compressed-768x768.jpg 768w, https:\/\/cameraquaytrom.net\/wp-content\/uploads\/2021\/07\/z2454635823881_6d2ebdfff1e7bcc8cd4f873d0af60c0f-compressed-1536x1536.jpg 1536w, https:\/\/cameraquaytrom.net\/wp-content\/uploads\/2021\/07\/z2454635823881_6d2ebdfff1e7bcc8cd4f873d0af60c0f-compressed-2048x2048.jpg 2048w, https:\/\/cameraquaytrom.net\/wp-content\/uploads\/2021\/07\/z2454635823881_6d2ebdfff1e7bcc8cd4f873d0af60c0f-compressed-600x600.jpg 600w, https:\/\/cameraquaytrom.net\/wp-content\/uploads\/2021\/07\/z2454635823881_6d2ebdfff1e7bcc8cd4f873d0af60c0f-compressed-100x100.jpg 100w\" sizes=\"(max-width: 300px) 100vw, 300px\" \/><\/p>\n<p><img loading=\"lazy\" decoding=\"async\" class=\"size-medium wp-image-1510 aligncenter\" src=\"https:\/\/cameraquaytrom.net\/wp-content\/uploads\/2021\/07\/z2454635847229_6c40b526b003c854a16c1a8a7af8079f-compressed-300x300.jpg\" alt=\"\" width=\"300\" height=\"300\" srcset=\"https:\/\/cameraquaytrom.net\/wp-content\/uploads\/2021\/07\/z2454635847229_6c40b526b003c854a16c1a8a7af8079f-compressed-300x300.jpg 300w, https:\/\/cameraquaytrom.net\/wp-content\/uploads\/2021\/07\/z2454635847229_6c40b526b003c854a16c1a8a7af8079f-compressed-1024x1024.jpg 1024w, https:\/\/cameraquaytrom.net\/wp-content\/uploads\/2021\/07\/z2454635847229_6c40b526b003c854a16c1a8a7af8079f-compressed-150x150.jpg 150w, https:\/\/cameraquaytrom.net\/wp-content\/uploads\/2021\/07\/z2454635847229_6c40b526b003c854a16c1a8a7af8079f-compressed-768x768.jpg 768w, https:\/\/cameraquaytrom.net\/wp-content\/uploads\/2021\/07\/z2454635847229_6c40b526b003c854a16c1a8a7af8079f-compressed-1536x1536.jpg 1536w, https:\/\/cameraquaytrom.net\/wp-content\/uploads\/2021\/07\/z2454635847229_6c40b526b003c854a16c1a8a7af8079f-compressed-2048x2048.jpg 2048w, https:\/\/cameraquaytrom.net\/wp-content\/uploads\/2021\/07\/z2454635847229_6c40b526b003c854a16c1a8a7af8079f-compressed-600x600.jpg 600w, https:\/\/cameraquaytrom.net\/wp-content\/uploads\/2021\/07\/z2454635847229_6c40b526b003c854a16c1a8a7af8079f-compressed-100x100.jpg 100w\" sizes=\"(max-width: 300px) 100vw, 300px\" \/><\/p>\n<p>\u0110\u00e2y l\u00e0 thi\u1ebft b\u1ecb \u0111\u1ecbnh v\u1ecb pin c\u1ef1c kh\u1ee7ng v\u1edbi dung l\u01b0\u1ee3ng s\u1eed d\u1ee5ng li\u00ean t\u1ee5c 15 ng\u00e0y, th\u1eddi gian ch\u1edd l\u00ean \u0111\u1ebfn 30 ng\u00e0y. \u0110\u1eb7c bi\u1ec7t thi\u1ebf b\u1ecb DW-06 \u0111\u01b0\u1ee3c trang b\u1ecb \u0111\u1ea7y \u0111\u1ee7 ch\u1ee9c n\u0103ng nh\u01b0: \u0111\u1ecbnh v\u1ecb tr\u1ef1c tuy\u1ebfn, nghe l\u00e9n, ghi \u00e2m, t\u1ef1 \u0111\u1ed9ng g\u1ecdi l\u1ea1i, xem l\u1ea1i qu\u00e3ng \u0111\u01b0\u1eddng xe di chuy\u1ec3n v\u00e0 c\u00f3 nam ch\u00e2m d\u00ednh.<\/p>\n<p>Nh\u1eefng t\u00ednh n\u0103ng n\u1ed5i b\u1eadt c\u1ee7a thi\u1ebft b\u1ecb Kh\u1ea3 n\u0103ng \u0111\u1ecbnh v\u1ecb ch\u00ednh x\u00e1c<\/p>\n<p>M\u00e1y nghe l\u00e9n si\u00eau nh\u1ecf c\u00f9ng kh\u1ea3 n\u0103ng \u0111\u1ecbnh v\u1ecb GPS DW-06 \u0111\u01b0\u1ee3c trang b\u1ecb Chip GPS 8 nh\u00e2n d\u00f2ng cao c\u1ea5p. M\u00e1y h\u1ed7 tr\u1ee3 b\u00e1o \u0111\u1ecbnh v\u1ecb v\u1ec1 \u0111i\u1ec7n tho\u1ea1i th\u00f4ng qua App \u0111\u01b0\u1ee3c c\u00e0i tr\u00ean \u0111i\u1ec7n tho\u1ea1i, m\u00e1y t\u00ednh b\u1ea3ng. N\u1ed5i b\u1eadt nh\u1ea5t l\u00e0 thi\u1ebft b\u1ecb c\u00f3 th\u1ec3 g\u1eedi v\u1ec1 cho ch\u1ee7 nh\u00e2n ch\u00ednh x\u00e1c t\u1eebng \u0111\u1ecba ch\u1ec9, s\u1ed1 nh\u00e0, ng\u00f5 v\u00e0 h\u1ebbm.<\/p>\n<p>Th\u1eddi l\u01b0\u1ee3ng pin kh\u1ee7ng Thi\u1ebft b\u1ecb nghe l\u00e9n, \u0111\u1ecbnh v\u1ecb si\u00eau nh\u1ecf DW-06 c\u00f3 dung l\u01b0\u1ee3ng pin l\u00e0 15.000mAh. V\u1edbi dung l\u01b0\u1ee3ng n\u00e0y m\u00e1y c\u00f3 th\u1ec3 ho\u1ea1t \u0111\u1ed9ng li\u00ean t\u1ee5c trong 15-17 ng\u00e0y m\u1edbi c\u1ea1n pin. \u0110\u00e2y \u0111\u01b0\u1ee3c xem l\u00e0 m\u1ed9t t\u00ednh n\u0103ng n\u1ed5i tr\u1ed9i, v\u00ec so v\u1edbi nh\u1eefng d\u00f2ng m\u00e1y \u0111\u1ecbnh v\u1ecb mini c\u00f2n l\u1ea1i, th\u00ec d\u01b0\u1eddng nh\u01b0 dung l\u01b0\u1ee3ng pin c\u1ee7a DW-06 l\u1edbn h\u01a1n nhi\u1ec1u l\u1ea7n.<\/p>\n<p>Kh\u00e1ch h\u00e0ng n\u00e0o c\u00f3 nhu c\u1ea7u t\u00ecm thi\u1ebft b\u1ecb \u0111\u1ecbnh v\u1ecb nghe l\u00e9n kh\u00f4ng d\u00e2y pin \u0111\u01b0\u1ee3c l\u00e2u th\u00ec h\u00e3y tham kh\u1ea3o thi\u1ebft b\u1ecb n\u00e0y nh\u00e9. \u0110\u1ea3m b\u1ea3o thi\u1ebft b\u1ecb DW-06 s\u1ebd mang \u0111\u1ebfn c\u00f4ng d\u1ee5ng v\u00e0 ch\u1ea5t l\u01b0\u1ee3ng t\u1ed1t nh\u1ea5t cho kh\u00e1ch h\u00e0ng tr\u1ea3i nghi\u1ec7m<\/p>\n<div class=\"\" data-block=\"true\" data-editor=\"21uv4\" data-offset-key=\"dup18-0-0\">\n<div class=\"_1mf _1mj\" data-offset-key=\"dup18-0-0\"><em><strong>Video h\u01b0\u1edbng d\u1eabn s\u1eed d\u1ee5ng<\/strong><\/em><\/div>\n<div data-offset-key=\"dup18-0-0\">\n<p><iframe loading=\"lazy\" title=\"Review \u0110\u1ecbnh V\u1ecb Nghe L\u00e9n DW06 Pin 15 Ng\u00e0y || Thi\u1ebft b\u1ecb \u0111\u1ecbnh v\u1ecb nghe l\u00e9n pin kh\u1ee7ng \u0111\u1ed9 ch\u00ednh x\u00e1c c\u1ef1c cao\" width=\"1020\" height=\"574\" src=\"https:\/\/www.youtube.com\/embed\/ig6lJzM_YWM?start=6&#038;feature=oembed\" frameborder=\"0\" allow=\"accelerometer; autoplay; clipboard-write; encrypted-media; gyroscope; picture-in-picture\" allowfullscreen><\/iframe><\/p>\n<div class=\"o9v6fnle cxmmr5t8 oygrvhab hcukyx3x c1et5uql ii04i59q\">\n<h3 dir=\"auto\">Li\u00ean h\u1ec7 mua h\u00e0ng<\/h3>\n<h3 dir=\"auto\"><span class=\"pq6dq46d tbxw36s4 knj5qynh kvgmc6g5 ditlmg2l oygrvhab nvdbi5me sf5mxxl7 gl3lb2sf hhz5lgdu\"><img loading=\"lazy\" decoding=\"async\" src=\"https:\/\/static.xx.fbcdn.net\/images\/emoji.php\/v9\/t22\/1\/16\/260e.png\" alt=\"\u260e\ufe0f\" width=\"16\" height=\"16\" \/><\/span> A H\u1ea3i: 094.226.2345 (zalo) &#8211; T\u01b0 V\u1ea5n 24\/24<\/h3>\n<\/div>\n<div class=\"o9v6fnle cxmmr5t8 oygrvhab hcukyx3x c1et5uql ii04i59q\">\n<h3 dir=\"auto\"><span class=\"pq6dq46d tbxw36s4 knj5qynh kvgmc6g5 ditlmg2l oygrvhab nvdbi5me sf5mxxl7 gl3lb2sf hhz5lgdu\"><img loading=\"lazy\" decoding=\"async\" src=\"https:\/\/static.xx.fbcdn.net\/images\/emoji.php\/v9\/ta7\/1\/16\/1f3ea.png\" alt=\"\ud83c\udfea\" width=\"16\" height=\"16\" \/><\/span> H\u00e0 N\u1ed9i: s\u1ed1 42 Th\u1ecbnh Li\u1ec7t &#8211; Ho\u00e0ng Mai &#8211; H\u00e0 N\u1ed9i<\/h3>\n<h3 dir=\"auto\"><span class=\"pq6dq46d tbxw36s4 knj5qynh kvgmc6g5 ditlmg2l oygrvhab nvdbi5me sf5mxxl7 gl3lb2sf hhz5lgdu\"><img loading=\"lazy\" decoding=\"async\" src=\"https:\/\/static.xx.fbcdn.net\/images\/emoji.php\/v9\/ta7\/1\/16\/1f3ea.png\" alt=\"\ud83c\udfea\" width=\"16\" height=\"16\" \/><\/span> S\u00e0i G\u00f2n: 558\/66 B\u00ecnh Qu\u1edbi &#8211; Ph\u01b0\u1eddng 28 &#8211; B\u00ecnh Th\u1ea1nh<\/h3>\n<\/div>\n<\/div>\n<\/div>\n","protected":false},"excerpt":{"rendered":"<p>\u0110\u00e2y l\u00e0 thi\u1ebft b\u1ecb \u0111\u1ecbnh v\u1ecb pin c\u1ef1c kh\u1ee7ng v\u1edbi dung l\u01b0\u1ee3ng s\u1eed d\u1ee5ng li\u00ean t\u1ee5c 15 ng\u00e0y, th\u1eddi gian ch\u1edd l\u00ean \u0111\u1ebfn 30 ng\u00e0y<\/p>\n<p>&nbsp;<\/p>\n","protected":false},"featured_media":1506,"comment_status":"open","ping_status":"closed","template":"","meta":[],"product_cat":[33,28,29],"product_tag":[46,44,36,38,35,37],"class_list":{"0":"post-446","1":"product","2":"type-product","3":"status-publish","4":"has-post-thumbnail","6":"product_cat-may-nghe-len","7":"product_cat-thiet-bi-dinh-vi","8":"product_cat-thiet-bi-nghe-len","9":"product_tag-dinh-vi-dw-06","10":"product_tag-dinh-vi-mini","11":"product_tag-dinh-vi-nghe-len","12":"product_tag-dinh-vi-nghe-len-khong-day","13":"product_tag-dinh-vi-sieu-nho","14":"product_tag-may-nghe-len","16":"first","17":"instock","18":"sale","19":"shipping-taxable","20":"purchasable","21":"product-type-simple"},"_links":{"self":[{"href":"https:\/\/cameraquaytrom.net\/index.php?rest_route=\/wp\/v2\/product\/446"}],"collection":[{"href":"https:\/\/cameraquaytrom.net\/index.php?rest_route=\/wp\/v2\/product"}],"about":[{"href":"https:\/\/cameraquaytrom.net\/index.php?rest_route=\/wp\/v2\/types\/product"}],"replies":[{"embeddable":true,"href":"https:\/\/cameraquaytrom.net\/index.php?rest_route=%2Fwp%2Fv2%2Fcomments&post=446"}],"wp:featuredmedia":[{"embeddable":true,"href":"https:\/\/cameraquaytrom.net\/index.php?rest_route=\/wp\/v2\/media\/1506"}],"wp:attachment":[{"href":"https:\/\/cameraquaytrom.net\/index.php?rest_route=%2Fwp%2Fv2%2Fmedia&parent=446"}],"wp:term":[{"taxonomy":"product_cat","embeddable":true,"href":"https:\/\/cameraquaytrom.net\/index.php?rest_route=%2Fwp%2Fv2%2Fproduct_cat&post=446"},{"taxonomy":"product_tag","embeddable":true,"href":"https:\/\/cameraquaytrom.net\/index.php?rest_route=%2Fwp%2Fv2%2Fproduct_tag&post=446"}],"curies":[{"name":"wp","href":"https:\/\/api.w.org\/{rel}","templated":true}]}}