{"id":540,"date":"2020-03-10T02:19:33","date_gmt":"2020-03-10T02:19:33","guid":{"rendered":"http:\/\/maynghelengiare.com\/?post_type=product&#038;p=540"},"modified":"2021-07-30T08:50:17","modified_gmt":"2021-07-30T08:50:17","slug":"camera-cai-ao-t189","status":"publish","type":"product","link":"https:\/\/cameraquaytrom.net\/?product=camera-cai-ao-t189","title":{"rendered":"Camera C\u00e0i \u00c1o T189"},"content":{"rendered":"<h1 style=\"text-align: center;\">Camera C\u00e0i \u00c1o T189<\/h1>\n<p><img loading=\"lazy\" decoding=\"async\" class=\"size-medium wp-image-1897 aligncenter\" src=\"https:\/\/cameraquaytrom.net\/wp-content\/uploads\/2020\/03\/z2459218639194_8f38a2aba6ce1274eb64f09442e9b1e4-compressed-225x300.jpg\" alt=\"\" width=\"225\" height=\"300\" srcset=\"https:\/\/cameraquaytrom.net\/wp-content\/uploads\/2020\/03\/z2459218639194_8f38a2aba6ce1274eb64f09442e9b1e4-compressed-225x300.jpg 225w, https:\/\/cameraquaytrom.net\/wp-content\/uploads\/2020\/03\/z2459218639194_8f38a2aba6ce1274eb64f09442e9b1e4-compressed-768x1024.jpg 768w, https:\/\/cameraquaytrom.net\/wp-content\/uploads\/2020\/03\/z2459218639194_8f38a2aba6ce1274eb64f09442e9b1e4-compressed-1152x1536.jpg 1152w, https:\/\/cameraquaytrom.net\/wp-content\/uploads\/2020\/03\/z2459218639194_8f38a2aba6ce1274eb64f09442e9b1e4-compressed-1536x2048.jpg 1536w, https:\/\/cameraquaytrom.net\/wp-content\/uploads\/2020\/03\/z2459218639194_8f38a2aba6ce1274eb64f09442e9b1e4-compressed-600x800.jpg 600w, https:\/\/cameraquaytrom.net\/wp-content\/uploads\/2020\/03\/z2459218639194_8f38a2aba6ce1274eb64f09442e9b1e4-compressed.jpg 1920w\" sizes=\"(max-width: 225px) 100vw, 225px\" \/><\/p>\n<p><img loading=\"lazy\" decoding=\"async\" class=\"size-medium wp-image-1898 aligncenter\" src=\"https:\/\/cameraquaytrom.net\/wp-content\/uploads\/2020\/03\/z2459218659749_f282bee01b01281f2f99b22106f3f715-compressed-225x300.jpg\" alt=\"\" width=\"225\" height=\"300\" srcset=\"https:\/\/cameraquaytrom.net\/wp-content\/uploads\/2020\/03\/z2459218659749_f282bee01b01281f2f99b22106f3f715-compressed-225x300.jpg 225w, https:\/\/cameraquaytrom.net\/wp-content\/uploads\/2020\/03\/z2459218659749_f282bee01b01281f2f99b22106f3f715-compressed-768x1024.jpg 768w, https:\/\/cameraquaytrom.net\/wp-content\/uploads\/2020\/03\/z2459218659749_f282bee01b01281f2f99b22106f3f715-compressed-1152x1536.jpg 1152w, https:\/\/cameraquaytrom.net\/wp-content\/uploads\/2020\/03\/z2459218659749_f282bee01b01281f2f99b22106f3f715-compressed-1536x2048.jpg 1536w, https:\/\/cameraquaytrom.net\/wp-content\/uploads\/2020\/03\/z2459218659749_f282bee01b01281f2f99b22106f3f715-compressed-600x800.jpg 600w, https:\/\/cameraquaytrom.net\/wp-content\/uploads\/2020\/03\/z2459218659749_f282bee01b01281f2f99b22106f3f715-compressed.jpg 1920w\" sizes=\"(max-width: 225px) 100vw, 225px\" \/><\/p>\n<p><img loading=\"lazy\" decoding=\"async\" class=\"size-medium wp-image-1899 aligncenter\" src=\"https:\/\/cameraquaytrom.net\/wp-content\/uploads\/2020\/03\/z2459218677122_f3f1b431cdecad5f027540e2c0446830-compressed-225x300.jpg\" alt=\"\" width=\"225\" height=\"300\" srcset=\"https:\/\/cameraquaytrom.net\/wp-content\/uploads\/2020\/03\/z2459218677122_f3f1b431cdecad5f027540e2c0446830-compressed-225x300.jpg 225w, https:\/\/cameraquaytrom.net\/wp-content\/uploads\/2020\/03\/z2459218677122_f3f1b431cdecad5f027540e2c0446830-compressed-768x1024.jpg 768w, https:\/\/cameraquaytrom.net\/wp-content\/uploads\/2020\/03\/z2459218677122_f3f1b431cdecad5f027540e2c0446830-compressed-1152x1536.jpg 1152w, https:\/\/cameraquaytrom.net\/wp-content\/uploads\/2020\/03\/z2459218677122_f3f1b431cdecad5f027540e2c0446830-compressed-1536x2048.jpg 1536w, https:\/\/cameraquaytrom.net\/wp-content\/uploads\/2020\/03\/z2459218677122_f3f1b431cdecad5f027540e2c0446830-compressed-600x800.jpg 600w, https:\/\/cameraquaytrom.net\/wp-content\/uploads\/2020\/03\/z2459218677122_f3f1b431cdecad5f027540e2c0446830-compressed.jpg 1920w\" sizes=\"(max-width: 225px) 100vw, 225px\" \/><\/p>\n<p><img loading=\"lazy\" decoding=\"async\" class=\"size-medium wp-image-1900 aligncenter\" src=\"https:\/\/cameraquaytrom.net\/wp-content\/uploads\/2020\/03\/z2459218731588_feaf584d5133d4ac6e15e1abc8b05721-compressed-225x300.jpg\" alt=\"\" width=\"225\" height=\"300\" srcset=\"https:\/\/cameraquaytrom.net\/wp-content\/uploads\/2020\/03\/z2459218731588_feaf584d5133d4ac6e15e1abc8b05721-compressed-225x300.jpg 225w, https:\/\/cameraquaytrom.net\/wp-content\/uploads\/2020\/03\/z2459218731588_feaf584d5133d4ac6e15e1abc8b05721-compressed-768x1024.jpg 768w, https:\/\/cameraquaytrom.net\/wp-content\/uploads\/2020\/03\/z2459218731588_feaf584d5133d4ac6e15e1abc8b05721-compressed-1152x1536.jpg 1152w, https:\/\/cameraquaytrom.net\/wp-content\/uploads\/2020\/03\/z2459218731588_feaf584d5133d4ac6e15e1abc8b05721-compressed-1536x2048.jpg 1536w, https:\/\/cameraquaytrom.net\/wp-content\/uploads\/2020\/03\/z2459218731588_feaf584d5133d4ac6e15e1abc8b05721-compressed-600x800.jpg 600w, https:\/\/cameraquaytrom.net\/wp-content\/uploads\/2020\/03\/z2459218731588_feaf584d5133d4ac6e15e1abc8b05721-compressed.jpg 1920w\" sizes=\"(max-width: 225px) 100vw, 225px\" \/><\/p>\n<p style=\"text-align: left;\">Camera c\u00e0i \u00e1o T189 l\u00e0 camera si\u00eau nh\u1ecf trong ph\u00e2n kh\u00fac gi\u00e1 r\u1ebb, b\u1ea1n c\u00f3 th\u1ec3 d\u1ec5 d\u00e0ng s\u1edf h\u1eefu 1 chi\u1ebfc camera si\u00eau nh\u1ecf gi\u1ea5u k\u00edn ch\u1ec9 v\u1edbi v\u00e0i tr\u0103m ng\u00e0n.<\/p>\n<p style=\"text-align: left;\">Camera \u0111\u01b0\u1ee3c thi\u1ebft k\u1ebf h\u00ecnh tr\u1ee5 d\u00e0i, m\u1eaft cam \u0111\u01b0\u1ee3c thi\u1ebft k\u1ebf tr\u00ean ph\u1ea7n \u0111\u1ea7u v\u00e0 c\u00f3 n\u00fat c\u00e0i v\u00e0o \u00e1o \u1edf ph\u00eda sau. K\u00edch th\u01b0\u1edbc c\u1ee7a camera T189 t\u01b0\u01a1ng \u0111\u1ed1i nh\u1ecf g\u1ecdn gi\u00fap b\u1ea1n d\u1ec5 d\u00e0ng mang \u0111i b\u1ea5t c\u1ee9 \u0111\u00e2u m\u00ecnh mu\u1ed1n.<\/p>\n<p style=\"text-align: left;\">Tuy k\u00edch th\u01b0\u1edbc camera nh\u1ecf nh\u01b0ng \u0111\u1ed9 ph\u00e2n gi\u1ea3i c\u1ee7a n\u00f3 v\u1eabn cho HD 1080P, ngo\u00e0i ra th\u00ec camera c\u00f2n h\u1ed7 tr\u1ee3 thu ti\u1ebfng lu\u00f4n trong l\u00fac quay.<\/p>\n<div class=\"\" data-block=\"true\" data-editor=\"bfjne\" data-offset-key=\"b64bq-0-0\">\n<h3 class=\"_1mf _1mj\" data-offset-key=\"b64bq-0-0\"><b>Li\u00ean h\u1ec7 mua h\u00e0ng<\/b><\/h3>\n<div data-offset-key=\"b64bq-0-0\">\n<div dir=\"auto\"><span class=\"pq6dq46d tbxw36s4 knj5qynh kvgmc6g5 ditlmg2l oygrvhab nvdbi5me sf5mxxl7 gl3lb2sf hhz5lgdu\"><img loading=\"lazy\" decoding=\"async\" src=\"https:\/\/static.xx.fbcdn.net\/images\/emoji.php\/v9\/t22\/1\/16\/260e.png\" alt=\"\u260e\ufe0f\" width=\"16\" height=\"16\" \/><\/span> A H\u1ea3i: 094.226.2345 (zalo) &#8211; T\u01b0 V\u1ea5n 24\/24<\/div>\n<div class=\"o9v6fnle cxmmr5t8 oygrvhab hcukyx3x c1et5uql ii04i59q\">\n<h3 dir=\"auto\"><span class=\"pq6dq46d tbxw36s4 knj5qynh kvgmc6g5 ditlmg2l oygrvhab nvdbi5me sf5mxxl7 gl3lb2sf hhz5lgdu\"><img loading=\"lazy\" decoding=\"async\" src=\"https:\/\/static.xx.fbcdn.net\/images\/emoji.php\/v9\/ta7\/1\/16\/1f3ea.png\" alt=\"\ud83c\udfea\" width=\"16\" height=\"16\" \/><\/span> H\u00e0 N\u1ed9i: s\u1ed1 42 Th\u1ecbnh Li\u1ec7t &#8211; Ho\u00e0ng Mai &#8211; H\u00e0 N\u1ed9i<\/h3>\n<h3 dir=\"auto\"><span class=\"pq6dq46d tbxw36s4 knj5qynh kvgmc6g5 ditlmg2l oygrvhab nvdbi5me sf5mxxl7 gl3lb2sf hhz5lgdu\"><img loading=\"lazy\" decoding=\"async\" src=\"https:\/\/static.xx.fbcdn.net\/images\/emoji.php\/v9\/ta7\/1\/16\/1f3ea.png\" alt=\"\ud83c\udfea\" width=\"16\" height=\"16\" \/><\/span> S\u00e0i G\u00f2n: 558\/66 B\u00ecnh Qu\u1edbi &#8211; Ph\u01b0\u1eddng 28 &#8211; B\u00ecnh Th\u1ea1nh<\/h3>\n<\/div>\n<\/div>\n<\/div>\n","protected":false},"excerpt":{"rendered":"<p>Camera c\u00e0i \u00e1o T189 l\u00e0 camera si\u00eau nh\u1ecf trong ph\u00e2n kh\u00fac gi\u00e1 r\u1ebb, b\u1ea1n c\u00f3 th\u1ec3 d\u1ec5 d\u00e0ng s\u1edf h\u1eefu 1 chi\u1ebfc camera si\u00eau nh\u1ecf gi\u1ea5u k\u00edn ch\u1ec9 v\u1edbi v\u00e0i tr\u0103m ng\u00e0n.<\/p>\n<p>&nbsp;<\/p>\n","protected":false},"featured_media":1897,"comment_status":"open","ping_status":"closed","template":"","meta":[],"product_cat":[30,56],"product_tag":[59,62,57,60,61,58],"class_list":{"0":"post-540","1":"product","2":"type-product","3":"status-publish","4":"has-post-thumbnail","6":"product_cat-thiet-bi-quay-len","7":"product_cat-thiet-bi-quay-len-offline","8":"product_tag-camera-giau-kin","9":"product_tag-camera-mini","10":"product_tag-camera-nguy-trang","11":"product_tag-camera-quay-len","12":"product_tag-camera-quay-trom","13":"product_tag-camera-sieu-nho","15":"first","16":"instock","17":"sale","18":"shipping-taxable","19":"purchasable","20":"product-type-simple"},"_links":{"self":[{"href":"https:\/\/cameraquaytrom.net\/index.php?rest_route=\/wp\/v2\/product\/540"}],"collection":[{"href":"https:\/\/cameraquaytrom.net\/index.php?rest_route=\/wp\/v2\/product"}],"about":[{"href":"https:\/\/cameraquaytrom.net\/index.php?rest_route=\/wp\/v2\/types\/product"}],"replies":[{"embeddable":true,"href":"https:\/\/cameraquaytrom.net\/index.php?rest_route=%2Fwp%2Fv2%2Fcomments&post=540"}],"wp:featuredmedia":[{"embeddable":true,"href":"https:\/\/cameraquaytrom.net\/index.php?rest_route=\/wp\/v2\/media\/1897"}],"wp:attachment":[{"href":"https:\/\/cameraquaytrom.net\/index.php?rest_route=%2Fwp%2Fv2%2Fmedia&parent=540"}],"wp:term":[{"taxonomy":"product_cat","embeddable":true,"href":"https:\/\/cameraquaytrom.net\/index.php?rest_route=%2Fwp%2Fv2%2Fproduct_cat&post=540"},{"taxonomy":"product_tag","embeddable":true,"href":"https:\/\/cameraquaytrom.net\/index.php?rest_route=%2Fwp%2Fv2%2Fproduct_tag&post=540"}],"curies":[{"name":"wp","href":"https:\/\/api.w.org\/{rel}","templated":true}]}}