{"id":541,"date":"2020-03-10T02:28:03","date_gmt":"2020-03-10T02:28:03","guid":{"rendered":"http:\/\/maynghelengiare.com\/?post_type=product&#038;p=541"},"modified":"2021-07-30T08:41:55","modified_gmt":"2021-07-30T08:41:55","slug":"camera-nguy-trang-cuc-sac-ipad","status":"publish","type":"product","link":"https:\/\/cameraquaytrom.net\/?product=camera-nguy-trang-cuc-sac-ipad","title":{"rendered":"Camera Ngu\u1ef5 Trang C\u1ee5c S\u1ea1c ipad"},"content":{"rendered":"<h1 style=\"text-align: center;\">Camera Ngu\u1ef5 Trang C\u1ee5c S\u1ea1c ipad<\/h1>\n<p><img loading=\"lazy\" decoding=\"async\" class=\"size-medium wp-image-1587 aligncenter\" src=\"https:\/\/cameraquaytrom.net\/wp-content\/uploads\/2021\/07\/z2456490879456_c71b9dede2810008ee6ede829f98f7fa-compressed-300x300.jpg\" alt=\"\" width=\"300\" height=\"300\" srcset=\"https:\/\/cameraquaytrom.net\/wp-content\/uploads\/2021\/07\/z2456490879456_c71b9dede2810008ee6ede829f98f7fa-compressed-300x300.jpg 300w, https:\/\/cameraquaytrom.net\/wp-content\/uploads\/2021\/07\/z2456490879456_c71b9dede2810008ee6ede829f98f7fa-compressed-1024x1024.jpg 1024w, https:\/\/cameraquaytrom.net\/wp-content\/uploads\/2021\/07\/z2456490879456_c71b9dede2810008ee6ede829f98f7fa-compressed-150x150.jpg 150w, https:\/\/cameraquaytrom.net\/wp-content\/uploads\/2021\/07\/z2456490879456_c71b9dede2810008ee6ede829f98f7fa-compressed-768x768.jpg 768w, https:\/\/cameraquaytrom.net\/wp-content\/uploads\/2021\/07\/z2456490879456_c71b9dede2810008ee6ede829f98f7fa-compressed-1536x1536.jpg 1536w, https:\/\/cameraquaytrom.net\/wp-content\/uploads\/2021\/07\/z2456490879456_c71b9dede2810008ee6ede829f98f7fa-compressed-2048x2048.jpg 2048w, https:\/\/cameraquaytrom.net\/wp-content\/uploads\/2021\/07\/z2456490879456_c71b9dede2810008ee6ede829f98f7fa-compressed-600x600.jpg 600w, https:\/\/cameraquaytrom.net\/wp-content\/uploads\/2021\/07\/z2456490879456_c71b9dede2810008ee6ede829f98f7fa-compressed-100x100.jpg 100w\" sizes=\"(max-width: 300px) 100vw, 300px\" \/><\/p>\n<p><img loading=\"lazy\" decoding=\"async\" class=\"size-medium wp-image-1586 aligncenter\" src=\"https:\/\/cameraquaytrom.net\/wp-content\/uploads\/2021\/07\/z2456490761209_43f4d9e1a09e3272e5f91107881c8ddf-compressed-300x300.jpg\" alt=\"\" width=\"300\" height=\"300\" srcset=\"https:\/\/cameraquaytrom.net\/wp-content\/uploads\/2021\/07\/z2456490761209_43f4d9e1a09e3272e5f91107881c8ddf-compressed-300x300.jpg 300w, https:\/\/cameraquaytrom.net\/wp-content\/uploads\/2021\/07\/z2456490761209_43f4d9e1a09e3272e5f91107881c8ddf-compressed-1024x1024.jpg 1024w, https:\/\/cameraquaytrom.net\/wp-content\/uploads\/2021\/07\/z2456490761209_43f4d9e1a09e3272e5f91107881c8ddf-compressed-150x150.jpg 150w, https:\/\/cameraquaytrom.net\/wp-content\/uploads\/2021\/07\/z2456490761209_43f4d9e1a09e3272e5f91107881c8ddf-compressed-768x768.jpg 768w, https:\/\/cameraquaytrom.net\/wp-content\/uploads\/2021\/07\/z2456490761209_43f4d9e1a09e3272e5f91107881c8ddf-compressed-1536x1536.jpg 1536w, https:\/\/cameraquaytrom.net\/wp-content\/uploads\/2021\/07\/z2456490761209_43f4d9e1a09e3272e5f91107881c8ddf-compressed-2048x2048.jpg 2048w, https:\/\/cameraquaytrom.net\/wp-content\/uploads\/2021\/07\/z2456490761209_43f4d9e1a09e3272e5f91107881c8ddf-compressed-600x600.jpg 600w, https:\/\/cameraquaytrom.net\/wp-content\/uploads\/2021\/07\/z2456490761209_43f4d9e1a09e3272e5f91107881c8ddf-compressed-100x100.jpg 100w\" sizes=\"(max-width: 300px) 100vw, 300px\" \/><\/p>\n<p><img loading=\"lazy\" decoding=\"async\" class=\"size-medium wp-image-1585 aligncenter\" src=\"https:\/\/cameraquaytrom.net\/wp-content\/uploads\/2021\/07\/z2456490629680_28e713c6816cdafc131282e3c20ac0e1-compressed-300x300.jpg\" alt=\"\" width=\"300\" height=\"300\" srcset=\"https:\/\/cameraquaytrom.net\/wp-content\/uploads\/2021\/07\/z2456490629680_28e713c6816cdafc131282e3c20ac0e1-compressed-300x300.jpg 300w, https:\/\/cameraquaytrom.net\/wp-content\/uploads\/2021\/07\/z2456490629680_28e713c6816cdafc131282e3c20ac0e1-compressed-1024x1024.jpg 1024w, https:\/\/cameraquaytrom.net\/wp-content\/uploads\/2021\/07\/z2456490629680_28e713c6816cdafc131282e3c20ac0e1-compressed-150x150.jpg 150w, https:\/\/cameraquaytrom.net\/wp-content\/uploads\/2021\/07\/z2456490629680_28e713c6816cdafc131282e3c20ac0e1-compressed-768x768.jpg 768w, https:\/\/cameraquaytrom.net\/wp-content\/uploads\/2021\/07\/z2456490629680_28e713c6816cdafc131282e3c20ac0e1-compressed-1536x1536.jpg 1536w, https:\/\/cameraquaytrom.net\/wp-content\/uploads\/2021\/07\/z2456490629680_28e713c6816cdafc131282e3c20ac0e1-compressed-2048x2048.jpg 2048w, https:\/\/cameraquaytrom.net\/wp-content\/uploads\/2021\/07\/z2456490629680_28e713c6816cdafc131282e3c20ac0e1-compressed-600x600.jpg 600w, https:\/\/cameraquaytrom.net\/wp-content\/uploads\/2021\/07\/z2456490629680_28e713c6816cdafc131282e3c20ac0e1-compressed-100x100.jpg 100w\" sizes=\"(max-width: 300px) 100vw, 300px\" \/><\/p>\n<p>B\u1ea1n \u0111ang t\u00ecm ki\u1ebfm 1 chi\u1ebfc camera ngu\u1ef5 trang k\u00edn \u0111\u00e1o \u0111\u1ec3 cho \u0111\u1ed1i t\u01b0\u1ee3ng m\u00e0 m\u00ecnh mu\u1ed1n theo d\u00f5i lu\u00f4n mang theo ng\u01b0\u1eddi 24\/24 th\u00ec \u0111\u00e2y ch\u1eafc ch\u1eafn l\u00e0 s\u1ef1 l\u1ef1a ch\u1ecdn ho\u00e0n h\u1ea3o nh\u1ea5t lu\u00f4n nh\u00e9.<\/p>\n<p><img loading=\"lazy\" decoding=\"async\" class=\"size-medium wp-image-1584 aligncenter\" src=\"https:\/\/cameraquaytrom.net\/wp-content\/uploads\/2021\/07\/z2456490577325_c53348377d611ad3bdffd64de85b2d7f-compressed-300x300.jpg\" alt=\"\" width=\"300\" height=\"300\" srcset=\"https:\/\/cameraquaytrom.net\/wp-content\/uploads\/2021\/07\/z2456490577325_c53348377d611ad3bdffd64de85b2d7f-compressed-300x300.jpg 300w, https:\/\/cameraquaytrom.net\/wp-content\/uploads\/2021\/07\/z2456490577325_c53348377d611ad3bdffd64de85b2d7f-compressed-1024x1024.jpg 1024w, https:\/\/cameraquaytrom.net\/wp-content\/uploads\/2021\/07\/z2456490577325_c53348377d611ad3bdffd64de85b2d7f-compressed-150x150.jpg 150w, https:\/\/cameraquaytrom.net\/wp-content\/uploads\/2021\/07\/z2456490577325_c53348377d611ad3bdffd64de85b2d7f-compressed-768x768.jpg 768w, https:\/\/cameraquaytrom.net\/wp-content\/uploads\/2021\/07\/z2456490577325_c53348377d611ad3bdffd64de85b2d7f-compressed-1536x1536.jpg 1536w, https:\/\/cameraquaytrom.net\/wp-content\/uploads\/2021\/07\/z2456490577325_c53348377d611ad3bdffd64de85b2d7f-compressed-2048x2048.jpg 2048w, https:\/\/cameraquaytrom.net\/wp-content\/uploads\/2021\/07\/z2456490577325_c53348377d611ad3bdffd64de85b2d7f-compressed-600x600.jpg 600w, https:\/\/cameraquaytrom.net\/wp-content\/uploads\/2021\/07\/z2456490577325_c53348377d611ad3bdffd64de85b2d7f-compressed-100x100.jpg 100w\" sizes=\"(max-width: 300px) 100vw, 300px\" \/><\/p>\n<p>Thi\u1ebft k\u1ebf tinh vi v\u1edbi m\u1eaft camera si\u00eau nh\u1ecf g\u1eafn b\u00ean trong c\u1ee5c s\u1ea1c. B\u00ean c\u1ea1nh \u0111\u00f3 th\u00ec c\u1ee5c s\u1ea1c v\u1eabn s\u1eed d\u1ee5ng\u00a0 \u0111\u01b0\u1ee3c 2 c\u1ed5ng s\u1ea1c \u0111i\u1ec7n tho\u1ea1i nh\u01b0 b\u00ecnh th\u01b0\u1eddng. \u0110\u1ea3m b\u1ea3o ng\u01b0\u1eddi d\u00f9ng kh\u00f4ng th\u1ec3 ph\u00e1t hi\u1ec7n ra b\u00ean trong c\u00f3 g\u1eafn ch\u00edp camera.<\/p>\n<p><img loading=\"lazy\" decoding=\"async\" class=\"size-medium wp-image-1583 aligncenter\" src=\"https:\/\/cameraquaytrom.net\/wp-content\/uploads\/2021\/07\/z2456490310368_94e7139229c3a6d732246e48851eb85f-compressed-300x300.jpg\" alt=\"\" width=\"300\" height=\"300\" srcset=\"https:\/\/cameraquaytrom.net\/wp-content\/uploads\/2021\/07\/z2456490310368_94e7139229c3a6d732246e48851eb85f-compressed-300x300.jpg 300w, https:\/\/cameraquaytrom.net\/wp-content\/uploads\/2021\/07\/z2456490310368_94e7139229c3a6d732246e48851eb85f-compressed-1024x1024.jpg 1024w, https:\/\/cameraquaytrom.net\/wp-content\/uploads\/2021\/07\/z2456490310368_94e7139229c3a6d732246e48851eb85f-compressed-150x150.jpg 150w, https:\/\/cameraquaytrom.net\/wp-content\/uploads\/2021\/07\/z2456490310368_94e7139229c3a6d732246e48851eb85f-compressed-768x768.jpg 768w, https:\/\/cameraquaytrom.net\/wp-content\/uploads\/2021\/07\/z2456490310368_94e7139229c3a6d732246e48851eb85f-compressed-1536x1536.jpg 1536w, https:\/\/cameraquaytrom.net\/wp-content\/uploads\/2021\/07\/z2456490310368_94e7139229c3a6d732246e48851eb85f-compressed-2048x2048.jpg 2048w, https:\/\/cameraquaytrom.net\/wp-content\/uploads\/2021\/07\/z2456490310368_94e7139229c3a6d732246e48851eb85f-compressed-600x600.jpg 600w, https:\/\/cameraquaytrom.net\/wp-content\/uploads\/2021\/07\/z2456490310368_94e7139229c3a6d732246e48851eb85f-compressed-100x100.jpg 100w\" sizes=\"(max-width: 300px) 100vw, 300px\" \/><\/p>\n<p>V\u1edbi \u0111\u1ed9 ph\u00e2n gi\u1ea3i Full HD c\u1ee5c s\u1ea1c camera cho ra h\u00ecnh \u1ea3nh c\u1ef1c k\u1ef3 s\u1eafc n\u00e9t k\u00e8m \u00e2m thanh r\u00f5 r\u00e0ng cho ng\u01b0\u1eddi d\u00f9ng tr\u1ea3i nghi\u1ec7m th\u1ef1c t\u1ebf nh\u1ea5t, ghi l\u1ea1i nh\u1eefng h\u00ecnh \u1ea3nh ch\u00e2n th\u1ef1c nh\u1ea5t khi s\u1eed d\u1ee5ng thi\u1ebft b\u1ecb.<\/p>\n<h3><span style=\"text-decoration: underline;\"><em>Video h\u01b0\u1edbng d\u1eabn s\u1eed d\u1ee5ng<\/em><\/span><\/h3>\n<p><iframe loading=\"lazy\" title=\"Camera Quay L\u00e9n Ngu\u1ef5 Trang C\u1ed1c S\u1ea1c Quay \u0110\u00eam M\u1eabu M\u1edbi Nh\u1ea5t 2021\" width=\"1020\" height=\"574\" src=\"https:\/\/www.youtube.com\/embed\/4SSRKeMRdFQ?start=159&#038;feature=oembed\" frameborder=\"0\" allow=\"accelerometer; autoplay; clipboard-write; encrypted-media; gyroscope; picture-in-picture\" allowfullscreen><\/iframe><\/p>\n<h3>Li\u00ean h\u1ec7 mua h\u00e0ng:<\/h3>\n<div dir=\"auto\"><span class=\"pq6dq46d tbxw36s4 knj5qynh kvgmc6g5 ditlmg2l oygrvhab nvdbi5me sf5mxxl7 gl3lb2sf hhz5lgdu\"><img loading=\"lazy\" decoding=\"async\" src=\"https:\/\/static.xx.fbcdn.net\/images\/emoji.php\/v9\/t22\/1\/16\/260e.png\" alt=\"\u260e\ufe0f\" width=\"16\" height=\"16\" \/><\/span> A H\u1ea3i: 094.226.2345 (zalo) &#8211; T\u01b0 V\u1ea5n 24\/24<\/div>\n<div class=\"o9v6fnle cxmmr5t8 oygrvhab hcukyx3x c1et5uql ii04i59q\">\n<h3 dir=\"auto\"><span class=\"pq6dq46d tbxw36s4 knj5qynh kvgmc6g5 ditlmg2l oygrvhab nvdbi5me sf5mxxl7 gl3lb2sf hhz5lgdu\"><img loading=\"lazy\" decoding=\"async\" src=\"https:\/\/static.xx.fbcdn.net\/images\/emoji.php\/v9\/ta7\/1\/16\/1f3ea.png\" alt=\"\ud83c\udfea\" width=\"16\" height=\"16\" \/><\/span> H\u00e0 N\u1ed9i: s\u1ed1 42 Th\u1ecbnh Li\u1ec7t &#8211; Ho\u00e0ng Mai &#8211; H\u00e0 N\u1ed9i<\/h3>\n<h3 dir=\"auto\"><span class=\"pq6dq46d tbxw36s4 knj5qynh kvgmc6g5 ditlmg2l oygrvhab nvdbi5me sf5mxxl7 gl3lb2sf hhz5lgdu\"><img loading=\"lazy\" decoding=\"async\" src=\"https:\/\/static.xx.fbcdn.net\/images\/emoji.php\/v9\/ta7\/1\/16\/1f3ea.png\" alt=\"\ud83c\udfea\" width=\"16\" height=\"16\" \/><\/span> S\u00e0i G\u00f2n: 558\/66 B\u00ecnh Qu\u1edbi &#8211; Ph\u01b0\u1eddng 28 &#8211; B\u00ecnh Th\u1ea1nh<\/h3>\n<\/div>\n","protected":false},"excerpt":{"rendered":"<p>B\u1ea1n \u0111ang t\u00ecm ki\u1ebfm 1 chi\u1ebfc camera ngu\u1ef5 trang k\u00edn \u0111\u00e1o \u0111\u1ec3 cho \u0111\u1ed1i t\u01b0\u1ee3ng m\u00e0 m\u00ecnh mu\u1ed1n theo d\u00f5i lu\u00f4n mang theo ng\u01b0\u1eddi 24\/24 th\u00ec \u0111\u00e2y ch\u1eafc ch\u1eafn l\u00e0 s\u1ef1 l\u1ef1a ch\u1ecdn ho\u00e0n h\u1ea3o nh\u1ea5t lu\u00f4n nh\u00e9.<\/p>\n<p>&nbsp;<\/p>\n","protected":false},"featured_media":1587,"comment_status":"open","ping_status":"closed","template":"","meta":[],"product_cat":[30,55],"product_tag":[59,62,57,60,61,58],"class_list":{"0":"post-541","1":"product","2":"type-product","3":"status-publish","4":"has-post-thumbnail","6":"product_cat-thiet-bi-quay-len","7":"product_cat-thiet-bi-quay-len-online","8":"product_tag-camera-giau-kin","9":"product_tag-camera-mini","10":"product_tag-camera-nguy-trang","11":"product_tag-camera-quay-len","12":"product_tag-camera-quay-trom","13":"product_tag-camera-sieu-nho","15":"first","16":"instock","17":"sale","18":"shipping-taxable","19":"purchasable","20":"product-type-simple"},"_links":{"self":[{"href":"https:\/\/cameraquaytrom.net\/index.php?rest_route=\/wp\/v2\/product\/541"}],"collection":[{"href":"https:\/\/cameraquaytrom.net\/index.php?rest_route=\/wp\/v2\/product"}],"about":[{"href":"https:\/\/cameraquaytrom.net\/index.php?rest_route=\/wp\/v2\/types\/product"}],"replies":[{"embeddable":true,"href":"https:\/\/cameraquaytrom.net\/index.php?rest_route=%2Fwp%2Fv2%2Fcomments&post=541"}],"wp:featuredmedia":[{"embeddable":true,"href":"https:\/\/cameraquaytrom.net\/index.php?rest_route=\/wp\/v2\/media\/1587"}],"wp:attachment":[{"href":"https:\/\/cameraquaytrom.net\/index.php?rest_route=%2Fwp%2Fv2%2Fmedia&parent=541"}],"wp:term":[{"taxonomy":"product_cat","embeddable":true,"href":"https:\/\/cameraquaytrom.net\/index.php?rest_route=%2Fwp%2Fv2%2Fproduct_cat&post=541"},{"taxonomy":"product_tag","embeddable":true,"href":"https:\/\/cameraquaytrom.net\/index.php?rest_route=%2Fwp%2Fv2%2Fproduct_tag&post=541"}],"curies":[{"name":"wp","href":"https:\/\/api.w.org\/{rel}","templated":true}]}}