{"id":545,"date":"2020-03-10T04:26:04","date_gmt":"2020-03-10T04:26:04","guid":{"rendered":"http:\/\/maynghelengiare.com\/?post_type=product&#038;p=545"},"modified":"2021-07-30T08:35:19","modified_gmt":"2021-07-30T08:35:19","slug":"moc-khoa-camera-k1","status":"publish","type":"product","link":"https:\/\/cameraquaytrom.net\/?product=moc-khoa-camera-k1","title":{"rendered":"Camera Ngu\u1ef5 Trang M\u00f3c Kho\u00e1 K1"},"content":{"rendered":"<h1 style=\"text-align: center;\">Camera Ngu\u1ef5 Trang M\u00f3c Kho\u00e1 K1<\/h1>\n<p><img loading=\"lazy\" decoding=\"async\" class=\"size-medium wp-image-1636 aligncenter\" src=\"https:\/\/cameraquaytrom.net\/wp-content\/uploads\/2021\/07\/z2459219724041_b1995dac87cfc153b49dc88dfeb9902f-compressed-300x300.jpg\" alt=\"\" width=\"300\" height=\"300\" srcset=\"https:\/\/cameraquaytrom.net\/wp-content\/uploads\/2021\/07\/z2459219724041_b1995dac87cfc153b49dc88dfeb9902f-compressed-300x300.jpg 300w, https:\/\/cameraquaytrom.net\/wp-content\/uploads\/2021\/07\/z2459219724041_b1995dac87cfc153b49dc88dfeb9902f-compressed-1024x1024.jpg 1024w, https:\/\/cameraquaytrom.net\/wp-content\/uploads\/2021\/07\/z2459219724041_b1995dac87cfc153b49dc88dfeb9902f-compressed-150x150.jpg 150w, https:\/\/cameraquaytrom.net\/wp-content\/uploads\/2021\/07\/z2459219724041_b1995dac87cfc153b49dc88dfeb9902f-compressed-768x768.jpg 768w, https:\/\/cameraquaytrom.net\/wp-content\/uploads\/2021\/07\/z2459219724041_b1995dac87cfc153b49dc88dfeb9902f-compressed-1536x1536.jpg 1536w, https:\/\/cameraquaytrom.net\/wp-content\/uploads\/2021\/07\/z2459219724041_b1995dac87cfc153b49dc88dfeb9902f-compressed-2048x2048.jpg 2048w, https:\/\/cameraquaytrom.net\/wp-content\/uploads\/2021\/07\/z2459219724041_b1995dac87cfc153b49dc88dfeb9902f-compressed-600x600.jpg 600w, https:\/\/cameraquaytrom.net\/wp-content\/uploads\/2021\/07\/z2459219724041_b1995dac87cfc153b49dc88dfeb9902f-compressed-100x100.jpg 100w\" sizes=\"(max-width: 300px) 100vw, 300px\" \/><\/p>\n<p><img loading=\"lazy\" decoding=\"async\" class=\"size-medium wp-image-1635 aligncenter\" src=\"https:\/\/cameraquaytrom.net\/wp-content\/uploads\/2021\/07\/z2459219714309_32738b9e5855edef71526a07d42c0561-compressed-300x300.jpg\" alt=\"\" width=\"300\" height=\"300\" srcset=\"https:\/\/cameraquaytrom.net\/wp-content\/uploads\/2021\/07\/z2459219714309_32738b9e5855edef71526a07d42c0561-compressed-300x300.jpg 300w, https:\/\/cameraquaytrom.net\/wp-content\/uploads\/2021\/07\/z2459219714309_32738b9e5855edef71526a07d42c0561-compressed-1024x1024.jpg 1024w, https:\/\/cameraquaytrom.net\/wp-content\/uploads\/2021\/07\/z2459219714309_32738b9e5855edef71526a07d42c0561-compressed-150x150.jpg 150w, https:\/\/cameraquaytrom.net\/wp-content\/uploads\/2021\/07\/z2459219714309_32738b9e5855edef71526a07d42c0561-compressed-768x768.jpg 768w, https:\/\/cameraquaytrom.net\/wp-content\/uploads\/2021\/07\/z2459219714309_32738b9e5855edef71526a07d42c0561-compressed-1536x1536.jpg 1536w, https:\/\/cameraquaytrom.net\/wp-content\/uploads\/2021\/07\/z2459219714309_32738b9e5855edef71526a07d42c0561-compressed-2048x2048.jpg 2048w, https:\/\/cameraquaytrom.net\/wp-content\/uploads\/2021\/07\/z2459219714309_32738b9e5855edef71526a07d42c0561-compressed-600x600.jpg 600w, https:\/\/cameraquaytrom.net\/wp-content\/uploads\/2021\/07\/z2459219714309_32738b9e5855edef71526a07d42c0561-compressed-100x100.jpg 100w\" sizes=\"(max-width: 300px) 100vw, 300px\" \/><\/p>\n<p><img loading=\"lazy\" decoding=\"async\" class=\"size-medium wp-image-1638 aligncenter\" src=\"https:\/\/cameraquaytrom.net\/wp-content\/uploads\/2021\/07\/z2459219736038_f51cb50634042e04919e187914d28af2-compressed-300x300.jpg\" alt=\"\" width=\"300\" height=\"300\" srcset=\"https:\/\/cameraquaytrom.net\/wp-content\/uploads\/2021\/07\/z2459219736038_f51cb50634042e04919e187914d28af2-compressed-300x300.jpg 300w, https:\/\/cameraquaytrom.net\/wp-content\/uploads\/2021\/07\/z2459219736038_f51cb50634042e04919e187914d28af2-compressed-1024x1024.jpg 1024w, https:\/\/cameraquaytrom.net\/wp-content\/uploads\/2021\/07\/z2459219736038_f51cb50634042e04919e187914d28af2-compressed-150x150.jpg 150w, https:\/\/cameraquaytrom.net\/wp-content\/uploads\/2021\/07\/z2459219736038_f51cb50634042e04919e187914d28af2-compressed-768x768.jpg 768w, https:\/\/cameraquaytrom.net\/wp-content\/uploads\/2021\/07\/z2459219736038_f51cb50634042e04919e187914d28af2-compressed-1536x1536.jpg 1536w, https:\/\/cameraquaytrom.net\/wp-content\/uploads\/2021\/07\/z2459219736038_f51cb50634042e04919e187914d28af2-compressed-2048x2048.jpg 2048w, https:\/\/cameraquaytrom.net\/wp-content\/uploads\/2021\/07\/z2459219736038_f51cb50634042e04919e187914d28af2-compressed-600x600.jpg 600w, https:\/\/cameraquaytrom.net\/wp-content\/uploads\/2021\/07\/z2459219736038_f51cb50634042e04919e187914d28af2-compressed-100x100.jpg 100w\" sizes=\"(max-width: 300px) 100vw, 300px\" \/><\/p>\n<p>Camera ngu\u1ef5 trang m\u00f3c kho\u00e1 K1 \u0111\u01b0\u1ee3c thi\u00eat k\u1ebf gi\u1ed1ng m\u1ed9t chi\u1ebfc m\u00f3c kho\u00e1 treo \u00f4 t\u00f4, m\u1eaft cam si\u00eau nh\u1ecf k\u00e8m 2 m\u1eaft h\u1ed3ng ngo\u1ea1i \u0111en quay \u0111\u00eam si\u00eau n\u00e9t.<\/p>\n<p>B\u1ea1n \u0111ang t\u00ecm ki\u1ebfm m\u1ed9t thi\u1ebft b\u1ecb quay l\u00e9n off line th\u00ec n\u00ean tham kh\u1ea3o ngay s\u1ea3n ph\u1ea9m n\u00e0y nhe. V\u1edbi chi\u1ebfc m\u00f3c kho\u00e1 camera xu\u1ea5t ra h\u00ecnh \u1ea3nh HD 1080P v\u00e0 k\u00e8m lu\u00f4n \u00e2m thanh khi quay. B\u1ed9 nh\u1edb h\u1ed7 tr\u1ee3 th\u1ebb nh\u1edb t\u1ed1i \u0111\u00e2128G cho c\u00e1c b\u1ea1n ghi h\u00ecnh tho\u1ea3i m\u00e1i kh\u00f4ng lo \u0111\u1ea7y b\u1ed9 nh\u1edb.<\/p>\n<h2><em><span style=\"text-decoration: underline;\">Video h\u01b0\u1edbng d\u1eabn\u00a0s\u1eed d\u1ee5ng<\/span><\/em><\/h2>\n<p><iframe loading=\"lazy\" title=\"Camera Ngu\u1ef5 Trang || M\u00f3c kho\u00e1 Camera K1 FHD 1080 M\u1edbi Nh\u1ea5t 2019\" width=\"1020\" height=\"574\" src=\"https:\/\/www.youtube.com\/embed\/9-DbQVLRpWA?feature=oembed\" frameborder=\"0\" allow=\"accelerometer; autoplay; clipboard-write; encrypted-media; gyroscope; picture-in-picture\" allowfullscreen><\/iframe><\/p>\n<div class=\"\" data-block=\"true\" data-editor=\"bfjne\" data-offset-key=\"b64bq-0-0\">\n<h3 class=\"_1mf _1mj\" data-offset-key=\"b64bq-0-0\"><b>Li\u00ean h\u1ec7 mua h\u00e0ng<\/b><\/h3>\n<div data-offset-key=\"b64bq-0-0\">\n<div dir=\"auto\"><span class=\"pq6dq46d tbxw36s4 knj5qynh kvgmc6g5 ditlmg2l oygrvhab nvdbi5me sf5mxxl7 gl3lb2sf hhz5lgdu\"><img loading=\"lazy\" decoding=\"async\" src=\"https:\/\/static.xx.fbcdn.net\/images\/emoji.php\/v9\/t22\/1\/16\/260e.png\" alt=\"\u260e\ufe0f\" width=\"16\" height=\"16\" \/><\/span> A H\u1ea3i: 094.226.2345 (zalo) &#8211; T\u01b0 V\u1ea5n 24\/24<\/div>\n<div class=\"o9v6fnle cxmmr5t8 oygrvhab hcukyx3x c1et5uql ii04i59q\">\n<h3 dir=\"auto\"><span class=\"pq6dq46d tbxw36s4 knj5qynh kvgmc6g5 ditlmg2l oygrvhab nvdbi5me sf5mxxl7 gl3lb2sf hhz5lgdu\"><img loading=\"lazy\" decoding=\"async\" src=\"https:\/\/static.xx.fbcdn.net\/images\/emoji.php\/v9\/ta7\/1\/16\/1f3ea.png\" alt=\"\ud83c\udfea\" width=\"16\" height=\"16\" \/><\/span> H\u00e0 N\u1ed9i: s\u1ed1 42 Th\u1ecbnh Li\u1ec7t &#8211; Ho\u00e0ng Mai &#8211; H\u00e0 N\u1ed9i<\/h3>\n<h3 dir=\"auto\"><span class=\"pq6dq46d tbxw36s4 knj5qynh kvgmc6g5 ditlmg2l oygrvhab nvdbi5me sf5mxxl7 gl3lb2sf hhz5lgdu\"><img loading=\"lazy\" decoding=\"async\" src=\"https:\/\/static.xx.fbcdn.net\/images\/emoji.php\/v9\/ta7\/1\/16\/1f3ea.png\" alt=\"\ud83c\udfea\" width=\"16\" height=\"16\" \/><\/span> S\u00e0i G\u00f2n: 558\/66 B\u00ecnh Qu\u1edbi &#8211; Ph\u01b0\u1eddng 28 &#8211; B\u00ecnh Th\u1ea1nh<\/h3>\n<\/div>\n<\/div>\n<\/div>\n","protected":false},"excerpt":{"rendered":"<p>Camera ngu\u1ef5 trang m\u00f3c kho\u00e1 K1 \u0111\u01b0\u1ee3c thi\u00eat k\u1ebf gi\u1ed1ng m\u1ed9t chi\u1ebfc m\u00f3c kho\u00e1 treo \u00f4 t\u00f4, m\u1eaft cam si\u00eau nh\u1ecf k\u00e8m 2 m\u1eaft h\u1ed3ng ngo\u1ea1i \u0111en quay \u0111\u00eam si\u00eau n\u00e9t.<\/p>\n<p>&nbsp;<\/p>\n","protected":false},"featured_media":1636,"comment_status":"open","ping_status":"closed","template":"","meta":[],"product_cat":[30,56],"product_tag":[59,62,57,60,61,58],"class_list":{"0":"post-545","1":"product","2":"type-product","3":"status-publish","4":"has-post-thumbnail","6":"product_cat-thiet-bi-quay-len","7":"product_cat-thiet-bi-quay-len-offline","8":"product_tag-camera-giau-kin","9":"product_tag-camera-mini","10":"product_tag-camera-nguy-trang","11":"product_tag-camera-quay-len","12":"product_tag-camera-quay-trom","13":"product_tag-camera-sieu-nho","15":"first","16":"instock","17":"sale","18":"shipping-taxable","19":"purchasable","20":"product-type-simple"},"_links":{"self":[{"href":"https:\/\/cameraquaytrom.net\/index.php?rest_route=\/wp\/v2\/product\/545"}],"collection":[{"href":"https:\/\/cameraquaytrom.net\/index.php?rest_route=\/wp\/v2\/product"}],"about":[{"href":"https:\/\/cameraquaytrom.net\/index.php?rest_route=\/wp\/v2\/types\/product"}],"replies":[{"embeddable":true,"href":"https:\/\/cameraquaytrom.net\/index.php?rest_route=%2Fwp%2Fv2%2Fcomments&post=545"}],"wp:featuredmedia":[{"embeddable":true,"href":"https:\/\/cameraquaytrom.net\/index.php?rest_route=\/wp\/v2\/media\/1636"}],"wp:attachment":[{"href":"https:\/\/cameraquaytrom.net\/index.php?rest_route=%2Fwp%2Fv2%2Fmedia&parent=545"}],"wp:term":[{"taxonomy":"product_cat","embeddable":true,"href":"https:\/\/cameraquaytrom.net\/index.php?rest_route=%2Fwp%2Fv2%2Fproduct_cat&post=545"},{"taxonomy":"product_tag","embeddable":true,"href":"https:\/\/cameraquaytrom.net\/index.php?rest_route=%2Fwp%2Fv2%2Fproduct_tag&post=545"}],"curies":[{"name":"wp","href":"https:\/\/api.w.org\/{rel}","templated":true}]}}